{"id":8388,"date":"2016-08-15T04:26:13","date_gmt":"2016-08-15T04:26:13","guid":{"rendered":"https:\/\/www.enaikoon.com\/fr\/?page_id=8388"},"modified":"2019-07-30T15:26:40","modified_gmt":"2019-07-30T15:26:40","slug":"application-mobile-pour-le-suivi-ditineraires","status":"publish","type":"page","link":"https:\/\/www.enaikoon.com\/fr\/solution\/industries\/application-mobile-pour-le-suivi-ditineraires\/","title":{"rendered":"application mobile pour le suivi d&rsquo;itin\u00e9raires"},"content":{"rendered":"<div class=\"row row-slider\">\n\t\t\t<!-- START fieldserviceapp_fr REVOLUTION SLIDER 6.6.16 --><p class=\"rs-p-wp-fix\"><\/p>\n\t\t\t<rs-module-wrap id=\"rev_slider_77_1_wrapper\" data-source=\"gallery\" style=\"visibility:hidden;background:transparent;padding:0;margin:0px auto;margin-top:0;margin-bottom:0;\">\n\t\t\t\t<rs-module id=\"rev_slider_77_1\" style=\"\" data-version=\"6.6.16\">\n\t\t\t\t\t<rs-slides style=\"overflow: hidden; position: absolute;\">\n\t\t\t\t\t\t<rs-slide style=\"position: absolute;\" data-key=\"rs-109\" data-title=\"banner\" data-anim=\"adpr:false;\">\n\t\t\t\t\t\t\t<img src=\"\/\/www.enaikoon.com\/wp-content\/plugins\/revslider\/public\/assets\/assets\/dummy.png\" alt=\"\" title=\"application mobile pour le suivi d&rsquo;itin\u00e9raires\" class=\"rev-slidebg tp-rs-img rs-lazyload\" data-lazyload=\"\/\/www.enaikoon.com\/wp-content\/uploads\/2016\/08\/Banner_inViu_routes_01.png\" data-no-retina>\n<!--\n\t\t\t\t\t\t\t--><rs-layer\n\t\t\t\t\t\t\t\tid=\"slider-77-slide-109-layer-1\" \n\t\t\t\t\t\t\t\tdata-type=\"image\"\n\t\t\t\t\t\t\t\tdata-rsp_ch=\"on\"\n\t\t\t\t\t\t\t\ttitle=\"Les solutions d'ENAiKOON pour le suivi et la t\u00e9l\u00e9surveillance des itin\u00e9raires\"\n\t\t\t\t\t\t\t\tdata-text=\"l:22;\"\n\t\t\t\t\t\t\t\tdata-dim=\"w:998px;h:300px;\"\n\t\t\t\t\t\t\t\tdata-frame_0=\"tp:600;\"\n\t\t\t\t\t\t\t\tdata-frame_1=\"tp:600;e:power2.inOut;st:500;\"\n\t\t\t\t\t\t\t\tdata-frame_999=\"o:0;tp:600;e:nothing;st:w;\"\n\t\t\t\t\t\t\t\tstyle=\"z-index:5;\"\n\t\t\t\t\t\t\t><img src=\"\/\/www.enaikoon.com\/wp-content\/plugins\/revslider\/public\/assets\/assets\/dummy.png\" alt=\"Suivre et t\u00e9l\u00e9surveiller des itin\u00e9raires en toute simplicit\u00e9\" class=\"tp-rs-img rs-lazyload\" data-lazyload=\"\/wp-content\/uploads\/2016\/07\/Banner_inViu_routes_01.png\" data-no-retina> \n\t\t\t\t\t\t\t<\/rs-layer><!--\n\n\t\t\t\t\t\t\t--><rs-layer\n\t\t\t\t\t\t\t\tid=\"slider-77-slide-109-layer-2\" \n\t\t\t\t\t\t\t\tclass=\"medium-blue-text\"\n\t\t\t\t\t\t\t\tdata-type=\"text\"\n\t\t\t\t\t\t\t\tdata-color=\"rgba(70,180,231,1)\"\n\t\t\t\t\t\t\t\tdata-rsp_ch=\"on\"\n\t\t\t\t\t\t\t\tdata-xy=\"x:528px;y:62px;\"\n\t\t\t\t\t\t\t\tdata-text=\"s:32;l:34;fw:700;\"\n\t\t\t\t\t\t\t\tdata-frame_0=\"y:50px;tp:600;\"\n\t\t\t\t\t\t\t\tdata-frame_1=\"tp:600;e:power2.inOut;st:800;sp:500;\"\n\t\t\t\t\t\t\t\tdata-frame_999=\"o:1;tp:600;e:nothing;st:w;\"\n\t\t\t\t\t\t\t\tstyle=\"z-index:6;font-family:'Myriad Pro';color:#12B9FF !important;letter-spacing:0px !important;\"\n\t\t\t\t\t\t\t>inViu routes : une simple <br\/>application \u00e0 installer pour<br\/> g\u00e9olocaliser ses trackables\n\n\n \n\t\t\t\t\t\t\t<\/rs-layer><!--\n\n\t\t\t\t\t\t\t--><rs-layer\n\t\t\t\t\t\t\t\tid=\"slider-77-slide-109-layer-3\" \n\t\t\t\t\t\t\t\tclass=\"small-brown-text\"\n\t\t\t\t\t\t\t\tdata-type=\"text\"\n\t\t\t\t\t\t\t\tdata-color=\"rgba(143,143,143,1)\"\n\t\t\t\t\t\t\t\tdata-rsp_ch=\"on\"\n\t\t\t\t\t\t\t\tdata-xy=\"x:528px;y:180px;\"\n\t\t\t\t\t\t\t\tdata-text=\"s:16;l:18;\"\n\t\t\t\t\t\t\t\tdata-frame_0=\"y:50px;tp:600;\"\n\t\t\t\t\t\t\t\tdata-frame_1=\"tp:600;e:power2.inOut;st:800;sp:500;\"\n\t\t\t\t\t\t\t\tdata-frame_999=\"o:1;tp:600;e:nothing;st:w;\"\n\t\t\t\t\t\t\t\tstyle=\"z-index:7;font-family:'Myriad Pro';letter-spacing:1 !important;font-size:14.4px;line-height:17px;\"\n\t\t\t\t\t\t\t>une application mobile pour suivre le personnel mobile et les <br\/>v\u00e9hicules de l'entreprise \n\t\t\t\t\t\t\t<\/rs-layer><!--\n\n\t\t\t\t\t\t\t--><rs-layer\n\t\t\t\t\t\t\t\tid=\"slider-77-slide-109-layer-4\" \n\t\t\t\t\t\t\t\tdata-type=\"text\"\n\t\t\t\t\t\t\t\tdata-color=\"rgba(255,255,255,1)\"\n\t\t\t\t\t\t\t\tdata-rsp_ch=\"on\"\n\t\t\t\t\t\t\t\tdata-xy=\"x:528px;y:222px;\"\n\t\t\t\t\t\t\t\tdata-text=\"l:22;\"\n\t\t\t\t\t\t\t\tdata-frame_0=\"y:50px;tp:600;\"\n\t\t\t\t\t\t\t\tdata-frame_1=\"tp:600;e:power2.inOut;st:800;sp:500;\"\n\t\t\t\t\t\t\t\tdata-frame_999=\"o:1;tp:600;e:nothing;st:w;\"\n\t\t\t\t\t\t\t\tstyle=\"z-index:8;font-family:'';\"\n\t\t\t\t\t\t\t><a class=\"gl_button_blue\" href=\"\/fr\/mobile\/plugins\/routes\/\">inViu routes<\/a> \n\t\t\t\t\t\t\t<\/rs-layer><!--\n-->\t\t\t\t\t\t<\/rs-slide>\n\t\t\t\t\t<\/rs-slides>\n\t\t\t\t<\/rs-module>\n\t\t\t\t<script>\n\t\t\t\t\tsetREVStartSize({c: 'rev_slider_77_1',rl:[1240,1024,778,480],el:[],gw:[998],gh:[300],type:'standard',justify:'',layout:'fullwidth',mh:\"0\"});if (window.RS_MODULES!==undefined && window.RS_MODULES.modules!==undefined && window.RS_MODULES.modules[\"revslider771\"]!==undefined) {window.RS_MODULES.modules[\"revslider771\"].once = false;window.revapi77 = undefined;if (window.RS_MODULES.checkMinimal!==undefined) window.RS_MODULES.checkMinimal()}\n\t\t\t\t<\/script>\n\t\t\t<\/rs-module-wrap>\n\t\t\t<!-- END REVOLUTION SLIDER -->\n<\/div>\n<div style=\"height: 45px;\"><\/div>\n<div class=\"row\">\n<div class=\"col-md-4\">\n<div class=\"gl_h2big\">Nos solutions permettent de<\/div>\n<div class=\"gl_h4big\">t\u00e9l\u00e9g\u00e9rer sa flotte et son personnel mobile<\/div>\n<div class=\"gl_ul_style2\">\n<ul>\n \t<li style=\"list-style-type: none\">\n<ul>\n \t<li>g\u00e9olocalisation en temps r\u00e9el<\/li>\n \t<li>justificatifs attestant de l&rsquo;ach\u00e8vement des missions<\/li>\n \t<li>suivi de la direction et de l&rsquo;altitude du trackable et position GPS exacte<\/li>\n \t<li>d\u00e9finir un nombre illimit\u00e9 de zones de gardiennage virtuel (G\u00e9ofence)<\/li>\n \t<li>recevoir une alerte si un v\u00e9hicule ou un membre du personnel quitte ou entre dans une zone de gardiennage virtuel (G\u00e9ofence)<\/li>\n \t<li>rapports d&rsquo;activit\u00e9 complets<\/li>\n<\/ul>\n<\/li>\n<\/ul>\n<\/div>\n<div class=\"gl_space_top15\"><\/div>\n<div class=\"gl_h4big\">t\u00e9l\u00e9g\u00e9rer en toute simplicit\u00e9<\/div>\n<div class=\"gl_ul_style2\">\n<ul>\n \t<li style=\"list-style-type: none\">\n<ul>\n \t<li>une interface utilisateur simple et attrayante<\/li>\n \t<li>communiquer en toute simplicit\u00e9 avec son personnel et ses chauffeurs<\/li>\n \t<li>aucun mat\u00e9riel \u00e0 installer<\/li>\n \t<li>prendre des photos, d\u00e9finir des g\u00e9o-notes et des points d&rsquo;int\u00e9r\u00eat<\/li>\n \t<li>nombre illimit\u00e9 de G\u00e9ofence ou de trackables<\/li>\n \t<li>g\u00e9olocalisation via l&rsquo;application mobile ou n&rsquo;importe quel navigateur Internet<\/li>\n<\/ul>\n<\/li>\n<\/ul>\n<\/div>\n<div class=\"gl_space_top15\"><\/div>\n<div class=\"gl_h4big\">suivre des itin\u00e9raires et t\u00e9l\u00e9g\u00e9rer le dispatching<\/div>\n<div class=\"gl_ul_style2\">\n<ul>\n \t<li style=\"list-style-type: none\">\n<ul>\n \t<li>assigner des adresses de destinations aux chauffeurs<\/li>\n \t<li>communiquer avec les chauffeurs et leur donner des instructions en temps r\u00e9el<\/li>\n \t<li>d\u00e9finir un nombre illimit\u00e9 de zones de gardiennage virtuel (G\u00e9ofence)<\/li>\n \t<li>un syst\u00e8me qui utilise OpenStreetMap<\/li>\n<\/ul>\n<\/li>\n<\/ul>\n<\/div>\n<\/div>\n\n<div class=\"col-md-4\">\n<div class=\"gl_h2big\">Sur le terrain<\/div>\n<div class=\"gl_h4big\">Secteurs<\/div>\n<div class=\"gl_ul_style2\">\n<ul>\n \t<li style=\"list-style-type: none\">\n<ul>\n \t<li>flottes de commerciaux<\/li>\n \t<li>traiteurs<\/li>\n \t<li>compagnies de taxi et limousine<\/li>\n \t<li>techniciens d&rsquo;entretien<\/li>\n \t<li>aides-soignantes \u00e0 domicile<\/li>\n \t<li>clients myst\u00e8res et rack jobbers<\/li>\n \t<li>soci\u00e9t\u00e9s de d\u00e9pannage<\/li>\n<\/ul>\n<\/li>\n<\/ul>\n<\/div>\n<div class=\"gl_space_top30\"><\/div>\n<div class=\"gl_h2big\">Ce que pensent nos utilisateurs&#8230;<\/div>\n<div class=\"gl_space_top15\"><\/div>\n<div class=\"gl_industry\">\n<div class=\"gl_industry_image\"><a title=\"GPS tracking app\" href=\"https:\/\/www.enaikoon.com\/fr\/solution\/etudes-de-cas\/la-geolocalisation-gps-sur-mobile\/\"><img decoding=\"async\" src=\"https:\/\/www.enaikoon.com\/wp-content\/uploads\/2016\/07\/industry9.png\" alt=\"GPS tracking app icon\"><\/a><\/div>\n<div class=\"gl_industry_text\">\n<p class=\"gl_h4big\"><a href=\"https:\/\/www.enaikoon.com\/fr\/solution\/etudes-de-cas\/la-geolocalisation-gps-sur-mobile\/\">La g\u00e9olocalisation GPS sur mobile<\/a><\/p>\n\u00ab Tout a fonctionn\u00e9 imm\u00e9diatement avec ENAiKOON : l&rsquo;application Android fournit toutes les fonctions et les options de s\u00e9curit\u00e9 importantes et elle se combine parfaitement au portail en ligne [inViu pro], qui se r\u00e9v\u00e8le tr\u00e8s utile et polyvalent. \u00bb\n\n<\/div>\n<\/div>\n<div class=\"gl_h2big\">inViu routes en action<\/div>\n<div class=\"gl_space_top10\"><\/div>\n<iframe loading=\"lazy\" src=\"https:\/\/www.youtube.com\/embed\/EupX-gtRDsc\" allowfullscreen=\"allowfullscreen\" width=\"290\" height=\"163\" frameborder=\"0\"><\/iframe>\n\n<\/div>\n\n<div class=\"col-md-4\">\n<div class=\"gl_enaikoon_logo\"><img decoding=\"async\" title=\"ENAiKOON logo\" src=\"https:\/\/www.enaikoon.com\/wp-content\/uploads\/2016\/07\/ENAiKOON-frosted-logo.png\" alt=\"ENAiKOON logo\"><\/div>\n<div><a class=\"gl_button_blue\" href=\"https:\/\/www.enaikoon.com\/fr\/contact\/contact\/\">Nous contacter<\/a><\/div>\n<div class=\"gl_introduction_contact\">\n\t<img decoding=\"async\" src=\"https:\/\/www.enaikoon.com\/wp-content\/uploads\/2016\/07\/icon_email.png\" alt=\"\">\n<p class=\"gl_text_space\">\n\t\t<a rel=\"nofollow\" href=\"mailto:sales@enaikoon.com\">sales@enaikoon.com<\/a>\n\n<\/div>\n<div class=\"gl_introduction_contact\">\n\t<img decoding=\"async\" src=\"https:\/\/www.enaikoon.com\/wp-content\/uploads\/2016\/07\/icon_phone1.png\" alt=\"\">\n<p class=\"gl_text_space\">\n\t\t+49 30 397475-30\n\n<\/div>\n<div class=\"gl_introduction_contact\">\n\t<img decoding=\"async\" src=\"https:\/\/www.enaikoon.com\/wp-content\/uploads\/2016\/07\/icon_phone2.png\" alt=\"\">\n<p class=\"gl_text_space\">\n\t\t+49 30 397475-40\n\n<\/div>\n<div class=\"gl_space_top20\"><\/div>\n<div class=\"gl_space_top20\"><\/div>\n<div><a class=\"gl_button_blue\" href=\"https:\/\/www.enaikoon.com\/fr\/solution\/industries\/\">retourner au menu<\/a><\/div>\n<div class=\"gl_space_top20\">Pour essayer notre portail en ligne inViu pro, veuillez cliquer sur le lien ci-dessous, puis cliquer sur \u00ab d\u00e9mo \u00bb, au-dessus des champs de connexion<\/div>\n<div><a class=\"gl_button_yellow\" rel=\"nofollow\" href=\"https:\/\/sso.enaikoon.de\/SSOServer\/?locale=fr&amp;demo=1\">d\u00e9mo d&rsquo;inViu pro<\/a><\/div>\n<div class=\"gl_space_top60\"><a title=\"Try out the app for free!\" href=\"https:\/\/www.enaikoon.com\/fr\/contact\/votre-kit-gratuit\/\"><img decoding=\"async\" class=\"gl_space_left30\" src=\"https:\/\/www.enaikoon.com\/wp-content\/uploads\/2016\/07\/Try-n-Buy-icon_11.png\" alt=\"free trial for field service app\" border=\"0\"><\/a><\/div>\n<div class=\"gl_space_top15\"><\/div>\n<div class=\"gl_h4big\"><a href=\"https:\/\/www.enaikoon.com\/fr\/contact\/votre-kit-gratuit\/\">Votre kit d&rsquo;\u00e9valuation gratuit<\/a><\/div>\nD\u00e9couvrez comment les solutions t\u00e9l\u00e9matiques d&rsquo;ENAiKOON peuvent vous aider. <a href=\"https:\/\/www.enaikoon.com\/fr\/contact\/votre-kit-gratuit\/\">Demandez un essai gratuit !<\/a>\n\n<\/div>\n<div class=\"gl_row_space\"><\/div>\n<div class=\"gl_line\"><\/div>\n<\/div>\n<div class=\"gl_h2big\">Comment \u00e7a marche<\/div>\n<div class=\"row\">\n\n<div class=\"col-md-4\">\n<div class=\"gl_space_top10\"><\/div>\n<div class=\"gl_h4_fix\"><a href=\"https:\/\/www.enaikoon.com\/fr\/modules-gps\/gamme-locate\/locate-04\/\">installer inViu routes sur un mobile Android<\/a><\/div>\n<div class=\"gl_space_top15\"><\/div>\n<a title=\"inViu routes : g\u00e9olocaliser n'importe quel type de trackable et analyser les donn\u00e9es recueillies\" href=\"https:\/\/www.enaikoon.com\/fr\/modules-gps\/gamme-locate\/locate-04\/\"><img decoding=\"async\" loading=\"lazy\" src=\"https:\/\/www.enaikoon.com\/wp-content\/uploads\/2016\/07\/branch4.png\" alt=\"suivre d\u00e8s maintenant ses trackables avec inViu routes\" width=\"310\" height=\"310\" border=\"0\"><\/a>\n<\/div>\n<div class=\"col-md-4\">\n<div class=\"gl_space_top10\"><\/div>\n<div class=\"gl_h4_fix\"><a href=\"https:\/\/www.enaikoon.com\/fr\/logiciel\/inviu-pro\/\">associer des trackables \u00e0 son compte inViu routes<\/a><\/div>\n<div class=\"gl_space_top15\"><\/div>\n<a title=\"ENAiKOON inViu : un logiciel en ligne pour t\u00e9l\u00e9surveiller et t\u00e9l\u00e9g\u00e9rer une flotte\" href=\"https:\/\/www.enaikoon.com\/fr\/logiciel\/inviu-pro\/\">\n<img decoding=\"async\" loading=\"lazy\" src=\"https:\/\/www.enaikoon.com\/wp-content\/uploads\/2016\/07\/branch5.png\" alt=\"inViu est le portail en ligne d'ENAiKOON permettant de suivre et g\u00e9rer une flotte\" width=\"310\" height=\"310\" border=\"0\"><\/a>\n<\/div>\n<div class=\"col-md-4\">\n<div class=\"gl_space_top10\"><\/div>\n<div class=\"gl_h4_fix\"><a href=\"https:\/\/www.enaikoon.com\/fr\/mobile\/\">d\u00e9marrer le suivi et utiliser les options propos\u00e9es<\/a><\/div>\n<div class=\"gl_space_top15\"><\/div>\n<a title=\"ENAiKOON mobile : prot\u00e9ger son entreprise en tout simplicit\u00e9 en gardant un \u0153il sur son \u00e9quipe et ses biens gr\u00e2ce aux applications mobiles pour les professionnels\" href=\"https:\/\/www.enaikoon.com\/fr\/mobile\/\">\n<img decoding=\"async\" loading=\"lazy\" src=\"https:\/\/www.enaikoon.com\/wp-content\/uploads\/2016\/07\/branch6.png\" alt=\"ENAiKOON mobile : prot\u00e9ger son entreprise en tout simplicit\u00e9 en gardant un \u0153il sur son \u00e9quipe et ses biens gr\u00e2ce aux application mobile pour les professionnels\" width=\"310\" height=\"310\" border=\"0\"><\/a>\n<\/div>\n<div class=\"col-md-4\">\n<div class=\"gl_space_top15\">Il suffit de t\u00e9l\u00e9charger l&rsquo;application inViu routes sur les mobiles Android \u00e0 g\u00e9olocaliser.<\/div>\n<\/div>\n<div class=\"col-md-4\">\n<div class=\"gl_space_top15\">Associer des mobiles \u00e0 son compte pour suivre en temps r\u00e9el les d\u00e9placements de ses employ\u00e9s.<\/div>\n<\/div>\n<div class=\"col-md-4\">\n<div class=\"gl_space_top15\">Utiliser l&rsquo;ensemble des fonctions propos\u00e9es par inViu routes ; attribuer des zones de gardiennage virtuel (ou g\u00e9ofence), calculer des itin\u00e9raires et d\u00e9finir des destinations, contacter ses employ\u00e9s et obtenir un aper\u00e7u complet des op\u00e9rations de l&rsquo;entreprise.<\/div>\n<\/div>\n\n<\/div>\n<div class=\"gl_space_pagebot\"><\/div>","protected":false},"excerpt":{"rendered":"<p> [&hellip;]<\/p>\n","protected":false},"author":7,"featured_media":0,"parent":8384,"menu_order":0,"comment_status":"closed","ping_status":"closed","template":"","meta":{"footnotes":""},"acf":[],"_links":{"self":[{"href":"https:\/\/www.enaikoon.com\/fr\/wp-json\/wp\/v2\/pages\/8388"}],"collection":[{"href":"https:\/\/www.enaikoon.com\/fr\/wp-json\/wp\/v2\/pages"}],"about":[{"href":"https:\/\/www.enaikoon.com\/fr\/wp-json\/wp\/v2\/types\/page"}],"author":[{"embeddable":true,"href":"https:\/\/www.enaikoon.com\/fr\/wp-json\/wp\/v2\/users\/7"}],"replies":[{"embeddable":true,"href":"https:\/\/www.enaikoon.com\/fr\/wp-json\/wp\/v2\/comments?post=8388"}],"version-history":[{"count":11,"href":"https:\/\/www.enaikoon.com\/fr\/wp-json\/wp\/v2\/pages\/8388\/revisions"}],"predecessor-version":[{"id":17037,"href":"https:\/\/www.enaikoon.com\/fr\/wp-json\/wp\/v2\/pages\/8388\/revisions\/17037"}],"up":[{"embeddable":true,"href":"https:\/\/www.enaikoon.com\/fr\/wp-json\/wp\/v2\/pages\/8384"}],"wp:attachment":[{"href":"https:\/\/www.enaikoon.com\/fr\/wp-json\/wp\/v2\/media?parent=8388"}],"curies":[{"name":"wp","href":"https:\/\/api.w.org\/{rel}","templated":true}]}}