{"id":8386,"date":"2016-08-15T04:23:26","date_gmt":"2016-08-15T04:23:26","guid":{"rendered":"https:\/\/www.enaikoon.com\/fr\/?page_id=8386"},"modified":"2019-07-30T14:55:22","modified_gmt":"2019-07-30T14:55:22","slug":"construction","status":"publish","type":"page","link":"https:\/\/www.enaikoon.com\/fr\/solution\/industries\/construction\/","title":{"rendered":"construction"},"content":{"rendered":"<div class=\"row row-slider\">\n\t\t\t<!-- START Construction_fr REVOLUTION SLIDER 6.6.16 --><p class=\"rs-p-wp-fix\"><\/p>\n\t\t\t<rs-module-wrap id=\"rev_slider_76_1_wrapper\" data-source=\"gallery\" style=\"visibility:hidden;background:transparent;padding:0;margin:0px auto;margin-top:0;margin-bottom:0;\">\n\t\t\t\t<rs-module id=\"rev_slider_76_1\" style=\"\" data-version=\"6.6.16\">\n\t\t\t\t\t<rs-slides style=\"overflow: hidden; position: absolute;\">\n\t\t\t\t\t\t<rs-slide style=\"position: absolute;\" data-key=\"rs-108\" data-title=\"banner\" data-anim=\"adpr:false;\">\n\t\t\t\t\t\t\t<img src=\"\/\/www.enaikoon.com\/wp-content\/plugins\/revslider\/public\/assets\/assets\/dummy.png\" alt=\"\" title=\"construction\" class=\"rev-slidebg tp-rs-img rs-lazyload\" data-lazyload=\"\/\/www.enaikoon.com\/wp-content\/uploads\/2016\/08\/Banner_ConstructionMnger_07.png\" data-no-retina>\n<!--\n\t\t\t\t\t\t\t--><rs-layer\n\t\t\t\t\t\t\t\tid=\"slider-76-slide-108-layer-1\" \n\t\t\t\t\t\t\t\tdata-type=\"image\"\n\t\t\t\t\t\t\t\tdata-rsp_ch=\"on\"\n\t\t\t\t\t\t\t\ttitle=\"La surveillance des sites de construction simplifi\u00e9e avec les solutions d'ENAiKOON\"\n\t\t\t\t\t\t\t\tdata-text=\"l:22;\"\n\t\t\t\t\t\t\t\tdata-dim=\"w:998px;h:300px;\"\n\t\t\t\t\t\t\t\tdata-frame_0=\"tp:600;\"\n\t\t\t\t\t\t\t\tdata-frame_1=\"tp:600;e:power2.inOut;st:500;\"\n\t\t\t\t\t\t\t\tdata-frame_999=\"o:0;tp:600;e:nothing;st:w;\"\n\t\t\t\t\t\t\t\tstyle=\"z-index:5;\"\n\t\t\t\t\t\t\t><img src=\"\/\/www.enaikoon.com\/wp-content\/plugins\/revslider\/public\/assets\/assets\/dummy.png\" alt=\"Surveillance de site de construction simplifi\u00e9e\" class=\"tp-rs-img rs-lazyload\" data-lazyload=\"\/wp-content\/uploads\/2016\/07\/Banner_ConstructionMnger_01.png\" data-no-retina> \n\t\t\t\t\t\t\t<\/rs-layer><!--\n\n\t\t\t\t\t\t\t--><rs-layer\n\t\t\t\t\t\t\t\tid=\"slider-76-slide-108-layer-2\" \n\t\t\t\t\t\t\t\tclass=\"medium-blue-text\"\n\t\t\t\t\t\t\t\tdata-type=\"text\"\n\t\t\t\t\t\t\t\tdata-color=\"rgba(70,180,231,1)\"\n\t\t\t\t\t\t\t\tdata-rsp_ch=\"on\"\n\t\t\t\t\t\t\t\tdata-xy=\"x:528px;y:52px;\"\n\t\t\t\t\t\t\t\tdata-text=\"s:32;l:34;fw:700;\"\n\t\t\t\t\t\t\t\tdata-frame_0=\"y:50px;tp:600;\"\n\t\t\t\t\t\t\t\tdata-frame_1=\"tp:600;e:power2.inOut;st:800;sp:500;\"\n\t\t\t\t\t\t\t\tdata-frame_999=\"o:1;tp:600;e:nothing;st:w;\"\n\t\t\t\t\t\t\t\tstyle=\"z-index:6;font-family:'Myriad Pro';color:#12B9FF !important;letter-spacing:0px !important;\"\n\t\t\t\t\t\t\t>G\u00e9olocaliser et t\u00e9l\u00e9g\u00e9rer son <br\/>mat\u00e9riel, ses v\u00e9hicules et son <br\/>personnel mobile \n\t\t\t\t\t\t\t<\/rs-layer><!--\n\n\t\t\t\t\t\t\t--><rs-layer\n\t\t\t\t\t\t\t\tid=\"slider-76-slide-108-layer-3\" \n\t\t\t\t\t\t\t\tclass=\"small-brown-text\"\n\t\t\t\t\t\t\t\tdata-type=\"text\"\n\t\t\t\t\t\t\t\tdata-color=\"rgba(143,143,143,1)\"\n\t\t\t\t\t\t\t\tdata-rsp_ch=\"on\"\n\t\t\t\t\t\t\t\tdata-xy=\"x:528px;y:168px;\"\n\t\t\t\t\t\t\t\tdata-text=\"s:16;l:18;\"\n\t\t\t\t\t\t\t\tdata-frame_0=\"y:50px;tp:600;\"\n\t\t\t\t\t\t\t\tdata-frame_1=\"tp:600;e:power2.inOut;st:800;sp:500;\"\n\t\t\t\t\t\t\t\tdata-frame_999=\"o:1;tp:600;e:nothing;st:w;\"\n\t\t\t\t\t\t\t\tstyle=\"z-index:7;font-family:'Myriad Pro';letter-spacing:1 !important;font-size:14.4px;line-height:17px;\"\n\t\t\t\t\t\t\t>La t\u00e9l\u00e9matique peut vous faire gagner du temps et faire <br\/>\u00e9conomiser de l'argent \u00e0 votre entreprise. Venez d\u00e9couvrir <br\/>cette nouvelle technologie ! \n\t\t\t\t\t\t\t<\/rs-layer><!--\n\n\t\t\t\t\t\t\t--><rs-layer\n\t\t\t\t\t\t\t\tid=\"slider-76-slide-108-layer-4\" \n\t\t\t\t\t\t\t\tdata-type=\"text\"\n\t\t\t\t\t\t\t\tdata-color=\"rgba(255,255,255,1)\"\n\t\t\t\t\t\t\t\tdata-rsp_ch=\"on\"\n\t\t\t\t\t\t\t\tdata-xy=\"x:528px;y:230px;\"\n\t\t\t\t\t\t\t\tdata-text=\"l:22;\"\n\t\t\t\t\t\t\t\tdata-frame_0=\"y:50px;tp:600;\"\n\t\t\t\t\t\t\t\tdata-frame_1=\"tp:600;e:power2.inOut;st:800;sp:500;\"\n\t\t\t\t\t\t\t\tdata-frame_999=\"o:1;tp:600;e:nothing;st:w;\"\n\t\t\t\t\t\t\t\tstyle=\"z-index:8;font-family:'';\"\n\t\t\t\t\t\t\t><a class=\"gl_button_blue\" href=\"\/fr\/solution\/nos-services\/\">Nos services<\/a> \n\t\t\t\t\t\t\t<\/rs-layer><!--\n-->\t\t\t\t\t\t<\/rs-slide>\n\t\t\t\t\t<\/rs-slides>\n\t\t\t\t<\/rs-module>\n\t\t\t\t<script>\n\t\t\t\t\tsetREVStartSize({c: 'rev_slider_76_1',rl:[1240,1024,778,480],el:[],gw:[998],gh:[300],type:'standard',justify:'',layout:'fullwidth',mh:\"0\"});if (window.RS_MODULES!==undefined && window.RS_MODULES.modules!==undefined && window.RS_MODULES.modules[\"revslider761\"]!==undefined) {window.RS_MODULES.modules[\"revslider761\"].once = false;window.revapi76 = undefined;if (window.RS_MODULES.checkMinimal!==undefined) window.RS_MODULES.checkMinimal()}\n\t\t\t\t<\/script>\n\t\t\t<\/rs-module-wrap>\n\t\t\t<!-- END REVOLUTION SLIDER -->\n<\/div>\n<div style=\"height:45px;\">&nbsp;<\/div>\n<div class=\"row\">\n\n<div class=\"col-md-4\">\n<div class=\"gl_h2big\">Nos solutions permettent de<\/div>\n<div class=\"gl_h4big gl_space_top10\">t\u00e9l\u00e9g\u00e9rer son personnel<\/div>\n<div class=\"gl_ul_style2\">\n<ul>\n \t<li>savoir pr\u00e9cis\u00e9ment quel v\u00e9hicule a \u00e9t\u00e9 utilis\u00e9, par qui, pendant combien de temps<\/li>\n \t<li>analyser le type de conduite et le comportement du personnel<\/li>\n \t<li>limiter les acc\u00e8s : seuls les chauffeurs autoris\u00e9s et approuv\u00e9s peuvent utiliser les machines ou le mat\u00e9riel de chantier d\u00e9sign\u00e9<\/li>\n \t<li>\u00e9tablir les feuilles de pr\u00e9sence du personnel<\/li>\n<\/ul>\n<\/div>\n<div class=\"gl_space_top15\"><\/div>\n<div class=\"gl_h4big\">t\u00e9l\u00e9g\u00e9rer sa flotte de v\u00e9hicules de chantier<\/div>\n<div class=\"gl_ul_style2\">\n<ul>\n \t<li>\u00e9liminer les utilisations superflues<\/li>\n \t<li>faire des \u00e9conomies sur les frais d&rsquo;entretien<\/li>\n \t<li>obtenir des comptes-rendus complets<\/li>\n<\/ul>\n<\/div>\n<div class=\"gl_space_top15\"><\/div>\n<div class=\"gl_h4big\">t\u00e9l\u00e9surveiller son mat\u00e9riel<\/div>\n<div class=\"gl_ul_style2\">\n<ul>\n \t<li>identifier le chantier o\u00f9 se situe le mat\u00e9riel<\/li>\n \t<li>g\u00e9olocaliser le mat\u00e9riel avec pr\u00e9cision<\/li>\n \t<li>conna\u00eetre la fr\u00e9quence d&rsquo;utilisation du mat\u00e9riel<\/li>\n \t<li>r\u00e9partir les frais par centres de co\u00fbt<\/li>\n<\/ul>\n<\/div>\n<div class=\"gl_space_top15\"><\/div>\n<div class=\"gl_h4big\">s\u00e9curiser ses chantiers<\/div>\n<div class=\"gl_ul_style2\">\n<ul>\n \t<li>d\u00e9tecter le vol et les utilisations abusives<\/li>\n \t<li>retrouver le mat\u00e9riel et les v\u00e9hicules vol\u00e9s<\/li>\n \t<li>mettre un terme au vol de carburant ou \u00e0 son utilisation abusive<\/li>\n \t<li>d\u00e9tecter les utilisations non autoris\u00e9es<\/li>\n<\/ul>\n<\/div>\n<div class=\"gl_space_top15\"><\/div>\n<div class=\"gl_h4big\">t\u00e9l\u00e9g\u00e9rer ses chantiers<\/div>\n<div class=\"gl_ul_style2\">\n<ul>\n \t<li>s&rsquo;assurer de la transparence du travail des employ\u00e9s<\/li>\n \t<li>assigner des v\u00e9hicules, des machines et des missions<\/li>\n \t<li>augmenter la performance de l&rsquo;entreprise<\/li>\n \t<li>num\u00e9riser sa comptabilit\u00e9<\/li>\n<\/ul>\n<\/div>\n<div class=\"gl_space_top20\"><\/div>\n<div class=\"gl_h2big\">Fiches th\u00e9matiques<\/div>\n<\/div>\n\n<div class=\"col-md-4\">\n<div class=\"gl_h2big\">Ce que pensent nos utilisateurs&#8230;<\/div>\n<div class=\"gl_space_top10\"><\/div>\n<div class=\"gl_industry\">\n<div class=\"gl_industry_image\"><a href=\"https:\/\/www.enaikoon.com\/fr\/solution\/etudes-de-cas\/programme-de-maintenance\/\"><img decoding=\"async\" src=\"https:\/\/www.enaikoon.com\/wp-content\/uploads\/2016\/08\/9f464e100b.jpg\" alt=\"Sant\u00e9\"><\/a><\/div>\n<div class=\"gl_industry_text\">\n<p class=\"gl_h4big\"><a href=\"https:\/\/www.enaikoon.com\/fr\/solution\/etudes-de-cas\/programme-de-maintenance\/\">Programme de maintenance<\/a><\/p>\n\u00ab Nous pouvons d\u00e9sormais planifier toutes les inspections \u00e0 venir, les r\u00e9visions et les t\u00e2ches que nous proposons dans nos services, notre \u00e9quipement \u00e9tant tri\u00e9 par date ou par heure de fonctionnement ou encore en fonction de la distance parcourue. \u00bb\n\n<\/div>\n<\/div>\n<div class=\"gl_industry\" style=\"margin-top:-20px;\">\n<div class=\"gl_industry_image\"><a href=\"https:\/\/www.enaikoon.com\/fr\/solution\/etudes-de-cas\/gestion-de-la-chaine-du-froid\/\"><img decoding=\"async\" src=\"https:\/\/www.enaikoon.com\/wp-content\/uploads\/2016\/08\/055a7b3a8a.jpg\" alt=\"Gestion de la construction\"><\/a><\/div>\n<div class=\"gl_industry_text\">\n<p class=\"gl_h4big\"><a href=\"https:\/\/www.enaikoon.com\/fr\/solution\/etudes-de-cas\/gestion-de-la-chaine-du-froid\/\">Gestion du mat\u00e9riel de chantier<\/a><\/p>\n\u00ab Pour moi, c&rsquo;est primordial   d&rsquo;installer des modules d&rsquo;ENAiKOON sur l&rsquo;ensemble de notre \u00e9quipement   parce que [&#8230;] je peux mieux coordonner mon mat\u00e9riel et surveiller   comment et o\u00f9 il est d\u00e9ploy\u00e9 [&#8230;]. \u00bb\n\n<\/div>\n<\/div>\n<div class=\"gl_industry\" style=\"margin-top:-20px;\">\n<div class=\"gl_industry_image\"><a href=\"https:\/\/www.enaikoon.com\/fr\/solution\/etudes-de-cas\/location-de-materiel-de-chantier\/\" title=\"Construction equipment management\"><img decoding=\"async\" src=\"https:\/\/www.enaikoon.com\/wp-content\/uploads\/2016\/08\/86fce5a2b7.png\" alt=\"Construction equipment management\"><\/a><\/div>\n<div class=\"gl_industry_text\">\n<p class=\"gl_h4big\"><a href=\"https:\/\/www.enaikoon.com\/fr\/solution\/etudes-de-cas\/location-de-materiel-de-chantier\/\">Location de mat\u00e9riel de chantier<\/a><\/p>\n\u00ab Il est crucial pour notre   entreprise de conna\u00eetre les heures de fonctionnement des machines,   l&rsquo;\u00e9tat des batteries, le temps n\u00e9cessaire \u00e0 leur recharge, ou toute   autre information concernant notre mat\u00e9riel. \u00bb\n\n<\/div>\n<\/div>\n<\/div>\n\n<div class=\"col-md-4\">\n<div class=\"gl_enaikoon_logo\"><img decoding=\"async\" src=\"https:\/\/www.enaikoon.com\/wp-content\/uploads\/2016\/07\/ENAiKOON-frosted-logo.png\" alt=\"ENAiKOON logo\" title=\"ENAiKOON logo\"><\/div>\n<div><a class=\"gl_button_blue\" href=\"https:\/\/www.enaikoon.com\/fr\/contact\/contact\/\">Nous contacter<\/a><\/div>\n<div class=\"gl_introduction_contact\">\n<img decoding=\"async\" src=\"https:\/\/www.enaikoon.com\/wp-content\/uploads\/2016\/07\/icon_email.png\" alt=\"\">\n<p class=\"gl_text_space\">\n<a rel=\"nofollow\" href=\"mailto:sales@enaikoon.com\">sales@enaikoon.com<\/a>\n\n<\/div>\n<div class=\"gl_introduction_contact\">\n<img decoding=\"async\" src=\"https:\/\/www.enaikoon.com\/wp-content\/uploads\/2016\/07\/icon_phone1.png\" alt=\"\">\n<p class=\"gl_text_space\">+49 30 397475-30<\/p>\n\n<\/div>\n<div class=\"gl_introduction_contact\">\n<img decoding=\"async\" src=\"https:\/\/www.enaikoon.com\/wp-content\/uploads\/2016\/07\/icon_phone2.png\" alt=\"\">\n<p class=\"gl_text_space\">+49 30 397475-40<\/p>\n\n<\/div>\n<div class=\"gl_space_top20\"><\/div>\n<div class=\"gl_space_top20\"><\/div>\n<div><a class=\"gl_button_blue\" href=\"https:\/\/www.enaikoon.com\/fr\/solution\/industries\/\">retourner au menu<\/a><\/div>\n<div class=\"gl_space_top20\"><\/div>\nPour essayer notre portail en ligne inViu pro, veuillez cliquer sur le lien ci-dessous, puis cliquer sur \u00ab d\u00e9mo \u00bb, au-dessus des champs de connexion\n<div><a class=\"gl_button_yellow\" target=\"_blank\" rel=\"nofollow\" href=\"https:\/\/sso.enaikoon.de\/SSOServer\/?locale=fr&amp;demo=1\">d\u00e9mo d&rsquo;inViu pro<\/a><\/div>\n<div class=\"gl_space_top60\">\n<a href=\"https:\/\/www.enaikoon.com\/fr\/contact\/votre-kit-gratuit\/\" title=\"Try out the app for free!\"><img decoding=\"async\" class=\"gl_space_left30\" src=\"https:\/\/www.enaikoon.com\/wp-content\/uploads\/2016\/07\/Try-n-Buy-icon_11.png\" alt=\"free trial for field service app\" border=\"0\"><\/a><\/div>\n<div class=\"gl_space_top15\"><\/div>\n<div class=\"gl_h4big\"><a href=\"https:\/\/www.enaikoon.com\/fr\/contact\/votre-kit-gratuit\/\">Votre kit d&rsquo;\u00e9valuation gratuit<\/a><\/div>\nD\u00e9couvrez comment les solutions t\u00e9l\u00e9matiques d&rsquo;ENAiKOON peuvent vous aider. <a href=\"https:\/\/www.enaikoon.com\/fr\/contact\/votre-kit-gratuit\/\">Demandez un essai gratuit !<\/a>\n\n<\/div>\n\n<\/div>\n<!--Branch sheets-->\n\n<div class=\"row\">\n\n<div class=\"col-md-4\">\n<div class=\"clearfix\">\n<div class=\"branch_sheet_img\">\n        <a rel=\"nofollow\" href=\"https:\/\/www.enaikoon.com\/uploads\/media\/ENAiKOON_fiche_application_location_equipement.pdf\" target=\"_blank\"><img decoding=\"async\" src=\"https:\/\/www.enaikoon.com\/wp-content\/uploads\/2016\/07\/Branch_sheets1.jpg\" alt=\"\" border=\"0\"> <\/a><\/div>\n<div class=\"branch_sheet_name\">\n        <a rel=\"nofollow\" href=\"https:\/\/www.enaikoon.com\/uploads\/media\/ENAiKOON_fiche_application_location_equipement.pdf\" target=\"_blank\">la location d&rsquo;\u00e9quipements<\/a><\/div>\n<\/div>\n<\/div>\n\n<div class=\"col-md-4\">\n<div class=\"clearfix\">\n<div class=\"branch_sheet_img\">\n\t\t<a rel=\"nofollow\" href=\"https:\/\/www.enaikoon.com\/uploads\/media\/ENAiKOON_fiche_application_entreprises_BTP.pdf\" target=\"_blank\"><img decoding=\"async\" class=\"branch_sheet_img\" src=\"https:\/\/www.enaikoon.com\/wp-content\/uploads\/2016\/07\/Branch_sheets2.jpg\" alt=\"\" border=\"0\"> <\/a><\/div>\n<div class=\"branch_sheet_name\">\n      <a rel=\"nofollow\" href=\"https:\/\/www.enaikoon.com\/uploads\/media\/ENAiKOON_fiche_application_entreprises_BTP.pdf\" target=\"_blank\">les entreprises du BTP<\/a><\/div>\n<\/div>\n<\/div>\n\n<div class=\"col-md-4\">\n<div class=\"clearfix\">\n<div class=\"branch_sheet_img\">\n\t\t<a rel=\"nofollow\" href=\"https:\/\/www.enaikoon.com\/uploads\/media\/ENAiKOON_fiche_application_fabricants_equipement.pdf\" target=\"_blank\"><img decoding=\"async\" class=\"branch_sheet_img\" src=\"https:\/\/www.enaikoon.com\/wp-content\/uploads\/2016\/07\/Branch_sheets3.jpg\" alt=\"\" border=\"0\"> <\/a><\/div>\n<div class=\"branch_sheet_name\"><a rel=\"nofollow\" href=\"https:\/\/www.enaikoon.com\/uploads\/media\/ENAiKOON_fiche_application_fabricants_equipement.pdf\" target=\"_blank\">les fabricants de machines de construction<\/a><\/div>\n<\/div>\n<\/div>\n<div class=\"gl_row_space\"><\/div>\n<div class=\"gl_line\"><\/div>\n<\/div>\n<div class=\"gl_h2big\">Comment \u00e7a marche<\/div>\n<div class=\"row\">\n<div class=\"col-md-4\">\n<div class=\"gl_h4big gl_space_top10\">recueillir et envoyer des informations \u00e0 partir des modules de g\u00e9olocalisation<\/div>\n<\/div>\n<div class=\"col-md-4\">\n<div class=\"gl_h4big gl_space_top10\">obtenir l&rsquo;ensemble des informations importantes en un coup d&rsquo;oeil<\/div>\n<\/div>\n<div class=\"col-md-4\">\n<div class=\"gl_h4big gl_space_top10\">t\u00e9l\u00e9g\u00e9rer son personnel et acc\u00e9der aux donn\u00e9es mobiles<\/div>\n<\/div>\n<\/div>\n<div class=\"row\">\n<div class=\"col-md-4\">\n<div class=\"gl_space_top5\">\n        <a href=\"https:\/\/www.enaikoon.com\/fr\/modules-gps\/gamme-locate\/locate-04\/\" title=\"Les modules d'ENAiKOON : des fonctions techniques avanc\u00e9es pour g\u00e9olocaliser des trackables et analyser un large \u00e9ventail de donn\u00e9es.\"><img decoding=\"async\" loading=\"lazy\" src=\"https:\/\/www.enaikoon.com\/wp-content\/uploads\/2016\/07\/branch1.png\" alt=\"locate-04\" width=\"310\" height=\"310\" border=\"0\"><\/a><\/div>\n<div class=\"gl_space_top15\">\nGr\u00e2ce \u00e0 leurs param\u00e8tres avanc\u00e9s, nos modules permettent de g\u00e9olocaliser toutes sortes de trackables et d&rsquo;analyser un large \u00e9ventail de donn\u00e9es.<\/div>\n<\/div>\n<div class=\"col-md-4\">\n<div class=\"gl_space_top5\">\n           <a href=\"https:\/\/www.enaikoon.com\/fr\/logiciel\/inviu-pro\/\" title=\"inViu d'ENAiKOON : un logiciel en ligne puissant, pour g\u00e9rer et surveiller ses trackables.\"><img decoding=\"async\" loading=\"lazy\" src=\"https:\/\/www.enaikoon.com\/wp-content\/uploads\/2016\/07\/branch2.png\" alt=\"inViu d'ENAiKOON : un logiciel en ligne puissant, pour g\u00e9rer et surveiller ses trackables.\" width=\"310\" height=\"310\" border=\"0\"><\/a><\/div>\n<div class=\"gl_space_top15\">\nA tout moment, vous pouvez contr\u00f4ler et g\u00e9rer votre \u00e9quipement \u00e0 distance gr\u00e2ce \u00e0 <a href=\"https:\/\/www.enaikoon.com\/fr\/logiciel\/\" title=\"inViu\">inViu<\/a>,   notre portail en ligne. Tr\u00e8s facile \u00e0 utiliser, il s&rsquo;int\u00e9grera   parfaitement \u00e0 votre flux de travail. Choisissez les plugins qui   r\u00e9pondent le mieux \u00e0 vos besoins, afin d&rsquo;\u00e9laborer une solution   t\u00e9l\u00e9matique sur-mesure.<\/div>\n<\/div>\n<div class=\"col-md-4\">\n<div class=\"gl_space_top5\">\n            <a href=\"https:\/\/www.enaikoon.com\/fr\/mobile\/\" title=\"les applications mobiles d'ENAiKOON : des applications mobiles pour les professionnels, pour garder un \u0153il sur son \u00e9quipe et prot\u00e9ger ses actifs en tout simplicit\u00e9\"><img decoding=\"async\" loading=\"lazy\" src=\"https:\/\/www.enaikoon.com\/wp-content\/uploads\/2016\/07\/branch3.png\" alt=\"les applications mobiles d'ENAiKOON : des applications mobiles pour les professionnels, pour garder un \u0153il sur son \u00e9quipe et prot\u00e9ger ses actifs en tout simplicit\u00e9\" width=\"310\" height=\"310\" border=\"0\"><\/a><\/div>\n<div class=\"gl_space_top15\">\nNotre logiciel pour t\u00e9l\u00e9phone mobile inViu touch compl\u00e8te id\u00e9alement les solutions t\u00e9l\u00e9matiques avanc\u00e9es d&rsquo;ENAiKOON. A tout moment, vous pouvez obtenir une vision d&rsquo;ensemble de votre entreprise en un simple coup d&rsquo;\u0153il.<\/div>\n<\/div>\n<\/div>\n<div class=\"gl_space_pagebot\">&nbsp;<\/div>","protected":false},"excerpt":{"rendered":"<p> [&hellip;]<\/p>\n","protected":false},"author":7,"featured_media":0,"parent":8384,"menu_order":0,"comment_status":"closed","ping_status":"closed","template":"","meta":{"footnotes":""},"acf":[],"_links":{"self":[{"href":"https:\/\/www.enaikoon.com\/fr\/wp-json\/wp\/v2\/pages\/8386"}],"collection":[{"href":"https:\/\/www.enaikoon.com\/fr\/wp-json\/wp\/v2\/pages"}],"about":[{"href":"https:\/\/www.enaikoon.com\/fr\/wp-json\/wp\/v2\/types\/page"}],"author":[{"embeddable":true,"href":"https:\/\/www.enaikoon.com\/fr\/wp-json\/wp\/v2\/users\/7"}],"replies":[{"embeddable":true,"href":"https:\/\/www.enaikoon.com\/fr\/wp-json\/wp\/v2\/comments?post=8386"}],"version-history":[{"count":23,"href":"https:\/\/www.enaikoon.com\/fr\/wp-json\/wp\/v2\/pages\/8386\/revisions"}],"predecessor-version":[{"id":16995,"href":"https:\/\/www.enaikoon.com\/fr\/wp-json\/wp\/v2\/pages\/8386\/revisions\/16995"}],"up":[{"embeddable":true,"href":"https:\/\/www.enaikoon.com\/fr\/wp-json\/wp\/v2\/pages\/8384"}],"wp:attachment":[{"href":"https:\/\/www.enaikoon.com\/fr\/wp-json\/wp\/v2\/media?parent=8386"}],"curies":[{"name":"wp","href":"https:\/\/api.w.org\/{rel}","templated":true}]}}