{"id":8384,"date":"2016-08-15T04:22:29","date_gmt":"2016-08-15T04:22:29","guid":{"rendered":"https:\/\/www.enaikoon.com\/fr\/?page_id=8384"},"modified":"2017-11-19T14:54:40","modified_gmt":"2017-11-19T14:54:40","slug":"industries","status":"publish","type":"page","link":"https:\/\/www.enaikoon.com\/fr\/solution\/industries\/","title":{"rendered":"industries"},"content":{"rendered":"\n\t\t\t<!-- START branches_fr REVOLUTION SLIDER 6.6.16 --><p class=\"rs-p-wp-fix\"><\/p>\n\t\t\t<rs-module-wrap id=\"rev_slider_68_1_wrapper\" data-source=\"gallery\" style=\"visibility:hidden;background:transparent;padding:0;margin:0px auto;margin-top:0;margin-bottom:0;\">\n\t\t\t\t<rs-module id=\"rev_slider_68_1\" style=\"\" data-version=\"6.6.16\">\n\t\t\t\t\t<rs-slides style=\"overflow: hidden; position: absolute;\">\n\t\t\t\t\t\t<rs-slide style=\"position: absolute;\" data-key=\"rs-98\" data-title=\"banner\" data-anim=\"adpr:false;\">\n\t\t\t\t\t\t\t<img src=\"\/\/www.enaikoon.com\/wp-content\/plugins\/revslider\/public\/assets\/assets\/dummy.png\" alt=\"\" title=\"industries\" class=\"rev-slidebg tp-rs-img rs-lazyload\" data-lazyload=\"\/\/www.enaikoon.com\/wp-content\/uploads\/2016\/07\/ENAiKOON_branches_banner_01.png\" data-no-retina>\n<!--\n\t\t\t\t\t\t\t--><rs-layer\n\t\t\t\t\t\t\t\tid=\"slider-68-slide-98-layer-1\" \n\t\t\t\t\t\t\t\tdata-type=\"image\"\n\t\t\t\t\t\t\t\tdata-rsp_ch=\"on\"\n\t\t\t\t\t\t\t\ttitle=\"D\u00e9couvrer les syst\u00e8mes ENAiKOON adapt\u00e9s \u00e0 de nombreux secteurs\"\n\t\t\t\t\t\t\t\tdata-text=\"l:22;\"\n\t\t\t\t\t\t\t\tdata-dim=\"w:998px;h:300px;\"\n\t\t\t\t\t\t\t\tdata-frame_0=\"tp:600;\"\n\t\t\t\t\t\t\t\tdata-frame_1=\"tp:600;e:power2.inOut;st:500;\"\n\t\t\t\t\t\t\t\tdata-frame_999=\"o:0;tp:600;e:nothing;st:w;\"\n\t\t\t\t\t\t\t\tstyle=\"z-index:5;\"\n\t\t\t\t\t\t\t><img src=\"\/\/www.enaikoon.com\/wp-content\/plugins\/revslider\/public\/assets\/assets\/dummy.png\" alt=\"Des syst\u00e8mes ENAiKOON adapt\u00e9es \u00e0 de nombreux secteurs\" class=\"tp-rs-img rs-lazyload\" data-lazyload=\"\/wp-content\/uploads\/2016\/07\/ENAiKOON_branches_banner_01.png\" data-no-retina> \n\t\t\t\t\t\t\t<\/rs-layer><!--\n\n\t\t\t\t\t\t\t--><rs-layer\n\t\t\t\t\t\t\t\tid=\"slider-68-slide-98-layer-2\" \n\t\t\t\t\t\t\t\tclass=\"medium-blue-text\"\n\t\t\t\t\t\t\t\tdata-type=\"text\"\n\t\t\t\t\t\t\t\tdata-color=\"rgba(70,180,231,1)\"\n\t\t\t\t\t\t\t\tdata-rsp_ch=\"on\"\n\t\t\t\t\t\t\t\tdata-xy=\"x:528px;y:56px;\"\n\t\t\t\t\t\t\t\tdata-text=\"s:32;l:34;fw:700;\"\n\t\t\t\t\t\t\t\tdata-frame_0=\"y:50px;tp:600;\"\n\t\t\t\t\t\t\t\tdata-frame_1=\"tp:600;e:power2.inOut;st:800;sp:500;\"\n\t\t\t\t\t\t\t\tdata-frame_999=\"o:1;tp:600;e:nothing;st:w;\"\n\t\t\t\t\t\t\t\tstyle=\"z-index:6;font-family:'Myriad Pro';color:#12B9FF !important;letter-spacing:0px !important;\"\n\t\t\t\t\t\t\t>Une solution ENAiKOON pour<br\/>\nchaque secteur et chaque <br\/>industrie\n \n\t\t\t\t\t\t\t<\/rs-layer><!--\n\n\t\t\t\t\t\t\t--><rs-layer\n\t\t\t\t\t\t\t\tid=\"slider-68-slide-98-layer-3\" \n\t\t\t\t\t\t\t\tclass=\"small-brown-text\"\n\t\t\t\t\t\t\t\tdata-type=\"text\"\n\t\t\t\t\t\t\t\tdata-color=\"rgba(143,143,143,1)\"\n\t\t\t\t\t\t\t\tdata-rsp_ch=\"on\"\n\t\t\t\t\t\t\t\tdata-xy=\"x:528px;y:170px;\"\n\t\t\t\t\t\t\t\tdata-text=\"s:16;l:20;\"\n\t\t\t\t\t\t\t\tdata-frame_0=\"y:50px;tp:600;\"\n\t\t\t\t\t\t\t\tdata-frame_1=\"tp:600;e:power2.inOut;st:800;sp:500;\"\n\t\t\t\t\t\t\t\tdata-frame_999=\"o:1;tp:600;e:nothing;st:w;\"\n\t\t\t\t\t\t\t\tstyle=\"z-index:7;font-family:'Myriad Pro';letter-spacing:1 !important;font-size:14.4px;line-height:17px;\"\n\t\t\t\t\t\t\t>D\u00e9couvrez nos solutions t\u00e9l\u00e9matiques, adapt\u00e9es \u00e0 de nombreux<br\/> secteurs, pour trouver le syst\u00e8me qui r\u00e9pondra<br\/>parfaitement aux besoins de votre entreprise. \n\t\t\t\t\t\t\t<\/rs-layer><!--\n\n\t\t\t\t\t\t\t--><rs-layer\n\t\t\t\t\t\t\t\tid=\"slider-68-slide-98-layer-4\" \n\t\t\t\t\t\t\t\tdata-type=\"text\"\n\t\t\t\t\t\t\t\tdata-color=\"rgba(255,255,255,1)\"\n\t\t\t\t\t\t\t\tdata-rsp_ch=\"on\"\n\t\t\t\t\t\t\t\tdata-xy=\"x:528px;y:236px;\"\n\t\t\t\t\t\t\t\tdata-text=\"l:22;\"\n\t\t\t\t\t\t\t\tdata-frame_0=\"y:50px;tp:600;\"\n\t\t\t\t\t\t\t\tdata-frame_1=\"tp:600;e:power2.inOut;st:800;sp:500;\"\n\t\t\t\t\t\t\t\tdata-frame_999=\"o:1;tp:600;e:nothing;st:w;\"\n\t\t\t\t\t\t\t\tstyle=\"z-index:8;font-family:'';\"\n\t\t\t\t\t\t\t><a class=\"gl_button_yellow\" href=\"\/fr\/solution\/etudes-de-cas\/location-de-materiel-de-chantier\/\">Nos \u00e9tudes de cas<\/a> \n\t\t\t\t\t\t\t<\/rs-layer><!--\n-->\t\t\t\t\t\t<\/rs-slide>\n\t\t\t\t\t<\/rs-slides>\n\t\t\t\t<\/rs-module>\n\t\t\t\t<script>\n\t\t\t\t\tsetREVStartSize({c: 'rev_slider_68_1',rl:[1240,1024,778,480],el:[],gw:[998],gh:[300],type:'standard',justify:'',layout:'fullwidth',mh:\"0\"});if (window.RS_MODULES!==undefined && window.RS_MODULES.modules!==undefined && window.RS_MODULES.modules[\"revslider681\"]!==undefined) {window.RS_MODULES.modules[\"revslider681\"].once = false;window.revapi68 = undefined;if (window.RS_MODULES.checkMinimal!==undefined) window.RS_MODULES.checkMinimal()}\n\t\t\t\t<\/script>\n\t\t\t<\/rs-module-wrap>\n\t\t\t<!-- END REVOLUTION SLIDER -->\n\r\n\r\n<div class=\"row\">\r\n\t\r\n\t<div class=\"col-md-4\">\r\n\t<div style=\"padding-right:-12px;\">\r\n\t<div class=\"gl_branch_title\"><a href=\"https:\/\/www.enaikoon.com\/fr\/solution\/industries\/construction\/\">le BTP<\/a><\/div>\r\n    <a href=\"https:\/\/www.enaikoon.com\/fr\/solution\/industries\/construction\/\" title=\"d\u00e9couvrez les solutions adapt\u00e9es au secteur du BTP\"><img decoding=\"async\" style=\"width:310px; height:310px; margin-top:15px\" src=\"https:\/\/www.enaikoon.com\/wp-content\/uploads\/2016\/07\/branches1.png\" alt=\"des solutions pour le secteur du BTP\"\/><\/a>\r\n    <p style=\"margin-top:9px\">Votre mat\u00e9riel, vos v\u00e9hicules, vos machines et vos employ\u00e9s sont dispers\u00e9s sur diff\u00e9rents chantiers et vous \u00e9prouvez des difficult\u00e9s \u00e0 garder un oeil sur tout ? Gr\u00e2ce aux solutions d&rsquo;ENAiKOON, vous pouvez d\u00e9sormais surveiller tous vos chantiers en simultan\u00e9, tout en pr\u00e9venant les vols. Les solutions d&rsquo;ENAiKOON utilisent des modules de g\u00e9olocalisation GPS puissants, combin\u00e9s au logiciel d&rsquo;ENAiKOON pour la gestion des actifs, afin de r\u00e9duire vos frais d&rsquo;entretien et d&rsquo;am\u00e9liorer la gestion de vos projets.<\/p><\/div>\r\n\t \r\n\t<\/div>\r\n\t<div class=\"col-md-4\">\r\n\t <div style=\"padding-right:-12px;\">\r\n\t<div class=\"gl_branch_title\"><a href=\"https:\/\/www.enaikoon.com\/fr\/solution\/industries\/application-mobile-pour-le-suivi-ditineraires\/\">le suivi des itin\u00e9raires<\/a><\/div>\r\n    <a href=\"https:\/\/www.enaikoon.com\/fr\/solution\/industries\/application-mobile-pour-le-suivi-ditineraires\/\" title=\"suivre des itin\u00e9raires avec inViu routes d'ENAiKOON\">\r\n    <img decoding=\"async\"  style=\"width:310px; height:310px; margin-top:15px\" src=\"https:\/\/www.enaikoon.com\/wp-content\/uploads\/2016\/07\/branches2.png\" alt=\"suivre des itin\u00e9raires avec inViu\"\/><\/a>\r\n    <p style=\"margin-top:9px\">Transformez votre mobile Android en un module de g\u00e9olocalisation ! Il vous suffit de t\u00e9l\u00e9charger inViu routes, une application Android gratuite, pour d\u00e9marrer le suivi de vos itin\u00e9raires. Id\u00e9ale pour les petites entreprises, cette application permet de suivre \u00e0 peu de frais le personnel mobile et les v\u00e9hicules d&rsquo;une entreprise. Il est possible de recevoir une notification d\u00e8s qu&rsquo;un trackable entre ou sort d&rsquo;une zone pr\u00e9d\u00e9finie, afin de g\u00e9rer \u00e0 tout moment son entreprise, m\u00eame en d\u00e9placement !<\/p>\r\n    <\/div>\r\n\t<\/div>\r\n\t<div class=\"col-md-4\"> \r\n    <div style=\"padding-right:-12px;\">\r\n\t \t<div class=\"gl_branch_title\"><a href=\"https:\/\/www.enaikoon.com\/fr\/solution\/industries\/le-personnel-de-service\/\">le personnel mobile<\/a><\/div>\r\n    <a href=\"https:\/\/www.enaikoon.com\/fr\/solution\/industries\/le-personnel-de-service\/\"  title=\"mieux g\u00e9rer son personnel mobile\"><img decoding=\"async\" style=\"width:310px; height:310px; margin-top:15px\" src=\"https:\/\/www.enaikoon.com\/wp-content\/uploads\/2016\/07\/branches3.png\" alt=\"des solutions pour le personnel mobile\" \/><\/a>\r\n    <p style=\"margin-top:9px\">\r\nAvez-vous besoin d&rsquo;un syst\u00e8me pour g\u00e9rer votre personnel mobile et leurs missions ? Essayez notre solution, qui utilise des \u00e9tiquettes NFC abordables et des mobiles Android standards, pour une grande efficacit\u00e9, \u00e0 peu de frais. Ce syst\u00e8me peut vous d\u00e9charger de la paperasse, r\u00e9duire la part du travail administratif, am\u00e9liorer la formation du personnel et augmenter la productivit\u00e9 de votre entreprise. Laissez \u00e0 notre solution la charge de g\u00e9rer les missions de votre personnel, pour que vous puissiez vous concentrer sur le d\u00e9veloppement de votre entreprise.\r\n<\/p>\r\n\t<\/div>\r\n\t<\/div>\r\n    <\/div>\r\n <hr\/>\r\n <div style=\"height:12px;\"><\/div>\r\n\r\n    <div class=\"row\">\r\n\t<div class=\"col-md-4\">\r\n\t<div style=\"padding-right:-12px;\">\r\n\t\t<div class=\"gl_branch_title\"><a href=\"https:\/\/www.enaikoon.com\/fr\/solution\/industries\/planification-logistique\/\">la gestion de flotte<\/a><\/div>\r\n    <a href=\"https:\/\/www.enaikoon.com\/fr\/solution\/industries\/planification-logistique\/\" title=\"le meilleur syst\u00e8me de gestion de flotte avec les solutions d'ENAiKOON\"><img decoding=\"async\" style=\"width:310px; height:310px; margin-top:15px\" src=\"https:\/\/www.enaikoon.com\/wp-content\/uploads\/2016\/07\/branches4.png\" alt=\"la gestion de flotte\" \/><\/a>\r\n    <p class=\"gl_space_top8\" >Vous avez une flotte \u00e0 g\u00e9rer ? Si c&rsquo;est le cas, pour une plus grande efficacit\u00e9, il vous faut un syst\u00e8me de gestion de flotte complet. Vos v\u00e9hicules sont ainsi prot\u00e9g\u00e9s du vol et vous pouvez coordonner efficacement vos chauffeurs, tout en leur proposant les itin\u00e9raires les plus efficaces. La solution d&rsquo;ENAiKOON permet non seulement de simplifier la communication entre le dispatcheur et ses chauffeurs, mais elle permet aussi de superviser le comportement des chauffeurs et le niveau d&rsquo;essence dans les r\u00e9servoirs, afin de r\u00e9duire la consommation de carburant de l&rsquo;entreprise. Ce syst\u00e8me prend \u00e9galement en charge l&rsquo;organisation des temps de maintenance, pour que le mat\u00e9riel soit maintenu en parfait \u00e9tat de marche.<\/p>\r\n   <\/div>\r\n\t<\/div>\r\n\t<div class=\"col-md-4\">\r\n\t <div style=\"padding-right:-12px;\">\r\n\t\t<div class=\"gl_branch_title\"><a href=\"https:\/\/www.enaikoon.com\/fr\/solution\/industries\/conteneurs\/\">les conteneurs<\/a><\/div>\r\n    <a href=\"https:\/\/www.enaikoon.com\/fr\/solution\/industries\/conteneurs\/\"  title=\"am\u00e9liorer la gestion de vos conteneurs\"><img decoding=\"async\" style=\"width:310px; height:310px; margin-top:15px\" src=\"https:\/\/www.enaikoon.com\/wp-content\/uploads\/2016\/07\/branches5.png\"\/><\/a>\r\n    <p class=\"gl_space_top8\" >Pour les entreprises charg\u00e9es de la logistique et de la livraison de conteneurs, il est crucial de pouvoir g\u00e9olocaliser le mat\u00e9riel ainsi que de surveiller son \u00e9tat et ses d\u00e9placements. Si un conteneur transporte des biens p\u00e9rissables, ou des d\u00e9chets, il est essentiel de pouvoir v\u00e9rifier sa position, l&rsquo;\u00e9tat du contenu et de conna\u00eetre l&rsquo;heure d&rsquo;arriv\u00e9e de la livraison, pour s\u00e9curiser le transport des produits et augmenter l&rsquo;efficacit\u00e9 de l&rsquo;entreprise. La gestion de la chaine logistique d\u00e9pend fortement de la fiabilit\u00e9 de la g\u00e9olocalisation des produits transport\u00e9s ; le syst\u00e8me d&rsquo;ENAiKOON pour la gestion des conteneurs permet de suivre chaque d\u00e9placement avec la plus grande pr\u00e9cision.<\/p>\r\n    <\/div>\r\n\t<\/div>\r\n\t<div class=\"col-md-4\"> \r\n    <div style=\"padding-right:-12px;\">\r\n\t \t<div class=\"gl_branch_title\"><a href=\"https:\/\/www.enaikoon.com\/fr\/solution\/industries\/suivre-et-geolocaliser\/\" >suivi et tra\u00e7abilit\u00e9<\/a><\/div>\r\n    <a href=\"https:\/\/www.enaikoon.com\/fr\/solution\/industries\/suivre-et-geolocaliser\/\"  title=\"suivre ses trackables en toute simplicit\u00e9 avec les modules et le logiciel d'ENAiKOON\"><img decoding=\"async\" style=\"width:310px; height:310px; margin-top:15px\" src=\"https:\/\/www.enaikoon.com\/wp-content\/uploads\/2016\/07\/branches6.png\" alt=\"un suivi en toute simplicit\u00e9\"\/><\/a>\r\n    <p class=\"gl_space_top8\" >Vous avez besoin de surveiller les d\u00e9placements de votre mat\u00e9riel ? Il peut \u00eatre difficile de g\u00e9rer une flotte de v\u00e9hicules si l&rsquo;on ne conna\u00eet pas l&#8217;emplacement exact de chaque \u00e9l\u00e9ment. Gr\u00e2ce \u00e0 inViu, un portail en ligne convivial qui regroupe les donn\u00e9es recueillies sur les v\u00e9hicules, la g\u00e9olocalisation devient un jeu d&rsquo;enfant. Vous pouvez par exemple pr\u00e9venir le vol ou emp\u00eacher toute utilisation abusive de votre mat\u00e9riel, gr\u00e2ce au syst\u00e8me de notification, qui vous informe en temps r\u00e9el d\u00e8s qu&rsquo;un v\u00e9hicule sort du p\u00e9rim\u00e8tre pr\u00e9d\u00e9fini ou quitte son emplacement alors qu&rsquo;il n&rsquo;est pas cens\u00e9 \u00eatre en service.<\/p>\r\n\t<\/div>\r\n\t<\/div>\r\n<\/div>\r\n<div style=\"height:42px;\">&nbsp;<\/div>","protected":false},"excerpt":{"rendered":"<p> [&hellip;]<\/p>\n","protected":false},"author":7,"featured_media":0,"parent":8351,"menu_order":0,"comment_status":"closed","ping_status":"closed","template":"","meta":{"footnotes":""},"acf":[],"_links":{"self":[{"href":"https:\/\/www.enaikoon.com\/fr\/wp-json\/wp\/v2\/pages\/8384"}],"collection":[{"href":"https:\/\/www.enaikoon.com\/fr\/wp-json\/wp\/v2\/pages"}],"about":[{"href":"https:\/\/www.enaikoon.com\/fr\/wp-json\/wp\/v2\/types\/page"}],"author":[{"embeddable":true,"href":"https:\/\/www.enaikoon.com\/fr\/wp-json\/wp\/v2\/users\/7"}],"replies":[{"embeddable":true,"href":"https:\/\/www.enaikoon.com\/fr\/wp-json\/wp\/v2\/comments?post=8384"}],"version-history":[{"count":30,"href":"https:\/\/www.enaikoon.com\/fr\/wp-json\/wp\/v2\/pages\/8384\/revisions"}],"predecessor-version":[{"id":11639,"href":"https:\/\/www.enaikoon.com\/fr\/wp-json\/wp\/v2\/pages\/8384\/revisions\/11639"}],"up":[{"embeddable":true,"href":"https:\/\/www.enaikoon.com\/fr\/wp-json\/wp\/v2\/pages\/8351"}],"wp:attachment":[{"href":"https:\/\/www.enaikoon.com\/fr\/wp-json\/wp\/v2\/media?parent=8384"}],"curies":[{"name":"wp","href":"https:\/\/api.w.org\/{rel}","templated":true}]}}