{"id":8376,"date":"2016-08-15T04:19:21","date_gmt":"2016-08-15T04:19:21","guid":{"rendered":"https:\/\/www.enaikoon.com\/fr\/?page_id=8376"},"modified":"2017-05-06T04:36:36","modified_gmt":"2017-05-06T04:36:36","slug":"le-vol-de-bois","status":"publish","type":"page","link":"https:\/\/www.enaikoon.com\/fr\/solution\/etudes-de-cas\/le-vol-de-bois\/","title":{"rendered":"Le vol de bois"},"content":{"rendered":"<div class=\"gl_slide_scroll_box\">\r\n\t<div class=\"gl_scroll_box\">\r\n <noindex><\/noindex>        <ul>\r\n            <li><a class=\"gl_scroll_link_title\" href=\"https:\/\/www.enaikoon.com\/fr\/solution\/etudes-de-cas\/location-de-materiel-de-chantier\/\"  title=\"location de mat\u00e9riel de chantier\" >location de mat\u00e9riel <br\/>de chantier<\/a><br\/>\r\n            <a href=\"https:\/\/www.enaikoon.com\/fr\/solution\/etudes-de-cas\/location-de-materiel-de-chantier\/\"  title=\"location de mat\u00e9riel de chantier\" ><img decoding=\"async\" class=\"gl_scroll_link_img\" src=\"https:\/\/www.enaikoon.com\/wp-content\/uploads\/2016\/07\/case_construction_equipment.png\" alt=\"\" ><\/a><\/li>\r\n            \r\n            <li><a class=\"gl_scroll_link_title\" href=\"https:\/\/www.enaikoon.com\/fr\/solution\/etudes-de-cas\/systeme-antivol-de-carburant\/\"  title=\"syst\u00e8me antivol de carburant\">syst\u00e8me antivol<br\/> \r\nde carburant<\/a><br\/>\r\n            <a href=\"https:\/\/www.enaikoon.com\/fr\/solution\/etudes-de-cas\/systeme-antivol-de-carburant\/\"  title=\"syst\u00e8me antivol de carburant\"><img decoding=\"async\" class=\"gl_scroll_link_img\" src=\"https:\/\/www.enaikoon.com\/wp-content\/uploads\/2016\/07\/case_fuel_theft.png\" alt=\"\"><\/a><\/li>\r\n            \r\n            <li><a class=\"gl_scroll_link_title\" href=\"https:\/\/www.enaikoon.com\/fr\/solution\/etudes-de-cas\/gestion-des-rondes\/\" title=\"gestion des rondes\">gestion des rondes<\/a><br\/>\r\n            <a href=\"https:\/\/www.enaikoon.com\/fr\/solution\/etudes-de-cas\/gestion-des-rondes\/\" title=\"gestion des rondes\"><img decoding=\"async\" class=\"gl_scroll_link_img\" src=\"https:\/\/www.enaikoon.com\/wp-content\/uploads\/2016\/07\/case_guard_tour.png\" alt=\"\" ><\/a><\/li>\r\n            \r\n            <li><a class=\"gl_scroll_link_title\" href=\"https:\/\/www.enaikoon.com\/fr\/solution\/etudes-de-cas\/la-geolocalisation-gps-sur-mobile\/\" title=\"la g\u00e9olocalisation GPS sur mobile\">la g\u00e9olocalisation GPS<br\/>sur mobile<\/a><br\/>\r\n            <a href=\"https:\/\/www.enaikoon.com\/fr\/solution\/etudes-de-cas\/la-geolocalisation-gps-sur-mobile\/\"  title=\"la g\u00e9olocalisation GPS sur mobile\"><img decoding=\"async\" class=\"gl_scroll_link_img\" src=\"https:\/\/www.enaikoon.com\/wp-content\/uploads\/2016\/07\/case_mobile.png\" alt=\"\"><\/a><\/li>\r\n            \r\n            <li><a class=\"gl_scroll_link_title\" href=\"https:\/\/www.enaikoon.com\/fr\/solution\/etudes-de-cas\/gestion-de-la-chaine-du-froid\/\" title=\"gestion de la cha\u00eene du froid\">gestion de la cha\u00eene<br\/>du froid<\/a><br\/>\r\n            <a href=\"https:\/\/www.enaikoon.com\/fr\/solution\/etudes-de-cas\/gestion-de-la-chaine-du-froid\/\" title=\"gestion de la cha\u00eene du froid\"><img decoding=\"async\" class=\"gl_scroll_link_img\" src=\"https:\/\/www.enaikoon.com\/wp-content\/uploads\/2016\/07\/case_cold_chain.png\" alt=\"\"><\/a><\/li>\r\n             \r\n              <li><a class=\"gl_scroll_link_title\" href=\"https:\/\/www.enaikoon.com\/fr\/solution\/etudes-de-cas\/gestion-du-carburant-grace-au-bus-can\/\" title=\"Gestion du carburant gr\u00e2ce au bus CAN\">Gestion du carburant<br\/>gr\u00e2ce au bus CAN<\/a><br\/>\r\n             <a href=\"https:\/\/www.enaikoon.com\/fr\/solution\/etudes-de-cas\/gestion-du-carburant-grace-au-bus-can\/\" title=\"Gestion du carburant gr\u00e2ce au bus CAN\"><img decoding=\"async\" class=\"gl_scroll_link_img\" src=\"https:\/\/www.enaikoon.com\/wp-content\/uploads\/2016\/07\/case_CAN_bus.png\" alt=\"\"><\/a><\/li>\r\n             \r\n             <li><a class=\"gl_scroll_link_title\" href=\"https:\/\/www.enaikoon.com\/fr\/solution\/etudes-de-cas\/gestion-du-materiel-de-chantier\/\"  title=\"gestion du mat\u00e9riel de chantier\">gestion du mat\u00e9riel<br\/>de chantier<\/a><br\/>\r\n<a href=\"https:\/\/www.enaikoon.com\/fr\/solution\/etudes-de-cas\/gestion-du-materiel-de-chantier\/\" title=\"gestion du mat\u00e9riel de chantier\"><img decoding=\"async\" class=\"gl_scroll_link_img\" src=\"https:\/\/www.enaikoon.com\/wp-content\/uploads\/2016\/07\/case_construction_asset.png\" alt=\"\"><\/a><\/li>\r\n             \r\n             <li><a class=\"gl_scroll_link_title\" href=\"https:\/\/www.enaikoon.com\/fr\/solution\/etudes-de-cas\/dispatching-et-coordination\/\" title=\"dispatching et coordination\">dispatching et<br\/>coordination<\/a><br\/>\r\n             <a href=\"https:\/\/www.enaikoon.com\/fr\/solution\/etudes-de-cas\/dispatching-et-coordination\/\" title=\"dispatching et coordination\"><img decoding=\"async\" class=\"gl_scroll_link_img\" src=\"https:\/\/www.enaikoon.com\/wp-content\/uploads\/2016\/07\/case_fleet_dispatching.png\" alt=\"\"><\/a><\/li>\r\n             \r\n             <li><a class=\"gl_scroll_link_title\" href=\"https:\/\/www.enaikoon.com\/fr\/solution\/etudes-de-cas\/geolocalisation-gps-de-conteneurs\/\"  title=\"g\u00e9olocalisation GPS de conteneurs\">g\u00e9olocalisation GPS<br\/>de conteneurs<\/a><br\/>\r\n\t\t\t<a href=\"https:\/\/www.enaikoon.com\/fr\/solution\/etudes-de-cas\/geolocalisation-gps-de-conteneurs\/\"><img decoding=\"async\" class=\"gl_scroll_link_img\" src=\"https:\/\/www.enaikoon.com\/wp-content\/uploads\/2016\/07\/case_GPS.png\" alt=\"\"  title=\"g\u00e9olocalisation GPS de conteneurs\"><\/a><\/li>\r\n             \r\n             <li><a class=\"gl_scroll_link_title\" href=\"https:\/\/www.enaikoon.com\/fr\/solution\/etudes-de-cas\/le-vol-de-bois\/\"  title=\"Le vol de bois\">Le vol de bois<\/a><br\/>\r\n             <a href=\"https:\/\/www.enaikoon.com\/fr\/solution\/etudes-de-cas\/le-vol-de-bois\/\"  title=\"Le vol de bois\"><img decoding=\"async\" class=\"gl_scroll_link_img_active\" src=\"https:\/\/www.enaikoon.com\/wp-content\/uploads\/2016\/07\/case_timber_theft.png\" alt=\"\"><\/a><\/li>\r\n             \r\n             <li><a class=\"gl_scroll_link_title\" href=\"https:\/\/www.enaikoon.com\/fr\/solution\/etudes-de-cas\/programme-de-maintenance\/\" title=\"programme de maintenance\">programme de<br\/>maintenance<\/a><br\/>\r\n             <a href=\"https:\/\/www.enaikoon.com\/fr\/solution\/etudes-de-cas\/programme-de-maintenance\/\" title=\"programme de maintenance\"><img decoding=\"async\" class=\"gl_scroll_link_img\" src=\"https:\/\/www.enaikoon.com\/wp-content\/uploads\/2016\/07\/case_fleet_maintenance.png\" alt=\"\"><\/a><\/li>\r\n             \r\n             <li><a class=\"gl_scroll_link_title\" href=\"https:\/\/www.enaikoon.com\/fr\/solution\/etudes-de-cas\/securite-et-protection-antivol\/\" title=\"s\u00e9curit\u00e9 et protection antivol\">s\u00e9curit\u00e9 et protection<br\/>antivol<\/a><br\/>\r\n             <a href=\"https:\/\/www.enaikoon.com\/fr\/solution\/etudes-de-cas\/securite-et-protection-antivol\/\" title=\"s\u00e9curit\u00e9 et protection antivol\"><img decoding=\"async\" class=\"gl_scroll_link_img\" src=\"https:\/\/www.enaikoon.com\/wp-content\/uploads\/2016\/07\/case_security.png\" alt=\"\"><\/a><\/li>\r\n             \r\n             <li><a class=\"gl_scroll_link_title\" href=\"https:\/\/www.enaikoon.com\/fr\/solution\/etudes-de-cas\/planification-de-la-logistique\/\" title=\"planification de la logistique\">planification de<br\/>la logistique<\/a><br\/><a href=\"https:\/\/www.enaikoon.com\/fr\/solution\/etudes-de-cas\/planification-de-la-logistique\/\" title=\"planification de la logistique\"><img decoding=\"async\" class=\"gl_scroll_link_img\" src=\"https:\/\/www.enaikoon.com\/wp-content\/uploads\/2016\/07\/case_logistics.png\" alt=\"\"><\/a><\/li>\r\n          <\/ul>\r\n\r\n    <\/div>\r\n<\/div>\r\n\r\n<div class=\"row\">\r\n<div class=\"gl_border-page\">\r\n\r\n\t\t<div class=\"col-md-4\">\r\n\t<div class=\"gl_h2big\">\r\nLe vol de bois\r\n\r\n<\/div>\r\n  <img decoding=\"async\" class=\"gl_space_top5\" src=\"https:\/\/www.enaikoon.com\/wp-content\/uploads\/2016\/07\/ENAiKOON_Timber_theft_A.png\" alt=\"Les solutions t\u00e9l\u00e9matiques d'ENAiKOON pour pr\u00e9venir le vol de bois\" title=\"Les solutions t\u00e9l\u00e9matiques d'ENAiKOON pour pr\u00e9venir le vol de bois\" >\r\n  \t<div class=\"gl_space_top15\"><\/div>\r\n  \r\n  <div class=\"gl_h4big\">Secteur<\/div>\r\n    <p>Gestion des for\u00eats<\/p>\r\n     <div class=\"gl_space_top15\"><\/div>\r\n    <div class=\"gl_h4big\">Probl\u00e8me<\/div>\r\n    <p>En \u00e0 peine un an, ce forestier a subi des pertes financi\u00e8res li\u00e9es au vol de bois se chiffrant en millions d\u2019euros. Pour r\u00e9soudre ce probl\u00e8me il a dans un premier temps fait appel aux services d\u2019une soci\u00e9t\u00e9 de s\u00e9curit\u00e9 mais celle-ci n\u2019\u00e9tait pas en mesure de surveiller l\u2019ensemble du p\u00e9rim\u00e8tre forestier \u00e0 un prix raisonnable. Le forestier s\u2019est donc mis en qu\u00eate d\u2019une solution technologique lui permettant de r\u00e9soudre ce probl\u00e8me et l\u2019a finalement trouv\u00e9e aupr\u00e8s d\u2019ENAIKOON.<\/p>\r\n   \r\n\t\t\t\r\n\t\t<\/div>\r\n\t\t\r\n\t\t<div class=\"col-md-4\">\r\n\t\t<div class=\"gl_space_right5\">\r\n     <div class=\"gl_h4big\"> Solution<\/div>\r\n    <p>En seulement trois mois, ENAiKOON a \u00e9labor\u00e9 un nouveau module de g\u00e9olocalisation pour la surveillance des piles de bois : l\u2019ENAiKOON locate-18.<\/p>\r\n<p class=\"gl_space_top10\">\r\nLa solution se compose d\u2019un ensemble de batteries puissantes, d\u2019un capteur de vibrations r\u00e9glable, d\u2019un r\u00e9cepteur GPS pour la g\u00e9olocalisation du bois, ainsi que d\u2019une carte SIM pour la transmission des informations par le r\u00e9seau GPRS<\/p>\r\n<p class=\"gl_space_top10\">\r\nL\u2019ensemble est prot\u00e9g\u00e9 par un tube en plastique de 17 cm de longueur et de 4 cm de diam\u00e8tre<\/p>\r\n<p class=\"gl_space_top10\">\r\nL\u2019entreprise foresti\u00e8re a perc\u00e9 des trous dans certains rondins, pour y ins\u00e9rer des modules ENAiKOON locate-18, en activant au pr\u00e9alable le capteur de vibration.<\/p>\r\n<p class=\"gl_space_top10\">\r\nPuis, elle a dissimul\u00e9 les trous en les recouvrant d\u2019un disque en bois et a d\u00e9pos\u00e9 un rondin de ce type dans chaque pile.<\/p>\r\n<p class=\"gl_space_top10\">\r\nD\u00e8s que l\u2019un des rondins \u00e9quip\u00e9s \u00e9tait d\u00e9plac\u00e9, le module de g\u00e9olocalisation envoyait une alerte au serveur et activait l\u2019envoie d\u2019e-mail \u00e0 la soci\u00e9t\u00e9 de surveillance. Avant d\u2019envoyer une pile de rondins \u00e0 la scierie, l\u2019entreprise charg\u00e9e de la surveillance en \u00e9tait inform\u00e9e et venait retirer le module.\r\n<\/p>\r\n\t\t<\/div>\r\n\t\t<\/div>\r\n\t\t\r\n\t\t<div class=\"col-md-4\">\r\n\t\t<div class=\"gl_space_left10\">\r\n\t\t <div class=\"gl_h4big\">Conclusion<\/div>\r\n    <p>Peu de temps apr\u00e8s leur installation, les modules ENAiKOON locate-18 ont permis de d\u00e9voiler le syst\u00e8me mis en place pour voler le bois de l\u2019exploitation. Les chauffeurs, employ\u00e9s par le forestier pour emporter le bois coup\u00e9, prenaient plus de rondins que pr\u00e9vus et apportaient le bois vol\u00e9 \u00e0 la m\u00eame scierie que celle qui recevait les livraisons habituelles. L\u2019investissement s\u2019est donc r\u00e9v\u00e9l\u00e9 tr\u00e8s rentable pour le forestier : les vols de bois ont cess\u00e9 et les voleurs, ainsi que leurs associ\u00e9s de la scierie, ont \u00e9t\u00e9 jug\u00e9s par un tribunal.<\/p>\r\n<div class=\"gl_space_top15\"><\/div>\r\n    <div><a class=\"gl_button_grey\"  href=\"https:\/\/www.enaikoon.com\/fr\/ressources\/application-et-themes\/\">Lire nos autres fiches<\/a> <\/div>\r\n    <div><a class=\"gl_button_blue\" href=\"https:\/\/www.enaikoon.com\/fr\/contact\/contact\/\">Nous contacter<\/a> <\/div>\r\n<div class=\"gl_space_top15\">Pour plus d&rsquo;informations sur cette \u00e9tude et sur les solutions propos\u00e9es par ENAiKOON, merci de cliquer sur le bouton ci-dessous pour acc\u00e9der au m\u00e9moire universitaire de Tim Eickmann intitul\u00e9 \u00ab\u00a0Diebstahlsicherung von Rohholz mittels GPS-gest\u00fctzter Verfahren\u00a0\u00bb.<\/div>\r\n    <div><a class=\"gl_button_blue\" rel=\"nofollow\" href=\"https:\/\/www.enaikoon.com\/fileadmin\/enaikoon_2011\/DEVICES\/Locate_series\/locate-18\/Diebstahlsicherung_von_Rohholz_mittels_GPS_gestuetzter_Verfahren.pdf\" target=\"_blank\">M\u00e9moire de licence<\/a> <\/div>\r\n<div><a class=\"gl_button_grey\"  rel=\"nofollow\" href=\"https:\/\/www.enaikoon.com\/fileadmin\/enaikoon\/Dateien\/pdf\/Datenblatt\/treeguard\/englisch\/ENAiKOON_tree-guard.pdf\" target=\"_blank\">TREE GUARD MANUEL (AN)<\/a> <\/div>\r\n    <div class=\"gl_space_top15\">Cette solution a \u00e9t\u00e9 appliqu\u00e9e gr\u00e2ce aux dispositifs, aux accessoires, aux logiciels et aux plugins suivants : <\/div>\r\n    \r\n \t <div><a class=\"gl_button_yellow\"  href=\"https:\/\/www.enaikoon.com\/fr\/logiciel\/inviu-pro\/\">inViu pro<\/a> <\/div>\r\n     <div><a class=\"gl_button_yellow\"  href=\"https:\/\/www.enaikoon.com\/fr\/modules-gps\/gamme-locate\/locate-18\/\">locate-18<\/a> <\/div>\r\n\t<div><a class=\"gl_button_yellow\"  href=\"https:\/\/www.enaikoon.com\/fr\/modules-gps\/accessoires\/sim-card\/\">sim-card<\/a> <\/div>\r\n\r\n\t\t<\/div>\r\n\t\t<\/div>\r\n\t\t\r\n\t\t<div class=\"gl_row_space\"><\/div>\r\n<\/div>\r\n\r\n<\/div>","protected":false},"excerpt":{"rendered":"<p> [&hellip;]<\/p>\n","protected":false},"author":7,"featured_media":0,"parent":8355,"menu_order":0,"comment_status":"closed","ping_status":"closed","template":"","meta":{"footnotes":""},"acf":[],"_links":{"self":[{"href":"https:\/\/www.enaikoon.com\/fr\/wp-json\/wp\/v2\/pages\/8376"}],"collection":[{"href":"https:\/\/www.enaikoon.com\/fr\/wp-json\/wp\/v2\/pages"}],"about":[{"href":"https:\/\/www.enaikoon.com\/fr\/wp-json\/wp\/v2\/types\/page"}],"author":[{"embeddable":true,"href":"https:\/\/www.enaikoon.com\/fr\/wp-json\/wp\/v2\/users\/7"}],"replies":[{"embeddable":true,"href":"https:\/\/www.enaikoon.com\/fr\/wp-json\/wp\/v2\/comments?post=8376"}],"version-history":[{"count":11,"href":"https:\/\/www.enaikoon.com\/fr\/wp-json\/wp\/v2\/pages\/8376\/revisions"}],"predecessor-version":[{"id":11407,"href":"https:\/\/www.enaikoon.com\/fr\/wp-json\/wp\/v2\/pages\/8376\/revisions\/11407"}],"up":[{"embeddable":true,"href":"https:\/\/www.enaikoon.com\/fr\/wp-json\/wp\/v2\/pages\/8355"}],"wp:attachment":[{"href":"https:\/\/www.enaikoon.com\/fr\/wp-json\/wp\/v2\/media?parent=8376"}],"curies":[{"name":"wp","href":"https:\/\/api.w.org\/{rel}","templated":true}]}}