{"id":8370,"date":"2016-08-15T04:14:20","date_gmt":"2016-08-15T04:14:20","guid":{"rendered":"https:\/\/www.enaikoon.com\/fr\/?page_id=8370"},"modified":"2016-08-23T11:18:45","modified_gmt":"2016-08-23T11:18:45","slug":"gestion-du-materiel-de-chantier","status":"publish","type":"page","link":"https:\/\/www.enaikoon.com\/fr\/solution\/etudes-de-cas\/gestion-du-materiel-de-chantier\/","title":{"rendered":"gestion du mat\u00e9riel de chantier"},"content":{"rendered":"<div class=\"gl_slide_scroll_box\">\r\n\t<div class=\"gl_scroll_box\">\r\n <noindex><\/noindex>        <ul>\r\n            <li><a class=\"gl_scroll_link_title\" href=\"https:\/\/www.enaikoon.com\/fr\/solution\/etudes-de-cas\/location-de-materiel-de-chantier\/\"  title=\"location de mat\u00e9riel de chantier\" >location de mat\u00e9riel <br\/>de chantier<\/a><br\/>\r\n            <a href=\"https:\/\/www.enaikoon.com\/fr\/solution\/etudes-de-cas\/location-de-materiel-de-chantier\/\"  title=\"location de mat\u00e9riel de chantier\" ><img decoding=\"async\" class=\"gl_scroll_link_img\" src=\"https:\/\/www.enaikoon.com\/wp-content\/uploads\/2016\/07\/case_construction_equipment.png\" alt=\"\" ><\/a><\/li>\r\n            \r\n            <li><a class=\"gl_scroll_link_title\" href=\"https:\/\/www.enaikoon.com\/fr\/solution\/etudes-de-cas\/systeme-antivol-de-carburant\/\"  title=\"syst\u00e8me antivol de carburant\">syst\u00e8me antivol<br\/> \r\nde carburant<\/a><br\/>\r\n            <a href=\"https:\/\/www.enaikoon.com\/fr\/solution\/etudes-de-cas\/systeme-antivol-de-carburant\/\"  title=\"syst\u00e8me antivol de carburant\"><img decoding=\"async\" class=\"gl_scroll_link_img\" src=\"https:\/\/www.enaikoon.com\/wp-content\/uploads\/2016\/07\/case_fuel_theft.png\" alt=\"\"><\/a><\/li>\r\n            \r\n            <li><a class=\"gl_scroll_link_title\" href=\"https:\/\/www.enaikoon.com\/fr\/solution\/etudes-de-cas\/gestion-des-rondes\/\" title=\"gestion des rondes\">gestion des rondes<\/a><br\/>\r\n            <a href=\"https:\/\/www.enaikoon.com\/fr\/solution\/etudes-de-cas\/gestion-des-rondes\/\" title=\"gestion des rondes\"><img decoding=\"async\" class=\"gl_scroll_link_img\" src=\"https:\/\/www.enaikoon.com\/wp-content\/uploads\/2016\/07\/case_guard_tour.png\" alt=\"\" ><\/a><\/li>\r\n            \r\n            <li><a class=\"gl_scroll_link_title\" href=\"https:\/\/www.enaikoon.com\/fr\/solution\/etudes-de-cas\/la-geolocalisation-gps-sur-mobile\/\" title=\"la g\u00e9olocalisation GPS sur mobile\">la g\u00e9olocalisation GPS<br\/>sur mobile<\/a><br\/>\r\n            <a href=\"https:\/\/www.enaikoon.com\/fr\/solution\/etudes-de-cas\/la-geolocalisation-gps-sur-mobile\/\"  title=\"la g\u00e9olocalisation GPS sur mobile\"><img decoding=\"async\" class=\"gl_scroll_link_img\" src=\"https:\/\/www.enaikoon.com\/wp-content\/uploads\/2016\/07\/case_mobile.png\" alt=\"\"><\/a><\/li>\r\n            \r\n            <li><a class=\"gl_scroll_link_title\" href=\"https:\/\/www.enaikoon.com\/fr\/solution\/etudes-de-cas\/gestion-de-la-chaine-du-froid\/\" title=\"gestion de la cha\u00eene du froid\">gestion de la cha\u00eene<br\/>du froid<\/a><br\/>\r\n            <a href=\"https:\/\/www.enaikoon.com\/fr\/solution\/etudes-de-cas\/gestion-de-la-chaine-du-froid\/\" title=\"gestion de la cha\u00eene du froid\"><img decoding=\"async\" class=\"gl_scroll_link_img\" src=\"https:\/\/www.enaikoon.com\/wp-content\/uploads\/2016\/07\/case_cold_chain.png\" alt=\"\"><\/a><\/li>\r\n             \r\n              <li><a class=\"gl_scroll_link_title\" href=\"https:\/\/www.enaikoon.com\/fr\/solution\/etudes-de-cas\/gestion-du-carburant-grace-au-bus-can\/\" title=\"Gestion du carburant gr\u00e2ce au bus CAN\">Gestion du carburant<br\/>gr\u00e2ce au bus CAN<\/a><br\/>\r\n             <a href=\"https:\/\/www.enaikoon.com\/fr\/solution\/etudes-de-cas\/gestion-du-carburant-grace-au-bus-can\/\" title=\"Gestion du carburant gr\u00e2ce au bus CAN\"><img decoding=\"async\" class=\"gl_scroll_link_img\" src=\"https:\/\/www.enaikoon.com\/wp-content\/uploads\/2016\/07\/case_CAN_bus.png\" alt=\"\"><\/a><\/li>\r\n             \r\n             <li><a class=\"gl_scroll_link_title\" href=\"https:\/\/www.enaikoon.com\/fr\/solution\/etudes-de-cas\/gestion-du-materiel-de-chantier\/\"  title=\"gestion du mat\u00e9riel de chantier\">gestion du mat\u00e9riel<br\/>de chantier<\/a><br\/>\r\n<a href=\"https:\/\/www.enaikoon.com\/fr\/solution\/etudes-de-cas\/gestion-du-materiel-de-chantier\/\" title=\"gestion du mat\u00e9riel de chantier\"><img decoding=\"async\" class=\"gl_scroll_link_img_active\" src=\"https:\/\/www.enaikoon.com\/wp-content\/uploads\/2016\/07\/case_construction_asset.png\" alt=\"\"><\/a><\/li>\r\n             \r\n             <li><a class=\"gl_scroll_link_title\" href=\"https:\/\/www.enaikoon.com\/fr\/solution\/etudes-de-cas\/dispatching-et-coordination\/\" title=\"dispatching et coordination\">dispatching et<br\/>coordination<\/a><br\/>\r\n             <a href=\"https:\/\/www.enaikoon.com\/fr\/solution\/etudes-de-cas\/dispatching-et-coordination\/\" title=\"dispatching et coordination\"><img decoding=\"async\" class=\"gl_scroll_link_img\" src=\"https:\/\/www.enaikoon.com\/wp-content\/uploads\/2016\/07\/case_fleet_dispatching.png\" alt=\"\"><\/a><\/li>\r\n             \r\n             <li><a class=\"gl_scroll_link_title\" href=\"https:\/\/www.enaikoon.com\/fr\/solution\/etudes-de-cas\/geolocalisation-gps-de-conteneurs\/\"  title=\"g\u00e9olocalisation GPS de conteneurs\">g\u00e9olocalisation GPS<br\/>de conteneurs<\/a><br\/>\r\n\t\t\t<a href=\"https:\/\/www.enaikoon.com\/fr\/solution\/etudes-de-cas\/geolocalisation-gps-de-conteneurs\/\"><img decoding=\"async\" class=\"gl_scroll_link_img\" src=\"https:\/\/www.enaikoon.com\/wp-content\/uploads\/2016\/07\/case_GPS.png\" alt=\"\"  title=\"g\u00e9olocalisation GPS de conteneurs\"><\/a><\/li>\r\n             \r\n             <li><a class=\"gl_scroll_link_title\" href=\"https:\/\/www.enaikoon.com\/fr\/solution\/etudes-de-cas\/le-vol-de-bois\/\"  title=\"Le vol de bois\">Le vol de bois<\/a><br\/>\r\n             <a href=\"https:\/\/www.enaikoon.com\/fr\/solution\/etudes-de-cas\/le-vol-de-bois\/\"  title=\"Le vol de bois\"><img decoding=\"async\" class=\"gl_scroll_link_img\" src=\"https:\/\/www.enaikoon.com\/wp-content\/uploads\/2016\/07\/case_timber_theft.png\" alt=\"\"><\/a><\/li>\r\n             \r\n             <li><a class=\"gl_scroll_link_title\" href=\"https:\/\/www.enaikoon.com\/fr\/solution\/etudes-de-cas\/programme-de-maintenance\/\" title=\"programme de maintenance\">programme de<br\/>maintenance<\/a><br\/>\r\n             <a href=\"https:\/\/www.enaikoon.com\/fr\/solution\/etudes-de-cas\/programme-de-maintenance\/\" title=\"programme de maintenance\"><img decoding=\"async\" class=\"gl_scroll_link_img\" src=\"https:\/\/www.enaikoon.com\/wp-content\/uploads\/2016\/07\/case_fleet_maintenance.png\" alt=\"\"><\/a><\/li>\r\n             \r\n             <li><a class=\"gl_scroll_link_title\" href=\"https:\/\/www.enaikoon.com\/fr\/solution\/etudes-de-cas\/securite-et-protection-antivol\/\" title=\"s\u00e9curit\u00e9 et protection antivol\">s\u00e9curit\u00e9 et protection<br\/>antivol<\/a><br\/>\r\n             <a href=\"https:\/\/www.enaikoon.com\/fr\/solution\/etudes-de-cas\/securite-et-protection-antivol\/\" title=\"s\u00e9curit\u00e9 et protection antivol\"><img decoding=\"async\" class=\"gl_scroll_link_img\" src=\"https:\/\/www.enaikoon.com\/wp-content\/uploads\/2016\/07\/case_security.png\" alt=\"\"><\/a><\/li>\r\n             \r\n             <li><a class=\"gl_scroll_link_title\" href=\"https:\/\/www.enaikoon.com\/fr\/solution\/etudes-de-cas\/planification-de-la-logistique\/\" title=\"planification de la logistique\">planification de<br\/>la logistique<\/a><br\/><a href=\"https:\/\/www.enaikoon.com\/fr\/solution\/etudes-de-cas\/planification-de-la-logistique\/\" title=\"planification de la logistique\"><img decoding=\"async\" class=\"gl_scroll_link_img\" src=\"https:\/\/www.enaikoon.com\/wp-content\/uploads\/2016\/07\/case_logistics.png\" alt=\"\"><\/a><\/li>\r\n          <\/ul>\r\n\r\n    <\/div>\r\n<\/div>\r\n\r\n<div class=\"row\">\r\n<div class=\"gl_border-page\">\r\n\r\n\t\t<div class=\"col-md-4\">\r\n\t<div class=\"gl_h2big\">Gestion du mat\u00e9riel <br\/>de chantier\r\n<\/div>\r\n  <img decoding=\"async\" class=\"gl_space_top5\" src=\"https:\/\/www.enaikoon.com\/wp-content\/uploads\/2016\/07\/equipment-management-inactive_19.png\" alt=\"Les solutions t\u00e9l\u00e9matiques d'ENAiKOON pour g\u00e9rer votre mat\u00e9riel de chantier\" title=\"Les solutions t\u00e9l\u00e9matiques d'ENAiKOON pour g\u00e9rer votre mat\u00e9riel de chantier\" >\r\n  \t<div class=\"gl_space_top15\"><\/div>\r\n  <div class=\"gl_h4big\">Entreprise<\/div>\r\n    <p>R\u00fchlmann-Bau GmbH, <br \/>\r\n      Apenburg-Winterfeld, Allemagne<br \/>\r\n    <em>Uwe R\u00fchlmann, chef d&rsquo;entreprise<\/em><\/p>\r\n\t<div class=\"gl_space_top15\"><\/div>\r\n  <div class=\"gl_h4big\">Secteur<\/div>\r\n    <p>BTP<\/p>\r\n     <div class=\"gl_space_top15\"><\/div>\r\n    <div class=\"gl_h4big\">Contexte<\/div>\r\n    <p>R\u00fchlmann-Bau GmbH Winterfeld, fond\u00e9e en 1987, est une entreprise de   construction de taille moyenne, situ\u00e9e en Saxe-Anhalt, en Allemagne. <\/p>\r\n   \r\n\t\t\t\r\n\t\t<\/div>\r\n\t\t\r\n\t\t<div class=\"col-md-4\">\r\n\t\t<div class=\"gl_space_right5\">\r\n      <div class=\"gl_h4big\">Probl\u00e8me<\/div>\r\n    <p>L&rsquo;entreprise dispose d&rsquo;un grand parc moderne avec un \u00e9quipement   sp\u00e9cialis\u00e9 (foreuses horizontales, verticales, b\u00e9tonneuses&#8230;). Au   total, elle doit coordonner et prot\u00e9ger du vol pr\u00e8s de 120 machines, qui   sont constamment utilis\u00e9es. Plus il y a d&rsquo;\u00e9quipes sur le terrain, plus   l&rsquo;entreprise doit faciliter\u00a0la communication entre le centre de   r\u00e9partition et les diff\u00e9rents chantiers.<\/p>\r\n    <div class=\"gl_space_top15\"><\/div>\r\n     <div class=\"gl_h4big\"> Solution<\/div>\r\n    <p>En mars 2009, l&rsquo;entreprise installe des kits d&rsquo;\u00e9valuation ENAiKOON sur   plusieurs v\u00e9hicules. D\u00e8s le mois de mai, elle d\u00e9cide d&rsquo;\u00e9quiper tous ses   v\u00e9hicules : \u00ab Pour moi, c&rsquo;est primordial d&rsquo;installer des modules   d&rsquo;ENAiKOON sur l&rsquo;ensemble de nos \u00e9quipements parce que, premi\u00e8rement, je   peux mieux coordonner mon mat\u00e9riel et surveiller comment et o\u00f9 il est   d\u00e9ploy\u00e9, et ensuite, parce que je veux pouvoir traiter mes conducteurs   sur un pied d&rsquo;\u00e9galit\u00e9 \u00bb.<\/p>\r\n\t\t<\/div>\r\n\t\t<\/div>\r\n\t\t\r\n\t\t<div class=\"col-md-4\">\r\n\t\t<div class=\"gl_space_left15\">\r\n\t\t <div class=\"gl_h4big\">Conclusion<\/div>\r\n    <p>Le chef de chantier peut conna\u00eetre l&#8217;emplacement et l&rsquo;\u00e9tat de son   mat\u00e9riel en temps r\u00e9el. ENAiKOON fournit un \u00e9quipement qui calcule   l&#8217;emplacement des v\u00e9hicules avec pr\u00e9cision.<\/p>\r\n<div class=\"gl_space_top15\"><\/div>\r\n    <div><a class=\"gl_button_grey\"  href=\"https:\/\/www.enaikoon.com\/fr\/ressources\/application-et-themes\/\">Lire nos autres fiches<\/a> <\/div>\r\n    <div><a class=\"gl_button_blue\" href=\"https:\/\/www.enaikoon.com\/fr\/contact\/contact\/\">Nous contacter<\/a> <\/div>\r\n<div class=\"gl_space_top15\">Cette solution a \u00e9t\u00e9 appliqu\u00e9e gr\u00e2ce aux dispositifs, aux accessoires, aux logiciels et aux plugins suivants : <\/div>\r\n    \r\n \t <div><a class=\"gl_button_yellow\"  href=\"https:\/\/www.enaikoon.com\/fr\/logiciel\/inviu-pro\/\">inViu pro<\/a> <\/div>\r\n\t<div><a class=\"gl_button_yellow\"  href=\"https:\/\/www.enaikoon.com\/fr\/modules-gps\/gamme-locate\/locate-06\/\">locate-06<\/a> <\/div>\r\n    <div><a class=\"gl_button_yellow\"  href=\"https:\/\/www.enaikoon.com\/fr\/modules-gps\/accessoires\/temp-sensor\/\">temp-sensor<\/a> <\/div>\r\n\t<div><a class=\"gl_button_yellow\"  href=\"https:\/\/www.enaikoon.com\/fr\/modules-gps\/accessoires\/sim-card\/\">sim-card<\/a> <\/div>\r\n\r\n\t\t<\/div>\r\n\t\t<\/div>\r\n\t\t\r\n\t\t<div class=\"gl_row_space\"><\/div>\r\n<\/div>\r\n\r\n<\/div>","protected":false},"excerpt":{"rendered":"<p> [&hellip;]<\/p>\n","protected":false},"author":7,"featured_media":0,"parent":8355,"menu_order":0,"comment_status":"closed","ping_status":"closed","template":"","meta":{"footnotes":""},"acf":[],"_links":{"self":[{"href":"https:\/\/www.enaikoon.com\/fr\/wp-json\/wp\/v2\/pages\/8370"}],"collection":[{"href":"https:\/\/www.enaikoon.com\/fr\/wp-json\/wp\/v2\/pages"}],"about":[{"href":"https:\/\/www.enaikoon.com\/fr\/wp-json\/wp\/v2\/types\/page"}],"author":[{"embeddable":true,"href":"https:\/\/www.enaikoon.com\/fr\/wp-json\/wp\/v2\/users\/7"}],"replies":[{"embeddable":true,"href":"https:\/\/www.enaikoon.com\/fr\/wp-json\/wp\/v2\/comments?post=8370"}],"version-history":[{"count":3,"href":"https:\/\/www.enaikoon.com\/fr\/wp-json\/wp\/v2\/pages\/8370\/revisions"}],"predecessor-version":[{"id":9627,"href":"https:\/\/www.enaikoon.com\/fr\/wp-json\/wp\/v2\/pages\/8370\/revisions\/9627"}],"up":[{"embeddable":true,"href":"https:\/\/www.enaikoon.com\/fr\/wp-json\/wp\/v2\/pages\/8355"}],"wp:attachment":[{"href":"https:\/\/www.enaikoon.com\/fr\/wp-json\/wp\/v2\/media?parent=8370"}],"curies":[{"name":"wp","href":"https:\/\/api.w.org\/{rel}","templated":true}]}}