{"id":8368,"date":"2016-08-15T04:12:25","date_gmt":"2016-08-15T04:12:25","guid":{"rendered":"https:\/\/www.enaikoon.com\/fr\/?page_id=8368"},"modified":"2016-09-08T07:23:15","modified_gmt":"2016-09-08T07:23:15","slug":"gestion-du-carburant-grace-au-bus-can","status":"publish","type":"page","link":"https:\/\/www.enaikoon.com\/fr\/solution\/etudes-de-cas\/gestion-du-carburant-grace-au-bus-can\/","title":{"rendered":"Gestion du carburant gr\u00e2ce au bus CAN"},"content":{"rendered":"<div class=\"gl_slide_scroll_box\">\r\n\t<div class=\"gl_scroll_box\">\r\n <noindex><\/noindex>        <ul>\r\n            <li><a class=\"gl_scroll_link_title\" href=\"https:\/\/www.enaikoon.com\/fr\/solution\/etudes-de-cas\/location-de-materiel-de-chantier\/\"  title=\"location de mat\u00e9riel de chantier\" >location de mat\u00e9riel <br\/>de chantier<\/a><br\/>\r\n            <a href=\"https:\/\/www.enaikoon.com\/fr\/solution\/etudes-de-cas\/location-de-materiel-de-chantier\/\"  title=\"location de mat\u00e9riel de chantier\" ><img decoding=\"async\" class=\"gl_scroll_link_img\" src=\"https:\/\/www.enaikoon.com\/wp-content\/uploads\/2016\/07\/case_construction_equipment.png\" alt=\"\" ><\/a><\/li>\r\n            \r\n            <li><a class=\"gl_scroll_link_title\" href=\"https:\/\/www.enaikoon.com\/fr\/solution\/etudes-de-cas\/systeme-antivol-de-carburant\/\"  title=\"syst\u00e8me antivol de carburant\">syst\u00e8me antivol<br\/> \r\nde carburant<\/a><br\/>\r\n            <a href=\"https:\/\/www.enaikoon.com\/fr\/solution\/etudes-de-cas\/systeme-antivol-de-carburant\/\"  title=\"syst\u00e8me antivol de carburant\"><img decoding=\"async\" class=\"gl_scroll_link_img\" src=\"https:\/\/www.enaikoon.com\/wp-content\/uploads\/2016\/07\/case_fuel_theft.png\" alt=\"\"><\/a><\/li>\r\n            \r\n            <li><a class=\"gl_scroll_link_title\" href=\"https:\/\/www.enaikoon.com\/fr\/solution\/etudes-de-cas\/gestion-des-rondes\/\" title=\"gestion des rondes\">gestion des rondes<\/a><br\/>\r\n            <a href=\"https:\/\/www.enaikoon.com\/fr\/solution\/etudes-de-cas\/gestion-des-rondes\/\" title=\"gestion des rondes\"><img decoding=\"async\" class=\"gl_scroll_link_img\" src=\"https:\/\/www.enaikoon.com\/wp-content\/uploads\/2016\/07\/case_guard_tour.png\" alt=\"\" ><\/a><\/li>\r\n            \r\n            <li><a class=\"gl_scroll_link_title\" href=\"https:\/\/www.enaikoon.com\/fr\/solution\/etudes-de-cas\/la-geolocalisation-gps-sur-mobile\/\" title=\"la g\u00e9olocalisation GPS sur mobile\">la g\u00e9olocalisation GPS<br\/>sur mobile<\/a><br\/>\r\n            <a href=\"https:\/\/www.enaikoon.com\/fr\/solution\/etudes-de-cas\/la-geolocalisation-gps-sur-mobile\/\"  title=\"la g\u00e9olocalisation GPS sur mobile\"><img decoding=\"async\" class=\"gl_scroll_link_img\" src=\"https:\/\/www.enaikoon.com\/wp-content\/uploads\/2016\/07\/case_mobile.png\" alt=\"\"><\/a><\/li>\r\n            \r\n            <li><a class=\"gl_scroll_link_title\" href=\"https:\/\/www.enaikoon.com\/fr\/solution\/etudes-de-cas\/gestion-de-la-chaine-du-froid\/\" title=\"gestion de la cha\u00eene du froid\">gestion de la cha\u00eene<br\/>du froid<\/a><br\/>\r\n            <a href=\"https:\/\/www.enaikoon.com\/fr\/solution\/etudes-de-cas\/gestion-de-la-chaine-du-froid\/\" title=\"gestion de la cha\u00eene du froid\"><img decoding=\"async\" class=\"gl_scroll_link_img\" src=\"https:\/\/www.enaikoon.com\/wp-content\/uploads\/2016\/07\/case_cold_chain.png\" alt=\"\"><\/a><\/li>\r\n             \r\n              <li><a class=\"gl_scroll_link_title\" href=\"https:\/\/www.enaikoon.com\/fr\/solution\/etudes-de-cas\/gestion-du-carburant-grace-au-bus-can\/\" title=\"Gestion du carburant gr\u00e2ce au bus CAN\">Gestion du carburant<br\/>gr\u00e2ce au bus CAN<\/a><br\/>\r\n             <a href=\"https:\/\/www.enaikoon.com\/fr\/solution\/etudes-de-cas\/gestion-du-carburant-grace-au-bus-can\/\" title=\"Gestion du carburant gr\u00e2ce au bus CAN\"><img decoding=\"async\" class=\"gl_scroll_link_img_active\" src=\"https:\/\/www.enaikoon.com\/wp-content\/uploads\/2016\/07\/case_CAN_bus.png\" alt=\"\"><\/a><\/li>\r\n             \r\n             <li><a class=\"gl_scroll_link_title\" href=\"https:\/\/www.enaikoon.com\/fr\/solution\/etudes-de-cas\/gestion-du-materiel-de-chantier\/\"  title=\"gestion du mat\u00e9riel de chantier\">gestion du mat\u00e9riel<br\/>de chantier<\/a><br\/>\r\n<a href=\"https:\/\/www.enaikoon.com\/fr\/solution\/etudes-de-cas\/gestion-du-materiel-de-chantier\/\" title=\"gestion du mat\u00e9riel de chantier\"><img decoding=\"async\" class=\"gl_scroll_link_img\" src=\"https:\/\/www.enaikoon.com\/wp-content\/uploads\/2016\/07\/case_construction_asset.png\" alt=\"\"><\/a><\/li>\r\n             \r\n             <li><a class=\"gl_scroll_link_title\" href=\"https:\/\/www.enaikoon.com\/fr\/solution\/etudes-de-cas\/dispatching-et-coordination\/\" title=\"dispatching et coordination\">dispatching et<br\/>coordination<\/a><br\/>\r\n             <a href=\"https:\/\/www.enaikoon.com\/fr\/solution\/etudes-de-cas\/dispatching-et-coordination\/\" title=\"dispatching et coordination\"><img decoding=\"async\" class=\"gl_scroll_link_img\" src=\"https:\/\/www.enaikoon.com\/wp-content\/uploads\/2016\/07\/case_fleet_dispatching.png\" alt=\"\"><\/a><\/li>\r\n             \r\n             <li><a class=\"gl_scroll_link_title\" href=\"https:\/\/www.enaikoon.com\/fr\/solution\/etudes-de-cas\/geolocalisation-gps-de-conteneurs\/\"  title=\"g\u00e9olocalisation GPS de conteneurs\">g\u00e9olocalisation GPS<br\/>de conteneurs<\/a><br\/>\r\n\t\t\t<a href=\"https:\/\/www.enaikoon.com\/fr\/solution\/etudes-de-cas\/geolocalisation-gps-de-conteneurs\/\"><img decoding=\"async\" class=\"gl_scroll_link_img\" src=\"https:\/\/www.enaikoon.com\/wp-content\/uploads\/2016\/07\/case_GPS.png\" alt=\"\"  title=\"g\u00e9olocalisation GPS de conteneurs\"><\/a><\/li>\r\n             \r\n             <li><a class=\"gl_scroll_link_title\" href=\"https:\/\/www.enaikoon.com\/fr\/solution\/etudes-de-cas\/le-vol-de-bois\/\"  title=\"Le vol de bois\">Le vol de bois<\/a><br\/>\r\n             <a href=\"https:\/\/www.enaikoon.com\/fr\/solution\/etudes-de-cas\/le-vol-de-bois\/\"  title=\"Le vol de bois\"><img decoding=\"async\" class=\"gl_scroll_link_img\" src=\"https:\/\/www.enaikoon.com\/wp-content\/uploads\/2016\/07\/case_timber_theft.png\" alt=\"\"><\/a><\/li>\r\n             \r\n             <li><a class=\"gl_scroll_link_title\" href=\"https:\/\/www.enaikoon.com\/fr\/solution\/etudes-de-cas\/programme-de-maintenance\/\" title=\"programme de maintenance\">programme de<br\/>maintenance<\/a><br\/>\r\n             <a href=\"https:\/\/www.enaikoon.com\/fr\/solution\/etudes-de-cas\/programme-de-maintenance\/\" title=\"programme de maintenance\"><img decoding=\"async\" class=\"gl_scroll_link_img\" src=\"https:\/\/www.enaikoon.com\/wp-content\/uploads\/2016\/07\/case_fleet_maintenance.png\" alt=\"\"><\/a><\/li>\r\n             \r\n             <li><a class=\"gl_scroll_link_title\" href=\"https:\/\/www.enaikoon.com\/fr\/solution\/etudes-de-cas\/securite-et-protection-antivol\/\" title=\"s\u00e9curit\u00e9 et protection antivol\">s\u00e9curit\u00e9 et protection<br\/>antivol<\/a><br\/>\r\n             <a href=\"https:\/\/www.enaikoon.com\/fr\/solution\/etudes-de-cas\/securite-et-protection-antivol\/\" title=\"s\u00e9curit\u00e9 et protection antivol\"><img decoding=\"async\" class=\"gl_scroll_link_img\" src=\"https:\/\/www.enaikoon.com\/wp-content\/uploads\/2016\/07\/case_security.png\" alt=\"\"><\/a><\/li>\r\n             \r\n             <li><a class=\"gl_scroll_link_title\" href=\"https:\/\/www.enaikoon.com\/fr\/solution\/etudes-de-cas\/planification-de-la-logistique\/\" title=\"planification de la logistique\">planification de<br\/>la logistique<\/a><br\/><a href=\"https:\/\/www.enaikoon.com\/fr\/solution\/etudes-de-cas\/planification-de-la-logistique\/\" title=\"planification de la logistique\"><img decoding=\"async\" class=\"gl_scroll_link_img\" src=\"https:\/\/www.enaikoon.com\/wp-content\/uploads\/2016\/07\/case_logistics.png\" alt=\"\"><\/a><\/li>\r\n          <\/ul>\r\n\r\n    <\/div>\r\n<\/div>\r\n\r\n<div class=\"row\">\r\n<div class=\"gl_border-page\">\r\n\r\n\t\t<div class=\"col-md-4\">\r\n\t<div class=\"gl_h2big\">Gestion du carburant <br\/>gr\u00e2ce au bus CAN\r\n<\/div>\r\n  <img decoding=\"async\" class=\"gl_space_top5\" src=\"https:\/\/www.enaikoon.com\/wp-content\/uploads\/2016\/07\/ENAiKOON_anti-fuel-theft_A_40.png\" alt=\"Gestion du carburant gr\u00e2ce au bus CAN\" title=\"Gestion du carburant gr\u00e2ce au bus CAN\" >\r\n  \t<div class=\"gl_space_top15\"><\/div>\r\n  <div class=\"gl_h4big\">Entreprise<\/div>\r\n    <p>Spedition Schroeder Logistische Dienstleistungsgesellschaft mbH<br \/>\r\n      Teterow\/Mecklembourg-Pom\u00e9ranie-Occidentale, Allemagne<br \/>\r\n    Jan Schroeder, J\u00f6rg Schroeder (Co-directeurs g\u00e9n\u00e9raux)<\/p>\r\n\t<div class=\"gl_space_top15\"><\/div>\r\n  <div class=\"gl_h4big\">Secteur<\/div>\r\n    <p>Transport de marchandises <br\/>p\u00e9rissables<\/p>\r\n     <div class=\"gl_space_top15\"><\/div>\r\n    <div class=\"gl_h4big\">Contexte<\/div>\r\n    <p>Les transports Schroeder est une entreprise familiale, qui propose des   services de transport courte et longue distance et qui garantit le   transport s\u00e9curis\u00e9 et \u00e9conomique des marchandises. L&rsquo;entreprise   Schroeder propose des services de livraison expresse en porte \u00e0 porte.   En fonction de la mission, elle promet de livrer en 24 heures pour la   distribution de proximit\u00e9 et entre 24 et 48 heures pour les livraisons   dans le reste de l&rsquo;Allemagne. L&rsquo;entreprise est certifi\u00e9e pour le   transport, le stockage et la distribution de produits r\u00e9frig\u00e9r\u00e9s selon   les exigences du nouveau r\u00e9f\u00e9rentiel IFS Logistique version 2.<\/p>\r\n   \r\n\t\t\t\r\n\t\t<\/div>\r\n\t\t\r\n\t\t<div class=\"col-md-4\">\r\n\t\t<div class=\"gl_space_right5\">\r\n      <div class=\"gl_h4big\">Probl\u00e8me<\/div>\r\n    <p>L\u2019augmentation des prix des carburants a mis en p\u00e9ril la rentabilit\u00e9 de certaines op\u00e9rations de transport. Il est ainsi devenu d\u00e9terminant de trouver des solutions pour r\u00e9duire la consommation de carburant. Notre solution, en plus de permettre une r\u00e9duction de 10% de la consommation en carburant par chauffeur, a \u00e9galement permis \u00e0 nos clients de comparer objectivement les styles de conduite de chaque employ\u00e9 et la consommation des diff\u00e9rents v\u00e9hicules ou chauffeurs dans divers secteurs. \u00ab Nous ne voulons pas comparer des pommes et des oranges, notre but est plut\u00f4t de d\u00e9velopper une \u00e9valuation \u00e9quitable pour le chauffeur \u00bb d\u00e9clare Jan Schroeder, codirecteur g\u00e9n\u00e9ral de l&rsquo;entreprise. \u00c9tant donn\u00e9 que Schroeder effectue des services logistiques \u00e0 courte et longue distance, prendre en compte diff\u00e9rents param\u00e8tres est essentiel pour cette soci\u00e9t\u00e9. <\/p>\r\n    <div class=\"gl_space_top15\"><\/div>\r\n     <div class=\"gl_h4big\"> Solution<\/div>\r\n    <p>Les transports Schroeder, bas\u00e9s \u00e0 Teterow en Allemagne, ont install\u00e9 des modules t\u00e9l\u00e9matiques ENAiKOON locate-06 avec la compl\u00e8te solution bus CAN. ENAiKOON configure inViu pro, le portail en ligne, pour que l&rsquo;entreprise Schroeder re\u00e7oive un r\u00e9sum\u00e9 facile \u00e0 lire des donn\u00e9es principales. Il peut cr\u00e9er des groupes ou des filtres pour obtenir des comptes-rendus et des graphiques personnalis\u00e9s ; par exemple, il est possible d&rsquo;\u00e9tablir des comptes-rendus qui comparent ses trajets longs et ses trajets courts, en fonction de la consommation de carburant, de la vitesse ou des tours par minute du v\u00e9hicule. L&rsquo;entreprise Schroeder utilise ces outils de mani\u00e8re ambitieuse : elle configure ces donn\u00e9es pour que les chauffeurs soient class\u00e9s en fonction de leur consommation de carburant. Ceux qui consomment plus passent en-dessous  de ceux qui consomment moins. Ils appliquent ainsi syst\u00e8me de prime bas\u00e9 sur ce classement, en esp\u00e9rant motiver les chauffeurs \u00e0 consommer moins de carburant.\r\n    <\/p>\r\n\t\t<\/div>\r\n\t\t<\/div>\r\n\t\t\r\n\t\t<div class=\"col-md-4\">\r\n\t\t<div class=\"gl_space_left15\">\r\n\t\t <div class=\"gl_h4big\">Conclusion<\/div>\r\n    <p>Leur objectif, une baisse de 10 % de frais de carburant par chauffeur en am\u00e9liorant le comportement de ceux-ci, est aujourd&rsquo;hui \u00e0 port\u00e9e de main. En appliquant cette baisse \u00e0 50 longs trajets en camion, les \u00e9conomies peuvent grimper jusqu&rsquo;\u00e0 250 000 \u20ac par an \u2013 soit le prix de deux nouveaux camions.<\/p>\r\n<div class=\"gl_space_top15\"><\/div>\r\n    <div><a class=\"gl_button_grey\"  href=\"https:\/\/www.enaikoon.com\/fr\/ressources\/application-et-themes\/\">Lire nos autres fiches<\/a> <\/div>\r\n    <div><a class=\"gl_button_blue\" href=\"https:\/\/www.enaikoon.com\/fr\/contact\/contact\/\">Nous contacter<\/a> <\/div>\r\n<div class=\"gl_space_top15\">\r\nCette solution a \u00e9t\u00e9 appliqu\u00e9e gr\u00e2ce aux dispositifs, aux accessoires, aux logiciels et aux plugins suivants :  <\/div>\r\n    \r\n \t <div><a class=\"gl_button_yellow\"  href=\"https:\/\/www.enaikoon.com\/fr\/logiciel\/inviu-pro\/\">inViu pro<\/a> <\/div>\r\n     <div><a class=\"gl_button_yellow\"  href=\"https:\/\/www.enaikoon.com\/fr\/logiciel\/plugins\/can-66\/\">CAN-66<\/a> <\/div>\r\n\t<div><a class=\"gl_button_yellow\"  href=\"https:\/\/www.enaikoon.com\/fr\/modules-gps\/gamme-locate\/locate-06\/\">locate-06<\/a> <\/div>\r\n\t<div><a class=\"gl_button_yellow\"  href=\"https:\/\/www.enaikoon.com\/fr\/modules-gps\/accessoires\/sim-card\/\">sim-card<\/a> <\/div>\r\n\r\n\t\t<\/div>\r\n\t\t<\/div>\r\n\t\t\r\n\t\t<div class=\"gl_row_space\"><\/div>\r\n<\/div>\r\n\r\n<\/div>","protected":false},"excerpt":{"rendered":"<p> [&hellip;]<\/p>\n","protected":false},"author":7,"featured_media":0,"parent":8355,"menu_order":0,"comment_status":"closed","ping_status":"closed","template":"","meta":{"footnotes":""},"acf":[],"_links":{"self":[{"href":"https:\/\/www.enaikoon.com\/fr\/wp-json\/wp\/v2\/pages\/8368"}],"collection":[{"href":"https:\/\/www.enaikoon.com\/fr\/wp-json\/wp\/v2\/pages"}],"about":[{"href":"https:\/\/www.enaikoon.com\/fr\/wp-json\/wp\/v2\/types\/page"}],"author":[{"embeddable":true,"href":"https:\/\/www.enaikoon.com\/fr\/wp-json\/wp\/v2\/users\/7"}],"replies":[{"embeddable":true,"href":"https:\/\/www.enaikoon.com\/fr\/wp-json\/wp\/v2\/comments?post=8368"}],"version-history":[{"count":8,"href":"https:\/\/www.enaikoon.com\/fr\/wp-json\/wp\/v2\/pages\/8368\/revisions"}],"predecessor-version":[{"id":10635,"href":"https:\/\/www.enaikoon.com\/fr\/wp-json\/wp\/v2\/pages\/8368\/revisions\/10635"}],"up":[{"embeddable":true,"href":"https:\/\/www.enaikoon.com\/fr\/wp-json\/wp\/v2\/pages\/8355"}],"wp:attachment":[{"href":"https:\/\/www.enaikoon.com\/fr\/wp-json\/wp\/v2\/media?parent=8368"}],"curies":[{"name":"wp","href":"https:\/\/api.w.org\/{rel}","templated":true}]}}