{"id":8361,"date":"2016-08-15T04:06:58","date_gmt":"2016-08-15T04:06:58","guid":{"rendered":"https:\/\/www.enaikoon.com\/fr\/?page_id=8361"},"modified":"2016-09-13T03:37:16","modified_gmt":"2016-09-13T03:37:16","slug":"gestion-des-rondes","status":"publish","type":"page","link":"https:\/\/www.enaikoon.com\/fr\/solution\/etudes-de-cas\/gestion-des-rondes\/","title":{"rendered":"gestion des rondes"},"content":{"rendered":"<div class=\"gl_slide_scroll_box\">\r\n\t<div class=\"gl_scroll_box\">\r\n <noindex><\/noindex>        <ul>\r\n            <li><a class=\"gl_scroll_link_title\" href=\"https:\/\/www.enaikoon.com\/fr\/solution\/etudes-de-cas\/location-de-materiel-de-chantier\/\"  title=\"location de mat\u00e9riel de chantier\" >location de mat\u00e9riel <br\/>de chantier<\/a><br\/>\r\n            <a href=\"https:\/\/www.enaikoon.com\/fr\/solution\/etudes-de-cas\/location-de-materiel-de-chantier\/\"  title=\"location de mat\u00e9riel de chantier\" ><img decoding=\"async\" class=\"gl_scroll_link_img\" src=\"https:\/\/www.enaikoon.com\/wp-content\/uploads\/2016\/07\/case_construction_equipment.png\" alt=\"\" ><\/a><\/li>\r\n            \r\n            <li><a class=\"gl_scroll_link_title\" href=\"https:\/\/www.enaikoon.com\/fr\/solution\/etudes-de-cas\/systeme-antivol-de-carburant\/\"  title=\"syst\u00e8me antivol de carburant\">syst\u00e8me antivol<br\/> \r\nde carburant<\/a><br\/>\r\n            <a href=\"https:\/\/www.enaikoon.com\/fr\/solution\/etudes-de-cas\/systeme-antivol-de-carburant\/\"  title=\"syst\u00e8me antivol de carburant\"><img decoding=\"async\" class=\"gl_scroll_link_img\" src=\"https:\/\/www.enaikoon.com\/wp-content\/uploads\/2016\/07\/case_fuel_theft.png\" alt=\"\"><\/a><\/li>\r\n            \r\n            <li><a class=\"gl_scroll_link_title\" href=\"https:\/\/www.enaikoon.com\/fr\/solution\/etudes-de-cas\/gestion-des-rondes\/\" title=\"gestion des rondes\">gestion des rondes<\/a><br\/>\r\n            <a href=\"https:\/\/www.enaikoon.com\/fr\/solution\/etudes-de-cas\/gestion-des-rondes\/\" title=\"gestion des rondes\"><img decoding=\"async\" class=\"gl_scroll_link_img_active\" src=\"https:\/\/www.enaikoon.com\/wp-content\/uploads\/2016\/07\/case_guard_tour.png\" alt=\"\" ><\/a><\/li>\r\n            \r\n            <li><a class=\"gl_scroll_link_title\" href=\"https:\/\/www.enaikoon.com\/fr\/solution\/etudes-de-cas\/la-geolocalisation-gps-sur-mobile\/\" title=\"la g\u00e9olocalisation GPS sur mobile\">la g\u00e9olocalisation GPS<br\/>sur mobile<\/a><br\/>\r\n            <a href=\"https:\/\/www.enaikoon.com\/fr\/solution\/etudes-de-cas\/la-geolocalisation-gps-sur-mobile\/\"  title=\"la g\u00e9olocalisation GPS sur mobile\"><img decoding=\"async\" class=\"gl_scroll_link_img\" src=\"https:\/\/www.enaikoon.com\/wp-content\/uploads\/2016\/07\/case_mobile.png\" alt=\"\"><\/a><\/li>\r\n            \r\n            <li><a class=\"gl_scroll_link_title\" href=\"https:\/\/www.enaikoon.com\/fr\/solution\/etudes-de-cas\/gestion-de-la-chaine-du-froid\/\" title=\"gestion de la cha\u00eene du froid\">gestion de la cha\u00eene<br\/>du froid<\/a><br\/>\r\n            <a href=\"https:\/\/www.enaikoon.com\/fr\/solution\/etudes-de-cas\/gestion-de-la-chaine-du-froid\/\" title=\"gestion de la cha\u00eene du froid\"><img decoding=\"async\" class=\"gl_scroll_link_img\" src=\"https:\/\/www.enaikoon.com\/wp-content\/uploads\/2016\/07\/case_cold_chain.png\" alt=\"\"><\/a><\/li>\r\n             \r\n              <li><a class=\"gl_scroll_link_title\" href=\"https:\/\/www.enaikoon.com\/fr\/solution\/etudes-de-cas\/gestion-du-carburant-grace-au-bus-can\/\" title=\"Gestion du carburant gr\u00e2ce au bus CAN\">Gestion du carburant<br\/>gr\u00e2ce au bus CAN<\/a><br\/>\r\n             <a href=\"https:\/\/www.enaikoon.com\/fr\/solution\/etudes-de-cas\/gestion-du-carburant-grace-au-bus-can\/\" title=\"Gestion du carburant gr\u00e2ce au bus CAN\"><img decoding=\"async\" class=\"gl_scroll_link_img\" src=\"https:\/\/www.enaikoon.com\/wp-content\/uploads\/2016\/07\/case_CAN_bus.png\" alt=\"\"><\/a><\/li>\r\n             \r\n             <li><a class=\"gl_scroll_link_title\" href=\"https:\/\/www.enaikoon.com\/fr\/solution\/etudes-de-cas\/gestion-du-materiel-de-chantier\/\"  title=\"gestion du mat\u00e9riel de chantier\">gestion du mat\u00e9riel<br\/>de chantier<\/a><br\/>\r\n<a href=\"https:\/\/www.enaikoon.com\/fr\/solution\/etudes-de-cas\/gestion-du-materiel-de-chantier\/\" title=\"gestion du mat\u00e9riel de chantier\"><img decoding=\"async\" class=\"gl_scroll_link_img\" src=\"https:\/\/www.enaikoon.com\/wp-content\/uploads\/2016\/07\/case_construction_asset.png\" alt=\"\"><\/a><\/li>\r\n             \r\n             <li><a class=\"gl_scroll_link_title\" href=\"https:\/\/www.enaikoon.com\/fr\/solution\/etudes-de-cas\/dispatching-et-coordination\/\" title=\"dispatching et coordination\">dispatching et<br\/>coordination<\/a><br\/>\r\n             <a href=\"https:\/\/www.enaikoon.com\/fr\/solution\/etudes-de-cas\/dispatching-et-coordination\/\" title=\"dispatching et coordination\"><img decoding=\"async\" class=\"gl_scroll_link_img\" src=\"https:\/\/www.enaikoon.com\/wp-content\/uploads\/2016\/07\/case_fleet_dispatching.png\" alt=\"\"><\/a><\/li>\r\n             \r\n             <li><a class=\"gl_scroll_link_title\" href=\"https:\/\/www.enaikoon.com\/fr\/solution\/etudes-de-cas\/geolocalisation-gps-de-conteneurs\/\"  title=\"g\u00e9olocalisation GPS de conteneurs\">g\u00e9olocalisation GPS<br\/>de conteneurs<\/a><br\/>\r\n\t\t\t<a href=\"https:\/\/www.enaikoon.com\/fr\/solution\/etudes-de-cas\/geolocalisation-gps-de-conteneurs\/\"><img decoding=\"async\" class=\"gl_scroll_link_img\" src=\"https:\/\/www.enaikoon.com\/wp-content\/uploads\/2016\/07\/case_GPS.png\" alt=\"\"  title=\"g\u00e9olocalisation GPS de conteneurs\"><\/a><\/li>\r\n             \r\n             <li><a class=\"gl_scroll_link_title\" href=\"https:\/\/www.enaikoon.com\/fr\/solution\/etudes-de-cas\/le-vol-de-bois\/\"  title=\"Le vol de bois\">Le vol de bois<\/a><br\/>\r\n             <a href=\"https:\/\/www.enaikoon.com\/fr\/solution\/etudes-de-cas\/le-vol-de-bois\/\"  title=\"Le vol de bois\"><img decoding=\"async\" class=\"gl_scroll_link_img\" src=\"https:\/\/www.enaikoon.com\/wp-content\/uploads\/2016\/07\/case_timber_theft.png\" alt=\"\"><\/a><\/li>\r\n             \r\n             <li><a class=\"gl_scroll_link_title\" href=\"https:\/\/www.enaikoon.com\/fr\/solution\/etudes-de-cas\/programme-de-maintenance\/\" title=\"programme de maintenance\">programme de<br\/>maintenance<\/a><br\/>\r\n             <a href=\"https:\/\/www.enaikoon.com\/fr\/solution\/etudes-de-cas\/programme-de-maintenance\/\" title=\"programme de maintenance\"><img decoding=\"async\" class=\"gl_scroll_link_img\" src=\"https:\/\/www.enaikoon.com\/wp-content\/uploads\/2016\/07\/case_fleet_maintenance.png\" alt=\"\"><\/a><\/li>\r\n             \r\n             <li><a class=\"gl_scroll_link_title\" href=\"https:\/\/www.enaikoon.com\/fr\/solution\/etudes-de-cas\/securite-et-protection-antivol\/\" title=\"s\u00e9curit\u00e9 et protection antivol\">s\u00e9curit\u00e9 et protection<br\/>antivol<\/a><br\/>\r\n             <a href=\"https:\/\/www.enaikoon.com\/fr\/solution\/etudes-de-cas\/securite-et-protection-antivol\/\" title=\"s\u00e9curit\u00e9 et protection antivol\"><img decoding=\"async\" class=\"gl_scroll_link_img\" src=\"https:\/\/www.enaikoon.com\/wp-content\/uploads\/2016\/07\/case_security.png\" alt=\"\"><\/a><\/li>\r\n             \r\n             <li><a class=\"gl_scroll_link_title\" href=\"https:\/\/www.enaikoon.com\/fr\/solution\/etudes-de-cas\/planification-de-la-logistique\/\" title=\"planification de la logistique\">planification de<br\/>la logistique<\/a><br\/><a href=\"https:\/\/www.enaikoon.com\/fr\/solution\/etudes-de-cas\/planification-de-la-logistique\/\" title=\"planification de la logistique\"><img decoding=\"async\" class=\"gl_scroll_link_img\" src=\"https:\/\/www.enaikoon.com\/wp-content\/uploads\/2016\/07\/case_logistics.png\" alt=\"\"><\/a><\/li>\r\n          <\/ul>\r\n\r\n    <\/div>\r\n<\/div>\r\n\r\n<div class=\"row\">\r\n<div class=\"gl_border-page\">\r\n\r\n\t\t<div class=\"col-md-4\">\r\n\t<div class=\"gl_h2big\">Gestion des rondes<br\/>\r\nde surveillance\r\n<\/div>\r\n  <img decoding=\"async\" class=\"gl_space_top5\" src=\"https:\/\/www.enaikoon.com\/wp-content\/uploads\/2016\/07\/ENAiKOON_flashlight_A_53.png\" alt=\"Les solutions t\u00e9l\u00e9matiques d'ENAiKOON pour optimiser la s\u00e9curit\u00e9 de vos biens\" title=\"Les solutions t\u00e9l\u00e9matiques d'ENAiKOON pour optimiser la s\u00e9curit\u00e9 de vos biens\"  >\r\n\t<div class=\"gl_space_top20\"><\/div>\r\n  <div class=\"gl_h4big\">Entreprise<\/div>\r\n    <p>Bergische Bewachungsgesellschaft m.b.H<br \/>\r\n      Solingen, Allemagne<br \/>\r\n    <em>Directeur g\u00e9n\u00e9ral adjoint \u2013 Evelyn Neuhaus<\/em><\/p>\r\n     <div class=\"gl_space_top15\"><\/div>\r\n    <div class=\"gl_h4big\">Contexte<\/div>\r\n    <p class=\"gl_space_right10\">Pendant 6 ans, Evelyn Neuhaus a \u00e9t\u00e9 directrice g\u00e9n\u00e9rale adjointe de   Bergische Bewachungsgesellschaft, qui offre des services de s\u00e9curit\u00e9   mobile pour de nombreuses entreprises situ\u00e9es dans la r\u00e9gion de   Solingen.<\/p>\r\n    <div class=\"gl_space_top15\"><\/div>\r\n  <div class=\"gl_h4big\">Probl\u00e8me<\/div>\r\n    <p>Le pr\u00e9c\u00e9dent syst\u00e8me en place pour le contr\u00f4le des rondes \u00e9tait compos\u00e9   d&rsquo;une baguette, qui lisait un code-barre et qui \u00e9tait restitu\u00e9 au poste   central \u00e0 la fin du service, pour que les informations y soient   t\u00e9l\u00e9charg\u00e9es. Le syst\u00e8me co\u00fbtait cher et ne pouvait pas informer de la   position des agents de s\u00e9curit\u00e9 en temps r\u00e9el. De plus, les codes-barres   n&rsquo;\u00e9taient pas lisibles par mauvais temps et le remplacement de certains   composants du lecteur co\u00fbtait tr\u00e8s cher car les pi\u00e8ces n&rsquo;\u00e9taient   disponibles que chez un seul fournisseur.<\/p>\r\n   \r\n\t\t\t\r\n\t\t<\/div>\r\n\t\t\r\n\t\t<div class=\"col-md-4\">\r\n\t\t<div class=\"gl_space_right5\">\r\n     <div class=\"gl_h4big\"> Solution<\/div>\r\n    <p>L&rsquo;entreprise a remplac\u00e9 le pr\u00e9c\u00e9dent syst\u00e8me par le syst\u00e8me NFC-tracker   d&rsquo;ENAiKOON. Evelyn Neuhaus a choisi ENAiKOON car selon elle \u00ab le syst\u00e8me   ENAiKOON revient moins cher \u00e0 l&rsquo;achat et en frais courant qu&rsquo;un syst\u00e8me   adapt\u00e9 sp\u00e9cifiquement au secteur. De plus, \u00e0 part pour le logiciel   d&rsquo;ENAiKOON, le syst\u00e8me ne nous lie \u00e0 aucun fournisseur, puisqu&rsquo;il n&rsquo;a   besoin que d&rsquo;un smartphone Android compatible NFC, disponible dans la   commerce. \u00bb Les baguettes ont donc \u00e9t\u00e9 remplac\u00e9es par des smartphones   compatibles NFC, afin d&rsquo;am\u00e9liorer la communication entre le dispatcheur   et les agents, tout en permettant de t\u00e9l\u00e9charger imm\u00e9diatement les   donn\u00e9es relev\u00e9es par les rondiers, pour qu&rsquo;elles soient disponibles   instantan\u00e9ment par Bergische Bewachungsgesellschaft et ses clients ! De   plus, puisque l&rsquo;entreprise n&rsquo;est li\u00e9e \u00e0 aucun fournisseur pour les   pi\u00e8ces d\u00e9tach\u00e9es, elle peut r\u00e9parer son mat\u00e9riel \u00e0 peu de frais. Evelyn   Neuhaus pr\u00e9cise \u00e9galement les autres avantages pour Bergische   Bewachungsgesellschaft : \u00ab Le fait que les modules permettent de   transmettre des donn\u00e9es et donc de g\u00e9olocaliser les t\u00e9l\u00e9phones en   permanence repr\u00e9sente un \u00e9norme avantage pour nous. Si un point de   contr\u00f4le est oubli\u00e9, nous recevons instantan\u00e9ment un message pour nous   en informer. Si des rondiers sont en difficult\u00e9, nous savons   instantan\u00e9ment o\u00f9 ils se trouvent. Si nous recevons des demandes de   missions sp\u00e9ciales, nous pouvons envoyer l&rsquo;agent le plus proche du lieu \u00e0   couvrir. Ce syst\u00e8me, en plus d\u2019\u00eatre tr\u00e8s flexible, nous permet \u00e9galement de combiner plusieurs outils sur un seul smartphone. \u00bb\r\n    <\/p>\r\n\t\t<\/div>\r\n\t\t<\/div>\r\n\t\t\r\n\t\t<div class=\"col-md-4\">\r\n\t\t<div class=\"gl_space_left15\">\r\n\t\t <div class=\"gl_h4big\">Conclusion<\/div>\r\n    <p>En offrant \u00e0 Bergische Bewachungsgesellschaft et \u00e0 ses clients un moyen   de surveiller l&rsquo;activit\u00e9 des agents de s\u00e9curit\u00e9, ce syst\u00e8me a am\u00e9lior\u00e9   la communication, le temps de r\u00e9ponse, la s\u00e9curit\u00e9 des agents au cours   de leurs rondes, a offert plus de flexibilit\u00e9 \u00e0 l&rsquo;entreprise et a permis d\u2019\u00e9tablir un partenariat plus transparent avec la client\u00e8le. Aussi, gr\u00e2ce \u00e0 du   mat\u00e9riel et \u00e0 des frais d&rsquo;entretien r\u00e9duits, le syst\u00e8me NFC-tracker est   ind\u00e9niablement le syst\u00e8me de contr\u00f4le des rondes le plus abordable et le   plus efficace sur le march\u00e9.<\/p>\r\n<div class=\"gl_space_top15\"><\/div>\r\n    <div><a class=\"gl_button_grey\"  href=\"https:\/\/www.enaikoon.com\/fr\/ressources\/application-et-themes\/\">Lire nos autres fiches<\/a> <\/div>\r\n    <div><a class=\"gl_button_blue\" href=\"https:\/\/www.enaikoon.com\/fr\/contact\/contact\/\">Nous contacter<\/a> <\/div>\r\n<div class=\"gl_space_top15\">\r\n   Cette solution a \u00e9t\u00e9 appliqu\u00e9e gr\u00e2ce aux dispositifs, aux accessoires, aux logiciels et aux plugins suivants : <\/div>\r\n    \r\n \t <div><a class=\"gl_button_yellow\"  href=\"https:\/\/www.enaikoon.com\/fr\/logiciel\/inviu-pro\/\">inViu pro<\/a> <\/div>\r\n     <div><a class=\"gl_button_yellow\"  href=\"https:\/\/www.enaikoon.com\/fr\/mobile\/plugins\/nfc-tracker\/\">NFC-tracker<\/a> <\/div>\r\n     <div><a class=\"gl_button_yellow\"  href=\"https:\/\/www.enaikoon.com\/fr\/logiciel\/plugins\/tour-checker\/\">tour-checker<\/a> <\/div>\r\n     <div class=\"gl_space_top10\"><span style=\"color:#000\">Galaxy Mini 2<\/span><\/div>\r\n\t\t<\/div>\r\n\t\t<\/div>\r\n\t\t\r\n\t\t<div class=\"gl_row_space\"><\/div>\r\n<\/div>\r\n\r\n<\/div>","protected":false},"excerpt":{"rendered":"<p> [&hellip;]<\/p>\n","protected":false},"author":7,"featured_media":0,"parent":8355,"menu_order":0,"comment_status":"closed","ping_status":"closed","template":"","meta":{"footnotes":""},"acf":[],"_links":{"self":[{"href":"https:\/\/www.enaikoon.com\/fr\/wp-json\/wp\/v2\/pages\/8361"}],"collection":[{"href":"https:\/\/www.enaikoon.com\/fr\/wp-json\/wp\/v2\/pages"}],"about":[{"href":"https:\/\/www.enaikoon.com\/fr\/wp-json\/wp\/v2\/types\/page"}],"author":[{"embeddable":true,"href":"https:\/\/www.enaikoon.com\/fr\/wp-json\/wp\/v2\/users\/7"}],"replies":[{"embeddable":true,"href":"https:\/\/www.enaikoon.com\/fr\/wp-json\/wp\/v2\/comments?post=8361"}],"version-history":[{"count":10,"href":"https:\/\/www.enaikoon.com\/fr\/wp-json\/wp\/v2\/pages\/8361\/revisions"}],"predecessor-version":[{"id":10713,"href":"https:\/\/www.enaikoon.com\/fr\/wp-json\/wp\/v2\/pages\/8361\/revisions\/10713"}],"up":[{"embeddable":true,"href":"https:\/\/www.enaikoon.com\/fr\/wp-json\/wp\/v2\/pages\/8355"}],"wp:attachment":[{"href":"https:\/\/www.enaikoon.com\/fr\/wp-json\/wp\/v2\/media?parent=8361"}],"curies":[{"name":"wp","href":"https:\/\/api.w.org\/{rel}","templated":true}]}}