{"id":8355,"date":"2016-08-15T04:02:03","date_gmt":"2016-08-15T04:02:03","guid":{"rendered":"https:\/\/www.enaikoon.com\/fr\/?page_id=8355"},"modified":"2016-08-18T07:54:45","modified_gmt":"2016-08-18T07:54:45","slug":"etudes-de-cas","status":"publish","type":"page","link":"https:\/\/www.enaikoon.com\/fr\/solution\/etudes-de-cas\/","title":{"rendered":"\u00e9tudes de cas"},"content":{"rendered":"<div class=\"gl_slide_scroll_box\">\r\n\t<div class=\"gl_scroll_box\">\r\n <noindex><\/noindex>        <ul>\r\n            <li><a class=\"gl_scroll_link_title\" href=\"https:\/\/www.enaikoon.com\/fr\/solution\/etudes-de-cas\/location-de-materiel-de-chantier\/\"  title=\"location de mat\u00e9riel de chantier\" >location de mat\u00e9riel <br\/>de chantier<\/a><br\/>\r\n            <a href=\"https:\/\/www.enaikoon.com\/fr\/solution\/etudes-de-cas\/location-de-materiel-de-chantier\/\"  title=\"location de mat\u00e9riel de chantier\" ><img decoding=\"async\" class=\"gl_scroll_link_img_active\" src=\"https:\/\/www.enaikoon.com\/wp-content\/uploads\/2016\/07\/case_construction_equipment.png\" alt=\"\" ><\/a><\/li>\r\n            \r\n            <li><a class=\"gl_scroll_link_title\" href=\"https:\/\/www.enaikoon.com\/fr\/solution\/etudes-de-cas\/systeme-antivol-de-carburant\/\"  title=\"syst\u00e8me antivol de carburant\">syst\u00e8me antivol<br\/> \r\nde carburant<\/a><br\/>\r\n            <a href=\"https:\/\/www.enaikoon.com\/fr\/solution\/etudes-de-cas\/systeme-antivol-de-carburant\/\"  title=\"syst\u00e8me antivol de carburant\"><img decoding=\"async\" class=\"gl_scroll_link_img\" src=\"https:\/\/www.enaikoon.com\/wp-content\/uploads\/2016\/07\/case_fuel_theft.png\" alt=\"\"><\/a><\/li>\r\n            \r\n            <li><a class=\"gl_scroll_link_title\" href=\"https:\/\/www.enaikoon.com\/fr\/solution\/etudes-de-cas\/gestion-des-rondes\/\" title=\"gestion des rondes\">gestion des rondes<\/a><br\/>\r\n            <a href=\"https:\/\/www.enaikoon.com\/fr\/solution\/etudes-de-cas\/gestion-des-rondes\/\" title=\"gestion des rondes\"><img decoding=\"async\" class=\"gl_scroll_link_img\" src=\"https:\/\/www.enaikoon.com\/wp-content\/uploads\/2016\/07\/case_guard_tour.png\" alt=\"\" ><\/a><\/li>\r\n            \r\n            <li><a class=\"gl_scroll_link_title\" href=\"https:\/\/www.enaikoon.com\/fr\/solution\/etudes-de-cas\/la-geolocalisation-gps-sur-mobile\/\" title=\"la g\u00e9olocalisation GPS sur mobile\">la g\u00e9olocalisation GPS<br\/>sur mobile<\/a><br\/>\r\n            <a href=\"https:\/\/www.enaikoon.com\/fr\/solution\/etudes-de-cas\/la-geolocalisation-gps-sur-mobile\/\"  title=\"la g\u00e9olocalisation GPS sur mobile\"><img decoding=\"async\" class=\"gl_scroll_link_img\" src=\"https:\/\/www.enaikoon.com\/wp-content\/uploads\/2016\/07\/case_mobile.png\" alt=\"\"><\/a><\/li>\r\n            \r\n            <li><a class=\"gl_scroll_link_title\" href=\"https:\/\/www.enaikoon.com\/fr\/solution\/etudes-de-cas\/gestion-de-la-chaine-du-froid\/\" title=\"gestion de la cha\u00eene du froid\">gestion de la cha\u00eene<br\/>du froid<\/a><br\/>\r\n            <a href=\"https:\/\/www.enaikoon.com\/fr\/solution\/etudes-de-cas\/gestion-de-la-chaine-du-froid\/\" title=\"gestion de la cha\u00eene du froid\"><img decoding=\"async\" class=\"gl_scroll_link_img\" src=\"https:\/\/www.enaikoon.com\/wp-content\/uploads\/2016\/07\/case_cold_chain.png\" alt=\"\"><\/a><\/li>\r\n             \r\n              <li><a class=\"gl_scroll_link_title\" href=\"https:\/\/www.enaikoon.com\/fr\/solution\/etudes-de-cas\/gestion-du-carburant-grace-au-bus-can\/\" title=\"Gestion du carburant gr\u00e2ce au bus CAN\">Gestion du carburant<br\/>gr\u00e2ce au bus CAN<\/a><br\/>\r\n             <a href=\"https:\/\/www.enaikoon.com\/fr\/solution\/etudes-de-cas\/gestion-du-carburant-grace-au-bus-can\/\" title=\"Gestion du carburant gr\u00e2ce au bus CAN\"><img decoding=\"async\" class=\"gl_scroll_link_img\" src=\"https:\/\/www.enaikoon.com\/wp-content\/uploads\/2016\/07\/case_CAN_bus.png\" alt=\"\"><\/a><\/li>\r\n             \r\n             <li><a class=\"gl_scroll_link_title\" href=\"https:\/\/www.enaikoon.com\/fr\/solution\/etudes-de-cas\/gestion-du-materiel-de-chantier\/\"  title=\"gestion du mat\u00e9riel de chantier\">gestion du mat\u00e9riel<br\/>de chantier<\/a><br\/>\r\n<a href=\"https:\/\/www.enaikoon.com\/fr\/solution\/etudes-de-cas\/gestion-du-materiel-de-chantier\/\" title=\"gestion du mat\u00e9riel de chantier\"><img decoding=\"async\" class=\"gl_scroll_link_img\" src=\"https:\/\/www.enaikoon.com\/wp-content\/uploads\/2016\/07\/case_construction_asset.png\" alt=\"\"><\/a><\/li>\r\n             \r\n             <li><a class=\"gl_scroll_link_title\" href=\"https:\/\/www.enaikoon.com\/fr\/solution\/etudes-de-cas\/dispatching-et-coordination\/\" title=\"dispatching et coordination\">dispatching et<br\/>coordination<\/a><br\/>\r\n             <a href=\"https:\/\/www.enaikoon.com\/fr\/solution\/etudes-de-cas\/dispatching-et-coordination\/\" title=\"dispatching et coordination\"><img decoding=\"async\" class=\"gl_scroll_link_img\" src=\"https:\/\/www.enaikoon.com\/wp-content\/uploads\/2016\/07\/case_fleet_dispatching.png\" alt=\"\"><\/a><\/li>\r\n             \r\n             <li><a class=\"gl_scroll_link_title\" href=\"https:\/\/www.enaikoon.com\/fr\/solution\/etudes-de-cas\/geolocalisation-gps-de-conteneurs\/\"  title=\"g\u00e9olocalisation GPS de conteneurs\">g\u00e9olocalisation GPS<br\/>de conteneurs<\/a><br\/>\r\n\t\t\t<a href=\"https:\/\/www.enaikoon.com\/fr\/solution\/etudes-de-cas\/geolocalisation-gps-de-conteneurs\/\"><img decoding=\"async\" class=\"gl_scroll_link_img\" src=\"https:\/\/www.enaikoon.com\/wp-content\/uploads\/2016\/07\/case_GPS.png\" alt=\"\"  title=\"g\u00e9olocalisation GPS de conteneurs\"><\/a><\/li>\r\n             \r\n             <li><a class=\"gl_scroll_link_title\" href=\"https:\/\/www.enaikoon.com\/fr\/solution\/etudes-de-cas\/le-vol-de-bois\/\"  title=\"Le vol de bois\">Le vol de bois<\/a><br\/>\r\n             <a href=\"https:\/\/www.enaikoon.com\/fr\/solution\/etudes-de-cas\/le-vol-de-bois\/\"  title=\"Le vol de bois\"><img decoding=\"async\" class=\"gl_scroll_link_img\" src=\"https:\/\/www.enaikoon.com\/wp-content\/uploads\/2016\/07\/case_timber_theft.png\" alt=\"\"><\/a><\/li>\r\n             \r\n             <li><a class=\"gl_scroll_link_title\" href=\"https:\/\/www.enaikoon.com\/fr\/solution\/etudes-de-cas\/programme-de-maintenance\/\" title=\"programme de maintenance\">programme de<br\/>maintenance<\/a><br\/>\r\n             <a href=\"https:\/\/www.enaikoon.com\/fr\/solution\/etudes-de-cas\/programme-de-maintenance\/\" title=\"programme de maintenance\"><img decoding=\"async\" class=\"gl_scroll_link_img\" src=\"https:\/\/www.enaikoon.com\/wp-content\/uploads\/2016\/07\/case_fleet_maintenance.png\" alt=\"\"><\/a><\/li>\r\n             \r\n             <li><a class=\"gl_scroll_link_title\" href=\"https:\/\/www.enaikoon.com\/fr\/solution\/etudes-de-cas\/securite-et-protection-antivol\/\" title=\"s\u00e9curit\u00e9 et protection antivol\">s\u00e9curit\u00e9 et protection<br\/>antivol<\/a><br\/>\r\n             <a href=\"https:\/\/www.enaikoon.com\/fr\/solution\/etudes-de-cas\/securite-et-protection-antivol\/\" title=\"s\u00e9curit\u00e9 et protection antivol\"><img decoding=\"async\" class=\"gl_scroll_link_img\" src=\"https:\/\/www.enaikoon.com\/wp-content\/uploads\/2016\/07\/case_security.png\" alt=\"\"><\/a><\/li>\r\n             \r\n             <li><a class=\"gl_scroll_link_title\" href=\"https:\/\/www.enaikoon.com\/fr\/solution\/etudes-de-cas\/planification-de-la-logistique\/\" title=\"planification de la logistique\">planification de<br\/>la logistique<\/a><br\/><a href=\"https:\/\/www.enaikoon.com\/fr\/solution\/etudes-de-cas\/planification-de-la-logistique\/\" title=\"planification de la logistique\"><img decoding=\"async\" class=\"gl_scroll_link_img\" src=\"https:\/\/www.enaikoon.com\/wp-content\/uploads\/2016\/07\/case_logistics.png\" alt=\"\"><\/a><\/li>\r\n          <\/ul>\r\n\r\n    <\/div>\r\n<\/div>\r\n<div class=\"row\">\r\n<div class=\"gl_border-page\">\r\n\r\n\t\t<div class=\"col-md-4\">\r\n\t<div class=\"gl_h2big\">Location de mat\u00e9riel de chantier<\/div>\r\n  <img decoding=\"async\" class=\"gl_space_top5\" src=\"https:\/\/www.enaikoon.com\/wp-content\/uploads\/2016\/07\/Construction_renting_inactive.png\" alt=\"Les solutions t\u00e9l\u00e9matiques d'ENAiKOON pour les entreprise de location de mat\u00e9riel de chantier\" title=\"Les solutions t\u00e9l\u00e9matiques d'ENAiKOON pour les entreprise de location de mat\u00e9riel de chantier\" >\r\n  <div class=\"gl_h4big\"><br\/>Entreprise<\/div>\r\n    <p>Eberle-Hald Handel und <br\/>Dienstleistungen GmbH &amp; Co. KG, <br\/>Metzingen, Allemagne<br>\r\n    <em>Michael Busch, responsable de la location<\/em><\/p>\r\n<div class=\"gl_space_top15\"><\/div>\r\n <div class=\"gl_h4big\">Secteur<\/div>\r\n    <p>BTP<\/p>\r\n    <div class=\"gl_space_top15\"><\/div>\r\n    <div class=\"gl_h4big\">Contexte<\/div>\r\n    <p>Eberle-Hald est l&rsquo;une des plus grandes entreprises de location de mat\u00e9riel de chantier \u00e0 Stuttgart (sud de l\u2019Allemagne). Elle utilise les solutions t\u00e9l\u00e9matiques d&rsquo;ENAiKOON depuis 2007. Plus de 100 modules \u00e9quipent les machines de neuf secteurs diff\u00e9rents.<\/p>\r\n\t\t\t\r\n\t\t<\/div>\r\n\t\t\r\n\t\t<div class=\"col-md-4\">\r\n\t\t<div class=\"gl_space_right5\">\r\n\t\t <div class=\"gl_h4big\">Probl\u00e8me<\/div>\r\n    <p>\u00ab Il est crucial pour notre entreprise de conna\u00eetre les heures de fonctionnement des machines, l&rsquo;\u00e9tat des batteries, le temps n\u00e9cessaire \u00e0 leur recharge, ou toute autre information concernant notre mat\u00e9riel. En cas de probl\u00e8me technique, notre service d&rsquo;urgence doit pouvoir d\u00e9tecter le probl\u00e8me rapidement pour que la machine soit op\u00e9rationnelle au plus vite. Le syst\u00e8me t\u00e9l\u00e9matique d&rsquo;ENAiKOON nous permet, entre autres, d&rsquo;\u00e9tablir des contrats de location tr\u00e8s pr\u00e9cis ou de savoir pendant combien de jours notre mat\u00e9riel est disponible lorsque nous r\u00e9digeons nos factures. \u00bb<\/p><div class=\"gl_space_top15\"><\/div>\r\n     <div class=\"gl_h4big\"> Solution<\/div>\r\n    <p>Gr\u00e2ce \u00e0 son syst\u00e8me d&rsquo;alerte et \u00e0 ses compte-rendus, inViu pro a satisfait tous les besoins d&rsquo;Eberle-hald concernant la gestion de son mat\u00e9riel de location. L&rsquo;entreprise a alors d\u00e9cid\u00e9 d&rsquo;aller plus loin : elle permet \u00e0 ses clients de voir sur quel site l&rsquo;\u00e9quipement est en cours d&rsquo;utilisation. Ils peuvent ainsi se servir de ces informations pour \u00e9tablir leurs propres factures pour leurs clients.<\/p>\r\n\t\t<\/div>\r\n\t\t<\/div>\r\n\t\t\r\n\t\t<div class=\"col-md-4\">\r\n\t\t<div class=\"gl_space_left15\">\r\n\t\t <div class=\"gl_h4big\">Conclusion<\/div>\r\n    <p style=\"padding-right:20px;\">A tout moment, le logiciel inViu pro permet de savoir sur quel chantier et depuis combien de temps un \u00e9quipement est utilis\u00e9.<\/p>\r\n<div class=\"gl_space_top15\"><\/div>\r\n    <div><a class=\"gl_button_grey\"  href=\"https:\/\/www.enaikoon.com\/fr\/ressources\/application-et-themes\/\">Lire nos autres fiches<\/a> <\/div>\r\n    <div><a class=\"gl_button_blue\" href=\"https:\/\/www.enaikoon.com\/fr\/contact\/contact\/\">Nous contacter<\/a> <\/div>\r\n<div class=\"gl_space_top15\"><\/div>\r\n    <p>Cette solution a \u00e9t\u00e9 appliqu\u00e9e gr\u00e2ce aux dispositifs, aux accessoires, aux logiciels et aux plugins suivants: <\/p>\r\n    \r\n \t <div><a class=\"gl_button_yellow\"  href=\"https:\/\/www.enaikoon.com\/fr\/logiciel\/inviu-pro\/\">inViu pro<\/a> <\/div>\r\n     <div><a class=\"gl_button_yellow\"  href=\"https:\/\/www.enaikoon.com\/fr\/logiciel\/plugins\/can-66\/\">can-66<\/a> <\/div>\r\n     <div><a class=\"gl_button_yellow\"  href=\"https:\/\/www.enaikoon.com\/fr\/logiciel\/plugins\/limit-checker\/\">limit-checker<\/a> <\/div>\r\n     <div><a class=\"gl_button_yellow\"  href=\"https:\/\/www.enaikoon.com\/fr\/modules-gps\/gamme-locate\/locate-06\/\">locate-06<\/a> <\/div>\r\n     <div><a class=\"gl_button_yellow\"  href=\"https:\/\/www.enaikoon.com\/fr\/modules-gps\/accessoires\/antenna\/\">antenna<\/a> <\/div>\r\n     <div><a class=\"gl_button_yellow\"  href=\"https:\/\/www.enaikoon.com\/fr\/modules-gps\/accessoires\/sim-card\/\">sim-card<\/a> <\/div>\r\n\t\t<\/div>\r\n\t\t<\/div>\r\n\t\t\r\n\t\t<div class=\"gl_row_space\"><\/div>\r\n<\/div>\r\n\r\n<\/div>","protected":false},"excerpt":{"rendered":"<p> [&hellip;]<\/p>\n","protected":false},"author":7,"featured_media":0,"parent":8351,"menu_order":0,"comment_status":"closed","ping_status":"closed","template":"","meta":{"footnotes":""},"acf":[],"_links":{"self":[{"href":"https:\/\/www.enaikoon.com\/fr\/wp-json\/wp\/v2\/pages\/8355"}],"collection":[{"href":"https:\/\/www.enaikoon.com\/fr\/wp-json\/wp\/v2\/pages"}],"about":[{"href":"https:\/\/www.enaikoon.com\/fr\/wp-json\/wp\/v2\/types\/page"}],"author":[{"embeddable":true,"href":"https:\/\/www.enaikoon.com\/fr\/wp-json\/wp\/v2\/users\/7"}],"replies":[{"embeddable":true,"href":"https:\/\/www.enaikoon.com\/fr\/wp-json\/wp\/v2\/comments?post=8355"}],"version-history":[{"count":7,"href":"https:\/\/www.enaikoon.com\/fr\/wp-json\/wp\/v2\/pages\/8355\/revisions"}],"predecessor-version":[{"id":9089,"href":"https:\/\/www.enaikoon.com\/fr\/wp-json\/wp\/v2\/pages\/8355\/revisions\/9089"}],"up":[{"embeddable":true,"href":"https:\/\/www.enaikoon.com\/fr\/wp-json\/wp\/v2\/pages\/8351"}],"wp:attachment":[{"href":"https:\/\/www.enaikoon.com\/fr\/wp-json\/wp\/v2\/media?parent=8355"}],"curies":[{"name":"wp","href":"https:\/\/api.w.org\/{rel}","templated":true}]}}