{"id":8353,"date":"2016-08-15T04:01:11","date_gmt":"2016-08-15T04:01:11","guid":{"rendered":"https:\/\/www.enaikoon.com\/fr\/?page_id=8353"},"modified":"2017-11-19T14:54:22","modified_gmt":"2017-11-19T14:54:22","slug":"nos-services","status":"publish","type":"page","link":"https:\/\/www.enaikoon.com\/fr\/solution\/nos-services\/","title":{"rendered":"nos services"},"content":{"rendered":"\n\t\t\t<!-- START ourservices_fr REVOLUTION SLIDER 6.6.16 --><p class=\"rs-p-wp-fix\"><\/p>\n\t\t\t<rs-module-wrap id=\"rev_slider_67_1_wrapper\" data-source=\"gallery\" style=\"visibility:hidden;background:transparent;padding:0;margin:0px auto;margin-top:0;margin-bottom:0;\">\n\t\t\t\t<rs-module id=\"rev_slider_67_1\" style=\"\" data-version=\"6.6.16\">\n\t\t\t\t\t<rs-slides style=\"overflow: hidden; position: absolute;\">\n\t\t\t\t\t\t<rs-slide style=\"position: absolute;\" data-key=\"rs-97\" data-title=\"banner\" data-anim=\"adpr:false;\">\n\t\t\t\t\t\t\t<img src=\"\/\/www.enaikoon.com\/wp-content\/plugins\/revslider\/public\/assets\/assets\/dummy.png\" alt=\"\" title=\"nos services\" class=\"rev-slidebg tp-rs-img rs-lazyload\" data-lazyload=\"\/\/www.enaikoon.com\/wp-content\/uploads\/2016\/07\/ENK-service-bnnr_02.jpg\" data-no-retina>\n<!--\n\t\t\t\t\t\t\t--><rs-layer\n\t\t\t\t\t\t\t\tid=\"slider-67-slide-97-layer-1\" \n\t\t\t\t\t\t\t\tdata-type=\"image\"\n\t\t\t\t\t\t\t\tdata-rsp_ch=\"on\"\n\t\t\t\t\t\t\t\tdata-text=\"l:22;\"\n\t\t\t\t\t\t\t\tdata-dim=\"w:998px;h:300px;\"\n\t\t\t\t\t\t\t\tdata-frame_0=\"tp:600;\"\n\t\t\t\t\t\t\t\tdata-frame_1=\"tp:600;e:power2.inOut;st:500;\"\n\t\t\t\t\t\t\t\tdata-frame_999=\"o:0;tp:600;e:nothing;st:w;\"\n\t\t\t\t\t\t\t\tstyle=\"z-index:5;\"\n\t\t\t\t\t\t\t><img src=\"\/\/www.enaikoon.com\/wp-content\/plugins\/revslider\/public\/assets\/assets\/dummy.png\" alt=\"\" class=\"tp-rs-img rs-lazyload\" data-lazyload=\"\/wp-content\/uploads\/2016\/07\/ENK-service-bnnr_02.jpg\" data-no-retina> \n\t\t\t\t\t\t\t<\/rs-layer><!--\n\n\t\t\t\t\t\t\t--><rs-layer\n\t\t\t\t\t\t\t\tid=\"slider-67-slide-97-layer-2\" \n\t\t\t\t\t\t\t\tclass=\"medium-black-text\"\n\t\t\t\t\t\t\t\tdata-type=\"text\"\n\t\t\t\t\t\t\t\tdata-color=\"rgba(76,76,76,1)\"\n\t\t\t\t\t\t\t\tdata-rsp_ch=\"on\"\n\t\t\t\t\t\t\t\tdata-xy=\"x:528px;y:70px;\"\n\t\t\t\t\t\t\t\tdata-text=\"s:32;l:34;fw:700;\"\n\t\t\t\t\t\t\t\tdata-frame_0=\"y:50px;tp:600;\"\n\t\t\t\t\t\t\t\tdata-frame_1=\"tp:600;e:power2.inOut;st:800;sp:500;\"\n\t\t\t\t\t\t\t\tdata-frame_999=\"o:1;tp:600;e:nothing;st:w;\"\n\t\t\t\t\t\t\t\tstyle=\"z-index:6;font-family:'Myriad Pro';letter-spacing:0 !important;\"\n\t\t\t\t\t\t\t>S'adapter \u00e0 vos besoins \n\t\t\t\t\t\t\t<\/rs-layer><!--\n\n\t\t\t\t\t\t\t--><rs-layer\n\t\t\t\t\t\t\t\tid=\"slider-67-slide-97-layer-3\" \n\t\t\t\t\t\t\t\tclass=\"small-brown-text\"\n\t\t\t\t\t\t\t\tdata-type=\"text\"\n\t\t\t\t\t\t\t\tdata-color=\"rgba(143,143,143,1)\"\n\t\t\t\t\t\t\t\tdata-rsp_ch=\"on\"\n\t\t\t\t\t\t\t\tdata-xy=\"x:528px;y:118px;\"\n\t\t\t\t\t\t\t\tdata-text=\"s:16;l:20;\"\n\t\t\t\t\t\t\t\tdata-frame_0=\"y:50px;tp:600;\"\n\t\t\t\t\t\t\t\tdata-frame_1=\"tp:600;e:power2.inOut;st:800;sp:500;\"\n\t\t\t\t\t\t\t\tdata-frame_999=\"o:1;tp:600;e:nothing;st:w;\"\n\t\t\t\t\t\t\t\tstyle=\"z-index:7;font-family:'Myriad Pro';letter-spacing:1 !important;font-size:14.4px;line-height:17px;\"\n\t\t\t\t\t\t\t>Chez ENAiKOON, nous veillons \u00e0 ce que notre syst\u00e8me int\u00e8gre <br\/>votre activit\u00e9 en douceur. \n\t\t\t\t\t\t\t<\/rs-layer><!--\n\n\t\t\t\t\t\t\t--><rs-layer\n\t\t\t\t\t\t\t\tid=\"slider-67-slide-97-layer-4\" \n\t\t\t\t\t\t\t\tdata-type=\"text\"\n\t\t\t\t\t\t\t\tdata-color=\"rgba(255,255,255,1)\"\n\t\t\t\t\t\t\t\tdata-rsp_ch=\"on\"\n\t\t\t\t\t\t\t\tdata-xy=\"x:528px;y:162px;\"\n\t\t\t\t\t\t\t\tdata-text=\"l:22;\"\n\t\t\t\t\t\t\t\tdata-frame_0=\"y:50px;tp:600;\"\n\t\t\t\t\t\t\t\tdata-frame_1=\"tp:600;e:power2.inOut;st:800;sp:500;\"\n\t\t\t\t\t\t\t\tdata-frame_999=\"o:1;tp:600;e:nothing;st:w;\"\n\t\t\t\t\t\t\t\tstyle=\"z-index:8;font-family:'';\"\n\t\t\t\t\t\t\t><a class=\"gl_button_blue\" href=\"\/fr\/contact\/contact\/\">Contacter nos experts<\/a> \n\t\t\t\t\t\t\t<\/rs-layer><!--\n-->\t\t\t\t\t\t<\/rs-slide>\n\t\t\t\t\t<\/rs-slides>\n\t\t\t\t<\/rs-module>\n\t\t\t\t<script>\n\t\t\t\t\tsetREVStartSize({c: 'rev_slider_67_1',rl:[1240,1024,778,480],el:[],gw:[998],gh:[300],type:'standard',justify:'',layout:'fullwidth',mh:\"0\"});if (window.RS_MODULES!==undefined && window.RS_MODULES.modules!==undefined && window.RS_MODULES.modules[\"revslider671\"]!==undefined) {window.RS_MODULES.modules[\"revslider671\"].once = false;window.revapi67 = undefined;if (window.RS_MODULES.checkMinimal!==undefined) window.RS_MODULES.checkMinimal()}\n\t\t\t\t<\/script>\n\t\t\t<\/rs-module-wrap>\n\t\t\t<!-- END REVOLUTION SLIDER -->\n\r\n\r\n<div class=\"row\">\r\n\t\t<div class=\"col-md-8\">\r\n            <div class=\"gl_h2big\">Nos services<\/div>\r\n            <p class=\"gl_space_right20\">Notre \u00e9quipe d&rsquo;experts en t\u00e9l\u00e9matique vous propose une solution personnalis\u00e9e et con\u00e7ue sur-mesure pour r\u00e9pondre \u00e0 vos besoins, en veillant \u00e0 ne pas changer votre fa\u00e7on de faire des affaires. Nous vous offrons toute l&rsquo;assistance n\u00e9cessaire pour que vous puissiez int\u00e9grer nos solutions \u00e0 votre activit\u00e9, en toute tranquillit\u00e9.<\/p>\r\n            \r\n            <div class=\"gl_services_4boxs\">\r\n            \t<div class=\"gl_services_box\">\r\n                <div class=\"clearfix\">\r\n             <img decoding=\"async\" src=\"https:\/\/www.enaikoon.com\/wp-content\/uploads\/2016\/07\/analysis-icon-small.png\" alt=\"\" \/><p class=\"gl_h3big\">Analyse de la situation<\/p>\r\n                <\/div>\r\n                <p>Nous savons que le succ\u00e8s d&rsquo;une entreprise d\u00e9pend de la qualit\u00e9 de son organisation et de ses pr\u00e9paratifs. Votre expert personnel veillera \u00e0 recueillir les informations n\u00e9cessaires pour comprendre au mieux vos syst\u00e8mes et votre flux op\u00e9rationnel.<\/p>\r\n                <\/div>\r\n                <div class=\"gl_services_box2\">\r\n                <div class=\"clearfix\">\r\n               <img decoding=\"async\" src=\"https:\/\/www.enaikoon.com\/wp-content\/uploads\/2016\/07\/Setup-icon-small.png\" alt=\"\" \/><p class=\"gl_h3big\">Aide \u00e0 la mise en place<\/p>\r\n                <\/div>\r\n                <p>ENAiKOON vous offre, \u00e0 vous et \u00e0 votre \u00e9quipe, une formation gratuite et compl\u00e8te pour vous familiariser avec les appareils et les logiciels qui vous sont fournis. Ces sessions vous aideront \u00e0 d\u00e9couvrir et \u00e0 profiter au maximum de votre solution t\u00e9l\u00e9matique.<\/p>\r\n                <\/div>\r\n                <div class=\"gl_services_box\">\r\n                <div class=\"clearfix\">\r\n                <img decoding=\"async\" src=\"https:\/\/www.enaikoon.com\/wp-content\/uploads\/2016\/07\/Tailored-icon-small_01.png\" alt=\"\" \/><p class=\"gl_h3big\">Une solution sur mesure<\/p>\r\n                <\/div>\r\n                <p>Gr\u00e2ce aux informations ainsi r\u00e9unies, votre expert \u00e9labore une solution personnalis\u00e9e qui assure la s\u00e9curit\u00e9 et l&rsquo;efficacit\u00e9 de vos op\u00e9rations tout en s&rsquo;adaptant \u00e0 vos besoins, \u00e0 votre budget et \u00e0 tout d\u00e9veloppement futur de votre entreprise.<\/p>\r\n                <\/div>\r\n                <div class=\"gl_services_box2\">\r\n                <div class=\"clearfix\">\r\n                <img decoding=\"async\" src=\"https:\/\/www.enaikoon.com\/wp-content\/uploads\/2016\/07\/support-icon-small.png\" alt=\"\"\/><p class=\"gl_h3big\">Assistance technique<\/p>\r\n                <\/div>\r\n                <p>Vous pouvez contacter votre expert par Internet, par t\u00e9l\u00e9phone ou le rencontrer en personne pour une assistance fiable et en toute confiance. Il r\u00e9pond rapidement \u00e0 vos questions, en s&rsquo;adaptant \u00e0 votre emploi du temps. <\/p>\r\n                <\/div>\r\n            \r\n            <\/div>\r\n\r\n       <\/div>\r\n\t\r\n\t\t<div class=\"col-md-4\">\r\n        <div class=\"gl_services_right\">\r\n        <img decoding=\"async\" src=\"https:\/\/www.enaikoon.com\/wp-content\/uploads\/2016\/07\/People_web.png\" width=\"275\"  alt=\"Vous pouvez contacter notre \u00e9quipe d'expert en direct pour qu'elle r\u00e9ponde \u00e0 vos questions \u00e0 votre convenance.\" title=\"Assistance technique en direct\" \/>              \r\n        <div><a class=\"gl_button_yellow\"  href=\"https:\/\/www.enaikoon.com\/fr\/contact\/conseil-dexperts\/\" >Prendre un rendez-vous<\/a><\/div>\r\n        <div><a class=\"gl_button_yellow\"  href=\"https:\/\/www.enaikoon.com\/fr\/solution\/etudes-de-cas\/location-de-materiel-de-chantier\/\">Nos clients t\u00e9moignent<\/a><\/div>\r\n         <\/div>\r\n          <\/div>\r\n\t\r\n\r\n        \r\n\r\n<\/div>\r\n\r\n<hr \/>     <br\/>\r\n <div class=\"row\">\r\n\t\t<div class=\"col-md-4\">\r\n<div class=\"gl_space_right30\">\r\n        <p class=\"gl_h2big\">\r\nNos solutions<br\/> s&rsquo;int\u00e8grent <br\/>directement \u00e0<br\/>\r\nvos serveurs :\r\n<\/p><\/div>\r\n        \r\n        <\/div> \r\n        <div class=\"col-md-4\">\r\n        <div class=\"gl_h3big\">ENAiKOON M2M commserver<\/div>\r\n        <p>Toutes les fonctionnalit\u00e9s d\u2019inViu sur votre serveur.<\/p>\r\n         <div><a class=\"gl_button_grey\"  rel=\"nofollow\" href=\"https:\/\/www.enaikoon.com\/fileadmin\/enaikoon\/Dateien\/pdf\/Datenblatt\/M2M-commserver\/franz\/ENAiKOON_M2M-commserver_Fiches_Produits.pdf\" target=\"_blank\">T\u00e9l\u00e9charger le PDF<\/a><\/div>\r\n <div style=\"margin-top:20px;\"><div class=\"gl_h3big\">ENAiKOON DGPS-enabler<\/div><\/div>\r\n\t\t<p>En suppl\u00e9ment : utilise un GPS diff\u00e9rentiel afin d&rsquo;am\u00e9liorer la pr\u00e9cision des coordonn\u00e9es GPS. Vous pourrez conna\u00eetre la position d&rsquo;un trackable \u00e0 2 m\u00e8tres pr\u00e8s !<\/p>\r\n\t\t <div><a class=\"gl_button_grey\"  rel=\"nofollow\" href=\"https:\/\/www.enaikoon.com\/fileadmin\/enaikoon\/Dateien\/pdf\/Datenblatt\/DGPS-enabler\/franz\/ENAiKOON_DGPS-enabler_Fiches_Produits.pdf\" target=\"_blank\">T\u00e9l\u00e9charger le PDF<\/a><\/div>\r\n        \r\n        <\/div> \r\n        <div class=\"col-md-4\">\r\n       <div class=\"gl_h3big\">ENAiKOON data-forwarder<\/div>\r\n      <p>Faites directement transf\u00e9rer \u00e0 votre serveur les donn\u00e9es collect\u00e9es par inViu !<\/p>\r\n        <div><a class=\"gl_button_grey\" rel=\"nofollow\" href=\"https:\/\/www.enaikoon.com\/fileadmin\/enaikoon\/Dateien\/pdf\/Datenblatt\/data-forwarder\/franz\/ENAiKOON_data-forwarder_Fiches_Produits.pdf\" target=\"_blank\">T\u00e9l\u00e9charger le PDF<\/a><\/div>\r\n         <div><a class=\"gl_button_blue\"  href=\"https:\/\/www.enaikoon.com\/fr\/contact\/contact\/\">Nous contacter<\/a><\/div>\r\n        <\/div> \r\n        \r\n   <\/div> <br\/><br\/>","protected":false},"excerpt":{"rendered":"","protected":false},"author":7,"featured_media":0,"parent":8351,"menu_order":0,"comment_status":"closed","ping_status":"closed","template":"","meta":{"footnotes":""},"acf":[],"_links":{"self":[{"href":"https:\/\/www.enaikoon.com\/fr\/wp-json\/wp\/v2\/pages\/8353"}],"collection":[{"href":"https:\/\/www.enaikoon.com\/fr\/wp-json\/wp\/v2\/pages"}],"about":[{"href":"https:\/\/www.enaikoon.com\/fr\/wp-json\/wp\/v2\/types\/page"}],"author":[{"embeddable":true,"href":"https:\/\/www.enaikoon.com\/fr\/wp-json\/wp\/v2\/users\/7"}],"replies":[{"embeddable":true,"href":"https:\/\/www.enaikoon.com\/fr\/wp-json\/wp\/v2\/comments?post=8353"}],"version-history":[{"count":7,"href":"https:\/\/www.enaikoon.com\/fr\/wp-json\/wp\/v2\/pages\/8353\/revisions"}],"predecessor-version":[{"id":11638,"href":"https:\/\/www.enaikoon.com\/fr\/wp-json\/wp\/v2\/pages\/8353\/revisions\/11638"}],"up":[{"embeddable":true,"href":"https:\/\/www.enaikoon.com\/fr\/wp-json\/wp\/v2\/pages\/8351"}],"wp:attachment":[{"href":"https:\/\/www.enaikoon.com\/fr\/wp-json\/wp\/v2\/media?parent=8353"}],"curies":[{"name":"wp","href":"https:\/\/api.w.org\/{rel}","templated":true}]}}