{"id":8351,"date":"2016-08-15T04:00:17","date_gmt":"2016-08-15T04:00:17","guid":{"rendered":"https:\/\/www.enaikoon.com\/fr\/?page_id=8351"},"modified":"2017-11-19T14:54:03","modified_gmt":"2017-11-19T14:54:03","slug":"solution","status":"publish","type":"page","link":"https:\/\/www.enaikoon.com\/fr\/solution\/","title":{"rendered":"solution"},"content":{"rendered":"\n\t\t\t<!-- START solution_fr REVOLUTION SLIDER 6.6.16 --><p class=\"rs-p-wp-fix\"><\/p>\n\t\t\t<rs-module-wrap id=\"rev_slider_66_1_wrapper\" data-source=\"gallery\" style=\"visibility:hidden;background:transparent;padding:0;margin:0px auto;margin-top:0;margin-bottom:0;\">\n\t\t\t\t<rs-module id=\"rev_slider_66_1\" style=\"\" data-version=\"6.6.16\">\n\t\t\t\t\t<rs-slides style=\"overflow: hidden; position: absolute;\">\n\t\t\t\t\t\t<rs-slide style=\"position: absolute;\" data-key=\"rs-96\" data-title=\"banner\" data-anim=\"adpr:false;\">\n\t\t\t\t\t\t\t<img src=\"\/\/www.enaikoon.com\/wp-content\/plugins\/revslider\/public\/assets\/assets\/dummy.png\" alt=\"\" title=\"solution\" class=\"rev-slidebg tp-rs-img rs-lazyload\" data-lazyload=\"\/\/www.enaikoon.com\/wp-content\/uploads\/2016\/07\/Banner-solution-e_011.jpg\" data-no-retina>\n<!--\n\t\t\t\t\t\t\t--><rs-layer\n\t\t\t\t\t\t\t\tid=\"slider-66-slide-96-layer-1\" \n\t\t\t\t\t\t\t\tdata-type=\"image\"\n\t\t\t\t\t\t\t\tdata-rsp_ch=\"on\"\n\t\t\t\t\t\t\t\tdata-text=\"l:22;\"\n\t\t\t\t\t\t\t\tdata-dim=\"w:998px;h:300px;\"\n\t\t\t\t\t\t\t\tdata-frame_0=\"tp:600;\"\n\t\t\t\t\t\t\t\tdata-frame_1=\"tp:600;e:power2.inOut;st:500;\"\n\t\t\t\t\t\t\t\tdata-frame_999=\"o:0;tp:600;e:nothing;st:w;\"\n\t\t\t\t\t\t\t\tstyle=\"z-index:5;\"\n\t\t\t\t\t\t\t><img src=\"\/\/www.enaikoon.com\/wp-content\/plugins\/revslider\/public\/assets\/assets\/dummy.png\" alt=\"\" class=\"tp-rs-img rs-lazyload\" data-lazyload=\"\/wp-content\/uploads\/2016\/07\/Banner-solution-e_011.jpg\" data-no-retina> \n\t\t\t\t\t\t\t<\/rs-layer><!--\n\n\t\t\t\t\t\t\t--><rs-layer\n\t\t\t\t\t\t\t\tid=\"slider-66-slide-96-layer-2\" \n\t\t\t\t\t\t\t\tclass=\"medium-blue-text\"\n\t\t\t\t\t\t\t\tdata-type=\"text\"\n\t\t\t\t\t\t\t\tdata-color=\"rgba(70,180,231,1)\"\n\t\t\t\t\t\t\t\tdata-rsp_ch=\"on\"\n\t\t\t\t\t\t\t\tdata-xy=\"x:528px;y:64px;\"\n\t\t\t\t\t\t\t\tdata-text=\"s:32;l:34;fw:700;\"\n\t\t\t\t\t\t\t\tdata-frame_0=\"y:50px;tp:600;\"\n\t\t\t\t\t\t\t\tdata-frame_1=\"tp:600;e:power2.inOut;st:800;sp:500;\"\n\t\t\t\t\t\t\t\tdata-frame_999=\"o:1;tp:600;e:nothing;st:w;\"\n\t\t\t\t\t\t\t\tstyle=\"z-index:6;font-family:'Myriad Pro';color:#12B9FF !important;letter-spacing:0px !important;\"\n\t\t\t\t\t\t\t>Des solutions d'une qualit\u00e9 <br\/>sup\u00e9rieure pour le suivi et<br\/>\nle contr\u00f4le de vos biens \n\t\t\t\t\t\t\t<\/rs-layer><!--\n\n\t\t\t\t\t\t\t--><rs-layer\n\t\t\t\t\t\t\t\tid=\"slider-66-slide-96-layer-3\" \n\t\t\t\t\t\t\t\tclass=\"small-brown-text\"\n\t\t\t\t\t\t\t\tdata-type=\"text\"\n\t\t\t\t\t\t\t\tdata-color=\"rgba(143,143,143,1)\"\n\t\t\t\t\t\t\t\tdata-rsp_ch=\"on\"\n\t\t\t\t\t\t\t\tdata-xy=\"x:528px;y:180px;\"\n\t\t\t\t\t\t\t\tdata-text=\"s:16;l:20;\"\n\t\t\t\t\t\t\t\tdata-frame_0=\"y:50px;tp:600;\"\n\t\t\t\t\t\t\t\tdata-frame_1=\"tp:600;e:power2.inOut;st:800;sp:500;\"\n\t\t\t\t\t\t\t\tdata-frame_999=\"o:1;tp:600;e:nothing;st:w;\"\n\t\t\t\t\t\t\t\tstyle=\"z-index:7;font-family:'Myriad Pro';letter-spacing:1 !important;font-size:14.4px;line-height:17px;\"\n\t\t\t\t\t\t\t>D\u00e9couvrez comment votre entreprise peut gagner du temps et <br\/>\u00e9conomiser de l'argent gr\u00e2ce aux solutions t\u00e9l\u00e9matiques \n\t\t\t\t\t\t\t<\/rs-layer><!--\n\n\t\t\t\t\t\t\t--><rs-layer\n\t\t\t\t\t\t\t\tid=\"slider-66-slide-96-layer-4\" \n\t\t\t\t\t\t\t\tdata-type=\"text\"\n\t\t\t\t\t\t\t\tdata-color=\"rgba(255,255,255,1)\"\n\t\t\t\t\t\t\t\tdata-rsp_ch=\"on\"\n\t\t\t\t\t\t\t\tdata-xy=\"x:528px;y:224px;\"\n\t\t\t\t\t\t\t\tdata-text=\"l:22;\"\n\t\t\t\t\t\t\t\tdata-frame_0=\"y:50px;tp:600;\"\n\t\t\t\t\t\t\t\tdata-frame_1=\"tp:600;e:power2.inOut;st:800;sp:500;\"\n\t\t\t\t\t\t\t\tdata-frame_999=\"o:1;tp:600;e:nothing;st:w;\"\n\t\t\t\t\t\t\t\tstyle=\"z-index:8;font-family:'';\"\n\t\t\t\t\t\t\t><a class=\"gl_button_blue\" href=\"\/fr\/solution\/nos-services\/\">Nos services<\/a> \n\t\t\t\t\t\t\t<\/rs-layer><!--\n-->\t\t\t\t\t\t<\/rs-slide>\n\t\t\t\t\t<\/rs-slides>\n\t\t\t\t<\/rs-module>\n\t\t\t\t<script>\n\t\t\t\t\tsetREVStartSize({c: 'rev_slider_66_1',rl:[1240,1024,778,480],el:[],gw:[998],gh:[300],type:'standard',justify:'',layout:'fullwidth',mh:\"0\"});if (window.RS_MODULES!==undefined && window.RS_MODULES.modules!==undefined && window.RS_MODULES.modules[\"revslider661\"]!==undefined) {window.RS_MODULES.modules[\"revslider661\"].once = false;window.revapi66 = undefined;if (window.RS_MODULES.checkMinimal!==undefined) window.RS_MODULES.checkMinimal()}\n\t\t\t\t<\/script>\n\t\t\t<\/rs-module-wrap>\n\t\t\t<!-- END REVOLUTION SLIDER -->\n\r\n\r\n<div class=\"row\">\r\n\r\n<div class=\"gl_space_page\">\r\n\r\n\t<div class=\"col-md-7\">\r\n <div class=\"gl_space_right20_inv\">\r\n\r\n    <div class=\"gl_h2big\">\r\nAm\u00e9liorer sa productivit\u00e9 et d\u00e9velopper ses avantages concurrentiels&#8230;<\/div>\r\n\t<div class=\"gl_h2big\">\r\nLes solutions t\u00e9l\u00e9matiques sont diff\u00e9rentes pour chaque entreprise. Gr\u00e2ce \u00e0 ses 10 ans d&rsquo;exp\u00e9rience dans le domaine, ENAiKOON saura vous proposer des solutions de qualit\u00e9, adapt\u00e9es \u00e0 vos besoins.<\/div> \r\n<\/div>\r\n    <\/div>\r\n\t\r\n\t<div class=\"col-md-5\">\r\n\t\r\n    <div class=\"gl_solution_right\">\r\n\t\t<div>\r\n\t\t\t<h5>\u00ab Gr\u00e2ce aux solutions t\u00e9l\u00e9matiques d&rsquo;ENAiKOON, l&rsquo;efficacit\u00e9 de notre flotte a augment\u00e9 de 40%. \u00bb<\/h5>\r\n\t\t\t<h5 style=\"margin-top:10px; color:#666;\">Karsten Hiehle, PDG de LEGEND, Dresde<\/h5>\r\n\t\t<\/div>\r\n\t\t<div class=\"gl_icon_image_1\"><a href=\"https:\/\/www.enaikoon.com\/fr\/solution\/etudes-de-cas\/dispatching-et-coordination\/\" title=\"Lire nos \u00e9tudes de cas\"><img decoding=\"async\" src=\"https:\/\/www.enaikoon.com\/wp-content\/uploads\/2016\/07\/icon1.png\" border=\"0\" alt=\"Read case studies\"\/><\/a><\/div>\r\n\t\t<div class=\"row_space\"><\/div>\r\n\t\t<div><a class=\"gl_button_yellow\"  href=\"https:\/\/www.enaikoon.com\/fr\/contact\/conseil-dexperts\/\">Prendre un rendez-vous<\/a><\/div>\r\n\t\t<div class=\"gl_solution_right_text gl_space_top10\">\r\n\t\t Pour essayer notre portail en ligne inViu pro, veuillez cliquer sur le lien ci-dessous, puis cliquer sur \u00ab d\u00e9mo \u00bb, au-dessus des champs de connexion\r\n\t  <\/div>\r\n\t\t<div><a class=\"gl_button_yellow\"  rel=\"nofollow\" href=\"https:\/\/sso.enaikoon.de\/SSOServer\/?locale=fr&#038;demo=1\" target=\"_blank\">d\u00e9mo d&rsquo;inViu pro<\/a><\/div>\r\n\t<\/div>\r\n\t\t \r\n\t<\/div>\r\n\r\n\t<div class=\"gl_row_space\"><\/div>\r\n\t<div class=\"gl_line\"><\/div>\r\n\t\r\n\t<div class=\"col-md-12\">\r\n\t\r\n\t<div class=\"gl_h2big\">Comment \u00e7a marche<\/div>\r\n\t\r\n\t<\/div>\r\n\t\r\n\t<div class=\"gl_row_space\"><\/div>\r\n     \r\n    <div class=\"col-md-4\">\r\n\t\r\n\t<div><a href=\"https:\/\/www.enaikoon.com\/fr\/modules-gps\/\" title=\"Les modules d'ENAiKOON : des fonctions techniques avanc\u00e9es pour g\u00e9olocaliser des trackables et analyser un large \u00e9ventail de donn\u00e9es.\"><img decoding=\"async\" loading=\"lazy\" src=\"https:\/\/www.enaikoon.com\/wp-content\/uploads\/2016\/07\/ea442fc1b9.png\" width=\"308\" height=\"308\"  alt=\"Les modules d'ENAiKOON : des fonctions techniques avanc\u00e9es pour g\u00e9olocaliser des trackables et analyser un large \u00e9ventail de donn\u00e9es.\"  \/><\/a><\/div>\r\n\t<div class=\"gl_space_top10\">Gr\u00e2ce \u00e0 leurs param\u00e8tres avanc\u00e9s, nos modules permettent de g\u00e9olocaliser toutes sortes de trackables et d&rsquo;analyser un large \u00e9ventail de donn\u00e9es.<\/div>\r\n\t\r\n\t<\/div>\r\n\t\r\n\t<div class=\"col-md-4\">\r\n    \r\n\t<div><a href=\"https:\/\/www.enaikoon.com\/fr\/logiciel\/\" title=\"inViu d'ENAiKOON : un logiciel en ligne puissant, pour g\u00e9rer et surveiller ses trackables.\"><img decoding=\"async\" loading=\"lazy\" src=\"https:\/\/www.enaikoon.com\/wp-content\/uploads\/2016\/07\/568dffc0b8.png\" width=\"308\" height=\"308\"  alt=\"inViu d'ENAiKOON : un logiciel en ligne puissant, pour g\u00e9rer et surveiller ses trackables.\"  \/><\/a><\/div>\r\n\t<div class=\"gl_space_top10\">A tout moment, vous pouvez contr\u00f4ler et g\u00e9rer votre \u00e9quipement \u00e0 distance gr\u00e2ce \u00e0 <a href=\"https:\/\/www.enaikoon.com\/fr\/logiciel\/\" title=\"inViu\">inViu<\/a>,   notre portail en ligne. Tr\u00e8s facile \u00e0 utiliser, il s&rsquo;int\u00e9grera   parfaitement \u00e0 votre flux de travail. Choisissez les plugins qui   r\u00e9pondent le mieux \u00e0 vos besoins, afin d&rsquo;\u00e9laborer une solution   t\u00e9l\u00e9matique sur-mesure.<\/div>\r\n     \r\n\t<\/div>\r\n\r\n\t<div class=\"col-md-4\">\r\n    \r\n\t<div><a href=\"https:\/\/www.enaikoon.com\/fr\/mobile\/\" title=\"les applications mobiles d'ENAiKOON : des applications mobiles pour les professionnels, pour garder un \u0153il sur son \u00e9quipe et prot\u00e9ger ses actifs en tout simplicit\u00e9\"><img decoding=\"async\" loading=\"lazy\" src=\"https:\/\/www.enaikoon.com\/wp-content\/uploads\/2016\/07\/da8534081a.png\" width=\"308\" height=\"308\" alt=\"les applications mobiles d'ENAiKOON : des applications mobiles pour les professionnels, pour garder un \u0153il sur son \u00e9quipe et prot\u00e9ger ses actifs en tout simplicit\u00e9\"\/><\/a><\/div>\r\n\t<div class=\"gl_space_top10\">Notre logiciel pour t\u00e9l\u00e9phone mobile inViu routes compl\u00e8te id\u00e9alement les solutions t\u00e9l\u00e9matiques modernes d&rsquo;ENAiKOON. A tout moment, vous pourrez avoir une vision d&rsquo;ensemble de votre entreprise en un simple coup d&rsquo;\u0153il.\r\n<\/div>\r\n    \r\n\t<\/div>\r\n\r\n\t<div class=\"gl_row_space\"><\/div>\r\n\t<div class=\"gl_line\"><\/div>\r\n\t\r\n\t\t\t<div class=\"col-md-12\">\r\n\t\t\t\t\t\r\n\t\t<div class=\"gl_h2big\">\r\nNotre expertise<br\/>\r\ndans votre secteur&#8230;\r\n<\/div>\r\n        <p>Consultez les t\u00e9moignages de nos clients <br\/>et les \u00e9tudes de cas concernant votre <br\/>secteur d&rsquo;activit\u00e9 :<\/p>\r\n\t\t<div>&nbsp;<\/div>\r\n\t\t\r\n\t\t<\/div>\r\n\t\t\r\n\t\t\r\n        \r\n        <div class=\"col-md-4\">\r\n\t\t\t\t\t\r\n\t\t<div class=\"gl_industry\">\r\n\t\t\t<div class=\"gl_industry_image\"><a href=\"https:\/\/www.enaikoon.com\/fr\/solution\/etudes-de-cas\/planification-de-la-logistique\/\" title=\"Gesti\u00f3n construcci\u00f3n\"><img decoding=\"async\" loading=\"lazy\" src=\"https:\/\/www.enaikoon.com\/wp-content\/uploads\/2016\/08\/49801bc23f.jpg\" alt=\"transport et logistique\" border=\"0\" height=\"64\" width=\"40\"><\/a><\/div>\r\n\t\t\t<div class=\"gl_industry_text\">\r\n\t\t\t\t<p class=\"gl_h4big\"><a href=\"https:\/\/www.enaikoon.com\/fr\/solution\/etudes-de-cas\/planification-de-la-logistique\/\" target=\"_self\">Planification de la logistique<\/a><\/p>\r\n\t\t\t\t<p style=\" margin-bottom:-10px;\">\u00ab Je n&rsquo;avais jamais utilis\u00e9 un syst\u00e8me aussi performant, qui reste aussi rapide et facile \u00e0 installer. \u00bb <\/p>\r\n\t\t\t<\/div>\r\n\t\t<\/div>\r\n\t\t\r\n\t\t<\/div>\r\n\t\t\r\n\t\t<div class=\"col-md-4\">\r\n\t\t\t\t\t\r\n\t\t<div class=\"gl_industry\">\r\n\t\t\t<div class=\"gl_industry_image\"><a href=\"https:\/\/www.enaikoon.com\/fr\/solution\/etudes-de-cas\/dispatching-et-coordination\/\" ><img decoding=\"async\" loading=\"lazy\" src=\"https:\/\/www.enaikoon.com\/wp-content\/uploads\/2016\/08\/3fdda22813.jpg\" alt=\"Secteur du service\"  border=\"0\" height=\"64\" width=\"40\"><\/a><\/div>\r\n\t\t\t<div class=\"gl_industry_text\">\r\n\t\t\t\t<p class=\"gl_h4big\"><a href=\"https:\/\/www.enaikoon.com\/fr\/solution\/etudes-de-cas\/dispatching-et-coordination\/\" target=\"_self\">Dispatching et coordination<\/a><\/p>\r\n\t\t\t\t<p style=\" margin-bottom:-10px;\">\u00ab Gr\u00e2ce aux solutions t\u00e9l\u00e9matiques d&rsquo;ENAiKOON, l&rsquo;efficacit\u00e9 de notre flotte a augment\u00e9 de 40% ; nous pouvons ainsi mieux satisfaire nos clients. \u00bb <\/p>\r\n\t\t\t<\/div>\r\n\t\t <\/div>\r\n\t\t\r\n\t\t<\/div>\r\n\t\t\r\n\t\t<div class=\"col-md-4\">\r\n\t\t\t\t\t\r\n\t\t<div class=\"gl_industry\">\r\n\t\t\t<div class=\"gl_industry_image\"><a href=\"https:\/\/www.enaikoon.com\/fr\/solution\/etudes-de-cas\/systeme-antivol-de-carburant\/\" title=\"Antirrobo de combustible\"><img decoding=\"async\" loading=\"lazy\" src=\"https:\/\/www.enaikoon.com\/wp-content\/uploads\/2016\/08\/efbcfcf1e9.jpg\" alt=\"agriculture\" border=\"0\" height=\"64\" width=\"40\"><\/a>\r\n            <\/div>\r\n\t\t\t<div class=\"gl_industry_text\">\r\n\t\t\t\t<p class=\"gl_h4big\"><a href=\"https:\/\/www.enaikoon.com\/fr\/solution\/etudes-de-cas\/systeme-antivol-de-carburant\/\" target=\"_self\">Syst\u00e8me antivol de carburant\r\n<\/a><\/p>\r\n\t\t\t\t<p style=\" margin-bottom:-10px;\">\u00ab L\u00e0 o\u00f9 de nombreuses solutions ont \u00e9chou\u00e9, la solution ENAiKOON fuel-tracker a prouv\u00e9 qu&rsquo;elle pouvait efficacement emp\u00eacher le vol de carburant. \u00bb <\/p>\r\n\t\t\t<\/div>\r\n\t\t<\/div>\r\n\t\t\r\n\t\t<\/div>\r\n\t\t\r\n\t\t<div class=\"gl_row_space\"><\/div>\r\n\t\t\r\n\t\t<div class=\"col-md-4\">\r\n\t\t\t\t\t\r\n\t\t<div class=\"gl_industry\">\r\n\t\t\t<div class=\"gl_industry_image\"><a href=\"https:\/\/www.enaikoon.com\/fr\/solution\/etudes-de-cas\/gestion-de-la-chaine-du-froid\/\" ><img decoding=\"async\" loading=\"lazy\" src=\"https:\/\/www.enaikoon.com\/wp-content\/uploads\/2016\/08\/055a7b3a8a.jpg\" alt=\"Gestion de la construction\" border=\"0\" height=\"64\" width=\"40\"><\/a><\/div>\r\n\t\t\t<div class=\"gl_industry_text\">\r\n\t\t\t\t<p class=\"gl_h4big\"><a href=\"https:\/\/www.enaikoon.com\/fr\/solution\/etudes-de-cas\/gestion-de-la-chaine-du-froid\/\" target=\"_self\">Gestion du mat\u00e9riel de chantier<\/a><\/p>\r\n\t\t\t\t<p style=\" margin-bottom:-10px;\">\u00ab Pour moi, c&rsquo;est primordial d&rsquo;installer des modules d&rsquo;ENAiKOON sur l&rsquo;ensemble de notre \u00e9quipement parce que [&#8230;] je peux mieux coordonner mon mat\u00e9riel et surveiller comment et o\u00f9 il est d\u00e9ploy\u00e9 [&#8230;]. \u00bb<\/p>\r\n\t\t\t<\/div>\r\n\t\t<\/div>\r\n\t\t\r\n\t\t<\/div>\r\n\t\t\r\n\t\t<div class=\"col-md-4\">\r\n\t\t\t\t\t\r\n\t\t<div class=\"gl_industry\">\r\n\t\t\t<div class=\"gl_industry_image\"><a href=\"https:\/\/www.enaikoon.com\/fr\/solution\/etudes-de-cas\/la-geolocalisation-gps-sur-mobile\/\"  title=\"GPS tracking app\"><img decoding=\"async\" loading=\"lazy\" src=\"https:\/\/www.enaikoon.com\/wp-content\/uploads\/2016\/08\/58dc3db334.png\" alt=\"GPS tracking app icon\"  border=\"0\" height=\"64\" width=\"40\"><\/a><\/div>\r\n\t\t\t<div class=\"gl_industry_text\">\r\n\t\t\t\t<p class=\"gl_h4big\"><a href=\"https:\/\/www.enaikoon.com\/fr\/solution\/etudes-de-cas\/la-geolocalisation-gps-sur-mobile\/\" target=\"_self\">La g\u00e9olocalisation GPS sur mobile<\/a><\/p>\r\n\t\t\t\t<p style=\" margin-bottom:-10px;\">\u00ab Tout a fonctionn\u00e9 imm\u00e9diatement avec ENAiKOON : l&rsquo;application Android fournit toutes les fonctions et les options de s\u00e9curit\u00e9 importantes et elle se combine parfaitement au portail en ligne [inViu pro], qui se r\u00e9v\u00e8le tr\u00e8s utile et polyvalent. \u00bb <\/p>\r\n\t\t\t<\/div>\r\n\t\t<\/div>\r\n\t\t\r\n\t\t<\/div>\r\n\t\t\r\n\t\t<div class=\"col-md-4\">\r\n\t\t\t\t\t\r\n\t\t <div class=\"gl_industry\">\r\n\t\t\t <div class=\"gl_industry_image\"><a href=\"https:\/\/www.enaikoon.com\/fr\/solution\/etudes-de-cas\/securite-et-protection-antivol\/\"  title=\"S\u00e9curit\u00e9 et protection antivol\"><img decoding=\"async\" loading=\"lazy\" src=\"https:\/\/www.enaikoon.com\/wp-content\/uploads\/2016\/08\/cff021345a.png\"  alt=\"S\u00e9curit\u00e9 et protection antivol\" border=\"0\" height=\"64\" width=\"40\"><\/a><\/div>\r\n\t\t\t<div class=\"gl_industry_text\">\r\n\t\t\t\t <p class=\"gl_h4big\"><a href=\"https:\/\/www.enaikoon.com\/fr\/solution\/etudes-de-cas\/securite-et-protection-antivol\/\" target=\"_self\">S\u00e9curit\u00e9 et protection antivol<\/a><\/p>\r\n\t\t\t\t<p style=\" margin-bottom:-10px;\">\u00ab Sans la solution t\u00e9l\u00e9matique d&rsquo;ENAiKOON, nous n&rsquo;aurions jamais retrouv\u00e9 la voiture et serions rest\u00e9s dans le p\u00e9trin. \u00bb <\/p>\r\n\t\t\t<\/div>\r\n\t\t<\/div>\r\n\t\t\r\n\t\t<\/div>\r\n\t\t\r\n\t\t<div class=\"gl_row_space\"><\/div>\r\n\t\t\r\n\t\t<div class=\"col-md-4\">\t\t\t\t\t\r\n\t\t<div class=\"gl_industry\">\r\n\t\t\t<div class=\"gl_industry_image\"><a href=\"https:\/\/www.enaikoon.com\/fr\/solution\/etudes-de-cas\/programme-de-maintenance\/\" title=\"timber theft\"><img decoding=\"async\" loading=\"lazy\" src=\"https:\/\/www.enaikoon.com\/wp-content\/uploads\/2016\/08\/9f464e100b.jpg\" alt=\"Sant\u00e9\" border=\"0\" height=\"64\" width=\"40\"><\/a><\/div>\r\n\t\t\t<div class=\"gl_industry_text\">\r\n\t\t\t\t<p class=\"gl_h4big\"><a href=\"https:\/\/www.enaikoon.com\/fr\/solution\/etudes-de-cas\/programme-de-maintenance\/\" target=\"_self\">Programme de maintenance<\/a><\/p>\r\n\t\t\t\t<p style=\"margin-bottom:-10px; margin-right:10px;\">\u00ab Nous pouvons d\u00e9sormais planifier toutes les inspections \u00e0 venir, les r\u00e9visions et les t\u00e2ches que nous proposons dans nos services, notre \u00e9quipement \u00e9tant tri\u00e9 par date ou par heure de fonctionnement ou encore en fonction de la distance parcourue. \u00bb<\/p>\r\n\t\t\t<\/div>\r\n\t\t<\/div>\r\n\t\t<\/div>\r\n\t\t\r\n        <div class=\"col-md-4\">\t\t\t\t\t\r\n\t\t<div class=\"gl_industry\">\r\n\t\t\t<div class=\"gl_industry_image\"><a href=\"https:\/\/www.enaikoon.com\/fr\/solution\/etudes-de-cas\/gestion-des-rondes\/\" title=\"gestion des rondes\"><img decoding=\"async\" loading=\"lazy\" src=\"https:\/\/www.enaikoon.com\/wp-content\/uploads\/2016\/08\/32d7ad8d86.png\" alt=\"gestion des rondes\" border=\"0\" height=\"64\" width=\"40\"><\/a><\/div>\r\n\t\t\t<div class=\"gl_industry_text\">\r\n\t\t\t\t<p class=\"gl_h4big\"><a href=\"https:\/\/www.enaikoon.com\/fr\/solution\/etudes-de-cas\/gestion-des-rondes\/\" target=\"_self\">Gestion des rondes<\/a><\/p>\r\n\t\t\t\t<p style=\" margin-bottom:-10px;\">\u00ab Le fait que les modules permettent de transmettre des donn\u00e9es et donc de g\u00e9olocaliser les t\u00e9l\u00e9phones en permanence repr\u00e9sente un \u00e9norme avantage pour nous. Si un point de contr\u00f4le est oubli\u00e9, nous recevons instantan\u00e9ment un message. Le syst\u00e8me ENAiKOON revient moins cher \u00e0 l&rsquo;achat et en frais courant qu&rsquo;un syst\u00e8me adapt\u00e9 sp\u00e9cifiquement au secteur. \u00bb<\/p>\r\n\t\t\t<\/div>\r\n\t\t<\/div>\r\n\t\t<\/div>\r\n        \r\n        <div class=\"col-md-4\">\t\t\t\t\t\r\n\t\t<div class=\"gl_industry\">\r\n\t\t\t<div class=\"gl_industry_image\"><a href=\"https:\/\/www.enaikoon.com\/fr\/solution\/etudes-de-cas\/geolocalisation-gps-de-conteneurs\/\" title=\"Container management\"><img decoding=\"async\" loading=\"lazy\" src=\"https:\/\/www.enaikoon.com\/wp-content\/uploads\/2016\/08\/f320ac6ba9.png\" alt=\"Container management\" border=\"0\" height=\"64\" width=\"40\"><\/a><\/div>\r\n\t\t\t<div class=\"gl_industry_text\">\r\n\t\t\t\t<p class=\"gl_h4big\"><a href=\"https:\/\/www.enaikoon.com\/fr\/solution\/etudes-de-cas\/geolocalisation-gps-de-conteneurs\/\" target=\"_self\">G\u00e9olocalisation GPS de conteneurs<\/a><\/p>\r\n\t\t\t\t<p style=\" margin-bottom:-10px;\">\u00ab Gr\u00e2ce au module de g\u00e9olocalisation locate-15 d&rsquo;ENAiKOON, qui fonctionne en parfaite autonomie, nous recevons une mise \u00e0 jour quotidienne concernant l&#8217;emplacement de chacun de nos conteneurs. C&rsquo;est id\u00e9al pour nous aider \u00e0 g\u00e9rer nos conteneurs. \u00bb<\/p>\r\n\t\t\t<\/div>\r\n\t\t<\/div>\r\n\t\t<\/div>\r\n        \r\n        <div class=\"gl_row_space\"><\/div>\r\n        \r\n\t\t<div class=\"col-md-4\">\r\n\t\t\t\t\t\r\n\t\t<div class=\"gl_industry\">\r\n\t\t\t<div class=\"gl_industry_image\"><a href=\"https:\/\/www.enaikoon.com\/fr\/solution\/etudes-de-cas\/location-de-materiel-de-chantier\/\" title=\"Construction equipment management\"><img decoding=\"async\" loading=\"lazy\" src=\"https:\/\/www.enaikoon.com\/wp-content\/uploads\/2016\/08\/86fce5a2b7.png\" alt=\"Construction equipment management\" border=\"0\" height=\"64\" width=\"40\"><\/a><\/div>\r\n\t\t\t<div class=\"gl_industry_text\">\r\n\t\t\t\t<p class=\"gl_h4big\"><a href=\"https:\/\/www.enaikoon.com\/fr\/solution\/etudes-de-cas\/location-de-materiel-de-chantier\/\" target=\"_self\">Location de mat\u00e9riel de chantier<\/a><\/p>\r\n\t\t\t\t<p style=\" margin-bottom:-10px;\">\u00ab Il est crucial pour notre entreprise de conna\u00eetre les heures de fonctionnement des machines, l&rsquo;\u00e9tat des batteries, le temps n\u00e9cessaire \u00e0 leur recharge, ou toute autre information concernant notre mat\u00e9riel. \u00bb<\/p>\r\n\t\t\t<\/div>\r\n\t\t<\/div>\r\n        \r\n        <div class=\"gl_industry\">\r\n\t\t\t<div class=\"gl_industry_image\"><a href=\"https:\/\/www.enaikoon.com\/fr\/solution\/etudes-de-cas\/gestion-de-la-chaine-du-froid\/\" title=\"ENAiKOON surveillance de la cha\u00eene du froid\"><img decoding=\"async\" loading=\"lazy\" src=\"https:\/\/www.enaikoon.com\/wp-content\/uploads\/2016\/08\/20dd166381.png\" alt=\"ENAiKOON surveillance de la cha\u00eene du froid\" border=\"0\" height=\"64\" width=\"40\"><\/a><\/div>\r\n\t\t  <div class=\"gl_industry_text\">\r\n\t\t\t<p class=\"gl_h4big\"><a href=\"https:\/\/www.enaikoon.com\/fr\/solution\/etudes-de-cas\/gestion-de-la-chaine-du-froid\/\" target=\"_self\">Gestion de la cha\u00eene du froid<\/a><\/p>\r\n\t\t\t  <p style=\" margin-bottom:-10px;\">Gr\u00e2ce \u00e0 cette nouvelle technologie, l&rsquo;atmosph\u00e8re dans les chambres est parfaitement synchronis\u00e9e avec le type de produit  et la temp\u00e9rature optimale. Le transport, la dur\u00e9e et la livraison sont coordonn\u00e9es entre eux de mani\u00e8re optimale afin de garantir que la cha\u00eene du froid ne sera pas interrompue.<\/p>\r\n\t\t\t<\/div>\r\n\t\t<\/div>\r\n\t\t<\/div>\r\n        \r\n        <div class=\"col-md-4\">\t\r\n        <div class=\"gl_industry\">\r\n\t\t\t<div class=\"gl_industry_image\"><a href=\"https:\/\/www.enaikoon.com\/fr\/solution\/etudes-de-cas\/le-vol-de-bois\/\" title=\"Timber theft\"><img decoding=\"async\" loading=\"lazy\" src=\"https:\/\/www.enaikoon.com\/wp-content\/uploads\/2016\/08\/27477bde78.png\" alt=\"Timber theft\" border=\"0\" height=\"64\" width=\"40\"><\/a><\/div>\r\n\t\t\t<div class=\"gl_industry_text\">\r\n\t\t\t\t<p class=\"gl_h4big\"><a href=\"https:\/\/www.enaikoon.com\/fr\/solution\/etudes-de-cas\/le-vol-de-bois\/\" target=\"_self\">Le vol de bois<\/a><\/p>\r\n\t\t\t\t<p style=\" margin-bottom:-10px;\">Peu de temps apr\u00e8s leur installation, les modules ENAiKOON locate-18 ont permis de d\u00e9voiler le syst\u00e8me mis en place pour voler le bois de <br\/>l&rsquo;exploitation. Les chauffeurs, employ\u00e9s par le forestier pour emporter en camion le bois coup\u00e9, prenaient plus de rondins que pr\u00e9vus et apportaient le bois vol\u00e9 \u00e0 la m\u00eame scierie que celle qui recevait les livraisons habituelles. <\/p>\r\n\t\t\t<\/div>\r\n\t\t<\/div>\r\n        \r\n         <div class=\"gl_industry\">\r\n\t\t\t<div class=\"gl_industry_image\"><a href=\"https:\/\/www.enaikoon.com\/fr\/solution\/etudes-de-cas\/gestion-du-carburant-grace-au-bus-can\/\"  title=\"Gestion du carburant gr\u00e2ce au bus CAN\"><img decoding=\"async\" loading=\"lazy\" src=\"https:\/\/www.enaikoon.com\/wp-content\/uploads\/2016\/08\/4ceac0053d.jpg\" alt=\"Gestion du carburant gr\u00e2ce au bus CAN\" border=\"0\" height=\"64\" width=\"40\"><\/a><\/div>\r\n\t\t\t<div class=\"gl_industry_text\">\r\n\t\t\t\t<p class=\"gl_h4big\"><a href=\"https:\/\/www.enaikoon.com\/fr\/solution\/etudes-de-cas\/gestion-du-carburant-grace-au-bus-can\/\" target=\"_self\">Gestion du carburant gr\u00e2ce au bus CAN<\/a><\/p>\r\n\t\t\t\t<p style=\" margin-bottom:-10px;\">En appliquant cette baisse \u00e0 50 longs trajets en camion, les \u00e9conomies peuvent grimper jusqu&rsquo;\u00e0 250 000 \u20ac par an \u2013 soit le prix de deux nouveaux camions.<\/p>\r\n\t\t\t<\/div>\r\n\t\t<\/div>\r\n\t\t<\/div>\r\n\t\t\r\n        \r\n        <div class=\"col-md-4\">\t\r\n         <div class=\"gl_industry\">\r\n\t\t\t<div class=\"gl_industry_image\"><a href=\"https:\/\/www.enaikoon.com\/fr\/modules-gps\/gamme-locate\/locate-19\/exemples-dutilisation-du-locate-19\/\"><img decoding=\"async\" loading=\"lazy\" src=\"https:\/\/www.enaikoon.com\/wp-content\/uploads\/2016\/08\/230ee89cd4.png\" alt=\"\" border=\"0\" height=\"64\" width=\"40\"><\/a><\/div>\r\n\t\t\t<div class=\"gl_industry_text\">\r\n\t\t\t\t<p class=\"gl_h4big\"><a href=\"https:\/\/www.enaikoon.com\/fr\/modules-gps\/gamme-locate\/locate-19\/exemples-dutilisation-du-locate-19\/\" target=\"_self\">Solutions de s\u00e9curit\u00e9 au quotidien<\/a><\/p>\r\n\t\t\t\t<p style=\" margin-bottom:-10px;\">Votre famille et vos biens sont prot\u00e9g\u00e9s au quotidien gr\u00e2ce \u00e0 nos solutions de s\u00e9curit\u00e9. <a href=\"https:\/\/www.enaikoon.com\/fr\/modules-gps\/gamme-locate\/locate-19\/exemples-dutilisation-du-locate-19\/\" title=\"Ouvre un lien interne dans la fen\u00eatre courante\" style=\"color:#12b9ff;\">En savoir plus<\/a><\/p>\r\n\t\t\t<\/div>\r\n         <\/div><div class=\"gl_row_space\"><\/div>\r\n\t\t<div><a class=\"gl_button_blue\"  href=\"https:\/\/www.enaikoon.com\/fr\/solution\/etudes-de-cas\/location-de-materiel-de-chantier\/\">Lire nos \u00e9tudes de cas<\/a><\/div>\r\n\t\t<\/div>\r\n\t\t\r\n\t\r\n<\/div>\t\r\n\r\n\r\n<\/div>\r\n<div style=\"height:20px;\">&nbsp;<\/div>","protected":false},"excerpt":{"rendered":"<p> [&hellip;]<\/p>\n","protected":false},"author":7,"featured_media":0,"parent":0,"menu_order":0,"comment_status":"closed","ping_status":"closed","template":"","meta":{"footnotes":""},"acf":[],"_links":{"self":[{"href":"https:\/\/www.enaikoon.com\/fr\/wp-json\/wp\/v2\/pages\/8351"}],"collection":[{"href":"https:\/\/www.enaikoon.com\/fr\/wp-json\/wp\/v2\/pages"}],"about":[{"href":"https:\/\/www.enaikoon.com\/fr\/wp-json\/wp\/v2\/types\/page"}],"author":[{"embeddable":true,"href":"https:\/\/www.enaikoon.com\/fr\/wp-json\/wp\/v2\/users\/7"}],"replies":[{"embeddable":true,"href":"https:\/\/www.enaikoon.com\/fr\/wp-json\/wp\/v2\/comments?post=8351"}],"version-history":[{"count":22,"href":"https:\/\/www.enaikoon.com\/fr\/wp-json\/wp\/v2\/pages\/8351\/revisions"}],"predecessor-version":[{"id":11637,"href":"https:\/\/www.enaikoon.com\/fr\/wp-json\/wp\/v2\/pages\/8351\/revisions\/11637"}],"wp:attachment":[{"href":"https:\/\/www.enaikoon.com\/fr\/wp-json\/wp\/v2\/media?parent=8351"}],"curies":[{"name":"wp","href":"https:\/\/api.w.org\/{rel}","templated":true}]}}