{"id":8344,"date":"2016-08-15T03:53:44","date_gmt":"2016-08-15T03:53:44","guid":{"rendered":"https:\/\/www.enaikoon.com\/fr\/?page_id=8344"},"modified":"2019-07-30T14:34:53","modified_gmt":"2019-07-30T14:34:53","slug":"enaikoon-id-information","status":"publish","type":"page","link":"https:\/\/www.enaikoon.com\/fr\/accueil\/enaikoon-id\/enaikoon-id-information\/","title":{"rendered":"ENAiKOON iD information"},"content":{"rendered":"<div class=\"gl_space_page\"><\/div>\n<div class=\"row\">\n<div class=\"col-md-8\">\n<div class=\"gl_space_pageleft2\">\n\n&nbsp;\n<div class=\"gl_h2big\">L&rsquo;ENAiKOON iD : une connexion simplifi\u00e9e<\/div>\n<div class=\"gl_space_top10\">&nbsp;<\/div>\n<div>D\u00e9sormais, une seule identification sur la nouvelle page de connexion SSO (identification unique) suffit pour acc\u00e9der \u00e0 l&rsquo;ensemble des applications d&rsquo;ENAiKOON.&nbsp;\n\nCliquez sur \u00ab\u00a0CONNEXION\u00a0\u00bb en haut \u00e0 droite de la page, puis suivez les instructions ci-dessous.\n\n<\/div>\n<\/div>\n<\/div>\n<div class=\"col-md-4\">\n<div class=\"gl_space_pageright2\">\n<div class=\"gl_enaikoon_logo\"><img decoding=\"async\" title=\"ENAiKOON logo\" src=\"https:\/\/www.enaikoon.com\/wp-content\/uploads\/2016\/07\/ENAiKOON-frosted-logo.png\" alt=\"ENAiKOON logo\"><\/div>\n<div><a class=\"gl_button_yellow\" href=\"https:\/\/www.enaikoon.com\/fr\/contact\/conseil-dexperts\/\">Prendre un rendez-vous<\/a><\/div>\n<div class=\"gl_introduction_contact\">\n\t\t<img decoding=\"async\" src=\"https:\/\/www.enaikoon.com\/wp-content\/uploads\/2016\/07\/icon_email.png\" alt=\"\">\n<p class=\"gl_text_space\">\n\t\t\t<a rel=\"nofollow\" href=\"mailto:sales@enaikoon.com\">sales@enaikoon.com<\/a>\n\n<\/div>\n<div class=\"gl_introduction_contact\">\n\t\t<img decoding=\"async\" src=\"https:\/\/www.enaikoon.com\/wp-content\/uploads\/2016\/07\/icon_phone1.png\" alt=\"\">\n<p class=\"gl_text_space\">\n\t\t\t+49 30 397475-30\n\n<\/div>\n<div class=\"gl_introduction_contact\">\n\t\t<img decoding=\"async\" src=\"https:\/\/www.enaikoon.com\/wp-content\/uploads\/2016\/07\/icon_phone2.png\" alt=\"\">\n<p class=\"gl_text_space\">\n\t\t\t+49 30 397475-40\n\n<\/div>\n<\/div>\n<\/div>\n\n&nbsp;\n<div class=\"gl_row_space\">&nbsp;<\/div>\n&nbsp;\n<div class=\"gl_line\">&nbsp;<\/div>\n<\/div>\n<!--3 columns middle-->\n<div class=\"row\">\n<div class=\"col-md-4\">\n<div style=\"width: 292px;\">\n<div class=\"gl_h4big\"><a href=\"https:\/\/sso.enaikoon.de\/\" target=\"_blank\" rel=\"nofollow\">D\u00e9j\u00e0 client d&rsquo;ENAiKOON ?<\/a><\/div>\n&nbsp;\n<div class=\"gl_space_top10\">Si vous avez d\u00e9j\u00e0 obtenu votre ENAiKOON iD, utilisez votre adresse e-mail et votre mot de passe pour vous connecter.&nbsp;\n\n<strong>Vous utilisiez un compte ENAiKOON fleet-control-web ?<\/strong>\n\nVous pouvez tout de m\u00eame vous connecter avec vos login et mot de passe habituels.\n\nPour cela, entrez simplement votre login \u00e0 la place de l&rsquo;adresse e-mail et votre mot de passe dans le champ pr\u00e9vu \u00e0 cet effet.\n\n<\/div>\n<div class=\"gl_space_tb_20\"><a title=\"Connectez-vous avec votre ENAiKOON iD\" href=\"https:\/\/www.enaikoon.com\/wp-content\/uploads\/2016\/08\/login-eng_02.png\" target=\"_blank\" rel=\"nofollow\"><img decoding=\"async\" src=\"https:\/\/www.enaikoon.com\/wp-content\/uploads\/2016\/08\/login-eng_02.png\" alt=\"Connectez-vous avec votre ENAiKOON iD\" width=\"280\" border=\"0\"><\/a><\/div>\n<div>Apr\u00e8s avoir cliqu\u00e9 sur \u00ab connexion \u00bb, vous pouvez entrer votre adresse e-mail dans la nouvelle fen\u00eatre. A votre prochaine connexion, vous pourrez alors utiliser votre e-mail et mot de passe.&nbsp;\n\nVous pouvez cependant conserver votre ancien login en cliquant sur \u00ab\u00a0fermer\u00a0\u00bb. Il deviendra votre nouveau login SSO.\n\n<em>Notez que si vous avez oubli\u00e9 votre mot de passe, il vous suffit de cliquer sur \u00ab\u00a0mot de passe oubli\u00e9?\u00a0\u00bb pour recevoir un e-mail avec un lien vous permettant de d\u00e9finir un nouveau mot de passe.<\/em>\n\n<\/div>\n<div class=\"gl_space_tb_20\"><a title=\"Entrez votre adresse e-mail pour d\u00e9finir votre nouveau login\" href=\"https:\/\/www.enaikoon.com\/wp-content\/uploads\/2016\/08\/email-ger_04.png\" target=\"_blank\" rel=\"nofollow\"><img decoding=\"async\" src=\"https:\/\/www.enaikoon.com\/wp-content\/uploads\/2016\/08\/email-ger_04.png\" alt=\"Entrez votre adresse e-mail pour d\u00e9finir votre nouveau login\" width=\"280\" border=\"0\"><\/a><\/div>\n<div><em>*Pour des raisons de s\u00e9curit\u00e9, pensez \u00e0 changer r\u00e9guli\u00e8rement votre mot de passe.<\/em>&nbsp;\n\n<em>*Vous pouvez ouvrir des sous-comptes pour vos employ\u00e9s. Il vous suffit de leur cr\u00e9er un compte en entrant leurs adresses e-mail dans inViu web ou inViu pro.<\/em>\n\n<\/div>\n&nbsp;\n\n<\/div>\n<\/div>\n\n<div class=\"col-md-4\">\n<div style=\"width: 288px;\">\n<div class=\"gl_h4big\"><a href=\"https:\/\/sso.enaikoon.de\/\" target=\"_blank\" rel=\"nofollow\">Cr\u00e9er un nouvel ENAiKOON iD<\/a><\/div>\n&nbsp;\n<div class=\"gl_space_top10\">Pour cr\u00e9er un nouvel ENAiKOON iD, cliquez sur \u00ab\u00a0inscription!\u00a0\u00bb. Entrez votre e-mail, un mot de passe, votre nom de famille et votre pr\u00e9nom dans les champs correspondants. Les num\u00e9ros de t\u00e9l\u00e9phone ne sont pas obligatoires. S\u00e9lectionnez la langue de votre choix et cliquez sur \u00ab enregistrer \u00bb.<\/div>\n&nbsp;\n<div class=\"gl_space_tb_20\"><a title=\"Enregistrez votre ENAiKOON ID\" href=\"https:\/\/www.enaikoon.com\/wp-content\/uploads\/2016\/08\/register_eng_02.png\" target=\"_blank\" rel=\"nofollow\"><img decoding=\"async\" src=\"https:\/\/www.enaikoon.com\/wp-content\/uploads\/2016\/08\/register_eng_02.png\" alt=\"Enregistrez votre ENAiKOON ID\" width=\"280\" border=\"0\"><\/a><\/div>\n<div>Une fois votre inscription valid\u00e9e, vous recevrez un e-mail de confirmation avec un lien pour activer votre nouvel ENAiKOON iD.\nCliquez sur ce lien pour confirmer votre inscription.&nbsp;\n\n<em>*Souvenez-vous qu&rsquo;un mot de passe doit \u00eatre compos\u00e9 d&rsquo;au moins un chiffre, une lettre majuscule, une lettre minuscule et au minimum 8 caract\u00e8res pour \u00eatre valide.<\/em>\n\n<\/div>\n<\/div>\n<\/div>\n<div class=\"col-md-4\">\n<div style=\"width: 288px;\">\n<div class=\"gl_h4big\"><a href=\"https:\/\/sso.enaikoon.de\/\" target=\"_blank\" rel=\"nofollow\">Connectez-vous autrement !<\/a><\/div>\n&nbsp;\n<div class=\"gl_space_top10\">Vous pouvez utiliser votre compte <a href=\"https:\/\/www.facebook.com\/\" target=\"_blank\" rel=\"nofollow\">Facebook<\/a>, <a href=\"https:\/\/www.google.com.vn\/?gfe_rd=cr&amp;ei=nP_AV7OcHpHM8gfzmKbAAQ\" target=\"_blank\" rel=\"nofollow\">Google<\/a> ou <a href=\"https:\/\/vn.yahoo.com\/?p=us\" target=\"_blank\" rel=\"nofollow\">Yahoo!<\/a> pour remplacer cette m\u00e9thode d&rsquo;identification. Pour cela, vous devez d\u00e9j\u00e0 poss\u00e9der un compte Facebook, Google ou Yahoo!. Cliquez sur l&rsquo;ic\u00f4ne du site que vous utiliserez d\u00e9sormais pour vous connecter \u00e0 vos applications ENAiKOON. Vous devrez autoriser ENAiKOON \u00e0 acc\u00e9der aux informations que vous utilisez pour vous connecter \u00e0 ce site. Vous serez ensuite automatiquement connect\u00e9 et le portail d&rsquo;ENAiKOON affichera toutes vos applications ENAiKOON. Vous recevrez imm\u00e9diatement un e-mail pour confirmer votre enregistrement.<\/div>\n&nbsp;\n<div class=\"gl_3btn_social\"><img decoding=\"async\" title=\"Facebook\" src=\"https:\/\/www.enaikoon.com\/wp-content\/uploads\/2016\/07\/facebook.png\" alt=\"Facebook\" border=\"0\">\n<img decoding=\"async\" title=\"Google\" src=\"https:\/\/www.enaikoon.com\/wp-content\/uploads\/2016\/07\/google.png\" alt=\"Google\" border=\"0\">\n<img decoding=\"async\" title=\"Yahoo!\" src=\"https:\/\/www.enaikoon.com\/wp-content\/uploads\/2016\/07\/yahoo.png\" alt=\"Yahoo!\" border=\"0\"><\/div>\n<div><em>*Si vous d\u00e9cidez de vous connecter avec votre compte Facebook, Google ou Yahoo!, vous devrez continuer \u00e0 utiliser cette m\u00e9thode. Les identifiants de ces comptes ne fonctionneront pas dans les champs e-mail et mot de passe de votre page de connexion ENAiKOON SSO.<\/em>&nbsp;\n\n<em>*Gr\u00e2ce \u00e0 l&rsquo;authentification unique, vous pouvez utiliser les m\u00eames informations pour vous connecter \u00e0 diff\u00e9rents sites. Vous n&rsquo;avez plus \u00e0 m\u00e9moriser l&rsquo;identifiant et le mot de passe de chaque site !<\/em>\n\n&nbsp;\n\n<\/div>\n<div class=\"gl_h4big\">Applications sur le portail en ligne<\/div>\n<div>Une fois connect\u00e9, vous verrez apparaitre la ou les ic\u00f4nes correspondant aux applications suivantes :<\/div>\n<div class=\"gl_ul_style1\">\n<ul>\n \t<li style=\"list-style-type: none\">\n<ul>\n \t<li><a title=\"inViu pro\" href=\"https:\/\/www.enaikoon.com\/fr\/logiciel\/inviu-pro\/\">inViu pro<\/a> (\u00e9dition en noir) &#8211; ENAiKOON fleet-control-web en noir<\/li>\n \t<li><a title=\"inViu pro\" href=\"https:\/\/www.enaikoon.com\/fr\/logiciel\/inviu-pro\/\">inViu pro<\/a> (classique) &#8211; ENAiKOON fleet-control-web en orange<\/li>\n \t<li><a title=\"inViu web\" href=\"https:\/\/www.enaikoon.com\/fr\/logiciel\/inviu-web\/\">inViu web<\/a> &#8211; le portail Web facile et rapide \u00e0 utiliser<\/li>\n<\/ul>\n<\/li>\n<\/ul>\n&nbsp;\n\n<\/div>\n<div class=\"gl_space_tb_20\"><a title=\"Applications sur le portail Web\" href=\"https:\/\/www.enaikoon.com\/wp-content\/uploads\/2016\/08\/Choose-portal-en_02.png\" target=\"_blank\" rel=\"nofollow\"><img decoding=\"async\" src=\"https:\/\/www.enaikoon.com\/wp-content\/uploads\/2016\/08\/Choose-portal-en_02.png\" alt=\"Applications sur le portail Web\" width=\"280\" border=\"0\"><\/a><\/div>\n<div class=\"gl_space_top15\">En savoir plus sur l&rsquo;identification unique avec <a href=\"https:\/\/fr.wikipedia.org\/wiki\/Authentification_unique\" target=\"_blank\" rel=\"nofollow\">Wikipedia<\/a>.<\/div>\n<div><a class=\"gl_button_yellow\" href=\"https:\/\/www.enaikoon.com\/fr\/accueil\/enaikoon-id\/\">Retourner \u00e0 ENAiKOON iD<\/a><\/div>\n&nbsp;\n\n<\/div>\n<\/div>\n<div class=\"gl_row_space\">&nbsp;<\/div>\n&nbsp;\n<div class=\"gl_line\">&nbsp;<\/div>\n<\/div>\n\n<div class=\"row\">\n<div class=\"col-md-4\">\n<div class=\"image_center\"><img decoding=\"async\" title=\"ENAiKOON anniversaire\" src=\"https:\/\/www.enaikoon.com\/wp-content\/uploads\/2016\/07\/Anniversary_47.png\" alt=\"ENAiKOON anniversaire\" border=\"0\"><\/div>\n&nbsp;\n<div class=\"gl_h4big\">L&rsquo;anniversaire d&rsquo;ENAiKOON<\/div>\n<div>ENAiKOON revient sur ses 10 ans de succ\u00e8s avec les solutions t\u00e9l\u00e9matiques et continuera \u00e0 vous proposer des solutions et des offres int\u00e9ressantes. ENAiKOON f\u00eate son anniversaire !<\/div>\n<\/div>\n\n<div class=\"col-md-4\">\n<div class=\"image_center\"><a title=\"ENAiKOON Blog\" href=\"https:\/\/www.enaikoon.com\/fr\/blog\/\"><img decoding=\"async\" src=\"https:\/\/www.enaikoon.com\/wp-content\/uploads\/2016\/07\/blog-icon_6e3a10.png\" alt=\"Read the ENAiKOON Blog to learn more about telematics\" border=\"0\"><\/a><\/div>\n&nbsp;\n<div class=\"gl_h4big\"><a href=\"https:\/\/www.enaikoon.com\/fr\/blog\/\">BLOG<\/a><\/div>\n&nbsp;\n<div class=\"gl_space_right10\">D\u00e9couvrez l&rsquo;actualit\u00e9 d&rsquo;ENAiKOON pr\u00e9sent\u00e9e par nos experts, pour <a href=\"https:\/\/www.enaikoon.com\/fr\/blog\/\">profiter au maximum du logiciel inViu et de nos solutions de g\u00e9olocalisation.<\/a><\/div>\n<\/div>\n\n<div class=\"col-md-4\">\n<div class=\"image_center\"><a title=\"Demandez un kit d'\u00e9valuation d\u00e8s maintenant !\" href=\"https:\/\/www.enaikoon.com\/fr\/contact\/votre-kit-gratuit\/\"><img decoding=\"async\" src=\"https:\/\/www.enaikoon.com\/wp-content\/uploads\/2016\/07\/Try-n-Buy-icon_11.png\" alt=\"Demandez un kit d'\u00e9valuation d\u00e8s maintenant !\" border=\"0\"><\/a><\/div>\n&nbsp;\n<div class=\"gl_h4big\"><a href=\"https:\/\/www.enaikoon.com\/fr\/contact\/votre-kit-gratuit\/\">Votre kit d&rsquo;\u00e9valuation gratuit<\/a><\/div>\n&nbsp;\n<div class=\"gl_space_right10\">D\u00e9couvrez comment les solutions t\u00e9l\u00e9matiques d&rsquo;ENAiKOON peuvent vous aider. <a href=\"https:\/\/www.enaikoon.com\/fr\/contact\/votre-kit-gratuit\/\">Demandez un essai gratuit !<\/a><\/div>\n<\/div>\n<\/div>\n<div class=\"gl_space_pagebot\">&nbsp;<\/div>","protected":false},"excerpt":{"rendered":"<p> [&hellip;]<\/p>\n","protected":false},"author":7,"featured_media":0,"parent":8342,"menu_order":0,"comment_status":"closed","ping_status":"closed","template":"","meta":{"footnotes":""},"acf":[],"_links":{"self":[{"href":"https:\/\/www.enaikoon.com\/fr\/wp-json\/wp\/v2\/pages\/8344"}],"collection":[{"href":"https:\/\/www.enaikoon.com\/fr\/wp-json\/wp\/v2\/pages"}],"about":[{"href":"https:\/\/www.enaikoon.com\/fr\/wp-json\/wp\/v2\/types\/page"}],"author":[{"embeddable":true,"href":"https:\/\/www.enaikoon.com\/fr\/wp-json\/wp\/v2\/users\/7"}],"replies":[{"embeddable":true,"href":"https:\/\/www.enaikoon.com\/fr\/wp-json\/wp\/v2\/comments?post=8344"}],"version-history":[{"count":14,"href":"https:\/\/www.enaikoon.com\/fr\/wp-json\/wp\/v2\/pages\/8344\/revisions"}],"predecessor-version":[{"id":16985,"href":"https:\/\/www.enaikoon.com\/fr\/wp-json\/wp\/v2\/pages\/8344\/revisions\/16985"}],"up":[{"embeddable":true,"href":"https:\/\/www.enaikoon.com\/fr\/wp-json\/wp\/v2\/pages\/8342"}],"wp:attachment":[{"href":"https:\/\/www.enaikoon.com\/fr\/wp-json\/wp\/v2\/media?parent=8344"}],"curies":[{"name":"wp","href":"https:\/\/api.w.org\/{rel}","templated":true}]}}