{"id":8340,"date":"2016-08-15T03:43:15","date_gmt":"2016-08-15T03:43:15","guid":{"rendered":"https:\/\/www.enaikoon.com\/fr\/?page_id=8340"},"modified":"2017-11-19T14:46:45","modified_gmt":"2017-11-19T14:46:45","slug":"accueil","status":"publish","type":"page","link":"https:\/\/www.enaikoon.com\/fr\/","title":{"rendered":"accueil"},"content":{"rendered":"\n\t\t\t<!-- START homesider_fr REVOLUTION SLIDER 6.6.16 --><p class=\"rs-p-wp-fix\"><\/p>\n\t\t\t<rs-module-wrap id=\"rev_slider_64_1_wrapper\" data-source=\"gallery\" style=\"visibility:hidden;background:transparent;padding:0;margin:0px auto;margin-top:0;margin-bottom:0;\">\n\t\t\t\t<rs-module id=\"rev_slider_64_1\" style=\"\" data-version=\"6.6.16\">\n\t\t\t\t\t<rs-slides style=\"overflow: hidden; position: absolute;\">\n\t\t\t\t\t\t<rs-slide style=\"position: absolute;\" data-key=\"rs-91\" data-title=\"inViu\" data-thumb=\"\/\/www.enaikoon.com\/wp-content\/uploads\/2016\/07\/25cf199cc9.png\" data-link=\"\/fr\/logiciel\/\" data-tag=\"l\" data-target=\"_self\" data-seoz=\"front\" data-anim=\"adpr:false;\">\n\t\t\t\t\t\t\t<img src=\"\/\/www.enaikoon.com\/wp-content\/plugins\/revslider\/public\/assets\/assets\/dummy.png\" alt=\"\" title=\"accueil\" class=\"rev-slidebg tp-rs-img rs-lazyload\" data-lazyload=\"\/\/www.enaikoon.com\/wp-content\/uploads\/2016\/07\/25cf199cc9.png\" data-no-retina>\n<!--\n\t\t\t\t\t\t\t--><rs-layer\n\t\t\t\t\t\t\t\tid=\"slider-64-slide-91-layer-1\" \n\t\t\t\t\t\t\t\tdata-type=\"image\"\n\t\t\t\t\t\t\t\tdata-rsp_ch=\"on\"\n\t\t\t\t\t\t\t\tdata-text=\"l:22;\"\n\t\t\t\t\t\t\t\tdata-dim=\"w:998px;h:300px;\"\n\t\t\t\t\t\t\t\tdata-frame_0=\"tp:600;\"\n\t\t\t\t\t\t\t\tdata-frame_1=\"tp:600;e:power2.inOut;st:500;\"\n\t\t\t\t\t\t\t\tdata-frame_999=\"o:0;tp:600;e:nothing;st:w;\"\n\t\t\t\t\t\t\t\tstyle=\"z-index:5;\"\n\t\t\t\t\t\t\t><img src=\"\/\/www.enaikoon.com\/wp-content\/plugins\/revslider\/public\/assets\/assets\/dummy.png\" alt=\"\" class=\"tp-rs-img rs-lazyload\" data-lazyload=\"\/wp-content\/uploads\/2016\/07\/25cf199cc9.png\" data-no-retina> \n\t\t\t\t\t\t\t<\/rs-layer><!--\n\n\t\t\t\t\t\t\t--><rs-layer\n\t\t\t\t\t\t\t\tid=\"slider-64-slide-91-layer-2\" \n\t\t\t\t\t\t\t\tclass=\"small-brown-text\"\n\t\t\t\t\t\t\t\tdata-type=\"text\"\n\t\t\t\t\t\t\t\tdata-color=\"rgba(143,143,143,1)\"\n\t\t\t\t\t\t\t\tdata-rsp_ch=\"on\"\n\t\t\t\t\t\t\t\tdata-xy=\"x:592px;y:215px;\"\n\t\t\t\t\t\t\t\tdata-text=\"s:16;l:22;\"\n\t\t\t\t\t\t\t\tdata-frame_0=\"y:50px;tp:600;\"\n\t\t\t\t\t\t\t\tdata-frame_1=\"tp:600;e:power2.inOut;st:1000;\"\n\t\t\t\t\t\t\t\tdata-frame_999=\"o:1;tp:600;e:nothing;st:w;\"\n\t\t\t\t\t\t\t\tstyle=\"z-index:6;font-family:'Myriad Pro';letter-spacing:1 !important;font-size:14.4px;line-height:17px;\"\n\t\t\t\t\t\t\t>Un logiciel de g\u00e9olocalisation puissant<br>et facile \u00e0 utiliser \n\t\t\t\t\t\t\t<\/rs-layer><!--\n-->\t\t\t\t\t\t<\/rs-slide>\n\t\t\t\t\t\t<rs-slide style=\"position: absolute;\" data-key=\"rs-92\" data-title=\"GPS Solution\" data-thumb=\"\/\/www.enaikoon.com\/wp-content\/uploads\/2016\/07\/f3a943f5ab.png\" data-link=\"\/fr\/solution\/\" data-tag=\"l\" data-target=\"_self\" data-seoz=\"front\" data-anim=\"adpr:false;\">\n\t\t\t\t\t\t\t<img src=\"\/\/www.enaikoon.com\/wp-content\/plugins\/revslider\/public\/assets\/assets\/dummy.png\" alt=\"\" title=\"accueil\" class=\"rev-slidebg tp-rs-img rs-lazyload\" data-lazyload=\"\/\/www.enaikoon.com\/wp-content\/uploads\/2016\/07\/f3a943f5ab.png\" data-no-retina>\n<!--\n\t\t\t\t\t\t\t--><rs-layer\n\t\t\t\t\t\t\t\tid=\"slider-64-slide-92-layer-1\" \n\t\t\t\t\t\t\t\tdata-type=\"image\"\n\t\t\t\t\t\t\t\tdata-rsp_ch=\"on\"\n\t\t\t\t\t\t\t\tdata-text=\"l:22;\"\n\t\t\t\t\t\t\t\tdata-dim=\"w:998px;h:300px;\"\n\t\t\t\t\t\t\t\tdata-frame_0=\"tp:600;\"\n\t\t\t\t\t\t\t\tdata-frame_1=\"tp:600;e:power2.inOut;st:500;\"\n\t\t\t\t\t\t\t\tdata-frame_999=\"o:0;tp:600;e:nothing;st:w;\"\n\t\t\t\t\t\t\t\tstyle=\"z-index:5;\"\n\t\t\t\t\t\t\t><img src=\"\/\/www.enaikoon.com\/wp-content\/plugins\/revslider\/public\/assets\/assets\/dummy.png\" alt=\"\" class=\"tp-rs-img rs-lazyload\" data-lazyload=\"\/wp-content\/uploads\/2016\/07\/f3a943f5ab.png\" data-no-retina> \n\t\t\t\t\t\t\t<\/rs-layer><!--\n\n\t\t\t\t\t\t\t--><rs-layer\n\t\t\t\t\t\t\t\tid=\"slider-64-slide-92-layer-2\" \n\t\t\t\t\t\t\t\tclass=\"big-blue-text\"\n\t\t\t\t\t\t\t\tdata-type=\"text\"\n\t\t\t\t\t\t\t\tdata-color=\"rgba(70,180,231,1)\"\n\t\t\t\t\t\t\t\tdata-rsp_ch=\"on\"\n\t\t\t\t\t\t\t\tdata-xy=\"x:590px;y:58px;\"\n\t\t\t\t\t\t\t\tdata-text=\"s:52;l:60;fw:700;\"\n\t\t\t\t\t\t\t\tdata-frame_0=\"y:50px;tp:600;\"\n\t\t\t\t\t\t\t\tdata-frame_1=\"tp:600;e:power2.inOut;st:800;sp:500;\"\n\t\t\t\t\t\t\t\tdata-frame_999=\"o:1;tp:600;e:nothing;st:w;\"\n\t\t\t\t\t\t\t\tstyle=\"z-index:6;font-family:'Myriad Pro';\"\n\t\t\t\t\t\t\t>Des solutions <br>t\u00e9l\u00e9matiques \n\t\t\t\t\t\t\t<\/rs-layer><!--\n\n\t\t\t\t\t\t\t--><rs-layer\n\t\t\t\t\t\t\t\tid=\"slider-64-slide-92-layer-3\" \n\t\t\t\t\t\t\t\tclass=\"small-brown-text\"\n\t\t\t\t\t\t\t\tdata-type=\"text\"\n\t\t\t\t\t\t\t\tdata-color=\"rgba(143,143,143,1)\"\n\t\t\t\t\t\t\t\tdata-rsp_ch=\"on\"\n\t\t\t\t\t\t\t\tdata-xy=\"x:590px;y:198px;\"\n\t\t\t\t\t\t\t\tdata-text=\"s:16;l:20;\"\n\t\t\t\t\t\t\t\tdata-frame_0=\"y:50px;tp:600;\"\n\t\t\t\t\t\t\t\tdata-frame_1=\"tp:600;e:power2.inOut;st:800;sp:500;\"\n\t\t\t\t\t\t\t\tdata-frame_999=\"o:1;tp:600;e:nothing;st:w;\"\n\t\t\t\t\t\t\t\tstyle=\"z-index:7;font-family:'Myriad Pro';letter-spacing:1 !important;font-size:14.4px;line-height:17px;\"\n\t\t\t\t\t\t\t>\"Gr\u00e2ce aux solutions t\u00e9l\u00e9matiques d'ENAiKOON, <br>l'efficacit\u00e9 de notre flotte a augment\u00e9 de 40%\" <br>Karsten Hiehle, CEO chez Legend, Dresde \n\t\t\t\t\t\t\t<\/rs-layer><!--\n-->\t\t\t\t\t\t<\/rs-slide>\n\t\t\t\t\t\t<rs-slide style=\"position: absolute;\" data-key=\"rs-93\" data-title=\"GPS Device\" data-thumb=\"\/\/www.enaikoon.com\/wp-content\/uploads\/2016\/07\/432bc7a132.png\" data-link=\"\/fr\/modules-gps\/\" data-tag=\"l\" data-target=\"_self\" data-seoz=\"front\" data-anim=\"adpr:false;\">\n\t\t\t\t\t\t\t<img src=\"\/\/www.enaikoon.com\/wp-content\/plugins\/revslider\/public\/assets\/assets\/dummy.png\" alt=\"\" title=\"accueil\" class=\"rev-slidebg tp-rs-img rs-lazyload\" data-lazyload=\"\/\/www.enaikoon.com\/wp-content\/uploads\/2016\/07\/432bc7a132.png\" data-no-retina>\n<!--\n\t\t\t\t\t\t\t--><rs-layer\n\t\t\t\t\t\t\t\tid=\"slider-64-slide-93-layer-1\" \n\t\t\t\t\t\t\t\tdata-type=\"image\"\n\t\t\t\t\t\t\t\tdata-rsp_ch=\"on\"\n\t\t\t\t\t\t\t\tdata-text=\"l:22;\"\n\t\t\t\t\t\t\t\tdata-dim=\"w:998px;h:300px;\"\n\t\t\t\t\t\t\t\tdata-frame_0=\"tp:600;\"\n\t\t\t\t\t\t\t\tdata-frame_1=\"tp:600;e:power2.inOut;st:500;\"\n\t\t\t\t\t\t\t\tdata-frame_999=\"o:0;tp:600;e:nothing;st:w;\"\n\t\t\t\t\t\t\t\tstyle=\"z-index:5;\"\n\t\t\t\t\t\t\t><img src=\"\/\/www.enaikoon.com\/wp-content\/plugins\/revslider\/public\/assets\/assets\/dummy.png\" alt=\"\" class=\"tp-rs-img rs-lazyload\" data-lazyload=\"\/wp-content\/uploads\/2016\/07\/432bc7a132.png\" data-no-retina> \n\t\t\t\t\t\t\t<\/rs-layer><!--\n\n\t\t\t\t\t\t\t--><rs-layer\n\t\t\t\t\t\t\t\tid=\"slider-64-slide-93-layer-2\" \n\t\t\t\t\t\t\t\tclass=\"big-blue-text\"\n\t\t\t\t\t\t\t\tdata-type=\"text\"\n\t\t\t\t\t\t\t\tdata-color=\"rgba(70,180,231,1)\"\n\t\t\t\t\t\t\t\tdata-rsp_ch=\"on\"\n\t\t\t\t\t\t\t\tdata-xy=\"x:590px;y:80px;\"\n\t\t\t\t\t\t\t\tdata-text=\"s:52;l:60;fw:700;\"\n\t\t\t\t\t\t\t\tdata-frame_0=\"y:50px;tp:600;\"\n\t\t\t\t\t\t\t\tdata-frame_1=\"tp:600;e:power2.inOut;st:800;sp:500;\"\n\t\t\t\t\t\t\t\tdata-frame_999=\"o:1;tp:600;e:nothing;st:w;\"\n\t\t\t\t\t\t\t\tstyle=\"z-index:6;font-family:'Myriad Pro';\"\n\t\t\t\t\t\t\t>Des modules<br>GPS compacts \n\t\t\t\t\t\t\t<\/rs-layer><!--\n\n\t\t\t\t\t\t\t--><rs-layer\n\t\t\t\t\t\t\t\tid=\"slider-64-slide-93-layer-3\" \n\t\t\t\t\t\t\t\tclass=\"small-brown-text\"\n\t\t\t\t\t\t\t\tdata-type=\"text\"\n\t\t\t\t\t\t\t\tdata-color=\"rgba(143,143,143,1)\"\n\t\t\t\t\t\t\t\tdata-rsp_ch=\"on\"\n\t\t\t\t\t\t\t\tdata-xy=\"x:590px;y:218px;\"\n\t\t\t\t\t\t\t\tdata-text=\"s:16;l:20;\"\n\t\t\t\t\t\t\t\tdata-frame_0=\"y:50px;tp:600;\"\n\t\t\t\t\t\t\t\tdata-frame_1=\"tp:600;e:power2.inOut;st:800;sp:500;\"\n\t\t\t\t\t\t\t\tdata-frame_999=\"o:1;tp:600;e:nothing;st:w;\"\n\t\t\t\t\t\t\t\tstyle=\"z-index:7;font-family:'Myriad Pro';letter-spacing:1 !important;font-size:14.4px;line-height:17px;\"\n\t\t\t\t\t\t\t>Une technologie de pointe pour g\u00e9olocaliser et g\u00e9rer <br\/>ses trackables avec pr\u00e9cision \n\t\t\t\t\t\t\t<\/rs-layer><!--\n-->\t\t\t\t\t\t<\/rs-slide>\n\t\t\t\t\t\t<rs-slide style=\"position: absolute;\" data-key=\"rs-94\" data-title=\"inViu Routes\" data-thumb=\"\/\/www.enaikoon.com\/wp-content\/uploads\/2016\/07\/d1995bd7cd.png\" data-link=\"\/fr\/mobile\/plugins\/routes\/\" data-tag=\"l\" data-target=\"_self\" data-seoz=\"front\" data-anim=\"adpr:false;\">\n\t\t\t\t\t\t\t<img src=\"\/\/www.enaikoon.com\/wp-content\/plugins\/revslider\/public\/assets\/assets\/dummy.png\" alt=\"\" title=\"accueil\" class=\"rev-slidebg tp-rs-img rs-lazyload\" data-lazyload=\"\/\/www.enaikoon.com\/wp-content\/uploads\/2016\/07\/d1995bd7cd.png\" data-no-retina>\n<!--\n\t\t\t\t\t\t\t--><rs-layer\n\t\t\t\t\t\t\t\tid=\"slider-64-slide-94-layer-1\" \n\t\t\t\t\t\t\t\tdata-type=\"image\"\n\t\t\t\t\t\t\t\tdata-rsp_ch=\"on\"\n\t\t\t\t\t\t\t\tdata-text=\"l:22;\"\n\t\t\t\t\t\t\t\tdata-dim=\"w:998px;h:300px;\"\n\t\t\t\t\t\t\t\tdata-frame_0=\"tp:600;\"\n\t\t\t\t\t\t\t\tdata-frame_1=\"tp:600;e:power2.inOut;st:500;\"\n\t\t\t\t\t\t\t\tdata-frame_999=\"o:0;tp:600;e:nothing;st:w;\"\n\t\t\t\t\t\t\t\tstyle=\"z-index:5;\"\n\t\t\t\t\t\t\t><img src=\"\/\/www.enaikoon.com\/wp-content\/plugins\/revslider\/public\/assets\/assets\/dummy.png\" alt=\"\" class=\"tp-rs-img rs-lazyload\" data-lazyload=\"\/wp-content\/uploads\/2016\/07\/d1995bd7cd.png\" data-no-retina> \n\t\t\t\t\t\t\t<\/rs-layer><!--\n\n\t\t\t\t\t\t\t--><rs-layer\n\t\t\t\t\t\t\t\tid=\"slider-64-slide-94-layer-2\" \n\t\t\t\t\t\t\t\tclass=\"big-blue-text\"\n\t\t\t\t\t\t\t\tdata-type=\"text\"\n\t\t\t\t\t\t\t\tdata-color=\"rgba(70,180,231,1)\"\n\t\t\t\t\t\t\t\tdata-rsp_ch=\"on\"\n\t\t\t\t\t\t\t\tdata-xy=\"x:590px;y:100px;\"\n\t\t\t\t\t\t\t\tdata-text=\"s:52;l:60;fw:700;\"\n\t\t\t\t\t\t\t\tdata-frame_0=\"y:50px;tp:600;\"\n\t\t\t\t\t\t\t\tdata-frame_1=\"tp:600;e:power2.inOut;st:800;sp:500;\"\n\t\t\t\t\t\t\t\tdata-frame_999=\"o:0;tp:600;e:nothing;st:w;\"\n\t\t\t\t\t\t\t\tstyle=\"z-index:6;font-family:'Myriad Pro';\"\n\t\t\t\t\t\t\t>inViu routes \n\t\t\t\t\t\t\t<\/rs-layer><!--\n\n\t\t\t\t\t\t\t--><rs-layer\n\t\t\t\t\t\t\t\tid=\"slider-64-slide-94-layer-3\" \n\t\t\t\t\t\t\t\tclass=\"small-brown-text\"\n\t\t\t\t\t\t\t\tdata-type=\"text\"\n\t\t\t\t\t\t\t\tdata-color=\"rgba(143,143,143,1)\"\n\t\t\t\t\t\t\t\tdata-rsp_ch=\"on\"\n\t\t\t\t\t\t\t\tdata-xy=\"x:590px;y:180px;\"\n\t\t\t\t\t\t\t\tdata-text=\"s:16;l:20;\"\n\t\t\t\t\t\t\t\tdata-frame_0=\"y:50px;tp:600;\"\n\t\t\t\t\t\t\t\tdata-frame_1=\"tp:600;e:power2.inOut;st:800;sp:500;\"\n\t\t\t\t\t\t\t\tdata-frame_999=\"o:0;tp:600;e:nothing;st:w;\"\n\t\t\t\t\t\t\t\tstyle=\"z-index:7;font-family:'Myriad Pro';letter-spacing:1 !important;font-size:14.4px;line-height:17px;\"\n\t\t\t\t\t\t\t>Une application de g\u00e9olocalisation par GPS, pour <br\/>enregistrer les trajets emprunt\u00e9s par le personnel <br\/>mobile et pour afficher les trackables sur la carte <br\/>int\u00e9gr\u00e9e \u00e0 son smartphone. \n\t\t\t\t\t\t\t<\/rs-layer><!--\n-->\t\t\t\t\t\t<\/rs-slide>\n\t\t\t\t\t<\/rs-slides>\n\t\t\t\t<\/rs-module>\n\t\t\t\t<script>\n\t\t\t\t\tsetREVStartSize({c: 'rev_slider_64_1',rl:[1240,1024,778,480],el:[],gw:[998],gh:[300],type:'standard',justify:'',layout:'fullwidth',mh:\"0\"});if (window.RS_MODULES!==undefined && window.RS_MODULES.modules!==undefined && window.RS_MODULES.modules[\"revslider641\"]!==undefined) {window.RS_MODULES.modules[\"revslider641\"].once = false;window.revapi64 = undefined;if (window.RS_MODULES.checkMinimal!==undefined) window.RS_MODULES.checkMinimal()}\n\t\t\t\t<\/script>\n\t\t\t<\/rs-module-wrap>\n\t\t\t<!-- END REVOLUTION SLIDER -->\n\r\n\r\n<div style=\"height: 50px;\"><\/div>\r\n<div class=\"row\">\r\n<div class=\"col-md-6\">\r\n<div class=\"gl_h1big\">Plus de 1000 entreprises\r\ndans le monde nous font\r\nconfiance\r\n\r\n<a href=\"https:\/\/www.enaikoon.com\/fr\/solution\/\">En savoir plus&#8230;<\/a><\/div>\r\n<div><a title=\"\u00c9tude de cas sur Eberle Hald\" href=\"https:\/\/www.enaikoon.com\/fr\/solution\/etudes-de-cas\/location-de-materiel-de-chantier\/\"><img decoding=\"async\" loading=\"lazy\" src=\"https:\/\/www.enaikoon.com\/wp-content\/uploads\/2016\/08\/2f7ebf7e42.png\" alt=\"Nos \u00e9tudes de cas sur les entreprises Eberle Hald et Kamag\" width=\"245\" height=\"135\" border=\"0\" \/><\/a>\r\n<a title=\"\u00c9tude de cas sur Kamag\" href=\"https:\/\/www.enaikoon.com\/fr\/solution\/etudes-de-cas\/programme-de-maintenance\/\"><img decoding=\"async\" loading=\"lazy\" src=\"https:\/\/www.enaikoon.com\/wp-content\/uploads\/2016\/08\/026ecde2be.png\" alt=\"\" width=\"188\" height=\"135\" border=\"0\" \/><\/a><\/div>\r\n<div><img decoding=\"async\" loading=\"lazy\" title=\"\u00c9tude de cas sur Vulkan Stern\" src=\"https:\/\/www.enaikoon.com\/wp-content\/uploads\/2016\/08\/15d409298f.png\" alt=\"Nos \u00e9tudes de cas sur les entreprises Vulkan Stern et Pape\" width=\"245\" height=\"135\" border=\"0\" \/>\r\n<a title=\"\u00c9tude de cas sur Pape\" href=\"https:\/\/www.enaikoon.com\/fr\/solution\/etudes-de-cas\/planification-de-la-logistique\/\"><img decoding=\"async\" loading=\"lazy\" src=\"https:\/\/www.enaikoon.com\/wp-content\/uploads\/2016\/08\/2b924988d1.png\" alt=\"\" width=\"188\" height=\"135\" border=\"0\" \/><\/a><\/div>\r\n<div>\r\n<h5>\u00ab Gr\u00e2ce \u00e0 son syst\u00e8me d&rsquo;alertes \u00e0 plusieurs niveaux, nous pouvons d\u00e9sormais planifier toutes les inspections \u00e0 venir, les r\u00e9visions et les t\u00e2ches que nous proposons dans nos services. \u00bb<\/h5>\r\n<h5 style=\"margin-top: 10px; color: #666;\">Tobias Strahl, KAMAG Transporttechnik<\/h5>\r\n<\/div>\r\n<div style=\"text-align: right;\"><a title=\"Lire l'\u00e9tude de cas\" href=\"https:\/\/www.enaikoon.com\/fr\/solution\/etudes-de-cas\/location-de-materiel-de-chantier\/\"><img decoding=\"async\" src=\"https:\/\/www.enaikoon.com\/wp-content\/uploads\/2016\/07\/icon1.png\" alt=\"Lire l'\u00e9tude de cas\" border=\"0\" \/><\/a><\/div>\r\n<\/div>\r\n<div class=\"col-md-6\">\r\n<div class=\"gl_h1big\">Des solutions GPS personnalis\u00e9es<\/div>\r\n<div class=\"gl_ul_style2 gl_space_right10\">\r\n<ul style=\"margin-top: -10px;\">\r\n \t<li>identifier et surveiller ses biens<\/li>\r\n \t<li>pr\u00e9venir le vol<\/li>\r\n \t<li>am\u00e9liorer la gestion et la planification des t\u00e2ches du personnel<\/li>\r\n \t<li>pr\u00e9parer les itin\u00e9raires et r\u00e9duire la consommation de carburant, pour gagner du temps et \u00e9conomiser de l&rsquo;argent<\/li>\r\n \t<li>\u00e9tablir de meilleurs comptes-rendus et am\u00e9liorer la communication interne<\/li>\r\n \t<li>fabriqu\u00e9 en Allemagne<\/li>\r\n<\/ul>\r\n<\/div>\r\n<div class=\"gl_space_top20\"><a class=\"gl_button_blue\" href=\"https:\/\/www.enaikoon.com\/fr\/contact\/contact\/\">Nous contacter<\/a><\/div>\r\n<div><a class=\"gl_button_grey\" href=\"https:\/\/www.enaikoon.com\/fr\/solution\/\">\u00e0 propos d&rsquo;ENAiKOON<\/a><\/div>\r\n<div>\r\nPour essayer notre portail en ligne inViu pro, veuillez cliquer sur le lien ci-dessous, puis cliquer sur \u00ab d\u00e9mo \u00bb, au-dessus des champs de connexion<\/div>\r\n<div><a class=\"gl_button_yellow\" href=\"https:\/\/sso.enaikoon.de\/SSOServer\/?locale=fr&amp;demo=1\" target=\"_blank\" rel=\"nofollow\">d\u00e9mo d&rsquo;inViu pro<\/a><\/div>\r\n<\/div>\r\n\r\n<\/div>\r\n<div style=\"height: 5px;\"><\/div>\r\n\r\n<hr \/>\r\n\r\n<div style=\"height: 40px;\"><\/div>\r\n<div class=\"row\">\r\n<div class=\"col-md-4\">\r\n<div class=\"gl_space_left30\"><a title=\"la solution logicielle d'ENAiKOON\" href=\"https:\/\/www.enaikoon.com\/fr\/logiciel\/\"><img decoding=\"async\" loading=\"lazy\" src=\"https:\/\/www.enaikoon.com\/wp-content\/uploads\/2016\/07\/Screen_inViu.png\" alt=\"la solution logicielle d'ENAiKOON\" width=\"250\" height=\"250\" border=\"0\" \/><\/a><\/div>\r\n<\/div>\r\n<div class=\"col-md-4\">\r\n<div class=\"gl_space_left30\"><a title=\"nos r\u00e9cepteurs GPS\" href=\"https:\/\/www.enaikoon.com\/fr\/modules-gps\/\"><img decoding=\"async\" loading=\"lazy\" src=\"https:\/\/www.enaikoon.com\/wp-content\/uploads\/2016\/07\/l19-hand_01.png\" alt=\"r\u00e9cepteur GPS embarqu\u00e9 boitier GPS\" width=\"250\" height=\"250\" border=\"0\" \/><\/a><\/div>\r\n<\/div>\r\n<div class=\"col-md-4\">\r\n<div class=\"gl_space_left30\"><a title=\"GPS mobile applications d\u00c9NAiKOON vous permettent de suivre les actifs et vous connecter avec votre \u00e9quipe en utilisant votre t\u00e9l\u00e9phone mobile\" href=\"https:\/\/www.enaikoon.com\/fr\/mobile\/\"><img decoding=\"async\" loading=\"lazy\" src=\"https:\/\/www.enaikoon.com\/wp-content\/uploads\/2016\/07\/inViu_trackables_en.png\" alt=\"GPS mobile applications d\u00c9NAiKOON vous permettent de suivre les actifs et vous connecter avec votre \u00e9quipe en utilisant votre t\u00e9l\u00e9phone mobile\" width=\"250\" height=\"250\" border=\"0\" \/><\/a><\/div>\r\n<\/div>\r\n<div class=\"col-md-4\">\r\n<div class=\"gl_h4big\"><a href=\"https:\/\/www.enaikoon.com\/fr\/logiciel\/\">inViu system<\/a><\/div>\r\n<div class=\"gl_space_right10\">Logiciel polyvalent et simple d&rsquo;utilisation, inViu est <a title=\"inViu\" href=\"https:\/\/www.enaikoon.com\/fr\/logiciel\/\">une application web<\/a> hautement s\u00e9curis\u00e9e qui traite vos donn\u00e9es t\u00e9l\u00e9matiques avec une extr\u00eame pr\u00e9cision.<\/div>\r\n<\/div>\r\n<div class=\"col-md-4\">\r\n<div class=\"gl_h4big\"><a href=\"https:\/\/www.enaikoon.com\/fr\/modules-gps\/\">Nos r\u00e9cepteurs GPS <\/a><\/div>\r\n<div class=\"gl_space_right10\">Une technologie de pointe fabriqu\u00e9e en Allemagne au service d&rsquo;un syst\u00e8me de surveillance rigoureux et d&rsquo;une g\u00e9olocalisation GPS pr\u00e9cise. <a title=\"modules GPS\" href=\"https:\/\/www.enaikoon.com\/fr\/modules-gps\/\">En savoir plus<\/a><\/div>\r\n<\/div>\r\n<div class=\"col-md-4\">\r\n<div class=\"gl_h4big\"><a href=\"https:\/\/www.enaikoon.com\/fr\/mobile\/\">Rester connect\u00e9<\/a><\/div>\r\n<div>Contr\u00f4ler \u00e0 distance, sauvegarder ses donn\u00e9es, partager ses\r\nfavoris&#8230;\u00a0<a title=\"applications pour t\u00e9l\u00e9phones mobiles\" href=\"https:\/\/www.enaikoon.com\/fr\/mobile\/\">d\u00e9couvrez nos applications pour t\u00e9l\u00e9phones mobiles<\/a>, compatibles avec Android, Windows mobile et Blackberry.<\/div>\r\n<\/div> <\/div>\r\n<div style=\"height: 80px;\"><\/div>","protected":false},"excerpt":{"rendered":"","protected":false},"author":7,"featured_media":0,"parent":0,"menu_order":0,"comment_status":"closed","ping_status":"closed","template":"","meta":{"footnotes":""},"acf":[],"_links":{"self":[{"href":"https:\/\/www.enaikoon.com\/fr\/wp-json\/wp\/v2\/pages\/8340"}],"collection":[{"href":"https:\/\/www.enaikoon.com\/fr\/wp-json\/wp\/v2\/pages"}],"about":[{"href":"https:\/\/www.enaikoon.com\/fr\/wp-json\/wp\/v2\/types\/page"}],"author":[{"embeddable":true,"href":"https:\/\/www.enaikoon.com\/fr\/wp-json\/wp\/v2\/users\/7"}],"replies":[{"embeddable":true,"href":"https:\/\/www.enaikoon.com\/fr\/wp-json\/wp\/v2\/comments?post=8340"}],"version-history":[{"count":35,"href":"https:\/\/www.enaikoon.com\/fr\/wp-json\/wp\/v2\/pages\/8340\/revisions"}],"predecessor-version":[{"id":11635,"href":"https:\/\/www.enaikoon.com\/fr\/wp-json\/wp\/v2\/pages\/8340\/revisions\/11635"}],"wp:attachment":[{"href":"https:\/\/www.enaikoon.com\/fr\/wp-json\/wp\/v2\/media?parent=8340"}],"curies":[{"name":"wp","href":"https:\/\/api.w.org\/{rel}","templated":true}]}}