{"id":3845,"date":"2016-07-18T06:46:01","date_gmt":"2016-07-18T06:46:01","guid":{"rendered":"https:\/\/www.enaikoon.com\/?page_id=3845"},"modified":"2020-02-04T14:40:23","modified_gmt":"2020-02-04T14:40:23","slug":"fuel-tracker","status":"publish","type":"page","link":"https:\/\/www.enaikoon.com\/fr\/logiciel\/plugins\/fuel-tracker\/","title":{"rendered":"fuel-tracker"},"content":{"rendered":"<div class=\"gl_slide_scroll_box\">\n<div class=\"gl_scroll_box\">&nbsp;\n<ul>\n \t<li><a class=\"gl_scroll_link_title\" title=\"staff-tracker\" href=\"https:\/\/www.enaikoon.com\/fr\/logiciel\/plugins\/staff-tracker\/\">staff-tracker<\/a> <a title=\"staff-tracker\" href=\"https:\/\/www.enaikoon.com\/fr\/logiciel\/plugins\/staff-tracker\/\"><img decoding=\"async\" class=\"gl_scroll_link_img\" src=\"https:\/\/www.enaikoon.com\/wp-content\/uploads\/2016\/07\/staff-tracker.png\" alt=\"\"><\/a><\/li>\n \t<li><a class=\"gl_scroll_link_title\" title=\"fuel-tracker\" href=\"https:\/\/www.enaikoon.com\/fr\/logiciel\/plugins\/fuel-tracker\/\">fuel-tracker<\/a> <a title=\"fuel-tracker\" href=\"https:\/\/www.enaikoon.com\/fr\/logiciel\/plugins\/fuel-tracker\/\"><img decoding=\"async\" class=\"gl_scroll_link_img_active\" src=\"https:\/\/www.enaikoon.com\/wp-content\/uploads\/2016\/07\/fuel-tracker.png\" alt=\"\"><\/a><\/li>\n \t<li><a class=\"gl_scroll_link_title\" title=\"can-66\" href=\"https:\/\/www.enaikoon.com\/fr\/logiciel\/plugins\/can-66\/\">can-66<\/a> <a title=\"can-66\" href=\"https:\/\/www.enaikoon.com\/fr\/logiciel\/plugins\/can-66\/\"><img decoding=\"async\" class=\"gl_scroll_link_img\" src=\"https:\/\/www.enaikoon.com\/wp-content\/uploads\/2016\/07\/can-66.png\" alt=\"\"><\/a><\/li>\n \t<li><a class=\"gl_scroll_link_title\" title=\"limit-checker\" href=\"https:\/\/www.enaikoon.com\/fr\/logiciel\/plugins\/limit-checker\/\">limit-checker<\/a> <a title=\"limit-checker\" href=\"https:\/\/www.enaikoon.com\/fr\/logiciel\/plugins\/limit-checker\/\"><img decoding=\"async\" class=\"gl_scroll_link_img\" src=\"https:\/\/www.enaikoon.com\/wp-content\/uploads\/2016\/07\/limit-checker.png\" alt=\"\"><\/a><\/li>\n \t<li><a class=\"gl_scroll_link_title\" title=\"messenger\" href=\"https:\/\/www.enaikoon.com\/fr\/logiciel\/plugins\/messenger\/\">messenger<\/a> <a title=\"messenger\" href=\"https:\/\/www.enaikoon.com\/fr\/logiciel\/plugins\/messenger\/\"><img decoding=\"async\" class=\"gl_scroll_link_img\" src=\"https:\/\/www.enaikoon.com\/wp-content\/uploads\/2016\/07\/messenger.png\" alt=\"\"><\/a><\/li>\n \t<li><a class=\"gl_scroll_link_title\" title=\"temp-checker\" href=\"https:\/\/www.enaikoon.com\/fr\/logiciel\/plugins\/temp-checker\/\">temp-checker<\/a> <a title=\"temp-checker\" href=\"https:\/\/www.enaikoon.com\/fr\/logiciel\/plugins\/temp-checker\/\"><img decoding=\"async\" class=\"gl_scroll_link_img\" src=\"https:\/\/www.enaikoon.com\/wp-content\/uploads\/2016\/07\/temp-checker.png\" alt=\"\"><\/a><\/li>\n \t<li><a class=\"gl_scroll_link_title\" title=\"tour-checker\" href=\"https:\/\/www.enaikoon.com\/fr\/logiciel\/plugins\/tour-checker\/\">tour-checker<\/a>\n<a title=\"tour-checker\" href=\"https:\/\/www.enaikoon.com\/fr\/logiciel\/plugins\/tour-checker\/\"><img decoding=\"async\" class=\"gl_scroll_link_img\" src=\"https:\/\/www.enaikoon.com\/wp-content\/uploads\/2016\/07\/tour-checker.png\" alt=\"\"><\/a><\/li>\n<\/ul>\n<\/div>\n<\/div>\n<div class=\"row\">\n<div class=\"gl_border-page\">\n\n<div class=\"col-md-4\">\n<div><a rel=\"nofollow\" href=\"https:\/\/www.enaikoon.com\/software\/plugins\/can-66\/\"><img decoding=\"async\" title=\"ENAiKOON fuel-tracker\" src=\"https:\/\/www.enaikoon.com\/wp-content\/uploads\/2016\/07\/e3a47ab166.png\" alt=\"ENAiKOON fuel-tracker\" align=\"left\"><\/a><\/div>\n<h2>&nbsp;ENAiKOON\n&nbsp;fuel-tracker<\/h2>\n<\/div>\n\n<div class=\"col-md-4\">\n<div>&nbsp;<\/div>\n<\/div>\n\n<div class=\"col-md-4\">\n<div>&nbsp;<\/div>\n<\/div>\n<div class=\"gl_row_space\">&nbsp;<\/div>\n<div class=\"col-md-4\">\n<div class=\"gl_h5-italic\">Le plugin <strong>ENAiKOON fuel-tracker<\/strong> vous permet de r\u00e9duire vos frais de carburant en pr\u00e9venant efficacement le vol et en surveillant la consommation de votre flotte.<\/div>\n<div>&nbsp;<\/div>\n<div class=\"gl_h4big\">Sur le terrain<\/div>\n<div>Id\u00e9al pour les secteurs qui g\u00e8rent des v\u00e9hicules ou des flottes comme le transport, la logistique, les compagnies de taxi, les services de livraison, le BTP, le transport de marchandises et les agences de location de v\u00e9hicule.<\/div>\n<\/div>\n\n<div class=\"col-md-4\">\n<div class=\"gl_h4big\">Caract\u00e9ristiques principales<\/div>\n<ul class=\"gl_space_ul2\" type=\"square\">\n \t<li class=\"gl_space_li\"><strong>surveillance des r\u00e9servoirs<\/strong> :\nenregistrer le niveau de carburant \u00e0 chaque remplissage pour v\u00e9rifier les re\u00e7us de vos chauffeurs<\/li>\n \t<li class=\"gl_space_li\"><strong>calcul de la consommation<\/strong> :\n\u00e9valuer la distance que le v\u00e9hicule peut parcourir en fonction du niveau d&rsquo;essence pour rechercher \u00e0 l&rsquo;avance l&#8217;emplacement de la station d&rsquo;essence la plus rentable<\/li>\n \t<li class=\"gl_space_li\"><strong>d\u00e9tection du vol de carburant<\/strong> :\nrecevoir un e-mail ou un SMS automatique si le niveau d&rsquo;essence baisse anormalement, m\u00eame lorsque les moteurs sont \u00e0 l&rsquo;arr\u00eat<\/li>\n<\/ul>\n<\/div>\n\n<div class=\"col-md-4\">\n<div class=\"gl_h4big\">Combinaisons<\/div>\n<div>ENAiKOON fuel-tracker + <a href=\"https:\/\/www.enaikoon.com\/fr\/logiciel\/plugins\/messenger\/\">l&rsquo;ENAiKOON messenger<\/a> + <a href=\"https:\/\/www.enaikoon.com\/fr\/logiciel\/inviu-pro\/\">inViu pro<\/a> + <a title=\"ENAiKOON locate-04\" href=\"https:\/\/www.enaikoon.com\/fr\/modules-gps\/gamme-locate\/locate-04\/\">ENAiKOON locate-04<\/a> + <a title=\"ENAiKOON fuel-level sensor\" href=\"https:\/\/www.enaikoon.com\/fr\/modules-gps\/accessoires\/capteur-a-ultrasons\/\">ENAiKOON fuel-level sensor<\/a> = suivre le niveau d&rsquo;essence de vos v\u00e9hicules en temps r\u00e9el pour pr\u00e9venir les vols&#8230; et pour un meilleur aper\u00e7u de votre flotte et de vos employ\u00e9s !<\/div>\n<div><a class=\"gl_button_grey\" href=\"https:\/\/www.enaikoon.com\/fileadmin\/enaikoon\/Dateien\/pdf\/Datenblatt\/fuel-tracker\/franz\/ENAiKOON_fuel-tracker_Fiches_Produits.pdf\" target=\"_blank\" rel=\"nofollow\" noreferrer\">fiche de produit<\/a><\/div>\n<div><a class=\"gl_button_grey\" title=\"ENAiKOON fuel-level sensor\" href=\"https:\/\/www.enaikoon.com\/fileadmin\/enaikoon\/Dateien\/pdf\/Datenblatt\/fuel-level-manual\/franz\/ENAiKOON_fuel-tracker_sensor_manuel_03.12.2015.pdf\" target=\"_blank\" rel=\"nofollow\" noreferrer\">fiche de manuel<\/a><\/div>\n<div><a class=\"gl_button_yellow\" href=\"https:\/\/www.enaikoon.com\/fr\/contact\/votre-kit-gratuit\/\">Demander un kit gratuit<\/a><\/div>\n<div><a class=\"gl_button_blue\" href=\"https:\/\/www.enaikoon.com\/fr\/contact\/contact\/\">Nous contacter<\/a><\/div>\n<\/div>\n<div class=\"gl_row_space\">&nbsp;<\/div>\n<\/div>\n<\/div>","protected":false},"excerpt":{"rendered":"<p> [&hellip;]<\/p>\n","protected":false},"author":7,"featured_media":0,"parent":8411,"menu_order":0,"comment_status":"closed","ping_status":"closed","template":"","meta":{"footnotes":""},"acf":[],"_links":{"self":[{"href":"https:\/\/www.enaikoon.com\/fr\/wp-json\/wp\/v2\/pages\/3845"}],"collection":[{"href":"https:\/\/www.enaikoon.com\/fr\/wp-json\/wp\/v2\/pages"}],"about":[{"href":"https:\/\/www.enaikoon.com\/fr\/wp-json\/wp\/v2\/types\/page"}],"author":[{"embeddable":true,"href":"https:\/\/www.enaikoon.com\/fr\/wp-json\/wp\/v2\/users\/7"}],"replies":[{"embeddable":true,"href":"https:\/\/www.enaikoon.com\/fr\/wp-json\/wp\/v2\/comments?post=3845"}],"version-history":[{"count":9,"href":"https:\/\/www.enaikoon.com\/fr\/wp-json\/wp\/v2\/pages\/3845\/revisions"}],"predecessor-version":[{"id":17505,"href":"https:\/\/www.enaikoon.com\/fr\/wp-json\/wp\/v2\/pages\/3845\/revisions\/17505"}],"up":[{"embeddable":true,"href":"https:\/\/www.enaikoon.com\/fr\/wp-json\/wp\/v2\/pages\/8411"}],"wp:attachment":[{"href":"https:\/\/www.enaikoon.com\/fr\/wp-json\/wp\/v2\/media?parent=3845"}],"curies":[{"name":"wp","href":"https:\/\/api.w.org\/{rel}","templated":true}]}}