{"id":16307,"date":"2018-11-02T06:31:03","date_gmt":"2018-11-02T06:31:03","guid":{"rendered":"https:\/\/www.enaikoon.com\/?page_id=16307"},"modified":"2024-01-31T16:05:04","modified_gmt":"2024-01-31T16:05:04","slug":"declaration-de-protection-des-donnees","status":"publish","type":"page","link":"https:\/\/www.enaikoon.com\/fr\/declaration-de-protection-des-donnees\/","title":{"rendered":"D\u00e9claration de protection des donn\u00e9es"},"content":{"rendered":"\n<h1 class=\"wp-block-heading\">D\u00e9claration de protection des donn\u00e9es<\/h1>\n\n\n\n<h3 class=\"wp-block-heading\">Propos liminaires :<\/h3>\n\n\n\n<p>Nous prenons tr\u00e8s au s\u00e9rieux la protection de vos donn\u00e9es personnelles et nous aimerions que vous b\u00e9n\u00e9ficiiez d&rsquo;une s\u00e9curit\u00e9 totale quand vous visitez notre site. Notre pratique en mati\u00e8re de protection des donn\u00e9es se conforme aux dispositions du r\u00e8glement europ\u00e9en en l&rsquo;esp\u00e8ce et \u00e0 celles de la loi f\u00e9d\u00e9rale sur la protection des donn\u00e9es (nouvelle LFPD) ainsi qu&rsquo;\u00e0 celles de la loi sur les t\u00e9l\u00e9m\u00e9dias (TMG). Nous souhaiterions vous donner ici toutes les informations utiles en ce qui concerne le type, le p\u00e9rim\u00e8tre et la finalit\u00e9 du traitement auquel sont soumises vos donn\u00e9es personnelles. Nous tenons au pr\u00e9alable \u00e0 attirer votre attention sur le fait que cette d\u00e9claration de protection des donn\u00e9es concerne uniquement notre site web et ne s&rsquo;applique pas \u00e0 d&rsquo;autres sites auxquels il y est fait r\u00e9f\u00e9rence sous forme de liens.<\/p>\n\n\n\n<div style=\"height:40px\" aria-hidden=\"true\" class=\"wp-block-spacer\"><\/div>\n\n\n\n<h3 class=\"wp-block-heading\">Objet de la protection :<\/h3>\n\n\n\n<p>L&rsquo;objet de la protection est les donn\u00e9es personnelles. Il convient d&rsquo;entendre par l\u00e0 toutes les informations qui se r\u00e9f\u00e8rent \u00e0 une personne physique identifi\u00e9e ou identifiable (d\u00e9sign\u00e9e dans ce qui suit par \u00ab la personne concern\u00e9e \u00bb). Sont notamment vis\u00e9es toutes les indications qui permettent de d\u00e9duire l&rsquo;identit\u00e9 (par exemple les indications telles que le nom, l&rsquo;adresse postale, l&rsquo;adresse mail et le num\u00e9ro de t\u00e9l\u00e9phone).<\/p>\n\n\n\n<div style=\"height:40px\" aria-hidden=\"true\" class=\"wp-block-spacer\"><\/div>\n\n\n\n<h3 class=\"wp-block-heading\">Imp\u00e9ratifs techniques :<\/h3>\n\n\n\n<p>Afin que vous puissiez vous connecter \u00e0 notre site, votre navigateur transmet certaines donn\u00e9es au serveur web de notre site web. Il s&rsquo;agit l\u00e0 d&rsquo;une n\u00e9cessit\u00e9 technique pour que les informations de notre site auxquelles vous souhaitez acc\u00e9der soient mises \u00e0 disposition. Pour ce faire, votre adresse IP, la date et l&rsquo;heure de votre demande et le type de votre syst\u00e8me d&rsquo;exploitation vont entre autres \u00eatre utilis\u00e9s et sauvegard\u00e9s pendant 30 jours au maximum. Nous nous r\u00e9servons le droit de sauvegarder ces donn\u00e9es pour une dur\u00e9e limit\u00e9e afin de sauvegarder nos int\u00e9r\u00eats l\u00e9gitimes et de pouvoir ainsi \u00e9tablir une relation avec les donn\u00e9es personnelles en cas d&rsquo;acc\u00e8s par des personnes non habilit\u00e9es ou de l&rsquo;existence d&rsquo;une tentative de nous nuire intentionnellement par ce biais (art. 6 \u00a7 1 f RGPD). Les donn\u00e9es seront uniquement sauvegard\u00e9es ou transf\u00e9r\u00e9es dans ce but et ne serviront \u00e0 rien d&rsquo;autre sans que nous vous ayons pr\u00e9alablement inform\u00e9 et que nous ayons sollicit\u00e9 votre autorisation. (merci de comparer les donn\u00e9es avec celles qui sont sauvegard\u00e9es !!)<\/p>\n\n\n\n<div style=\"height:40px\" aria-hidden=\"true\" class=\"wp-block-spacer\"><\/div>\n\n\n\n<h3 class=\"wp-block-heading\">Cookies :<\/h3>\n\n\n\n<p>Les cookies sont de petits fichiers texte qui sont d\u00e9pos\u00e9s sur votre ordinateur ou votre appareil mobile via votre navigateur pour d\u00e9terminer par exemple si vous visitez notre site \u00e0 nouveau \u00e0 partir du m\u00eame terminal ou du m\u00eame navigateur. En r\u00e8gle g\u00e9n\u00e9rale, nous avons recours aux cookies pour analyser l&rsquo;int\u00e9r\u00eat que vous manifestez envers notre site web ainsi que pour en am\u00e9liorer la convivialit\u00e9. En principe, vous avez \u00e9galement la possibilit\u00e9 de consulter notre site web sans cookies.<\/p>\n\n\n\n<div style=\"height:40px\" aria-hidden=\"true\" class=\"wp-block-spacer\"><\/div>\n\n\n\n<p>En r\u00e8gle g\u00e9n\u00e9rale, les cookies peuvent \u00eatre d\u00e9sactiv\u00e9s ou supprim\u00e9s en se servant des outils qui sont \u00e0 disposition dans la plupart des navigateurs commerciaux. Les param\u00e9trages doivent \u00eatre effectu\u00e9s s\u00e9par\u00e9ment et de mani\u00e8re individuelle pour chaque navigateur que vous utilisez. Les diff\u00e9rents navigateurs proposent des fonctions et options diverses en la mati\u00e8re.<\/p>\n\n\n\n<div style=\"height:40px\" aria-hidden=\"true\" class=\"wp-block-spacer\"><\/div>\n\n\n\n<p>Si vous voulez utiliser pleinement notre site en b\u00e9n\u00e9ficiant de tout le confort, il est n\u00e9cessaire que vous acceptiez les cookies qui rendent possible le recours \u00e0 certaines fonctions et qui permettent de b\u00e9n\u00e9ficier de tout le confort d&rsquo;utilisation. Le r\u00e9sum\u00e9 suivant vous donne une vue d&rsquo;ensemble sur les cookies que nous utilisons ainsi que sur leur dur\u00e9e de stockage :<\/p>\n\n\n\n<h4 class=\"wp-block-heading\">Liste de cookies :<\/h4>\n\n\n\n<figure class=\"wp-block-table\"><table><tbody><tr><td><strong>Nom du cookie <\/strong><\/td><td><strong>Prestataire <\/strong><\/td><td><strong>Fonction<\/strong><\/td><td><strong>Validit\u00e9<\/strong><\/td><\/tr><tr><td>lc_sso<\/td><td>LiveChatinc<\/td><td>Enregistre les donn\u00e9es des visiteurs pour les fen\u00eatres de discussion afin de revenir sur le site internet<\/td><td>&nbsp;3 ans<\/td><\/tr><tr><td>_icl_visitor_lang_js<\/td><td>LiveChatinc<\/td><td>Sauvegarde la langue que vous avez employ\u00e9e lors de la derni\u00e8re visite du fen\u00eatre de discussion<\/td><td>&nbsp;1 jour<\/td><\/tr><tr><td>wpml_browser_redirect_test<\/td><td>WordPress<\/td><td>Sauvegarde la confirmation du visiteur lorsqu&rsquo;il a accept\u00e9 les cookies<\/td><td>jusqu&rsquo;\u00e0 la fin de la session<\/td><\/tr><tr><td>__livechat<\/td><td>LiveChatinc<\/td><td>N\u00e9cessaire pour reconna\u00eetre si des collaborateurs de ENAiKOON sont disponibles pour le chat.<\/td><td>3 ans<\/td><\/tr><tr><td>__livechat_lastvisit<\/td><td>LiveChatinc<\/td><td>Enregistre la derni\u00e8re ouverture du site par le visiteur<\/td><td>3 ans<\/td><\/tr><tr><td>\n<p>_lc_cid<\/p>\n<p>_lc_cst<\/p>\n<p>_lc_mcid<\/p>\n<p>_lc_mcst<\/p>\n<\/td><td>LiveChatinc<\/td><td>Utilisation du chat sur le site web<\/td><td>3 ans<\/td><\/tr><\/tbody><\/table><\/figure>\n\n\n\n<div style=\"height:40px\" aria-hidden=\"true\" class=\"wp-block-spacer\"><\/div>\n\n\n\n<p>Quand vous appelez notre site web, le texte figurant sur notre bandeau de cookies vous informe qu&rsquo;il est recouru \u00e0 ces cookies et vous les acceptez en continuant \u00e0 naviguer sur notre site ou en cliquant sur le bouton \u00ab D&rsquo;accord \u00bb.<\/p>\n\n\n\n<div style=\"height:40px\" aria-hidden=\"true\" class=\"wp-block-spacer\"><\/div>\n\n\n\n<h4 class=\"wp-block-heading\">Types de cookies :<\/h4>\n\n\n\n<p>Afin de vous permettre de comprendre plus en d\u00e9tail le fonctionnement des types les plus courants de cookies, nous vous apportons les pr\u00e9cisions suivantes :<\/p>\n\n\n\n<div style=\"height:40px\" aria-hidden=\"true\" class=\"wp-block-spacer\"><\/div>\n\n\n\n<h4 class=\"wp-block-heading\">1. Cookies de session (cookies de session) :<\/h4>\n\n\n\n<p>Les cookies de session permettent de reconna\u00eetre l&rsquo;utilisateur ainsi que les modifications op\u00e9r\u00e9es sur la page web. Ils permettent au site web de suivre votre navigation quand vous allez sur d&rsquo;autres pages web de telle mani\u00e8re que les informations qui ont d\u00e9j\u00e0 \u00e9t\u00e9 enregistr\u00e9es\/sauvegard\u00e9es ne doivent pas \u00eatre enregistr\u00e9es\/sauvegard\u00e9es \u00e0 nouveau. On peut citer par exemple les paniers pour les sites marchands. Le cookie de session sauvegarde les produits s\u00e9lectionn\u00e9s dans le panier de mani\u00e8re \u00e0 ce qu&rsquo;il contienne les bons articles lors du paiement en caisse. Les cookies de session sont supprim\u00e9s lors de la connexion ou ne sont plus valables d\u00e8s que la session a automatiquement expir\u00e9.<\/p>\n\n\n\n<div style=\"height:40px\" aria-hidden=\"true\" class=\"wp-block-spacer\"><\/div>\n\n\n\n<h4 class=\"wp-block-heading\">2. Cookies permanents ou cookies de protocole :<\/h4>\n\n\n\n<p>Un cookie permanent ou cookie de protocole stocke les informations et param\u00e9trages concernant l&rsquo;utilisateur sur son ordinateur pendant une dur\u00e9e pr\u00e9d\u00e9termin\u00e9e jusqu&rsquo;\u00e0 une date d&rsquo;expiration. Cela permet de b\u00e9n\u00e9ficier d&rsquo;un acc\u00e8s plus facile et plus convivial car vous n&rsquo;avez par exemple pas besoin de red\u00e9finir les param\u00e8tres en mati\u00e8re de langue utilis\u00e9e ou vous ne devez pas \u00e0 nouveau saisir vos donn\u00e9es d&rsquo;identification. Le cookie est supprim\u00e9 automatiquement apr\u00e8s l&rsquo;expiration de la p\u00e9riode d&rsquo;enregistrement.<\/p>\n\n\n\n<div style=\"height:40px\" aria-hidden=\"true\" class=\"wp-block-spacer\"><\/div>\n\n\n\n<h4 class=\"wp-block-heading\">3. Cookies de prestataires tiers :<\/h4>\n\n\n\n<p>Par principe, les cookies de prestataires tiers n&rsquo;exercent aucune influence au regard de l&rsquo;utilisation de la page car ils ne sont pas issus du site web de l&rsquo;exploitant. Par exemple, leur objectif est de collecter des informations pour la publicit\u00e9 ou des contenus personnalis\u00e9s ainsi que des statistiques web pour les transmettre au prestataire tiers.<\/p>\n\n\n\n<div style=\"height:40px\" aria-hidden=\"true\" class=\"wp-block-spacer\"><\/div>\n\n\n\n<h4 class=\"wp-block-heading\">4. Cookies de tra\u00e7age :<\/h4>\n\n\n\n<p>Les cookies de tra\u00e7age sont des fichiers texte particuliers qui offrent la possibilit\u00e9 de collecter des donn\u00e9es relatives au comportement de l&rsquo;utilisateur. Ainsi, il est possible d&rsquo;acqu\u00e9rir des renseignements sur les centres d&rsquo;int\u00e9r\u00eat principaux de l&rsquo;utilisateur afin par exemple de cibler les offres publicitaires. Les cookies de tra\u00e7age ne sont pas seulement install\u00e9s lors de la connexion, mais \u00e9galement lors de la visite du site web par un processus automatique.<\/p>\n\n\n\n<div style=\"height:40px\" aria-hidden=\"true\" class=\"wp-block-spacer\"><\/div>\n\n\n\n<p>La pr\u00e9sentation des types les plus courants de cookies qui vient d&rsquo;\u00eatre faite doit vous donner une vue d&rsquo;ensemble de ce type d&rsquo;enqu\u00eate. Ces d\u00e9veloppements n&rsquo;ont pas la pr\u00e9tention d&rsquo;\u00eatre exhaustifs. Suite aux d\u00e9veloppements des techniques informatiques, il est possible de supposer que d&rsquo;autres types de cookies vont se d\u00e9velopper avec le temps. Merci de vous informer p\u00e9riodiquement des changements du moment en consultant notre d\u00e9claration de protection des donn\u00e9es avant d&rsquo;utiliser notre site web.<\/p>\n\n\n\n<div style=\"height:40px\" aria-hidden=\"true\" class=\"wp-block-spacer\"><\/div>\n\n\n\n<h3 class=\"wp-block-heading\">Utilisateur de notre formulaire de contact :<\/h3>\n\n\n\n<p>Notre site web comprend des formulaires de contact qui peuvent \u00eatre utilis\u00e9s aux fins de prendre contact par la voie \u00e9lectronique. Nous vous garantissons que la connexion est crypt\u00e9e pendant la transmission aux fins d&rsquo;assurer un acheminement s\u00e9curis\u00e9 de vos donn\u00e9es. En cliquant sur le bouton \u00ab Envoyer \u00bb, vous octroyez votre consentement en ce qui concerne la transmission des donn\u00e9es figurant dans le masque de saisie. Nous stockons votre nom ainsi que votre adresse mail et le cas \u00e9ch\u00e9ant d&rsquo;autres informations que vous avez mises \u00e0 notre disposition pour rentrer en contact avec vous et pour pouvoir r\u00e9pondre au mieux \u00e0 vos questions. D&rsquo;une part, nous pouvons vous apporter le service que vous attendez et d&rsquo;autre part, nous avons ainsi la possibilit\u00e9 de nous am\u00e9liorer en permanence (art. 6 \u00a7 1 f RGPD).<\/p>\n\n\n\n<div style=\"height:40px\" aria-hidden=\"true\" class=\"wp-block-spacer\"><\/div>\n\n\n\n<p>Si vous vous enregistrez sur notre site web pour pouvoir utiliser l&rsquo;application inViu pro et inViu web les donn\u00e9es suivantes seront collect\u00e9es uniquement pour permettre la gestion de votre compte utilisateur et pour les besoins de la relation contractuelle : Nom, adresse, entreprise, adresse mail et mot de passe, le cas \u00e9ch\u00e9ant num\u00e9ro de t\u00e9l\u00e9phone et vos observations.<\/p>\n\n\n\n<div style=\"height:40px\" aria-hidden=\"true\" class=\"wp-block-spacer\"><\/div>\n\n\n\n<p>Les utilisateurs enregistr\u00e9s peuvent en plus saisir des donn\u00e9es d&rsquo;utilisation via inViu pro et inViu web et nous les conservons \u00e0 votre intention. Vous pouvez supprimer ces donn\u00e9es \u00e0 tout moment et elles le sont automatiquement un mois apr\u00e8s la cl\u00f4ture du compte.<\/p>\n\n\n\n<div style=\"height:40px\" aria-hidden=\"true\" class=\"wp-block-spacer\"><\/div>\n\n\n\n<h3 class=\"wp-block-heading\">Informations g\u00e9n\u00e9rales suppl\u00e9mentaires :<\/h3>\n\n\n\n<h4 class=\"wp-block-heading\">Modifications de cette d\u00e9claration de protection des donn\u00e9es<\/h4>\n\n\n\n<p>Nous proc\u00e9dons p\u00e9riodiquement \u00e0 l&rsquo;examen de la d\u00e9claration de protection des donn\u00e9es au regard de la conformit\u00e9 envers les dispositions l\u00e9gales, la jurisprudence, les modalit\u00e9s de mise en place par les autorit\u00e9s de surveillance ainsi qu&rsquo;envers les tendances qui se dessinent et le d\u00e9veloppement des normes techniques. Ainsi, nous nous r\u00e9servons le droit d&rsquo;apporter des modifications \u00e0 la d\u00e9claration de protection des donn\u00e9es afin de la mettre en conformit\u00e9 avec les nouvelles dispositions l\u00e9gales r\u00e9gissant la protection des donn\u00e9es et les modifications affectant le cadre juridique ou technique. C&rsquo;est la raison pour laquelle nous vous remercions de prendre toujours connaissance de la d\u00e9claration de protection des donn\u00e9es en vigueur avant de commencer \u00e0 utiliser notre offre en ligne.<\/p>\n\n\n\n<div style=\"height:40px\" aria-hidden=\"true\" class=\"wp-block-spacer\"><\/div>\n\n\n\n<h4 class=\"wp-block-heading\">Qui est responsable en ce qui concerne le traitement des donn\u00e9es ? (art. 13 \u00a7 1 a, b RGPD)<\/h4>\n\n\n\n<p>La structure responsable du traitement des donn\u00e9es sur notre site est ENAiKOON GmbH. Les coordonn\u00e9es figurent dans les dispositions l\u00e9gales : <a rel=\"nofollow\" href=\"\/fr\/pied-de-page\/mentions-legales\/\">https:\/\/www.enaikoon.com\/fr\/pied-de-page\/mentions-legales\/<\/a><\/p>\n\n\n\n<div style=\"height:40px\" aria-hidden=\"true\" class=\"wp-block-spacer\"><\/div>\n\n\n\n<p>Vous pouvez contacter notre gestionnaire en mati\u00e8re de protection des donn\u00e9es \u00e0 l&rsquo;adresse suivante :<\/p>\n\n\n\n<div style=\"height:40px\" aria-hidden=\"true\" class=\"wp-block-spacer\"><\/div>\n\n\n\n<p>ENAiKOON GmbH<\/p>\n\n\n\n<p>Gestionnaire en mati\u00e8re de protection des donn\u00e9es<\/p>\n\n\n\n<p>Scheelestr. 1a<\/p>\n\n\n\n<p>59929 Brilon<\/p>\n\n\n\n<p>E-mail : <a rel=\"nofollow\" href=\"mailto:datenschutz@enaikoon.de\">datenschutz@enaikoon.de<\/a><\/p>\n\n\n\n<p>T\u00e9l. : +49 30 39 74 75-30<\/p>\n\n\n\n<div style=\"height:40px\" aria-hidden=\"true\" class=\"wp-block-spacer\"><\/div>\n\n\n\n<h4 class=\"wp-block-heading\">Qui est le destinataire de vos donn\u00e9es personnelles ? (art. 13 \u00a7 1 e, f RGPD)<\/h4>\n\n\n\n<p>Nous traitons vos donn\u00e9es personnelles dans le respect de la confidentialit\u00e9 et en principe, nous ne les transmettons pas \u00e0 des tiers sauf si vous avez donn\u00e9 votre accord ou si la mise \u00e0 disposition r\u00e9sulte de l&rsquo;application de dispositions l\u00e9gales ou contractuelles. Il peut arriver que dans des cas particuliers, nous chargions un sous-traitant d&rsquo;op\u00e9rer le traitement de vos donn\u00e9es personnelles. Cela est encadr\u00e9 par les dispositions de l&rsquo;art 28 RGPD et se fonde sur un contrat de sous-traitance.<\/p>\n\n\n\n<div style=\"height:40px\" aria-hidden=\"true\" class=\"wp-block-spacer\"><\/div>\n\n\n\n<h4 class=\"wp-block-heading\">Quelle est la dur\u00e9e de stockage des donn\u00e9es ? (art. 13 \u00a7 2 a RGPD)<\/h4>\n\n\n\n<p>Le l\u00e9gislateur a \u00e9dict\u00e9 des obligations de conservation et des d\u00e9lais multiples.<br>En principe, nous ne stockons vos donn\u00e9es que pendant la dur\u00e9e n\u00e9cessaire pour satisfaire aux dispositions l\u00e9gales.<br>Apr\u00e8s l&rsquo;expiration de ces d\u00e9lais, les donn\u00e9es correspondantes seront syst\u00e9matiquement supprim\u00e9es d\u00e8s lors qu&rsquo;elles ne sont plus n\u00e9cessaires au regard de la satisfaction des dispositions contractuelles. Nous sauvegardons les donn\u00e9es que nous avons trait\u00e9es en nous r\u00e9f\u00e9rant \u00e0 votre consentement aussi longtemps que n\u00e9cessaire jusqu&rsquo;\u00e0 ce que vous ayez formul\u00e9 une r\u00e9vocation. Nous sauvegardons les donn\u00e9es que nous avons trait\u00e9es en nous r\u00e9f\u00e9rant \u00e0 un int\u00e9r\u00eat l\u00e9gitime justifi\u00e9 aussi longtemps que ledit int\u00e9r\u00eat demeure et que vous n&rsquo;avez pas formul\u00e9 d&rsquo;objection \u00e0 l&rsquo;\u00e9gard du traitement.<\/p>\n\n\n\n<div style=\"height:40px\" aria-hidden=\"true\" class=\"wp-block-spacer\"><\/div>\n\n\n\n<p>Les donn\u00e9es commerciales ou ayant un impact financier concernant un exercice clos sont supprim\u00e9es apr\u00e8s un d\u00e9lai de dix ans conform\u00e9ment aux dispositions l\u00e9gales dans la mesure o\u00f9 des d\u00e9lais de conservation plus longs ne sont pas prescrits ou qu&rsquo;ils ne s&rsquo;imposent pas en raison de l&rsquo;existence de motifs s\u00e9rieux et justifi\u00e9s. Dans la mesure o\u00f9 les donn\u00e9es ne sont pas soumises \u00e0 des d\u00e9lais de conservation pr\u00e9cis, elles sont d\u00e9truites quand les objectifs qui ont justifi\u00e9 leur traitement sont caducs. <div style=\"height:40px\" aria-hidden=\"true\" class=\"wp-block-spacer\"><\/div><\/p>\n\n\n\n<h4 class=\"wp-block-heading\">Quels sont les objectifs et la base juridique en mati\u00e8re de traitement des donn\u00e9es personnelles ? (art. 13 \u00a7 1 c, d RGPD)<\/h4>\n\n\n\n<p>Nous vous avons d\u00e9j\u00e0 explicit\u00e9 les objectifs ainsi que les bases juridiques gouvernant le traitement des donn\u00e9es. En outre, les consid\u00e9rations d&rsquo;ordre g\u00e9n\u00e9ral suivantes s&rsquo;appliquent : Dans la mesure o\u00f9 cela est n\u00e9cessaire, nous proc\u00e9dons au traitement de vos donn\u00e9es pour sauvegarder notre int\u00e9r\u00eat l\u00e9gitime ainsi que celui des tiers selon l&rsquo;art 6 \u00a7 1f RGPD, par exemple pour faire valoir des revendications juridiques et les droits de la d\u00e9fense lors de litiges ou pour la garantie du syst\u00e8me informatique ainsi que pour la s\u00e9curit\u00e9.<\/p>\n\n\n\n<div style=\"height:40px\" aria-hidden=\"true\" class=\"wp-block-spacer\"><\/div>\n\n\n\n<p>Dans la mesure o\u00f9 nous avons un int\u00e9r\u00eat l\u00e9gitime et justifi\u00e9 ou que vous nous avez octroy\u00e9 un consentement nous autorisant \u00e0 op\u00e9rer le traitement de vos donn\u00e9es personnelles, nous traitons vos donn\u00e9es en vue de la communication externe et du marketing sur le fondement de l&rsquo;art. 6 \u00a7 1 a ou f RGPD. A tout moment, vous avez le droit de r\u00e9voquer votre consentement.<br>Nous pouvons ou devons en cas de n\u00e9cessit\u00e9 op\u00e9rer le traitement de vos donn\u00e9es personnelles afin de satisfaire \u00e0 des dispositions l\u00e9gales et les transmettre \u00e0 des tiers (selon l&rsquo;art. 6 par.1c).<br>En aucun cas nous n&rsquo;utilisons vos donn\u00e9es dans le cadre de prises de d\u00e9cisions automatis\u00e9es ou d&rsquo;actions de profiling.<\/p>\n\n\n\n<div style=\"height:40px\" aria-hidden=\"true\" class=\"wp-block-spacer\"><\/div>\n\n\n\n<h4 class=\"wp-block-heading\">Quels sont vos droits et devoirs ? (art. 13 \u00a7 2 b, c, d, e RGPD)<\/h4>\n\n\n\n<p>Chaque personne concern\u00e9e dispose des droits suivants :<\/p>\n\n\n\n<ul>\n<li>Art. 15 RGPD vous avez le droit \u00e0 l&rsquo;information. Cela signifie que vous \u00eates en droit d&rsquo;exiger une confirmation de notre part relative \u00e0 l&rsquo;existence d&rsquo;un traitement de donn\u00e9es personnelles vous concernant.<\/li>\n\n\n\n<li>Art. 16 RGPD Vous disposez du droit de rectification. Cela signifie que vous \u00eates en droit d&rsquo;exiger que nous op\u00e9rions les rectifications des donn\u00e9es personnelles vous concernant qui sont inexactes.<\/li>\n\n\n\n<li>Art. 17 RGPD Vous disposez du droit de suppression (\u00ab droit \u00e0 l&rsquo;oubli \u00bb). Cela signifie que vous pouvez exiger que nous proc\u00e9dions sans d\u00e9lai \u00e0 la suppression des donn\u00e9es vous concernant sauf si nous ne pouvons pas op\u00e9rer ladite suppression en raison par exemple du respect de dispositions l\u00e9gales en mati\u00e8re de d\u00e9lais de conservation.<\/li>\n\n\n\n<li>Art. 18 RGPD Vous disposez du droit de limitation du traitement. Cela signifie que nous ne pouvons plus proc\u00e9der au traitement de vos donn\u00e9es personnelles en dehors de leur sauvegarde.<\/li>\n\n\n\n<li>Art. 20 RGPD Vous disposez d&rsquo;un droit \u00e0 la portabilit\u00e9 des donn\u00e9es. Cela signifie que vous disposez du droit de recevoir les donn\u00e9es personnelles vous concernant dans un format structur\u00e9, courant et lisible en machine et que vous pouvez les transmettre \u00e0 un autre responsable.<\/li>\n\n\n\n<li>Art. 7 \u00a7 3 RGPD Vous disposez du droit de r\u00e9vocation d&rsquo;un consentement avec effet pour l&rsquo;avenir.<\/li>\n\n\n\n<li>Art. 13 RGPD Vous avez le droit d&rsquo;introduire un recours aupr\u00e8s de l&rsquo;autorit\u00e9 de surveillance comp\u00e9tente.<\/li>\n<\/ul>\n\n\n\n<div style=\"height:40px\" aria-hidden=\"true\" class=\"wp-block-spacer\"><\/div>\n\n\n\n<p>De surcro\u00eet, aux termes de l&rsquo;art. 21, vous disposez du droit d&rsquo;opposition. Cela signifie qu&rsquo;\u00e0 tout moment, vous pouvez vous opposer au traitement des donn\u00e9es personnelles vous concernant qui se fonde sur l&rsquo;article 6 \u00a7 1 al e ou f.<\/p>\n\n\n\n<div style=\"height:40px\" aria-hidden=\"true\" class=\"wp-block-spacer\"><\/div>\n\n\n\n<p>Si vous souhaitez faire usage de vos droits, veuillez vous adresser par \u00e9crit (par courrier ou e-mail) au responsable de la protection des donn\u00e9es (voir coordonn\u00e9es plus haut).<\/p>\n\n\n\n<div style=\"height:40px\" aria-hidden=\"true\" class=\"wp-block-spacer\"><\/div>\n\n\n\n<h4 class=\"wp-block-heading\">Autorit\u00e9 de surveillance comp\u00e9tente<\/h4>\n\n\n\n<p>Gestionnaire berlinois de la protection des donn\u00e9es et de la libert\u00e9 de l&rsquo;information<\/p>\n\n\n\n<p>Friedrichstra\u00dfe 219, 10969 Berlin<\/p>\n\n\n\n<p>T\u00e9l. : +49 30 13889-0<\/p>\n\n\n\n<p>Fax : +49 30 2155050<\/p>\n\n\n\n<p>E-mail : <a rel=\"nofollow\" href=\"mailto:mailbox@datenschutz-berlin.de\">mailbox@datenschutz-berlin.de<\/a><\/p>\n\n\n\n<div style=\"height:40px\" aria-hidden=\"true\" class=\"wp-block-spacer\"><\/div>\n\n\n\n<p>Si vous avez d&rsquo;autres questions en mati\u00e8re de protection des donn\u00e9es, vous pouvez contacter notre responsable en mati\u00e8re de protection des donn\u00e9es en utilisant les coordonn\u00e9es mentionn\u00e9es plus haut.<\/p>\n\n\n\n<div style=\"height:40px\" aria-hidden=\"true\" class=\"wp-block-spacer\"><\/div>\n\n\n\n<p>En raison de l&rsquo;observation stricte de la loi allemande en mati\u00e8re de protection des donn\u00e9es et de l&rsquo;examen permanent via un responsable ind\u00e9pendant en l&rsquo;esp\u00e8ce, nous sommes fond\u00e9s \u00e0 avoir le label Conceptec en mati\u00e8re de protection des donn\u00e9es.<\/p>\n\n\n\n<div style=\"height:40px\" aria-hidden=\"true\" class=\"wp-block-spacer\"><\/div>\n","protected":false},"excerpt":{"rendered":"<p> [&hellip;]<\/p>\n","protected":false},"author":7,"featured_media":0,"parent":0,"menu_order":0,"comment_status":"closed","ping_status":"closed","template":"","meta":{"footnotes":""},"acf":[],"_links":{"self":[{"href":"https:\/\/www.enaikoon.com\/fr\/wp-json\/wp\/v2\/pages\/16307"}],"collection":[{"href":"https:\/\/www.enaikoon.com\/fr\/wp-json\/wp\/v2\/pages"}],"about":[{"href":"https:\/\/www.enaikoon.com\/fr\/wp-json\/wp\/v2\/types\/page"}],"author":[{"embeddable":true,"href":"https:\/\/www.enaikoon.com\/fr\/wp-json\/wp\/v2\/users\/7"}],"replies":[{"embeddable":true,"href":"https:\/\/www.enaikoon.com\/fr\/wp-json\/wp\/v2\/comments?post=16307"}],"version-history":[{"count":16,"href":"https:\/\/www.enaikoon.com\/fr\/wp-json\/wp\/v2\/pages\/16307\/revisions"}],"predecessor-version":[{"id":19057,"href":"https:\/\/www.enaikoon.com\/fr\/wp-json\/wp\/v2\/pages\/16307\/revisions\/19057"}],"wp:attachment":[{"href":"https:\/\/www.enaikoon.com\/fr\/wp-json\/wp\/v2\/media?parent=16307"}],"curies":[{"name":"wp","href":"https:\/\/api.w.org\/{rel}","templated":true}]}}