{"id":7467,"date":"2016-08-08T17:46:02","date_gmt":"2016-08-08T17:46:02","guid":{"rendered":"https:\/\/www.enaikoon.com\/es\/?page_id=7467"},"modified":"2016-08-18T03:26:24","modified_gmt":"2016-08-18T03:26:24","slug":"v-locator-mobile","status":"publish","type":"page","link":"https:\/\/www.enaikoon.com\/es\/movil\/app-moviles\/v-locator-mobile\/","title":{"rendered":"v locator mobile"},"content":{"rendered":"<div class=\"gl_slide_scroll_box\">\r\n\t<div class=\"gl_scroll_box\">\r\n <noindex><\/noindex>        <ul>\r\n            <li><a class=\"gl_scroll_link_title\" href=\"https:\/\/www.enaikoon.com\/es\/movil\/app-moviles\/buddy-tracker\/\"  title=\"buddy-tracker\">buddy-tracker<\/a><br\/>\r\n            <a href=\"https:\/\/www.enaikoon.com\/es\/movil\/app-moviles\/buddy-tracker\/\"  title=\"buddy-tracker\"><img decoding=\"async\" class=\"gl_scroll_link_img\" src=\"https:\/\/www.enaikoon.com\/wp-content\/uploads\/2016\/07\/buddy-tracker.png\" border=\"0\" alt=\"\" ><\/a><\/li>\r\n            \r\n \t\t\t<li><a class=\"gl_scroll_link_title\" href=\"https:\/\/www.enaikoon.com\/es\/movil\/app-moviles\/v-locator-mobile\/\"  title=\"v-locator-mobile\">v-locator-mobile<\/a><br\/>\r\n            <a href=\"https:\/\/www.enaikoon.com\/es\/movil\/app-moviles\/v-locator-mobile\/\"  title=\"v-locator-mobile\"><img decoding=\"async\" class=\"gl_scroll_link_img_active\" src=\"https:\/\/www.enaikoon.com\/wp-content\/uploads\/2016\/07\/v-locator.png\" border=\"0\" alt=\"\" ><\/a><\/li>\r\n            \r\n             <li><a class=\"gl_scroll_link_title\" href=\"https:\/\/www.enaikoon.com\/es\/movil\/app-moviles\/rfid-tracker\/\"  title=\"RFID-tracker\">RFID-tracker<\/a><br\/>\r\n            <a href=\"https:\/\/www.enaikoon.com\/es\/movil\/app-moviles\/rfid-tracker\/\"  title=\"RFID-tracker\"><img decoding=\"async\" class=\"gl_scroll_link_img\" src=\"https:\/\/www.enaikoon.com\/wp-content\/uploads\/2016\/07\/RFID-tracker.png\" border=\"0\" alt=\"\" ><\/a><\/li>\r\n            \r\n        \r\n        <\/ul>\r\n\r\n    <\/div>\r\n<\/div>\r\n\r\n<div class=\"row\">\r\n\r\n<div class=\"gl_border-page\">\r\n\t\t\r\n\t\t\r\n\t\t<div class=\"col-md-4\">\r\n\t\r\n        <div class=\"gl_h2big\">ENAiKOON<br\/>\r\nv-locator-mobile<\/div>\r\n <div class=\"gl_space_top5\">\r\n\t \r\n\t<a rel=\"nofollow\" href=\"https:\/\/www.enaikoon.com\/wp-content\/uploads\/2016\/07\/V-Locator_inactive.png\" target=\"_blank\" title=\"ENAiKOON v-locator-mobile\" ><img decoding=\"async\" loading=\"lazy\" src=\"https:\/\/www.enaikoon.com\/wp-content\/uploads\/2016\/07\/V-Locator_inactive.png\" alt=\"ENAiKOON v-locator-mobile is a low-cost mobile application used for communication between mobile employees and the dispatching centre.\" border=\"0\" height=\"150\" width=\"184\"><\/a><\/div>\r\n\r\n   <div class=\"gl_space_top10 gl_space_right10\">\r\n<em><strong>ENAiKOON v-locator-mobile <\/strong> es una aplicaci\u00f3n m\u00f3vil dise\u00f1ada para mejorar la comunicaci\u00f3n escrita entre la oficina central y sus trabajadores m\u00f3viles y organizar eficientemente sus tareas diarias.<\/em><\/div>\r\n \r\n \r\n <div class=\"gl_space_top10\"><\/div>\r\n <div class=\"gl_h4big\">Aplicaciones<\/div>\r\n<p class=\"gl_space_right5\">Cualquier industria que necesite una buena gesti\u00f3n de sus veh\u00edculos o flota: transporte y log\u00edstica, empresas de taxis, de reparto, y de construcci\u00f3n. Donde se emplee el tel\u00e9fono m\u00f3vil. <\/p>\r\n\t\t\t\r\n\t\t<\/div>\r\n\t\t\r\n\t\t<div class=\"col-md-4\">\r\n  <div class=\"gl_h4big\">Caracter\u00edsticas principales<\/div>\r\n\t\t<div class=\"gl_ul_style2\">\r\n\t<ul>\r\n           <li>Localizaci\u00f3n GPS precisa del tel\u00e9fono del trabajador m\u00f3vil<\/li>\r\n          <li>Muestra de las rutas, direcciones y velocidades<\/li>\r\n          <li>Comunicaci\u00f3n asequible y efectiva entre el   centro de control y los trabajadores: tareas, mensajes, estado (ocupado,   pausa, accidente, etc)<\/li>\r\n          <li>Env\u00edo de alarma al llegar o salir de un lugar predefinido &#8211; Geofence<\/li>\r\n          <li>Asignaci\u00f3n de costes seg\u00fan tareas<\/li>\r\n    <\/ul>\r\n    <\/div>\r\n\r\n  <div class=\"gl_h4big gl_space_top20\">Detalles t\u00e9cnicos<\/div>\r\n  <div class=\"gl_ul_style3\">\r\n\t<ul>\r\n          <li>Compatible con Windows\u00ae Mobile 6.5 y Blackberry\u00ae<\/li>\r\n          <li>Comunicaci\u00f3n a trav\u00e9s de GPRS (bajo coste)<\/li>\r\n          <li>F\u00e1cil integraci\u00f3n con software ya existente y sus servidores<\/li>\r\n    <\/ul>\r\n<\/div>\r\n              \r\n<div><em>Por favor, p\u00f3ngase en <a href=\"https:\/\/www.enaikoon.com\/es\/contacto\/contacto\/\">contacto con nosotros<\/a> para comprobar si su tel\u00e9fono es 100% compatible con nuestra aplicaci\u00f3n.<\/em><\/div>\r\n\t\t\t   \r\n\t \r\n\t\t<\/div>\r\n\t\t\r\n\t\t<div class=\"col-md-4\">\r\n\t<div class=\"gl_h4big\">Combinaci\u00f3n de dispositivos<\/div>\r\n\t\t\r\n\t\t\t<p>ENAiKOON v-locator + <a href=\"https:\/\/www.enaikoon.com\/es\/software-es\/inviu-pro\/\">inViu pro<\/a> + <a href=\"https:\/\/www.enaikoon.com\/es\/software-es\/plugins\/tour-checker\/\" target=\"_blank\">ENAiKOON tour-checker<\/a> = optimizaci\u00f3n de la organizaci\u00f3n del trabajo, comunicaci\u00f3n r\u00e1pida y por escrito para mejorar la productividad y reducir los costes<\/p>\r\n            <div class=\"gl_space_top15\"><\/div>\r\n\t\t\t<div class=\"gl_space_top20\"><a class=\"gl_button_blue\" href=\"https:\/\/www.enaikoon.com\/es\/contacto\/contacto\/\">cont\u00e1ctenos<\/a> <\/div>\r\n\t\t\t  <div class=\"gl_space_top5\"><a class=\"gl_button_grey\"   rel=\"nofollow\" href=\"https:\/\/www.enaikoon.com\/fileadmin\/enaikoon\/Dateien\/pdf\/Datenblatt\/v-locator-mobile\/spanisch\/ENAiKOON_v-locator_hojas_de_datos.pdf\" target=\"_blank\">Descargar PDF<\/a> <\/div>\r\n\t\t\t  \r\n\t\t\t <p class=\"gl_space_top15\">Aqu\u00ed puede encontrar una app similar para otro sistema operativo para la consulta de datos de posici\u00f3n de trackables de la cuenta de usuario de inViu web\/pro:  <\/p>\r\n\t\t\t  <div class=\"gl_space_top15\"><a class=\"gl_button_yellow\"  href=\"https:\/\/www.enaikoon.com\/es\/movil\/plugins\/routes\/\">Android<\/a> <\/div>\r\n\t \r\n<\/div>\r\n\t\t\r\n\t\t\r\n\t\t<div class=\"gl_row_space\"><\/div>\r\n<\/div>\r\n<\/div>\r\n\r\n\r\n","protected":false},"excerpt":{"rendered":"<p> [&hellip;]<\/p>\n","protected":false},"author":7,"featured_media":0,"parent":7461,"menu_order":0,"comment_status":"closed","ping_status":"closed","template":"","meta":{"footnotes":""},"acf":[],"_links":{"self":[{"href":"https:\/\/www.enaikoon.com\/es\/wp-json\/wp\/v2\/pages\/7467"}],"collection":[{"href":"https:\/\/www.enaikoon.com\/es\/wp-json\/wp\/v2\/pages"}],"about":[{"href":"https:\/\/www.enaikoon.com\/es\/wp-json\/wp\/v2\/types\/page"}],"author":[{"embeddable":true,"href":"https:\/\/www.enaikoon.com\/es\/wp-json\/wp\/v2\/users\/7"}],"replies":[{"embeddable":true,"href":"https:\/\/www.enaikoon.com\/es\/wp-json\/wp\/v2\/comments?post=7467"}],"version-history":[{"count":7,"href":"https:\/\/www.enaikoon.com\/es\/wp-json\/wp\/v2\/pages\/7467\/revisions"}],"predecessor-version":[{"id":9006,"href":"https:\/\/www.enaikoon.com\/es\/wp-json\/wp\/v2\/pages\/7467\/revisions\/9006"}],"up":[{"embeddable":true,"href":"https:\/\/www.enaikoon.com\/es\/wp-json\/wp\/v2\/pages\/7461"}],"wp:attachment":[{"href":"https:\/\/www.enaikoon.com\/es\/wp-json\/wp\/v2\/media?parent=7467"}],"curies":[{"name":"wp","href":"https:\/\/api.w.org\/{rel}","templated":true}]}}