{"id":7463,"date":"2016-08-08T17:40:57","date_gmt":"2016-08-08T17:40:57","guid":{"rendered":"https:\/\/www.enaikoon.com\/es\/?page_id=7463"},"modified":"2016-08-18T03:28:22","modified_gmt":"2016-08-18T03:28:22","slug":"buddy-tracker","status":"publish","type":"page","link":"https:\/\/www.enaikoon.com\/es\/movil\/app-moviles\/buddy-tracker\/","title":{"rendered":"buddy tracker"},"content":{"rendered":"<div class=\"gl_slide_scroll_box\">\r\n\t<div class=\"gl_scroll_box\">\r\n <noindex><\/noindex>        <ul>\r\n            <li><a class=\"gl_scroll_link_title\" href=\"https:\/\/www.enaikoon.com\/es\/movil\/app-moviles\/buddy-tracker\/\"  title=\"buddy-tracker\">buddy-tracker<\/a><br\/>\r\n            <a href=\"https:\/\/www.enaikoon.com\/es\/movil\/app-moviles\/buddy-tracker\/\"  title=\"buddy-tracker\"><img decoding=\"async\" class=\"gl_scroll_link_img_active\" src=\"https:\/\/www.enaikoon.com\/wp-content\/uploads\/2016\/07\/buddy-tracker.png\" border=\"0\" alt=\"\" ><\/a><\/li>\r\n            \r\n \t\t\t<li><a class=\"gl_scroll_link_title\" href=\"https:\/\/www.enaikoon.com\/es\/movil\/app-moviles\/v-locator-mobile\/\"  title=\"v-locator-mobile\">v-locator-mobile<\/a><br\/>\r\n            <a href=\"https:\/\/www.enaikoon.com\/es\/movil\/app-moviles\/v-locator-mobile\/\"  title=\"v-locator-mobile\"><img decoding=\"async\" class=\"gl_scroll_link_img\" src=\"https:\/\/www.enaikoon.com\/wp-content\/uploads\/2016\/07\/v-locator.png\" border=\"0\" alt=\"\" ><\/a><\/li>\r\n            \r\n             <li><a class=\"gl_scroll_link_title\" href=\"https:\/\/www.enaikoon.com\/es\/movil\/app-moviles\/rfid-tracker\/\"  title=\"RFID-tracker\">RFID-tracker<\/a><br\/>\r\n            <a href=\"https:\/\/www.enaikoon.com\/es\/movil\/app-moviles\/rfid-tracker\/\"  title=\"RFID-tracker\"><img decoding=\"async\" class=\"gl_scroll_link_img\" src=\"https:\/\/www.enaikoon.com\/wp-content\/uploads\/2016\/07\/RFID-tracker.png\" border=\"0\" alt=\"\" ><\/a><\/li>\r\n            \r\n        \r\n        <\/ul>\r\n\r\n    <\/div>\r\n<\/div>\r\n<div class=\"row\">\r\n\r\n<div class=\"gl_border-page\">\r\n\t\t\r\n\t\t<div class=\"col-md-4\">\r\n\t\r\n        <div class=\"gl_h2big\">ENAiKOON<br\/>\r\nbuddy-tracker<\/div>\r\n <div class=\"gl_space_top5\">\r\n\t<a rel=\"nofollow\" href=\"https:\/\/www.enaikoon.com\/wp-content\/uploads\/2016\/07\/BuddyTracker_inactive.png\" target=\"_blank\" title=\"ENAiKOON buddy-tracker\" ><img decoding=\"async\" loading=\"lazy\" src=\"https:\/\/www.enaikoon.com\/wp-content\/uploads\/2016\/07\/BuddyTracker_inactive.png\" alt=\"ENAiKOON buddy-tracker is used to locate any remote object and allows you to monitor remotely using your mobile phone.\" border=\"0\" height=\"150\" width=\"184\"><\/a><\/div>\r\n\r\n   <div class=\"gl_space_top10 gl_space_right15\">\r\n<em><strong>ENAiKOON buddy-tracker <\/strong> est\u00e1 dise\u00f1ado para localizar cualquier trackable, como veh\u00edculos o personas, permitiendo la gesti\u00f3n remota de un equipo o flota entera. <\/em><\/div>\r\n \r\n \r\n <div class=\"gl_space_top10\"><\/div>\r\n <div class=\"gl_h4big\">Aplicaciones<\/div>\r\n<div class=\"gl_space_right10\">Usado para el transporte y la log\u00edstica en una amplia gama de industrias, incluyendo la agricultura, mensajer\u00eda, sanidad, construcci\u00f3n y gesti\u00f3n de la propiedad.  <\/div>\r\n\t\t\t\r\n\t\t<\/div>\r\n\t\t\r\n\t\t<div class=\"col-md-4\">\r\n  <div class=\"gl_h4big\">Caracter\u00edsticas principales<\/div>\r\n  <div class=\"gl_ul_style2\">\r\n        <ul class=\"gl_space_right10\">\r\n           <li>Localizaci\u00f3n GPS de trackables, como veh\u00edculos, empleados, maquinaria de construcci\u00f3n y otros objetos m\u00f3viles <\/li>\r\n          <li>En movimiento o en parada, el buddy-tracker   muestra el estado de los trackables con su direcci\u00f3n y posici\u00f3n GPS   actual en un mapa con la distancia del punto de vista <\/li>\r\n          <li>Con un clic en el trackable, podr\u00e1 ver m\u00e1s detalles de la cuenta de usuario de inViu pro \/ web<\/li>\r\n    \t<\/ul>\r\n  <\/div>\r\n\t  <div class=\"gl_h4big gl_space_top20\">Detalles t\u00e9cnicos<\/div>\r\n\t\t<div class=\"gl_ul_style3\">\r\n\t<ul class=\"gl_space_right10\">\r\n          <li>Compatible con Windows\u00ae Mobile 6.5 y Blackberry\u00ae<\/li>\r\n  <\/ul>\r\n<\/div>\r\n              <div class=\"gl_space_right10\"><em>Por favor, p\u00f3ngase en <a href=\"https:\/\/www.enaikoon.com\/es\/contacto\/contacto\/\" title=\"Abre el enlace interno en la ventana actual\">contacto con nosotros<\/a> para comprobar si nuestra app es compatible con su tel\u00e9fono m\u00f3vil.<\/em><\/div>\r\n\t\t\t   \r\n\t\r\n\t\t<\/div>\r\n\t\t\r\n\t\t<div class=\"col-md-4\">\r\n  <div class=\"gl_h4big\">Combinaci\u00f3n de dispositivos<\/div>\r\n\t\t\r\n\t\t\t<p class=\"gl_space_right10\">ENAiKOON buddy-tracker + <a href=\"https:\/\/www.enaikoon.com\/es\/software-es\/inviu-pro\/\" title=\"inViu pro\">inViu pro<\/a> = vista general de todos los trackables para el control seguro de datos y la mejor gesti\u00f3n de tareas. <\/p>\r\n            <div class=\"gl_space_top15\"><\/div>\r\n<div class=\"gl_space_top20\"><a class=\"gl_button_blue\" href=\"https:\/\/www.enaikoon.com\/es\/contacto\/contacto\/\">cont\u00e1ctenos<\/a> <\/div>\r\n\t\t\t  <div class=\"gl_space_top5\"><a class=\"gl_button_grey\"  rel=\"nofollow\" href=\"https:\/\/www.enaikoon.com\/fileadmin\/enaikoon\/Dateien\/pdf\/Datenblatt\/buddy-tracker\/spanisch\/ENAiKOON_buddy-tracker_hojas_de_datos.pdf\" target=\"_blank\">Descargar PDF<\/a> <\/div>\r\n\t\t\t   <div class=\"gl_space_top5\"><a class=\"gl_button_grey\"  rel=\"nofollow\" href=\"https:\/\/www.enaikoon.com\/fileadmin\/enaikoon\/Dateien\/pdf\/Benutzerhandbuch\/buddy-tracker\/englisch\/ENAiKOON%20buddy-tracker%20User%20Manual_WM_EN.pdf\" target=\"_blank\">Descargar el manual<\/a> <\/div>\r\n\t\t\t <p class=\"gl_space_top15\">Aqu\u00ed puede encontrar una app similar para otro sistema operativo para la consulta de datos de posici\u00f3n de trackables de la cuenta de usuario de inViu web\/pro: <\/p>\r\n\t\t<div class=\"gl_space_top15\"><a class=\"gl_button_yellow\"  href=\"https:\/\/www.enaikoon.com\/es\/movil\/plugins\/routes\/\">Android<\/a> <\/div>\r\n\t \r\n\r\n\t\t<\/div>\r\n\t\t\r\n\t\t\r\n\t\t<div class=\"gl_row_space\"><\/div>\r\n<\/div>\r\n<\/div>","protected":false},"excerpt":{"rendered":"<p> [&hellip;]<\/p>\n","protected":false},"author":7,"featured_media":0,"parent":7461,"menu_order":0,"comment_status":"closed","ping_status":"closed","template":"","meta":{"footnotes":""},"acf":[],"_links":{"self":[{"href":"https:\/\/www.enaikoon.com\/es\/wp-json\/wp\/v2\/pages\/7463"}],"collection":[{"href":"https:\/\/www.enaikoon.com\/es\/wp-json\/wp\/v2\/pages"}],"about":[{"href":"https:\/\/www.enaikoon.com\/es\/wp-json\/wp\/v2\/types\/page"}],"author":[{"embeddable":true,"href":"https:\/\/www.enaikoon.com\/es\/wp-json\/wp\/v2\/users\/7"}],"replies":[{"embeddable":true,"href":"https:\/\/www.enaikoon.com\/es\/wp-json\/wp\/v2\/comments?post=7463"}],"version-history":[{"count":10,"href":"https:\/\/www.enaikoon.com\/es\/wp-json\/wp\/v2\/pages\/7463\/revisions"}],"predecessor-version":[{"id":9007,"href":"https:\/\/www.enaikoon.com\/es\/wp-json\/wp\/v2\/pages\/7463\/revisions\/9007"}],"up":[{"embeddable":true,"href":"https:\/\/www.enaikoon.com\/es\/wp-json\/wp\/v2\/pages\/7461"}],"wp:attachment":[{"href":"https:\/\/www.enaikoon.com\/es\/wp-json\/wp\/v2\/media?parent=7463"}],"curies":[{"name":"wp","href":"https:\/\/api.w.org\/{rel}","templated":true}]}}