{"id":7413,"date":"2016-08-08T09:42:00","date_gmt":"2016-08-08T09:42:00","guid":{"rendered":"https:\/\/www.enaikoon.com\/es\/?page_id=7413"},"modified":"2019-07-30T09:07:41","modified_gmt":"2019-07-30T09:07:41","slug":"routes-caracteristicas-principales","status":"publish","type":"page","link":"https:\/\/www.enaikoon.com\/es\/movil\/plugins\/routes\/routes-caracteristicas-principales\/","title":{"rendered":"routes caracteristicas principales"},"content":{"rendered":"<div class=\"gl_slide_scroll_box\">\n<div class=\"gl_scroll_box\">\n <noindex><\/noindex>\n<ul>\n \t<li><a class=\"gl_scroll_link_title\" href=\"https:\/\/www.enaikoon.com\/es\/movil\/plugins\/routes\/\" title=\"routes\">routes<\/a>\n<a href=\"https:\/\/www.enaikoon.com\/es\/movil\/plugins\/routes\/\" title=\"routes\"><img decoding=\"async\" class=\"gl_scroll_link_img_active\" src=\"https:\/\/www.enaikoon.com\/wp-content\/uploads\/2016\/07\/mobile_routes.png\" border=\"0\"><\/a><\/li>\n<!--\n \t<li><a class=\"gl_scroll_link_title\" href=\"https:\/\/www.enaikoon.com\/es\/movil\/plugins\/nfc-tracker\/\" title=\"NFC-tracker\">NFC-tracker<\/a>\n<a href=\"https:\/\/www.enaikoon.com\/es\/movil\/plugins\/nfc-tracker\/\" title=\"NFC-tracker\"><img decoding=\"async\" class=\"gl_scroll_link_img\" src=\"https:\/\/www.enaikoon.com\/wp-content\/uploads\/2016\/07\/mobile_NFC.png\" border=\"0\"><\/a><\/li>\n \t<li><a class=\"gl_scroll_link_title\" href=\"https:\/\/www.enaikoon.com\/es\/movil\/plugins\/gps-details\/\" title=\"GPS-details\">GPS-details<\/a>\n<a href=\"https:\/\/www.enaikoon.com\/es\/movil\/plugins\/gps-details\/\" title=\"GPS-details\"><img decoding=\"async\" class=\"gl_scroll_link_img\" src=\"https:\/\/www.enaikoon.com\/wp-content\/uploads\/2016\/07\/mobile_GPS.png\" border=\"0\"><\/a><\/li>\n \t<li><a class=\"gl_scroll_link_title\" href=\"https:\/\/www.enaikoon.com\/es\/movil\/plugins\/keypad-mapper-3\/\" title=\"Keypad-Mapper 3\">Keypad-Mapper 3<\/a>\n<a href=\"https:\/\/www.enaikoon.com\/es\/movil\/plugins\/keypad-mapper-3\/\" title=\"Keypad-Mapper 3\"><img decoding=\"async\" class=\"gl_scroll_link_img\" src=\"https:\/\/www.enaikoon.com\/wp-content\/uploads\/2016\/07\/mobile_keypad.png\" border=\"0\"><\/a><\/li>\n \t<li><a class=\"gl_scroll_link_title\" href=\"https:\/\/www.enaikoon.com\/es\/movil\/plugins\/traffic-counter\/\" title=\"traffic-counter\">traffic-counter<\/a>\n<a href=\"https:\/\/www.enaikoon.com\/es\/movil\/plugins\/traffic-counter\/\" title=\"traffic-counter\"><img decoding=\"async\" class=\"gl_scroll_link_img\" src=\"https:\/\/www.enaikoon.com\/wp-content\/uploads\/2016\/07\/mobile_traffic.png\" border=\"0\"><\/a><\/li>\n--><\/ul>\n<\/div>\n<\/div>\n<div class=\"row\">\n<div class=\"gl_border-page\">\n\n\t\t<div class=\"col-md-4\">\n<div class=\"clearfix\">\n    \t<img decoding=\"async\" src=\"https:\/\/www.enaikoon.com\/wp-content\/uploads\/2016\/07\/mobile_plugins1.png\" alt=\"\" align=\"left\">\n<div class=\"gl_h2big\">inViu routes &#8211;\ncaracter\u00edsticas<\/div>\n<\/div>\n<div class=\"gl_space_top15\"><\/div>\n<div class=\"gl_space_top15\"><\/div>\n<div class=\"gl_h4big\">Trackables<\/div>\n<div class=\"gl_ul_style1\">\n<ul>\n \t<li>Localizaci\u00f3n y tiempo del estado del \u00faltimo informe de posici\u00f3n<\/li>\n \t<li>Visualizaci\u00f3n de la posici\u00f3n actual en el mapa del m\u00f3vil<\/li>\n \t<li>Seguir a trackables: si los trackables se mueven, la app har\u00e1 zoom y reajustar\u00e1 el mapa<\/li>\n \t<li>Muestra de las rutas viajadas de los trackables<\/li>\n \t<li>Ruta a trackable desde la posici\u00f3n actual con el rec\u00e1lculo continuo muestra de las rutas viajadas de los trackables<\/li>\n \t<li>Ajuste individual del intervalo de actualizaci\u00f3n<\/li>\n \t<li>Detalles desde el portal profesional inViu pro y \/ o disponible en el portal gratuito inViu web<\/li>\n<\/ul>\n<\/div>\n<div class=\"gl_space_top15\"><\/div>\n<div class=\"gl_h4big\">Modo tiempo libre<\/div>\n<div class=\"gl_ul_style1\">\n<ul>\n \t<li>tipo de usos habituales: trabajadores m\u00f3viles que usan su tel\u00e9fono para uso privado y empresarial<\/li>\n \t<li>uso de la funci\u00f3n de inicio autom\u00e1tico<\/li>\n \t<li>copia de seguridad mediante un c\u00f3digo PIN<\/li>\n \t<li>las rutas se deben mostrar y transmitir s\u00f3lo durante el horario laboral y no durante el tiempo libre<\/li>\n \t<li>el empleado puede ajustar el registro de ruta durante las horas extras<\/li>\n \t<li>creaci\u00f3n de planes para registro de rutas<\/li>\n \t<li>exportar rutas creadas hacia otros dispositivos<\/li>\n \t<li>notificaci\u00f3n antes de finalizar el registro de la ruta<\/li>\n \t<li>posibilidad de extender el registro de ruta con un clic en la notificaci\u00f3n o widget<\/li>\n<\/ul>\n<\/div>\n<div class=\"gl_space_top15\"><\/div>\n<div class=\"gl_h4big\">Integraci\u00f3n de ENAiKOON messenger<\/div>\n<div class=\"gl_ul_style1\">\n<ul>\n \t<li>Los usuarios del portal online inViu pro ahora se pueden comunicar directamente con sus empleados<\/li>\n \t<li>Enviar mensajes<\/li>\n \t<li>Se env\u00eda confirmaci\u00f3n de lectura al portal online inViu pro<\/li>\n \t<li>Enviar tareas con una direcci\u00f3n de destinaci\u00f3n definida<\/li>\n \t<li>Mostrar destinaci\u00f3n en el mapa<\/li>\n \t<li>Aceptar la tarea directamente en la app<\/li>\n \t<li>C\u00e1lculo de ruta hacia la direcci\u00f3n de la tarea<\/li>\n \t<li>Uso de la direcci\u00f3n de destinaci\u00f3n para la navegaci\u00f3n<\/li>\n \t<li>Uso de textos de estado preprogramados como respuestas<\/li>\n<\/ul>\n<\/div>\n<div class=\"gl_space_top15\"><\/div>\n<div class=\"gl_h4big\">Geo-notas<\/div>\n<div class=\"gl_ul_style1\">\n<ul>\n \t<li>Crea recordatorios seg\u00fan la localizaci\u00f3n<\/li>\n \t<li>Recibe una notificaci\u00f3n cuando t\u00fa entran o sale de una geofence<\/li>\n \t<li>Recibe una notificaci\u00f3n cuando alguien m\u00e1s entran o sale de una geofence<\/li>\n \t<li>notificaciones como nota con texto o de voz<\/li>\n<\/ul>\n<\/div>\n<\/div>\n\n<div class=\"col-md-4\">\n<div class=\"gl_space_top100\"><\/div>\n<div class=\"gl_space_top15\"><\/div>\n<div class=\"gl_h4big\">Rutas<\/div>\n<div class=\"gl_ul_style1\">\n<ul>\n \t<li>Guarde autom\u00e1ticamente sus movimientos: cuando encienda su m\u00f3vil o la aplicaci\u00f3n<\/li>\n \t<li>Guarde manualmente sus movimientos con el icono de iniciar \/ parar<\/li>\n \t<li>Pare de guardar los datos cuando quiera<\/li>\n \t<li>Nombre y a\u00f1ada informaci\u00f3n adicional a sus rutas<\/li>\n \t<li>B\u00fasqueda de rutas seg\u00fan el nombre o la fecha<\/li>\n \t<li>Muestre la velocidad y distancia viajada<\/li>\n \t<li>Acceda a la velocidad de viaje y perfil de altitud con funci\u00f3n de zoom<\/li>\n \t<li>Env\u00ede los datos de viaje en formato .gpx o .kml<\/li>\n \t<li>Ajuste un c\u00f3digo de colores para la velocidad de las rutas<\/li>\n \t<li>Registro de localizaci\u00f3n: dependiendo del tiempo, velocidad y direcci\u00f3n cardinal<\/li>\n \t<li>Muestra del encendido \/ apagado dependiendo de la velocidad y del tiempo<\/li>\n \t<li>Reinicio del od\u00f3metro<\/li>\n<\/ul>\n<\/div>\n<div class=\"gl_space_top15\"><\/div>\n<div class=\"gl_h4big\">B\u00fasqueda de direcciones<\/div>\n<div class=\"gl_ul_style1\">\n<ul>\n \t<li>Se muestran las direcciones buscadas en el mapa<\/li>\n<\/ul>\n<\/div>\n<div class=\"gl_space_top15\"><\/div>\n<div class=\"gl_h4big\">Planificaci\u00f3n de rutas<\/div>\n<div class=\"gl_ul_style1\">\n<ul>\n \t<li>Opciones de configuraci\u00f3n de direcciones de   origen y destinaci\u00f3n: posici\u00f3n propia, opciones del mapa, posici\u00f3n del   trackable, del PdI, de la foto, de la geo-nota, del contacto del   tel\u00e9fono<\/li>\n \t<li>Creaci\u00f3n de diferentes puntos intermedios<\/li>\n \t<li>Intervalo de actualizaci\u00f3n configurable individualmente<\/li>\n \t<li>Enrutamiento del veh\u00edculo<\/li>\n \t<li>Recuperaci\u00f3n online de datos de enrutamiento del servidor OSRM<\/li>\n \t<li>Widget 4 x 1: direcci\u00f3n de destinaci\u00f3n,   distancia hacia la destinaci\u00f3n, tiempo requerido para llegar a la   destinaci\u00f3n, hora estimada de llegada<\/li>\n<\/ul>\n<\/div>\n<div class=\"gl_space_top15\"><\/div>\n<div class=\"gl_h4big\">Conexi\u00f3n con el software de navegaci\u00f3n<\/div>\n<div class=\"gl_ul_style1\">\n<ul>\n \t<li>todos los localizaciones como direcci\u00f3n de destino<\/li>\n \t<li>interact\u00faa con las siguientes apps de navegaci\u00f3n<\/li>\n<\/ul>\n<\/div>\n<div class=\"gl_ul_style3\">\n<ul>\n \t<li>Navigon<\/li>\n \t<li>PTV Navigator Truck Navigation<\/li>\n<\/ul>\n<\/div>\n<div class=\"gl_space_top15\"><\/div>\n<div class=\"gl_h4big\">Fotos y puntos de inter\u00e9s (PdI)<\/div>\n<div class=\"gl_ul_style1\">\n<ul>\n \t<li>Haga fotos y n\u00f3mbrelas directamente en la app con inViu routes<\/li>\n \t<li>Cree, nombre y busque Puntos de Inter\u00e9s (PdI)<\/li>\n \t<li>Asigne fotos y PdI a las rutas viajadas<\/li>\n \t<li>Vea todas los trackables, rutas, fotos y PdI juntos en el mismo mapa<\/li>\n \t<li>Muestra de direcciones en rutas, fotos y PdI<\/li>\n \t<li>Funciones del mapa e info para PdI y fotos<\/li>\n \t<li>Comparta fotos y posiciones<\/li>\n<\/ul>\n<\/div>\n<\/div>\n\n<div class=\"col-md-4\">\n<div class=\"gl_space_top100\"><\/div>\n<div><a class=\"gl_button_blue\" href=\"https:\/\/www.enaikoon.com\/es\/contacto\/contacto\/\">cont\u00e1ctenos<\/a><\/div>\n<div><a class=\"gl_button_grey\" rel=\"nofollow\" href=\"https:\/\/www.enaikoon.com\/fileadmin\/enaikoon\/Dateien\/pdf\/Einbauanleitung\/routes-how-to\/spanisch\/ENAiKOON_inViu_routes_guia_rapida.pdf\" target=\"_blank\">gu\u00eda r\u00e1pida<\/a><\/div>\n<div><a class=\"gl_button_grey\" rel=\"nofollow\" href=\"https:\/\/www.enaikoon.com\/fileadmin\/enaikoon\/Dateien\/pdf\/Einbauanleitung\/routes-tr\/spanisch\/inViu_routes_visualizar_trackables.pdf\" target=\"_blank\">mostrar trackables<\/a><\/div>\n<div><a class=\"gl_button_yellow\" href=\"https:\/\/www.enaikoon.com\/es\/recursos\/media\/\">V\u00eddeo inViu routes<\/a><\/div>\n<div class=\"gl_space_top15\"><\/div>\n<div class=\"gl_h4big\">Informaci\u00f3n general<\/div>\n<div class=\"gl_ul_style1\">\n<ul>\n \t<li>Modo offline: ning\u00fan dato de inViu routes abandona el tel\u00e9fono<\/li>\n \t<li>Capacidad de enviar y actualizar datos s\u00f3lo cuando hay conexi\u00f3n Wi-Fi<\/li>\n \t<li>Mapa: OpenStreetMap\u00a9, un mapa de c\u00f3digo abierto<\/li>\n \t<li>Idiomas disponibles: espa\u00f1ol, ingl\u00e9s, franc\u00e9s y alem\u00e1n<\/li>\n \t<li>Modo ahorro de bater\u00eda: desactivar GPS cuando no haya recepci\u00f3n<\/li>\n \t<li>Escoja entre el sistema de medici\u00f3n m\u00e9trico o imperial<\/li>\n \t<li>Funci\u00f3n de ayuda disponible<\/li>\n \t<li>Ajustes protegidos con contrase\u00f1a<\/li>\n<\/ul>\n<\/div>\n<div><a class=\"gl_button_blue\" href=\"https:\/\/www.enaikoon.com\/es\/movil\/plugins\/routes\/\">volver a la p\u00e1gina rutas<\/a><\/div>\n<\/div>\n<div class=\"gl_row_space\"><\/div>\n<\/div>\n<\/div>","protected":false},"excerpt":{"rendered":"<p> [&hellip;]<\/p>\n","protected":false},"author":7,"featured_media":0,"parent":6326,"menu_order":0,"comment_status":"closed","ping_status":"closed","template":"","meta":{"footnotes":""},"acf":[],"_links":{"self":[{"href":"https:\/\/www.enaikoon.com\/es\/wp-json\/wp\/v2\/pages\/7413"}],"collection":[{"href":"https:\/\/www.enaikoon.com\/es\/wp-json\/wp\/v2\/pages"}],"about":[{"href":"https:\/\/www.enaikoon.com\/es\/wp-json\/wp\/v2\/types\/page"}],"author":[{"embeddable":true,"href":"https:\/\/www.enaikoon.com\/es\/wp-json\/wp\/v2\/users\/7"}],"replies":[{"embeddable":true,"href":"https:\/\/www.enaikoon.com\/es\/wp-json\/wp\/v2\/comments?post=7413"}],"version-history":[{"count":6,"href":"https:\/\/www.enaikoon.com\/es\/wp-json\/wp\/v2\/pages\/7413\/revisions"}],"predecessor-version":[{"id":16624,"href":"https:\/\/www.enaikoon.com\/es\/wp-json\/wp\/v2\/pages\/7413\/revisions\/16624"}],"up":[{"embeddable":true,"href":"https:\/\/www.enaikoon.com\/es\/wp-json\/wp\/v2\/pages\/6326"}],"wp:attachment":[{"href":"https:\/\/www.enaikoon.com\/es\/wp-json\/wp\/v2\/media?parent=7413"}],"curies":[{"name":"wp","href":"https:\/\/api.w.org\/{rel}","templated":true}]}}