{"id":6479,"date":"2016-08-02T03:45:10","date_gmt":"2016-08-02T03:45:10","guid":{"rendered":"https:\/\/www.enaikoon.com\/?page_id=6479"},"modified":"2018-08-13T07:01:30","modified_gmt":"2018-08-13T07:01:30","slug":"markus-semm","status":"publish","type":"page","link":"https:\/\/www.enaikoon.com\/es\/acerca-de\/compania\/markus-semm\/","title":{"rendered":"Markus Semm"},"content":{"rendered":"<div class=\"gl_space_page\"><\/div>\r\n<div class=\"row\">\r\n\r\n\t<div class=\"col-md-8\">\r\n\t<noindex><\/noindex> \r\n\t<div class=\"gl_space_pageleft2\">\r\n    \r\n    <div class=\"gl_h2big\">\r\nMarkus Semm<br\/>\r\nCEO de ENAiKOON GmbH\r\n<\/div>\r\n    <div class=\"gl_space_top10\"><\/div>\r\n    <p><strong>Markus Semm es uno de los desarrolladores de soluciones telem\u00e1ticas m\u00e1s apasionados y competentes<\/strong><br\/><br\/>\r\n\r\nNo s\u00f3lo identific\u00f3 pronto la tendencia, sino que emple\u00f3 su experiencia y conocimiento para darle forma en ENAiKOON GmbH, integrada en Ventriga Holding y en el camino de convertirse en una corporaci\u00f3n internacional.<br\/><br\/>\r\n\r\nGran defensor de los proyectos de c\u00f3digo abierto, Markus Semm es miembro de la <a rel=\"nofollow\" href=\"http:\/\/wiki.osmfoundation.org\/wiki\/Main_Page\" target=\"_blank\" title=\"Fundaci\u00f3n OSM\">Fundaci\u00f3n OpenStreetMap\u00a9<\/a> (OSM) y contribuye a la base de datos del proyecto gracias al desarrollo de la aplicaci\u00f3n OSM, <a rel=\"nofollow\" href=\"http:\/\/wiki.openstreetmap.org\/wiki\/Keypad-Mapper_3\" target=\"_blank\" title=\"OSM Wiki Keypad-Mapper 3\">Keypad-Mapper 3<\/a>. <br\/>\r\n<br\/>\r\n\r\nAnteriormente de ENAiKOON, Markus Semm trabaj\u00f3 como director fundador (CEO) en InfoGenie Europe AG, M\u00fanich, para la que realiz\u00f3 con exito la IPO del a\u00f1o 2000.\r\n<br\/><br\/>\r\nMarkus Semm trabaj\u00f3 tambi\u00e9n como senior manager para Miro AG en Brunswick, Alemania, donde era responsable de las ventas y el marketing para el mercado europeo.<br\/><br\/>\r\n\r\n<strong>Otros puntos a destacar:<\/strong><br\/>\r\nExecutive management (ventas\/marketing) en Mensch und Maschine AG, M\u00fanich, y turnaround manager en Formac GmbH, Berl\u00edn.\r\n<br\/><br\/>\r\nMarkus Semm estudi\u00f3 inform\u00e1tica y electrotecnia en la Universidad de Ciencias Aplicadas de Ulm y en la Universidad T\u00e9cnica de Berl\u00edn.<\/p>\r\n\r\n\t\r\n<\/div>\r\n\t\r\n\t<\/div>\r\n\t\r\n\t<div class=\"col-md-4\">\r\n\t\r\n\t<div class=\"gl_space_pageright2\">\r\n\t\r\n\t\r\n\t\r\n\t   <div class=\"gl_enaikoon_logo\"><img decoding=\"async\" src=\"https:\/\/www.enaikoon.com\/wp-content\/uploads\/2016\/07\/ENAiKOON-frosted-logo.png\" alt=\"ENAiKOON logo\" title=\"ENAiKOON logo\"\/><\/div>\r\n                    <div><a class=\"gl_button_yellow\"  href=\"https:\/\/www.enaikoon.com\/es\/contacto\/consulte-a-un-experto\/\">Programe una cita<\/a><\/div>\r\n               \r\n                    <div class=\"gl_introduction_contact\">\r\n                    <img decoding=\"async\" src=\"https:\/\/www.enaikoon.com\/wp-content\/uploads\/2016\/07\/icon_email.png\" alt=\"\"\/>\r\n                    <p class=\"gl_text_space\"><a rel=\"nofollow\" href=\"mailto:sales@enaikoon.com\">sales@enaikoon.com<\/a><\/p>\r\n                    <\/div>\r\n                <div class=\"gl_introduction_contact\">\r\n                    <p class=\"gl_text_space\"><img decoding=\"async\" src=\"https:\/\/www.enaikoon.com\/wp-content\/uploads\/2016\/07\/icon_phone1.png\" alt=\"\"\/>\r\n                    +49 30 397475-30<\/p><\/div>\r\n                <div class=\"gl_introduction_contact\">\r\n                    <p class=\"gl_text_space\"><img decoding=\"async\" src=\"https:\/\/www.enaikoon.com\/wp-content\/uploads\/2016\/07\/icon_phone2.png\" alt=\"\"\/>\r\n                    +49 30 397475-40<\/p><\/div>\r\n                    \r\n                    <div class=\"gl_space_top85\"><a rel=\"nofollow\" href=\"https:\/\/www.enaikoon.com\/wp-content\/uploads\/2016\/07\/Markus_Semm-ENAiKOON.jpg\" target=\"_blank\"><img decoding=\"async\" src=\"https:\/\/www.enaikoon.com\/wp-content\/uploads\/2016\/07\/Markus_Semm-ENAiKOON.jpg\" width=\"260\" alt=\"\"\/><\/a><\/div>\r\n           \r\n<\/div>\r\n\t<\/div>\r\n\r\n\t<div class=\"gl_row_space\"><\/div>\r\n\t<div class=\"gl_line\"><\/div>\r\n\t\r\n\r\n<\/div>\r\n\r\n\r\n<div class=\"row\">\r\n\r\n\t\r\n\t<div class=\"col-md-4\">\r\n\t\r\n\t<div class=\"clearfix\">\r\n\t\t<div class=\"image_center\"><a href=\"https:\/\/www.enaikoon.com\/es\/contacto\/consulte-a-un-experto\/\" title=\"Reserve hora para una llamada\"><img decoding=\"async\" src=\"https:\/\/www.enaikoon.com\/wp-content\/uploads\/2016\/07\/Callback-icon_23.png\" border=\"0\" alt=\"Reserve hora para una llamada\"\/><\/a><\/div>\r\n\t<\/div>\r\n\t<div class=\"gl_h4big\"><a href=\"https:\/\/www.enaikoon.com\/es\/contacto\/consulte-a-un-experto\/\">Especifique una hora de contacto<\/a><\/div>\r\n\t<div>\u00bfTiene una agenda apretada? Nuestros expertos le llamar\u00e1n gratuitamente <a href=\"https:\/\/www.enaikoon.com\/es\/contacto\/contacto\/\">a la hora que nos indique (de 8:30 a 17:30 CET)<\/a> <\/div>\r\n\t\r\n\t<\/div>\r\n\t\r\n\t<div class=\"col-md-4\">\r\n\t\r\n\t<div class=\"clearfix\">\r\n\t\t<div class=\"image_center\"><a href=\"https:\/\/www.enaikoon.com\/es\/acerca-de\/compania\/historia\/\"  title=\"Historia de ENAiKOON\"><img decoding=\"async\" src=\"https:\/\/www.enaikoon.com\/wp-content\/uploads\/2016\/07\/Chrono.png\" border=\"0\" alt=\"Historia de ENAiKOON\"\/><\/a><\/div>\r\n\t<\/div>\r\n\t<div class=\"gl_h4big\"><a href=\"https:\/\/www.enaikoon.com\/es\/acerca-de\/compania\/historia\/ \">Historia<\/a><\/div>\r\n\t<div><a href=\"https:\/\/www.enaikoon.com\/es\/acerca-de\/compania\/historia\/\">Una mirada hacia el pasado<\/a>, aunque ENAiKOON siempre se ha centrado en la tecnolog\u00eda del futuro.<\/div>\r\n\t\r\n\t<\/div>\r\n\t\r\n\t<div class=\"col-md-4\"><div class=\"gl_space_right10\">\r\n\t\r\n\t<div class=\"clearfix\">\r\n\t\t<div class=\"image_center\"><a href=\"https:\/\/www.enaikoon.com\/es\/contacto\/asociese-con-nosotros\/\"  title=\"As\u00f3ciese con nosotros\"><img decoding=\"async\" src=\"https:\/\/www.enaikoon.com\/wp-content\/uploads\/2016\/07\/Partner.png\" border=\"0\" alt=\"lea como convertirse en socio distribuidor de ENAiKOON\"\/><\/a><\/div>\r\n\t<\/div>\r\n\t<div class=\"clearfix\">\r\n\t\t<div class=\"gl_h4big\"><a href=\"https:\/\/www.enaikoon.com\/es\/contacto\/asociese-con-nosotros\/\">As\u00f3ciese con nosotros<\/a><\/div>\r\n\t\t<div>Descubra como ser  socio distribuidor de ENAiKOON y empiece ganando comisiones atractivas con nuestros productos telem\u00e1ticos. <\/div>\r\n\t<\/div>\r\n\t\r\n\t<\/div>\r\n\t\r\n\r\n<div class=\"gl_space_pagebot\">&nbsp;<\/div>\r\n\r\n<\/div>","protected":false},"excerpt":{"rendered":"","protected":false},"author":7,"featured_media":0,"parent":6397,"menu_order":0,"comment_status":"closed","ping_status":"closed","template":"","meta":{"footnotes":""},"acf":[],"_links":{"self":[{"href":"https:\/\/www.enaikoon.com\/es\/wp-json\/wp\/v2\/pages\/6479"}],"collection":[{"href":"https:\/\/www.enaikoon.com\/es\/wp-json\/wp\/v2\/pages"}],"about":[{"href":"https:\/\/www.enaikoon.com\/es\/wp-json\/wp\/v2\/types\/page"}],"author":[{"embeddable":true,"href":"https:\/\/www.enaikoon.com\/es\/wp-json\/wp\/v2\/users\/7"}],"replies":[{"embeddable":true,"href":"https:\/\/www.enaikoon.com\/es\/wp-json\/wp\/v2\/comments?post=6479"}],"version-history":[{"count":9,"href":"https:\/\/www.enaikoon.com\/es\/wp-json\/wp\/v2\/pages\/6479\/revisions"}],"predecessor-version":[{"id":16235,"href":"https:\/\/www.enaikoon.com\/es\/wp-json\/wp\/v2\/pages\/6479\/revisions\/16235"}],"up":[{"embeddable":true,"href":"https:\/\/www.enaikoon.com\/es\/wp-json\/wp\/v2\/pages\/6397"}],"wp:attachment":[{"href":"https:\/\/www.enaikoon.com\/es\/wp-json\/wp\/v2\/media?parent=6479"}],"curies":[{"name":"wp","href":"https:\/\/api.w.org\/{rel}","templated":true}]}}