{"id":6477,"date":"2016-08-02T03:43:44","date_gmt":"2016-08-02T03:43:44","guid":{"rendered":"https:\/\/www.enaikoon.com\/?page_id=6477"},"modified":"2018-08-13T06:45:04","modified_gmt":"2018-08-13T06:45:04","slug":"historia","status":"publish","type":"page","link":"https:\/\/www.enaikoon.com\/es\/acerca-de\/compania\/historia\/","title":{"rendered":"Historia"},"content":{"rendered":"<div class=\"gl_space_page\"><\/div>\r\n<div class=\"row\">\r\n\r\n\t<div class=\"col-md-8\">\r\n\t<noindex><\/noindex>\r\n\t<div class=\"gl_space_pageleft2\">\r\n    \r\n    <div class=\"gl_h2big\">Historia de ENAiKOON<\/div>\r\n    <div class=\"gl_space_top10\"><\/div>\r\n    <p  class=\"gl_space_right10\"><strong>Una mirada hacia el pasado, aunque ENAiKOON siempre se ha centrado en la tecnolog\u00eda del futuro&#8230;<\/strong><br\/><br\/>\r\n\r\nDesde que ENAiKOON se fund\u00f3 en 2002, siempre se ha centrado en la \u00abdistancia bajo control\u00bb. <br\/><br\/>\r\n\r\nEl fundador de ENAiKOON Markus Semm, el cual estudi\u00f3 Ciencias de la Computaci\u00f3n y posee una amplia experiencia en gerencia de empresas tecnol\u00f3gicas, aporta conocimiento te\u00f3rico y pr\u00e1ctica empresarial. Por ejemplo, es titular, junto con el Frauenhofer Institute, de una patente RFID. Aparte de su amplio conocimiento, aporta contactos del sector de la tecnolog\u00eda con el fin de adaptar o crear desde cero telem\u00e1tica adaptada a las necesidades de cada cliente. <br\/><br\/>\r\n\r\nMarkus Semm empez\u00f3 en su \u00abgaraje\u00bb, su sala de estar. Tras la venta de su previa empresa, centr\u00f3 su atenci\u00f3n en realizar su sue\u00f1o de crear ENAiKOON. Ese sue\u00f1o se ha realizado y ahora celebramos nuestro 10\u00ba aniversario. En el mundo de la telem\u00e1tica es considerado casi un \u00abdinosaurio\u00bb.<br\/><br\/>\r\n\r\nDesde 2002, ENAiKOON ha continuado creciendo, experimentando tambi\u00e9n una expansi\u00f3n internacional. Esto se hace evidente no s\u00f3lo con el n\u00famero de trabajadores y socios alrededor del mundo, sino tambi\u00e9n en los clientes procedentes de varias regiones. ENAiKOON contin\u00faa centr\u00e1ndose en el desarrollo de soluciones telem\u00e1ticas perfectas, tanto en el \u00e1rea del hardware, el producto perfecto para cada necesidad, como en el software. <a href=\"https:\/\/www.enaikoon.com\/es\/software-es\/inviu-pro\/\">inViu pro<\/a> es la aplicaci\u00f3n refinada basada en Internet para la muestra simple de toda la informaci\u00f3n a analizar.<\/p>\r\n\r\n\t\r\n<\/div>\r\n\t\r\n\t<\/div>\r\n\t\r\n\t<div class=\"col-md-4\">\r\n\t\r\n\t<div class=\"gl_space_pageright2\">\r\n\t\r\n\t\r\n\t\r\n\t   <div class=\"gl_enaikoon_logo\"><img decoding=\"async\" src=\"https:\/\/www.enaikoon.com\/wp-content\/uploads\/2016\/07\/ENAiKOON-frosted-logo.png\" alt=\"ENAiKOON logo\" title=\"ENAiKOON logo\"\/><\/div>\r\n                    <div><a class=\"gl_button_yellow\" href=\"https:\/\/www.enaikoon.com\/es\/contacto\/consulte-a-un-experto\/\">Programe una cita<\/a><\/div>\r\n               \r\n                    <div class=\"gl_introduction_contact\">\r\n                    <img decoding=\"async\" src=\"https:\/\/www.enaikoon.com\/wp-content\/uploads\/2016\/07\/icon_email.png\" alt=\"\"\/>\r\n                    <p class=\"gl_text_space\"><a rel=\"nofollow\" href=\"mailto:sales@enaikoon.com\">sales@enaikoon.com<\/a><\/p>\r\n                    <\/div>\r\n                <div class=\"gl_introduction_contact\">\r\n                    <p class=\"gl_text_space\"><img decoding=\"async\" src=\"https:\/\/www.enaikoon.com\/wp-content\/uploads\/2016\/07\/icon_phone1.png\" alt=\"\"\/>\r\n                    +49 30 397475-30<\/p><\/div>\r\n                <div class=\"gl_introduction_contact\">\r\n                    <p class=\"gl_text_space\"><img decoding=\"async\" src=\"https:\/\/www.enaikoon.com\/wp-content\/uploads\/2016\/07\/icon_phone2.png\" alt=\"\"\/>\r\n                    +49 30 397475-40<\/p><\/div>\r\n           \r\n<\/div>\r\n\t<\/div>\r\n\r\n\t<div class=\"gl_row_space\"><\/div>\r\n\t<div class=\"gl_line\"><\/div>\r\n\t\r\n\r\n<\/div>\r\n\r\n\r\n<div class=\"row\">\r\n\r\n\t\r\n\t<div class=\"col-md-4\">\r\n\t\r\n\t<div class=\"clearfix\">\r\n\t\t<div class=\"image_center\"><a href=\"https:\/\/www.enaikoon.com\/es\/contacto\/consulte-a-un-experto\/\" title=\"Reserve hora para una llamada\"><img decoding=\"async\" src=\"https:\/\/www.enaikoon.com\/wp-content\/uploads\/2016\/07\/Callback-icon_23.png\" border=\"0\" alt=\"Reserve hora para una llamada\"\/><\/a><\/div>\r\n\t<\/div>\r\n\t<div class=\"gl_h4big\"><a href=\"https:\/\/www.enaikoon.com\/es\/contacto\/consulte-a-un-experto\/\">Especifique una hora de contacto<\/a><\/div>\r\n\t<div>\u00bfTiene una agenda apretada? Nuestros expertos le llamar\u00e1n gratuitamente <a href=\"https:\/\/www.enaikoon.com\/es\/contacto\/contacto\/\">a la hora que nos indique (de 8:30 a 17:30 CET)<\/a><\/div>\r\n\r\n\t\r\n\t<\/div>\r\n\t\r\n\t<div class=\"col-md-4\">\r\n\t\r\n\t<div class=\"clearfix\">\r\n\t\t<div class=\"image_center\"><a href=\"https:\/\/www.enaikoon.com\/es\/acerca-de\/compania\/markus-semm\/\" title=\"Markus Semm, fundador de ENAiKOON\"><img decoding=\"async\" src=\"https:\/\/www.enaikoon.com\/wp-content\/uploads\/2016\/07\/Founder.png\" border=\"0\" alt=\"Markus Semm, fundador de ENAiKOON\"\/><\/a><\/div>\r\n\t<\/div>\r\n\t<div class=\"gl_h4big\"><a href=\"https:\/\/www.enaikoon.com\/es\/acerca-de\/compania\/markus-semm\/\">Fundador de ENAiKOON<\/a><\/div>\r\n\t<div><a href=\"https:\/\/www.enaikoon.com\/es\/acerca-de\/compania\/markus-semm\/\">Markus Semm<\/a> fund\u00f3 ENAiKOON en 2002. Este a\u00f1o celebraremos nuestro 10\u00ba aniversario.<\/div>\r\n\t\r\n\t<\/div>\r\n\t\r\n\t<div class=\"col-md-4\"><div class=\"gl_space_right10\">\r\n\t\r\n\t<div class=\"clearfix\">\r\n\t\t<div class=\"image_center\"><a href=\"https:\/\/www.enaikoon.com\/es\/contacto\/asociese-con-nosotros\/\" title=\"As\u00f3ciese con nosotros\"><img decoding=\"async\" src=\"https:\/\/www.enaikoon.com\/wp-content\/uploads\/2016\/07\/Partner.png\" border=\"0\" alt=\"lea como convertirse en socio distribuidor de ENAiKOON\"\/><\/a><\/div>\r\n\t<\/div>\r\n\t<div class=\"clearfix\">\r\n\t\t<div class=\"gl_h4big\"><a href=\"https:\/\/www.enaikoon.com\/es\/contacto\/asociese-con-nosotros\/\">As\u00f3ciese con nosotros<\/a><\/div>\r\n\t  <div>Descubra como ser  socio distribuidor de ENAiKOON y empiece ganando comisiones atractivas con nuestros productos telem\u00e1ticos. <\/div>\r\n\t<\/div>\r\n\t\r\n\t<\/div>\r\n\t\r\n\r\n<div class=\"gl_space_pagebot\">&nbsp;<\/div>\r\n\r\n<\/div>","protected":false},"excerpt":{"rendered":"","protected":false},"author":7,"featured_media":0,"parent":6397,"menu_order":0,"comment_status":"closed","ping_status":"closed","template":"","meta":{"footnotes":""},"acf":[],"_links":{"self":[{"href":"https:\/\/www.enaikoon.com\/es\/wp-json\/wp\/v2\/pages\/6477"}],"collection":[{"href":"https:\/\/www.enaikoon.com\/es\/wp-json\/wp\/v2\/pages"}],"about":[{"href":"https:\/\/www.enaikoon.com\/es\/wp-json\/wp\/v2\/types\/page"}],"author":[{"embeddable":true,"href":"https:\/\/www.enaikoon.com\/es\/wp-json\/wp\/v2\/users\/7"}],"replies":[{"embeddable":true,"href":"https:\/\/www.enaikoon.com\/es\/wp-json\/wp\/v2\/comments?post=6477"}],"version-history":[{"count":4,"href":"https:\/\/www.enaikoon.com\/es\/wp-json\/wp\/v2\/pages\/6477\/revisions"}],"predecessor-version":[{"id":16229,"href":"https:\/\/www.enaikoon.com\/es\/wp-json\/wp\/v2\/pages\/6477\/revisions\/16229"}],"up":[{"embeddable":true,"href":"https:\/\/www.enaikoon.com\/es\/wp-json\/wp\/v2\/pages\/6397"}],"wp:attachment":[{"href":"https:\/\/www.enaikoon.com\/es\/wp-json\/wp\/v2\/media?parent=6477"}],"curies":[{"name":"wp","href":"https:\/\/api.w.org\/{rel}","templated":true}]}}