{"id":6475,"date":"2016-08-02T03:41:22","date_gmt":"2016-08-02T03:41:22","guid":{"rendered":"https:\/\/www.enaikoon.com\/?page_id=6475"},"modified":"2019-07-31T11:48:43","modified_gmt":"2019-07-31T11:48:43","slug":"proyectos-semisociales-semicomerciales","status":"publish","type":"page","link":"https:\/\/www.enaikoon.com\/es\/acerca-de\/openstreetmap-es\/proyectos-semisociales-semicomerciales\/","title":{"rendered":"Proyectos semisociales \/ semicomerciales"},"content":{"rendered":"<div style=\"height:40px;\">&nbsp;<\/div>\n<div class=\"row\">\n\n<div class=\"col-md-8\">\n<div class=\"gl_space_right50\">\n<div class=\"gl_h2big\">Proyectos semisociales \/ semicomerciales<\/div>\n<div>&nbsp;<\/div>\n<div>Estos proyectos tienen un car\u00e1cter mixto. Por ejemplo, ENAiKOON emplea c\u00f3digos postales y los nodos de peaje para sus actividades comerciales. Sin embargo, como los datos de OSM eran insuficientes, ENAiKOON decidi\u00f3 involucrarse en los proyectos para aumentar los beneficios para el bien com\u00fan. Por lo tanto, nuestro compromiso va m\u00e1s all\u00e1 de nuestro inter\u00e9s comercial.<\/div>\n<\/div>\n<\/div>\n\n<div class=\"col-md-4\">\n<div class=\"gl_space_pageright\">\n<div class=\"gl_enaikoon_logo\"><img decoding=\"async\" src=\"https:\/\/www.enaikoon.com\/wp-content\/uploads\/2016\/07\/ENAiKOON-frosted-logo.png\" alt=\"ENAiKOON logo\" title=\"ENAiKOON logo\"><\/div>\n<div><a class=\"gl_button_yellow\" href=\"https:\/\/www.enaikoon.com\/es\/contacto\/consulte-a-un-experto\/\">Programe una cita<\/a><\/div>\n<div class=\"gl_introduction_contact\">\n                    <img decoding=\"async\" src=\"https:\/\/www.enaikoon.com\/wp-content\/uploads\/2016\/07\/icon_email.png\" alt=\"\">\n<p class=\"gl_text_space\"><a rel=\"nofollow\" href=\"mailto:sales@enaikoon.com\">sales@enaikoon.com<\/a><\/p>\n\n\n<\/div>\n<div class=\"gl_introduction_contact\">\n<p class=\"gl_text_space\"><img decoding=\"async\" src=\"https:\/\/www.enaikoon.com\/wp-content\/uploads\/2016\/07\/icon_phone1.png\" alt=\"\">\n+49 30 397475-30\n\n<\/div>\n<div class=\"gl_introduction_contact\">\n<p class=\"gl_text_space\"><img decoding=\"async\" src=\"https:\/\/www.enaikoon.com\/wp-content\/uploads\/2016\/07\/icon_phone2.png\" alt=\"\">\n+49 30 397475-40\n\n<\/div>\n<div><a class=\"gl_button_grey\" href=\"https:\/\/www.enaikoon.com\/es\/acerca-de\/openstreetmap-es\/\">Volver a Openstreetmap<\/a><\/div>\n<\/div>\n<\/div>\n<\/div>\n\n<hr>\n\n<div style=\"height:40px;\">&nbsp;<\/div>\n<div class=\"row\">\n<div class=\"col-md-4\">\n<div class=\"gl_h4big\">Capacidad de carga de los\nservidores tile<\/div>\n<div>&nbsp;<\/div>\n<div>A principios del 2010, ENAiKOON encarg\u00f3 a Geofabrik <a rel=\"nofollow\" href=\"http:\/\/www.geofabrik.de\/\" target=\"_blank\">www.geofabrik.de<\/a> la creaci\u00f3n de dos servidores tile que calcularan los tile necesarios para mostrar un mapa desde los datos de OSM.<\/div>\n<div>&nbsp;<\/div>\n<div>Aparte del encargo, Geofabrik cre\u00f3 un nuevo algoritmo para mejorar la gesti\u00f3n del trabajo en cola y la capacidad de carga para el c\u00e1lculo de tiles, y para reemplazar Renderd, el programa empleado anteriormente por OpenStreetMap. El nuevo software, llamado Tirex, contiene m\u00e1s opciones de configuraci\u00f3n y encaja mejor la topograf\u00eda requerida por el servidor de ENAiKOON.<\/div>\n<div>&nbsp;<\/div>\n<div>Beneficios para el proyecto OSM:\nEl nuevo software est\u00e1 disponible con c\u00f3digo abierto bajo la licencia GPL y se est\u00e1 actualmente usando para otros proyectos.<\/div>\n<div>&nbsp;<\/div>\n<div>Para m\u00e1s detalles sobre este proyecto:\n<a rel=\"nofollow\" href=\"http:\/\/wiki.openstreetmap.org\/wiki\/Tirex\" target=\"_blank\">wiki.openstreetmap.org\/wiki\/Tirex<\/a><\/div>\n<\/div>\n\n<div class=\"col-md-4\">\n<div class=\"gl_h4big\">Monitoreo de peaje\n&nbsp;<\/div>\n<div>&nbsp;<\/div>\n<div>Los camiones con m\u00e1s de 12 toneladas que conducen por las autopistas alemanas y por otras rutas deben pagar impuestos por cada quil\u00f3metro viajado. Este peaje se recauda en Alemania con <a rel=\"nofollow\" href=\"https:\/\/www.toll-collect.de\/en\" target=\"_blank\">Tollcollect<\/a> en nombre del gobierno federal.<\/div>\n<div>&nbsp;<\/div>\n<div>Las tarifas de peaje que deben pagarse por cada carretera y distancia se fijan por la Agencia Federal de Autopistas. Estas tarifas est\u00e1n disponibles y se pueden descargar en <a rel=\"nofollow\" href=\"http:\/\/www.mauttabelle.de\" target=\"_blank\">Mauttabelle<\/a>.<\/div>\n<div>&nbsp;<\/div>\n<div>Los clientes alemanes de ENAiKOON quieren verificar todas las facturas de peaje que se les env\u00eda. Los dispositivos de localizaci\u00f3n de ENAiKOON, que se instalan en los camiones, recogen los datos del viaje y se guardan los n\u00f3dulos de peaje. Esta informaci\u00f3n se env\u00eda a los servidores de ENAiKOON y con estos datos el cliente puede determinar si los cargos son correctos o no.<\/div>\n<div>&nbsp;<\/div>\n<div>El primer paso para el c\u00e1lculo correcto de los cargos de peaje es una lista exhaustiva de la Agencia Federal de Autopistas con referencias geogr\u00e1ficas. Una vez recibimos la lista, empezamos a compilar datos de los n\u00f3dulos de peaje en marzo de 2010. Por entonces hab\u00eda 1000 salidas de autopista, que a cada una de las cuales les correspond\u00eda un n\u00f3dulo de peaje particular. Pero estos n\u00f3dulos no estaban nombrados en el OpenStreetMap o estaban etiquetados incorrectamente. Estos datos se han corregido y ampliado hasta disponer en el presente en la base de datos de OSM de 2800 salidas de autopista, cruces, etc.<\/div>\n<\/div>\n\n<div class=\"col-md-4\">\n\n<\/div>\n\n<\/div>\n\n<hr>\n\n<div style=\"height:40px;\">&nbsp;<\/div>\n<div class=\"row\">\n\n<div class=\"col-md-4\">\n<div class=\"gl_h4big\">Donaci\u00f3n de los datos de peaje\npara el proyecto OSM<\/div>\n<div class=\"gl_space_top10\"><strong>Ventajas para el proyecto OSM:<\/strong>\nEn junio de 2010, los datos corregidos y actualizados se donaron al proyecto OSM. Esta informaci\u00f3n incluye todos los datos recogidos sobre las salidas de las autopistas alemanas, cruces, etc. La entrega de los datos tuvo lugar en los Linuxdays el 11 de junio de 2010 en Berl\u00edn.<\/div>\n<\/div>\n\n<div class=\"col-md-4\">\n<div class=\"gl_h4big\">&nbsp;\n&nbsp;<\/div>\n<div class=\"gl_space_top10\">Los datos se donaron oficialmente a Lars Lingner, miembro de la fundaci\u00f3n OpenStreetMap y de la FOSSGIS e.V. \u00c9l accept\u00f3 las datas en beneficio de la comunidad global de OpenStreetMap.<\/div>\n<\/div>\n\n<div class=\"col-md-4\">\n<div class=\"gl_h4big\">&nbsp;\n&nbsp;<\/div>\n<div class=\"gl_space_top10\"><a rel=\"nofollow\" href=\"https:\/\/www.enaikoon.com\/wp-content\/uploads\/2016\/07\/Markus_Semm_uebergibt_Datenspende_an_OSM_Mitglied_Lars_Lingner_10.jpg\" target=\"_blank\" title=\"Donaci\u00f3n de datos mediante ENAiKOON al proyecto OSM\"><img decoding=\"async\" src=\"https:\/\/www.enaikoon.com\/wp-content\/uploads\/2016\/07\/388aec785f.jpg\" alt=\"Donaci\u00f3n de datos mediante ENAiKOON al proyecto OSM\" border=\"0\" align=\"left\"><\/a><\/div>\n<\/div>\n\n<\/div>\n<div style=\"height:40px;\">&nbsp;<\/div>","protected":false},"excerpt":{"rendered":"<p> [&hellip;]<\/p>\n","protected":false},"author":7,"featured_media":0,"parent":6403,"menu_order":0,"comment_status":"closed","ping_status":"closed","template":"","meta":{"footnotes":""},"acf":[],"_links":{"self":[{"href":"https:\/\/www.enaikoon.com\/es\/wp-json\/wp\/v2\/pages\/6475"}],"collection":[{"href":"https:\/\/www.enaikoon.com\/es\/wp-json\/wp\/v2\/pages"}],"about":[{"href":"https:\/\/www.enaikoon.com\/es\/wp-json\/wp\/v2\/types\/page"}],"author":[{"embeddable":true,"href":"https:\/\/www.enaikoon.com\/es\/wp-json\/wp\/v2\/users\/7"}],"replies":[{"embeddable":true,"href":"https:\/\/www.enaikoon.com\/es\/wp-json\/wp\/v2\/comments?post=6475"}],"version-history":[{"count":16,"href":"https:\/\/www.enaikoon.com\/es\/wp-json\/wp\/v2\/pages\/6475\/revisions"}],"predecessor-version":[{"id":17155,"href":"https:\/\/www.enaikoon.com\/es\/wp-json\/wp\/v2\/pages\/6475\/revisions\/17155"}],"up":[{"embeddable":true,"href":"https:\/\/www.enaikoon.com\/es\/wp-json\/wp\/v2\/pages\/6403"}],"wp:attachment":[{"href":"https:\/\/www.enaikoon.com\/es\/wp-json\/wp\/v2\/media?parent=6475"}],"curies":[{"name":"wp","href":"https:\/\/api.w.org\/{rel}","templated":true}]}}