{"id":6473,"date":"2016-08-02T03:40:18","date_gmt":"2016-08-02T03:40:18","guid":{"rendered":"https:\/\/www.enaikoon.com\/?page_id=6473"},"modified":"2019-07-31T11:53:58","modified_gmt":"2019-07-31T11:53:58","slug":"proyectos-comerciales","status":"publish","type":"page","link":"https:\/\/www.enaikoon.com\/es\/acerca-de\/openstreetmap-es\/proyectos-comerciales\/","title":{"rendered":"Proyectos comerciales"},"content":{"rendered":"<div style=\"height:40px;\">&nbsp;<\/div>\n<div class=\"row\">\n\n<div class=\"col-md-8\">\n<div class=\"gl_space_right50\">\n<div class=\"gl_h2big\">Proyectos comerciales<\/div>\n<div>&nbsp;<\/div>\n<div><strong>Los datos del mapa OSM son una parte importante de nuestro software<\/strong>. Gran parte de nuestros clientes usan los mapas diariamente para gestionar sus flotas de la forma m\u00e1s eficiente.<\/div>\n<div>&nbsp;<\/div>\n<div>El forma de los datos de OpenStreetMap se pueden extender para encajar sus necesidades. Incluso si la nueva zona industrial o residencia no se ha entrado en los mapas actualmente en uso, pero quiere identificar las posiciones de sus veh\u00edculos en esa zona, es muy f\u00e1cil introducir los datos. En poco tiempo, la informaci\u00f3n se actualizar\u00e1.<\/div>\n<div>&nbsp;<\/div>\n<div>Consulte la <a rel=\"nofollow\" href=\"http:\/\/wiki.openstreetmap.org\/wiki\/Mapping_techniques\" target=\"_blank\">OSM wiki<\/a> para m\u00e1s informaci\u00f3n sobre la creaci\u00f3n de mapas.<\/div>\n<\/div>\n<\/div>\n\n<div class=\"col-md-4\">\n<div class=\"gl_space_pageright\">\n<div class=\"gl_enaikoon_logo\"><img decoding=\"async\" src=\"https:\/\/www.enaikoon.com\/wp-content\/uploads\/2016\/07\/ENAiKOON-frosted-logo.png\" alt=\"ENAiKOON logo\" title=\"ENAiKOON logo\"><\/div>\n<div><a class=\"gl_button_yellow\" href=\"https:\/\/www.enaikoon.com\/es\/contacto\/consulte-a-un-experto\/\">Programe una cita<\/a><\/div>\n<div class=\"gl_introduction_contact\">\n                    <img decoding=\"async\" src=\"https:\/\/www.enaikoon.com\/wp-content\/uploads\/2016\/07\/icon_email.png\" alt=\"\">\n<p class=\"gl_text_space\"><a rel=\"nofollow\" href=\"mailto:sales@enaikoon.com\">sales@enaikoon.com<\/a><\/p>\n\n\n<\/div>\n<div class=\"gl_introduction_contact\">\n<p class=\"gl_text_space\"><img decoding=\"async\" src=\"https:\/\/www.enaikoon.com\/wp-content\/uploads\/2016\/07\/icon_phone1.png\" alt=\"\">\n+49 30 397475-30\n\n<\/div>\n<div class=\"gl_introduction_contact\">\n<p class=\"gl_text_space\"><img decoding=\"async\" src=\"https:\/\/www.enaikoon.com\/wp-content\/uploads\/2016\/07\/icon_phone2.png\" alt=\"\">\n+49 30 397475-40\n\n<\/div>\n<div><a class=\"gl_button_grey\" href=\"https:\/\/www.enaikoon.com\/es\/acerca-de\/openstreetmap-es\/\">Volver al Openstreetmap<\/a><\/div>\n<\/div>\n<\/div>\n<\/div>\n\n<hr>\n\n<div style=\"height:40px;\">&nbsp;<\/div>\n<div class=\"row\">\n<div class=\"col-md-4\">\n<div class=\"gl_h4big\">Integraci\u00f3n de OSM en inViu\n&nbsp;\n&nbsp;<\/div>\n<div><a href=\"https:\/\/www.enaikoon.com\/es\/software-es\/\">inViu<\/a> es un portal basado en Internet que permite a nuestros clientes ver donde est\u00e1n en cualquier momento sus trackables (veh\u00edculos, maquinaria, empleados, etc) o donde estuvieron en un momento determinado.<\/div>\n<div>&nbsp;<\/div>\n<div>\u00c9ste es b\u00e1sicamente \u00fatil para las siguientes aplicaciones:<\/div>\n<ul class=\"gl_space_ul2\">\n \t<li class=\"gl_space_li\">Optimizaci\u00f3n de procesos en negocios\nEjemplo: para enviar al taxi m\u00e1s cercano a recoger un cliente.<\/li>\n \t<li class=\"gl_space_li\">Informes de las actividades de los clientes\nEjemplo: \u00bfLa mercanc\u00eda peligrosa se transport\u00f3 por la ruta designada y o pasaron por una zona restringida?<\/li>\n \t<li class=\"gl_space_li\">Controlad e empleados\nEjemplo: \u00bfEstuvieron mis empleados en el local hasta las 4 o cerraron la puerta antes?<\/li>\n \t<li class=\"gl_space_li\">Antirrobo:\nEjemplo: localizaci\u00f3n de maquinaria robada, veh\u00edculos y bienes.<\/li>\n<\/ul>\n<div class=\"clearfix\"><a rel=\"nofollow\" href=\"https:\/\/www.enaikoon.com\/wp-content\/uploads\/2016\/07\/faebe0e963.png\" title=\"ENAiKOON inViu\"><img decoding=\"async\" src=\"https:\/\/www.enaikoon.com\/wp-content\/uploads\/2016\/07\/277bf0a797.png\" alt=\"ENAiKOON inViu\" border=\"0\" align=\"left\"><\/a><\/div>\n<\/div>\n\n<div class=\"col-md-4\">\n<div class=\"gl_h4big\">Geocodificaci\u00f3n inversa de un\nregistro de veh\u00edculo basado en\ndatos de OSM<\/div>\n<div>En algunos casos, las aplicaciones de ENAiKOON pueden presentar la localizaci\u00f3n actual de los objetos m\u00f3viles en forma de lista.<\/div>\n<div>&nbsp;<\/div>\n<div>Esto es realmente \u00fatil para crear un algoritmo de la informaci\u00f3n recibida de un veh\u00edculo. Por ejemplo, esta aplicaci\u00f3n requiere que las coordenadas recibidas por los m\u00f3dulos GPS de ENAiKOON se traduzcan en direcciones.<\/div>\n<div>&nbsp;<\/div>\n<div>Para lograrlo, ENAiKOON ha desarrollado un sistema de geocodificaci\u00f3n inversa basado en los datos de OpenStreetMap. En lugar de una coordenada GPS, se muestra una direcci\u00f3n precisa.<\/div>\n<div>&nbsp;<\/div>\n<div class=\"clearfix\"><a rel=\"nofollow\" href=\"https:\/\/www.enaikoon.com\/wp-content\/uploads\/2016\/07\/address_geocoding_en.png\" title=\"ENAiKOON inViu pro: direcci\u00f3n con la geocodificaci\u00f3n reversa\"><img decoding=\"async\" src=\"https:\/\/www.enaikoon.com\/wp-content\/uploads\/2016\/07\/ee31bc31e5.png\" alt=\"ENAiKOON inViu pro: direcci\u00f3n con la geocodificaci\u00f3n reversa\" border=\"0\" align=\"left\"><\/a><\/div>\n<\/div>\n\n<div class=\"col-md-4\">\n<div class=\"gl_h4big\">&nbsp;\n&nbsp;\n&nbsp;<\/div>\n<\/div>\n\n<\/div>\n<div style=\"height:40px;\">&nbsp;<\/div>","protected":false},"excerpt":{"rendered":"<p> [&hellip;]<\/p>\n","protected":false},"author":7,"featured_media":0,"parent":6403,"menu_order":0,"comment_status":"closed","ping_status":"closed","template":"","meta":{"footnotes":""},"acf":[],"_links":{"self":[{"href":"https:\/\/www.enaikoon.com\/es\/wp-json\/wp\/v2\/pages\/6473"}],"collection":[{"href":"https:\/\/www.enaikoon.com\/es\/wp-json\/wp\/v2\/pages"}],"about":[{"href":"https:\/\/www.enaikoon.com\/es\/wp-json\/wp\/v2\/types\/page"}],"author":[{"embeddable":true,"href":"https:\/\/www.enaikoon.com\/es\/wp-json\/wp\/v2\/users\/7"}],"replies":[{"embeddable":true,"href":"https:\/\/www.enaikoon.com\/es\/wp-json\/wp\/v2\/comments?post=6473"}],"version-history":[{"count":7,"href":"https:\/\/www.enaikoon.com\/es\/wp-json\/wp\/v2\/pages\/6473\/revisions"}],"predecessor-version":[{"id":17160,"href":"https:\/\/www.enaikoon.com\/es\/wp-json\/wp\/v2\/pages\/6473\/revisions\/17160"}],"up":[{"embeddable":true,"href":"https:\/\/www.enaikoon.com\/es\/wp-json\/wp\/v2\/pages\/6403"}],"wp:attachment":[{"href":"https:\/\/www.enaikoon.com\/es\/wp-json\/wp\/v2\/media?parent=6473"}],"curies":[{"name":"wp","href":"https:\/\/api.w.org\/{rel}","templated":true}]}}