{"id":6471,"date":"2016-08-02T03:39:19","date_gmt":"2016-08-02T03:39:19","guid":{"rendered":"https:\/\/www.enaikoon.com\/?page_id=6471"},"modified":"2019-07-31T11:43:40","modified_gmt":"2019-07-31T11:43:40","slug":"proyectos-sociales","status":"publish","type":"page","link":"https:\/\/www.enaikoon.com\/es\/acerca-de\/openstreetmap-es\/proyectos-sociales\/","title":{"rendered":"Proyectos sociales"},"content":{"rendered":"<div class=\"row\">\n<div class=\"gl_space_page\">\n\n<div class=\"col-md-8\">\n\n&nbsp;\n<div class=\"gl_space_right50\">\n<div class=\"gl_h2big\">Proyectos sociales<\/div>\n<div>&nbsp;<\/div>\n<div>ENAiKOON est\u00e1 comprometido con diferentes proyectos de forma totalmente altruista.<\/div>\n<div>&nbsp;<\/div>\n<div>El siguiente ejemplo es un proyecto con una relaci\u00f3n directa con Berl\u00edn, donde se encuantra la sede de ENAiKOON.<\/div>\n&nbsp;\n\n<\/div>\n<\/div>\n\n<div class=\"col-md-4\">\n\n&nbsp;\n<div class=\"gl_space_pageright\">\n<div class=\"gl_enaikoon_logo\"><img decoding=\"async\" src=\"https:\/\/www.enaikoon.com\/wp-content\/uploads\/2016\/07\/ENAiKOON-frosted-logo.png\" alt=\"\"><\/div>\n<div><a class=\"gl_button_yellow\" href=\"https:\/\/www.enaikoon.com\/es\/contacto\/consulte-a-un-experto\/\">Programe una cita<\/a><\/div>\n&nbsp;\n<div class=\"gl_introduction_contact\"><img decoding=\"async\" src=\"https:\/\/www.enaikoon.com\/wp-content\/uploads\/2016\/07\/icon_email.png\" alt=\"\">\n<p class=\"gl_text_space\"><a rel=\"nofollow\" href=\"mailto:sales@enaikoon.com\">sales@enaikoon.com<\/a><\/p>\n\n<\/div>\n<div class=\"gl_introduction_contact\">\n<p class=\"gl_text_space\"><img decoding=\"async\" src=\"https:\/\/www.enaikoon.com\/wp-content\/uploads\/2016\/07\/icon_phone1.png\" alt=\"\">\n+49 30 397475-30<\/p>\n\n<\/div>\n<div class=\"gl_introduction_contact\">\n<p class=\"gl_text_space\"><img decoding=\"async\" src=\"https:\/\/www.enaikoon.com\/wp-content\/uploads\/2016\/07\/icon_phone2.png\" alt=\"\">\n+49 30 397475-40<\/p>\n\n<\/div>\n&nbsp;\n<div><a class=\"gl_button_grey\" href=\"https:\/\/www.enaikoon.com\/es\/acerca-de\/openstreetmap-es\/\">Volver a Openstreetmap<\/a><\/div>\n&nbsp;\n\n<\/div>\n<\/div>\n\n&nbsp;\n<div class=\"gl_line\">&nbsp;<\/div>\n<div class=\"col-md-4\">\n\n&nbsp;\n<div class=\"gl_space_right10\">\n<div>Hendrik Zeider es un profesor de Geograf\u00eda de una escuela de Primaria de Berl\u00edn. El se\u00f1or Zeider y su clase han experimentado en la recolecci\u00f3n de datos geogr\u00e1ficos con la ayuda de dispositivos GPS y despu\u00e9s lo han subido a Google Earth. M\u00e1s tarde solicit\u00f3 ayuda a ENAiKOON para la adquisici\u00f3n de dispositivos para sus proyectos futuros. Le informamos sobre el proyecto de OpenStreetMap y se involucr\u00f3.<\/div>\n<div>&nbsp;<\/div>\n<div>Durante la semana de proyectos de la escuela en abril de 2010, alrededor de 15 alumnos de varias edades mapearos una \u00e1rea de Berl\u00edn y luego procesaros los datos recogidos.<\/div>\n<div>&nbsp;<\/div>\n<div>Los Puntos de Inter\u00e9s (POIs) y los senderos se registraron y los datos se subieron y etiquetaron en OpenStreetMap. Los estudiantes fueron introducidos en el uso de nuevas tecnolog\u00edas y su inter\u00e9s por su entorno increment\u00f3. La organizaci\u00f3n del proyecto y la ejecuci\u00f3n se redact\u00f3 en la wiki de OpenStreetMap, para as\u00ed guiar a otros profesores y estudiantes para animarlos a participar en el proyecto.<\/div>\n<div>&nbsp;<\/div>\n<div>ENAiKOON apoya este proyecto de forma organizativa y financiera, proporcionando el hardware (dispositivos GPS, tel\u00e9fonos m\u00f3viles, c\u00e1maras, PC, etc.) para 15 equipos.<\/div>\n&nbsp;\n<div class=\"gl_h4big\">Creando mapas con\nestudiantes de Primaria<\/div>\n&nbsp;\n\n<\/div>\n<\/div>\n\n<div class=\"col-md-4\">\n\n&nbsp;\n<div class=\"gl_space_page\">&nbsp;<\/div>\n&nbsp;\n<div class=\"clearfix\"><a title=\"Mapeando con estudiantes de primaria con el soporte de ENAiKOON\" rel=\"nofollow\" href=\"https:\/\/www.enaikoon.com\/wp-content\/uploads\/2016\/08\/c05238c58e.jpg\"><img decoding=\"async\" class=\"gl_space_top10\" src=\"https:\/\/www.enaikoon.com\/wp-content\/uploads\/2016\/08\/6e1d70932e.jpg\" alt=\"Mapeando con estudiantes de primaria con el soporte de ENAiKOON\" border=\"0\" align=\"left\"><\/a><\/div>\n&nbsp;\n<div class=\"clearfix\"><a title=\"Mapeando con estudiantes de primaria con el soporte de ENAiKOON\" rel=\"nofollow\" href=\"https:\/\/www.enaikoon.com\/wp-content\/uploads\/2016\/08\/5601de1788.jpg\"><img decoding=\"async\" class=\"gl_space_top10\" src=\"https:\/\/www.enaikoon.com\/wp-content\/uploads\/2016\/08\/939bd0c7f9.jpg\" alt=\"Mapeando con estudiantes de primaria con el soporte de ENAiKOON\" border=\"0\" align=\"left\"><\/a><\/div>\n<\/div>\n\n<div class=\"col-md-4\">\n\n&nbsp;\n<div class=\"gl_space_page\">&nbsp;<\/div>\n&nbsp;\n<div class=\"clearfix\"><a title=\"Mapeando con estudiantes de primaria con el soporte de ENAiKOON\" rel=\"nofollow\" href=\"https:\/\/www.enaikoon.com\/wp-content\/uploads\/2016\/07\/c8ea6b2f62.jpg\"><img decoding=\"async\" class=\"gl_space_top10\" src=\"https:\/\/www.enaikoon.com\/wp-content\/uploads\/2016\/07\/a067767bba.jpg\" alt=\"Mapeando con estudiantes de primaria con el soporte de ENAiKOON\" border=\"0\" align=\"left\"><\/a><\/div>\n&nbsp;\n<div class=\"clearfix\"><a title=\"Mapeando con estudiantes de primaria con el soporte de ENAiKOON\" href=\"https:\/\/www.enaikoon.com\/wp-content\/uploads\/2016\/07\/dade494267.jpg\" target=\"_blank\" rel=\"nofollow\"><img decoding=\"async\" class=\"gl_space_top10\" src=\"https:\/\/www.enaikoon.com\/wp-content\/uploads\/2016\/07\/898a198483.jpg\" alt=\"Mapeando con estudiantes de primaria con el soporte de ENAiKOON\" border=\"0\" align=\"left\"><\/a><\/div>\n&nbsp;\n<div class=\"clearfix\"><a title=\"Mapeando con estudiantes de primaria con el soporte de ENAiKOON\" href=\"https:\/\/www.enaikoon.com\/wp-content\/uploads\/2016\/08\/ea0fe8d17d.jpg\" target=\"_blank\" rel=\"nofollow\"><img decoding=\"async\" class=\"gl_space_top10\" src=\"https:\/\/www.enaikoon.com\/wp-content\/uploads\/2016\/08\/e5a2fb2eac.jpg\" alt=\"Mapeando con estudiantes de primaria con el soporte de ENAiKOON\" border=\"0\" align=\"left\"><\/a><\/div>\n<\/div>\n\n<\/div>\n&nbsp;\n<div class=\"gl_row_space\">&nbsp;<\/div>\n<div class=\"gl_space_pagebottom\">&nbsp;<\/div>\n<\/div>","protected":false},"excerpt":{"rendered":"","protected":false},"author":7,"featured_media":0,"parent":6403,"menu_order":0,"comment_status":"closed","ping_status":"closed","template":"","meta":{"footnotes":""},"acf":[],"_links":{"self":[{"href":"https:\/\/www.enaikoon.com\/es\/wp-json\/wp\/v2\/pages\/6471"}],"collection":[{"href":"https:\/\/www.enaikoon.com\/es\/wp-json\/wp\/v2\/pages"}],"about":[{"href":"https:\/\/www.enaikoon.com\/es\/wp-json\/wp\/v2\/types\/page"}],"author":[{"embeddable":true,"href":"https:\/\/www.enaikoon.com\/es\/wp-json\/wp\/v2\/users\/7"}],"replies":[{"embeddable":true,"href":"https:\/\/www.enaikoon.com\/es\/wp-json\/wp\/v2\/comments?post=6471"}],"version-history":[{"count":18,"href":"https:\/\/www.enaikoon.com\/es\/wp-json\/wp\/v2\/pages\/6471\/revisions"}],"predecessor-version":[{"id":17151,"href":"https:\/\/www.enaikoon.com\/es\/wp-json\/wp\/v2\/pages\/6471\/revisions\/17151"}],"up":[{"embeddable":true,"href":"https:\/\/www.enaikoon.com\/es\/wp-json\/wp\/v2\/pages\/6403"}],"wp:attachment":[{"href":"https:\/\/www.enaikoon.com\/es\/wp-json\/wp\/v2\/media?parent=6471"}],"curies":[{"name":"wp","href":"https:\/\/api.w.org\/{rel}","templated":true}]}}