{"id":6410,"date":"2016-08-01T09:17:45","date_gmt":"2016-08-01T09:17:45","guid":{"rendered":"https:\/\/www.enaikoon.com\/?page_id=6410"},"modified":"2017-11-19T15:09:30","modified_gmt":"2017-11-19T15:09:30","slug":"base-datos-xml","status":"publish","type":"page","link":"https:\/\/www.enaikoon.com\/es\/herramientas\/base-datos-xml\/","title":{"rendered":"base datos XML"},"content":{"rendered":"<div class=\"row\">\r\n\r\n<div class=\"gl_space_page\">\r\n\r\n\t<div class=\"col-md-12\">\r\n\t\r\n\t<h2>Recuperaci\u00f3n remota de datos de un m\u00f3dulo de monitoreo desde el ENAiKOON M2M-commserver<\/h2>\r\n\t<div>&nbsp;<\/div>\r\n\t<div>Usted tiene la opci\u00f3n de recuperar la posici\u00f3n y el estado de los datos de cualquier m\u00f3dulo de monitero de ENAiKOON. En la siguiente pantalla puede introducir sus criterios de selecci\u00f3n en la derecha, en los campos preparados, o en la izquierda, en la estructura XML, seg\u00fan su elecci\u00f3n. En ambos casos, se mostrar\u00e1 una estructura XML como resultado, el cual contiene los datos requeridos del m\u00f3dulo de monitoreo remoto de ENAiKOON. <\/div>\r\n\t<div>&nbsp;<\/div>\r\n\t<div>\r\n\t\t<div class=\"form-table\">\r\n\t\t<form class=\"XML_request\" action=\"https:\/\/www.enaikoon.de\/gps-xml\/gps.jsp\" method=\"get\">\r\n\t\t\t\t\t\t\t\t<table style=\"background-color:#dddddd; height:164px; border: 2px solid #a9a8a7; \" border=\"5\" cellpadding=\"0\" cellspacing=\"0\" width=\"100%\">\r\n\t\t\t\t\t\t\t\t\t<tbody><tr>\r\n\t\t\t\t\t\t\t\t\t\t<td style=\"padding:27px 0px 0px 30px;\" valign=\"top\">\r\n\t\t\t\t\t\t\t\t\t\t\t<\/td><td><\/td>\r\n\t\t\t\t\t\t\t\t\t\t<\/tr>\r\n\t\t\t\t\t\t\t\t\t\t<tr>\r\n\t\t\t\t\t\t\t\t\t\t\t<td width=\"100\">&nbsp;XML&nbsp;&nbsp;&nbsp;<\/td>\r\n\t\t\t\t\t\t\t\t\t\t\t<td>\r\n\t\t\t\t\t\t\t\t\t\t\t\t<textarea cols=\"75\" rows=\"14\" name=\"XML\"> &lt;?xml version=\u00bb1.0&#8243;?&gt;\r\n &lt;!DOCTYPE gps SYSTEM \u00abGPRSDATA.DTD\u00bb&gt;\r\n &lt;gps&gt;\r\n  &lt;request&gt;\r\n   &lt;customer&gt;test&lt;\/customer&gt;\r\n   &lt;password&gt;Demo&lt;\/password&gt;\r\n   &lt;clientid&gt;&lt;\/clientid&gt;\r\n   &lt;time1&gt;&lt;\/time1&gt;\r\n   &lt;time2&gt;&lt;\/time2&gt;\r\n   &lt;max_ds&gt;&lt;\/max_ds&gt;\r\n   &lt;order&gt;&lt;\/order&gt;\r\n   &lt;noLimit&gt;&lt;\/noLimit&gt;\r\n  &lt;\/request&gt;\r\n &lt;\/gps&gt;<\/textarea>\r\n\t\t\t\t\t\t\t\t\t\t\t<\/td>\r\n\t\t\t\t\t\t\t\t\t\t<\/tr>\r\n\t\t\t\t\t\t\t\t\t\t<tr>\r\n\t\t\t\t\t\t\t\t\t\t\t<td style=\"width:105px;padding-top:12px;\">&nbsp;&nbsp;&nbsp;&nbsp;&nbsp;<\/td>\r\n\t\t\t\t\t\t\t\t\t\t\t<td style=\"padding-top:12px;\">\r\n\t\t\t\t\t\t\t\t\t\t\t\t<div style=\" padding-left: 250px; \"><input class=\"XML_request_submit\" name=\"xml\" value=\"XML\" type=\"submit\"><input class=\"XML_request_submit\" name=\"map\" value=\"Mapa\" type=\"submit\"><\/div><\/td>\r\n\t\t\t\t\t\t\t\t\t\t\t<\/tr>\r\n\t\t\t\t\t\t\t\t\t\t\t<tr>\r\n\t\t\t\t\t\t\t\t\t\t\t\t<td>&nbsp;<\/td>\r\n\t\t\t\t\t\t\t\t\t\t\t\t<td>&nbsp;<\/td>\r\n\t\t\t\t\t\t\t\t\t\t\t<\/tr>\r\n\t\t\t\t\t\t\t\t\t\t<\/tbody><\/table>\r\n\t\t\t\t\t\t\t\t\t<\/form>\r\n\t\t<\/div>\r\n\t<\/div>\r\n\t<div>&nbsp;<\/div>\r\n\t<div>\r\n\t\t<div class=\"form-table\">\r\n\t\t<form class=\"XML_request\" action=\"https:\/\/www.enaikoon.de\/gps-xml\/gps.jsp\" method=\"get\">\r\n\t\t\t\t\t\t\t\t\t\t<table style=\"background-color: #dddddd; border: 2px solid #a9a8a7; \" border=\"0\" cellpadding=\"0\" cellspacing=\"0\" width=\"100%\">\r\n\t\t\t\t\t\t\t\t\t\t\t<tbody><tr>\r\n\t\t\t\t\t\t\t\t\t\t\t\t<td>\r\n\t\t\t\t\t\t\t\t\t\t\t\t\t<table style=\"background-color: #dddddd; border: 0px solid #a9a8a7; \" border=\"0\" cellpadding=\"0\" cellspacing=\"0\" width=\"100%\">\r\n\t\t\t\t\t\t\t\t\t\t\t\t\t\t<tbody><tr>\r\n\t\t\t\t\t\t\t\t\t\t\t\t\t\t\t<td style=\"padding:27px 0px 0px 30px;\" valign=\"top\" width=\"450\">\r\n\t\t\t\t\t\t\t\t\t\t\t\t\t\t\t\t<\/td><td><\/td>\r\n\t\t\t\t\t\t\t\t\t\t\t\t\t\t\t<\/tr>\r\n\t\t\t\t\t\t\t\t\t\t\t\t\t\t\t<tr>\r\n\t\t\t\t\t\t\t\t\t\t\t\t\t\t\t\t<td width=\"325\">&nbsp;&nbsp;<\/td>\r\n\t\t\t\t\t\t\t\t\t\t\t\t\t\t\t\t<td>\r\n\t\t\t\t\t\t\t\t\t\t\t\t\t\t\t\t\t<p><i><b>Sus datos de acceso<\/b><\/i><\/p>\r\n\t\t\t\t\t\t\t\t\t\t\t\t\t\t\t\t\t<br><\/td>\r\n\t\t\t\t\t\t\t\t\t\t\t\t\t\t\t<\/tr>\r\n\t\t\t\t\t\t\t\t\t\t\t\t\t\t\t<tr>\r\n\t\t\t\t\t\t\t\t\t\t\t\t\t\t\t\t<td width=\"325\">&nbsp;Usuario:&nbsp;&nbsp;&nbsp;<\/td>\r\n\t\t\t\t\t\t\t\t\t\t\t\t\t\t\t\t<td><input name=\"customer\" value=\"test\" type=\"text\"><\/td>\r\n\t\t\t\t\t\t\t\t\t\t\t\t\t\t\t<\/tr>\r\n\t\t\t\t\t\t\t\t\t\t\t\t\t\t\t<tr>\r\n\t\t\t\t\t\t\t\t\t\t\t\t\t\t\t\t<td width=\"325\">&nbsp;Contrase\u00f1a:&nbsp;&nbsp;&nbsp;<\/td>\r\n\t\t\t\t\t\t\t\t\t\t\t\t\t\t\t\t<td><input name=\"password\" value=\"Demo\" type=\"password\"><br><\/td>\r\n\t\t\t\t\t\t\t\t\t\t\t\t\t\t\t<\/tr>\r\n\t\t\t\t\t\t\t\t\t\t\t\t\t\t\t<tr>\r\n\t\t\t\t\t\t\t\t\t\t\t\t\t\t\t\t<td width=\"325\">&nbsp;N\u00famero de serie:&nbsp;&nbsp;&nbsp;<\/td>\r\n\t\t\t\t\t\t\t\t\t\t\t\t\t\t\t\t<td><input name=\"clientid\" type=\"text\"><br><\/td>\r\n\t\t\t\t\t\t\t\t\t\t\t\t\t\t\t<\/tr>\r\n\t\t\t\t\t\t\t\t\t\t\t\t\t\t\t<tr>\r\n\t\t\t\t\t\t\t\t\t\t\t\t\t\t\t\t<td width=\"325\">&nbsp;Hora de inicio:&nbsp;&nbsp;&nbsp;<\/td>\r\n\t\t\t\t\t\t\t\t\t\t\t\t\t\t\t\t<td><input name=\"time1\" type=\"text\"><br><\/td>\r\n\t\t\t\t\t\t\t\t\t\t\t\t\t\t\t<\/tr>\r\n\t\t\t\t\t\t\t\t\t\t\t\t\t\t\t<tr>\r\n\t\t\t\t\t\t\t\t\t\t\t\t\t\t\t\t<td width=\"325\">&nbsp;Hora de finalizaci\u00f3n:&nbsp;&nbsp;&nbsp;<\/td>\r\n\t\t\t\t\t\t\t\t\t\t\t\t\t\t\t\t<td><input name=\"time2\" type=\"text\"><\/td>\r\n\t\t\t\t\t\t\t\t\t\t\t\t\t\t\t<\/tr>\r\n\t\t\t\t\t\t\t\t\t\t\t\t\t\t\t<tr>\r\n\t\t\t\t\t\t\t\t\t\t\t\t\t\t\t\t<td width=\"325\">&nbsp;M\u00e1ximo n\u00famero de registros:&nbsp;&nbsp;&nbsp;<\/td>\r\n\t\t\t\t\t\t\t\t\t\t\t\t\t\t\t\t<td><input name=\"max_ds\" size=\"3\" type=\"text\"><br><\/td>\r\n\t\t\t\t\t\t\t\t\t\t\t\t\t\t\t<\/tr>\r\n\t\t\t\t\t\t\t\t\t\t\t\t\t\t\t<tr>\r\n\t\t\t\t\t\t\t\t\t\t\t\t\t\t\t\t<td width=\"325\">&nbsp;Orden (ASC= ascendente, DESC= descendente):&nbsp;&nbsp;&nbsp;<\/td>\r\n\t\t\t\t\t\t\t\t\t\t\t\t\t\t\t\t<td><input name=\"order\" size=\"3\" type=\"text\"><\/td>\r\n\t\t\t\t\t\t\t\t\t\t\t\t\t\t\t<\/tr>\r\n\t\t\t\t\t\t\t\t\t\t\t\t\t\t\t<tr>\r\n\t\t\t\t\t\t\t\t\t\t\t\t\t\t\t\t<td width=\"325\">&nbsp;Limitar la exenci\u00f3n (1=s\u00ed, 0=no):&nbsp;&nbsp;&nbsp;<\/td>\r\n\t\t\t\t\t\t\t\t\t\t\t\t\t\t\t\t<td><input name=\"noLimit\" size=\"1\" type=\"text\"><\/td>\r\n\t\t\t\t\t\t\t\t\t\t\t\t\t\t\t<\/tr>\r\n\t\t\t\t\t\t\t\t\t\t\t\t\t\t\t<tr>\r\n\t\t\t\t\t\t\t\t\t\t\t\t\t\t\t\t<td width=\"325\">&nbsp;<\/td>\r\n\t\t\t\t\t\t\t\t\t\t\t\t\t\t\t\t<td>&nbsp;<\/td>\r\n\t\t\t\t\t\t\t\t\t\t\t\t\t\t\t<\/tr>\r\n\t\t\t\t\t\t\t\t\t\t\t\t\t\t<\/tbody><\/table>\r\n\t\t\t\t\t\t\t\t\t\t\t\t\t\t<table style=\"background-color: #dddddd; border: 0px solid #a9a8a7; \" border=\"0\" cellpadding=\"0\" cellspacing=\"0\" width=\"100%\">\r\n\t\t\t\t\t\t\t\t\t\t\t\t\t\t\t<tbody><tr>\r\n\t\t\t\t\t\t\t\t\t\t\t\t\t\t\t\t<td width=\"520\">\r\n\t\t\t\t\t\t\t\t\t\t\t\t\t\t\t\t\t<div style=\"padding-left: 3px; \">Formato de datos para la entrada de tiempo: <i>ddmmyy-hhmm<\/i><br>Si la hora de inicio o finalizaci\u00f3n se deja en blanco, se otorgar\u00e1 la \u00faltima hora guardada para este n\u00famero de serie.<br><i>Referencia para el posicionamiento de datos de lenguaje de marcado: <a rel=\"nofollow\" href=\"https:\/\/www.enaikoon.de\/gps-xml\/GPRSDATA.DTD\">GPRSDATA.DTD<\/a> | <a rel=\"nofollow\" href=\"https:\/\/www.enaikoon.de\/gps-xml\/GPRSDATA.DTD.zip\">GPRSDATA.DTD.zip<\/a><\/i><\/div>\r\n\t\t\t\t\t\t\t\t\t\t\t\t\t\t\t\t<\/td>\r\n\t\t\t\t\t\t\t\t\t\t\t\t\t\t\t<\/tr>\r\n\t\t\t\t\t\t\t\t\t\t\t\t\t\t<\/tbody><\/table>\r\n\t\t\t\t\t\t\t\t\t\t\t\t\t\t<table style=\"background-color: #dddddd; border: 0px solid #a9a8a7; \" border=\"0\" cellpadding=\"0\" cellspacing=\"0\" width=\"100%\">\r\n\t\t\t\t\t\t\t\t\t\t\t\t\t\t\t<tbody><tr>\r\n\t\t\t\t\t\t\t\t\t\t\t\t\t\t\t\t<td style=\"width:100px;padding-top:12px;\">&nbsp;<\/td>\r\n\t\t\t\t\t\t\t\t\t\t\t\t\t\t\t\t<td style=\"padding-top:12px;\">\r\n\t\t\t\t\t\t\t\t\t\t\t\t\t\t\t\t\t<div style=\" padding-left: 30px; \"><input class=\"XML_request_submit\" name=\"xml\" value=\"XML\" type=\"submit\"><input class=\"XML_request_submit\" name=\"map\" value=\"Mapa\" type=\"submit\"><\/div>\r\n\t\t\t\t\t\t\t\t\t\t\t\t\t\t\t\t<\/td>\r\n\t\t\t\t\t\t\t\t\t\t\t\t\t\t\t<\/tr>\r\n\t\t\t\t\t\t\t\t\t\t\t\t\t\t\t<tr>\r\n\t\t\t\t\t\t\t\t\t\t\t\t\t\t\t\t<td width=\"320\">&nbsp;<\/td>\r\n\t\t\t\t\t\t\t\t\t\t\t\t\t\t\t\t<td>&nbsp;<\/td>\r\n\t\t\t\t\t\t\t\t\t\t\t\t\t\t\t<\/tr>\r\n\t\t\t\t\t\t\t\t\t\t\t\t\t\t<\/tbody><\/table>\r\n\t\t\t\t\t\t\t\t\t\t\t\t\t<\/td>\r\n\t\t\t\t\t\t\t\t\t\t\t\t<\/tr>\r\n\t\t\t\t\t\t\t\t\t\t\t<\/tbody><\/table>\r\n\t\t\t\t\t\t\t\t\t\t<\/form>\r\n\t\t<\/div>\r\n\t<\/div>\r\n\t\r\n\t<\/div>\r\n\t\r\n\t<div class=\"gl_row_space\"><\/div>\r\n\t<div class=\"gl_line\">&nbsp;<\/div>\r\n\t\r\n<\/div>\t\r\n<div class=\"gl_space_pagebottom\">&nbsp;<\/div>\r\n\r\n<\/div>\t","protected":false},"excerpt":{"rendered":"","protected":false},"author":7,"featured_media":0,"parent":7417,"menu_order":0,"comment_status":"closed","ping_status":"closed","template":"","meta":{"footnotes":""},"acf":[],"_links":{"self":[{"href":"https:\/\/www.enaikoon.com\/es\/wp-json\/wp\/v2\/pages\/6410"}],"collection":[{"href":"https:\/\/www.enaikoon.com\/es\/wp-json\/wp\/v2\/pages"}],"about":[{"href":"https:\/\/www.enaikoon.com\/es\/wp-json\/wp\/v2\/types\/page"}],"author":[{"embeddable":true,"href":"https:\/\/www.enaikoon.com\/es\/wp-json\/wp\/v2\/users\/7"}],"replies":[{"embeddable":true,"href":"https:\/\/www.enaikoon.com\/es\/wp-json\/wp\/v2\/comments?post=6410"}],"version-history":[{"count":3,"href":"https:\/\/www.enaikoon.com\/es\/wp-json\/wp\/v2\/pages\/6410\/revisions"}],"predecessor-version":[{"id":11655,"href":"https:\/\/www.enaikoon.com\/es\/wp-json\/wp\/v2\/pages\/6410\/revisions\/11655"}],"up":[{"embeddable":true,"href":"https:\/\/www.enaikoon.com\/es\/wp-json\/wp\/v2\/pages\/7417"}],"wp:attachment":[{"href":"https:\/\/www.enaikoon.com\/es\/wp-json\/wp\/v2\/media?parent=6410"}],"curies":[{"name":"wp","href":"https:\/\/api.w.org\/{rel}","templated":true}]}}