{"id":6403,"date":"2016-08-01T09:12:26","date_gmt":"2016-08-01T09:12:26","guid":{"rendered":"https:\/\/www.enaikoon.com\/?page_id=6403"},"modified":"2017-11-19T15:47:47","modified_gmt":"2017-11-19T15:47:47","slug":"openstreetmap-es","status":"publish","type":"page","link":"https:\/\/www.enaikoon.com\/es\/acerca-de\/openstreetmap-es\/","title":{"rendered":"OpenStreetMap"},"content":{"rendered":"<div class=\"row\">\r\n\r\n<div class=\"gl_space_page\">\r\n\r\n\t<div class=\"col-md-8\">\r\n\t<div class=\"gl_space_right50\">\r\n\t<div class=\"gl_h2big\">ENAiKOON apoya OpenStreetMap\u00a9<\/div>\r\n\t<div>&nbsp;<\/div>\r\n\t<div>OpenStreetMap\u00a9 (OSM) es el projecto open source con m\u00e1s de  <a rel=\"nofollow\" href=\"http:\/\/osmstats.neis-one.org\/\" target=\"_blank\">3.000.000<\/a> partecipantes, usuarios de internet principalemnte volontarios, con un noble objetivo de crear un atlas del mundo gratuito.<\/div>\r\n\t<div>&nbsp;<\/div>\r\n\t<div>OpenStreetMap\u00a9 (OSM) recoge datos de calles, estaciones de trenes, r\u00edos, bosques, casas y otros puntos que aparecen normalmente en mapas. Dado que el equipo de OSM recoge todos los datos por si mismos y nos los copian de mapas existentes, el proyecto tiene todos los derechos. Los datos de OpenStreetMap se pueden emplear y reeditar por cualquiera bajo la licencia libre.<\/div>\r\n\t<div>&nbsp;<\/div>\r\n\t<div>Para m\u00e1s detalles sobre OSM:<br>\r\n\t  <a rel=\"nofollow\" href=\"https:\/\/wiki.openstreetmap.org\/wiki\/ES:P%C3%A1gina_principal\" target=\"_blank\">https:\/\/wiki.openstreetmap.org\/wiki\/ES:P%C3%A1gina_principal<\/a><br>\r\n\t  ENAiKOON da mucha importancia a los proyectos con beneficios para el p\u00fablico en general y para el mundo de la pol\u00edtica y negocios. El director general, <a href=\"https:\/\/www.enaikoon.com\/es\/acerca-de\/compania\/markus-semm\/\" title=\"Markus Semm\">Markus Semm<\/a>, es miembro de la Fundaci\u00f3n OSM. La empresa se ha involucrado con el proyecto OSM de diferentes maneras, que a\u00fanan intereses tanto comerciales y como sociales.<\/div>\r\n\t<div>&nbsp;<\/div>\r\n\t<div>ENAiKOON se encuentra en la OSM Wiki:<br>\r\n\t  <a rel=\"nofollow\" href=\"http:\/\/wiki.openstreetmap.org\/wiki\/ENAiKOON_GmbH\" target=\"_blank\">http:\/\/wiki.openstreetmap.org\/wiki\/ENAiKOON_GmbH<\/a><\/div>\r\n\t\r\n<\/div>\r\n\t\r\n\t<\/div>\r\n\t\r\n\t<div class=\"col-md-4\">\r\n\t<div class=\"gl_space_pageright\">\r\n\t <div class=\"gl_enaikoon_logo\"><img decoding=\"async\" src=\"https:\/\/www.enaikoon.com\/wp-content\/uploads\/2016\/07\/ENAiKOON-frosted-logo.png\" alt=\"ENAiKOON logo\" title=\"ENAiKOON logo\"\/><\/div>\r\n                    \r\n                <div><a class=\"gl_button_yellow\"  href=\"https:\/\/www.enaikoon.com\/es\/contacto\/consulte-a-un-experto\/\">Programe una cita<\/a><\/div>\r\n                    <div class=\"gl_introduction_contact\">\r\n                    <img decoding=\"async\" src=\"https:\/\/www.enaikoon.com\/wp-content\/uploads\/2016\/07\/icon_email.png\" alt=\"\"\/>\r\n                    <p class=\"gl_text_space\"><a rel=\"nofollow\" href=\"mailto:sales@enaikoon.com\">sales@enaikoon.com<\/a><\/p>\r\n                    <\/div>\r\n                <div class=\"gl_introduction_contact\">\r\n                    <p class=\"gl_text_space\"><img decoding=\"async\" src=\"https:\/\/www.enaikoon.com\/wp-content\/uploads\/2016\/07\/icon_phone1.png\" alt=\"\"\/>\r\n                    +49 30 397475-30<\/p><\/div>\r\n                <div class=\"gl_introduction_contact\">\r\n                    <p class=\"gl_text_space\"><img decoding=\"async\" src=\"https:\/\/www.enaikoon.com\/wp-content\/uploads\/2016\/07\/icon_phone2.png\" alt=\"\"\/>\r\n                    +49 30 397475-40<\/p><\/div>\r\n\t<div>&nbsp;<\/div>\r\n\t<div class=\"clearfix\"><img decoding=\"async\" src=\"https:\/\/www.enaikoon.com\/wp-content\/uploads\/2016\/07\/new-osm_logo_16.png\" align=\"left\" alt=\"\"\/><\/div>\r\n\t<\/div>\r\n\t<\/div>\r\n\t\r\n\t<div class=\"gl_row_space\"><\/div>\r\n\t<div class=\"gl_line\">&nbsp;<\/div>\r\n\t\r\n\t<div class=\"col-md-4\">\r\n\t\r\n\t<div class=\"gl_h11\"><a href=\"https:\/\/www.enaikoon.com\/es\/acerca-de\/openstreetmap-es\/proyectos-sociales\/\">Proyectos sociales<\/a><br>&nbsp;<\/div>\r\n\t<div>&nbsp;<\/div>\r\n\t<div>ENAiKOON est\u00e1 comprometido con diferentes proyectos de forma totalmente altruista.<\/div>\r\n\t<div>&nbsp;<\/div>\r\n\t<ul class=\"gl_space_ul2\">\r\n\t\t<li class=\"gl_space_li\"><a href=\"https:\/\/www.enaikoon.com\/es\/acerca-de\/openstreetmap-es\/proyectos-sociales\/\" title=\"proyectos sociales\">Creaci\u00f3n de mapas con estudiantes de Primaria<\/a><\/li>\t\r\n\t<\/ul>\r\n\t\r\n\t<\/div>\r\n\t\t\r\n\t<div class=\"col-md-4\">\r\n\t\r\n\t<div class=\"gl_h11\"><a href=\"https:\/\/www.enaikoon.com\/es\/acerca-de\/openstreetmap-es\/proyectos-semisociales-semicomerciales\/\">Proyectos semisociales \/ <br>semicomerciales<\/a><\/div>\r\n\t<div>&nbsp;<\/div>\r\n\t<div>Estos proyectos tienen un car\u00e1cter mixto. Es decir, nuestro compromiso va m\u00e1s all\u00e1 de nuestro inter\u00e9s comercial.<\/div>\r\n\r\n\t<div>&nbsp;<\/div>\r\n\t<ul class=\"gl_space_ul2\">\r\n\t\t<li class=\"gl_space_li\"><a href=\"https:\/\/www.enaikoon.com\/es\/acerca-de\/openstreetmap-es\/proyectos-semisociales-semicomerciales\/\">Capacidad de carga de los servidores tile<\/a><\/li>\r\n\t\t<li class=\"gl_space_li\"><a href=\"https:\/\/www.enaikoon.com\/es\/acerca-de\/openstreetmap-es\/proyectos-semisociales-semicomerciales\/\">Monitoreo de peaje<\/a><\/li>\r\n\t\r\n\t<\/ul>\r\n\t\r\n\t<\/div>\r\n\t\r\n\t<div class=\"col-md-4\">\r\n\t\r\n\t<div class=\"gl_h11\"><a href=\"https:\/\/www.enaikoon.com\/es\/acerca-de\/openstreetmap-es\/proyectos-comerciales\/\">Proyectos comerciales<\/a><br>&nbsp;<\/div>\r\n\t<div>&nbsp;<\/div>\r\n\t<div>Los datos del mapa OSM son una parte importante de nuestro software. Gran parte de nuestros clientes usan los mapas diariamente para gestionar sus flotas de la forma m\u00e1s eficiente.<\/div>\r\n\t<div>&nbsp;<\/div>\r\n\t<ul class=\"gl_space_ul2\">\r\n\t\t<li class=\"gl_space_li\"><a href=\"https:\/\/www.enaikoon.com\/es\/acerca-de\/openstreetmap-es\/proyectos-comerciales\/\" title=\"link\">Integraci\u00f3n del OSM en inViu<\/a><\/li>\r\n\t\t<li class=\"gl_space_li\"><a href=\"https:\/\/www.enaikoon.com\/es\/acerca-de\/openstreetmap-es\/proyectos-comerciales\/\" title=\"link\">Geocodificaci\u00f3n inversa de un registro <br>de veh\u00edculo en datos OSM<\/a><\/li>\t\t\r\n\t<\/ul>\r\n\t\r\n\t<\/div>\r\n\t\r\n<\/div>\t\r\n<div class=\"gl_space_pagebottom\">&nbsp;<\/div>\r\n\r\n<\/div>\t","protected":false},"excerpt":{"rendered":"","protected":false},"author":7,"featured_media":0,"parent":7415,"menu_order":0,"comment_status":"closed","ping_status":"closed","template":"","meta":{"footnotes":""},"acf":[],"_links":{"self":[{"href":"https:\/\/www.enaikoon.com\/es\/wp-json\/wp\/v2\/pages\/6403"}],"collection":[{"href":"https:\/\/www.enaikoon.com\/es\/wp-json\/wp\/v2\/pages"}],"about":[{"href":"https:\/\/www.enaikoon.com\/es\/wp-json\/wp\/v2\/types\/page"}],"author":[{"embeddable":true,"href":"https:\/\/www.enaikoon.com\/es\/wp-json\/wp\/v2\/users\/7"}],"replies":[{"embeddable":true,"href":"https:\/\/www.enaikoon.com\/es\/wp-json\/wp\/v2\/comments?post=6403"}],"version-history":[{"count":8,"href":"https:\/\/www.enaikoon.com\/es\/wp-json\/wp\/v2\/pages\/6403\/revisions"}],"predecessor-version":[{"id":11709,"href":"https:\/\/www.enaikoon.com\/es\/wp-json\/wp\/v2\/pages\/6403\/revisions\/11709"}],"up":[{"embeddable":true,"href":"https:\/\/www.enaikoon.com\/es\/wp-json\/wp\/v2\/pages\/7415"}],"wp:attachment":[{"href":"https:\/\/www.enaikoon.com\/es\/wp-json\/wp\/v2\/media?parent=6403"}],"curies":[{"name":"wp","href":"https:\/\/api.w.org\/{rel}","templated":true}]}}