{"id":6399,"date":"2016-08-01T09:09:52","date_gmt":"2016-08-01T09:09:52","guid":{"rendered":"https:\/\/www.enaikoon.com\/?page_id=6399"},"modified":"2017-11-19T15:47:13","modified_gmt":"2017-11-19T15:47:13","slug":"que-es-la-telematica","status":"publish","type":"page","link":"https:\/\/www.enaikoon.com\/es\/acerca-de\/que-es-la-telematica\/","title":{"rendered":"\u00bfqu\u00e9 es la telem\u00e1tica?"},"content":{"rendered":"<div style=\"height:50px;\"><\/div>\r\n<div class=\"row\">\r\n\r\n\t<div class=\"col-md-8\">\r\n\t\r\n\t<div class=\"gl_space_pageleft2\">\r\n    \r\n    <div class=\"gl_h2big\">\u00bfQu\u00e9 es la telem\u00e1tica?<\/div>\r\n<div class=\"gl_space_top10\"><\/div>\r\n    <p>La telem&aacute;tica se refiere al uso&nbsp;de tecnolog&iacute;as de la <strong>tele<\/strong>comunicaci&oacute;n y de la infor<strong>m&aacute;tica<\/strong>, donde se combinan las tecnolog&iacute;as de la comunicaci&oacute;n de voz, datos y v&iacute;deo. <br>\r\n      <br>\r\n    Esta combinaci&oacute;n permite lo siguiente: <\/p>\r\n\t<div class=\"gl_space_top10\"><\/div>\r\n\t <div class=\"gl_ul_style1\">\r\n        <ul>\r\n    \t <li>Recibir y enviar informaci&oacute;n a trav&eacute;s de los   dispositivos de telecomunicaciones &#8211; vea la gama de dispositivos de   ENAiKOON haciendo clic <a href=\"https:\/\/www.enaikoon.com\/es\/dispositivos\/\">aqu&iacute;.<\/a><br>\r\n    <\/li>\r\n    <li>Monitorizar, registrar y analizar esta informaci&oacute;n combinado con localizaci&oacute;n remota de objetos &#8211; nuestro potente portal web, <a href=\"https:\/\/www.enaikoon.com\/es\/software-es\/\">inViu <\/a> recibe, registra, analiza y monitoriza m&aacute;s de 25.000 objetos m&oacute;viles en tiempo real.<br>\r\n    <\/li>\r\n    <li>La telem&aacute;tica y <a href=\"https:\/\/www.enaikoon.com\/es\/solucion\/\">las soluciones de ENAiKOON<\/a> no se limitan s&oacute;lo a la tecnolog&iacute;a Global Positioning System, sino que   se combina e integra con tecnolog&iacute;as de comunicaci&oacute;n web y m&oacute;viles.<br>\r\n    <\/li>\r\n    <li>Se suelen aplicar a veh&iacute;culos y para el control   y gesti&oacute;n de flotas, pero tambi&eacute;n se puede aplicar esta tecnolog&iacute;a en   cualquier sector. Eche un vistazo a nuestros <a href=\"https:\/\/www.enaikoon.com\/es\/solucion\/casos-practicos\/alquiler-para-construccion\/\">casos pr&aacute;cticos.<\/a><\/li>\r\n        <\/ul>\r\n\t<\/div>\r\n\r\n<\/div>\r\n\t\r\n\t<\/div>\r\n\t\r\n\t<div class=\"col-md-4\">\r\n\t\r\n\t<div class=\"gl_space_pageright2\">\r\n\t\r\n\t   \t\t\t\t<div class=\"gl_enaikoon_logo\"><img decoding=\"async\" src=\"https:\/\/www.enaikoon.com\/wp-content\/uploads\/2016\/07\/ENAiKOON-frosted-logo.png\" alt=\"\"\/><\/div>\r\n                    <div><a class=\"gl_button_yellow\"  href=\"https:\/\/www.enaikoon.com\/es\/contacto\/consulte-a-un-experto\/\">Programe una cita<\/a><\/div>\r\n               \r\n                    <div class=\"gl_introduction_contact\">\r\n                    <img decoding=\"async\" src=\"https:\/\/www.enaikoon.com\/wp-content\/uploads\/2016\/07\/icon_email.png\" alt=\"\"\/>\r\n                    <p class=\"gl_text_space\"><a rel=\"nofollow\" href=\"mailto:sales@enaikoon.com\">sales@enaikoon.com<\/a><\/p>\r\n                    <\/div>\r\n                <div class=\"gl_introduction_contact\">\r\n                    <p class=\"gl_text_space\"><img decoding=\"async\" src=\"https:\/\/www.enaikoon.com\/wp-content\/uploads\/2016\/07\/icon_phone1.png\" alt=\"\"\/>\r\n                    +49 30 397475-30<\/p><\/div>\r\n                <div class=\"gl_introduction_contact\">\r\n                    <p class=\"gl_text_space\"><img decoding=\"async\" src=\"https:\/\/www.enaikoon.com\/wp-content\/uploads\/2016\/07\/icon_phone2.png\" alt=\"\"\/>\r\n                    +49 30 397475-40<\/p><\/div>\r\n             \r\n\t<\/div>\r\n    \r\n    <\/div>\r\n\r\n\t<div class=\"gl_row_space\"><\/div>\r\n\t<div class=\"gl_line\"><\/div>\r\n\t\r\n\r\n<\/div>\r\n\r\n\r\n<div class=\"row\">\r\n\r\n\t\r\n\t<div class=\"col-md-4\"> <div class=\"gl_h2big\">\r\nLiderando la <br\/>tecnolog\u00eda telem\u00e1tica\r\n<\/div>\r\n    <div class=\"gl_space_top5\"><p class=\"gl_space_right10\">ENAiKOON ofrece a un precio asequible la tecnolog\u00eda punta para la telem\u00e1tica y las aplicaciones de telemetr\u00eda. ENAiKOON emplea el posicionamiento satelital mediante la comuniaci\u00f3n GPS (Sistema de Posicionamiento Global) a trav\u00e9s de Inmarsat y ayudado con las redes de transmisi\u00f3n m\u00f3vil (GSM: Sistema Global para Comunicaciones M\u00f3viles). Esto permite controles autom\u00e1ticos, medidas y regulaciones, as\u00ed como el posicionamiento global, que se lleva a cabo con exactitud hasta unos pocos metros de margen.<\/p><\/div>\r\n    <\/div>\r\n\r\n\t<div class=\"col-md-4\"><div class=\"gl_space_top90\"><p class=\"gl_space_right10\">\r\n   Los comandos de control pueden ser emitidos a trav\u00e9s de comunicaci\u00f3n de datos m\u00f3vil (GSM) o por sat\u00e9lite, y los resultados y los eventos se pueden registrar, a trav\u00e9s de Internet, tel\u00e9fono, fax, email, SMS, llamadas de datos o GPRS. Esto permite que se reduzca al m\u00ednimo o al completo la intensa labor de vigilancia, y en algunos casos hace que el control sea eficaz por primera vez.<\/p><\/div>\r\n\r\n    <\/div>\r\n\r\n\t<div class=\"col-md-4\">\r\n    \r\n<div class=\"gl_space_top90\"><p class=\"gl_space_right10\">\r\nLa telem\u00e1tica y la tecnolog\u00eda de telemetr\u00eda ha ido evolucionando constantemente, y los dispositivos se han convertido en asequibles y fiables. Los costes de las comunicaciones m\u00f3viles son lo suficientemente peque\u00f1os para ser ignorados. Es por eso que nosotros no consideramos la telem\u00e1tica como una soluci\u00f3n de nicho de mercado: la relaci\u00f3n coste-beneficio de la tecnolog\u00eda se ha desarrollado de tal manera positiva que en la actualidad ya hay innumerables posibilidades de aplicaci\u00f3n que se puede llevar a cabo de manera eficiente.<\/p><\/div>\r\n\r\n    <\/div>\r\n\r\n\r\n\t<div class=\"gl_row_space\"><\/div>\r\n\t<div class=\"gl_line\"><\/div>\r\n\t\r\n\r\n<\/div>\r\n\r\n\r\n<div class=\"row\">\r\n\r\n\t\r\n\t<div class=\"col-md-4\">\r\n\t\r\n\t\r\n\t\t<div class=\"image_center\"><a href=\"https:\/\/www.enaikoon.com\/es\/contacto\/consulte-a-un-experto\/\" title=\"Schedule an appointment\"><img decoding=\"async\" src=\"https:\/\/www.enaikoon.com\/wp-content\/uploads\/2016\/07\/Callback-icon_23.png\" alt=\"get in touch with an ENAiKOON telematics expert\" border=\"0\"\/><\/a><\/div>\r\n\r\n\t<div class=\"gl_h4big\"><a href=\"https:\/\/www.enaikoon.com\/es\/contacto\/consulte-a-un-experto\/\">Especifique una hora de contacto<\/a><\/div>\r\n\t<div  class=\"gl_space_right10\">\u00bfTiene una agenda apretada? Nuestros expertos le llamar\u00e1n gratuitamente <a href=\"https:\/\/www.enaikoon.com\/es\/contacto\/contacto\/\">a la hora que nos indique (de 8:30 a 17:30 CET)<\/a><\/div>\r\n\t\r\n\t<\/div>\r\n\t\r\n\t<div class=\"col-md-4\">\r\n\t\r\n\t\r\n\t\t<div class=\"image_center\"><a href=\"https:\/\/www.enaikoon.com\/es\/blog\/\"  title=\"ENAiKOON Blog\"><img decoding=\"async\" src=\"https:\/\/www.enaikoon.com\/wp-content\/uploads\/2016\/07\/blog-icon_6e3a10.png\" alt=\"Read the ENAiKOON Blog to learn more about telematics\"  border=\"0\" \/><\/a><\/div>\r\n\r\n\t<div class=\"gl_h4big\"><a href=\"https:\/\/www.enaikoon.com\/es\/blog\/\">BLOG<\/a><\/div>\r\n\t<div>P\u00f3ngase en contacto con usuarios con experiencia y t\u00e9cnicos de ENAiKOON <a href=\"https:\/\/www.enaikoon.com\/es\/blog\/\">para sacar el m\u00e1ximo partido de inViu y nuestras soluciones telem\u00e1ticas<\/a><\/div>\r\n\t\r\n\t<\/div>\r\n\t\r\n\t<div class=\"col-md-4\"><div class=\"gl_space_right10\">\r\n\t\r\n\r\n\t\t<div class=\"image_center\"><a href=\"https:\/\/www.enaikoon.com\/es\/contacto\/prueba-gratuita\/\" title=\"\u00a1Pru\u00e9belo ahora!\"><img decoding=\"async\" src=\"https:\/\/www.enaikoon.com\/wp-content\/uploads\/2016\/07\/Try-n-Buy-icon_11.png\"  alt=\"Pruebe nuestro kit de prueba gratuito y descubra los beneficios de los servicios de telem\u00e1tica de ENAiKOON\" border=\"0\" \/><\/a><\/div>\r\n\r\n\t\t<div class=\"gl_h4big\"><a href=\"https:\/\/www.enaikoon.com\/es\/contacto\/prueba-gratuita\/\">Kit de prueba gratuito<\/a><\/div>\r\n<div>inViu demo es el primer paso para conseguir una soluci\u00f3n telem\u00e1tica\r\nde ENAiKOON.<br\/>\r\n<a href=\"https:\/\/www.enaikoon.com\/es\/contacto\/prueba-gratuita\/\">\u00a1Solicite ahora un kit de prueba gratuito<\/a><\/div>\r\n\r\n\t<\/div>\r\n\t\r\n\r\n<div class=\"gl_space_pagebot\">&nbsp;<\/div>\r\n\r\n<\/div>","protected":false},"excerpt":{"rendered":"","protected":false},"author":7,"featured_media":0,"parent":7415,"menu_order":0,"comment_status":"closed","ping_status":"closed","template":"","meta":{"footnotes":""},"acf":[],"_links":{"self":[{"href":"https:\/\/www.enaikoon.com\/es\/wp-json\/wp\/v2\/pages\/6399"}],"collection":[{"href":"https:\/\/www.enaikoon.com\/es\/wp-json\/wp\/v2\/pages"}],"about":[{"href":"https:\/\/www.enaikoon.com\/es\/wp-json\/wp\/v2\/types\/page"}],"author":[{"embeddable":true,"href":"https:\/\/www.enaikoon.com\/es\/wp-json\/wp\/v2\/users\/7"}],"replies":[{"embeddable":true,"href":"https:\/\/www.enaikoon.com\/es\/wp-json\/wp\/v2\/comments?post=6399"}],"version-history":[{"count":9,"href":"https:\/\/www.enaikoon.com\/es\/wp-json\/wp\/v2\/pages\/6399\/revisions"}],"predecessor-version":[{"id":11707,"href":"https:\/\/www.enaikoon.com\/es\/wp-json\/wp\/v2\/pages\/6399\/revisions\/11707"}],"up":[{"embeddable":true,"href":"https:\/\/www.enaikoon.com\/es\/wp-json\/wp\/v2\/pages\/7415"}],"wp:attachment":[{"href":"https:\/\/www.enaikoon.com\/es\/wp-json\/wp\/v2\/media?parent=6399"}],"curies":[{"name":"wp","href":"https:\/\/api.w.org\/{rel}","templated":true}]}}