{"id":6393,"date":"2016-08-01T09:06:42","date_gmt":"2016-08-01T09:06:42","guid":{"rendered":"https:\/\/www.enaikoon.com\/?page_id=6393"},"modified":"2017-11-19T15:51:44","modified_gmt":"2017-11-19T15:51:44","slug":"media","status":"publish","type":"page","link":"https:\/\/www.enaikoon.com\/es\/recursos\/media\/","title":{"rendered":"media"},"content":{"rendered":"<div style=\"height:50px\"><\/div>\r\n<div class=\"row\">\r\n\t\t<div class=\"col-md-12\">\r\n\t\t\r\n<div class=\"gl_h2big\">\r\nV\u00eddeos\r\n<\/div>\r\n<div><a rel=\"nofollow\" href=\"https:\/\/www.enaikoon.com\/fileadmin\/enaikoon\/Dateien\/pdf\/Presse\/Filme\/2009_09_Polizei_Brandenburg_nutzt_ENAiKOON_GPS.AVI\" target=\"_blank\"><img decoding=\"async\" src=\"https:\/\/www.enaikoon.com\/wp-content\/uploads\/2016\/07\/avi.gif\" alt=\"\" class=\"gl_space_right5\">La Polic\u00eda de Brandenburg usa ENAiKOON GPS.avi<\/a><\/div>\r\n<div class=\"gl_space_top5\"><a rel=\"nofollow\" href=\"https:\/\/www.enaikoon.com\/fileadmin\/enaikoon\/Dateien\/pdf\/Presse\/Filme\/2007-02_Pro_Sieben_Planetopia.mov\" target=\"_blank\"><img decoding=\"async\" src=\"https:\/\/www.enaikoon.com\/wp-content\/uploads\/2016\/07\/avi.gif\" alt=\"\" class=\"gl_space_right5\">Pro Sieben Planetopia.mov<\/a><\/div>\r\n   \r\n<div class=\"gl_space_top30\"><\/div>\r\n\r\n<div class=\"gl_h2big\">Audio<\/div>\r\n<div class=\"gl_space_top10\"><\/div>\r\n<p><a rel=\"nofollow\" href=\"https:\/\/www.enaikoon.com\/fileadmin\/enaikoon\/Dateien\/pdf\/Presse\/audio\/James_Bond_Technik_auf_dem_Handy-WDR.MP3\" target=\"_blank\">T\u00e9cnica James Bond desde el m\u00f3vil (alem\u00e1n)<\/a><br\/>\r\n<span style=\"color:#444444;\">publicado por Funkhaus Europa WDR, autor: Melih Serter<\/span><\/p>\r\n   <div class=\"gl_space_top30\"><\/div>\r\n\r\n<div class=\"gl_h2big\">Tesis licenciatura<\/div>\r\n<div class=\"gl_space_top10\"><\/div>\r\n   <p style=\"width:620px;\"><a rel=\"nofollow\" href=\"https:\/\/www.enaikoon.com\/fileadmin\/enaikoon_2011\/DEVICES\/Locate_series\/locate-18\/Diebstahlsicherung_von_Rohholz_mittels_GPS_gestuetzter_Verfahren.pdf\" target=\"_blank\">Diebstahlsicherung von Rohholz mittels GPS-gest\u00fctzter Verfahren<\/a><br\/>\r\n   <span style=\"color:#444444;\">en la carrera \u00abForstwirtschaft\u00bb de la \u00abHochschule f\u00fcr angewandte<br\/>\r\nWissenschaft und Kunst, G\u00f6ttingen\u00bb<br\/>\r\ncreado por Tim Eickmann, 02.05.2012<\/span><br>\r\n<span style=\"color:#999999;\">\r\n       Esta tesis de final de carrera s\u00f3lo se debe publicar en la versi\u00f3n proporcionada por el autor. No se permiten reducciones, modificaciones o similares. Cualquier otro uso debe ser aprobado por el autor.<\/span><\/h5>\r\n <\/p>\r\n        <\/div> \r\n        \r\n <div class=\"gl_row_space\"><\/div>\r\n <\/div> <div class=\"row\"> \r\n\t<div class=\"gl_line\"><\/div>\r\n\r\n\t<div class=\"row\"><\/div> \r\n\t<div class=\"col-md-4\">\r\n\t\r\n\t<div class=\"image_center\"><a href=\"https:\/\/www.enaikoon.com\/es\/contacto\/consulte-a-un-experto\/\" title=\"Reserve hora para una llamada\"><img decoding=\"async\" src=\"https:\/\/www.enaikoon.com\/wp-content\/uploads\/2016\/07\/Callback-icon_23.png\" alt=\"Reserve hora para una llamada\"  border=\"0\"\/><\/a><\/div>\r\n\r\n\t<div class=\"gl_h4big\"><a href=\"https:\/\/www.enaikoon.com\/es\/contacto\/consulte-a-un-experto\/\">Especifique una hora de contacto<\/a><\/div>\r\n\t<div>\u00bfTiene una agenda apretada? Nuestros expertos le llamar\u00e1n gratuitamente <a href=\"https:\/\/www.enaikoon.com\/es\/contacto\/contacto\/\">a la hora que nos indique (de 8:30 a 17:30 CET)<\/a><\/div>\r\n\t\r\n\t<\/div>\r\n\t\r\n\t<div class=\"col-md-4\">\r\n<div class=\"image_center\"><a href=\"https:\/\/www.enaikoon.com\/es\/contacto\/prueba-gratuita\/\" title=\"\u00a1Pru\u00e9belo ahora!\"><img decoding=\"async\" src=\"https:\/\/www.enaikoon.com\/wp-content\/uploads\/2016\/07\/Try-n-Buy-icon_11.png\"  alt=\"Pruebe nuestro kit de prueba gratuito y descubra los beneficios de los servicios de telem\u00e1tica de ENAiKOON\" border=\"0\" \/><\/a><\/div>\r\n\r\n\t\t<div class=\"gl_h4big\"><a href=\"https:\/\/www.enaikoon.com\/es\/contacto\/prueba-gratuita\/\">Kit de prueba gratuito<\/a><\/div>\r\n\t\t<div>inViu demo es el primer paso para conseguir una soluci\u00f3n telem\u00e1tica<br>\r\n              de ENAiKOON.<br>\r\n              <a href=\"https:\/\/www.enaikoon.com\/es\/contacto\/prueba-gratuita\/\">\u00a1Solicite ahora un kit de prueba gratuito!<\/a><\/div>\r\n\r\n\t<\/div>\r\n\t\r\n\t<div class=\"col-md-4\">\r\n<div class=\"gl_space_right10\">\r\n<div class=\"image_center\"><a href=\"https:\/\/www.enaikoon.com\/es\/blog\/\" title=\"ENAiKOON Blog\"><img decoding=\"async\" src=\"https:\/\/www.enaikoon.com\/wp-content\/uploads\/2016\/07\/blog-icon_6e3a10.png\" alt=\"Read the ENAiKOON Blog to learn more about telematics\"  border=\"0\" \/><\/a><\/div>\r\n\r\n\t<div class=\"gl_h4big\"><a href=\"https:\/\/www.enaikoon.com\/es\/blog\/\">BLOG<\/a><\/div>\r\n\t<div>P\u00f3ngase en contacto con usuarios con experiencia y t\u00e9cnicos de ENAiKOON <a href=\"https:\/\/www.enaikoon.com\/es\/blog\/\">para sacar el m\u00e1ximo partido de inViu y nuestras soluciones telem\u00e1ticas<\/a><\/div>\r\n<\/div>\r\n\r\n\t<\/div>\r\n\t\r\n\r\n<div class=\"gl_space_pagebot\">&nbsp;<\/div>\r\n\r\n<\/div>","protected":false},"excerpt":{"rendered":"","protected":false},"author":7,"featured_media":0,"parent":7419,"menu_order":0,"comment_status":"closed","ping_status":"closed","template":"","meta":{"footnotes":""},"acf":[],"_links":{"self":[{"href":"https:\/\/www.enaikoon.com\/es\/wp-json\/wp\/v2\/pages\/6393"}],"collection":[{"href":"https:\/\/www.enaikoon.com\/es\/wp-json\/wp\/v2\/pages"}],"about":[{"href":"https:\/\/www.enaikoon.com\/es\/wp-json\/wp\/v2\/types\/page"}],"author":[{"embeddable":true,"href":"https:\/\/www.enaikoon.com\/es\/wp-json\/wp\/v2\/users\/7"}],"replies":[{"embeddable":true,"href":"https:\/\/www.enaikoon.com\/es\/wp-json\/wp\/v2\/comments?post=6393"}],"version-history":[{"count":8,"href":"https:\/\/www.enaikoon.com\/es\/wp-json\/wp\/v2\/pages\/6393\/revisions"}],"predecessor-version":[{"id":17595,"href":"https:\/\/www.enaikoon.com\/es\/wp-json\/wp\/v2\/pages\/6393\/revisions\/17595"}],"up":[{"embeddable":true,"href":"https:\/\/www.enaikoon.com\/es\/wp-json\/wp\/v2\/pages\/7419"}],"wp:attachment":[{"href":"https:\/\/www.enaikoon.com\/es\/wp-json\/wp\/v2\/media?parent=6393"}],"curies":[{"name":"wp","href":"https:\/\/api.w.org\/{rel}","templated":true}]}}