{"id":6389,"date":"2016-08-01T09:04:47","date_gmt":"2016-08-01T09:04:47","guid":{"rendered":"https:\/\/www.enaikoon.com\/?page_id=6389"},"modified":"2017-11-19T15:50:16","modified_gmt":"2017-11-19T15:50:16","slug":"instrucciones-de-instalacion","status":"publish","type":"page","link":"https:\/\/www.enaikoon.com\/es\/recursos\/instrucciones-de-instalacion\/","title":{"rendered":"Instrucciones de instalacion"},"content":{"rendered":"<div class=\"row\">\r\n\r\n<div class=\"gl_space_page\">\r\n\r\n\t<div class=\"col-md-12\">\r\n\t\r\n\t<h2>Gu\u00edas de instalaci\u00f3n<\/h2>\r\n\t<div>Acceso   a la lista completa de gu\u00edas de instalaci\u00f3n para la serie Locate y   otros aparatos as\u00ed como a los manuales de usuario de nuestras   <br\/>aplicaciones inViu NFC-tracker e inViu routes.<\/div>\r\n\t<div>&nbsp;<\/div>\r\n\t\r\n\t<\/div>\r\n\t\r\n\t<div class=\"gl_row_space\"><\/div>\r\n\t\r\n\t<div class=\"col-md-4\">\r\n\t\r\n\t<div class=\"gl_h4big\">locate-03<\/div>\r\n\t<div><a class=\"gl_button_grey\" rel=\"nofollow\" href=\"https:\/\/www.enaikoon.com\/fileadmin\/enaikoon\/Dateien\/pdf\/Einbauanleitung\/locate-03\/spanisch\/Installation_ENAiKOON_locate-03.pdf\" target=\"_blank\">locate-03 VCC<\/a><\/div>\r\n\t<div>&nbsp;<\/div>\r\n\t<div class=\"gl_h4big\">locate-04<\/div>\r\n\t<div><a class=\"gl_button_grey\" h rel=\"nofollow\" href=\"https:\/\/www.enaikoon.com\/fileadmin\/enaikoon\/Dateien\/pdf\/Einbauanleitung\/locate-04\/spanisch\/Instalacion_ENAiKOON_locate-04_a_VCC.pdf\" target=\"_blank\">locate-04 VCC<\/a><\/div>\r\n\t<div>&nbsp;<\/div>\r\n\t<div class=\"gl_h4big\">locate-06 con \/ en<\/div>\r\n\t<div><a class=\"gl_button_grey\" rel=\"nofollow\" href=\"https:\/\/www.enaikoon.com\/fileadmin\/enaikoon\/Dateien\/pdf\/Einbauanleitung\/locate-06\/spanisch\/Installation_ENAiKOON_locate-06_to_the_power_supply.pdf\" target=\"_blank\">VCC<\/a><\/div>\r\n\t<div><a class=\"gl_button_grey\" rel=\"nofollow\" href=\"https:\/\/www.enaikoon.com\/fileadmin\/enaikoon\/Dateien\/pdf\/Einbauanleitung\/locate-06\/spanisch\/Installation_ENAiKOON_locate-06_with_ENAiKOON_driver-id.pdf\" target=\"_blank\">driver-id<\/a><\/div>\r\n\t<div><a class=\"gl_button_grey\" rel=\"nofollow\" href=\"https:\/\/www.enaikoon.com\/fileadmin\/enaikoon\/Dateien\/pdf\/Einbauanleitung\/locate-06\/spanisch\/Installation_ENAiKOON_locate-06_with_ENAiKOON_driver-id_and_buzzer.pdf\" target=\"_blank\">driver-id + buzzer<\/a><\/div>\r\n\t<div><a class=\"gl_button_grey\" rel=\"nofollow\" href=\"https:\/\/www.enaikoon.com\/fileadmin\/enaikoon\/Dateien\/pdf\/Einbauanleitung\/locate-06\/spanisch\/Installation_ENAiKOON_locate-06_with_ENAiKOON_driver-id_and_buzzer_and_switch.pdf\" target=\"_blank\">driver-id + buzzer + switch<\/a><\/div>\r\n\t<div><a class=\"gl_button_grey\" rel=\"nofollow\" href=\"https:\/\/www.enaikoon.com\/fileadmin\/enaikoon\/Dateien\/pdf\/Einbauanleitung\/locate-06\/spanisch\/Installation_ENAiKOON_locate-06_with_Garmin.pdf\"  target=\"_blank\">garmin<\/a><\/div>\r\n\t<div>&nbsp;<\/div>\r\n\t<div class=\"gl_h4big\">locate-19<\/div>\r\n\t<div><a class=\"gl_button_grey\" rel=\"nofollow\" href=\"https:\/\/www.enaikoon.com\/fileadmin\/enaikoon\/Dateien\/pdf\/Einbauanleitung\/locate-19\/spanisch\/Installation_ENAiKOON_locate-19_to_the_fuse_box.pdf\" target=\"_blank\">fuse-box<\/a><\/div>\r\n\t\r\n\t<\/div>\r\n\t\r\n\t<div class=\"col-md-4\">\r\n\t\r\n\t<div class=\"gl_h4big\">Inmarsat<\/div>\r\n\t<div><a class=\"gl_button_grey\" rel=\"nofollow\" href=\"https:\/\/www.enaikoon.com\/fileadmin\/enaikoon\/Dateien\/pdf\/Einbauanleitung\/inmarsat-D\/spanisch\/Installation_ENAiKOON_inmarsat-D.pdf\" target=\"_blank\">inmarsat-D<\/a><\/div>\r\n\t<div>&nbsp;<\/div>\r\n\t<div class=\"gl_h4big\">m\u00f3vil inViu NFC-tracker<\/div>\r\n\t<div><a class=\"gl_button_grey\" rel=\"nofollow\" href=\"https:\/\/www.enaikoon.com\/fileadmin\/enaikoon\/Dateien\/pdf\/Einbauanleitung\/NFC-tracker\/spanisch\/inViu_NFC-tracker_operation_and_user%20manual.pdf\" target=\"_blank\">nfc-tracker instalaci\u00f3n<\/a><\/div>\r\n\t<div>&nbsp;<\/div>\r\n\t<div class=\"gl_h4big\">m\u00f3vil inViu routes<\/div>\r\n\t<div><a class=\"gl_button_grey\"  rel=\"nofollow\" href=\"https:\/\/www.enaikoon.com\/fileadmin\/enaikoon\/Dateien\/pdf\/Einbauanleitung\/routes-how-to\/spanisch\/ENAiKOON_inViu_routes_guia_rapida.pdf\" target=\"_blank\">gu\u00eda r\u00e1pida<\/a><\/div>\r\n\t<div><a class=\"gl_button_grey\" rel=\"nofollow\" href=\"https:\/\/www.enaikoon.com\/fileadmin\/enaikoon\/Dateien\/pdf\/Einbauanleitung\/routes-tr\/spanisch\/inViu_routes_visualizar_trackables.pdf\"  target=\"_blank\">mostrar trackables<\/a><\/div>\r\n\t<div>&nbsp;<\/div>\r\n\t<div class=\"gl_h4big\">sensor de rastreo de combustible<\/div>\r\n\t<div><a class=\"gl_button_grey\" rel=\"nofollow\" href=\"https:\/\/www.enaikoon.com\/fileadmin\/enaikoon\/Dateien\/pdf\/Datenblatt\/fuel-level-manual\/spanisch\/ENAiKOON_fuel-tracker_sensor_manual_con_protocolo_de_datos_01.02.2016.pdf\" target=\"_blank\">fuel-level sensor manual<\/a><\/div>\r\n\t\r\n\t<\/div>\r\n\t\r\n\t<div class=\"col-md-4\">\r\n\t\r\n\t<div class=\"gl_h4big\">Acceda a las hojas de datos<br>\r\n            de nuestros productos<\/div>\r\n\t<div><a class=\"gl_button_yellow\" href=\"https:\/\/www.enaikoon.com\/es\/recursos\/hojas-de-datos\/\" >Hojas de datos<\/a><\/div>\r\n\t\r\n\t<\/div>\r\n\t\r\n\t<div class=\"gl_row_space\"><\/div>\r\n\t<div style=\"border-bottom:solid 1px #dddddd; width:97%; margin-top:5px; margin-left:15px; margin-bottom:80px;\">&nbsp;<\/div>\r\n\t\r\n<\/div>\t\r\n\r\n<\/div>\t","protected":false},"excerpt":{"rendered":"","protected":false},"author":7,"featured_media":0,"parent":7419,"menu_order":0,"comment_status":"closed","ping_status":"closed","template":"","meta":{"footnotes":""},"acf":[],"_links":{"self":[{"href":"https:\/\/www.enaikoon.com\/es\/wp-json\/wp\/v2\/pages\/6389"}],"collection":[{"href":"https:\/\/www.enaikoon.com\/es\/wp-json\/wp\/v2\/pages"}],"about":[{"href":"https:\/\/www.enaikoon.com\/es\/wp-json\/wp\/v2\/types\/page"}],"author":[{"embeddable":true,"href":"https:\/\/www.enaikoon.com\/es\/wp-json\/wp\/v2\/users\/7"}],"replies":[{"embeddable":true,"href":"https:\/\/www.enaikoon.com\/es\/wp-json\/wp\/v2\/comments?post=6389"}],"version-history":[{"count":9,"href":"https:\/\/www.enaikoon.com\/es\/wp-json\/wp\/v2\/pages\/6389\/revisions"}],"predecessor-version":[{"id":11712,"href":"https:\/\/www.enaikoon.com\/es\/wp-json\/wp\/v2\/pages\/6389\/revisions\/11712"}],"up":[{"embeddable":true,"href":"https:\/\/www.enaikoon.com\/es\/wp-json\/wp\/v2\/pages\/7419"}],"wp:attachment":[{"href":"https:\/\/www.enaikoon.com\/es\/wp-json\/wp\/v2\/media?parent=6389"}],"curies":[{"name":"wp","href":"https:\/\/api.w.org\/{rel}","templated":true}]}}