{"id":6373,"date":"2016-08-01T08:54:08","date_gmt":"2016-08-01T08:54:08","guid":{"rendered":"https:\/\/www.enaikoon.com\/?page_id=6373"},"modified":"2024-01-31T15:53:42","modified_gmt":"2024-01-31T15:53:42","slug":"aviso-legal","status":"publish","type":"page","link":"https:\/\/www.enaikoon.com\/es\/pie-de-pagina\/aviso-legal\/","title":{"rendered":"Aviso legal"},"content":{"rendered":"<div class=\"row\">\n<div class=\"gl_space_page\">\n\n<div class=\"col-md-7\">\n<div class=\"gl_h1big\">Aviso legal<\/div>\n<div>&nbsp;<\/div>\n<div class=\"gl_h4big\">Sede de la empresa y direcci\u00f3n postal<\/div>\n<div>ENAiKOON GmbH<\/div>\n<div>Scheelestr. 1a<\/div>\n<div>59929 Brilon<\/div>\n<div>Alemania<\/div>\n<div>&nbsp;<\/div>\n<div class=\"gl_h4big\">Datos de contacto<\/div>\n<div class=\"gl_introduction_contact\">\n<p class=\"gl_text_space\"><img decoding=\"async\" src=\"https:\/\/www.enaikoon.com\/wp-content\/uploads\/2016\/07\/icon_email.png\" alt=\"\" \/><a rel=\"nofollow\" href=\"mailto:sales@enaikoon.com\">sales@enaikoon.com<\/a><\/p>\n\n<\/div>\n<div class=\"gl_introduction_contact\">\n<p class=\"gl_text_space\"><img decoding=\"async\" src=\"https:\/\/www.enaikoon.com\/wp-content\/uploads\/2016\/07\/icon_phone1.png\" alt=\"\" \/>\n+49 30 397475-30<\/p>\n\n<\/div>\n<div class=\"gl_introduction_contact\">\n<p class=\"gl_text_space\"><img decoding=\"async\" src=\"https:\/\/www.enaikoon.com\/wp-content\/uploads\/2016\/07\/icon_phone2.png\" alt=\"\" \/>\n+49 30 397475-40<\/p>\n\n<\/div>\n<div>&nbsp;<\/div>\n<div class=\"gl_h4big\">Internet<\/div>\n<div><a rel=\"nofollow\" href=\"https:\/\/www.enaikoon.com\/\">www.enaikoon.com<\/a><\/div>\n<div>&nbsp;<\/div>\n<div class=\"gl_h4big\">Director General<\/div>\n<div>Markus Semm<\/div>\n<div>E-Mail: <a rel=\"nofollow\" href=\"mailto:msemm@enaikoon.com\">msemm@enaikoon.com<\/a><\/div>\n<div>&nbsp;<\/div>\n<div class=\"gl_h4big\">Datos bancarios<\/div>\n<div>Banco: Commerzbank<\/div>\n<div>SWIFT: DRESDEFF100<\/div>\n<div>IBAN: DE04 1008 0000 0566 1055 00<\/div>\n<div>&nbsp;<\/div>\n<div class=\"gl_h4big\">Registro comercial<\/div>\n<div>HRB 15208\nTribunal de Instancia de Arnsberg<\/div>\n<div>&nbsp;<\/div>\n<div class=\"gl_h4big\">N\u00famero de identificaci\u00f3n fiscal<\/div>\n<div>N\u00ba IVA internacional DE222933329<\/div>\n<\/div>\n\n<div class=\"col-md-5\">\n<div class=\"gl_space_left50 gl_space_right40\">\n<div><img decoding=\"async\" src=\"https:\/\/www.enaikoon.com\/wp-content\/uploads\/2016\/07\/ENAiKOON-frosted-logo.png\" alt=\"\" \/><\/div>\n<div>&nbsp;<\/div>\n<div class=\"gl_h4big\">Copyright<\/div>\n<div>ENAiKOON GmbH<\/div>\n<div>&nbsp;<\/div>\n<div>Todos los textos, im\u00e1genes, ilustraciones, sonidos, animaciones y v\u00eddeos y la plantilla de esta p\u00e1gina web est\u00e1n protegidos por copyright.<\/div>\n<div>&nbsp;<\/div>\n<div>\n<div>Copyright \u00a9 2002 &#8211; 2024<\/div>\n<div>ENAiKOON GmbH, 59929 Brilon, Alemania<\/div>\n<div>Todos los derechos reservados.<\/div>\n<\/div>\n<div>&nbsp;<\/div>\n<div>ENAiKOON permite el uso de sus contenidos s\u00f3lo para uso privado o uso interno de la empresa. El uso de dicha informaci\u00f3n para cualquier otro fin requiere la autorizaci\u00f3n por escrito de ENAiKOON GmbH.<\/div>\n<div>&nbsp;<\/div>\n<div>Los nombres de productos y marcas registradas de otros fabricantes o proveedores solo se facilitan para informar; por lo tanto, no se deben violar las marcas registradas.<\/div>\n<div>&nbsp;<\/div>\n<div>Fuente de las im\u00e1genes:\nENAiKOON, Fotolia, iStockphoto\u00ae\nAndroid es una marca registrada de Google Inc.<\/div>\n<div>&nbsp;<\/div>\n<div>Los datos de los mapas \u00a9OpenStreetMap se publican bajo la licencia <a href=\"http:\/\/opendatacommons.org\/licenses\/odbl\/\" target=\"_blank\" rel=\"nofollow\" noreferrer\">Open Database Licence (ODbL) 1.0<\/a> Los tiles est\u00e1n sujetos a la licencia <a href=\"https:\/\/creativecommons.org\/licenses\/by-sa\/2.0\/de\/\" target=\"_blank\" rel=\"nofollow\" noreferrer\">CC-BY-SA 2.0<\/a><\/div>\n<\/div>\n<\/div>\n<\/div>\n<div class=\"gl_row_space\"><\/div>\n<div class=\"gl_line\"><\/div>\n<div class=\"col-md-4\">\n<div class=\"gl_h4big\">Aviso<\/div>\n<div>ENAiKOON no tiene ninguna influencia en el contenido de las p\u00e1ginas que contienen links a enaikoon.com y no publicita el contenido<\/div>\n<\/div>\n\n<div class=\"col-md-4\">\n<div class=\"gl_h4big\">Sello de protecci\u00f3n de privacidad<\/div>\n<div class=\"gl_space_right10\">La privacidad y la protecci\u00f3n de datos es muy importante para ENAiKOON.Debido a al estricto cumplimiento de las leyes de protecci\u00f3n de datos de Alemania y a una constante revisi\u00f3n por parte de un funcionario independiente de privacidad y protecci\u00f3n de datos, estamos autorizados a usar el sello de protecci\u00f3n de datos.<\/div>\n<div>&nbsp;<\/div>\n<\/div>\n\n<div class=\"col-md-4\">\n\n<\/div>\n<div class=\"gl_row_space\"><\/div>\n<div class=\"gl_space_pagebottom\"><\/div>\n<\/div>","protected":false},"excerpt":{"rendered":"","protected":false},"author":7,"featured_media":0,"parent":7421,"menu_order":0,"comment_status":"closed","ping_status":"closed","template":"","meta":{"footnotes":""},"acf":[],"_links":{"self":[{"href":"https:\/\/www.enaikoon.com\/es\/wp-json\/wp\/v2\/pages\/6373"}],"collection":[{"href":"https:\/\/www.enaikoon.com\/es\/wp-json\/wp\/v2\/pages"}],"about":[{"href":"https:\/\/www.enaikoon.com\/es\/wp-json\/wp\/v2\/types\/page"}],"author":[{"embeddable":true,"href":"https:\/\/www.enaikoon.com\/es\/wp-json\/wp\/v2\/users\/7"}],"replies":[{"embeddable":true,"href":"https:\/\/www.enaikoon.com\/es\/wp-json\/wp\/v2\/comments?post=6373"}],"version-history":[{"count":43,"href":"https:\/\/www.enaikoon.com\/es\/wp-json\/wp\/v2\/pages\/6373\/revisions"}],"predecessor-version":[{"id":19045,"href":"https:\/\/www.enaikoon.com\/es\/wp-json\/wp\/v2\/pages\/6373\/revisions\/19045"}],"up":[{"embeddable":true,"href":"https:\/\/www.enaikoon.com\/es\/wp-json\/wp\/v2\/pages\/7421"}],"wp:attachment":[{"href":"https:\/\/www.enaikoon.com\/es\/wp-json\/wp\/v2\/media?parent=6373"}],"curies":[{"name":"wp","href":"https:\/\/api.w.org\/{rel}","templated":true}]}}