{"id":6363,"date":"2016-08-01T08:48:02","date_gmt":"2016-08-01T08:48:02","guid":{"rendered":"https:\/\/www.enaikoon.com\/?page_id=6363"},"modified":"2017-11-19T15:10:33","modified_gmt":"2017-11-19T15:10:33","slug":"asociese-con-nosotros","status":"publish","type":"page","link":"https:\/\/www.enaikoon.com\/es\/contacto\/asociese-con-nosotros\/","title":{"rendered":"as\u00f3ciese con nosotros"},"content":{"rendered":"<div class=\"gl_space_page\"><\/div>\r\n<div class=\"row\">\r\n\r\n\r\n\r\n\t<div class=\"col-md-8\">\r\n\t\r\n\t<div class=\"gl_space_pageleft2\">\r\n    \r\n    <div class=\"gl_h2big\">\u00bfQuiere asociarse con nosotros?<\/div>\r\n    <p>\r\n<span class=\"gl_solution_right_text_custom\" style=\"font-family:Times New Roman\">\u00abLa nueva generaci\u00f3n de aplicaciones telem\u00e1ticas para veh\u00edculos estimular\u00e1 la actividad comercial del mercado telem\u00e1tico hasta alcanzar los 11,2 billones de US$ en el a\u00f1o 2015.\u00bb<\/span><\/p><p style=\"margin-top:15px;\">\r\n<span style=\"color:#666; font-family:Times New Roman\">Global Industry Analysts, Inc. 2011<\/span><br\/><br\/>\r\n\r\n\u00bfEs usted un agente comercial? \u00bfTiene una empresa de distribuci\u00f3n?<br>\r\n\u00bfTrabaja con empresas que necesitan soluciones de telecomunicaciones en su entorno profesional? P.ej. industria de la construcci\u00f3n, empresas de transportes, flotas de veh\u00edculos o con muchos comerciales distribuidos por diferentes zonas.<br\/><br\/>\r\n\r\n\u00a1Nos gustar\u00eda conocerle!<br\/><br\/>\r\n\r\nPodemos ofrecerle colaborar con nosotros a largo plazo con unas comisiones muy interesantes, comercializando nuestros potentes productos que ofrecen soluciones para todo tipo de industria y sector profesional. No s\u00f3lo le iniciaremos en el mundo de la telem\u00e1tica, sino que le facilitaremos todas las herramientas de marketing que pueda necesitar.<\/p>\r\n\r\n\t\r\n<\/div>\r\n\t\r\n\t<\/div>\r\n\t\r\n\t<div class=\"col-md-4\">\r\n\t\r\n\t<div class=\"gl_space_pageright2\">\r\n\t\r\n\t\r\n\t\r\n\t   <div class=\"gl_enaikoon_logo\"><img decoding=\"async\" src=\"https:\/\/www.enaikoon.com\/wp-content\/uploads\/2016\/07\/ENAiKOON-frosted-logo.png\" alt=\"ENAiKOON logo\" title=\"ENAiKOON logo\"\/><\/div>\r\n                    \r\n               \r\n                    <div class=\"gl_introduction_contact\">\r\n                    <img decoding=\"async\" src=\"https:\/\/www.enaikoon.com\/wp-content\/uploads\/2016\/07\/icon_email.png\" alt=\"\"\/>\r\n                    <p class=\"gl_text_space\"><a rel=\"nofollow\" href=\"mailto:sales@enaikoon.com\">sales@enaikoon.com<\/a><\/p>\r\n                    <\/div>\r\n                <div class=\"gl_introduction_contact\">\r\n                    <p class=\"gl_text_space\"><img decoding=\"async\" src=\"https:\/\/www.enaikoon.com\/wp-content\/uploads\/2016\/07\/icon_phone1.png\" alt=\"\"\/>\r\n                    +49 30 397475-30<\/p><\/div>\r\n                <div class=\"gl_introduction_contact\">\r\n                    <p class=\"gl_text_space\"><img decoding=\"async\" src=\"https:\/\/www.enaikoon.com\/wp-content\/uploads\/2016\/07\/icon_phone2.png\" alt=\"\"\/>\r\n                    +49 30 397475-40<\/p><\/div>\r\n                 <div><a class=\"gl_button_blue\"  href=\"https:\/\/www.enaikoon.com\/es\/contacto\/asociese-con-nosotros\/asociese-con-nosotros\/\">Contacte con nosotros<\/a><\/div>\r\n               \r\n\t<\/div>\r\n\t<\/div>\r\n\r\n\t<div class=\"gl_row_space\"><\/div>\r\n\t<div class=\"gl_line\"><\/div>\r\n\t\r\n\r\n<\/div>\r\n\r\n\r\n<div class=\"row\">\r\n\r\n\t\r\n\t<div class=\"col-md-4\">\r\n\t\r\n\t<div class=\"clearfix\">\r\n\t\t<div class=\"gl_space_left30\"><a href=\"https:\/\/www.enaikoon.com\/es\/solucion\/casos-practicos\/alquiler-para-construccion\/\" title=\"ENAiKOON estudios de caso\"><img decoding=\"async\" src=\"https:\/\/www.enaikoon.com\/wp-content\/uploads\/2016\/07\/Case_1_62.png\" border=\"0\" alt=\"\"\/><\/a><\/div>\r\n\t<\/div>\r\n\t<div class=\"gl_h4big\"><a href=\"https:\/\/www.enaikoon.com\/es\/solucion\/casos-practicos\/alquiler-para-construccion\/\">Testimonios<\/a><\/div>\r\n\t<div>Lea lo que dicen nuestros clientes satisfechos sobre las <a href=\"https:\/\/www.enaikoon.com\/es\/solucion\/casos-practicos\/alquiler-para-construccion\/\"title=\"soluciones ENAiKOON\">soluciones ENAiKOON<\/a>.<\/div>\r\n\t\r\n\t<\/div>\r\n\t\r\n\t<div class=\"col-md-4\">\r\n\t\r\n\t<div class=\"clearfix\">\r\n\t\t<div class=\"gl_space_left30\"><a href=\"https:\/\/www.enaikoon.com\/es\/blog\/\" title=\"ENAiKOON Blog\"><img decoding=\"async\" src=\"https:\/\/www.enaikoon.com\/wp-content\/uploads\/2016\/07\/blog-icon_6e3a10.png\" border=\"0\" alt=\"Lea el blog de ENAiKOON para saber m\u00e1s sobre telem\u00e1tica\"\/><\/a><\/div>\r\n\t<\/div>\r\n\t<div class=\"gl_h4big\"><a href=\"https:\/\/www.enaikoon.com\/es\/blog\/\">BLOG<\/a><\/div>\r\n\t<div>P\u00f3ngase en contacto con usuarios con experiencia y t\u00e9cnicos <br>de ENAiKOON <a href=\"https:\/\/www.enaikoon.com\/es\/blog\/\">para sacar el m\u00e1ximo partido de inViu y nuestras soluciones telem\u00e1ticas<\/a><\/div>\r\n\t\r\n\t<\/div>\r\n\t\r\n\t<div class=\"col-md-4\"><div class=\"gl_space_right10\">\r\n\t\r\n\t<div class=\"clearfix\">\r\n\t\t<div class=\"gl_space_left30\"><a href=\"https:\/\/www.enaikoon.com\/es\/contacto\/prueba-gratuita\/\" title=\"\u00a1Pru\u00e9belo ahora!\"><img decoding=\"async\" src=\"https:\/\/www.enaikoon.com\/wp-content\/uploads\/2016\/07\/Try-n-Buy-icon_11.png\" border=\"0\" alt=\"Pruebe nuestro kit de prueba gratuito y descubra los beneficios de los servicios de telem\u00e1tica de ENAiKOON\"\/><\/a><\/div>\r\n\t<\/div>\r\n\t<div class=\"clearfix\">\r\n\t\t<div class=\"gl_h4big\"><a href=\"https:\/\/www.enaikoon.com\/es\/contacto\/prueba-gratuita\/\">Kit de prueba gratuito<\/a><\/div>\r\n\t  <div>inViu demo es el primer paso para conseguir una soluci\u00f3n telem\u00e1tica de ENAiKOON.<br>\r\n\t    <a href=\"https:\/\/www.enaikoon.com\/es\/contacto\/prueba-gratuita\/\">\u00a1Solicite ahora un kit de prueba gratuito!<\/a><\/div>\r\n\t<\/div>\r\n\t\r\n\t<\/div>\r\n\t\r\n\r\n<div class=\"gl_space_pagebot\">&nbsp;<\/div>\r\n\r\n<\/div>","protected":false},"excerpt":{"rendered":"","protected":false},"author":7,"featured_media":0,"parent":6342,"menu_order":0,"comment_status":"closed","ping_status":"closed","template":"","meta":{"footnotes":""},"acf":[],"_links":{"self":[{"href":"https:\/\/www.enaikoon.com\/es\/wp-json\/wp\/v2\/pages\/6363"}],"collection":[{"href":"https:\/\/www.enaikoon.com\/es\/wp-json\/wp\/v2\/pages"}],"about":[{"href":"https:\/\/www.enaikoon.com\/es\/wp-json\/wp\/v2\/types\/page"}],"author":[{"embeddable":true,"href":"https:\/\/www.enaikoon.com\/es\/wp-json\/wp\/v2\/users\/7"}],"replies":[{"embeddable":true,"href":"https:\/\/www.enaikoon.com\/es\/wp-json\/wp\/v2\/comments?post=6363"}],"version-history":[{"count":5,"href":"https:\/\/www.enaikoon.com\/es\/wp-json\/wp\/v2\/pages\/6363\/revisions"}],"predecessor-version":[{"id":11656,"href":"https:\/\/www.enaikoon.com\/es\/wp-json\/wp\/v2\/pages\/6363\/revisions\/11656"}],"up":[{"embeddable":true,"href":"https:\/\/www.enaikoon.com\/es\/wp-json\/wp\/v2\/pages\/6342"}],"wp:attachment":[{"href":"https:\/\/www.enaikoon.com\/es\/wp-json\/wp\/v2\/media?parent=6363"}],"curies":[{"name":"wp","href":"https:\/\/api.w.org\/{rel}","templated":true}]}}