{"id":6357,"date":"2016-08-01T08:45:26","date_gmt":"2016-08-01T08:45:26","guid":{"rendered":"https:\/\/www.enaikoon.com\/?page_id=6357"},"modified":"2017-11-19T15:11:29","modified_gmt":"2017-11-19T15:11:29","slug":"prueba-gratuita","status":"publish","type":"page","link":"https:\/\/www.enaikoon.com\/es\/contacto\/prueba-gratuita\/","title":{"rendered":"prueba gratuita"},"content":{"rendered":"<div class=\"gl_space_page\"><\/div>\r\n<div class=\"row\">\r\n\t<div class=\"col-md-8\">\r\n\t\r\n\t<div class=\"gl_space_pageleft2\">\r\n    \r\n    <div class=\"gl_h2big\">Solicite un kit de prueba<\/div>\r\n    <div class=\"gl_form_template\">\r\n    \r\n \n<div class=\"wpcf7 no-js\" id=\"wpcf7-f7848-o1\" lang=\"en-US\" dir=\"ltr\">\n<div class=\"screen-reader-response\"><p role=\"status\" aria-live=\"polite\" aria-atomic=\"true\"><\/p> <ul><\/ul><\/div>\n<form action=\"\/es\/wp-json\/wp\/v2\/pages\/6357#wpcf7-f7848-o1\" method=\"post\" class=\"wpcf7-form init\" aria-label=\"Contact form\" novalidate=\"novalidate\" data-status=\"init\">\n<div style=\"display: none;\">\n<input type=\"hidden\" name=\"_wpcf7\" value=\"7848\" \/>\n<input type=\"hidden\" name=\"_wpcf7_version\" value=\"5.9.5\" \/>\n<input type=\"hidden\" name=\"_wpcf7_locale\" value=\"en_US\" \/>\n<input type=\"hidden\" name=\"_wpcf7_unit_tag\" value=\"wpcf7-f7848-o1\" \/>\n<input type=\"hidden\" name=\"_wpcf7_container_post\" value=\"0\" \/>\n<input type=\"hidden\" name=\"_wpcf7_posted_data_hash\" value=\"\" \/>\n<\/div>\n<p><label>empresa <\/label><span class=\"wpcf7-form-control-wrap\" data-name=\"company\"><input size=\"40\" class=\"wpcf7-form-control wpcf7-text\" aria-invalid=\"false\" value=\"\" type=\"text\" name=\"company\" \/><\/span>\n<\/p>\n<p><label>nombre <\/label><span class=\"wpcf7-form-control-wrap\" data-name=\"first-name\"><input size=\"40\" class=\"wpcf7-form-control wpcf7-text\" aria-invalid=\"false\" value=\"\" type=\"text\" name=\"first-name\" \/><\/span>\n<\/p>\n<p><label>apellido <\/label><span class=\"wpcf7-form-control-wrap\" data-name=\"last-name\"><input size=\"40\" class=\"wpcf7-form-control wpcf7-text\" aria-invalid=\"false\" value=\"\" type=\"text\" name=\"last-name\" \/><\/span>\n<\/p>\n<p><label>e-mail <span style=\"color:#12b9ff\">*<\/span><\/label><span class=\"wpcf7-form-control-wrap\" data-name=\"email\"><input size=\"40\" class=\"wpcf7-form-control wpcf7-email wpcf7-validates-as-required wpcf7-text wpcf7-validates-as-email\" aria-required=\"true\" aria-invalid=\"false\" value=\"\" type=\"email\" name=\"email\" \/><\/span>\n<\/p>\n<p><label>tel\u00e9fono <span style=\"color:#12b9ff\">*<\/span><\/label><span class=\"wpcf7-form-control-wrap\" data-name=\"phone\"><input size=\"40\" class=\"wpcf7-form-control wpcf7-tel wpcf7-validates-as-required wpcf7-text wpcf7-validates-as-tel\" aria-required=\"true\" aria-invalid=\"false\" value=\"\" type=\"tel\" name=\"phone\" \/><\/span>\n<\/p>\n<p><label>calle, numero <span style=\"color:#12b9ff\">*<\/span><\/label><span class=\"wpcf7-form-control-wrap\" data-name=\"street_address\"><input size=\"40\" class=\"wpcf7-form-control wpcf7-text wpcf7-validates-as-required\" aria-required=\"true\" aria-invalid=\"false\" value=\"\" type=\"text\" name=\"street_address\" \/><\/span>\n<\/p>\n<p><label>ciudad <span style=\"color:#12b9ff\">*<\/span><\/label><span class=\"wpcf7-form-control-wrap\" data-name=\"city\"><input size=\"40\" class=\"wpcf7-form-control wpcf7-text wpcf7-validates-as-required\" aria-required=\"true\" aria-invalid=\"false\" value=\"\" type=\"text\" name=\"city\" \/><\/span>\n<\/p>\n<p><label>codigo postal <span style=\"color:#12b9ff\">*<\/span><\/label><span class=\"wpcf7-form-control-wrap\" data-name=\"postcode\"><input size=\"40\" class=\"wpcf7-form-control wpcf7-text wpcf7-validates-as-required\" aria-required=\"true\" aria-invalid=\"false\" value=\"\" type=\"text\" name=\"postcode\" \/><\/span>\n<\/p>\n<p><label>industria <\/label><span class=\"wpcf7-form-control-wrap\" data-name=\"industry\"><input size=\"40\" class=\"wpcf7-form-control wpcf7-text\" aria-invalid=\"false\" value=\"\" type=\"text\" name=\"industry\" \/><\/span>\n<\/p>\n<p><label>pa\u00eds <\/label><span class=\"wpcf7-form-control-wrap\" data-name=\"country\"><select class=\"wpcf7-form-control wpcf7-select\" aria-invalid=\"false\" name=\"country\"><option value=\"\">&#8212;Please choose an option&#8212;<\/option><option value=\"Montenegro\">Montenegro<\/option><option value=\"Serbia\">Serbia<\/option><option value=\"Afganist\u00e1n\">Afganist\u00e1n<\/option><option value=\"Albania\">Albania<\/option><option value=\"Alemania\">Alemania<\/option><option value=\"Andorra\">Andorra<\/option><option value=\"Angola\">Angola<\/option><option value=\"Anguila\">Anguila<\/option><option value=\"Ant\u00e1rtida\">Ant\u00e1rtida<\/option><option value=\"Arabia Saud\u00ed\">Arabia Saud\u00ed<\/option><option value=\"Argelia\">Argelia<\/option><option value=\"Argentina\">Argentina<\/option><option value=\"Armenia\">Armenia<\/option><option value=\"Aruba\">Aruba<\/option><option value=\"Australia\">Australia<\/option><option value=\"Brasil\">Brasil<\/option><option value=\"Brun\u00e9i\">Brun\u00e9i<\/option><option value=\"Bulgaria\">Bulgaria<\/option><option value=\"Burkina Faso\">Burkina Faso<\/option><option value=\"Burundi\">Burundi<\/option><option value=\"But\u00e1n\">But\u00e1n<\/option><option value=\"Cabo Verde\">Cabo Verde<\/option><option value=\"Camboya\">Camboya<\/option><option value=\"Camer\u00fan\">Camer\u00fan<\/option><option value=\"Canad\u00e1\">Canad\u00e1<\/option><option value=\"Chad\">Chad<\/option><option value=\"Chile\">Chile<\/option><option value=\"China\">China<\/option><option value=\"Chipre\">Chipre<\/option><option value=\"Ciudad del Vaticano\">Ciudad del Vaticano<\/option><option value=\"Colombia\">Colombia<\/option><option value=\"Comoras\">Comoras<\/option><option value=\"Congo\">Congo<\/option><option value=\"Corea del Norte\">Corea del Norte<\/option><option value=\"Corea del Sur\">Corea del Sur<\/option><option value=\"Costa de Marfil\">Costa de Marfil<\/option><option value=\"Costa Rica\">Costa Rica<\/option><option value=\"Croacia\">Croacia<\/option><option value=\"Cuba\">Cuba<\/option><option value=\"Dinamarca\">Dinamarca<\/option><option value=\"Dominica\">Dominica<\/option><option value=\"Ecuador\">Ecuador<\/option><option value=\"Egipto\">Egipto<\/option><option value=\"El Salvador\">El Salvador<\/option><option value=\"Emiratos \u00c1rabes Unidos\">Emiratos \u00c1rabes Unidos<\/option><option value=\"Eritrea\">Eritrea<\/option><option value=\"Eslovaquia\">Eslovaquia<\/option><option value=\"Eslovenia\">Eslovenia<\/option><option value=\"Espa\u00f1a\">Espa\u00f1a<\/option><option value=\"Estados Unidos\">Estados Unidos<\/option><option value=\"Estonia\">Estonia<\/option><option value=\"Etiop\u00eda\">Etiop\u00eda<\/option><option value=\"Filipinas\">Filipinas<\/option><option value=\"Finlandia\">Finlandia<\/option><option value=\"Fiyi\">Fiyi<\/option><option value=\"Francia\">Francia<\/option><option value=\"Gab\u00f3n\">Gab\u00f3n<\/option><option value=\"Gambia\">Gambia<\/option><option value=\"Georgia\">Georgia<\/option><option value=\"Ghana\">Ghana<\/option><option value=\"Gibraltar\">Gibraltar<\/option><option value=\"Granada\">Granada<\/option><option value=\"Grecia\">Grecia<\/option><option value=\"Groenlandia\">Groenlandia<\/option><option value=\"Guadalupe\">Guadalupe<\/option><option value=\"Guam\">Guam<\/option><option value=\"Guatemala\">Guatemala<\/option><option value=\"Guayana Francesa\">Guayana Francesa<\/option><option value=\"Guinea\">Guinea<\/option><option value=\"Guinea Ecuatorial\">Guinea Ecuatorial<\/option><option value=\"Guinea-Bissau\">Guinea-Bissau<\/option><option value=\"Guyana\">Guyana<\/option><option value=\"Hait\u00ed\">Hait\u00ed<\/option><option value=\"Honduras\">Honduras<\/option><option value=\"Hungr\u00eda\">Hungr\u00eda<\/option><option value=\"India\">India<\/option><option value=\"Indonesia\">Indonesia<\/option><option value=\"Ir\u00e1n\">Ir\u00e1n<\/option><option value=\"Iraq\">Iraq<\/option><option value=\"Irlanda\">Irlanda<\/option><option value=\"Isla Bouvet\">Isla Bouvet<\/option><option value=\"Isla Navidad\">Isla Navidad<\/option><option value=\"Isla Niue\">Isla Niue<\/option><option value=\"Isla Norfolk\">Isla Norfolk<\/option><option value=\"Islandia\">Islandia<\/option><option value=\"Islas Caim\u00e1n\">Islas Caim\u00e1n<\/option><option value=\"Islas Cook\">Islas Cook<\/option><option value=\"Islas Falkland (Malvinas)\">Islas Falkland (Malvinas)<\/option><option value=\"Islas Feroe\">Islas Feroe<\/option><option value=\"Islas Heard y McDonald\">Islas Heard y McDonald<\/option><option value=\"Islas Marianas del Norte\">Islas Marianas del Norte<\/option><option value=\"Islas Marshall\">Islas Marshall<\/option><option value=\"Islas menores alejadas de los Estados Unidos\">Islas menores alejadas de los Estados Unidos<\/option><option value=\"Islas Salom\u00f3n\">Islas Salom\u00f3n<\/option><option value=\"Islas Tokelau\">Islas Tokelau<\/option><option value=\"Islas V\u00edrgenes de los Estados Unidos\">Islas V\u00edrgenes de los Estados Unidos<\/option><option value=\"Israel\">Israel<\/option><option value=\"Italia\">Italia<\/option><option value=\"Jamaica\">Jamaica<\/option><option value=\"Jap\u00f3n\">Jap\u00f3n<\/option><option value=\"Jordania\">Jordania<\/option><option value=\"Kazajst\u00e1n\">Kazajst\u00e1n<\/option><option value=\"Kenia\">Kenia<\/option><option value=\"Kirguizist\u00e1n\">Kirguizist\u00e1n<\/option><option value=\"Kiribati\">Kiribati<\/option><option value=\"Kuwait\">Kuwait<\/option><option value=\"Laos\">Laos<\/option><option value=\"Lesotho\">Lesotho<\/option><option value=\"Letonia\">Letonia<\/option><option value=\"L\u00edbano\">L\u00edbano<\/option><option value=\"Liberia\">Liberia<\/option><option value=\"Libia\">Libia<\/option><option value=\"Liechtenstein\">Liechtenstein<\/option><option value=\"Lituania\">Lituania<\/option><option value=\"Luxemburgo\">Luxemburgo<\/option><option value=\"Macedonia\">Macedonia<\/option><option value=\"Madagascar\">Madagascar<\/option><option value=\"Malasia\">Malasia<\/option><option value=\"Malawi\">Malawi<\/option><option value=\"Maldivas\">Maldivas<\/option><option value=\"Mal\u00ed\">Mal\u00ed<\/option><option value=\"Malta\">Malta<\/option><option value=\"Marruecos\">Marruecos<\/option><option value=\"Martinica\">Martinica<\/option><option value=\"Mauricio\">Mauricio<\/option><option value=\"Mauritania\">Mauritania<\/option><option value=\"Mayotte\">Mayotte<\/option><option value=\"M\u00e9xico\">M\u00e9xico<\/option><option value=\"Micronesia\">Micronesia<\/option><option value=\"Moldova\">Moldova<\/option><option value=\"M\u00f3naco\">M\u00f3naco<\/option><option value=\"Mongolia\">Mongolia<\/option><option value=\"Montserrat\">Montserrat<\/option><option value=\"Mozambique\">Mozambique<\/option><option value=\"Myanmar\">Myanmar<\/option><option value=\"Namibia\">Namibia<\/option><option value=\"Nauru\">Nauru<\/option><option value=\"Nepal\">Nepal<\/option><option value=\"Nicaragua\">Nicaragua<\/option><option value=\"N\u00edger\">N\u00edger<\/option><option value=\"Nigeria\">Nigeria<\/option><option value=\"Noruega\">Noruega<\/option><option value=\"Nueva Caledonia\">Nueva Caledonia<\/option><option value=\"Nueva Zelanda\">Nueva Zelanda<\/option><option value=\"Om\u00e1n\">Om\u00e1n<\/option><option value=\"Pa\u00edses Bajos\">Pa\u00edses Bajos<\/option><option value=\"Pakist\u00e1n\">Pakist\u00e1n<\/option><option value=\"Palau\">Palau<\/option><option value=\"Panam\u00e1\">Panam\u00e1<\/option><option value=\"Paraguay\">Paraguay<\/option><option value=\"Per\u00fa\">Per\u00fa<\/option><option value=\"Pitcairn\">Pitcairn<\/option><option value=\"Polinesia Francesa\">Polinesia Francesa<\/option><option value=\"Polonia\">Polonia<\/option><option value=\"Portugal\">Portugal<\/option><option value=\"Puerto Rico\">Puerto Rico<\/option><option value=\"Qatar\">Qatar<\/option><option value=\"Reino Unido\">Reino Unido<\/option><option value=\"Rep\u00fablica Checa\">Rep\u00fablica Checa<\/option><option value=\"Rep\u00fablica Democr\u00e1tica del Congo\">Rep\u00fablica Democr\u00e1tica del Congo<\/option><option value=\"Rep\u00fablica Dominicana\">Rep\u00fablica Dominicana<\/option><option value=\"R\u00e9union\">R\u00e9union<\/option><option value=\"Ruanda\">Ruanda<\/option><option value=\"Ruman\u00eda\">Ruman\u00eda<\/option><option value=\"Rusia\">Rusia<\/option><option value=\"S\u00e1hara Occidental\">S\u00e1hara Occidental<\/option><option value=\"Saint Lucia\">Saint Lucia<\/option><option value=\"Samoa\">Samoa<\/option><option value=\"San Crist\u00f3bal y Nieves\">San Crist\u00f3bal y Nieves<\/option><option value=\"San Marino\">San Marino<\/option><option value=\"San Vicente y las Granadinas\">San Vicente y las Granadinas<\/option><option value=\"Santa Elena\">Santa Elena<\/option><option value=\"Senegal\">Senegal<\/option><option value=\"Seychelles\">Seychelles<\/option><option value=\"Sierra Leona\">Sierra Leona<\/option><option value=\"Singapur\">Singapur<\/option><option value=\"Siria\">Siria<\/option><option value=\"Somalia\">Somalia<\/option><option value=\"Sri Lanka\">Sri Lanka<\/option><option value=\"Suazilandia\">Suazilandia<\/option><option value=\"Sud\u00e1frica\">Sud\u00e1frica<\/option><option value=\"Sud\u00e1n\">Sud\u00e1n<\/option><option value=\"Suecia\">Suecia<\/option><option value=\"Suiza\">Suiza<\/option><option value=\"Suriname\">Suriname<\/option><option value=\"Svalbard y Jan Mayen\">Svalbard y Jan Mayen<\/option><option value=\"Tailandia\">Tailandia<\/option><option value=\"Taiw\u00e1n\">Taiw\u00e1n<\/option><option value=\"Tanzania\">Tanzania<\/option><option value=\"Tayikist\u00e1n\">Tayikist\u00e1n<\/option><option value=\"Territorios Palestinos\">Territorios Palestinos<\/option><option value=\"Timor Oriental\">Timor Oriental<\/option><option value=\"Togo\">Togo<\/option><option value=\"Tonga\">Tonga<\/option><option value=\"T\u00fanez\">T\u00fanez<\/option><option value=\"Turkmenist\u00e1n\">Turkmenist\u00e1n<\/option><option value=\"Turqu\u00eda\">Turqu\u00eda<\/option><option value=\"Tuvalu\">Tuvalu<\/option><option value=\"Ucrania\">Ucrania<\/option><option value=\"Uganda\">Uganda<\/option><option value=\"Uruguay\">Uruguay<\/option><option value=\"Uzbekist\u00e1n\">Uzbekist\u00e1n<\/option><option value=\"Vanuatu\">Vanuatu<\/option><option value=\"Venezuela\">Venezuela<\/option><option value=\"Vietnam\">Vietnam<\/option><option value=\"Wallis y Futuna\">Wallis y Futuna<\/option><option value=\"Yemen\">Yemen<\/option><option value=\"Yibuti\">Yibuti<\/option><option value=\"Zambia\">Zambia<\/option><option value=\"Zimbabue\">Zimbabue<\/option><\/select><\/span>\n<\/p>\n<p><label>tipo de veh\u00edculo <span style=\"color:#12b9ff\">*<\/span><\/label><span class=\"wpcf7-form-control-wrap\" data-name=\"vehicle_type\"><input size=\"40\" class=\"wpcf7-form-control wpcf7-text wpcf7-validates-as-required\" aria-required=\"true\" aria-invalid=\"false\" value=\"\" type=\"text\" name=\"vehicle_type\" \/><\/span>\n<\/p>\n<p><label>cantidad de veh\u00edculos <span style=\"color:#12b9ff\">*<\/span><\/label><span class=\"wpcf7-form-control-wrap\" data-name=\"number_of_vehicles\"><input size=\"40\" class=\"wpcf7-form-control wpcf7-text wpcf7-validates-as-required\" aria-required=\"true\" aria-invalid=\"false\" value=\"\" type=\"text\" name=\"number_of_vehicles\" \/><\/span>\n<\/p>\n<p><label>paquete de dispositivos <span style=\"color:#12b9ff\">*<\/span><\/label><span class=\"wpcf7-form-control-wrap\" data-name=\"solution_package\"><select class=\"wpcf7-form-control wpcf7-select\" aria-invalid=\"false\" name=\"solution_package\"><option value=\"ENAiKOON locate-04\">ENAiKOON locate-04<\/option><option value=\"ENAiKOON locate-04 + staff-tracker\">ENAiKOON locate-04 + staff-tracker<\/option><option value=\"ENAiKOON locate-04 + fuel-tracker\">ENAiKOON locate-04 + fuel-tracker<\/option><option value=\"ENAiKOON locate-06\">ENAiKOON locate-06<\/option><option value=\"ENAiKOON locate-06 + fuel-tracker\">ENAiKOON locate-06 + fuel-tracker<\/option><option value=\"ENAiKOON locate-06 + messenger + Garmin n\u00fcvi\">ENAiKOON locate-06 + messenger + Garmin n\u00fcvi<\/option><option value=\"ENAiKOON locate-06 + staff-tracker\">ENAiKOON locate-06 + staff-tracker<\/option><option value=\"ENAiKOON locate-06 + temp-checker\">ENAiKOON locate-06 + temp-checker<\/option><option value=\"ENAiKOON locate-06 + limit-checker\">ENAiKOON locate-06 + limit-checker<\/option><option value=\"ENAiKOON locate-15\">ENAiKOON locate-15<\/option><option value=\"ENAiKOON locate-17 aut\u00f3noma\">ENAiKOON locate-17 aut\u00f3noma<\/option><option value=\"ENAiKOON locate-17 cables abiertos\">ENAiKOON locate-17 cables abiertos<\/option><option value=\"ENAiKOON locate-17 instalaci\u00f3n en z\u00f3calo\">ENAiKOON locate-17 instalaci\u00f3n en z\u00f3calo<\/option><option value=\"ENAiKOON locate-19\">ENAiKOON locate-19<\/option><option value=\"NAiKOON locate-60\/61\">NAiKOON locate-60\/61<\/option><option value=\"ENAiKOON locate-60\/61 plus\">ENAiKOON locate-60\/61 plus<\/option><option value=\"inViu routes\">inViu routes<\/option><option value=\"Otros, por favor describa\">Otros, por favor describa<\/option><\/select><\/span>\n<\/p>\n<p><label>informaci\u00f3n acerca de su petici\u00f3n<\/label><span class=\"wpcf7-form-control-wrap\" data-name=\"your-request\"><textarea cols=\"40\" rows=\"10\" class=\"wpcf7-form-control wpcf7-textarea\" aria-invalid=\"false\" name=\"your-request\"><\/textarea><\/span>\n<\/p>\n<p><label>fecha de inicio prueba <\/label><span class=\"wpcf7-form-control-wrap\" data-name=\"trial_start_date\"><input size=\"40\" class=\"wpcf7-form-control wpcf7-text\" aria-invalid=\"false\" value=\"dd-mm-aaaa\" type=\"text\" name=\"trial_start_date\" \/><\/span>\n<\/p>\n<p><label>fin de la prueba <\/label><span class=\"wpcf7-form-control-wrap\" data-name=\"trial_start_date\"><input size=\"40\" class=\"wpcf7-form-control wpcf7-text\" aria-invalid=\"false\" value=\"dd-mm-aaaa\" type=\"text\" name=\"trial_start_date\" \/><\/span>\n<\/p>\n<p class=\"sentence\">El kit de prueba debe ser enviado a ENAiKOON en el \u00faltimo d\u00eda del per\u00edodo de prueba sin da\u00f1os. El recibo del env\u00edo es una prueba suficiente para demostrar la fecha en que se envi\u00f3.Si devuelven el equipo en el plazo de tiempo correcto, ENAiKOON les devolver\u00e1 el importe de la fianza del equipo, descontando \u00fanicamente los costes del env\u00edo.ENAiKOON se reserva el derecho de cobrar al probador del equipo en el caso de que el producto devuelto est\u00e9 da\u00f1ado, modificado o haya sufrido da\u00f1os durante el env\u00edo.\n<\/p>\n<p class=\"sentence\">Pagar\u00e9 el valor total de la fianza del equipo m\u00e1s los costes de transporte, aduanas, etc. a la cuenta bancaria de ENAiKOON - Bank: Commerzbank<br \/>\nN\u00famero de cuenta: 0566105500 - BLZ: 100 800 00<br \/>\nSWIFT: DRESDEFF 100 - IBAN: DE0410080000566105500<br \/>\nENAiKOON enviar\u00e1 una factura.<br \/>\nO bien con mi cuenta paypal. En este caso ENAiKOON enviar\u00e1 la petici\u00f3n de pago a su cuenta Paypal.\n<\/p>\n<p><label>modo de pago<\/label><span class=\"wpcf7-form-control-wrap\" data-name=\"payment_option\"><select class=\"wpcf7-form-control wpcf7-select\" aria-invalid=\"false\" name=\"payment_option\"><option value=\"transferencia bancaria\">transferencia bancaria<\/option><option value=\"paypal\">paypal<\/option><\/select><\/span>\n<\/p>\n<p><label>su cuenta paypal<\/label><span class=\"wpcf7-form-control-wrap\" data-name=\"your_paypal_account\"><input size=\"40\" class=\"wpcf7-form-control wpcf7-text\" aria-invalid=\"false\" value=\"\" type=\"text\" name=\"your_paypal_account\" \/><\/span>\n<\/p>\n<p><span class=\"wpcf7-form-control-wrap\" data-name=\"terms_of_evaluation\"><span class=\"wpcf7-form-control wpcf7-checkbox wpcf7-validates-as-required\"><span class=\"wpcf7-list-item first last\"><input type=\"checkbox\" name=\"terms_of_evaluation[]\" value=\"Acepto los t\u00e9rminos para la prueba mencionados arriba\" \/><span class=\"wpcf7-list-item-label\">Acepto los t\u00e9rminos para la prueba mencionados arriba<\/span><\/span><\/span><\/span><span  class=\"checkbox-sign\" style=\"color:#12b9ff\">*<\/span>\n<\/p>\n<p><span class=\"wpcf7-form-control-wrap\" data-name=\"read_agree\"><span class=\"wpcf7-form-control wpcf7-checkbox wpcf7-validates-as-required\"><span class=\"wpcf7-list-item first last\"><input type=\"checkbox\" name=\"read_agree[]\" value=\"He le\u00eddo y acepto los t\u00e9rminos y condiciones de ENAiKOON GmbH\" \/><span class=\"wpcf7-list-item-label\">He le\u00eddo y acepto los t\u00e9rminos y condiciones de ENAiKOON GmbH<\/span><\/span><\/span><\/span><span  class=\"checkbox-sign\" style=\"color:#12b9ff\">*<\/span>\n<\/p>\n<p><span class=\"wpcf7-form-control-wrap\" data-name=\"acceptance-182\"><span class=\"wpcf7-form-control wpcf7-acceptance\"><span class=\"wpcf7-list-item\"><label><input type=\"checkbox\" name=\"acceptance-182\" value=\"1\" aria-invalid=\"false\" \/><span class=\"wpcf7-list-item-label\">Por la presente, confirmo haber le\u00eddo, entendido y aceptado la <a href=\"\/es\/pie-de-pagina\/politica-de-privacidad\/\">pol\u00edtica de privacidad<\/a>.<\/span><\/label><\/span><\/span><\/span>\n<\/p>\n<p><input class=\"wpcf7-form-control wpcf7-submit has-spinner free-trial-button\" type=\"submit\" value=\"ENVIAR\" \/>\n<\/p>\n<p class=\"sentence\">Please send us your message in English language!\n<\/p><div class=\"frc-captcha \" data-sitekey=\"FCMOAC53TQD3118Q\" data-lang=\"en\" ><\/div>\n\t\t<noscript>You need to enable Javascript for the anti-spam check.<\/noscript><div class=\"wpcf7-response-output\" aria-hidden=\"true\"><\/div>\n<\/form>\n<\/div>\n\r\n    \r\n    <\/div>\r\n\r\n\t\r\n<\/div>\r\n\t\r\n\t<\/div>\r\n\t\r\n\t<div class=\"col-md-4\">\r\n\t\r\n\t<div class=\"gl_space_pageright2\">\r\n\t\r\n\t\r\n\t\r\n\t   <div class=\"gl_enaikoon_logo\"><img decoding=\"async\" src=\"https:\/\/www.enaikoon.com\/wp-content\/uploads\/2016\/07\/ENAiKOON-frosted-logo.png\" alt=\"ENAiKOON logo\" title=\"ENAiKOON logo\"\/><\/div>\r\n                    \r\n               \r\n                    <div class=\"gl_introduction_contact\">\r\n                    <img decoding=\"async\" src=\"https:\/\/www.enaikoon.com\/wp-content\/uploads\/2016\/07\/icon_email.png\" alt=\"\"\/>\r\n                     \r\n                    <p class=\"gl_text_space\"><a rel=\"nofollow\" href=\"mailto:sales@enaikoon.com\">sales@enaikoon.com<\/a><\/p>\r\n                    <\/div>\r\n                   \r\n                <div class=\"gl_introduction_contact\">\r\n                    <p class=\"gl_text_space\"><img decoding=\"async\" src=\"https:\/\/www.enaikoon.com\/wp-content\/uploads\/2016\/07\/icon_phone1.png\" alt=\"\"\/>\r\n                    +49 30 397475-30<\/p><\/div>\r\n                <div class=\"gl_introduction_contact\">\r\n                    <p class=\"gl_text_space\"><img decoding=\"async\" src=\"https:\/\/www.enaikoon.com\/wp-content\/uploads\/2016\/07\/icon_phone2.png\" alt=\"\"\/>\r\n                    +49 30 397475-40<\/p><\/div>\r\n                     <div><a class=\"gl_button_blue\"  href=\"https:\/\/www.enaikoon.com\/es\/contacto\/contacto\/\">cont\u00e1ctenos<\/a><\/div>\r\n                     \r\n                      <div class=\"gl_space_top15\"><\/div>\r\n\r\n                        <div class=\"gl_h4big\">Proceso de prueba<\/div>\r\n\r\n                        <div class=\"gl_ul_style2\">\r\n                            <ol start=\"1\">\r\n                              <li class=\"gl_space_right30\">Ll\u00e1menos si necesita ayuda para elegir el paquete de dispositivos que mejor se adapta a sus necesidades<\/li>\r\n                              <li class=\"gl_space_right30\">Rellene el formulario con todos los campos obligatorios<\/li>\r\n                              <li class=\"gl_space_right30\"><em>Elija su modo de pago<br>Se necesita un dep\u00f3sito\/fianza para cada prueba. Este importe ser\u00e1 devuelto al final del per\u00edodo de prueba, cuando recibamos el paquete de dispositivos en buen estado.<\/em><\/li>\r\n                              <li class=\"gl_space_right30\">Acepte los t\u00e9rminos y condiciones de la prueba, y haga clic en enviar el formulario<\/li>\r\n                              <li class=\"gl_space_right30\">ENAiKOON enviar\u00e1 una factura pro-forma<\/li>\r\n                            <\/ol>\r\n                        <\/div>\r\n                <div class=\"gl_space_top20\">  <a class=\"gl_button_grey\"  rel=\"nofollow\" href=\"https:\/\/www.enaikoon.com\/fileadmin\/enaikoon\/Dateien\/pdf\/Vertraege\/englisch\/ENAiKOON_GTC.pdf\"  target=\"_blank\">los t\u00e9rminos y condiciones<\/a><\/div> \r\n                 \r\n\t\t \r\n\t\r\n\t<\/div>\r\n\t<\/div>\r\n\r\n\t<div class=\"gl_row_space\"><\/div>\r\n\t<div class=\"gl_line\"><\/div>\r\n\t\r\n\r\n\r\n<div class=\"gl_space_pagebot\">&nbsp;<\/div>\r\n\r\n<\/div>","protected":false},"excerpt":{"rendered":"","protected":false},"author":7,"featured_media":0,"parent":6342,"menu_order":0,"comment_status":"closed","ping_status":"closed","template":"","meta":{"footnotes":""},"acf":[],"_links":{"self":[{"href":"https:\/\/www.enaikoon.com\/es\/wp-json\/wp\/v2\/pages\/6357"}],"collection":[{"href":"https:\/\/www.enaikoon.com\/es\/wp-json\/wp\/v2\/pages"}],"about":[{"href":"https:\/\/www.enaikoon.com\/es\/wp-json\/wp\/v2\/types\/page"}],"author":[{"embeddable":true,"href":"https:\/\/www.enaikoon.com\/es\/wp-json\/wp\/v2\/users\/7"}],"replies":[{"embeddable":true,"href":"https:\/\/www.enaikoon.com\/es\/wp-json\/wp\/v2\/comments?post=6357"}],"version-history":[{"count":4,"href":"https:\/\/www.enaikoon.com\/es\/wp-json\/wp\/v2\/pages\/6357\/revisions"}],"predecessor-version":[{"id":11657,"href":"https:\/\/www.enaikoon.com\/es\/wp-json\/wp\/v2\/pages\/6357\/revisions\/11657"}],"up":[{"embeddable":true,"href":"https:\/\/www.enaikoon.com\/es\/wp-json\/wp\/v2\/pages\/6342"}],"wp:attachment":[{"href":"https:\/\/www.enaikoon.com\/es\/wp-json\/wp\/v2\/media?parent=6357"}],"curies":[{"name":"wp","href":"https:\/\/api.w.org\/{rel}","templated":true}]}}