{"id":6339,"date":"2016-08-01T08:31:20","date_gmt":"2016-08-01T08:31:20","guid":{"rendered":"https:\/\/www.enaikoon.com\/?page_id=6339"},"modified":"2017-03-03T10:59:11","modified_gmt":"2017-03-03T10:59:11","slug":"traffic-counter","status":"publish","type":"page","link":"https:\/\/www.enaikoon.com\/es\/movil\/plugins\/traffic-counter\/","title":{"rendered":"traffic-counter"},"content":{"rendered":"<div class=\"gl_slide_scroll_box\">\r\n\t<div class=\"gl_scroll_box\">\r\n <noindex><\/noindex>        <ul>\r\n             <li><a class=\"gl_scroll_link_title\" href=\"https:\/\/www.enaikoon.com\/es\/movil\/plugins\/routes\/\"  title=\"routes\">routes<\/a><br\/>\r\n            <a href=\"https:\/\/www.enaikoon.com\/es\/movil\/plugins\/routes\/\"  title=\"routes\"><img decoding=\"async\" class=\"gl_scroll_link_img\" src=\"https:\/\/www.enaikoon.com\/wp-content\/uploads\/2016\/07\/mobile_routes.png\" border=\"0\"><\/a><\/li>\r\n            \r\n \t\t\t<li><a class=\"gl_scroll_link_title\" href=\"https:\/\/www.enaikoon.com\/es\/movil\/plugins\/nfc-tracker\/\"  title=\"NFC-tracker\">NFC-tracker<\/a><br\/>\r\n            <a href=\"https:\/\/www.enaikoon.com\/es\/movil\/plugins\/nfc-tracker\/\"  title=\"NFC-tracker\"><img decoding=\"async\" class=\"gl_scroll_link_img\" src=\"https:\/\/www.enaikoon.com\/wp-content\/uploads\/2016\/07\/mobile_NFC.png\" border=\"0\"><\/a><\/li>\r\n            \r\n             <li><a class=\"gl_scroll_link_title\" href=\"https:\/\/www.enaikoon.com\/es\/movil\/plugins\/gps-details\/\"  title=\"GPS-details\">GPS-details<\/a><br\/>\r\n            <a href=\"https:\/\/www.enaikoon.com\/es\/movil\/plugins\/gps-details\/\"  title=\"GPS-details\"><img decoding=\"async\" class=\"gl_scroll_link_img\" src=\"https:\/\/www.enaikoon.com\/wp-content\/uploads\/2016\/07\/mobile_GPS.png\" border=\"0\"><\/a><\/li>\r\n            \r\n             <li><a class=\"gl_scroll_link_title\" href=\"https:\/\/www.enaikoon.com\/es\/movil\/plugins\/keypad-mapper-3\/\"  title=\"Keypad-Mapper 3\">Keypad-Mapper 3<\/a><br\/>\r\n            <a href=\"https:\/\/www.enaikoon.com\/es\/movil\/plugins\/keypad-mapper-3\/\"  title=\"Keypad-Mapper 3\"><img decoding=\"async\" class=\"gl_scroll_link_img\" src=\"https:\/\/www.enaikoon.com\/wp-content\/uploads\/2016\/07\/mobile_keypad.png\" border=\"0\"><\/a><\/li>\r\n            \r\n             <li><a class=\"gl_scroll_link_title\" href=\"https:\/\/www.enaikoon.com\/es\/movil\/plugins\/traffic-counter\/\" title=\"traffic-counter\">traffic-counter<\/a><br\/>\r\n            <a href=\"https:\/\/www.enaikoon.com\/es\/movil\/plugins\/traffic-counter\/\" title=\"traffic-counter\"><img decoding=\"async\" class=\"gl_scroll_link_img_active\" src=\"https:\/\/www.enaikoon.com\/wp-content\/uploads\/2016\/07\/mobile_traffic.png\" border=\"0\"><\/a><\/li>\r\n        <\/ul>\r\n\r\n    <\/div>\r\n<\/div>\r\n\r\n<div class=\"row\">\r\n\r\n<div class=\"gl_border-page\">\r\n\t\t\r\n\t\t<div class=\"col-md-4\">\r\n\t\r\n    <div class=\"clearfix\">\r\n    \t<img decoding=\"async\" src=\"https:\/\/www.enaikoon.com\/wp-content\/uploads\/2016\/07\/mobile_plugins6.png\" align=\"left\"  alt=\"inViu traffic-counter\" title=\"inViu traffic-counter\" \/><div class=\"gl_h2big\">inViu traffic-<br\/>\r\ncounter<\/div>\r\n    <\/div>\r\n    <div class=\"gl_space_top15\"><\/div>\r\n   <div class=\"gl_space_right5\">\r\n\r\n<em>\r\n<strong>inViu traffic-counter<\/strong> es una herramienta indispensable para mantenerte informado en cualquier momento sobre la cantidad actual de uso de datos. Este consumo de datos se muestra claramente en una base diaria, mensual y total acumulado. Tambi\u00e9n existe una funci\u00f3n de alarma para avisarle antes de que alcance los l\u00edmites.<\/em><\/div>\r\n \r\n \r\n <div class=\"gl_space_top20\"><\/div>\r\n <div class=\"gl_NFC_tracker_features gl_NFC_image_gallery\">\r\n    \t<a href=\"https:\/\/www.enaikoon.com\/wp-content\/uploads\/2016\/08\/9b43088ba8.png\" target=\"_blank\" title=\"inViu traffic-counter\" rel=\"nofollow\"><img decoding=\"async\" src=\"https:\/\/www.enaikoon.com\/wp-content\/uploads\/2016\/08\/9b43088ba8.png\"  border=\"0\" alt=\"inViu traffic-counter\" ><\/a>\r\n\r\n<a href=\"https:\/\/www.enaikoon.com\/wp-content\/uploads\/2016\/08\/a94dfcca72.png\" target=\"_blank\" title=\"inViu traffic-counter\" rel=\"nofollow\"><img decoding=\"async\" src=\"https:\/\/www.enaikoon.com\/wp-content\/uploads\/2016\/08\/a94dfcca72.png\" border=\"0\" alt=\"inViu traffic-counter\" ><\/a>\r\n\r\n<a href=\"https:\/\/www.enaikoon.com\/wp-content\/uploads\/2016\/08\/d379b7e2f6.png\" target=\"_blank\"  title=\"inViu traffic-counter\" rel=\"nofollow\"><img decoding=\"async\" src=\"https:\/\/www.enaikoon.com\/wp-content\/uploads\/2016\/08\/d379b7e2f6.png\" border=\"0\" alt=\"inViu traffic-counter\" ><\/a>\r\n    \r\n    <\/div>\r\n      <div class=\"gl_NFC_tracker_features\">\r\n    \t<a rel=\"nofollow\" href=\"https:\/\/play.google.com\/store\/apps\/details?id=de.enaikoon.android.inviu.traffic&#038;feature\" target=\"_blank\" title=\"inViu traffic-counter at Google Play\"><img decoding=\"async\" src=\"https:\/\/www.enaikoon.com\/wp-content\/uploads\/2016\/07\/traffic4.png\" width=\"255\"  border=\"0\"  alt=\"inViu traffic-counter at Google Play\" \/><\/a>\r\n\r\n<\/div>\t\r\n\t\t<\/div>\r\n\t\t\r\n\t\t<div class=\"col-md-4\">\r\n        <div class=\"gl_space_top85\">\r\n\t \r\n\t\t <div class=\"gl_h4big\">Caracter\u00edsticas principales<\/div><\/div>\r\n\t\t <div class=\"gl_space_top10\"><strong>GSM traffic-counter<\/strong><\/div>\r\n\t\t\t <div class=\"gl_ul_style1\">\r\n\t\t\t\t\t<ul>\r\n\t\t\t\t\t\t    <li>Visualizaci\u00f3n del tr\u00e1fico: diario, mensual y total<\/li>\r\n                            <li>Muestra de la cantidad de datos recibidos y enviados <\/li>\r\n                            <li>Selecci\u00f3n entre: B, kB y mB<\/li>\r\n                            <li>L\u00edmite diario ajustable<\/li>\r\n                            <li>L\u00edmite mensual ajustable<\/li>\r\n                            <li>Alarma de notificaci\u00f3n cuando se alcanza un porcentaje predefinido de tr\u00e1fico de datos<\/li>\r\n                            <li>Active o desactive la muestra de desconexiones<\/li>\r\n                            <li>Funci\u00f3n \u00abreset\u00bb disponible<\/li>\r\n\t\t\t\t\t<\/ul>\r\n\t\t\t\t<\/div>\r\n\t\r\n\t\t<div class=\"gl_space_top10\"><strong>Informaci\u00f3n general<\/strong><\/div>\r\n\t\t\t\t<div class=\"gl_ul_style1\">\r\n\t\t\t\t\t<ul>\r\n                            <li>Idiomas disponibles: espa\u00f1ol, ingl\u00e9s, alem\u00e1n y franc\u00e9s<\/li>\r\n                            <li>Disponible funci\u00f3n de ayuda<\/li>\r\n                                    \r\n\t\t\t\t\t<\/ul>\r\n\t\t\t  <\/div>\r\n\r\n\t\t<\/div>\r\n\t\t\r\n\t\t<div class=\"col-md-4\">\r\n        <div class=\"gl_space_top85\">\r\n\t\t\r\n\t\t \t<div class=\"gl_h4big\">Combinaci\u00f3n de dispositivos<\/div>\r\n\t\t\r\n\t\t\t<p>traffic-counter + <a href=\"https:\/\/www.enaikoon.com\/es\/movil\/plugins\/gps-details\/\">GPS-details<\/a> + mobile-protector + <a href=\"https:\/\/www.enaikoon.com\/es\/movil\/plugins\/routes\/\">routes<\/a> = all GPS apps are a perfect match <\/p>\r\n<div class=\"gl_space_top15\"><\/div>\r\n\t\t\t <div class=\"gl_space_top20\"><a class=\"gl_button_blue\" href=\"https:\/\/www.enaikoon.com\/es\/contacto\/contacto\/\">cont\u00e1ctenos<\/a> <\/div>\r\n\t\t\t <p class=\"gl_space_top15\"><strong>The inViu traffic-counter app is available for download on Google Play:<\/strong><\/p>\r\n\t\t\t  <div class=\"gl_space_top15\"><a class=\"gl_button_grey\"  rel=\"nofollow\" href=\"https:\/\/play.google.com\/store\/apps\/details?id=de.enaikoon.android.inviu.traffic&#038;hl=es\" target=\"_blank\">inViu traffic-counter<\/a> <\/div>\r\n\r\n<\/div>\r\n \r\n     <\/div>\r\n\t\t\t\r\n\t\t<div class=\"gl_row_space\"><\/div>\r\n\t<\/div>\r\n<\/div>","protected":false},"excerpt":{"rendered":"<p> [&hellip;]<\/p>\n","protected":false},"author":7,"featured_media":0,"parent":6324,"menu_order":0,"comment_status":"closed","ping_status":"closed","template":"","meta":{"footnotes":""},"acf":[],"_links":{"self":[{"href":"https:\/\/www.enaikoon.com\/es\/wp-json\/wp\/v2\/pages\/6339"}],"collection":[{"href":"https:\/\/www.enaikoon.com\/es\/wp-json\/wp\/v2\/pages"}],"about":[{"href":"https:\/\/www.enaikoon.com\/es\/wp-json\/wp\/v2\/types\/page"}],"author":[{"embeddable":true,"href":"https:\/\/www.enaikoon.com\/es\/wp-json\/wp\/v2\/users\/7"}],"replies":[{"embeddable":true,"href":"https:\/\/www.enaikoon.com\/es\/wp-json\/wp\/v2\/comments?post=6339"}],"version-history":[{"count":4,"href":"https:\/\/www.enaikoon.com\/es\/wp-json\/wp\/v2\/pages\/6339\/revisions"}],"predecessor-version":[{"id":11303,"href":"https:\/\/www.enaikoon.com\/es\/wp-json\/wp\/v2\/pages\/6339\/revisions\/11303"}],"up":[{"embeddable":true,"href":"https:\/\/www.enaikoon.com\/es\/wp-json\/wp\/v2\/pages\/6324"}],"wp:attachment":[{"href":"https:\/\/www.enaikoon.com\/es\/wp-json\/wp\/v2\/media?parent=6339"}],"curies":[{"name":"wp","href":"https:\/\/api.w.org\/{rel}","templated":true}]}}