{"id":6334,"date":"2016-08-01T08:29:12","date_gmt":"2016-08-01T08:29:12","guid":{"rendered":"https:\/\/www.enaikoon.com\/?page_id=6334"},"modified":"2017-03-03T10:48:59","modified_gmt":"2017-03-03T10:48:59","slug":"keypad-mapper-3","status":"publish","type":"page","link":"https:\/\/www.enaikoon.com\/es\/movil\/plugins\/keypad-mapper-3\/","title":{"rendered":"Keypad-Mapper 3"},"content":{"rendered":"<div class=\"gl_slide_scroll_box\">\r\n\t<div class=\"gl_scroll_box\">\r\n <noindex><\/noindex>        <ul>\r\n             <li><a class=\"gl_scroll_link_title\" href=\"https:\/\/www.enaikoon.com\/es\/movil\/plugins\/routes\/\"  title=\"routes\">routes<\/a><br\/>\r\n            <a href=\"https:\/\/www.enaikoon.com\/es\/movil\/plugins\/routes\/\"  title=\"routes\"><img decoding=\"async\" class=\"gl_scroll_link_img\" src=\"https:\/\/www.enaikoon.com\/wp-content\/uploads\/2016\/07\/mobile_routes.png\" border=\"0\"><\/a><\/li>\r\n            \r\n \t\t\t<li><a class=\"gl_scroll_link_title\" href=\"https:\/\/www.enaikoon.com\/es\/movil\/plugins\/nfc-tracker\/\"  title=\"NFC-tracker\">NFC-tracker<\/a><br\/>\r\n            <a href=\"https:\/\/www.enaikoon.com\/es\/movil\/plugins\/nfc-tracker\/\"  title=\"NFC-tracker\"><img decoding=\"async\" class=\"gl_scroll_link_img\" src=\"https:\/\/www.enaikoon.com\/wp-content\/uploads\/2016\/07\/mobile_NFC.png\" border=\"0\"><\/a><\/li>\r\n            \r\n             <li><a class=\"gl_scroll_link_title\" href=\"https:\/\/www.enaikoon.com\/es\/movil\/plugins\/gps-details\/\"  title=\"GPS-details\">GPS-details<\/a><br\/>\r\n            <a href=\"https:\/\/www.enaikoon.com\/es\/movil\/plugins\/gps-details\/\"  title=\"GPS-details\"><img decoding=\"async\" class=\"gl_scroll_link_img\" src=\"https:\/\/www.enaikoon.com\/wp-content\/uploads\/2016\/07\/mobile_GPS.png\" border=\"0\"><\/a><\/li>\r\n            \r\n             <li><a class=\"gl_scroll_link_title\" href=\"https:\/\/www.enaikoon.com\/es\/movil\/plugins\/keypad-mapper-3\/\"  title=\"Keypad-Mapper 3\">Keypad-Mapper 3<\/a><br\/>\r\n            <a href=\"https:\/\/www.enaikoon.com\/es\/movil\/plugins\/keypad-mapper-3\/\"  title=\"Keypad-Mapper 3\"><img decoding=\"async\" class=\"gl_scroll_link_img_active\" src=\"https:\/\/www.enaikoon.com\/wp-content\/uploads\/2016\/07\/mobile_keypad.png\" border=\"0\"><\/a><\/li>\r\n\r\n             <li><a class=\"gl_scroll_link_title\" href=\"https:\/\/www.enaikoon.com\/es\/movil\/plugins\/traffic-counter\/\" title=\"traffic-counter\">traffic-counter<\/a><br\/>\r\n            <a href=\"https:\/\/www.enaikoon.com\/es\/movil\/plugins\/traffic-counter\/\" title=\"traffic-counter\"><img decoding=\"async\" class=\"gl_scroll_link_img\" src=\"https:\/\/www.enaikoon.com\/wp-content\/uploads\/2016\/07\/mobile_traffic.png\" border=\"0\"><\/a><\/li>\r\n        <\/ul>\r\n\r\n    <\/div>\r\n<\/div>\r\n\r\n<div class=\"row\">\r\n\r\n<div class=\"gl_border-page\">\t\r\n\t\t\r\n\t\t<div class=\"col-md-4\">\r\n\t\r\n<div class=\"clearfix\">\r\n    \t<img decoding=\"async\" class=\"gl_space_right10\" src=\"https:\/\/www.enaikoon.com\/wp-content\/uploads\/2016\/07\/mobile_plugins4.png\" align=\"left\" alt=\"Keypad-Mapper 3\" title=\"Keypad-Mapper 3\" \/><div class=\"gl_h2big\">Keypad-<br\/>Mapper 3<\/div>\r\n<\/div>\r\n   <div class=\"gl_space_top15 gl_space_right10\"><em><strong>Keypad-Mapper 3<\/strong> es la nueva aplicaci\u00f3n facilita el registro de   coordenadas GPS de n\u00fameros de calle para introducirlos posteriormente   en OpenStreetMap. Esta app es la 3\u00aa generaci\u00f3n de Keypad-Mapper dirigida   a la comunidad de OpenStreetMap y mejora las versiones anteriores.<\/em><\/div>\r\n   \r\n    <div class=\"gl_h4big gl_space_top30\">Capturas de pantalla <br\/>Keypad-Mapper 3<\/div>\r\n\r\n    <div class=\"gl_space_top20\">\r\n<a href=\"https:\/\/www.enaikoon.com\/wp-content\/uploads\/2016\/08\/6f84f9bf2b.png\" target=\"_blank\" title=\"Keypad-Mapper 3 teclado\" rel=\"nofollow\"><img decoding=\"async\" src=\"https:\/\/www.enaikoon.com\/wp-content\/uploads\/2016\/08\/6f84f9bf2b.png\" alt=\"keypad mapper\" style=\"border:0px; width:270px;\" ><\/a>\r\n\r\n    <div style=\"display:none;\">\r\n<a href=\"https:\/\/www.enaikoon.com\/wp-content\/uploads\/2016\/08\/79f0eac5b2.png\" target=\"_blank\" title=\"Keypad-Mapper 3 editor-direcci\u00f3n\" rel=\"nofollow\"><img decoding=\"async\" src=\"https:\/\/www.enaikoon.com\/wp-content\/uploads\/2016\/08\/79f0eac5b2.png\" alt=\"keypad mapper\" style=\"border:0px; width:270px;\" ><\/a>\r\n\r\n<a href=\"https:\/\/www.enaikoon.com\/wp-content\/uploads\/2016\/08\/c53b1c31f0.png\" target=\"_blank\" title=\"Keypad-Mapper 3 GPS-precisi\u00f3n\" rel=\"nofollow\"><img decoding=\"async\" src=\"https:\/\/www.enaikoon.com\/wp-content\/uploads\/2016\/08\/c53b1c31f0.png\" alt=\"keypad mapper\" style=\"border:0px; width:270px;\" ><\/a>\r\n\r\n<a href=\"https:\/\/www.enaikoon.com\/wp-content\/uploads\/2016\/08\/c3bf60451d.png\" target=\"_blank\" title=\"Keypad-Mapper 3 audio\" rel=\"nofollow\"><img decoding=\"async\" src=\"https:\/\/www.enaikoon.com\/wp-content\/uploads\/2016\/08\/c3bf60451d.png\" alt=\"keypad mapper\" style=\"border:0px; width:270px;\" ><\/a>\r\n\r\n<a href=\"https:\/\/www.enaikoon.com\/wp-content\/uploads\/2016\/08\/bb9e5d9dd6.png\" target=\"_blank\" title=\"Keypad-Mapper 3 men\u00fa\" rel=\"nofollow\"><img decoding=\"async\" src=\"https:\/\/www.enaikoon.com\/wp-content\/uploads\/2016\/08\/bb9e5d9dd6.png\" alt=\"keypad mapper\" style=\"border:0px; width:270px;\" ><\/a>\r\n\r\n<a href=\"https:\/\/www.enaikoon.com\/wp-content\/uploads\/2016\/08\/3a46c76965.png\" target=\"_blank\" title=\"Keypad-Mapper 3 ajustes\" rel=\"nofollow\"><img decoding=\"async\" src=\"https:\/\/www.enaikoon.com\/wp-content\/uploads\/2016\/08\/3a46c76965.png\" alt=\"keypad mapper\" style=\"border:0px; width:270px;\" ><\/a><\/div>\r\n\r\n<\/div>\t\r\n\t\t<\/div>\r\n\t\t\r\n\t\t<div class=\"col-md-4\">\r\n <div class=\"gl_h4big gl_space_top85\">Caracter\u00edsticas principales<\/div>\r\n <div class=\"gl_ul_style1\">\r\n     <ul class=\"gl_space_right15\">\r\n        <li>registrar n\u00fameros de calle<\/li>\r\n        <li>recopilar datos de direcciones<\/li>\r\n        <li>realizar fotos GPS para revisarlas m\u00e1s tarde al introducir los datos en el ordenador<\/li>\r\n        <li>grabar una nota<\/li>\r\n        <li>iniciar\/detener una grabaci\u00f3n<\/li>\r\n        <li>indica la intensidad de recepci\u00f3n GPS de sat\u00e9lites GPS y GLONASS<\/li>\r\n        <li>enviar los datos registrados<\/li>\r\n\t<\/ul>\r\n<\/div>\r\n <div class=\"gl_space_top20\"><\/div>\r\n <div class=\"gl_h4big\"><strong>Informaci\u00f3n general<\/strong><\/div>\r\n <div class=\"gl_ul_style1\">\r\n\t<ul class=\"gl_space_right25\">\r\n\t\t<li>Idiomas disponibles: alem\u00e1n, espa\u00f1ol, ingl\u00e9s, franc\u00e9s, greco y ruso<\/li>\r\n        <li>Disponible funci\u00f3n de ayuda<\/li>\r\n        <li>Escoja entre el sistema de medici\u00f3n m\u00e9trico o imperial<\/li>\r\n\t<\/ul>\r\n<\/div>\r\n\t  \r\n\t  <div  class=\"gl_space_top15 gl_space_right10\"><strong>Presentaci\u00f3n del Keypad-Mapper 3 en el <a rel=\"nofollow\" href=\"http:\/\/2013.stateofthemap.org\/\" target=\"_blank\">SOTM<\/a>, Birmingham en sept. de 2013<\/strong><\/div>\r\n\t   <div class=\"gl_space_top20\"><a class=\"gl_button_yellow\" rel=\"nofollow\" href=\"https:\/\/www.enaikoon.com\/fileadmin\/enaikoon_2011\/MOBILE\/screenshots\/keypad-mapper-3\/sotm\/ENAiKOON_Keypad-Mapper_3_SOTM2013_EN_FINAL.pdf\" target=\"_blank\">Presentation at SOTM<\/a> <\/div>\r\n\t\r\n\t\r\n\t\t<\/div>\r\n\t\t\r\n\t\t<div class=\"col-md-4\">\r\n        <div class=\"gl_space_top85\">\r\n\t\t\r\n\t\t \t<div class=\"gl_h4big\">\u00bfPor qu\u00e9 registrar los n\u00fameros de calle para OSM?<\/div>\r\n\t\t\r\n\t\t\t<p class=\"gl_space_right10\">Un software de navegaci\u00f3n gratuito requiere datos de mapas gratuitos.   Los datos de OpenStreetMap proporcionan una buena base para los   programas de navegaci\u00f3n, pero la calidad de estos programas depende de   la calidad de sus datos. Los n\u00fameros de calle son esenciales para crear   una base de datos fiable en OSM.<br>\r\n\t\t\t  <br>\r\n\t\t    Con esta app, <strong>cualquiera puede ayudar<\/strong> a recopilar n\u00fameros de calle para OpenStreetMap, \u00a1simplemente instala   la app y divi\u00e9rtete! Haz algo entretenido y divertido la pr\u00f3xima vez que   salgas a pasear a tu perro o a dar una vuelta. Los datos recogidos se   pueden a\u00f1adir directamente a OpenStreetMap. Simplemente crea una cuenta   en <a rel=\"nofollow\" href=\"http:\/\/www.openstreetmap.org\" title=\"www.openstreetmap.org\" target=\"_blank\">www.openstreetmap.org<\/a>,   edita los n\u00fameros de calle registrados y s\u00fabelos a OSM. Unos minutos   despu\u00e9s, los nuevos n\u00fameros de calle registrados a nivel mundial se   muestran en OSM.<\/p>\r\n<div class=\"gl_space_top15\"><\/div>\r\n\t\t\t <div class=\"gl_space_top20\"><a class=\"gl_button_blue\" rel=\"nofollow\" href=\"http:\/\/wiki.openstreetmap.org\/wiki\/Keypad-Mapper_3\" target=\"_blank\">m\u00e1s informaci\u00f3n<\/a> <\/div>\r\n\t\t\t <p class=\"gl_space_top15\"><strong>\r\n\r\nLa aplicaci\u00f3n Keypad-Mapper 3 est\u00e1 disponibles para descargar en Google Play:\r\n<\/strong><\/p>\r\n\t\t\t  <div class=\"gl_space_top15\"><a class=\"gl_button_yellow\"  rel=\"nofollow\" href=\"https:\/\/play.google.com\/store\/apps\/details?id=de.enaikoon.android.keypadmapper3&#038;feature=search_result&#038;hl=es\" target=\"_blank\">Descargar Google Play<\/a> <\/div>\r\n<\/div>\r\n \r\n        <\/div>\r\n\t\t\t\r\n\t\t<div class=\"gl_row_space\"><\/div>\r\n\t<\/div>\r\n\r\n<\/div>","protected":false},"excerpt":{"rendered":"<p> [&hellip;]<\/p>\n","protected":false},"author":7,"featured_media":0,"parent":6324,"menu_order":0,"comment_status":"closed","ping_status":"closed","template":"","meta":{"footnotes":""},"acf":[],"_links":{"self":[{"href":"https:\/\/www.enaikoon.com\/es\/wp-json\/wp\/v2\/pages\/6334"}],"collection":[{"href":"https:\/\/www.enaikoon.com\/es\/wp-json\/wp\/v2\/pages"}],"about":[{"href":"https:\/\/www.enaikoon.com\/es\/wp-json\/wp\/v2\/types\/page"}],"author":[{"embeddable":true,"href":"https:\/\/www.enaikoon.com\/es\/wp-json\/wp\/v2\/users\/7"}],"replies":[{"embeddable":true,"href":"https:\/\/www.enaikoon.com\/es\/wp-json\/wp\/v2\/comments?post=6334"}],"version-history":[{"count":11,"href":"https:\/\/www.enaikoon.com\/es\/wp-json\/wp\/v2\/pages\/6334\/revisions"}],"predecessor-version":[{"id":11294,"href":"https:\/\/www.enaikoon.com\/es\/wp-json\/wp\/v2\/pages\/6334\/revisions\/11294"}],"up":[{"embeddable":true,"href":"https:\/\/www.enaikoon.com\/es\/wp-json\/wp\/v2\/pages\/6324"}],"wp:attachment":[{"href":"https:\/\/www.enaikoon.com\/es\/wp-json\/wp\/v2\/media?parent=6334"}],"curies":[{"name":"wp","href":"https:\/\/api.w.org\/{rel}","templated":true}]}}