{"id":6326,"date":"2016-08-01T08:25:58","date_gmt":"2016-08-01T08:25:58","guid":{"rendered":"https:\/\/www.enaikoon.com\/?page_id=6326"},"modified":"2022-11-09T20:28:25","modified_gmt":"2022-11-09T20:28:25","slug":"routes","status":"publish","type":"page","link":"https:\/\/www.enaikoon.com\/es\/movil\/plugins\/routes\/","title":{"rendered":"routes"},"content":{"rendered":"<div class=\"gl_slide_scroll_box\">\n<div class=\"gl_scroll_box\">\n<ul>\n \t<li style=\"list-style-type: none;\">\n<ul>\n \t<li><a class=\"gl_scroll_link_title\" title=\"routes\" href=\"https:\/\/www.enaikoon.com\/es\/movil\/plugins\/routes\/\">routes<\/a>\n<a title=\"routes\" href=\"https:\/\/www.enaikoon.com\/es\/movil\/plugins\/routes\/\"><img decoding=\"async\" class=\"gl_scroll_link_img_active\" src=\"https:\/\/www.enaikoon.com\/wp-content\/uploads\/2016\/07\/mobile_routes.png\" border=\"0\"><\/a><\/li>\n<\/ul>\n<\/li>\n<\/ul>\n<!--\n \t<li><a class=\"gl_scroll_link_title\" href=\"https:\/\/www.enaikoon.com\/es\/movil\/plugins\/nfc-tracker\/\" title=\"NFC-tracker\">NFC-tracker<\/a>\n<a href=\"https:\/\/www.enaikoon.com\/es\/movil\/plugins\/nfc-tracker\/\" title=\"NFC-tracker\"><img decoding=\"async\" class=\"gl_scroll_link_img\" src=\"https:\/\/www.enaikoon.com\/wp-content\/uploads\/2016\/07\/mobile_NFC.png\" border=\"0\"><\/a><\/li>\n \t<li><a class=\"gl_scroll_link_title\" href=\"https:\/\/www.enaikoon.com\/es\/movil\/plugins\/gps-details\/\" title=\"GPS-details\">GPS-details<\/a>\n<a href=\"https:\/\/www.enaikoon.com\/es\/movil\/plugins\/gps-details\/\" title=\"GPS-details\"><img decoding=\"async\" class=\"gl_scroll_link_img\" src=\"https:\/\/www.enaikoon.com\/wp-content\/uploads\/2016\/07\/mobile_GPS.png\" border=\"0\"><\/a><\/li>\n \t<li><a class=\"gl_scroll_link_title\" href=\"https:\/\/www.enaikoon.com\/es\/movil\/plugins\/keypad-mapper-3\/\" title=\"Keypad-Mapper 3\">Keypad-Mapper 3<\/a>\n<a href=\"https:\/\/www.enaikoon.com\/es\/movil\/plugins\/keypad-mapper-3\/\" title=\"Keypad-Mapper 3\"><img decoding=\"async\" class=\"gl_scroll_link_img\" src=\"https:\/\/www.enaikoon.com\/wp-content\/uploads\/2016\/07\/mobile_keypad.png\" border=\"0\"><\/a><\/li>\n \t<li><a class=\"gl_scroll_link_title\" href=\"https:\/\/www.enaikoon.com\/es\/movil\/plugins\/traffic-counter\/\" title=\"traffic-counter\">traffic-counter<\/a>\n<a href=\"https:\/\/www.enaikoon.com\/es\/movil\/plugins\/traffic-counter\/\" title=\"traffic-counter\"><img decoding=\"async\" class=\"gl_scroll_link_img\" src=\"https:\/\/www.enaikoon.com\/wp-content\/uploads\/2016\/07\/mobile_traffic.png\" border=\"0\"><\/a><\/li>\n-->\n\n<\/div>\n<\/div>\n<div class=\"row\">\n<div class=\"gl_border-page\">\n\n<div class=\"col-md-4\">\n<div class=\"clearfix\"><img decoding=\"async\" title=\"inViu routes\" src=\"https:\/\/www.enaikoon.com\/wp-content\/uploads\/2016\/07\/mobile_plugins1.png\" alt=\"inViu routes\" align=\"left\">&nbsp;&nbsp;&nbsp;&nbsp;&nbsp;&nbsp;&nbsp;\n<div class=\"gl_h2big\">inViu routes<\/div>\n<\/div>\n<div class=\"gl_space_top15\">&nbsp;<\/div>\n<div>\n<p class=\"gl_space_right10\"><em><strong>inViu routes<\/strong> emplea posiciones GPS para mostrar<\/em> <em>viajes en tiempo real en un mapa de la base de datos del proyecto<\/em> <em><a title=\"OpenStreetMap\" href=\"http:\/\/www.openstreetmap.org\/\" target=\"_blank\" rel=\"nofollow\" noreferrer\">OpenStreetMap\u00a9<\/a>.\n<\/em><em>Los datos de posici\u00f3n GPS recogidos pueden enviarse autom\u00e1ticamente al servidor de inViu o m\u00e1s tarde cuando se conecte al Wi-Fi.<\/em><\/p>\n<a title=\"ENAiKOON iD\" href=\"https:\/\/sso.enaikoon.de\/?locale=es\" target=\"_blank\" rel=\"nofollow\" noreferrer\">Registre una cuenta inViu<\/a>. Puede a\u00f1adir hasta 4 tel\u00e9fonos con Android a su cuenta inViu, ver su localizaci\u00f3n y movimientos, ya sea online en nuestro portal inViu web o en la aplicaci\u00f3n de m\u00f3vil inViu.\n\nEn ENAiKOON, <strong>su privacidad es muy importante<\/strong>: por eso no registramos o enviamos sus datos de localizaci\u00f3n y movimiento a terceras partes. ENAiKOON valora su privacidad, as\u00ed usted puede depositarnos su confianza sobre sus datos importantes. ENAiKOON se compromete a recoger los datos s\u00f3lo para mostrarlos en inViu. Aparte de este uso, <strong>no hay registro de datos<\/strong> de su ordenador o su tel\u00e9fono m\u00f3vil.\n\n<\/div>\n<div class=\"gl_space_top20\">&nbsp;<\/div>\n<div><iframe loading=\"lazy\" src=\"https:\/\/www.youtube-nocookie.com\/embed\/EupX-gtRDsc\" allowfullscreen=\"allowfullscreen\" width=\"288\" height=\"162\" frameborder=\"0\"><\/iframe><\/div>\n<\/div>\n\n<div class=\"col-md-4\">\n<div class=\"gl_space_top85\">&nbsp;<\/div>\n<div class=\"gl_space_left10\">\n<div class=\"gl_h4big\"><a href=\"https:\/\/www.enaikoon.com\/es\/movil\/plugins\/routes\/routes-caracteristicas-principales\/\">Caracter\u00edsticas principales<\/a><\/div>\n<div class=\"gl_ul_style2\">\n<ul>\n \t<li><a href=\"https:\/\/www.enaikoon.com\/es\/movil\/plugins\/routes\/routes-caracteristicas-principales\/\"><span style=\"color: #8f8f8f;\">localizaci\u00f3n de trackables<\/span><\/a><\/li>\n \t<li><a href=\"https:\/\/www.enaikoon.com\/es\/movil\/plugins\/routes\/routes-caracteristicas-principales\/\"><span style=\"color: #8f8f8f;\">registro de rutas<\/span><\/a><\/li>\n \t<li><a href=\"https:\/\/www.enaikoon.com\/es\/movil\/plugins\/routes\/routes-caracteristicas-principales\/\"><span style=\"color: #8f8f8f;\">planificaci\u00f3n de rutas<\/span><\/a><\/li>\n \t<li class=\"gl_space_right20_inv\"><a href=\"https:\/\/www.enaikoon.com\/es\/movil\/plugins\/routes\/routes-caracteristicas-principales\/\"><span style=\"color: #8f8f8f;\">Funci\u00f3n de fichar la entrada y salida <\/span><\/a><\/li>\n \t<li><a href=\"https:\/\/www.enaikoon.com\/es\/movil\/plugins\/routes\/routes-caracteristicas-principales\/\"><span style=\"color: #8f8f8f;\">messenger<\/span><\/a><\/li>\n \t<li><a href=\"https:\/\/www.enaikoon.com\/es\/movil\/plugins\/routes\/routes-caracteristicas-principales\/\"><span style=\"color: #8f8f8f;\">subir im\u00e1genes a inViu pro<\/span><\/a><\/li>\n \t<li><a href=\"https:\/\/www.enaikoon.com\/es\/movil\/plugins\/routes\/routes-caracteristicas-principales\/\"><span style=\"color: #8f8f8f;\">b\u00fasqueda de direcciones<\/span><\/a><\/li>\n \t<li><a href=\"https:\/\/www.enaikoon.com\/es\/movil\/plugins\/routes\/routes-caracteristicas-principales\/\"><span style=\"color: #8f8f8f;\">geo-notas <\/span><\/a><\/li>\n \t<li><a href=\"https:\/\/www.enaikoon.com\/es\/movil\/plugins\/routes\/routes-caracteristicas-principales\/\"><span style=\"color: #8f8f8f;\">fotos<\/span><\/a><\/li>\n \t<li><a href=\"https:\/\/www.enaikoon.com\/es\/movil\/plugins\/routes\/routes-caracteristicas-principales\/\"><span style=\"color: #8f8f8f;\">puntos de inter\u00e9s (PdI)<\/span><\/a><\/li>\n \t<li><a href=\"https:\/\/www.enaikoon.com\/es\/movil\/plugins\/routes\/routes-caracteristicas-principales\/\"><span style=\"color: #8f8f8f;\">guardar el lugar de estacionamiento<\/span><\/a><\/li>\n \t<li><a href=\"https:\/\/www.enaikoon.com\/es\/movil\/plugins\/routes\/routes-caracteristicas-principales\/\"><span style=\"color: #8f8f8f;\">modo tiempo libre<\/span><\/a><\/li>\n \t<li><a href=\"https:\/\/www.enaikoon.com\/es\/movil\/plugins\/routes\/routes-caracteristicas-principales\/\"><span style=\"color: #8f8f8f;\">widgets<\/span><\/a><\/li>\n \t<li><a href=\"https:\/\/www.enaikoon.com\/es\/movil\/plugins\/routes\/routes-caracteristicas-principales\/\"><span style=\"color: #8f8f8f;\">men\u00fas personalizables<\/span><\/a><\/li>\n \t<li><a href=\"https:\/\/www.enaikoon.com\/es\/movil\/plugins\/routes\/routes-caracteristicas-principales\/\"><span style=\"color: #8f8f8f;\">informaci\u00f3n general<\/span><\/a><\/li>\n<\/ul>\n<\/div>\n<div class=\"gl_space_top15\">&nbsp;<\/div>\n<div><a class=\"gl_button_blue\" href=\"https:\/\/www.enaikoon.com\/es\/movil\/plugins\/routes\/routes-caracteristicas-principales\/\">Caracter\u00edsticas routes<\/a><\/div>\n<div class=\"gl_space_top20\">&nbsp;<\/div>\n<div class=\"gl_h4big\">routes en inViu web<\/div>\n<div class=\"gl_space_top15\"><a title=\"inViu web\" href=\"https:\/\/www.enaikoon.com\/wp-content\/uploads\/2016\/08\/Ipad_new_web_15.png\" target=\"_blank\" rel=\"nofollow\" noreferrer\"><img decoding=\"async\" src=\"https:\/\/www.enaikoon.com\/wp-content\/uploads\/2016\/07\/mobile_routes1.png\" alt=\"inViu web\" border=\"0\"><\/a><\/div>\n<div class=\"gl_space_top20\">&nbsp;<\/div>\n<div class=\"gl_h4big\">Capturas de pantalla inViu routes<\/div>\n<div class=\"gl_space_top15\"><a title=\"rutas en el mapa\" href=\"https:\/\/www.enaikoon.com\/wp-content\/uploads\/2016\/08\/5bc69bb04f.png\" target=\"_blank\" rel=\"nofollow\" noopener noreferrer\"><img decoding=\"async\" loading=\"lazy\" src=\"https:\/\/www.enaikoon.com\/wp-content\/uploads\/2016\/08\/5bc69bb04f.png\" alt=\"rutas en el mapa\" width=\"260\" height=\"147\" border=\"0\"><\/a>&nbsp;&nbsp;&nbsp;&nbsp;&nbsp;&nbsp;&nbsp;\n<div style=\"display: none;\"><a title=\"rutas y imagen en el mapa\" href=\"https:\/\/www.enaikoon.com\/wp-content\/uploads\/2016\/08\/72f4d18d93.png\" target=\"_blank\" rel=\"nofollow\" noopener noreferrer\"><img decoding=\"async\" style=\"display: none;\" src=\"https:\/\/www.enaikoon.com\/wp-content\/uploads\/2016\/08\/72f4d18d93.png\" alt=\"rutas y imagen en el mapa\" border=\"0\"><\/a>\n<a title=\"lista de rutas\" href=\"https:\/\/www.enaikoon.com\/wp-content\/uploads\/2016\/08\/1db8b3a8f9.png\" target=\"_blank\" rel=\"nofollow\" noopener noreferrer\"><img decoding=\"async\" style=\"display: none;\" src=\"https:\/\/www.enaikoon.com\/wp-content\/uploads\/2016\/08\/1db8b3a8f9.png\" alt=\"lista de rutas\" border=\"0\"><\/a>\n<a title=\"detalles de rutas\" href=\"https:\/\/www.enaikoon.com\/wp-content\/uploads\/2016\/08\/1e889bba7c.png\" target=\"_blank\" rel=\"nofollow\" noopener noreferrer\"><img decoding=\"async\" style=\"display: none;\" src=\"https:\/\/www.enaikoon.com\/wp-content\/uploads\/2016\/08\/1e889bba7c.png\" alt=\"detalles de rutas\" border=\"0\"><\/a>&nbsp;&nbsp;&nbsp;&nbsp;&nbsp;&nbsp;&nbsp;\n\n<a title=\"velocidad y altitud\" href=\"https:\/\/www.enaikoon.com\/wp-content\/uploads\/2016\/08\/8b711b467c.png\" target=\"_blank\" rel=\"nofollow\" noopener noreferrer\"><img decoding=\"async\" style=\"display: none;\" src=\"https:\/\/www.enaikoon.com\/wp-content\/uploads\/2016\/08\/8b711b467c.png\" alt=\"velocidad y altitud\" border=\"0\"><\/a>\n<a title=\"listas de Pdi\" href=\"https:\/\/www.enaikoon.com\/wp-content\/uploads\/2016\/08\/408236e8b2.png\" target=\"_blank\" rel=\"nofollow\" noopener noreferrer\"><img decoding=\"async\" style=\"display: none;\" src=\"https:\/\/www.enaikoon.com\/wp-content\/uploads\/2016\/08\/408236e8b2.png\" alt=\"listas de Pdi\" border=\"0\"><\/a>\n<a title=\"detalles de Pdi\" href=\"https:\/\/www.enaikoon.com\/wp-content\/uploads\/2016\/08\/854784fe89.png\" target=\"_blank\" rel=\"nofollow\" noopener noreferrer\"><img decoding=\"async\" style=\"display: none;\" src=\"https:\/\/www.enaikoon.com\/wp-content\/uploads\/2016\/08\/854784fe89.png\" alt=\"detalles de Pdi\" border=\"0\"><\/a>\n<a title=\"trackables el mapa\" href=\"https:\/\/www.enaikoon.com\/wp-content\/uploads\/2016\/08\/145cd39b01.png\" target=\"_blank\" rel=\"nofollow\" noopener noreferrer\"><img decoding=\"async\" style=\"display: none;\" src=\"https:\/\/www.enaikoon.com\/wp-content\/uploads\/2016\/08\/145cd39b01.png\" alt=\"trackables el mapa\" border=\"0\"><\/a>\n\n<a title=\"geo-nota el mapa\" href=\"https:\/\/www.enaikoon.com\/wp-content\/uploads\/2016\/08\/332ee49527.png\" target=\"_blank\" rel=\"nofollow\" noopener noreferrer\"><img decoding=\"async\" style=\"display: none;\" src=\"https:\/\/www.enaikoon.com\/wp-content\/uploads\/2016\/08\/332ee49527.png\" alt=\"geo-nota el mapa\" border=\"0\"><\/a>\n<a title=\"detalles de geo-nota\" href=\"https:\/\/www.enaikoon.com\/wp-content\/uploads\/2016\/08\/ffd1732370.png\" target=\"_blank\" rel=\"nofollow\" noopener noreferrer\"><img decoding=\"async\" style=\"display: none;\" src=\"https:\/\/www.enaikoon.com\/wp-content\/uploads\/2016\/08\/ffd1732370.png\" alt=\"detalles de geo-nota\" border=\"0\"><\/a>\n<a title=\"pop-up trackables\" href=\"https:\/\/www.enaikoon.com\/wp-content\/uploads\/2016\/08\/ae34591804.png\" target=\"_blank\" rel=\"nofollow\" noopener noreferrer\"><img decoding=\"async\" style=\"display: none;\" src=\"https:\/\/www.enaikoon.com\/wp-content\/uploads\/2016\/08\/ae34591804.png\" alt=\"pop-up trackables\" border=\"0\"><\/a>\n<a title=\"planificador de rutas\" href=\"https:\/\/www.enaikoon.com\/wp-content\/uploads\/2016\/08\/f81fee2a96.png\" target=\"_blank\" rel=\"nofollow\" noopener noreferrer\"><img decoding=\"async\" style=\"display: none;\" src=\"https:\/\/www.enaikoon.com\/wp-content\/uploads\/2016\/08\/f81fee2a96.png\" alt=\"planificador de rutas\" border=\"0\"><\/a>\n\n<\/div>\n<\/div>\n<\/div>\n<\/div>\n\n<div class=\"col-md-4\">\n<div class=\"gl_space_top85\">&nbsp;<\/div>\n<div class=\"gl_space_left10\">\n<div class=\"gl_h4big\">Combinaci\u00f3n de dispositivos<\/div>\ninViu routes + <a title=\"GPS-details\" href=\"https:\/\/www.enaikoon.com\/es\/movil\/plugins\/gps-details\/\">GPS-details<\/a> + mobile-protector + <a title=\"traffic-counter\" href=\"https:\/\/www.enaikoon.com\/es\/movil\/plugins\/traffic-counter\/\">traffic-counter <\/a>= todo los plugins juntos en una todas las apps GPS son una soluci\u00f3n perfecta\n<div class=\"gl_space_top15\">&nbsp;<\/div>\n<div><a class=\"gl_button_blue\" href=\"https:\/\/www.enaikoon.com\/es\/contacto\/contacto\/\">cont\u00e1ctenos<\/a><\/div>\n<div><a class=\"gl_button_grey\" href=\"https:\/\/www.enaikoon.com\/fileadmin\/enaikoon\/Dateien\/pdf\/Einbauanleitung\/routes-how-to\/spanisch\/ENAiKOON_inViu_routes_guia_rapida.pdf\" target=\"_blank\" rel=\"nofollow\" noreferrer\">gu\u00eda r\u00e1pida<\/a><\/div>\n<div><a class=\"gl_button_grey\" href=\"https:\/\/www.enaikoon.com\/fileadmin\/enaikoon\/Dateien\/pdf\/Einbauanleitung\/routes-tr\/spanisch\/inViu_routes_visualizar_trackables.pdf\" target=\"_blank\" rel=\"nofollow\" noreferrer\">mostrar trackables<\/a><\/div>\n<div><a class=\"gl_button_yellow\" href=\"https:\/\/www.enaikoon.com\/es\/recursos\/media\/\">Video inViu routes<\/a><\/div>\n<div class=\"gl_space_top15\">&nbsp;<\/div>\n<div class=\"gl_h4big\">Descarga inViu routes\npara Android<\/div>\n<div><a class=\"gl_button_grey\" href=\"https:\/\/ota.enaikoon.de\/inViuRoutes\/release\/inViuRoutes.apk\" target=\"_blank\" rel=\"nofollow\">inViu routes app<\/a><\/div>\n<div>&nbsp;<\/div>\n<\/div>\n<\/div>\n<div class=\"gl_row_space\">&nbsp;<\/div>\n<\/div>\n\n<\/div>","protected":false},"excerpt":{"rendered":"<p> [&hellip;]<\/p>\n","protected":false},"author":7,"featured_media":0,"parent":6324,"menu_order":0,"comment_status":"closed","ping_status":"closed","template":"","meta":{"footnotes":""},"acf":[],"_links":{"self":[{"href":"https:\/\/www.enaikoon.com\/es\/wp-json\/wp\/v2\/pages\/6326"}],"collection":[{"href":"https:\/\/www.enaikoon.com\/es\/wp-json\/wp\/v2\/pages"}],"about":[{"href":"https:\/\/www.enaikoon.com\/es\/wp-json\/wp\/v2\/types\/page"}],"author":[{"embeddable":true,"href":"https:\/\/www.enaikoon.com\/es\/wp-json\/wp\/v2\/users\/7"}],"replies":[{"embeddable":true,"href":"https:\/\/www.enaikoon.com\/es\/wp-json\/wp\/v2\/comments?post=6326"}],"version-history":[{"count":25,"href":"https:\/\/www.enaikoon.com\/es\/wp-json\/wp\/v2\/pages\/6326\/revisions"}],"predecessor-version":[{"id":18772,"href":"https:\/\/www.enaikoon.com\/es\/wp-json\/wp\/v2\/pages\/6326\/revisions\/18772"}],"up":[{"embeddable":true,"href":"https:\/\/www.enaikoon.com\/es\/wp-json\/wp\/v2\/pages\/6324"}],"wp:attachment":[{"href":"https:\/\/www.enaikoon.com\/es\/wp-json\/wp\/v2\/media?parent=6326"}],"curies":[{"name":"wp","href":"https:\/\/api.w.org\/{rel}","templated":true}]}}