{"id":6319,"date":"2016-08-01T08:22:45","date_gmt":"2016-08-01T08:22:45","guid":{"rendered":"https:\/\/www.enaikoon.com\/?page_id=6319"},"modified":"2022-11-09T20:35:10","modified_gmt":"2022-11-09T20:35:10","slug":"movil","status":"publish","type":"page","link":"https:\/\/www.enaikoon.com\/es\/movil\/","title":{"rendered":"m\u00f3vil"},"content":{"rendered":"\n<div class=\"row row-slider\">\n\t\t\t<!-- START mobile_es REVOLUTION SLIDER 6.6.16 --><p class=\"rs-p-wp-fix\"><\/p>\n\t\t\t<rs-module-wrap id=\"rev_slider_53_1_wrapper\" data-source=\"gallery\" style=\"visibility:hidden;background:transparent;padding:0;margin:0px auto;margin-top:0;margin-bottom:0;\">\n\t\t\t\t<rs-module id=\"rev_slider_53_1\" style=\"\" data-version=\"6.6.16\">\n\t\t\t\t\t<rs-slides style=\"overflow: hidden; position: absolute;\">\n\t\t\t\t\t\t<rs-slide style=\"position: absolute;\" data-key=\"rs-77\" data-title=\"banner\" data-anim=\"adpr:false;\">\n\t\t\t\t\t\t\t<img src=\"\/\/www.enaikoon.com\/wp-content\/plugins\/revslider\/public\/assets\/assets\/dummy.png\" alt=\"\" title=\"m\u00f3vil\" class=\"rev-slidebg tp-rs-img rs-lazyload\" data-lazyload=\"\/\/www.enaikoon.com\/wp-content\/uploads\/2016\/07\/ENAiKOON_mobile_banner.png\" data-no-retina>\n<!--\n\t\t\t\t\t\t\t--><rs-layer\n\t\t\t\t\t\t\t\tid=\"slider-53-slide-77-layer-1\" \n\t\t\t\t\t\t\t\tdata-type=\"image\"\n\t\t\t\t\t\t\t\tdata-rsp_ch=\"on\"\n\t\t\t\t\t\t\t\tdata-text=\"l:22;\"\n\t\t\t\t\t\t\t\tdata-dim=\"w:998px;h:300px;\"\n\t\t\t\t\t\t\t\tdata-frame_0=\"tp:600;\"\n\t\t\t\t\t\t\t\tdata-frame_1=\"tp:600;e:power2.inOut;st:500;\"\n\t\t\t\t\t\t\t\tdata-frame_999=\"o:0;tp:600;e:nothing;st:w;\"\n\t\t\t\t\t\t\t\tstyle=\"z-index:5;\"\n\t\t\t\t\t\t\t><img src=\"\/\/www.enaikoon.com\/wp-content\/plugins\/revslider\/public\/assets\/assets\/dummy.png\" alt=\"\" class=\"tp-rs-img rs-lazyload\" data-lazyload=\"\/wp-content\/uploads\/2016\/07\/ENAiKOON_mobile_banner.png\" data-no-retina> \n\t\t\t\t\t\t\t<\/rs-layer><!--\n\n\t\t\t\t\t\t\t--><rs-layer\n\t\t\t\t\t\t\t\tid=\"slider-53-slide-77-layer-2\" \n\t\t\t\t\t\t\t\tclass=\"medium-blue-text\"\n\t\t\t\t\t\t\t\tdata-type=\"text\"\n\t\t\t\t\t\t\t\tdata-color=\"rgba(70,180,231,1)\"\n\t\t\t\t\t\t\t\tdata-rsp_ch=\"on\"\n\t\t\t\t\t\t\t\tdata-xy=\"x:540px;y:75px;\"\n\t\t\t\t\t\t\t\tdata-text=\"s:32;l:34;fw:700;\"\n\t\t\t\t\t\t\t\tdata-frame_0=\"y:50px;tp:600;\"\n\t\t\t\t\t\t\t\tdata-frame_1=\"tp:600;e:power2.inOut;st:800;sp:500;\"\n\t\t\t\t\t\t\t\tdata-frame_999=\"o:1;tp:600;e:nothing;st:w;\"\n\t\t\t\t\t\t\t\tstyle=\"z-index:6;font-family:'Myriad Pro';color:#12B9FF !important;letter-spacing:0px !important;\"\n\t\t\t\t\t\t\t>Localice y monitorice<br\/>\nen todo momento \n\t\t\t\t\t\t\t<\/rs-layer><!--\n\n\t\t\t\t\t\t\t--><rs-layer\n\t\t\t\t\t\t\t\tid=\"slider-53-slide-77-layer-3\" \n\t\t\t\t\t\t\t\tclass=\"small-brown-text\"\n\t\t\t\t\t\t\t\tdata-type=\"text\"\n\t\t\t\t\t\t\t\tdata-color=\"rgba(143,143,143,1)\"\n\t\t\t\t\t\t\t\tdata-rsp_ch=\"on\"\n\t\t\t\t\t\t\t\tdata-xy=\"x:540px;y:162px;\"\n\t\t\t\t\t\t\t\tdata-text=\"s:16;l:20;\"\n\t\t\t\t\t\t\t\tdata-frame_0=\"y:50px;tp:600;\"\n\t\t\t\t\t\t\t\tdata-frame_1=\"tp:600;e:power2.inOut;st:800;sp:500;\"\n\t\t\t\t\t\t\t\tdata-frame_999=\"o:1;tp:600;e:nothing;st:w;\"\n\t\t\t\t\t\t\t\tstyle=\"z-index:7;font-family:'Myriad Pro';letter-spacing:1 !important;font-size:14.4px;line-height:17px;\"\n\t\t\t\t\t\t\t>Las aplicaciones m\u00f3viles ENAiKOON le mantienen<br\/>\ninformado de todo lo que sucede en cualquier lugar\n \n\t\t\t\t\t\t\t<\/rs-layer><!--\n\n\t\t\t\t\t\t\t--><rs-layer\n\t\t\t\t\t\t\t\tid=\"slider-53-slide-77-layer-4\" \n\t\t\t\t\t\t\t\tdata-type=\"text\"\n\t\t\t\t\t\t\t\tdata-color=\"rgba(255,255,255,1)\"\n\t\t\t\t\t\t\t\tdata-rsp_ch=\"on\"\n\t\t\t\t\t\t\t\tdata-xy=\"x:540px;y:210px;\"\n\t\t\t\t\t\t\t\tdata-text=\"l:22;\"\n\t\t\t\t\t\t\t\tdata-frame_0=\"y:50px;tp:600;\"\n\t\t\t\t\t\t\t\tdata-frame_1=\"tp:600;e:power2.inOut;st:800;sp:500;\"\n\t\t\t\t\t\t\t\tdata-frame_999=\"o:1;tp:600;e:nothing;st:w;\"\n\t\t\t\t\t\t\t\tstyle=\"z-index:8;font-family:'';\"\n\t\t\t\t\t\t\t><a class=\"gl_button_yellow\" href=\"\/es\/recursos\/media\/\">V\u00eddeo inViu routes<\/a> \n\t\t\t\t\t\t\t<\/rs-layer><!--\n-->\t\t\t\t\t\t<\/rs-slide>\n\t\t\t\t\t<\/rs-slides>\n\t\t\t\t<\/rs-module>\n\t\t\t\t<script>\n\t\t\t\t\tsetREVStartSize({c: 'rev_slider_53_1',rl:[1240,1024,778,480],el:[],gw:[998],gh:[300],type:'standard',justify:'',layout:'fullwidth',mh:\"0\"});if (window.RS_MODULES!==undefined && window.RS_MODULES.modules!==undefined && window.RS_MODULES.modules[\"revslider531\"]!==undefined) {window.RS_MODULES.modules[\"revslider531\"].once = false;window.revapi53 = undefined;if (window.RS_MODULES.checkMinimal!==undefined) window.RS_MODULES.checkMinimal()}\n\t\t\t\t<\/script>\n\t\t\t<\/rs-module-wrap>\n\t\t\t<!-- END REVOLUTION SLIDER -->\n<\/div>\n<div style=\"height:50px;\"><\/div>\n<p><div class=\"row\"><br>\n\t\t<div class=\"col-md-6\"><\/p>\n<p>           <\/p><div class=\"gl_h2big\" style=\"margin-top:-3px\">inViu aplicaciones m\u00f3viles<\/div>\n<div class=\"gl_mobile_app_icon\">\n  <a href=\"https:\/\/www.enaikoon.com\/es\/movil\/plugins\/routes\/\" title=\"routes\"><img decoding=\"async\" loading=\"lazy\" src=\"https:\/\/www.enaikoon.com\/wp-content\/uploads\/2016\/07\/mobile_icon1.jpg\" alt=\"routes\" width=\"54\" height=\"138\" border=\"0\"><\/a>\n<!--\n<p>  <a href=\"https:\/\/www.enaikoon.com\/es\/movil\/plugins\/nfc-tracker\/\" title=\"NFC-tracker\"><img decoding=\"async\" loading=\"lazy\" src=\"https:\/\/www.enaikoon.com\/wp-content\/uploads\/2016\/07\/mobile_icon2.jpg\" alt=\"NFC-tracker\" width=\"54\" height=\"138\" border=\"0\"><\/a><br>\n  <a href=\"https:\/\/www.enaikoon.com\/es\/movil\/plugins\/gps-details\/\" title=\"GPS-details\"><img decoding=\"async\" loading=\"lazy\" src=\"https:\/\/www.enaikoon.com\/wp-content\/uploads\/2016\/07\/mobile_icon3.jpg\" alt=\"GPS-details\" width=\"54\" height=\"138\" border=\"0\"><\/a><br>\n  <a href=\"https:\/\/www.enaikoon.com\/es\/movil\/plugins\/traffic-counter\/\" title=\"traffic-counter\"><img decoding=\"async\" loading=\"lazy\" src=\"https:\/\/www.enaikoon.com\/wp-content\/uploads\/2016\/07\/mobile_icon4.jpg\" alt=\"traffic-counter\" width=\"54\" height=\"138\" border=\"0\"><\/a>\n<\/p>\n-->\n<\/div>\n<div class=\"gl_space_top9\">Aplicaci\u00f3n m\u00f3vil GPS &#8211; por Android\u2122<br>\n\u00a1Proteja, gestione y comparta!<\/div>\n<p>           <\/p><div class=\"gl_space_top16\"><a class=\"gl_button_blue\" href=\"https:\/\/www.enaikoon.com\/es\/movil\/plugins\/routes\/\">Descargar ahora<\/a> <\/div>\n<p>&nbsp;<\/p>\n<div class=\"gl_space_top16\">&nbsp;<\/div>\n<p>&nbsp;<\/p>\n<p>         <\/div><\/p>\n\n\n<div class=\"col-md-6\"><\/p>\n<!--\n<div class=\"gl_h2big\" style=\"margin-top:-3px\">comunidad aplicaciones m\u00f3viles<\/div>\n<div class=\"gl_mobile_app_icon\">\n  <a href=\"https:\/\/www.enaikoon.com\/es\/movil\/plugins\/keypad-mapper-3\/\" title=\"keypad-mapper 3\"><img decoding=\"async\" loading=\"lazy\" src=\"https:\/\/www.enaikoon.com\/wp-content\/uploads\/2016\/07\/mobile_icon5.png\" alt=\"keypad-mapper 3\" width=\"54\" height=\"138\" border=\"0\"><\/a>\n<p>             <\/p><\/div>\n<p>           <\/p><p class=\"gl_space_top9\">Estas community apps se han dise\u00f1ado para contribuir a los proyectos de c\u00f3digo abierto OpenStreetMap.<\/p>\n<div class=\"gl_space_top16\"><a class=\"gl_button_blue\" href=\"https:\/\/www.enaikoon.com\/es\/movil\/plugins\/keypad-mapper-3\/\">Descargar ahora<\/a> <\/div>\n<p>              <\/p><div class=\"gl_space_top16\"><\/div>\n<div class=\"gl_h2big\">Pr\u00e1ctico y f\u00e1cil<\/div>\n<p>             <\/p><div class=\"gl_space_top2\">Con nuestra amplia gama de aplicaciones m\u00f3viles puede controlar y gestionar su equipo f\u00e1cilmente, a la vez que protege sus m\u00e1quinas. Eche un vistazo a nuestra <a href=\"https:\/\/www.enaikoon.com\/es\/movil\/plugins\/routes\/\" title=\"gama de aplicaciones m\u00f3viles profesionales\">gama de aplicaciones m\u00f3viles profesionales<\/a><\/div>\n-->\n<p>        <\/div>\n\n<p> <\/p><div class=\"gl_row_space\"><\/div>\n<p> <\/div>\n\n\n\n<div class=\"row\"><br>\n\t\t<div class=\"col-md-8\"><\/p><div class=\"gl_space_pageleft\">\n<div class=\"gl_h2big\">inViu aplicaciones m\u00f3viles<\/div>\n<p>Experimente la innovadora y completa colecci\u00f3n de aplicaciones GPS en su tel\u00e9fono m\u00f3vil. Con inViu aplicationes m\u00f3viles podr\u00e1:<\/p>\n<p> <\/p><div class=\"gl_space_top10\"><\/div>\n<p>\t <\/p><div class=\"gl_ul_style2\">\n        <ul type=\"square\">\n<li>Localizaci\u00f3n, rutas, puntos de inter\u00e9s e im\u00e1genes en el mapa<\/li>\n<li>Posici\u00f3n GPS v\u00eda torre telefon\u00eda m\u00f3vil<\/li>\n<li>Muestra de los sat\u00e9lites en \u00f3rbita <\/li>\n<li>Br\u00fajula y veloc\u00edmetro<\/li>\n<li>Control remoto en caso de p\u00e9rdida o robo<\/li>\n<li>Protecci\u00f3n antirrobo <\/li>\n<li>Contador de tr\u00e1fico<\/li>\n<p>        <\/p><\/ul>\n<p>\t<\/p><\/div>\n<p><a href=\"https:\/\/sso.enaikoon.de\/?locale=es\" title=\"Inicio sesi\u00f3n\" target=\"_blank\" rel=\"nofollow\"><span id=\"result_box\" lang=\"es\">Inicie<\/span> sesi\u00f3n<\/a> con su nombre de usuario o <a href=\"https:\/\/sso.enaikoon.de\/?locale=es\" title=\"Registro\" target=\"_blank\" rel=\"nofollow\">reg\u00edstrese<\/a>. Cuando usted est\u00e1 online, transfiere su ubicaci\u00f3n y rutas de forma autom\u00e1tica a<a href=\"https:\/\/www.enaikoon.com\/es\/software-es\/\" title=\"inViu\"> inViu<\/a>. 4 \u00abtrackables\u00bb gratuitos por cuenta de usuario.<\/p>\n<p>\t\t<\/p><\/div>\n<p>       <\/div><\/p>\n<p>\t\t<div class=\"col-md-4\">\n        <\/p><div class=\"gl_space_pageright\">\n   \t\t  <div class=\"gl_h2big\"><a href=\"https:\/\/www.enaikoon.com\/es\/movil\/plugins\/routes\/\" title=\"Descargar versi\u00f3n gratuita\">Descargar<br>versi\u00f3n gratuita<\/a><\/div>\n<p>            <\/p><div class=\"gl_space_top15\"><\/div>\n<div><a class=\"gl_button_grey\" href=\"https:\/\/ota.enaikoon.de\/inViuRoutes\/release\/inViuRoutes.apk\" target=\"_blank\" rel=\"nofollow\">inViu routes app<\/a><\/div>\n<\/div>\n<p>          <\/div><\/p>\n<p>         <\/p><div class=\"gl_row_space\"><\/div>\n<p>\t<\/p><div class=\"gl_line\"><\/div>\n<p><\/div>\n\n <div class=\"row\">\n\t<\/p>\n<div class=\"col-md-4\"><\/p>\n<p>\t\t<\/p><div class=\"image_center\"><a href=\"https:\/\/www.enaikoon.com\/es\/contacto\/consulte-a-un-experto\/\" title=\"Reserve hora para una llamada\"><img decoding=\"async\" src=\"https:\/\/www.enaikoon.com\/wp-content\/uploads\/2016\/07\/Callback-icon_23.png\" alt=\"Reserve hora para una llamada\" border=\"0\"><\/a><\/div>\n<p>\t<\/p><div class=\"gl_h4big\"><a href=\"https:\/\/www.enaikoon.com\/es\/contacto\/consulte-a-un-experto\/\">Especifique una hora de contacto<\/a><\/div>\n<p>\t<\/p><div class=\"gl_space_right10\">\u00bfTiene una agenda apretada? Nuestros expertos le llamar\u00e1n gratuitamente <a href=\"https:\/\/www.enaikoon.com\/es\/contacto\/contacto\/\">a la hora que nos indique (de 8:30 a 17:30 CET)<\/a><\/div>\n<p>\t<\/div>\n<div class=\"col-md-4\"><\/p>\n<p>\t\t<\/p><div class=\"image_center\"><a href=\"https:\/\/www.enaikoon.com\/es\/blog\/\" title=\"ENAiKOON Blog\"><img decoding=\"async\" src=\"https:\/\/www.enaikoon.com\/wp-content\/uploads\/2016\/07\/blog-icon_6e3a10.png\" alt=\"Read the ENAiKOON Blog to learn more about telematics\" border=\"0\"><\/a><\/div>\n<p>\t<\/p><div class=\"gl_h4big\"><a href=\"https:\/\/www.enaikoon.com\/es\/blog\/\">BLOG<\/a><\/div>\n<div>P\u00f3ngase en contacto con usuarios con experiencia y t\u00e9cnicos de ENAiKOON <a href=\"https:\/\/www.enaikoon.com\/es\/blog\/\">para sacar el m\u00e1ximo partido de inViu y nuestras soluciones telem\u00e1ticas<\/a><\/div>\n<p>\t<\/div>\n<div class=\"col-md-4\"><\/p><div class=\"gl_space_right10\">\n<p>\t\t<\/p><div class=\"image_center\"><a href=\"https:\/\/www.enaikoon.com\/es\/contacto\/prueba-gratuita\/\" title=\"\u00a1Pru\u00e9belo ahora!\"><img decoding=\"async\" src=\"https:\/\/www.enaikoon.com\/wp-content\/uploads\/2016\/07\/Try-n-Buy-icon_11.png\" alt=\"Pruebe nuestro kit de prueba gratuito y descubra los beneficios de los servicios de telem\u00e1tica de ENAiKOON\" border=\"0\"><\/a><\/div>\n<p>\t\t<\/p><div class=\"gl_h4big\"><a href=\"https:\/\/www.enaikoon.com\/es\/contacto\/prueba-gratuita\/\">Kit de prueba gratuito<\/a><\/div>\n<div>inViu demo es el primer paso para conseguir una soluci\u00f3n telem\u00e1tica<br>\nde ENAiKOON.<br>\n<a href=\"https:\/\/www.enaikoon.com\/es\/contacto\/prueba-gratuita\/\">\u00a1Solicite ahora un kit de prueba gratuito<\/a><\/div>\n<p>\t<\/div>\n<div class=\"gl_space_pagebot\">&nbsp;<\/div>\n<p><\/div><\/p><\/div>\n","protected":false},"excerpt":{"rendered":"","protected":false},"author":7,"featured_media":0,"parent":0,"menu_order":0,"comment_status":"closed","ping_status":"closed","template":"","meta":{"footnotes":""},"acf":[],"_links":{"self":[{"href":"https:\/\/www.enaikoon.com\/es\/wp-json\/wp\/v2\/pages\/6319"}],"collection":[{"href":"https:\/\/www.enaikoon.com\/es\/wp-json\/wp\/v2\/pages"}],"about":[{"href":"https:\/\/www.enaikoon.com\/es\/wp-json\/wp\/v2\/types\/page"}],"author":[{"embeddable":true,"href":"https:\/\/www.enaikoon.com\/es\/wp-json\/wp\/v2\/users\/7"}],"replies":[{"embeddable":true,"href":"https:\/\/www.enaikoon.com\/es\/wp-json\/wp\/v2\/comments?post=6319"}],"version-history":[{"count":21,"href":"https:\/\/www.enaikoon.com\/es\/wp-json\/wp\/v2\/pages\/6319\/revisions"}],"predecessor-version":[{"id":18777,"href":"https:\/\/www.enaikoon.com\/es\/wp-json\/wp\/v2\/pages\/6319\/revisions\/18777"}],"wp:attachment":[{"href":"https:\/\/www.enaikoon.com\/es\/wp-json\/wp\/v2\/media?parent=6319"}],"curies":[{"name":"wp","href":"https:\/\/api.w.org\/{rel}","templated":true}]}}