{"id":6309,"date":"2016-08-01T08:19:12","date_gmt":"2016-08-01T08:19:12","guid":{"rendered":"https:\/\/www.enaikoon.com\/?page_id=6309"},"modified":"2016-08-13T14:28:01","modified_gmt":"2016-08-13T14:28:01","slug":"driver-id","status":"publish","type":"page","link":"https:\/\/www.enaikoon.com\/es\/dispositivos\/accesorios\/driver-id\/","title":{"rendered":"driver-id"},"content":{"rendered":"<div class=\"gl_slide_scroll_box\">\r\n\t<div class=\"gl_scroll_box\">\r\n <noindex><\/noindex>        <ul>\r\n            <li><a class=\"gl_scroll_link_title\" href=\"https:\/\/www.enaikoon.com\/es\/dispositivos\/accesorios\/sim-card\/\" title=\"SIM-card\">SIM-card<\/a><br\/>\r\n            <a href=\"https:\/\/www.enaikoon.com\/es\/dispositivos\/accesorios\/sim-card\/\" title=\"SIM-card\"><img decoding=\"async\" class=\"gl_scroll_link_img\" src=\"https:\/\/www.enaikoon.com\/wp-content\/uploads\/2016\/07\/SIM-card.png\" border=\"0\" alt=\"\"><\/a><\/li>\r\n            \r\n          \t<li><a class=\"gl_scroll_link_title\" href=\"https:\/\/www.enaikoon.com\/es\/dispositivos\/accesorios\/sensor-ultrasonico\/\" title=\"sensor ultras\u00f3nico\">sensor ultras\u00f3nico<\/a><br\/>\r\n            <a href=\"https:\/\/www.enaikoon.com\/es\/dispositivos\/accesorios\/sensor-ultrasonico\/\" title=\"sensor ultras\u00f3nico\"><img decoding=\"async\" class=\"gl_scroll_link_img\" src=\"https:\/\/www.enaikoon.com\/wp-content\/uploads\/2016\/07\/fuel-level.png\" border=\"0\" alt=\"\"><\/a><\/li>\r\n            \r\n            <li><a class=\"gl_scroll_link_title\" href=\"https:\/\/www.enaikoon.com\/es\/dispositivos\/accesorios\/sensor-capacitivo\/\" title=\"sensor capacitivo\">sensor capacitivo<\/a><br\/>\r\n            <a href=\"https:\/\/www.enaikoon.com\/es\/dispositivos\/accesorios\/sensor-capacitivo\/\" title=\"sensor capacitivo\"><img decoding=\"async\" class=\"gl_scroll_link_img\" src=\"https:\/\/www.enaikoon.com\/wp-content\/uploads\/2016\/07\/capacitive.png\" border=\"0\" alt=\"\"><\/a><\/li>\r\n            \r\n            <li><a class=\"gl_scroll_link_title\" href=\"https:\/\/www.enaikoon.com\/es\/dispositivos\/accesorios\/temp-sensor\/\" title=\"temp-sensor\">temp-sensor<\/a><br\/>\r\n            <a href=\"https:\/\/www.enaikoon.com\/es\/dispositivos\/accesorios\/temp-sensor\/\" title=\"temp-sensor\"><img decoding=\"async\" class=\"gl_scroll_link_img\" src=\"https:\/\/www.enaikoon.com\/wp-content\/uploads\/2016\/07\/temp.png\" border=\"0\" alt=\"\"><\/a><\/li>\r\n            \r\n            <li><a class=\"gl_scroll_link_title\" href=\"https:\/\/www.enaikoon.com\/es\/dispositivos\/accesorios\/antenna\/\" title=\"antenna\">antenna<\/a><br\/>\r\n            <a href=\"https:\/\/www.enaikoon.com\/es\/dispositivos\/accesorios\/antenna\/\" title=\"antenna\"><img decoding=\"async\" class=\"gl_scroll_link_img\" src=\"https:\/\/www.enaikoon.com\/wp-content\/uploads\/2016\/07\/antenna.png\" border=\"0\" alt=\"\"><\/a><\/li>\r\n            \r\n            <li><a class=\"gl_scroll_link_title\" href=\"https:\/\/www.enaikoon.com\/es\/dispositivos\/accesorios\/display\/\" title=\"display\">display<\/a><br\/>\r\n            <a href=\"https:\/\/www.enaikoon.com\/es\/dispositivos\/accesorios\/display\/\" title=\"display\"><img decoding=\"async\" class=\"gl_scroll_link_img\" src=\"https:\/\/www.enaikoon.com\/wp-content\/uploads\/2016\/07\/display.png\" border=\"0\" alt=\"\"><\/a><\/li>\r\n            \r\n            <li><a class=\"gl_scroll_link_title\" href=\"https:\/\/www.enaikoon.com\/es\/dispositivos\/accesorios\/driver-id\/\" title=\"driver-id\">driver-id<\/a><br\/>\r\n            <a href=\"https:\/\/www.enaikoon.com\/es\/dispositivos\/accesorios\/driver-id\/\" title=\"driver-id\"><img decoding=\"async\" class=\"gl_scroll_link_img_active\" src=\"https:\/\/www.enaikoon.com\/wp-content\/uploads\/2016\/07\/driver-id.png\" border=\"0\" alt=\"\"><\/a><\/li>\r\n            \r\n            <li><a class=\"gl_scroll_link_title\" href=\"https:\/\/www.enaikoon.com\/es\/dispositivos\/accesorios\/battery\/\" title=\"battery\">battery<\/a><br\/>\r\n            <a href=\"https:\/\/www.enaikoon.com\/es\/dispositivos\/accesorios\/battery\/\" title=\"battery\"><img decoding=\"async\" class=\"gl_scroll_link_img\" src=\"https:\/\/www.enaikoon.com\/wp-content\/uploads\/2016\/07\/battery.png\" border=\"0\" alt=\"\"><\/a><\/li>\r\n            \r\n            <li><a class=\"gl_scroll_link_title\" href=\"https:\/\/www.enaikoon.com\/es\/dispositivos\/accesorios\/buzzer\/\" title=\"buzzer\">buzzer<\/a><br\/>\r\n            <a href=\"https:\/\/www.enaikoon.com\/es\/dispositivos\/accesorios\/buzzer\/\" title=\"buzzer\"><img decoding=\"async\" class=\"gl_scroll_link_img\" src=\"https:\/\/www.enaikoon.com\/wp-content\/uploads\/2016\/07\/buzzer.png\" border=\"0\" alt=\"\"><\/a><\/li>\r\n            \r\n            <li><a class=\"gl_scroll_link_title\" href=\"https:\/\/www.enaikoon.com\/es\/dispositivos\/accesorios\/camera\/\" title=\"camera\">camera<\/a><br\/>\r\n            <a href=\"https:\/\/www.enaikoon.com\/es\/dispositivos\/accesorios\/camera\/\" title=\"camera\"><img decoding=\"async\" class=\"gl_scroll_link_img\" src=\"https:\/\/www.enaikoon.com\/wp-content\/uploads\/2016\/07\/camera.png\" border=\"0\" alt=\"\"><\/a><\/li>\r\n            \r\n            <li><a class=\"gl_scroll_link_title\" href=\"https:\/\/www.enaikoon.com\/es\/dispositivos\/accesorios\/case\/\" title=\"case\">case<\/a><br\/>\r\n            <a href=\"https:\/\/www.enaikoon.com\/es\/dispositivos\/accesorios\/case\/\" title=\"case\"><img decoding=\"async\" class=\"gl_scroll_link_img\" src=\"https:\/\/www.enaikoon.com\/wp-content\/uploads\/2016\/07\/case.png\" border=\"0\" alt=\"\"><\/a><\/li>\r\n          \r\n        <\/ul>\r\n\r\n    <\/div>\r\n<\/div>\r\n\r\n<div class=\"row\">\r\n\r\n<div class=\"gl_border-page\">\r\n\t\t\r\n\t\t<div class=\"col-md-4\">\r\n\t\r\n\t\t<h2>ENAiKOON<br>driver-id<\/h2>\r\n\t\t<div class=\"clearfix\"><a rel=\"nofollow\" href=\"https:\/\/www.enaikoon.com\/wp-content\/uploads\/2016\/07\/ENAiKOON_AccDriverTag_368x300_A_07.png\" title=\"ENAiKOON driver-id\"><img decoding=\"async\" src=\"https:\/\/www.enaikoon.com\/wp-content\/uploads\/2016\/07\/e4e75670e7.png\" border=\"0\" align=\"left\" class=\"gl_space_bottom10\" alt=\"ENAiKOON driver-id se usa para identificar empleados y monitorizar con precisi\u00f3n su actividad\"\/><\/a><\/div>\r\n\t\t<div class=\"gl_h5-italic\">Con <strong>ENAiKOON driver-id<\/strong> ponemos a su disposici\u00f3n la tecnolog\u00eda m\u00e1s avanzada para sus procesos de gesti\u00f3n laboral que le permitir\u00e1 identificar a sus conductores, operadores y dem\u00e1s trabajadores, con el fin de controlar y optimizar sus actividades. <\/div>\r\n\t\t<div>&nbsp;<\/div>\r\n\t\t<div class=\"gl_h4big\">Caracter\u00edsticas principales<\/div>\r\n\t\t<ul type=\"square\" class=\"gl_space_ul2\">\r\n\t\t\t<li class=\"gl_space_li\">Control de acceso, uso y asistencia: los trabajadores pueden registrarse al utilizar una m\u00e1quina o al entrar o salir de alg\u00fan \u00e1rea de trabajo<\/li>\r\n\t\t\t<li class=\"gl_space_li\">Registro de tiempos de trabajadores m\u00f3viles<\/li>\r\n\t\t\t<li class=\"gl_space_li\">Supervisi\u00f3n de tareas y control del cumplimiento de funciones<\/li>\r\n\t\t\t<li class=\"gl_space_li\">Asignaci\u00f3n de costos<\/li>\t\t\r\n\t\t<\/ul>\r\n\r\n\t\t<\/div>\r\n\t\t\r\n\t\t<div class=\"col-md-4\">\r\n\t\t\r\n\t\t<div class=\"gl_h4big\">Detalles t\u00e9cnicos<\/div>\r\n\t\t<div>Se compone de:<\/div>\r\n\t\t<div>&nbsp;<\/div>\t\r\n\t\t<div class=\"gl_h5big\">ENAiKOON iButton<\/div>\r\n\t\t<div class=\"clearfix\">\r\n\t\t\t<div><a rel=\"nofollow\" href=\"https:\/\/www.enaikoon.com\/wp-content\/uploads\/2016\/07\/iButton_200x204_2_inactive_07.png\" title=\"ENAiKOON iButton\"><img decoding=\"async\" src=\"https:\/\/www.enaikoon.com\/wp-content\/uploads\/2016\/07\/886d23e335.png\" border=\"0\" align=\"left\" class=\"gl_space_right10top5\" alt=\"ENAiKOON iButton es el dispositivo usado por los empleados para identificarse\"\/><\/a><\/div>\r\n\t\t\t<div>Tiene un n\u00famero \u00fanico en el mundo, es indestructible y ligero, se puede a\u00f1adir f\u00e1cilmente a un llavero.<\/div>\r\n\t\t<\/div>\r\n\t\t<div>&nbsp;<\/div>\r\n\t\t<div class=\"gl_h5big\">ENAiKOON driver-id reader<\/div>\r\n\t\t<div class=\"clearfix\">\r\n\t\t\t<div><a rel=\"nofollow\" href=\"https:\/\/www.enaikoon.com\/wp-content\/uploads\/2016\/07\/DriverID_200x204_inactive_07.png\" title=\"ENAiKOON driver-id reader\"><img decoding=\"async\" src=\"https:\/\/www.enaikoon.com\/wp-content\/uploads\/2016\/07\/3f11c91eba.png\" border=\"0\" align=\"left\" class=\"gl_space_right10top5\" alt=\"ENAiKOON driver-id reader se usa para identificar un empleado con un iButton\"\/><\/a><\/div>\r\n\t\t\t<div><strong>Con 2 sensores<\/strong><br>se puede montar dentro o fuera de un veh\u00edculo gracias a su carcasa impermeable.<\/div>\r\n\t\t<\/div>\r\n\t\t<div>&nbsp;<\/div>\r\n\t\t<div class=\"clearfix\">\r\n\t\t\t<div><a rel=\"nofollow\" href=\"https:\/\/www.enaikoon.com\/wp-content\/uploads\/2016\/07\/IDreader_200x204_inactive_07.png\" title=\"ENAiKOON driver-id reader\"><img decoding=\"async\" src=\"https:\/\/www.enaikoon.com\/wp-content\/uploads\/2016\/07\/8cf8886266.png\" border=\"0\" align=\"left\" class=\"gl_space_right10top5\" alt=\"ENAiKOON driver-id reader se usa para identificar un empleado con un iButton\"\/><\/a><\/div>\r\n\t\t\t<div><strong>Con 1 sensor<\/strong><br>El lector es resistente a la intemperie y puede ser incorporado f\u00e1cilmente en un panel o montado en el exterior de camiones o  equipos de construcci\u00f3n. Existen dos variaciones: una con sensor magn\u00e9tico y otra sin. El iButton magn\u00e9tico seguir\u00e1 fijado al sensor magn\u00e9tico.<\/div>\r\n\t\t<\/div>\r\n\r\n\t\t<\/div>\r\n\t\t\r\n\t\t<div class=\"col-md-4\">\r\n\t\t\r\n\t\t<div class=\"gl_h4big\">Combinaci\u00f3n de dispositivos<\/div>\r\n\t\t<div>ENAiKOON driver-id + <a href=\"https:\/\/www.enaikoon.com\/es\/dispositivos\/gama-locate\/locate-04\/\" title=\"ENAiKOON locate-04\">ENAiKOON locate-04<\/a> + <a href=\"https:\/\/www.enaikoon.com\/es\/software-es\/inviu-pro\/\" title=\"inViu pro\">inViu pro<\/a> = localizaci\u00f3n precisa GPS, con informes que muestran la actividad de cada veh\u00edculo y de toda la flota, ahorrando tiempo y dinero.<\/div>\r\n\t\t<div><a class=\"gl_button_grey\" rel=\"nofollow\" href=\"https:\/\/www.enaikoon.com\/fileadmin\/enaikoon\/Dateien\/pdf\/Datenblatt\/driver-id\/spanisch\/ENAiKOON_driver-id_hojas_de_datos.pdf\" target=\"_blank\">Descargar PDF<\/a><\/div>\r\n\t\t<div><a class=\"gl_button_yellow\" href=\"https:\/\/www.enaikoon.com\/es\/dispositivos\/gama-locate\/locate-03\/\">gama locate<\/a><\/div>\r\n\t\t<div><a class=\"gl_button_blue\" href=\"https:\/\/www.enaikoon.com\/es\/contacto\/contacto\/\">cont\u00e1ctenos<\/a><\/div>\r\n\r\n\t\t\r\n\t\t<\/div>\r\n\t\t\r\n\t\t<div class=\"gl_row_space\"><\/div>\r\n<\/div>\r\n<\/div>","protected":false},"excerpt":{"rendered":"<p> [&hellip;]<\/p>\n","protected":false},"author":7,"featured_media":0,"parent":6294,"menu_order":0,"comment_status":"closed","ping_status":"closed","template":"","meta":{"footnotes":""},"acf":[],"_links":{"self":[{"href":"https:\/\/www.enaikoon.com\/es\/wp-json\/wp\/v2\/pages\/6309"}],"collection":[{"href":"https:\/\/www.enaikoon.com\/es\/wp-json\/wp\/v2\/pages"}],"about":[{"href":"https:\/\/www.enaikoon.com\/es\/wp-json\/wp\/v2\/types\/page"}],"author":[{"embeddable":true,"href":"https:\/\/www.enaikoon.com\/es\/wp-json\/wp\/v2\/users\/7"}],"replies":[{"embeddable":true,"href":"https:\/\/www.enaikoon.com\/es\/wp-json\/wp\/v2\/comments?post=6309"}],"version-history":[{"count":3,"href":"https:\/\/www.enaikoon.com\/es\/wp-json\/wp\/v2\/pages\/6309\/revisions"}],"predecessor-version":[{"id":8288,"href":"https:\/\/www.enaikoon.com\/es\/wp-json\/wp\/v2\/pages\/6309\/revisions\/8288"}],"up":[{"embeddable":true,"href":"https:\/\/www.enaikoon.com\/es\/wp-json\/wp\/v2\/pages\/6294"}],"wp:attachment":[{"href":"https:\/\/www.enaikoon.com\/es\/wp-json\/wp\/v2\/media?parent=6309"}],"curies":[{"name":"wp","href":"https:\/\/api.w.org\/{rel}","templated":true}]}}