{"id":6307,"date":"2016-08-01T08:18:50","date_gmt":"2016-08-01T08:18:50","guid":{"rendered":"https:\/\/www.enaikoon.com\/?page_id=6307"},"modified":"2016-08-13T14:27:10","modified_gmt":"2016-08-13T14:27:10","slug":"display","status":"publish","type":"page","link":"https:\/\/www.enaikoon.com\/es\/dispositivos\/accesorios\/display\/","title":{"rendered":"display"},"content":{"rendered":"<div class=\"gl_slide_scroll_box\">\r\n\t<div class=\"gl_scroll_box\">\r\n <noindex><\/noindex>        <ul>\r\n            <li><a class=\"gl_scroll_link_title\" href=\"https:\/\/www.enaikoon.com\/es\/dispositivos\/accesorios\/sim-card\/\" title=\"SIM-card\">SIM-card<\/a><br\/>\r\n            <a href=\"https:\/\/www.enaikoon.com\/es\/dispositivos\/accesorios\/sim-card\/\" title=\"SIM-card\"><img decoding=\"async\" class=\"gl_scroll_link_img\" src=\"https:\/\/www.enaikoon.com\/wp-content\/uploads\/2016\/07\/SIM-card.png\" border=\"0\" alt=\"\"><\/a><\/li>\r\n            \r\n          \t<li><a class=\"gl_scroll_link_title\" href=\"https:\/\/www.enaikoon.com\/es\/dispositivos\/accesorios\/sensor-ultrasonico\/\" title=\"sensor ultras\u00f3nico\">sensor ultras\u00f3nico<\/a><br\/>\r\n            <a href=\"https:\/\/www.enaikoon.com\/es\/dispositivos\/accesorios\/sensor-ultrasonico\/\" title=\"sensor ultras\u00f3nico\"><img decoding=\"async\" class=\"gl_scroll_link_img\" src=\"https:\/\/www.enaikoon.com\/wp-content\/uploads\/2016\/07\/fuel-level.png\" border=\"0\" alt=\"\"><\/a><\/li>\r\n            \r\n            <li><a class=\"gl_scroll_link_title\" href=\"https:\/\/www.enaikoon.com\/es\/dispositivos\/accesorios\/sensor-capacitivo\/\" title=\"sensor capacitivo\">sensor capacitivo<\/a><br\/>\r\n            <a href=\"https:\/\/www.enaikoon.com\/es\/dispositivos\/accesorios\/sensor-capacitivo\/\" title=\"sensor capacitivo\"><img decoding=\"async\" class=\"gl_scroll_link_img\" src=\"https:\/\/www.enaikoon.com\/wp-content\/uploads\/2016\/07\/capacitive.png\" border=\"0\" alt=\"\"><\/a><\/li>\r\n            \r\n            <li><a class=\"gl_scroll_link_title\" href=\"https:\/\/www.enaikoon.com\/es\/dispositivos\/accesorios\/temp-sensor\/\" title=\"temp-sensor\">temp-sensor<\/a><br\/>\r\n            <a href=\"https:\/\/www.enaikoon.com\/es\/dispositivos\/accesorios\/temp-sensor\/\" title=\"temp-sensor\"><img decoding=\"async\" class=\"gl_scroll_link_img\" src=\"https:\/\/www.enaikoon.com\/wp-content\/uploads\/2016\/07\/temp.png\" border=\"0\" alt=\"\"><\/a><\/li>\r\n            \r\n            <li><a class=\"gl_scroll_link_title\" href=\"https:\/\/www.enaikoon.com\/es\/dispositivos\/accesorios\/antenna\/\" title=\"antenna\">antenna<\/a><br\/>\r\n            <a href=\"https:\/\/www.enaikoon.com\/es\/dispositivos\/accesorios\/antenna\/\" title=\"antenna\"><img decoding=\"async\" class=\"gl_scroll_link_img\" src=\"https:\/\/www.enaikoon.com\/wp-content\/uploads\/2016\/07\/antenna.png\" border=\"0\" alt=\"\"><\/a><\/li>\r\n            \r\n            <li><a class=\"gl_scroll_link_title\" href=\"https:\/\/www.enaikoon.com\/es\/dispositivos\/accesorios\/display\/\" title=\"display\">display<\/a><br\/>\r\n            <a href=\"https:\/\/www.enaikoon.com\/es\/dispositivos\/accesorios\/display\/\" title=\"display\"><img decoding=\"async\" class=\"gl_scroll_link_img_active\" src=\"https:\/\/www.enaikoon.com\/wp-content\/uploads\/2016\/07\/display.png\" border=\"0\" alt=\"\"><\/a><\/li>\r\n            \r\n            <li><a class=\"gl_scroll_link_title\" href=\"https:\/\/www.enaikoon.com\/es\/dispositivos\/accesorios\/driver-id\/\" title=\"driver-id\">driver-id<\/a><br\/>\r\n            <a href=\"https:\/\/www.enaikoon.com\/es\/dispositivos\/accesorios\/driver-id\/\" title=\"driver-id\"><img decoding=\"async\" class=\"gl_scroll_link_img\" src=\"https:\/\/www.enaikoon.com\/wp-content\/uploads\/2016\/07\/driver-id.png\" border=\"0\" alt=\"\"><\/a><\/li>\r\n            \r\n            <li><a class=\"gl_scroll_link_title\" href=\"https:\/\/www.enaikoon.com\/es\/dispositivos\/accesorios\/battery\/\" title=\"battery\">battery<\/a><br\/>\r\n            <a href=\"https:\/\/www.enaikoon.com\/es\/dispositivos\/accesorios\/battery\/\" title=\"battery\"><img decoding=\"async\" class=\"gl_scroll_link_img\" src=\"https:\/\/www.enaikoon.com\/wp-content\/uploads\/2016\/07\/battery.png\" border=\"0\" alt=\"\"><\/a><\/li>\r\n            \r\n            <li><a class=\"gl_scroll_link_title\" href=\"https:\/\/www.enaikoon.com\/es\/dispositivos\/accesorios\/buzzer\/\" title=\"buzzer\">buzzer<\/a><br\/>\r\n            <a href=\"https:\/\/www.enaikoon.com\/es\/dispositivos\/accesorios\/buzzer\/\" title=\"buzzer\"><img decoding=\"async\" class=\"gl_scroll_link_img\" src=\"https:\/\/www.enaikoon.com\/wp-content\/uploads\/2016\/07\/buzzer.png\" border=\"0\" alt=\"\"><\/a><\/li>\r\n            \r\n            <li><a class=\"gl_scroll_link_title\" href=\"https:\/\/www.enaikoon.com\/es\/dispositivos\/accesorios\/camera\/\" title=\"camera\">camera<\/a><br\/>\r\n            <a href=\"https:\/\/www.enaikoon.com\/es\/dispositivos\/accesorios\/camera\/\" title=\"camera\"><img decoding=\"async\" class=\"gl_scroll_link_img\" src=\"https:\/\/www.enaikoon.com\/wp-content\/uploads\/2016\/07\/camera.png\" border=\"0\" alt=\"\"><\/a><\/li>\r\n            \r\n            <li><a class=\"gl_scroll_link_title\" href=\"https:\/\/www.enaikoon.com\/es\/dispositivos\/accesorios\/case\/\" title=\"case\">case<\/a><br\/>\r\n            <a href=\"https:\/\/www.enaikoon.com\/es\/dispositivos\/accesorios\/case\/\" title=\"case\"><img decoding=\"async\" class=\"gl_scroll_link_img\" src=\"https:\/\/www.enaikoon.com\/wp-content\/uploads\/2016\/07\/case.png\" border=\"0\" alt=\"\"><\/a><\/li>\r\n          \r\n        <\/ul>\r\n\r\n    <\/div>\r\n<\/div>\r\n\r\n<div class=\"row\">\r\n\r\n<div class=\"gl_border-page\">\r\n\t\t\r\n\t\t<div class=\"col-md-4\">\r\n\t\r\n\t\t<h2>ENAiKOON<br>display<\/h2>\r\n\t\t<div class=\"clearfix\"><a rel=\"nofollow\" href=\"https:\/\/www.enaikoon.com\/wp-content\/uploads\/2016\/07\/Garmi_nuvi_English_368x300_inactive_1.png\" title=\"ENAiKOON display\"><img decoding=\"async\" src=\"https:\/\/www.enaikoon.com\/wp-content\/uploads\/2016\/07\/e15e8045e6.png\" border=\"0\" align=\"left\" class=\"gl_space_bottom10\" alt=\"ENAiKOON display es una pantalla que ayuda a comunicarse efectivamente con sus trabajadores m\u00f3viles\"\/><\/a><\/div>\r\n\t\t<div class=\"gl_h5-italic\">Para optimizar las operaciones diarias de un negocio es crucial hacer m\u00e1s eficiente la comunicaci\u00f3n con los empleados. Los dispositivos de la gama ENAiKOON display fueron dise\u00f1ados para esta funci\u00f3n, ofreciendo una comunicaci\u00f3n clara y concisa con los empleados m\u00f3viles. Los dispositivos de la gama ENAiKOON display son resistentes, ya que fueron dise\u00f1ados para usarse en veh\u00edculos y tiene la opci\u00f3n de teclado o pantalla t\u00e1ctil para la comunicaci\u00f3n escrita entre el centro de control y los conductores. <\/div>\r\n\t\t<div>&nbsp;<\/div>\r\n\t\t<div class=\"gl_h4big\">Caracter\u00edsticas principales<\/div>\r\n\t\t<ul type=\"square\" class=\"gl_space_ul2\">\r\n\t\t\t<li class=\"gl_space_li\">Transmisi\u00f3n de tareas de conducci\u00f3n al conductor v\u00eda GPRS, incluyendo confirmaci\u00f3n de recepci\u00f3n por parte del conductor<\/li>\r\n\t\t\t<li class=\"gl_space_li\">Transmisi\u00f3n de estados de hasta 20 frases de texto al veh\u00edculo<\/li>\r\n\t\t\t<li class=\"gl_space_li\">Informes de estado del veh\u00edculo al centro de control, p.ej. tr\u00e1fico, tiempo de carga, accidente, pausa, etc.<\/li>\t\t\r\n\t\t<\/ul>\r\n\t\t\r\n\t\t<\/div>\r\n\t\t\r\n\t\t<div class=\"col-md-4\">\r\n\t\t\r\n\t\t<div class=\"gl_h4big\">Detalles t\u00e9cnicos<\/div>\r\n\t\t<div>&nbsp;<\/div>\r\n\t\t<div class=\"clearfix\">\r\n\t\t\t<div><a rel=\"nofollow\" href=\"https:\/\/www.enaikoon.com\/wp-content\/uploads\/2016\/07\/NewProduct_display_inactive_01.png\" title=\"ENAiKOON display-56\"><img decoding=\"async\" src=\"https:\/\/www.enaikoon.com\/wp-content\/uploads\/2016\/07\/e44e20aa2d.png\" border=\"0\" align=\"left\" class=\"gl_space_right10bottom15\" alt=\"ENAiKOON display-56 combinado con el plugin inViu's ENAiKOON messenger podr\u00e1 comunicarse eficientemente con sus trabajadores m\u00f3viles\"\/><\/a><\/div>\r\n\t\t\t<div><strong>display-56<\/strong><\/div>\r\n\t\t<\/div>\r\n\t\t<div class=\"gl_ul_style3\">\r\n\t\t<ul>\r\n\t\t\t<li>Pantalla LCD con 4 l\u00edneas de 20 caracteres<\/li>\r\n\t\t\t<li>Tama\u00f1o pantalla LCD: 75 x 25 mm<\/li>\r\n\t\t\t<li>Color de la pantalla: azul<\/li>\r\n\t\t\t<li>Tama\u00f1o: 180 x 57 x 30 mm<\/li>\r\n\t\t\t<li>2 LEDs programables<\/li>\r\n\t\t\t<li>Suministro de corriente: 5 V &#8211; 31 V DC<\/li>\r\n\t\t\t<li>Consumo de energ\u00eda a 12V: 60 mA (iluminado)<\/li>\r\n\t\t\t<li>Consumo de energ\u00eda a 12V: 20 mA (retro-iluminaci\u00f3n apagada)<\/li>\r\n\t\t\t<li>Entrada de datos num\u00e9rica \/ alfanum\u00e9rica <\/li>\r\n\t\t\t<li>Identificaci\u00f3n del conductor u operador de m\u00e1quinas con un lector integrado driver id<\/li>\r\n\t\t\t<li>Muestra de las tareas entrantes, datos de los veh\u00edculos, mensajes, etc.<\/li>\r\n\t\t\t<li>Altavoces integrados para se\u00f1ales ac\u00fasticas o confirmaci\u00f3n de sonido del driver-id<\/li>\r\n\t\t<\/ul>\r\n\t\t<\/div>\r\n\t\t<div>&nbsp;<\/div>\r\n\t\t<div class=\"clearfix\">\r\n\t\t\t<div><a rel=\"nofollow\" href=\"https:\/\/www.enaikoon.com\/wp-content\/uploads\/2016\/07\/Garmi_nuvi_English_184x150_inactive_1.png\" title=\"Garmin\u00ae n\u00fcvi\u00ae\"><img decoding=\"async\" src=\"https:\/\/www.enaikoon.com\/wp-content\/uploads\/2016\/07\/6e4f81486d.png\" border=\"0\" align=\"left\" class=\"gl_space_right10bottom15\" alt=\"Garmin\u00ae n\u00fcvi\u00ae se ha desarrollado para mostrar el plan de una ruta y otra informaci\u00f3n \u00fatil de viaje para los camioneros\"\/><\/a><\/div>\r\n\t\t\t<div><strong>Garmin\u00ae d?zl\u2122 560LT<\/strong><\/div>\r\n\t\t<\/div>\r\n\t\t<div>Aparte de la funci\u00f3n b\u00e1sica de navegaci\u00f3n, los dispositivos de la serie Garmin\u00ae n\u00fcvi\u00ae pueden usarse como visualizador para el plugin messenger del software inViu pro, manteniendo la comunicaci\u00f3n entre el conductor y el centro de control.\r\nAdem\u00e1s de la funci\u00f3n b\u00e1sica de navegaci\u00f3n, el centro de control puede enviar al conductor las direcciones de destino y la ruta se muestra directamente al conductor. Garmin\u00ae d?zl\u2122 560LT fue espec\u00edficamente dise\u00f1ado para el uso en la industria de camiones. Pr\u00e1ctico y multifuncional, tiene en cuenta los siguientes factores para la planificaci\u00f3n perfecta de las rutas:<\/div>\r\n\t\t<div class=\"gl_ul_style3\">\r\n\t\t<ul>\r\n\t\t\t<li>Cotas de altura actuales<\/li>\r\n\t\t\t<li>Eje y peso bruto del veh\u00edculo<\/li>\r\n\t\t\t<li>Naturaleza de la carga<\/li>\r\n\t\t\t<li>Informaci\u00f3n de tr\u00e1fico NAVTEQ Traffic \u2122 premium<\/li>\r\n\t\t\t<li>Creaci\u00f3n de perfiles de usuario por cami\u00f3n, como el tipo de veh\u00edculo y carga<\/li>\r\n\t\t\t<li>Conexi\u00f3n para una c\u00e1mara de visi\u00f3n trasera<\/li>\r\n\t\t\t<li>Altavoces potentes<\/li>\r\n\t\t\t<li>Bluetooth \u00ae manos libres y sporte activo<\/li>\r\n\t\t\t<li>Detalles de mapa para 44 pa\u00edses en Europa<\/li>\r\n\t\t<\/ul>\r\n\t\t<\/div>\r\n\r\n\t\t<\/div>\r\n\t\t\r\n\t\t<div class=\"col-md-4\">\r\n\t\t\r\n\t\t<div class=\"gl_h4big\">Combinaci\u00f3n de dispositivos<\/div>\r\n\t\t<div class=\"gl_space_right10\">ENAiKOON display + <a href=\"https:\/\/www.enaikoon.com\/es\/dispositivos\/gama-locate\/locate-06\/\" title=\"ENAiKOON locate-06\">ENAiKOON locate-06<\/a> + <a href=\"https:\/\/www.enaikoon.com\/es\/software-es\/inviu-pro\/\" title=\"inViu pro\">inViu pro<\/a> + <a href=\"https:\/\/www.enaikoon.com\/es\/software-es\/plugins\/staff-tracker\/\" title=\"ENAiKOON staff-tracker\">ENAiKOON staff-tracker<\/a> = posiciones GPS y rutas exactas, informes como horas trabajadas, pausas, as\u00ed como las actividades de los veh\u00edculos y empleados mostrado todo en una vista general en el mapa, ahorrando as\u00ed tiempo y dinero. <\/div>\r\n\t\t<div>Garmin\u00ae n\u00fcvi\u00ae + <a href=\"https:\/\/www.enaikoon.com\/es\/dispositivos\/gama-locate\/locate-06\/\" title=\"ENAiKOON locate-06\">ENAiKOON locate-06<\/a> + <a href=\"https:\/\/www.enaikoon.com\/es\/software-es\/inviu-pro\/\" title=\"inViu pro\">inViu pro<\/a> + <a href=\"https:\/\/www.enaikoon.com\/es\/software-es\/plugins\/messenger\/\" title=\"ENAiKOON messenger\">ENAiKOON messenger<\/a> = optimizaci\u00f3n de la comunicaci\u00f3n y asignaci\u00f3n de tareas para incrementar la productividad y ahorrar costes.<\/div>\r\n\t\t<div><a class=\"gl_button_grey\" rel=\"nofollow\" href=\"https:\/\/www.enaikoon.com\/fileadmin\/enaikoon\/Dateien\/pdf\/Datenblatt\/display56\/spanisch\/ENAiKOON_display-56_hojas_de_datos.pdf\" target=\"_blank\">display-56.pdf<\/a><\/div>\r\n\t\t<div><a class=\"gl_button_grey\" rel=\"nofollow\" href=\"https:\/\/www.enaikoon.com\/fileadmin\/enaikoon\/Dateien\/pdf\/Datenblatt\/Garmin_nuevi\/spanisch\/Garmin_nuevi_465T_hojas_de_datos.pdf\" target=\"_blank\">garmin-n\u00fcvi.pdf<\/a><\/div>\r\n\t\t<div><a class=\"gl_button_yellow\" href=\"https:\/\/www.enaikoon.com\/es\/dispositivos\/gama-locate\/locate-03\/\">gama locate<\/a><\/div>\r\n\t\t<div><a class=\"gl_button_blue\" href=\"https:\/\/www.enaikoon.com\/es\/contacto\/contacto\/\">cont\u00e1ctenos<\/a><\/div>\r\n\t\t\r\n\t\t<\/div>\r\n\t\t\r\n\t\t<div class=\"gl_row_space\"><\/div>\r\n<\/div>\r\n<\/div>","protected":false},"excerpt":{"rendered":"<p> [&hellip;]<\/p>\n","protected":false},"author":7,"featured_media":0,"parent":6294,"menu_order":0,"comment_status":"closed","ping_status":"closed","template":"","meta":{"footnotes":""},"acf":[],"_links":{"self":[{"href":"https:\/\/www.enaikoon.com\/es\/wp-json\/wp\/v2\/pages\/6307"}],"collection":[{"href":"https:\/\/www.enaikoon.com\/es\/wp-json\/wp\/v2\/pages"}],"about":[{"href":"https:\/\/www.enaikoon.com\/es\/wp-json\/wp\/v2\/types\/page"}],"author":[{"embeddable":true,"href":"https:\/\/www.enaikoon.com\/es\/wp-json\/wp\/v2\/users\/7"}],"replies":[{"embeddable":true,"href":"https:\/\/www.enaikoon.com\/es\/wp-json\/wp\/v2\/comments?post=6307"}],"version-history":[{"count":3,"href":"https:\/\/www.enaikoon.com\/es\/wp-json\/wp\/v2\/pages\/6307\/revisions"}],"predecessor-version":[{"id":8287,"href":"https:\/\/www.enaikoon.com\/es\/wp-json\/wp\/v2\/pages\/6307\/revisions\/8287"}],"up":[{"embeddable":true,"href":"https:\/\/www.enaikoon.com\/es\/wp-json\/wp\/v2\/pages\/6294"}],"wp:attachment":[{"href":"https:\/\/www.enaikoon.com\/es\/wp-json\/wp\/v2\/media?parent=6307"}],"curies":[{"name":"wp","href":"https:\/\/api.w.org\/{rel}","templated":true}]}}