{"id":6304,"date":"2016-08-01T08:18:20","date_gmt":"2016-08-01T08:18:20","guid":{"rendered":"https:\/\/www.enaikoon.com\/?page_id=6304"},"modified":"2016-08-13T14:17:23","modified_gmt":"2016-08-13T14:17:23","slug":"antenna","status":"publish","type":"page","link":"https:\/\/www.enaikoon.com\/es\/dispositivos\/accesorios\/antenna\/","title":{"rendered":"antenna"},"content":{"rendered":"<div class=\"gl_slide_scroll_box\">\r\n\t<div class=\"gl_scroll_box\">\r\n <noindex><\/noindex>        <ul>\r\n            <li><a class=\"gl_scroll_link_title\" href=\"https:\/\/www.enaikoon.com\/es\/dispositivos\/accesorios\/sim-card\/\" title=\"SIM-card\">SIM-card<\/a><br\/>\r\n            <a href=\"https:\/\/www.enaikoon.com\/es\/dispositivos\/accesorios\/sim-card\/\" title=\"SIM-card\"><img decoding=\"async\" class=\"gl_scroll_link_img\" src=\"https:\/\/www.enaikoon.com\/wp-content\/uploads\/2016\/07\/SIM-card.png\" border=\"0\" alt=\"\"><\/a><\/li>\r\n            \r\n          \t<li><a class=\"gl_scroll_link_title\" href=\"https:\/\/www.enaikoon.com\/es\/dispositivos\/accesorios\/sensor-ultrasonico\/\" title=\"sensor ultras\u00f3nico\">sensor ultras\u00f3nico<\/a><br\/>\r\n            <a href=\"https:\/\/www.enaikoon.com\/es\/dispositivos\/accesorios\/sensor-ultrasonico\/\" title=\"sensor ultras\u00f3nico\"><img decoding=\"async\" class=\"gl_scroll_link_img\" src=\"https:\/\/www.enaikoon.com\/wp-content\/uploads\/2016\/07\/fuel-level.png\" border=\"0\" alt=\"\"><\/a><\/li>\r\n            \r\n            <li><a class=\"gl_scroll_link_title\" href=\"https:\/\/www.enaikoon.com\/es\/dispositivos\/accesorios\/sensor-capacitivo\/\" title=\"sensor capacitivo\">sensor capacitivo<\/a><br\/>\r\n            <a href=\"https:\/\/www.enaikoon.com\/es\/dispositivos\/accesorios\/sensor-capacitivo\/\" title=\"sensor capacitivo\"><img decoding=\"async\" class=\"gl_scroll_link_img\" src=\"https:\/\/www.enaikoon.com\/wp-content\/uploads\/2016\/07\/capacitive.png\" border=\"0\" alt=\"\"><\/a><\/li>\r\n            \r\n            <li><a class=\"gl_scroll_link_title\" href=\"https:\/\/www.enaikoon.com\/es\/dispositivos\/accesorios\/temp-sensor\/\" title=\"temp-sensor\">temp-sensor<\/a><br\/>\r\n            <a href=\"https:\/\/www.enaikoon.com\/es\/dispositivos\/accesorios\/temp-sensor\/\" title=\"temp-sensor\"><img decoding=\"async\" class=\"gl_scroll_link_img\" src=\"https:\/\/www.enaikoon.com\/wp-content\/uploads\/2016\/07\/temp.png\" border=\"0\" alt=\"\"><\/a><\/li>\r\n            \r\n            <li><a class=\"gl_scroll_link_title\" href=\"https:\/\/www.enaikoon.com\/es\/dispositivos\/accesorios\/antenna\/\" title=\"antenna\">antenna<\/a><br\/>\r\n            <a href=\"https:\/\/www.enaikoon.com\/es\/dispositivos\/accesorios\/antenna\/\" title=\"antenna\"><img decoding=\"async\" class=\"gl_scroll_link_img_active\" src=\"https:\/\/www.enaikoon.com\/wp-content\/uploads\/2016\/07\/antenna.png\" border=\"0\" alt=\"\"><\/a><\/li>\r\n            \r\n            <li><a class=\"gl_scroll_link_title\" href=\"https:\/\/www.enaikoon.com\/es\/dispositivos\/accesorios\/display\/\" title=\"display\">display<\/a><br\/>\r\n            <a href=\"https:\/\/www.enaikoon.com\/es\/dispositivos\/accesorios\/display\/\" title=\"display\"><img decoding=\"async\" class=\"gl_scroll_link_img\" src=\"https:\/\/www.enaikoon.com\/wp-content\/uploads\/2016\/07\/display.png\" border=\"0\" alt=\"\"><\/a><\/li>\r\n            \r\n            <li><a class=\"gl_scroll_link_title\" href=\"https:\/\/www.enaikoon.com\/es\/dispositivos\/accesorios\/driver-id\/\" title=\"driver-id\">driver-id<\/a><br\/>\r\n            <a href=\"https:\/\/www.enaikoon.com\/es\/dispositivos\/accesorios\/driver-id\/\" title=\"driver-id\"><img decoding=\"async\" class=\"gl_scroll_link_img\" src=\"https:\/\/www.enaikoon.com\/wp-content\/uploads\/2016\/07\/driver-id.png\" border=\"0\" alt=\"\"><\/a><\/li>\r\n            \r\n            <li><a class=\"gl_scroll_link_title\" href=\"https:\/\/www.enaikoon.com\/es\/dispositivos\/accesorios\/battery\/\" title=\"battery\">battery<\/a><br\/>\r\n            <a href=\"https:\/\/www.enaikoon.com\/es\/dispositivos\/accesorios\/battery\/\" title=\"battery\"><img decoding=\"async\" class=\"gl_scroll_link_img\" src=\"https:\/\/www.enaikoon.com\/wp-content\/uploads\/2016\/07\/battery.png\" border=\"0\" alt=\"\"><\/a><\/li>\r\n            \r\n            <li><a class=\"gl_scroll_link_title\" href=\"https:\/\/www.enaikoon.com\/es\/dispositivos\/accesorios\/buzzer\/\" title=\"buzzer\">buzzer<\/a><br\/>\r\n            <a href=\"https:\/\/www.enaikoon.com\/es\/dispositivos\/accesorios\/buzzer\/\" title=\"buzzer\"><img decoding=\"async\" class=\"gl_scroll_link_img\" src=\"https:\/\/www.enaikoon.com\/wp-content\/uploads\/2016\/07\/buzzer.png\" border=\"0\" alt=\"\"><\/a><\/li>\r\n            \r\n            <li><a class=\"gl_scroll_link_title\" href=\"https:\/\/www.enaikoon.com\/es\/dispositivos\/accesorios\/camera\/\" title=\"camera\">camera<\/a><br\/>\r\n            <a href=\"https:\/\/www.enaikoon.com\/es\/dispositivos\/accesorios\/camera\/\" title=\"camera\"><img decoding=\"async\" class=\"gl_scroll_link_img\" src=\"https:\/\/www.enaikoon.com\/wp-content\/uploads\/2016\/07\/camera.png\" border=\"0\" alt=\"\"><\/a><\/li>\r\n            \r\n            <li><a class=\"gl_scroll_link_title\" href=\"https:\/\/www.enaikoon.com\/es\/dispositivos\/accesorios\/case\/\" title=\"case\">case<\/a><br\/>\r\n            <a href=\"https:\/\/www.enaikoon.com\/es\/dispositivos\/accesorios\/case\/\" title=\"case\"><img decoding=\"async\" class=\"gl_scroll_link_img\" src=\"https:\/\/www.enaikoon.com\/wp-content\/uploads\/2016\/07\/case.png\" border=\"0\" alt=\"\"><\/a><\/li>\r\n          \r\n        <\/ul>\r\n\r\n    <\/div>\r\n<\/div>\r\n<div class=\"row\">\r\n\r\n<div class=\"gl_border-page\">\r\n\t\t\r\n\t\t<div class=\"col-md-4\">\r\n\t\r\n\t\t<h2>ENAiKOON<br>antenna<\/h2>\r\n\t\t<div class=\"clearfix\"><a rel=\"nofollow\" href=\"https:\/\/www.enaikoon.com\/wp-content\/uploads\/2016\/07\/Antenna_368x300_inactive_04.png\" title=\"ENAiKOON antenna\"><img decoding=\"async\" src=\"https:\/\/www.enaikoon.com\/wp-content\/uploads\/2016\/07\/126fa8da9f.png\" border=\"0\" align=\"left\" class=\"gl_space_bottom10\" alt=\"ENAiKOON antenna se usa para una precisa recepci\u00f3n GPS\"\/><\/a><\/div>\r\n\t\t<div class=\"gl_h5-italic\">Las <strong>ENAiKOON antenna<\/strong> son la clave para recibir datos GPS precisos. \u00a1Para nosotros es muy importante darte la antena que necesitas!<\/div>\r\n\t\t\t\r\n\t\t<\/div>\r\n\t\t\r\n\t\t<div class=\"col-md-4\">\r\n\t\t\r\n\t\t<div class=\"gl_h4big\">Caracter\u00edsticas principales<\/div>\r\n\t\t<div class=\"gl_space_right5\">ENAiKOON ofrece una amplia gama de antenas para adaptarse a cada cliente y necesidad. Para garantizar un rendimiento \u00f3ptimo de las antenas, es importante instalarlas en la localizaci\u00f3n correcta del dispositivo a rastrear. Adem\u00e1s, la buena calibraci\u00f3n de las antenas con el receptor incrementar\u00e1 la calidad de la informaci\u00f3n enviada y recibida por estas. La alta calidad de fabricaci\u00f3n de las antenas se sumar\u00e1 al rendimiento de los dispositivos GPS.<\/div>\r\n\t\t<div>&nbsp;<\/div>\r\n\t\t<div class=\"gl_space_right10\">Proveemos antenas de todas las clases:<\/div>\r\n\t\t<ul type=\"square\" class=\"gl_space_ul2\">\r\n\t\t\t<li class=\"gl_space_li\">Antenas para techo<\/li>\r\n\t\t\t<li class=\"gl_space_li\">Antenas de ventana<\/li>\r\n\t\t\t<li class=\"gl_space_li\">Antenas individuales<\/li>\r\n\t\t\t<li class=\"gl_space_li\">Antenas GSM \/ GPS combinadas <\/li>\r\n\t\t\t<li class=\"gl_space_li\">Y mucho m\u00e1s<\/li>\r\n\t\t<\/ul>\r\n\t\t\r\n\t\t<\/div>\r\n\t\t\r\n\t\t<div class=\"col-md-4\">\r\n\t\t\r\n\t\t<div class=\"gl_h4big\">&nbsp;<\/div>\r\n\t\t<div class=\"gl_space_right5\">Cuando la se\u00f1al GPS de los sat\u00e9lites GPS es una se\u00f1al muy d\u00e9bil, se debe a que los sat\u00e9lites que orbitan la Tierra est\u00e1n a una altitud de 20.000 km. Por lo tanto, es muy importante seleccionar una buena antena GPS y determinar la mejor ubicaci\u00f3n de la instalaci\u00f3n.<\/div>\t\t\r\n\t\t<div><a class=\"gl_button_grey\" rel=\"nofollow\" href=\"https:\/\/www.enaikoon.com\/fileadmin\/enaikoon\/Dateien\/pdf\/Datenblatt\/antennas\/spanisch\/ENAiKOON_antenna-16_hojas_de_datos.pdf\" target=\"_blank\">Descargar PDF<\/a><\/div>\r\n\t\t<div><a class=\"gl_button_yellow\" href=\"https:\/\/www.enaikoon.com\/es\/dispositivos\/gama-locate\/locate-03\/\">gama locate<\/a><\/div>\r\n\t\t<div><a class=\"gl_button_blue\" href=\"https:\/\/www.enaikoon.com\/es\/contacto\/contacto\/\">cont\u00e1ctenos<\/a><\/div>\r\n\t\t<\/div>\r\n\t\t\r\n\t\t<div class=\"gl_row_space\"><\/div>\r\n\t<\/div>\r\n<\/div>","protected":false},"excerpt":{"rendered":"<p> [&hellip;]<\/p>\n","protected":false},"author":7,"featured_media":0,"parent":6294,"menu_order":0,"comment_status":"closed","ping_status":"closed","template":"","meta":{"footnotes":""},"acf":[],"_links":{"self":[{"href":"https:\/\/www.enaikoon.com\/es\/wp-json\/wp\/v2\/pages\/6304"}],"collection":[{"href":"https:\/\/www.enaikoon.com\/es\/wp-json\/wp\/v2\/pages"}],"about":[{"href":"https:\/\/www.enaikoon.com\/es\/wp-json\/wp\/v2\/types\/page"}],"author":[{"embeddable":true,"href":"https:\/\/www.enaikoon.com\/es\/wp-json\/wp\/v2\/users\/7"}],"replies":[{"embeddable":true,"href":"https:\/\/www.enaikoon.com\/es\/wp-json\/wp\/v2\/comments?post=6304"}],"version-history":[{"count":3,"href":"https:\/\/www.enaikoon.com\/es\/wp-json\/wp\/v2\/pages\/6304\/revisions"}],"predecessor-version":[{"id":8282,"href":"https:\/\/www.enaikoon.com\/es\/wp-json\/wp\/v2\/pages\/6304\/revisions\/8282"}],"up":[{"embeddable":true,"href":"https:\/\/www.enaikoon.com\/es\/wp-json\/wp\/v2\/pages\/6294"}],"wp:attachment":[{"href":"https:\/\/www.enaikoon.com\/es\/wp-json\/wp\/v2\/media?parent=6304"}],"curies":[{"name":"wp","href":"https:\/\/api.w.org\/{rel}","templated":true}]}}