{"id":6292,"date":"2016-08-01T08:12:13","date_gmt":"2016-08-01T08:12:13","guid":{"rendered":"https:\/\/www.enaikoon.com\/?page_id=6292"},"modified":"2016-08-17T09:30:28","modified_gmt":"2016-08-17T09:30:28","slug":"time-29","status":"publish","type":"page","link":"https:\/\/www.enaikoon.com\/es\/dispositivos\/gama-rfid\/time-29\/","title":{"rendered":"Time 29"},"content":{"rendered":"<div class=\"gl_slide_scroll_box\">\r\n\t<div class=\"gl_scroll_box\">\r\n <noindex><\/noindex>        <ul>\r\n            <li><a class=\"gl_scroll_link_title\" href=\"https:\/\/www.enaikoon.com\/es\/dispositivos\/gama-rfid\/rfid-tag\/\" title=\"rfid-tag\" >RFID-tag<\/a><br\/>\r\n            <a href=\"https:\/\/www.enaikoon.com\/es\/dispositivos\/gama-rfid\/rfid-tag\/\" title=\"rfid-tag\" ><img decoding=\"async\" class=\"gl_scroll_link_img\" src=\"https:\/\/www.enaikoon.com\/wp-content\/uploads\/2016\/07\/rfid-tag.png\" border=\"0\"><\/a><\/li>\r\n            \r\n          \t<li><a class=\"gl_scroll_link_title\" href=\"https:\/\/www.enaikoon.com\/es\/dispositivos\/gama-rfid\/time-29\/\" title=\"time-29\">Time-29<\/a><br\/>\r\n            <a href=\"https:\/\/www.enaikoon.com\/es\/dispositivos\/gama-rfid\/time-29\/\" title=\"time-29\"><img decoding=\"async\" class=\"gl_scroll_link_img_active\" src=\"https:\/\/www.enaikoon.com\/wp-content\/uploads\/2016\/07\/time-29.png\" border=\"0\"><\/a><\/li>\r\n            \r\n\r\n        <\/ul>\r\n\r\n    <\/div>\r\n<\/div>\r\n\r\n<div class=\"row\">\r\n\r\n<div class=\"gl_border-page\">\r\n\t\t\r\n\t\t<div class=\"col-md-4\">\r\n\t\r\n\t\t<h2>ENAiKOON<br>time-29<\/h2>\r\n\t\t<div class=\"clearfix\"><a rel=\"nofollow\" href=\"https:\/\/www.enaikoon.com\/wp-content\/uploads\/2016\/07\/ENAiKOON_time-29-368x300_01.png\" title=\"ENAiKOON time-29\"><img decoding=\"async\" src=\"https:\/\/www.enaikoon.com\/wp-content\/uploads\/2016\/07\/b6b8bad52e.png\" border=\"0\" align=\"left\" class=\"gl_space_bottom10\" alt=\"ENAiKOON time-29 registra con precisi\u00f3n la asistencia y horas de trabajo de los empleados\"\/><\/a><\/div>\r\n\t\t<div class=\"gl_h5-italic gl_space_right10\"><strong>ENAiKOON time-29<\/strong> fue dise\u00f1ado para registrar y monitorizar la asistencia, las horas de trabajo, las pausas y la realizaci\u00f3n de tareas de los trabajadores m\u00f3viles en cualquier lugar del mundo con cobertura de telefon\u00eda m\u00f3vil. La monitorizaci\u00f3n puede realizarse en el lugar de trabajo o en cualquier otra localizaci\u00f3n remota lejos de las oficinas centrales o del centro de manufacturaci\u00f3n.<\/div>\r\n\t\t<div>&nbsp;<\/div>\t\r\n\t\t<div class=\"gl_h4big\">Aplicaciones<\/div>\r\n\t\t<div>Cualquier industria con trabajadores m\u00f3viles; p.ej. trabajadores de la construcci\u00f3n y agricultores. Ajuste del tiempo y asistencia para el personal que trabaja con los dispositivos de localizaci\u00f3n de ENAiKOON. <\/div>\t\r\n\r\n\t\t<\/div>\r\n\t\t\r\n\t\t<div class=\"col-md-4\">\r\n\t\t\r\n\t\t<div class=\"gl_h4big\">Caracter\u00edsticas principales<\/div>\r\n\t\t<ul type=\"square\" class=\"gl_space_ul2\">\r\n\t\t\t<li class=\"gl_space_li\">Localizaci\u00f3n GPS<\/li>\r\n\t\t\t<li class=\"gl_space_li\">Gesti\u00f3n de trabajadores<\/li>\r\n\t\t\t<li class=\"gl_space_li\">Registro de los tiempos de asistencia de los trabajadores m\u00f3viles y los subcontratistas<\/li>\r\n\t\t\t<li class=\"gl_space_li\">Opcional: conexi\u00f3n desde ENAiKOON buzzer para omitir el ruido ambiental<\/li>\t\t\r\n\t\t<\/ul>\t\r\n\t\t<div>&nbsp;<\/div>\r\n\t\t<div class=\"gl_h4big\">Detalles t\u00e9cnicos<\/div>\r\n\t\t<div class=\"gl_ul_style3\">\r\n\t\t<ul>\r\n\t\t\t<li>Alimentaci\u00f3n a 220 V o de 8 V hasta 31 V (DC)<\/li>\t\r\n\t\t\t<li>Impermeable (IP67)<\/li>\r\n\t\t\t<li>Incluye antenas<\/li>\t\r\n\t\t\t<li>Incluye 2 ENAiKOON iButton<\/li>\t\r\n\t\t<\/ul>\r\n\t\t<\/div>\r\n\r\n\t\t<\/div>\r\n\t\t\r\n\t\t<div class=\"col-md-4\">\r\n\t\t\r\n\t\t<div class=\"gl_h4big\">Combinaci\u00f3n de dispositivos<\/div>\r\n\t\t<div class=\"gl_space_top10\">ENAiKOON time-29 + ENAiKOON iButton + <a href=\"https:\/\/www.enaikoon.com\/es\/software-es\/inviu-pro\/\" title=\"inViu pro\">inViu pro<\/a> =  identificaci\u00f3n de personas, seguimiento pausas y horas de trabajo y asignaci\u00f3n de costes.  <\/div>\r\n\t\t<div>&nbsp;<\/div>\r\n\t\t<div class=\"gl_h4big\">Accesorios opcionales<\/div>\r\n\t\t<ul type=\"square\" class=\"gl_space_ul2\">\r\n\t\t\t<li class=\"gl_space_li\"><a href=\"https:\/\/www.enaikoon.com\/es\/dispositivos\/accesorios\/driver-id\/\">ENAiKOON iButton<\/a><\/li>\t\r\n\t\t\t<li class=\"gl_space_li\"><a href=\"https:\/\/www.enaikoon.com\/es\/dispositivos\/accesorios\/buzzer\/\">ENAiKOON buzzer<\/a><\/li>\t\r\n\t\t<\/ul>\t\r\n\t\t<div class=\"gl_space_top10\"><a class=\"gl_button_grey\" rel=\"nofollow\" href=\"https:\/\/www.enaikoon.com\/fileadmin\/enaikoon\/Dateien\/pdf\/Datenblatt\/time-29\/englisch\/ENAiKOON_time-29_data_sheet.pdf\" target=\"_blank\">Descargar PDF<\/a><\/div>\r\n\t\t<div><a class=\"gl_button_blue\" href=\"https:\/\/www.enaikoon.com\/es\/contacto\/contacto\/\">cont\u00e1ctenos<\/a><\/div>\r\n\t\t\r\n\t\t<\/div>\r\n\t\t\r\n\t\t<div class=\"gl_row_space\"><\/div>\r\n<\/div>\r\n<\/div>","protected":false},"excerpt":{"rendered":"<p> [&hellip;]<\/p>\n","protected":false},"author":7,"featured_media":0,"parent":6288,"menu_order":0,"comment_status":"closed","ping_status":"closed","template":"","meta":{"footnotes":""},"acf":[],"_links":{"self":[{"href":"https:\/\/www.enaikoon.com\/es\/wp-json\/wp\/v2\/pages\/6292"}],"collection":[{"href":"https:\/\/www.enaikoon.com\/es\/wp-json\/wp\/v2\/pages"}],"about":[{"href":"https:\/\/www.enaikoon.com\/es\/wp-json\/wp\/v2\/types\/page"}],"author":[{"embeddable":true,"href":"https:\/\/www.enaikoon.com\/es\/wp-json\/wp\/v2\/users\/7"}],"replies":[{"embeddable":true,"href":"https:\/\/www.enaikoon.com\/es\/wp-json\/wp\/v2\/comments?post=6292"}],"version-history":[{"count":6,"href":"https:\/\/www.enaikoon.com\/es\/wp-json\/wp\/v2\/pages\/6292\/revisions"}],"predecessor-version":[{"id":8956,"href":"https:\/\/www.enaikoon.com\/es\/wp-json\/wp\/v2\/pages\/6292\/revisions\/8956"}],"up":[{"embeddable":true,"href":"https:\/\/www.enaikoon.com\/es\/wp-json\/wp\/v2\/pages\/6288"}],"wp:attachment":[{"href":"https:\/\/www.enaikoon.com\/es\/wp-json\/wp\/v2\/media?parent=6292"}],"curies":[{"name":"wp","href":"https:\/\/api.w.org\/{rel}","templated":true}]}}