{"id":6288,"date":"2016-08-01T08:11:08","date_gmt":"2016-08-01T08:11:08","guid":{"rendered":"https:\/\/www.enaikoon.com\/?page_id=6288"},"modified":"2016-08-15T15:12:36","modified_gmt":"2016-08-15T15:12:36","slug":"gama-rfid","status":"publish","type":"page","link":"https:\/\/www.enaikoon.com\/es\/dispositivos\/gama-rfid\/","title":{"rendered":"gama RFID"},"content":{"rendered":"<div class=\"gl_slide_scroll_box\">\r\n\t<div class=\"gl_scroll_box\">\r\n <noindex><\/noindex>        <ul>\r\n            <li><a class=\"gl_scroll_link_title\" href=\"https:\/\/www.enaikoon.com\/es\/dispositivos\/gama-rfid\/rfid-tag\/\" title=\"rfid-tag\" >RFID-tag<\/a><br\/>\r\n            <a href=\"https:\/\/www.enaikoon.com\/es\/dispositivos\/gama-rfid\/rfid-tag\/\" title=\"rfid-tag\" ><img decoding=\"async\" class=\"gl_scroll_link_img_active\" src=\"https:\/\/www.enaikoon.com\/wp-content\/uploads\/2016\/07\/rfid-tag.png\" border=\"0\"><\/a><\/li>\r\n            \r\n          \t<li><a class=\"gl_scroll_link_title\" href=\"https:\/\/www.enaikoon.com\/es\/dispositivos\/gama-rfid\/time-29\/\" title=\"time-29\">Time-29<\/a><br\/>\r\n            <a href=\"https:\/\/www.enaikoon.com\/es\/dispositivos\/gama-rfid\/time-29\/\" title=\"time-29\"><img decoding=\"async\" class=\"gl_scroll_link_img\" src=\"https:\/\/www.enaikoon.com\/wp-content\/uploads\/2016\/07\/time-29.png\" border=\"0\"><\/a><\/li>\r\n            \r\n\r\n        <\/ul>\r\n\r\n    <\/div>\r\n<\/div>\r\n\r\n<div class=\"row\">\r\n\r\n<div class=\"gl_border-page\">\r\n\t\t\r\n\t\t<div class=\"col-md-4\">\r\n\t\r\n\t\t<h2>ENAiKOON<br>rfid-tag<\/h2>\r\n\t\t<div class=\"clearfix\"><a rel=\"nofollow\" href=\"https:\/\/www.enaikoon.com\/wp-content\/uploads\/2016\/07\/ENAiKOON_NFC-TAGs_PicA_368x300_A_05.png\" title=\"ENAiKOON rfid-tag\"><img decoding=\"async\" src=\"https:\/\/www.enaikoon.com\/wp-content\/uploads\/2016\/07\/3b1a31a0ed.png\" border=\"0\" align=\"left\" class=\"gl_space_bottom10\" alt=\"ENAiKOON rfid-tag trabaja con su tel\u00e9fono rfid para ayudar a rastrear la entrega de comandas\"\/><\/a><\/div>\r\n\t\t<div class=\"gl_h5-italic\"><strong>ENAiKOON rfid-tag<\/strong> est\u00e1 disponible en una amplia gama de etiquetas de diferentes dise\u00f1os, formas y tama\u00f1os que se adaptan a las m\u00faltiples necesidades de nuestros clientes.<\/div>\r\n\t\t<div>&nbsp;<\/div>\t\r\n\t\t<div class=\"gl_h5-italic\">La palabra \u00abTAG\u00bb se usa en el sentido de \u00abpegatina\u00bb.<\/div>\r\n\r\n\t\t<\/div>\r\n\t\t\r\n\t\t<div class=\"col-md-4\">\r\n\t\t\r\n\t\t<div class=\"gl_h4big\">Hay dos tipos de RFID TAGs<\/div>\r\n\t\t<div class=\"gl_space_top15\"><strong>TAG pasivas<\/strong><br>No contienen una bater\u00eda; la energ\u00eda es suministrada por el lector. Cuando las ondas de radio del lector llegan a una TAG pasiva RFID, la antena del TAG crea un campo magn\u00e9tico. EL TAG usa la energ\u00eda del campo magn\u00e9tico para alimentar sus circuitos y enviar la informaci\u00f3n codificada almacenada en su memoria.<\/div>\r\n\t\t<div class=\"gl_space_top15\">As\u00ed es como el TAG puede enviar y guardar informaci\u00f3n, como identificadores \u00fanicos globales (GUID). Los smartphones modernos, como el Samsung Galaxy Nexus y el Samsung Galaxy Mini 2, ya disponen de un lector incorporado.<\/div>\r\n\t\t<div class=\"gl_space_top15\"><strong>Desventajas TAGs pasivas<\/strong><\/div>\t\r\n\t\t<ul type=\"square\" class=\"gl_space_ul2\">\r\n\t\t\t<li class=\"gl_space_li\">Pueden leerse a una distancia de pocos metros<\/li>\r\n\t\t\t<li class=\"gl_space_li\">Transferencia de datos lenta<\/li>\t\r\n\t\t<\/ul>\r\n\t\t<div class=\"gl_space_top15\"><strong>Ventajas TAGs pasivas<\/strong><\/div>\t\r\n\t\t<ul type=\"square\" class=\"gl_space_ul2\">\r\n\t\t\t<li class=\"gl_space_li\">Funcionan sin pila y tienen una vida \u00fatil de 20 a\u00f1os o m\u00e1s<\/li>\r\n\t\t\t<li class=\"gl_space_li\">Mucho m\u00e1s peque\u00f1a (algunas pueden tener el tama\u00f1o de un grano de arroz)<\/li>\r\n\t\t\t<li class=\"gl_space_li\">Infinitas aplicaciones en todo tipo de productos e industrias<\/li>\t\t\r\n\t\t<\/ul>\r\n\t\t<div class=\"gl_space_top15\"><strong>Recomendaci\u00f3n:<\/strong><br>Las TAGs NTAG se pueden sobre escribir para tener suficiente espacio para guardar informaci\u00f3n y se pueden proteger contra sobre escritura. <\/div>\t\r\n\r\n\t\t<\/div>\r\n\t\t\r\n\t\t<div class=\"col-md-4\">\r\n\t\t\r\n\t\r\n\t\t<div class=\"gl_space_top60\"><strong>TAG activas<\/strong><br>Una TAG RFID es activa cuando tiene una pila que se puede usar como alimentaci\u00f3n parcial o total de sus circuitos y de la antena. Algunas TAG activas contienen pilas recambiables que duran muchos a\u00f1os. Otras son dispositivos sellados. Tambi\u00e9n se pueden conectar a una fuente externa de corriente.<\/div>\r\n\t\t<div class=\"gl_space_top15\"><strong>Desventajas TAGs activas<\/strong><\/div>\r\n\t\t<ul type=\"square\" class=\"gl_space_ul2\">\r\n\t\t\t<li class=\"gl_space_li\">M\u00e1s grandes que las TAGs pasivas<\/li>\r\n\t\t\t<li class=\"gl_space_li\">Despu\u00e9s de un tiempo, se debe cambiar la bater\u00eda<\/li>\t\r\n\t\t<\/ul>\r\n\t\t<div class=\"gl_space_top15\"><strong>Ventajas TAGs activas<\/strong><\/div>\r\n\t\t<ul type=\"square\" class=\"gl_space_ul2\">\r\n\t\t\t<li class=\"gl_space_li\">Tienen un alcance de comunicaci\u00f3n m\u00e1s grande<\/li>\r\n\t\t\t<li class=\"gl_space_li\">Mayor ancho de banda para datos<\/li>\r\n\t\t\t<li class=\"gl_space_li\">Funci\u00f3n independiente del dispositivo de lectura<\/li>\t\r\n\t\t<\/ul>\r\n\t\t<div><a class=\"gl_button_blue\" href=\"https:\/\/www.enaikoon.com\/es\/contacto\/contacto\/\">cont\u00e1ctenos<\/a><\/div>\r\n\t\t\r\n\t\t<\/div>\r\n\t\t\r\n\t\t<div class=\"gl_row_space\"><\/div>\r\n\t<\/div>\r\n<\/div>","protected":false},"excerpt":{"rendered":"<p> [&hellip;]<\/p>\n","protected":false},"author":7,"featured_media":0,"parent":6258,"menu_order":0,"comment_status":"closed","ping_status":"closed","template":"","meta":{"footnotes":""},"acf":[],"_links":{"self":[{"href":"https:\/\/www.enaikoon.com\/es\/wp-json\/wp\/v2\/pages\/6288"}],"collection":[{"href":"https:\/\/www.enaikoon.com\/es\/wp-json\/wp\/v2\/pages"}],"about":[{"href":"https:\/\/www.enaikoon.com\/es\/wp-json\/wp\/v2\/types\/page"}],"author":[{"embeddable":true,"href":"https:\/\/www.enaikoon.com\/es\/wp-json\/wp\/v2\/users\/7"}],"replies":[{"embeddable":true,"href":"https:\/\/www.enaikoon.com\/es\/wp-json\/wp\/v2\/comments?post=6288"}],"version-history":[{"count":6,"href":"https:\/\/www.enaikoon.com\/es\/wp-json\/wp\/v2\/pages\/6288\/revisions"}],"predecessor-version":[{"id":8837,"href":"https:\/\/www.enaikoon.com\/es\/wp-json\/wp\/v2\/pages\/6288\/revisions\/8837"}],"up":[{"embeddable":true,"href":"https:\/\/www.enaikoon.com\/es\/wp-json\/wp\/v2\/pages\/6258"}],"wp:attachment":[{"href":"https:\/\/www.enaikoon.com\/es\/wp-json\/wp\/v2\/media?parent=6288"}],"curies":[{"name":"wp","href":"https:\/\/api.w.org\/{rel}","templated":true}]}}