{"id":6286,"date":"2016-08-01T08:10:21","date_gmt":"2016-08-01T08:10:21","guid":{"rendered":"https:\/\/www.enaikoon.com\/?page_id=6286"},"modified":"2016-08-13T14:34:11","modified_gmt":"2016-08-13T14:34:11","slug":"inmarsat-locate-30","status":"publish","type":"page","link":"https:\/\/www.enaikoon.com\/es\/dispositivos\/gama-inmarsat\/inmarsat-locate-30\/","title":{"rendered":"Inmarsat Locate 30"},"content":{"rendered":"<div class=\"gl_slide_scroll_box\">\r\n\t<div class=\"gl_scroll_box\">\r\n <noindex><\/noindex>        <ul>\r\n            <li><a class=\"gl_scroll_link_title\" href=\"https:\/\/www.enaikoon.com\/es\/dispositivos\/gama-inmarsat\/inmarsat-600\/\"  title=\"inmarsat-600\">  inmarsat-600<\/a><br\/>\r\n            <a href=\"https:\/\/www.enaikoon.com\/es\/dispositivos\/gama-inmarsat\/inmarsat-600\/\"  title=\"inmarsat-600\"><img decoding=\"async\" class=\"gl_scroll_link_img\" src=\"https:\/\/www.enaikoon.com\/wp-content\/uploads\/2016\/07\/inmarsat-600.png\" border=\"0\" alt=\"\"><\/a><\/li>\r\n            \r\n          \t<li><a class=\"gl_scroll_link_title\" href=\"https:\/\/www.enaikoon.com\/es\/dispositivos\/gama-inmarsat\/inmarsat-locate-30\/\" title=\"inmarsat-locate-30\">inmarsat-locate-30<\/a><br\/>\r\n            <a href=\"https:\/\/www.enaikoon.com\/es\/dispositivos\/gama-inmarsat\/inmarsat-locate-30\/\" title=\"inmarsat-locate-30\"><img decoding=\"async\" class=\"gl_scroll_link_img_active\" src=\"https:\/\/www.enaikoon.com\/wp-content\/uploads\/2016\/07\/inmarsat-locate-30.png\" border=\"0\" alt=\"\"><\/a><\/li>\r\n        <\/ul>\r\n\r\n    <\/div>\r\n<\/div>\r\n\r\n<div class=\"row\">\r\n\r\n<div class=\"gl_border-page\">\r\n\t\t\r\n\t\t<div class=\"col-md-4\">\r\n\t\r\n\t\t<h2>ENAiKOON<br>inmarsat locate-30<\/h2>\r\n\t\t<div class=\"clearfix\"><a rel=\"nofollow\" href=\"https:\/\/www.enaikoon.com\/wp-content\/uploads\/2016\/07\/ENAiKOON_inmarsat_locate_03_A_368x300.png\" title=\"ENAiKOON-inmarsat-locate-30\"><img decoding=\"async\" src=\"https:\/\/www.enaikoon.com\/wp-content\/uploads\/2016\/07\/42899d5dc41.png\" border=\"0\" align=\"left\" class=\"gl_space_bottom10\" alt=\"ENAiKOON-inmarsat-locate-30 es la combinaci\u00f3n de un m\u00f3dem inmarsat, un m\u00f3dem GSM\/GPRS, un receptor GPS y un ordenador\"\/><\/a><\/div>\r\n\t\t<div class=\"gl_h5-italic gl_space_right15\"><strong>ENAiKOON inmarsat-locate-30<\/strong> es la combinaci\u00f3n de los siguientes componentes: un m\u00f3dem inmarsat, un m\u00f3dem GSM \/ GPRS, un receptor GPS y un potente ordenador.<\/div>\r\n\t\t<div>&nbsp;<\/div>\t\r\n\t\t<div class=\"gl_h4big\">Aplicaciones<\/div>\r\n\t\t<div class=\"gl_space_right15\">Aplicaciones donde la seguridad sea muy importante y sea necesario un segundo canal de radio. Casos donde sea necesario revisar los datos y localizar un veh\u00edculo en todo momento, en todo el mundo. Transporte internacional que tiene que monitorizarse con el coste m\u00e1s bajo posible.<\/div>\r\n\r\n\t\t<\/div>\r\n\t\t\r\n\t\t<div class=\"col-md-4\">\r\n\t\t\r\n\t\t<div class=\"gl_h4big\">Caracter\u00edsticas principales<\/div>\r\n\t\t<div class=\"gl_space_top10\"><strong>M\u00f3dem Inmarsat<\/strong><\/div>\t\r\n\t\t<ul type=\"square\" class=\"gl_space_ul2\">\r\n\t\t\t<li class=\"gl_space_li\">Transmisi\u00f3n de datos bidireccional <\/li>\r\n\t\t\t<li class=\"gl_space_li\">Funciona por todo el mundo, hasta en las zonas m\u00e1s remotas del planeta (oc\u00e9anos, desiertos, junglas, zonas en guerra&#8230;)<\/li>\t\t\r\n\t\t<\/ul>\r\n\t\t<div class=\"gl_space_top10\"><strong>M\u00f3dem GSM \/ GPRS<\/strong><\/div>\t\r\n\t\t<ul type=\"square\" class=\"gl_space_ul2\">\r\n\t\t\t<li class=\"gl_space_li\">Transmisi\u00f3n de datos a trav\u00e9s de la red GSM<\/li>\r\n\t\t\t<li class=\"gl_space_li\">Transmisi\u00f3n de datos r\u00e1pida y econ\u00f3mica<\/li>\t\t\r\n\t\t<\/ul>\r\n\t\t<div class=\"gl_space_top10\"><strong>Receptor GPS<\/strong><\/div>\t\r\n\t\t<ul type=\"square\" class=\"gl_space_ul2\">\r\n\t\t\t<li class=\"gl_space_li\">Localizaci\u00f3n GPS precisa en todo el mundo<\/li>\t\r\n\t\t<\/ul>\r\n\t\t<div class=\"gl_space_top10\"><strong>Potente ordenador<\/strong><\/div>\t\r\n\t\t<ul type=\"square\" class=\"gl_space_ul2\">\r\n\t\t\t<li class=\"gl_space_li\">Asegura que tanto el procesado de los datos como la transmisi\u00f3n funcionen de forma eficaz <\/li>\r\n\t\t\t<li class=\"gl_space_li\">El ordenador selecciona el sistema de transmisi\u00f3n m\u00e1s indicado para cada situaci\u00f3n<\/li>\t\t\r\n\t\t<\/ul>\r\n\t\t<div>&nbsp;<\/div>\r\n\t\t<div class=\"gl_h4big\">Detalles t\u00e9cnicos<\/div>\r\n\t\t<div class=\"gl_space_top10\"><strong>Transmisor<\/strong><\/div>\r\n\t\t<div class=\"gl_ul_style3\">\r\n\t\t<ul>\r\n\t\t\t<li>Tama\u00f1o: 178 x 113 x 37 mm<\/li>\r\n\t\t\t<li>Peso: 244 g<\/li>\r\n\t\t\t<li>Temperatura operativa:<br>de -25 \u00b0C a +85 \u00b0C<\/li>\t\t\r\n\t\t<\/ul>\r\n\t\t<\/div>\r\n\t\t<div class=\"gl_space_top10\"><strong>Antena de sat\u00e9lite<\/strong><\/div>\r\n\t\t<div class=\"gl_ul_style3\">\r\n\t\t<ul>\r\n\t\t\t<li>Tama\u00f1o: 126 x 93 x 25 mm<\/li>\r\n\t\t\t<li>Peso: 379 g<\/li>\r\n\t\t\t<li>Temperatura operativa:<br>de -40 \u00b0C a +85 \u00b0C<\/li>\t\t\r\n\t\t<\/ul>\r\n\t\t<\/div>\r\n\r\n\t\t<\/div>\r\n\t\t\r\n\t\t<div class=\"col-md-4\">\r\n\t\t\r\n\t\t<div class=\"gl_h4big\">Combinaci\u00f3n de dispositivos<\/div>\r\n\t\t<div>ENAiKOON inmarsat-30 + <a href=\"https:\/\/www.enaikoon.com\/es\/software-es\/inviu-web\/\" title=\"inViu web\">inViu web<\/a> o inViu pro localizaci\u00f3n, control y monitorizaci\u00f3n remota en \u00e1reas sin cobertura m\u00f3vil, por ejemplo, oc\u00e9anos, selvas tropicales, desiertos y el \u00c1rtico<\/div>\r\n\t\t<div>&nbsp;<\/div>\r\n\t\t<div>ENAiKOON inmarsat-30 + <a href=\"https:\/\/www.enaikoon.com\/es\/dispositivos\/accesorios\/temp-sensor\/\" title=\"temp-sensor\">temp-sensor<\/a> + <a href=\"https:\/\/www.enaikoon.com\/es\/software-es\/plugins\/temp-checker\/\" title=\"temp-checker\">temp-checker<\/a> + <a href=\"https:\/\/www.enaikoon.com\/es\/software-es\/inviu-pro\/\" title=\"inViu pro\">inViu pro<\/a> = localizaci\u00f3n, control remoto y monitorizaci\u00f3n remota de temperatura en \u00e1reas sin cobertura m\u00f3vil, por ejemplo, oc\u00e9anos, selvas tropicales, desiertos y el \u00c1rtico <\/div>\r\n\t\t<div>&nbsp;<\/div>\r\n\t\t<div>ENAiKOON inmarsat-30 + <a href=\"https:\/\/www.enaikoon.com\/es\/software-es\/plugins\/fuel-tracker\/\" title=\"fuel-tracker\">fuel-tracker<\/a> + <a href=\"https:\/\/www.enaikoon.com\/es\/software-es\/inviu-pro\/\" title=\"inViu pro\">inViu pro<\/a> = mejor vista general de su flota y empleados, as\u00ed como monitorizaci\u00f3n en tiempo real del tanque de combustible de sus veh\u00edculos, equipos y m\u00e1quinas, y protecci\u00f3n contra el robo de combustible<\/div>\r\n\t\t<div><a class=\"gl_button_grey\" rel=\"nofollow\" href=\"https:\/\/www.enaikoon.com\/fileadmin\/enaikoon\/Dateien\/pdf\/Datenblatt\/inmarsat-locate-30\/spanisch\/ENAiKOON_inmarsat-locate-30_hojas_de_datos.pdf\" target=\"_blank\">Descargar PDF<\/a><\/div>\r\n\t\t<div><a class=\"gl_button_blue\" href=\"https:\/\/www.enaikoon.com\/es\/contacto\/contacto\/\">cont\u00e1ctenos<\/a><\/div>\r\n\t\t\r\n\t\t<\/div>\r\n\t\t\r\n\t\t<div class=\"gl_row_space\"><\/div>\r\n<\/div>\r\n<\/div>","protected":false},"excerpt":{"rendered":"<p> [&hellip;]<\/p>\n","protected":false},"author":7,"featured_media":0,"parent":6282,"menu_order":0,"comment_status":"closed","ping_status":"closed","template":"","meta":{"footnotes":""},"acf":[],"_links":{"self":[{"href":"https:\/\/www.enaikoon.com\/es\/wp-json\/wp\/v2\/pages\/6286"}],"collection":[{"href":"https:\/\/www.enaikoon.com\/es\/wp-json\/wp\/v2\/pages"}],"about":[{"href":"https:\/\/www.enaikoon.com\/es\/wp-json\/wp\/v2\/types\/page"}],"author":[{"embeddable":true,"href":"https:\/\/www.enaikoon.com\/es\/wp-json\/wp\/v2\/users\/7"}],"replies":[{"embeddable":true,"href":"https:\/\/www.enaikoon.com\/es\/wp-json\/wp\/v2\/comments?post=6286"}],"version-history":[{"count":5,"href":"https:\/\/www.enaikoon.com\/es\/wp-json\/wp\/v2\/pages\/6286\/revisions"}],"predecessor-version":[{"id":8295,"href":"https:\/\/www.enaikoon.com\/es\/wp-json\/wp\/v2\/pages\/6286\/revisions\/8295"}],"up":[{"embeddable":true,"href":"https:\/\/www.enaikoon.com\/es\/wp-json\/wp\/v2\/pages\/6282"}],"wp:attachment":[{"href":"https:\/\/www.enaikoon.com\/es\/wp-json\/wp\/v2\/media?parent=6286"}],"curies":[{"name":"wp","href":"https:\/\/api.w.org\/{rel}","templated":true}]}}