{"id":6284,"date":"2016-08-01T08:10:02","date_gmt":"2016-08-01T08:10:02","guid":{"rendered":"https:\/\/www.enaikoon.com\/?page_id=6284"},"modified":"2016-08-13T14:34:37","modified_gmt":"2016-08-13T14:34:37","slug":"inmarsat-600","status":"publish","type":"page","link":"https:\/\/www.enaikoon.com\/es\/dispositivos\/gama-inmarsat\/inmarsat-600\/","title":{"rendered":"inmarsat-600"},"content":{"rendered":"<div class=\"gl_slide_scroll_box\">\r\n\t<div class=\"gl_scroll_box\">\r\n <noindex><\/noindex>        <ul>\r\n            <li><a class=\"gl_scroll_link_title\" href=\"https:\/\/www.enaikoon.com\/es\/dispositivos\/gama-inmarsat\/inmarsat-600\/\"  title=\"inmarsat-600\">  inmarsat-600<\/a><br\/>\r\n            <a href=\"https:\/\/www.enaikoon.com\/es\/dispositivos\/gama-inmarsat\/inmarsat-600\/\"  title=\"inmarsat-600\"><img decoding=\"async\" class=\"gl_scroll_link_img_active\" src=\"https:\/\/www.enaikoon.com\/wp-content\/uploads\/2016\/07\/inmarsat-600.png\" border=\"0\" alt=\"\"><\/a><\/li>\r\n            \r\n          \t<li><a class=\"gl_scroll_link_title\" href=\"https:\/\/www.enaikoon.com\/es\/dispositivos\/gama-inmarsat\/inmarsat-locate-30\/\" title=\"inmarsat-locate-30\">inmarsat-locate-30<\/a><br\/>\r\n            <a href=\"https:\/\/www.enaikoon.com\/es\/dispositivos\/gama-inmarsat\/inmarsat-locate-30\/\" title=\"inmarsat-locate-30\"><img decoding=\"async\" class=\"gl_scroll_link_img\" src=\"https:\/\/www.enaikoon.com\/wp-content\/uploads\/2016\/07\/inmarsat-locate-30.png\" border=\"0\" alt=\"\"><\/a><\/li>\r\n        <\/ul>\r\n\r\n    <\/div>\r\n<\/div>\r\n\r\n<div class=\"row\">\r\n<div class=\"gl_border-page\">\r\n\t\t\r\n\t\t<div class=\"col-md-4\">\r\n\t\r\n\t\t<h2>ENAiKOON<br>inmarsat-600<\/h2>\r\n\t\t<div class=\"clearfix\"><a rel=\"nofollow\" href=\"https:\/\/www.enaikoon.com\/wp-content\/uploads\/2016\/07\/ENAiKOON_inmarsat_600_A_368x300.png\" title=\"ENAiKOON-inmarsat-600\"><img decoding=\"async\" src=\"https:\/\/www.enaikoon.com\/wp-content\/uploads\/2016\/07\/cf7a9e6b3a1.png\" border=\"0\" align=\"left\" class=\"gl_space_bottom10\" alt=\"ENAiKOON-inmarsat-600 es un dispositivo de rastreo GPS muy potente que trabaja sin red GSM\"\/><\/a><\/div>\r\n\t\t<div class=\"gl_h5-italic\"><strong>ENAiKOON inmarsat-600<\/strong> es nuestro dispositivo de monitorizaci\u00f3n y localizaci\u00f3n m\u00e1s potente, dise\u00f1ado para registrar y transmitir los datos de objetos y veh\u00edculos por todo el mundo, hasta en regiones donde no haya red de comunicaciones m\u00f3viles. Mediante <a rel=\"nofollow\" href=\"http:\/\/www.inmarsat.com\/\" target=\"_blank\"title=\"Inmarsat\">Inmarsat<\/a>.<\/div>\r\n\t\t<div>&nbsp;<\/div>\t\r\n\t\t<div class=\"gl_h4big\">Aplicaciones<\/div>\r\n\t\t<div>M\u00e1quinas de construcci\u00f3n, coches, contenedores, transportes de mercanc\u00edas peligrosas, ferrys, flotas de barcos de pesca, globos aerost\u00e1ticos, casas, helic\u00f3pteros, plantas industriales, tuber\u00edas y oleoductos, coches de polic\u00eda&#8230;<br>\u00a1Hay infinitas aplicaciones de este tipo de dispositivos!<\/div>\r\n\r\n\t\t<\/div>\r\n\t\t\r\n\t\t<div class=\"col-md-4\">\r\n\t\t\r\n\t\t<div class=\"gl_h4big\">Caracter\u00edsticas principales<\/div>\r\n\t\t<ul type=\"square\" class=\"gl_space_ul2\">\r\n\t\t\t<li class=\"gl_space_li\">Permite la vigilancia, el control remoto, la localizaci\u00f3n y el registro de datos de cualquier objeto m\u00f3vil<\/li>\r\n\t\t\t<li class=\"gl_space_li\">Registra y analiza datos sin red GSM<\/li>\r\n\t\t\t<li class=\"gl_space_li\">Los bajos costes de transmisi\u00f3n de datos se traducen en bajos costes de m\u00f3vil<\/li>\r\n\t\t\t<li class=\"gl_space_li\">Modo transmisi\u00f3n de informaci\u00f3n 2 v\u00edas sat\u00e9lite: temperatura, presi\u00f3n, estado sensor, velocidad, direcci\u00f3n, altura y \u00a1mucho m\u00e1s!<\/li>\t\t\r\n\t\t<\/ul>\t\r\n\t\t<div>&nbsp;<\/div>\t\r\n\t\t<div class=\"gl_h5big\">Detalles t\u00e9cnicos<\/div>\r\n\t\t<div class=\"gl_ul_style3\">\r\n\t\t<ul>\r\n\t\t\t<li>Actualmente, el dispositivo de 2 v\u00edas Inmarsat m\u00e1s peque\u00f1o del mundo: 126&#215;126 mm, altura: 49 mm<\/li>\r\n\t\t\t<li>Bajo consumo de energ\u00eda, ideal para aplicaciones alimentadas con bater\u00edas<\/li>\r\n\t\t\t<li>Soporta un amplio rango de temperaturas:<br>de -40 \u00b0C a +85 \u00b0C<\/li>\r\n\t\t\t<li>Libre de mantenimiento, larga vida \u00fatil del dispositivo<\/li>\t\t\r\n\t\t<\/ul>\r\n\t\t<\/div>\r\n\r\n\t\t<\/div>\r\n\t\t\r\n\t\t<div class=\"col-md-4\">\r\n\t\t\r\n\t\t<div class=\"gl_h4big\">Combinaci\u00f3n de dispositivos<\/div>\r\n\t\t<div>ENAiKOON inmarsat-600 + <a href=\"https:\/\/www.enaikoon.com\/es\/software-es\/inviu-web\/\" title=\"inViu web\">inViu web<\/a> o inViu pro localizaci\u00f3n, control y monitorizaci\u00f3n remota en \u00e1reas sin cobertura m\u00f3vil, por ejemplo, oc\u00e9anos, selvas tropicales, desiertos y el \u00c1rtico<\/div>\r\n\t\t<div>&nbsp;<\/div>\r\n\t\t<div>ENAiKOON inmarsat-600 + <a href=\"https:\/\/www.enaikoon.com\/es\/dispositivos\/accesorios\/temp-sensor\/\" title=\"temp-sensor\">temp-sensor<\/a> + <a href=\"https:\/\/www.enaikoon.com\/es\/software-es\/plugins\/temp-checker\/\" title=\"temp-checker\">temp-checker<\/a> + <a href=\"https:\/\/www.enaikoon.com\/es\/software-es\/inviu-pro\/\" title=\"inViu pro\">inViu pro<\/a> = localizaci\u00f3n, control remoto y monitorizaci\u00f3n remota de temperatura en \u00e1reas sin cobertura m\u00f3vil, por ejemplo, oc\u00e9anos, selvas tropicales, desiertos y el \u00c1rtico<\/div>\r\n\t\t<div>&nbsp;<\/div>\r\n\t\t<div>ENAiKOON inmarsat-600 + <a href=\"https:\/\/www.enaikoon.com\/es\/software-es\/plugins\/fuel-tracker\/\" title=\"fuel-tracker\">fuel-tracker<\/a> + <a href=\"https:\/\/www.enaikoon.com\/es\/software-es\/inviu-pro\/\" title=\"inViu pro\">inViu pro<\/a> = mejor vista general de su flota y empleados, as\u00ed como monitorizaci\u00f3n en tiempo real del tanque de combustible de sus veh\u00edculos, equipos y m\u00e1quinas, y protecci\u00f3n contra el robo de combustible<\/div>\r\n\t\t<div><a class=\"gl_button_grey\" rel=\"nofollow\" href=\"https:\/\/www.enaikoon.com\/fileadmin\/enaikoon\/Dateien\/pdf\/Datenblatt\/inmarsat-600\/spanisch\/ENAiKOON_inmarsat-600_hojas_de_datos.pdf\" target=\"_blank\">Descargar PDF<\/a><\/div>\r\n\t\t<div><a class=\"gl_button_blue\" href=\"https:\/\/www.enaikoon.com\/es\/contacto\/contacto\/\">cont\u00e1ctenos<\/a><\/div>\r\n\t\t\r\n\t\t<\/div>\r\n\t\t\r\n\t\t<div class=\"gl_row_space\"><\/div>\r\n<\/div>\r\n<\/div>","protected":false},"excerpt":{"rendered":"<p> [&hellip;]<\/p>\n","protected":false},"author":7,"featured_media":0,"parent":6282,"menu_order":0,"comment_status":"closed","ping_status":"closed","template":"","meta":{"footnotes":""},"acf":[],"_links":{"self":[{"href":"https:\/\/www.enaikoon.com\/es\/wp-json\/wp\/v2\/pages\/6284"}],"collection":[{"href":"https:\/\/www.enaikoon.com\/es\/wp-json\/wp\/v2\/pages"}],"about":[{"href":"https:\/\/www.enaikoon.com\/es\/wp-json\/wp\/v2\/types\/page"}],"author":[{"embeddable":true,"href":"https:\/\/www.enaikoon.com\/es\/wp-json\/wp\/v2\/users\/7"}],"replies":[{"embeddable":true,"href":"https:\/\/www.enaikoon.com\/es\/wp-json\/wp\/v2\/comments?post=6284"}],"version-history":[{"count":6,"href":"https:\/\/www.enaikoon.com\/es\/wp-json\/wp\/v2\/pages\/6284\/revisions"}],"predecessor-version":[{"id":8296,"href":"https:\/\/www.enaikoon.com\/es\/wp-json\/wp\/v2\/pages\/6284\/revisions\/8296"}],"up":[{"embeddable":true,"href":"https:\/\/www.enaikoon.com\/es\/wp-json\/wp\/v2\/pages\/6282"}],"wp:attachment":[{"href":"https:\/\/www.enaikoon.com\/es\/wp-json\/wp\/v2\/media?parent=6284"}],"curies":[{"name":"wp","href":"https:\/\/api.w.org\/{rel}","templated":true}]}}