{"id":6278,"date":"2016-08-01T08:07:17","date_gmt":"2016-08-01T08:07:17","guid":{"rendered":"https:\/\/www.enaikoon.com\/?page_id=6278"},"modified":"2023-11-26T12:22:49","modified_gmt":"2023-11-26T12:22:49","slug":"locate-20","status":"publish","type":"page","link":"https:\/\/www.enaikoon.com\/es\/dispositivos\/gama-locate\/locate-20\/","title":{"rendered":"Locate 20"},"content":{"rendered":"\n<div class=\"gl_slide_scroll_box\">\n<div class=\"gl_scroll_box\">\n<ul>\n<li><a class=\"gl_scroll_link_title\" title=\"locate-04\" href=\"https:\/\/www.enaikoon.com\/es\/dispositivos\/gama-locate\/locate-04\/\">locate-04<\/a>\n<figure><a title=\"locate-04\" href=\"https:\/\/www.enaikoon.com\/es\/dispositivos\/gama-locate\/locate-04\/\"><img decoding=\"async\" class=\"gl_scroll_link_img\" src=\"https:\/\/www.enaikoon.com\/wp-content\/uploads\/2016\/07\/locate4.png\" border=\"0\"><\/a><\/figure><p><\/p>\n<\/li>\n<li><a class=\"gl_scroll_link_title\" title=\"locate-06\" href=\"https:\/\/www.enaikoon.com\/es\/dispositivos\/gama-locate\/locate-06\/\">locate-06<\/a>\n<figure><a title=\"locate-06\" href=\"https:\/\/www.enaikoon.com\/es\/dispositivos\/gama-locate\/locate-06\/\"><img decoding=\"async\" class=\"gl_scroll_link_img\" src=\"https:\/\/www.enaikoon.com\/wp-content\/uploads\/2016\/07\/locate6.png\" border=\"0\"><\/a><\/figure><p><\/p>\n<\/li>\n<li><a class=\"gl_scroll_link_title\" title=\"locate-15\" href=\"https:\/\/www.enaikoon.com\/es\/dispositivos\/gama-locate\/locate-15\/\">locate-15<\/a>\n<figure><a title=\"locate-15\" href=\"https:\/\/www.enaikoon.com\/es\/dispositivos\/gama-locate\/locate-15\/\"><img decoding=\"async\" class=\"gl_scroll_link_img\" src=\"https:\/\/www.enaikoon.com\/wp-content\/uploads\/2016\/07\/locate15.png\" border=\"0\"><\/a><\/figure><p><\/p>\n<\/li>\n<li><a class=\"gl_scroll_link_title\" title=\"locate-17\" href=\"https:\/\/www.enaikoon.com\/es\/dispositivos\/gama-locate\/locate-17\/\">locate-17<\/a>\n<figure><a title=\"locate-17\" href=\"https:\/\/www.enaikoon.com\/es\/dispositivos\/gama-locate\/locate-17\/\"><img decoding=\"async\" class=\"gl_scroll_link_img\" src=\"https:\/\/www.enaikoon.com\/wp-content\/uploads\/2016\/07\/locate17.png\" border=\"0\"><\/a><\/figure><p><\/p>\n<\/li>\n<!-- <li><a class=\"gl_scroll_link_title\" title=\"locate-18\" href=\"https:\/\/www.enaikoon.com\/es\/dispositivos\/gama-locate\/locate-18\/\">locate-18<\/a><br><a title=\"locate-18\" href=\"https:\/\/www.enaikoon.com\/es\/dispositivos\/gama-locate\/locate-18\/\"><img decoding=\"async\" class=\"gl_scroll_link_img\" src=\"https:\/\/www.enaikoon.com\/wp-content\/uploads\/2016\/07\/locate18.png\" border=\"0\"><\/a><\/li> -->\n<li><a class=\"gl_scroll_link_title\" title=\"locate-19\" href=\"https:\/\/www.enaikoon.com\/es\/dispositivos\/gama-locate\/locate-19\/\">locate-19<\/a><br><a title=\"locate-19\" href=\"https:\/\/www.enaikoon.com\/es\/dispositivos\/gama-locate\/locate-19\/\"><img decoding=\"async\" class=\"gl_scroll_link_img\" src=\"https:\/\/www.enaikoon.com\/wp-content\/uploads\/2016\/07\/locate19.png\" border=\"0\"><\/a><\/li>\n<li><a class=\"gl_scroll_link_title\" title=\"locate-20\" href=\"https:\/\/www.enaikoon.com\/es\/dispositivos\/gama-locate\/locate-20\/\">locate-20<\/a><br><a title=\"locate-20\" href=\"https:\/\/www.enaikoon.com\/es\/dispositivos\/gama-locate\/locate-20\/\"><img decoding=\"async\" class=\"gl_scroll_link_img_active\" src=\"https:\/\/www.enaikoon.com\/wp-content\/uploads\/2021\/06\/l-20.jpg\" border=\"0\"><\/a><\/li>\n<\/ul>\n<\/div>\n<\/div>\n\n\n\n<div class=\"row\">\n<div class=\"gl_border-page\">\n\n<div class=\"col-md-4\">\n<div class=\"gl_h2big\">ENAiKOON\nlocate-20<\/div>\n<div class=\"clearfix\"><a title=\"ENAiKOON locate-20 is a full featured telematics unit for vehicles and constrction machinery\" rel=\"nofollow\" href=\"https:\/\/www.enaikoon.com\/wp-content\/uploads\/2021\/06\/l-20-full.jpg\"><img decoding=\"async\" class=\"gl_space_bottom10\" src=\"https:\/\/www.enaikoon.com\/wp-content\/uploads\/2021\/06\/l-20.jpg\" alt=\"ENAiKOON locate-20 is a full featured telematics unit for vehicles and constrction machinery\" align=\"left\" border=\"0\" \/><\/a><\/div>\n<div class=\"gl_h5-italic\">El <strong>ENAiKOON locate-20<\/strong> es una unidad telem\u00e1tica integral para veh\u00edculos y maquinaria de construcci\u00f3n. Este portal funciona en combinaci\u00f3n con cualquier etiqueta ENAiKOON para la transmisi\u00f3n de datos a la nube ENAiKOON utilizando diferentes canales de comunicaci\u00f3n como Lora, BLE, iBeacon, GSM y otras tecnolog\u00edas de radio.<\/div>\n<div><\/div>\n<div class=\"gl_h4big\">Usos<\/div>\n<div>Los art\u00edculos que no est\u00e9n conectados a una fuente de energ\u00eda pueden ser conectados al Internet. Algunos ejemplos ser\u00edan: llaves importantes, taladros, cajas de herramientas, sensores, contactos de puertas y ventanas, contenedores, animales, remolques, sistemas de riego y muchos m\u00e1s.<\/div>\n<div><\/div>\n<div>De esta manera, las compa\u00f1\u00edas de diversos sectores contar\u00e1n con un n\u00famero infinito de opciones de productos, servicios, optimizaci\u00f3n de procesos, reducci\u00f3n de costos, entre muchos otros, mediante la combinaci\u00f3n de los diferentes componentes existentes.<\/div>\n<div><\/div>\n<br\/><\/br>\n<div class=\"gl_h4big\">Aplicaciones<\/div>\n<div class=\"gl_ul_style3\">\n<ul>\n \t<li>Registro automatizado de la presencia\/ausencia de activos en obras de construcci\u00f3n y en minas, entre otros.<\/li>\n \t<li>Protecci\u00f3n permanente para evitar la p\u00e9rdida de llaves de las puertas o de herramientas costosas al estar comprobando constantemente que se encuentren cerca.<\/li>\n \t<li>Medici\u00f3n inal\u00e1mbrica a distancia (p.ej. de la presi\u00f3n de los neum\u00e1ticos, la temperatura en los compartimentos de camiones, del estado de las puertas del contenedor, de horas de funcionamiento de las m\u00e1quinas, del consumo de energ\u00eda de los sistemas de calefacci\u00f3n, etc.)<\/li>\n \t<li>Registro permanente de la presencia\/ausencia de veh\u00edculos, contenedores, remolques, paletas, m\u00e1quinas de caf\u00e9, entre otros, en las instalaciones de la empresa, en una ciudad, etc.<\/li>\n \t<li>Registro automatizado de los remolques conectados a \/ desconectados de los tractores.<\/li>\n \t<li>Vigilancia ininterrumpida de las puertas, ventanas, aperturas del tanque o alcantarillas en la calle, etc.<\/li>\n<\/ul>\n<\/div>\n<\/div>\n\n<div class=\"col-md-4\">\n<div class=\"gl_h4big\">Caracter\u00edsticas principales<\/div>\n<div>Unidad telem\u00e1tica configurada en su totalidad para veh\u00edculos y maquinaria de construcci\u00f3n. Este portal podr\u00e1 ser combinado con cualquier etiqueta ENAiKOON. La informaci\u00f3n ser\u00e1 sincronizada con la nube ENAiKOON mediante diferentes canales de comunicaci\u00f3n como LoRa \/ BLE \/ iBeacon \/ GSM y otros tipos de radiotecnolog\u00eda.<\/div>\n<div><\/div>\n<\/br>\n<div class=\"gl_h4big\">Comunicaci\u00f3n<\/div>\n<div class=\"gl_ul_style3\">\n<ul>\n \t<li>LoRa<\/li>\n \t<li>iBeacon<\/li>\n \t<li>Bluetooth de baja energ\u00eda (BLE)\ncompatible con dispositivos Android desde la versi\u00f3n 4.0 con amplificador de energ\u00eda 10 mW 100 mW<\/li>\n \t<li>RF 2.400 &#8211; 2.500 MHz\nProtocolo nativo\nEl rango de la se\u00f1al de radio se puede ajustar apropiadamente a cada tarea\nCon la se\u00f1al RF se puede alcanzar un rango de hasta 2km en campo abierto\nRF no puede ser recibida por Smartphones<\/li>\n \t<li>GPRS<\/li>\n \t<li>Antenas integradas<\/li>\n<\/ul>\n<\/div>\n<div><\/div>\n<div class=\"gl_h4big\">Detalles t\u00e9cnicos<\/div>\n<div class=\"gl_ul_style3\">\n<ul>\n \t<li>GPS para sincronizaci\u00f3n exacta del tiempo<\/li>\n \t<li>2 LEDs<\/li>\n \t<li>Enchufe de 220 V<\/li>\n \t<li>Conexi\u00f3n para\n1 x entrada digital\n1 x entrada an\u00e1loga\n1 x salida digital\nBater\u00eda externa 6 &#8211; 31 V<\/li>\n \t<li>Bater\u00eda de reserva recargable 3.6 V, 650 mAh<\/li>\n \t<li>Carcasa a prueba de agua IP67<\/li>\n \t<li>Tama\u00f1o: 120 x 53 x 23 mm<\/li>\n \t<li>5 V Salida 0.5 &#8211; 2.0 A<\/li>\n<\/ul>\n<\/div>\n<\/div>\n\n<div class=\"col-md-4\">\n<div class=\"gl_h4big\">Combinaci\u00f3n de dispositivos<\/div>\n<div>ENAiKOON locate-04 + <a title=\"inViu web\" href=\"https:\/\/www.enaikoon.com\/es\/software-es\/inviu-web\/\">inViu web<\/a> = localizaci\u00f3n GPS precisa, prevenci\u00f3n de robos y seguridad.<\/div>\n<div><\/div>\n<div>ENAiKOON locate-04 + ENAiKOON driver-id + <a title=\"ENAiKOON staff-tracker\" href=\"https:\/\/www.enaikoon.com\/es\/software-es\/plugins\/staff-tracker\/\">ENAiKOON staff-tracker<\/a> + <a title=\"inViu pro\" href=\"https:\/\/www.enaikoon.com\/es\/software-es\/inviu-pro\/\">inViu pro<\/a> = localizaci\u00f3n precisa GPS, con informes que muestran el tiempo de trabajo y pausas, as\u00ed como muestra en el mapa de las actividades de los veh\u00edculos y empleados, ahorrando as\u00ed tiempo y dinero.<\/div>\n<div><\/div>\n<\/br>\n<div class=\"gl_h4big\">Software tel\u00e9fono m\u00f3vil<\/div>\n<ul class=\"gl_space_ul2\" type=\"square\">\n \t<li class=\"gl_space_li\"><a href=\"https:\/\/www.enaikoon.com\/es\/movil\/plugins\/routes\/\">inViu routes<\/a>\nMuestra de todos los trackables en un m\u00f3vil Android y transmisi\u00f3n de la posici\u00f3n actual del tel\u00e9fono en <a href=\"https:\/\/www.enaikoon.com\/es\/software-es\/inviu-web\/\">inViu web<\/a> o <a href=\"https:\/\/www.enaikoon.com\/es\/software-es\/inviu-pro\/\">inViu pro<\/a><\/li>\n \t<li class=\"gl_space_li\"><a href=\"https:\/\/www.enaikoon.com\/es\/movil\/plugins\/nfc-tracker\/\">inViu NFC-tracker<\/a>\nIndicaci\u00f3n de horas de trabajo mediante m\u00f3vil Android y ENAiKOON staff-tracker<\/li>\n<\/ul>\n<div><a class=\"gl_button_blue\" href=\"https:\/\/www.enaikoon.com\/es\/contacto\/contacto\/\">cont\u00e1ctenos<\/a><\/div>\n<div><a class=\"gl_button_grey\" href=\"https:\/\/www.enaikoon.com\/fileadmin\/enaikoon\/Dateien\/pdf\/Datenblatt\/ginstr_beacon_network\/englisch\/ginstr_beacon_network_brochure_V2.0.pdf\" target=\"_blank\" rel=\"nofollow\" noreferrer\">IoT beacon network<\/a><\/div>\n<\/div>\n<div class=\"gl_row_space\"><\/div>\n<\/div>\n<\/div>\n","protected":false},"excerpt":{"rendered":"<p> [&hellip;]<\/p>\n","protected":false},"author":7,"featured_media":0,"parent":6260,"menu_order":0,"comment_status":"closed","ping_status":"closed","template":"","meta":{"footnotes":""},"acf":[],"_links":{"self":[{"href":"https:\/\/www.enaikoon.com\/es\/wp-json\/wp\/v2\/pages\/6278"}],"collection":[{"href":"https:\/\/www.enaikoon.com\/es\/wp-json\/wp\/v2\/pages"}],"about":[{"href":"https:\/\/www.enaikoon.com\/es\/wp-json\/wp\/v2\/types\/page"}],"author":[{"embeddable":true,"href":"https:\/\/www.enaikoon.com\/es\/wp-json\/wp\/v2\/users\/7"}],"replies":[{"embeddable":true,"href":"https:\/\/www.enaikoon.com\/es\/wp-json\/wp\/v2\/comments?post=6278"}],"version-history":[{"count":15,"href":"https:\/\/www.enaikoon.com\/es\/wp-json\/wp\/v2\/pages\/6278\/revisions"}],"predecessor-version":[{"id":19012,"href":"https:\/\/www.enaikoon.com\/es\/wp-json\/wp\/v2\/pages\/6278\/revisions\/19012"}],"up":[{"embeddable":true,"href":"https:\/\/www.enaikoon.com\/es\/wp-json\/wp\/v2\/pages\/6260"}],"wp:attachment":[{"href":"https:\/\/www.enaikoon.com\/es\/wp-json\/wp\/v2\/media?parent=6278"}],"curies":[{"name":"wp","href":"https:\/\/api.w.org\/{rel}","templated":true}]}}