{"id":6275,"date":"2016-08-01T08:06:50","date_gmt":"2016-08-01T08:06:50","guid":{"rendered":"https:\/\/www.enaikoon.com\/?page_id=6275"},"modified":"2016-08-18T10:26:34","modified_gmt":"2016-08-18T10:26:34","slug":"locate-19-use-cases","status":"publish","type":"page","link":"https:\/\/www.enaikoon.com\/es\/dispositivos\/gama-locate\/locate-19\/locate-19-use-cases\/","title":{"rendered":"Locate 19 Use Cases"},"content":{"rendered":"<div class=\"row\">\r\n\r\n<div class=\"gl_space_page\">\r\n\r\n\t<div class=\"col-md-8\">\r\n\t\r\n\t<div class=\"gl_space_pageleft\">\r\n\t\r\n\t\t<div class=\"gl_h2big\">C\u00f3mo se puede beneficiar del<br>ENAiKOON locate-19 <\/div> \r\n\t\t<div class=\"gl_h4big\">Geofence, la barrera geogr\u00e1fica virtual<\/div>\r\n\t\t<div>&nbsp;<\/div>\r\n\t\t<div>Detr\u00e1s de este concepto se encuentra una forma sencilla y eficaz para definir \u00e1reas en un mapa. Por ejemplo, haga una geofence alrededor de la ruta recorrida diariamente por un ni\u00f1o. Basta con insertar una o varias \u00e1reas alrededor de la escuela, la parada del bus, la guarder\u00eda o ni\u00f1eras y los clubes deportivos. Si el ni\u00f1o se va o llega a las \u00e1reas definidas, se env\u00eda un e-mail o SMS. As\u00ed, los  padres pueden estar tranquilos que sus hijos han llegado donde deber\u00edan.<\/div>\r\n\t\t<div>&nbsp;<\/div>\r\n\t\t<div>Tambi\u00e9n se pueden emplear las barreras geofence para recibir alarmas cuando una dispositivo m\u00f3vil entra o deja una zona, como los coches, motos, barcos, etc. <\/div>\r\n\t\t<div>&nbsp;<\/div>\r\n\t\t<div>Aproveche las ventajas de las geofence de inViu y sea informado r\u00e1pidamente cuando se presenta una situaci\u00f3n inusual. Para ahorrar tiempo, siempre existe la opci\u00f3n de mirar en el mapa para saber d\u00f3nde est\u00e1 todo.<\/div>\r\n\t\t\r\n\t<\/div>\r\n\t\r\n\t<\/div>\r\n\t\r\n\t<div class=\"col-md-4\">\r\n\t\r\n\t<div class=\"gl_space_pageright\">\r\n\t<div class=\"gl_space_top20\"><\/div>\r\n\t<div class=\"clearfix\"><img decoding=\"async\" src=\"https:\/\/www.enaikoon.com\/wp-content\/uploads\/2016\/07\/l19-hand_11.png\" border=\"0\" align=\"left\" alt=\"dispositivo de rastreo GPS ENAiKOON locate-19\" title=\"ENAiKOON locate-19\"\/><\/div>\r\n\t<div><a class=\"gl_button_yellow\" href=\"https:\/\/www.enaikoon.com\/es\/dispositivos\/gama-locate\/locate-19\/\">Volver al locate-19<\/a><\/div>\r\n\t\r\n\t<\/div>\r\n\t\r\n\t<\/div>\r\n\r\n\t<div class=\"gl_row_space\"><\/div>\r\n\t<div class=\"gl_line\"><\/div>\r\n\t\r\n\t<div class=\"col-md-12\">\r\n\t\r\n\t<h2>Seguridad<\/h2>\r\n\t\r\n\t<\/div>\r\n\t\r\n\t<div class=\"gl_row_space\"><\/div>\r\n\t\r\n\t<div class=\"col-md-4\">\r\n\t\r\n\t<div class=\"gl_h4big\">Libertad para adolescentes<\/div>\r\n\t<div class=\"clearfix\">\r\n\t\t<div><img decoding=\"async\" src=\"https:\/\/www.enaikoon.com\/wp-content\/uploads\/2016\/07\/Party-_Grey-Border__04.png\" border=\"0\" align=\"left\" class=\"gl_space_bottom10\"  alt=\"Libertad para los adolescentes\" title=\"Libertad para los adolescentes\"\/><\/div>\r\n\t<\/div>\r\n\t<div class=\"gl_space_right10\">Los padres tienen una gran responsabilidad hacia sus hijos, pero al mismo tiempo les tienen que inculcar responsabilidad y darles m\u00e1s libertad conforme se hacen mayores. La soluci\u00f3n es supervisar sin controlar constantemente. Un r\u00e1pido vistazo a<a href=\"https:\/\/www.enaikoon.com\/es\/software-es\/\" title=\"Abre el enlace interno en la ventana actual\">inViu<\/a> le permitir\u00e1 a los padres saber d\u00f3nde est\u00e1n sus hijos adolescentes. La seguridad est\u00e1 en sus manos sin la molestia de las llamadas constantes o las escenas embarazosas delante de amistades y compa\u00f1eros de clase.<\/div>\r\n\t\r\n\t<\/div>\r\n\t\r\n\t<div class=\"col-md-4\">\r\n\t<div class=\"gl_h4big\">Localizaci\u00f3n de ancianos<\/div>\r\n\t<div class=\"clearfix\">\r\n\t\t<div><img decoding=\"async\" src=\"https:\/\/www.enaikoon.com\/wp-content\/uploads\/2016\/07\/Old_MAn_Walking-_Grey-Border__03.png\" border=\"0\" align=\"left\" class=\"gl_space_bottom10\" alt=\"Localizaci\u00f3n de ancianos\" title=\"Localizaci\u00f3n de ancianos\" \/><\/div>\r\n\t<\/div>\r\n\t<div class=\"gl_space_right10\">A medida que la gente se hace mayor, pueden sufrir demencia o la enfermedad de Alzheimer. Los lugares que sol\u00edan ser familiares son ahora totalmente desconocidos. Proporcion\u00e1ndoles el dispositivo ENAiKOON, puede ayudar enormemente al cuidador y a la familia para saber si todo est\u00e1 en orden. Con la creaci\u00f3n de una barrera geogr\u00e1fica, que virtualmente abarca un \u00e1rea, los familiares o los cuidadores reciben alertas cuando el dispositivo sale de este espacio predefinido. Entonces, es m\u00e1s f\u00e1cil recogerlos y traerlos a casa a salvo. El dispositivo de localizaci\u00f3n de ENAiKOON est\u00e1 equipado con un bot\u00f3n de emergencia. Al apretar el bot\u00f3n, se inicia una llamada telef\u00f3nica o se env\u00eda un SMS a un conjunto predefinido de tel\u00e9fonos. Permita que los ancianos disfruten m\u00e1s tiempo de su independencia, con la capacidad de reaccionar r\u00e1pidamente en caso de emergencia. El ENAiKOON locate-19 es peque\u00f1o y ligero y se puede agarrar de forma invisible en la ropa.<\/div>\r\n\t\r\n\t<\/div>\r\n\t\r\n\t<div class=\"col-md-4\">\r\n\t\r\n\t<div class=\"gl_h4big\">Seguridad para ni\u00f1os<\/div>\r\n\t<div class=\"clearfix\">\r\n\t\t<div><img decoding=\"async\" src=\"https:\/\/www.enaikoon.com\/wp-content\/uploads\/2016\/07\/Boy_Traffic-_Grey-Border__04.png\" border=\"0\" align=\"left\" class=\"gl_space_bottom10\" alt=\"Seguridad para ni\u00f1os\" title=\"Seguridad para ni\u00f1os\"\/><\/div>\r\n\t<\/div>\r\n\t<div class=\"gl_space_right10\">La forma m\u00e1s f\u00e1cil y segura de saber siempre d\u00f3nde est\u00e1n sus hijos es d\u00e1ndoles el dispositivo de ENAiKOON. Simplemente tiene que acceder al software online de inViu para saber al instante d\u00f3nde se encuentran y si simplemente se han demorado un poco en el camino de la escuela a casa. El localizador ENAiKOON locate-19 ofrece a los padres la seguridad de saber la localizaci\u00f3n de sus hijos en cualquier momento y si todo va bien. <\/div>\r\n\t\r\n\t<\/div>\r\n\t\r\n\t<div class=\"gl_row_space\"><\/div>\r\n\t<div class=\"gl_line\"><\/div>\r\n\t\r\n\t<div class=\"col-md-4\">\r\n\t\r\n\t<h2>Movilidad<\/h2>\r\n\t<div class=\"gl_h4big\">Documentaci\u00f3n de viajes y <br>rutas<\/div>\r\n    <div class=\"gl_space_top15\"><\/div>\r\n\t<div class=\"gl_locate19es_features gl_locate19es_gallery\">\r\n<a href=\"https:\/\/www.enaikoon.com\/wp-content\/uploads\/2016\/08\/SportsCar-_Grey-Border__06.png\" target=\"_blank\" rel=\"nofollow\"><img decoding=\"async\" src=\"https:\/\/www.enaikoon.com\/wp-content\/uploads\/2016\/08\/SportsCar-_Grey-Border__06.png\" border=\"0\" alt=\"\"\/><\/a> \r\n\r\n<a href=\"https:\/\/www.enaikoon.com\/wp-content\/uploads\/2016\/08\/Biker-_Grey-Border__06.png\" target=\"_blank\"  rel=\"nofollow\"><img decoding=\"async\" src=\"https:\/\/www.enaikoon.com\/wp-content\/uploads\/2016\/08\/Biker-_Grey-Border__06.png\" border=\"0\" alt=\"\"\/><\/a>\r\n\r\n<a href=\"https:\/\/www.enaikoon.com\/wp-content\/uploads\/2016\/08\/Caravan_Parker-_Grey-Border__06.png\" target=\"_blank\" rel=\"nofollow\"><img decoding=\"async\" src=\"https:\/\/www.enaikoon.com\/wp-content\/uploads\/2016\/08\/Caravan_Parker-_Grey-Border__06.png\" border=\"0\" alt=\"\"\/><\/a> \r\n\r\n<a href=\"https:\/\/www.enaikoon.com\/wp-content\/uploads\/2016\/08\/Boat-_Grey-Border__06.png\" target=\"_blank\" rel=\"nofollow\"><img decoding=\"async\" src=\"https:\/\/www.enaikoon.com\/wp-content\/uploads\/2016\/08\/Boat-_Grey-Border__06.png\" border=\"0\"  alt=\"\" \/><\/a>\r\n<\/div>\r\n\t<div class=\"gl_space_top15\"><\/div>\r\n\t<div class=\"gl_space_right15\">Durante las pr\u00f3ximas vacaciones, lleve un peque\u00f1o rastreador de las coordenadas GPS de las rutas que lleva a cabo. Documente todos los viajes hechos en coche o con otro medio de transporte. Tambi\u00e9n puede registrar las excursiones a pie. Despu\u00e9s, puede ense\u00f1arle a sus amigos las rutas con el software online inViu. <\/div>\r\n\t<div class=\"gl_space_right15\">Los familiares pueden seguir las rutas en directo en el mapa de <a href=\"https:\/\/www.enaikoon.com\/es\/software-es\/\" title=\"Abre el enlace interno en la ventana actual\">inViu<\/a> y las rutas y localizaciones se pueden compartir mediante Facebook o Twitter.<\/div>\r\n\t\r\n\t<\/div>\r\n\t\r\n\t<div class=\"col-md-4\">\r\n\t\r\n\t<h2>Protecci\u00f3n antirrobo<\/h2>\r\n\t<div class=\"gl_h4big\">Localizaci\u00f3n de camiones, motos y coches<\/div>\r\n\t<div class=\"gl_space_top15\"><\/div>\r\n\t\t<div class=\"gl_locate19es_features\">\r\n<img decoding=\"async\" src=\"https:\/\/www.enaikoon.com\/wp-content\/uploads\/2016\/08\/c7bb23e431.png\" border=\"0\" alt=\"\"\/>\r\n\r\n<img decoding=\"async\" src=\"https:\/\/www.enaikoon.com\/wp-content\/uploads\/2016\/08\/b9af80136c.png\" border=\"0\" alt=\"\"\/><\/div>\r\n<div class=\"gl_locate19es_features\">\r\n<img decoding=\"async\" src=\"https:\/\/www.enaikoon.com\/wp-content\/uploads\/2016\/08\/21997af8ba.png\" border=\"0\" alt=\"\"\/>\r\n\r\n<img decoding=\"async\" src=\"https:\/\/www.enaikoon.com\/wp-content\/uploads\/2016\/08\/7e8c5c225a.png\" border=\"0\"  alt=\"\"\/>\r\n<\/div>\r\n \r\n\t<div class=\"gl_space_top15\"><\/div>\r\n\t<div class=\"gl_space_right15\">Proteja sus veh\u00edculos equip\u00e1ndolos con el dispositivo de ENAiKOON. As\u00ed podr\u00e1 saber siempre donde se encuentra el trackable (p.ej. coche, moto, barco u otros veh\u00edculos) y se le avisar\u00e1 si se ha movido de sitio sin permiso. <\/div>\r\n\t<div>&nbsp;<\/div>\r\n\t<div class=\"gl_space_right15\">En el caso que el trackable sea robado, puede localizarlo inmediatamente en el mapa de <a href=\"https:\/\/www.enaikoon.com\/es\/software-es\/\">inViu<\/a> y proporcionar el lugar exacto a la polic\u00eda. La posibilidad de recuperar su veh\u00edculo es muy alta con la ayuda del locate-19. <\/div>\r\n\t\r\n\t<\/div>\r\n\t\r\n\t<div class=\"gl_row_space\"><\/div>\r\n\t\r\n<\/div>\t\r\n<div class=\"gl_space_pagebottom\">&nbsp;<\/div>\r\n\r\n<\/div>","protected":false},"excerpt":{"rendered":"","protected":false},"author":7,"featured_media":0,"parent":6274,"menu_order":0,"comment_status":"closed","ping_status":"closed","template":"","meta":{"footnotes":""},"acf":[],"_links":{"self":[{"href":"https:\/\/www.enaikoon.com\/es\/wp-json\/wp\/v2\/pages\/6275"}],"collection":[{"href":"https:\/\/www.enaikoon.com\/es\/wp-json\/wp\/v2\/pages"}],"about":[{"href":"https:\/\/www.enaikoon.com\/es\/wp-json\/wp\/v2\/types\/page"}],"author":[{"embeddable":true,"href":"https:\/\/www.enaikoon.com\/es\/wp-json\/wp\/v2\/users\/7"}],"replies":[{"embeddable":true,"href":"https:\/\/www.enaikoon.com\/es\/wp-json\/wp\/v2\/comments?post=6275"}],"version-history":[{"count":22,"href":"https:\/\/www.enaikoon.com\/es\/wp-json\/wp\/v2\/pages\/6275\/revisions"}],"predecessor-version":[{"id":9147,"href":"https:\/\/www.enaikoon.com\/es\/wp-json\/wp\/v2\/pages\/6275\/revisions\/9147"}],"up":[{"embeddable":true,"href":"https:\/\/www.enaikoon.com\/es\/wp-json\/wp\/v2\/pages\/6274"}],"wp:attachment":[{"href":"https:\/\/www.enaikoon.com\/es\/wp-json\/wp\/v2\/media?parent=6275"}],"curies":[{"name":"wp","href":"https:\/\/api.w.org\/{rel}","templated":true}]}}