{"id":6274,"date":"2016-08-01T08:06:16","date_gmt":"2016-08-01T08:06:16","guid":{"rendered":"https:\/\/www.enaikoon.com\/?page_id=6274"},"modified":"2023-11-26T12:21:42","modified_gmt":"2023-11-26T12:21:42","slug":"locate-19","status":"publish","type":"page","link":"https:\/\/www.enaikoon.com\/es\/dispositivos\/gama-locate\/locate-19\/","title":{"rendered":"Locate 19"},"content":{"rendered":"<div class=\"gl_slide_scroll_box\">\n<div class=\"gl_scroll_box\">\n<ul>\n \t<li><a class=\"gl_scroll_link_title\" title=\"locate-04\" href=\"https:\/\/www.enaikoon.com\/es\/dispositivos\/gama-locate\/locate-04\/\">locate-04<\/a><a title=\"locate-04\" href=\"https:\/\/www.enaikoon.com\/es\/dispositivos\/gama-locate\/locate-04\/\"><img decoding=\"async\" class=\"gl_scroll_link_img\" src=\"https:\/\/www.enaikoon.com\/wp-content\/uploads\/2016\/07\/locate4.png\" border=\"0\" \/><\/a><\/li>\n \t<li><a class=\"gl_scroll_link_title\" title=\"locate-06\" href=\"https:\/\/www.enaikoon.com\/es\/dispositivos\/gama-locate\/locate-06\/\">locate-06<\/a><a title=\"locate-06\" href=\"https:\/\/www.enaikoon.com\/es\/dispositivos\/gama-locate\/locate-06\/\"><img decoding=\"async\" class=\"gl_scroll_link_img\" src=\"https:\/\/www.enaikoon.com\/wp-content\/uploads\/2016\/07\/locate6.png\" border=\"0\" \/><\/a><\/li>\n \t<li><a class=\"gl_scroll_link_title\" title=\"locate-15\" href=\"https:\/\/www.enaikoon.com\/es\/dispositivos\/gama-locate\/locate-15\/\">locate-15<\/a><a title=\"locate-15\" href=\"https:\/\/www.enaikoon.com\/es\/dispositivos\/gama-locate\/locate-15\/\"><img decoding=\"async\" class=\"gl_scroll_link_img\" src=\"https:\/\/www.enaikoon.com\/wp-content\/uploads\/2016\/07\/locate15.png\" border=\"0\" \/><\/a><\/li>\n \t<li><a class=\"gl_scroll_link_title\" title=\"locate-17\" href=\"https:\/\/www.enaikoon.com\/es\/dispositivos\/gama-locate\/locate-17\/\">locate-17<\/a><a title=\"locate-17\" href=\"https:\/\/www.enaikoon.com\/es\/dispositivos\/gama-locate\/locate-17\/\"><img decoding=\"async\" class=\"gl_scroll_link_img\" src=\"https:\/\/www.enaikoon.com\/wp-content\/uploads\/2016\/07\/locate17.png\" border=\"0\" \/><\/a><\/li>\n \t<li><a class=\"gl_scroll_link_title\" title=\"locate-19\" href=\"https:\/\/www.enaikoon.com\/es\/dispositivos\/gama-locate\/locate-19\/\">locate-19<\/a>\n<a title=\"locate-19\" href=\"https:\/\/www.enaikoon.com\/es\/dispositivos\/gama-locate\/locate-19\/\"><img decoding=\"async\" class=\"gl_scroll_link_img_active\" src=\"https:\/\/www.enaikoon.com\/wp-content\/uploads\/2016\/07\/locate19.png\" border=\"0\" \/><\/a><\/li>\n \t<li><a class=\"gl_scroll_link_title\" title=\"locate-20\" href=\"https:\/\/www.enaikoon.com\/es\/dispositivos\/gama-locate\/locate-20\/\">locate-20<\/a>\n<a title=\"locate-20\" href=\"https:\/\/www.enaikoon.com\/es\/dispositivos\/gama-locate\/locate-20\/\"><img decoding=\"async\" class=\"gl_scroll_link_img\" src=\"https:\/\/www.enaikoon.com\/wp-content\/uploads\/2021\/06\/l-20.jpg\" border=\"0\" \/><\/a><\/li>\n<\/ul>\n<\/div>\n<\/div>\n<div class=\"row\">\n<div class=\"gl_border-page\">\n\n<div class=\"col-md-4\">\n<div class=\"gl_h2big\">ENAiKOON\nlocate-19<\/div>\n<div class=\"gl_space_right10\">\n<div class=\"clearfix\"><a title=\"ENAiKOON locate-19\" rel=\"nofollow\" href=\"https:\/\/www.enaikoon.com\/wp-content\/uploads\/2016\/07\/ENAiKOON_locate-19_368x300_A.png\"><img decoding=\"async\" class=\"gl_space_bottom10\" src=\"https:\/\/www.enaikoon.com\/wp-content\/uploads\/2016\/07\/d1fa69aacd.png\" alt=\"ENAiKOON locate-19 es uno de los dispositivos GPS m\u00e1s peque\u00f1os del mundo, el cual se usa para localizar veh\u00edculos, equipos, maquinaria y gente\" align=\"left\" border=\"0\" \/><\/a><\/div>\n<div class=\"gl_h5-italic\">Probablemente el dispositivo de localizaci\u00f3n GPS \/ GPRS m\u00e1s peque\u00f1o del mundo! <strong>ENAiKOON locate-19<\/strong> informa de la posici\u00f3n GPS de trackables, p.ej.veh\u00edculos, m\u00e1quinas de construcci\u00f3n, personas, o cualquier objeto m\u00f3vil. Su peque\u00f1o tama\u00f1o y ligero peso le permiten utilizarlo en cualquier situaci\u00f3n.<\/div>\n<div>&nbsp;<\/div>\n<div class=\"gl_h4big\">Aplicaciones<\/div>\n<div>Ideal para la instalaci\u00f3n oculta en coches, m\u00e1quinas de construcci\u00f3n peque\u00f1as, motos y objetos con riesgo de ser robados. Usado para monitorizar personas que requieren una protecci\u00f3n y seguridad extra como ni\u00f1os peque\u00f1os, abuelos y pacientes. Tambi\u00e9n es \u00fatil para rastrear y localizar animales.<\/div>\n<div>&nbsp;<\/div>\n<div class=\"gl_h4big\">Variaci\u00f3n de producto<\/div>\n<div class=\"clearfix\">\n<div class=\"gl_space_top10\"><a title=\"ENAiKOON locate-16\" rel=\"nofollow\" href=\"https:\/\/www.enaikoon.com\/wp-content\/uploads\/2016\/07\/Locate_L17_inactive_368x300_04.png\"><img decoding=\"async\" class=\"gl_space_right10bottom30top5\" src=\"https:\/\/www.enaikoon.com\/wp-content\/uploads\/2016\/07\/d8da437117.png\" alt=\"ENAiKOON locate-16\" align=\"left\" border=\"0\" \/><\/a><\/div>\n<div><strong>ENAiKOON locate-19<\/strong>\nimpermeable, carcasa peque\u00f1a especial (IP 67) y enchufe impermeable: s\u00f3lo 77 x 49 x 35 mm<\/div>\n<\/div>\n<div><a class=\"gl_button_grey\" href=\"https:\/\/www.enaikoon.com\/fileadmin\/enaikoon\/Dateien\/pdf\/Datenblatt\/locate-16\/spanisch\/ENAiKOON_locate-16_hojas_de_datos.pdf\" target=\"_blank\" rel=\"nofollow\" noreferrer\">Descargar PDF<\/a><\/div>\n<\/div>\n<\/div>\n\n<div class=\"col-md-4\">\n<div class=\"gl_space_right10\">\n<div class=\"gl_h4big\">Caracter\u00edsticas principales<\/div>\n<ul class=\"gl_ul_style2\" type=\"square\">\n \t<li class=\"gl_space_li\">Localizaci\u00f3n GPS precisa de cualquier objeto m\u00f3vil<\/li>\n \t<li class=\"gl_space_li\">Bot\u00f3n de llamada de emergencia que permite hacer llamadas telef\u00f3nicas<\/li>\n \t<li class=\"gl_space_li\">Protecci\u00f3n antirrobo y seguridad personal<\/li>\n \t<li class=\"gl_space_li\">Uso independiente de la antena interna y la bater\u00eda<\/li>\n \t<li class=\"gl_space_li\">No requiere manual de instalaci\u00f3n<\/li>\n \t<li class=\"gl_space_li\">Datos de posicionamiento registrados cuando no se dispone de cobertura m\u00f3vil y disponibles en inViu web o mensaje de texto (SMS)<\/li>\n<\/ul>\n<div>&nbsp;<\/div>\n<div class=\"gl_h4big\">Detalles t\u00e9cnicos<\/div>\n<div class=\"gl_ul_style3\">\n<ul>\n \t<li>Tama\u00f1o: 53 x 38 x 16 mm<\/li>\n \t<li>Peso: 40 g<\/li>\n \t<li>Receptor GPS de 65 canales<\/li>\n \t<li>Sensor de vibraci\u00f3n por aceler\u00f3metro para el modo de ahorro de energ\u00eda<\/li>\n \t<li>Antena integrada para GSM y GPS<\/li>\n \t<li>Bater\u00eda 550 mA\/h 3,6 V<\/li>\n \t<li>Memoria para 4000 posiciones<\/li>\n \t<li>Memoria para 4000 barreras Geofences<\/li>\n \t<li>Bot\u00f3n configurable, p.ej. bot\u00f3n SOS<\/li>\n \t<li>Hecho en Alemania<\/li>\n<\/ul>\n<\/div>\n<\/div>\n<\/div>\n\n<div class=\"col-md-4\">\n<div class=\"gl_space_right10\">\n<div class=\"gl_h4big\">Combinaci\u00f3n de dispositivos<\/div>\n<div>ENAiKOON locate-19 + <a title=\"inViu web\" href=\"https:\/\/www.enaikoon.com\/es\/software-es\/inviu-web\/\">inViu web<\/a> = localizaci\u00f3n GPS precisa, mensaje al alcanzar o abandonar geofences, alarma de bater\u00eda y muestra de las \u00faltimas cien posiciones en el mapa online.<\/div>\n<div>&nbsp;<\/div>\n<div>ENAiKOON locate-17 + <a title=\"inViu pro\" href=\"https:\/\/www.enaikoon.com\/es\/software-es\/inviu-pro\/\">inViu pro<\/a> = localizaci\u00f3n GPS precisa, control con geofences de los trackables, registros, alarma de bater\u00eda, informes autom\u00e1ticos, como horas operativas y permanencia en un lugar, asignaci\u00f3n de costes, ahorre as\u00ed tiempo y dinero y obtenga la visi\u00f3n perfecta.<\/div>\n<div>&nbsp;<\/div>\n<div class=\"gl_h4big\">Accesorios opcionales<\/div>\n<ul class=\"gl_space_ul2\" type=\"square\">\n \t<li class=\"gl_space_li\">ENAiKOON case<\/li>\n<\/ul>\n<div>&nbsp;<\/div>\n<div class=\"gl_h4big\">Software tel\u00e9fono m\u00f3vil<\/div>\n<ul class=\"gl_space_ul2\" type=\"square\">\n \t<li class=\"gl_space_li\"><a href=\"https:\/\/www.enaikoon.com\/es\/movil\/plugins\/routes\/\">inViu routes<\/a>\nMuestra de todos los trackables en un m\u00f3vil Android y transmisi\u00f3n de la posici\u00f3n actual del tel\u00e9fono en <a href=\"https:\/\/www.enaikoon.com\/es\/software-es\/inviu-web\/\">inViu web<\/a> o <a href=\"https:\/\/www.enaikoon.com\/es\/software-es\/inviu-pro\/\">inViu pro<\/a><\/li>\n<\/ul>\n<div><a class=\"gl_button_yellow\" href=\"https:\/\/www.enaikoon.com\/es\/dispositivos\/gama-locate\/locate-19\/locate-19-use-cases\/\">locate-19 casos de uso<\/a><\/div>\n<div><a class=\"gl_button_grey\" href=\"https:\/\/www.enaikoon.com\/fileadmin\/enaikoon\/Dateien\/pdf\/Datenblatt\/locate-19\/spanisch\/ENAiKOON_locate-19_hojas_de_datos.pdf\" target=\"_blank\" rel=\"nofollow\" noreferrer\">Descargar PDF<\/a><\/div>\n<div><a class=\"gl_button_grey\" href=\"https:\/\/www.enaikoon.com\/fileadmin\/enaikoon\/Dateien\/pdf\/Datenblatt\/locate-19\/spanisch\/ENAiKOON_locate-19_hojas_de_datos.pdf\" target=\"_blank\" rel=\"nofollow\" noreferrer\">locate-19 manual<\/a><\/div>\n<div><a class=\"gl_button_blue\" href=\"https:\/\/www.enaikoon.com\/es\/contacto\/contacto\/\">cont\u00e1ctenos<\/a><\/div>\n<\/div>\n<\/div>\n<div class=\"gl_row_space\"><\/div>\n<\/div>\n<\/div>","protected":false},"excerpt":{"rendered":"<p> [&hellip;]<\/p>\n","protected":false},"author":7,"featured_media":0,"parent":6260,"menu_order":0,"comment_status":"closed","ping_status":"closed","template":"","meta":{"footnotes":""},"acf":[],"_links":{"self":[{"href":"https:\/\/www.enaikoon.com\/es\/wp-json\/wp\/v2\/pages\/6274"}],"collection":[{"href":"https:\/\/www.enaikoon.com\/es\/wp-json\/wp\/v2\/pages"}],"about":[{"href":"https:\/\/www.enaikoon.com\/es\/wp-json\/wp\/v2\/types\/page"}],"author":[{"embeddable":true,"href":"https:\/\/www.enaikoon.com\/es\/wp-json\/wp\/v2\/users\/7"}],"replies":[{"embeddable":true,"href":"https:\/\/www.enaikoon.com\/es\/wp-json\/wp\/v2\/comments?post=6274"}],"version-history":[{"count":16,"href":"https:\/\/www.enaikoon.com\/es\/wp-json\/wp\/v2\/pages\/6274\/revisions"}],"predecessor-version":[{"id":19010,"href":"https:\/\/www.enaikoon.com\/es\/wp-json\/wp\/v2\/pages\/6274\/revisions\/19010"}],"up":[{"embeddable":true,"href":"https:\/\/www.enaikoon.com\/es\/wp-json\/wp\/v2\/pages\/6260"}],"wp:attachment":[{"href":"https:\/\/www.enaikoon.com\/es\/wp-json\/wp\/v2\/media?parent=6274"}],"curies":[{"name":"wp","href":"https:\/\/api.w.org\/{rel}","templated":true}]}}