{"id":6270,"date":"2016-08-01T08:04:28","date_gmt":"2016-08-01T08:04:28","guid":{"rendered":"https:\/\/www.enaikoon.com\/?page_id=6270"},"modified":"2023-11-26T12:20:16","modified_gmt":"2023-11-26T12:20:16","slug":"locate-17","status":"publish","type":"page","link":"https:\/\/www.enaikoon.com\/es\/dispositivos\/gama-locate\/locate-17\/","title":{"rendered":"Locate 17"},"content":{"rendered":"<div class=\"gl_slide_scroll_box\">\n<div class=\"gl_scroll_box\">\n<ul>\n \t<li><a class=\"gl_scroll_link_title\" title=\"locate-04\" href=\"https:\/\/www.enaikoon.com\/es\/dispositivos\/gama-locate\/locate-04\/\">locate-04<\/a><a title=\"locate-04\" href=\"https:\/\/www.enaikoon.com\/es\/dispositivos\/gama-locate\/locate-04\/\"><img decoding=\"async\" class=\"gl_scroll_link_img\" src=\"https:\/\/www.enaikoon.com\/wp-content\/uploads\/2016\/07\/locate4.png\" border=\"0\" \/><\/a><\/li>\n \t<li><a class=\"gl_scroll_link_title\" title=\"locate-06\" href=\"https:\/\/www.enaikoon.com\/es\/dispositivos\/gama-locate\/locate-06\/\">locate-06<\/a><a title=\"locate-06\" href=\"https:\/\/www.enaikoon.com\/es\/dispositivos\/gama-locate\/locate-06\/\"><img decoding=\"async\" class=\"gl_scroll_link_img\" src=\"https:\/\/www.enaikoon.com\/wp-content\/uploads\/2016\/07\/locate6.png\" border=\"0\" \/><\/a><\/li>\n \t<li><a class=\"gl_scroll_link_title\" title=\"locate-15\" href=\"https:\/\/www.enaikoon.com\/es\/dispositivos\/gama-locate\/locate-15\/\">locate-15<\/a><a title=\"locate-15\" href=\"https:\/\/www.enaikoon.com\/es\/dispositivos\/gama-locate\/locate-15\/\"><img decoding=\"async\" class=\"gl_scroll_link_img\" src=\"https:\/\/www.enaikoon.com\/wp-content\/uploads\/2016\/07\/locate15.png\" border=\"0\" \/><\/a><\/li>\n \t<li><a class=\"gl_scroll_link_title\" title=\"locate-17\" href=\"https:\/\/www.enaikoon.com\/es\/dispositivos\/gama-locate\/locate-17\/\">locate-17<\/a><a title=\"locate-17\" href=\"https:\/\/www.enaikoon.com\/es\/dispositivos\/gama-locate\/locate-17\/\"><img decoding=\"async\" class=\"gl_scroll_link_img_active\" src=\"https:\/\/www.enaikoon.com\/wp-content\/uploads\/2016\/07\/locate17.png\" border=\"0\" \/><\/a><\/li>\n \t<li><a class=\"gl_scroll_link_title\" title=\"locate-19\" href=\"https:\/\/www.enaikoon.com\/es\/dispositivos\/gama-locate\/locate-19\/\">locate-19<\/a>\n<a title=\"locate-19\" href=\"https:\/\/www.enaikoon.com\/es\/dispositivos\/gama-locate\/locate-19\/\"><img decoding=\"async\" class=\"gl_scroll_link_img\" src=\"https:\/\/www.enaikoon.com\/wp-content\/uploads\/2016\/07\/locate19.png\" border=\"0\" \/><\/a><\/li>\n \t<li><a class=\"gl_scroll_link_title\" title=\"locate-20\" href=\"https:\/\/www.enaikoon.com\/es\/dispositivos\/gama-locate\/locate-20\/\">locate-20<\/a>\n<a title=\"locate-20\" href=\"https:\/\/www.enaikoon.com\/es\/dispositivos\/gama-locate\/locate-20\/\"><img decoding=\"async\" class=\"gl_scroll_link_img\" src=\"https:\/\/www.enaikoon.com\/wp-content\/uploads\/2021\/06\/l-20.jpg\" border=\"0\" \/><\/a><\/li>\n<\/ul>\n<\/div>\n<\/div>\n<div class=\"row\">\n<div class=\"gl_border-page\">\n\n<div class=\"col-md-4\">\n<div class=\"gl_h2big\">ENAiKOON\nlocate-17<\/div>\n<div class=\"clearfix\"><a title=\"ENAiKOON locate-17\" rel=\"nofollow\" href=\"https:\/\/www.enaikoon.com\/wp-content\/uploads\/2016\/07\/Locate_L17_cablesOff_368x300_inactive.png\"><img decoding=\"async\" class=\"gl_space_bottom10\" src=\"https:\/\/www.enaikoon.com\/wp-content\/uploads\/2016\/07\/8fec327ca8.png\" alt=\"ENAiKOON locate-17 es un dispositivo de rastreo GPS\/GPRS sumergible con antenas internas y bater\u00eda recargable\" align=\"left\" border=\"0\" \/><\/a><\/div>\n<div class=\"gl_h5-italic\"><strong>ENAiKOON locate-17<\/strong> es un dispositivo de rastreo con unas bater\u00edas muy potentes y de alta duraci\u00f3n, carcasa impermeable y una antena interna que transmite posiciones GPS fiables, direcciones y velocidades de los trackables.<\/div>\n<div>&nbsp;<\/div>\n<div class=\"gl_h4big\">Aplicaciones<\/div>\n<div>Generalmente usado en industria de transporte, log\u00edstica y construcci\u00f3n. Com\u00fanmente empleado en rastreo de contenedores, equipos de construcci\u00f3n y tr\u00e1ilers para camiones con remolque y semi-remolque.<\/div>\n<\/div>\n\n<div class=\"col-md-4\">\n<div class=\"gl_h4big\">Caracter\u00edsticas principales<\/div>\n<ul class=\"gl_ul_style2\" type=\"square\">\n \t<li class=\"gl_space_li\">Posicionamiento GPS<\/li>\n \t<li class=\"gl_space_li\">Cambios de movimientos<\/li>\n \t<li class=\"gl_space_li\">Velocidad<\/li>\n \t<li class=\"gl_space_li\">Gesti\u00f3n de flotas \u00f3ptima<\/li>\n \t<li class=\"gl_space_li\">Reducci\u00f3n de costes<\/li>\n<\/ul>\n<div>&nbsp;<\/div>\n<div class=\"gl_h4big\">Detalles t\u00e9cnicos<\/div>\n<div class=\"gl_ul_style3\">\n<ul>\n \t<li>Tama\u00f1o: 140 x 81 x 66 mm<\/li>\n \t<li>Peso: 686 g<\/li>\n \t<li>Carcasa impermeable<\/li>\n \t<li>Usa una bater\u00eda recargable que dura hasta 12 meses sin recargar<\/li>\n \t<li>Modo eficiente de ahorro de energ\u00eda<\/li>\n \t<li>Sensor de vibraci\u00f3n por sensor G-force<\/li>\n \t<li>1 entrada digital para la ignici\u00f3n encendida \/ apagada y horas operativas<\/li>\n \t<li>Hecho en Alemania<\/li>\n<\/ul>\n<\/div>\n<\/div>\n\n<div class=\"col-md-4\">\n<div class=\"gl_h4big\">Combinaci\u00f3n de dispositivos<\/div>\n<div>ENAiKOON locate-17 + <a title=\"inViu web\" href=\"https:\/\/www.enaikoon.com\/es\/software-es\/inviu-web\/\">inViu web<\/a> = localizaci\u00f3n GPS precisa, mensaje al alcanzar o abandonar geofences, alarma de bater\u00eda y muestra de las \u00faltimas cien posiciones en el mapa online.<\/div>\n<div>&nbsp;<\/div>\n<div>ENAiKOON locate-17 + <a title=\"inViu pro\" href=\"https:\/\/www.enaikoon.com\/es\/software-es\/inviu-pro\/\">inViu pro<\/a> = localizaci\u00f3n GPS precisa, control con geofences de los trackables, alertas de bater\u00eda, informes autom\u00e1ticos, como horas operativas, permanencia en un lugar, asignaci\u00f3n de costes, ahorre as\u00ed tiempo y dinero y obtenga la visi\u00f3n perfecta.<\/div>\n<div>&nbsp;<\/div>\n<div class=\"gl_h4big\">Software tel\u00e9fono m\u00f3vil<\/div>\n<ul class=\"gl_space_ul2\" type=\"square\">\n \t<li class=\"gl_space_li\"><a href=\"https:\/\/www.enaikoon.com\/es\/movil\/plugins\/routes\/\">inViu routes<\/a>\nMuestra de todos los trackables en un m\u00f3vil Android y transmisi\u00f3n de la posici\u00f3n actual del tel\u00e9fono en <a href=\"https:\/\/www.enaikoon.com\/es\/software-es\/inviu-web\/\">inViu web<\/a> o <a href=\"https:\/\/www.enaikoon.com\/es\/software-es\/inviu-pro\/\">inViu pro<\/a><\/li>\n<\/ul>\n<div><a class=\"gl_button_grey\" href=\"https:\/\/www.enaikoon.com\/fileadmin\/enaikoon\/Dateien\/pdf\/Datenblatt\/locate-17\/spanisch\/ENAiKOON_locate-17_hojas_de_datos.pdf\" target=\"_blank\" rel=\"nofollow\" noreferrer\">Descargar PDF<\/a><\/div>\n<div><a class=\"gl_button_blue\" href=\"https:\/\/www.enaikoon.com\/es\/contacto\/contacto\/\">cont\u00e1ctenos<\/a><\/div>\n<\/div>\n<div class=\"gl_row_space\"><\/div>\n<\/div>\n<\/div>","protected":false},"excerpt":{"rendered":"<p> [&hellip;]<\/p>\n","protected":false},"author":7,"featured_media":0,"parent":6260,"menu_order":0,"comment_status":"closed","ping_status":"closed","template":"","meta":{"footnotes":""},"acf":[],"_links":{"self":[{"href":"https:\/\/www.enaikoon.com\/es\/wp-json\/wp\/v2\/pages\/6270"}],"collection":[{"href":"https:\/\/www.enaikoon.com\/es\/wp-json\/wp\/v2\/pages"}],"about":[{"href":"https:\/\/www.enaikoon.com\/es\/wp-json\/wp\/v2\/types\/page"}],"author":[{"embeddable":true,"href":"https:\/\/www.enaikoon.com\/es\/wp-json\/wp\/v2\/users\/7"}],"replies":[{"embeddable":true,"href":"https:\/\/www.enaikoon.com\/es\/wp-json\/wp\/v2\/comments?post=6270"}],"version-history":[{"count":7,"href":"https:\/\/www.enaikoon.com\/es\/wp-json\/wp\/v2\/pages\/6270\/revisions"}],"predecessor-version":[{"id":19007,"href":"https:\/\/www.enaikoon.com\/es\/wp-json\/wp\/v2\/pages\/6270\/revisions\/19007"}],"up":[{"embeddable":true,"href":"https:\/\/www.enaikoon.com\/es\/wp-json\/wp\/v2\/pages\/6260"}],"wp:attachment":[{"href":"https:\/\/www.enaikoon.com\/es\/wp-json\/wp\/v2\/media?parent=6270"}],"curies":[{"name":"wp","href":"https:\/\/api.w.org\/{rel}","templated":true}]}}