{"id":6268,"date":"2016-08-01T08:04:09","date_gmt":"2016-08-01T08:04:09","guid":{"rendered":"https:\/\/www.enaikoon.com\/?page_id=6268"},"modified":"2023-11-26T12:18:50","modified_gmt":"2023-11-26T12:18:50","slug":"locate-15","status":"publish","type":"page","link":"https:\/\/www.enaikoon.com\/es\/dispositivos\/gama-locate\/locate-15\/","title":{"rendered":"Locate 15"},"content":{"rendered":"<div class=\"gl_slide_scroll_box\">\n<div class=\"gl_scroll_box\">\n<ul>\n \t<li><a class=\"gl_scroll_link_title\" title=\"locate-04\" href=\"https:\/\/www.enaikoon.com\/es\/dispositivos\/gama-locate\/locate-04\/\">locate-04<\/a><a title=\"locate-04\" href=\"https:\/\/www.enaikoon.com\/es\/dispositivos\/gama-locate\/locate-04\/\"><img decoding=\"async\" class=\"gl_scroll_link_img\" src=\"https:\/\/www.enaikoon.com\/wp-content\/uploads\/2016\/07\/locate4.png\" border=\"0\" \/><\/a><\/li>\n \t<li><a class=\"gl_scroll_link_title\" title=\"locate-06\" href=\"https:\/\/www.enaikoon.com\/es\/dispositivos\/gama-locate\/locate-06\/\">locate-06<\/a><a title=\"locate-06\" href=\"https:\/\/www.enaikoon.com\/es\/dispositivos\/gama-locate\/locate-06\/\"><img decoding=\"async\" class=\"gl_scroll_link_img\" src=\"https:\/\/www.enaikoon.com\/wp-content\/uploads\/2016\/07\/locate6.png\" border=\"0\" \/><\/a><\/li>\n \t<li><a class=\"gl_scroll_link_title\" title=\"locate-15\" href=\"https:\/\/www.enaikoon.com\/es\/dispositivos\/gama-locate\/locate-15\/\">locate-15<\/a><a title=\"locate-15\" href=\"https:\/\/www.enaikoon.com\/es\/dispositivos\/gama-locate\/locate-15\/\"><img decoding=\"async\" class=\"gl_scroll_link_img_active\" src=\"https:\/\/www.enaikoon.com\/wp-content\/uploads\/2016\/07\/locate15.png\" border=\"0\" \/><\/a><\/li>\n \t<li><a class=\"gl_scroll_link_title\" title=\"locate-17\" href=\"https:\/\/www.enaikoon.com\/es\/dispositivos\/gama-locate\/locate-17\/\">locate-17<\/a><a title=\"locate-17\" href=\"https:\/\/www.enaikoon.com\/es\/dispositivos\/gama-locate\/locate-17\/\"><img decoding=\"async\" class=\"gl_scroll_link_img\" src=\"https:\/\/www.enaikoon.com\/wp-content\/uploads\/2016\/07\/locate17.png\" border=\"0\" \/><\/a><\/li>\n \t<li><a class=\"gl_scroll_link_title\" title=\"locate-19\" href=\"https:\/\/www.enaikoon.com\/es\/dispositivos\/gama-locate\/locate-19\/\">locate-19<\/a>\n<a title=\"locate-19\" href=\"https:\/\/www.enaikoon.com\/es\/dispositivos\/gama-locate\/locate-19\/\"><img decoding=\"async\" class=\"gl_scroll_link_img\" src=\"https:\/\/www.enaikoon.com\/wp-content\/uploads\/2016\/07\/locate19.png\" border=\"0\" \/><\/a><\/li>\n \t<li><a class=\"gl_scroll_link_title\" title=\"locate-20\" href=\"https:\/\/www.enaikoon.com\/es\/dispositivos\/gama-locate\/locate-20\/\">locate-20<\/a>\n<a title=\"locate-20\" href=\"https:\/\/www.enaikoon.com\/es\/dispositivos\/gama-locate\/locate-20\/\"><img decoding=\"async\" class=\"gl_scroll_link_img\" src=\"https:\/\/www.enaikoon.com\/wp-content\/uploads\/2021\/06\/l-20.jpg\" border=\"0\" \/><\/a><\/li>\n<\/ul>\n<\/div>\n<\/div>\n<div class=\"row\">\n<div class=\"gl_border-page\">\n\n<div class=\"col-md-4\">\n<div class=\"gl_h2big\">ENAiKOON\nlocate-15<\/div>\n<div class=\"clearfix\"><a title=\"ENAiKOON locate-15\" rel=\"nofollow\" href=\"https:\/\/www.enaikoon.com\/wp-content\/uploads\/2016\/07\/ENAiKOON_locate-15-368x300.png\"><img decoding=\"async\" class=\"gl_space_bottom10\" src=\"https:\/\/www.enaikoon.com\/wp-content\/uploads\/2016\/07\/ae87d16e84.png\" alt=\"ENAiKOON locate-15 es un dispositivo de rastreo GPS con hasta 10 a\u00f1os de duraci\u00f3n de la bater\u00eda\" align=\"left\" border=\"0\" \/><\/a><\/div>\n<div class=\"gl_h5-italic\">Con unas duraci\u00f3n de bater\u00eda de hasta 10 a\u00f1os, <strong>ENAiKOON locate-15<\/strong> es nuestro dispositivo de localizaci\u00f3n GPS m\u00e1s robusto y duradero.<\/div>\n<div>&nbsp;<\/div>\n<div class=\"gl_h4big\">Aplicaciones<\/div>\n<div>En el sector de la log\u00edstica, que se utiliza para remolques port\u00e1tiles, remolques y contenedores. Se utiliza en las industrias de reciclado y la construcci\u00f3n para los contenedores, prensas de residuos, y equipos de construcci\u00f3n.<\/div>\n<div>&nbsp;<\/div>\n<div class=\"gl_h4big\">Tesis licenciatura<\/div>\n<div class=\"gl_h7\"><a href=\"https:\/\/www.enaikoon.com\/fileadmin\/enaikoon_2011\/DEVICES\/Locate_series\/locate-18\/Diebstahlsicherung_von_Rohholz_mittels_GPS_gestuetzter_Verfahren.pdf\" target=\"_blank\" rel=\"nofollow\" noreferrer\">Diebstahlsicherung von Rohholz mittels GPS-gest\u00fctzter Verfahren<\/a><\/div>\n<div class=\"gl_h8\">en la carrera \u00abForstwirtschaft\u00bb de la \u00abHochschule f\u00fcr angewandte\nWissenschaft und Kunst, G\u00f6ttingen\u00bb\ncreado por Tim Eickmann, 02.05.2012<\/div>\n<div class=\"gl_h9\">Esta tesis de final de carrera s\u00f3lo se debe publicar en la versi\u00f3n proporcionada por el autor. No se permiten reducciones, modificaciones o similares. Cualquier otro uso debe ser aprobado por el autor.<\/div>\n<\/div>\n\n<div class=\"col-md-4\">\n<div class=\"gl_h4big\">Caracter\u00edsticas principales<\/div>\n<ul class=\"gl_ul_style2\" type=\"square\">\n \t<li class=\"gl_space_li\">Posicionamiento GPS una o varias veces por d\u00eda<\/li>\n \t<li class=\"gl_space_li\">Visualizaci\u00f3n en tiempo real la posici\u00f3n en el mapa<\/li>\n \t<li class=\"gl_space_li\">Larga duraci\u00f3n con un pack de bater\u00edas (ampliable)<\/li>\n \t<li class=\"gl_space_li\">Montaje f\u00e1cil con agarre en forma de ventosa o imanes<\/li>\n \t<li class=\"gl_space_li\">Uso de maquinaria y dispositivos sin fuente de alimentaci\u00f3n propia<\/li>\n \t<li class=\"gl_space_li\">Versi\u00f3n encapsulada rellena de epoxi para una carga mec\u00e1nica m\u00e1s alta<\/li>\n<\/ul>\n<div>&nbsp;<\/div>\n<div class=\"gl_h4big\">Detalles t\u00e9cnicos<\/div>\n<div class=\"gl_ul_style3\">\n<ul>\n \t<li>Tama\u00f1o: 150 x 41 x 80 mm<\/li>\n \t<li>Peso: 480 g<\/li>\n \t<li>Antena GPS y GSM integrada<\/li>\n \t<li>Duraci\u00f3n de la bater\u00eda hasta 10 a\u00f1os con una posici\u00f3n por d\u00eda<\/li>\n \t<li>Carcasa robusta y a prueba de agua (IP66K)<\/li>\n \t<li>Sensor de vibraci\u00f3n por aceler\u00f3metro para ahorrar energ\u00eda<\/li>\n \t<li>Opcional: electr\u00f3nica encapsulada<\/li>\n \t<li>Hecho en Alemania<\/li>\n<\/ul>\n<\/div>\n<\/div>\n\n<div class=\"col-md-4\">\n<div class=\"gl_h4big\">Combinaci\u00f3n de dispositivos<\/div>\n<div>ENAiKOON locate-15 + <a title=\"inViu web\" href=\"https:\/\/www.enaikoon.com\/es\/software-es\/inviu-web\/\">inViu web<\/a> = localizaci\u00f3n GPS precisa, mensaje al alcanzar o abandonar geofences, alarma de bater\u00eda y muestra de las \u00faltimas cien posiciones en el mapa online.<\/div>\n<div>&nbsp;<\/div>\n<div>ENAiKOON locate-15 + <a title=\"inViu pro\" href=\"https:\/\/www.enaikoon.com\/es\/software-es\/inviu-pro\/\">inViu pro<\/a> = localizaci\u00f3n GPS precisa, control con geofences de los trackables, alarma de bater\u00eda, informes autom\u00e1ticos, como horas operativas, permanencia en un lugar, asignaci\u00f3n de costes, ahorre as\u00ed tiempo y dinero y obtenga la visi\u00f3n perfecta.<\/div>\n<div>&nbsp;<\/div>\n<div class=\"gl_h4big\">Software tel\u00e9fono m\u00f3vil<\/div>\n<ul class=\"gl_space_ul2\" type=\"square\">\n \t<li class=\"gl_space_li\"><a href=\"https:\/\/www.enaikoon.com\/es\/movil\/plugins\/routes\/\">inViu routes<\/a>\nMuestra de todos los trackables en un m\u00f3vil Android y transmisi\u00f3n de la posici\u00f3n actual del tel\u00e9fono en <a href=\"https:\/\/www.enaikoon.com\/es\/software-es\/inviu-web\/\">inViu web<\/a> o <a href=\"https:\/\/www.enaikoon.com\/es\/software-es\/inviu-pro\/\">inViu pro<\/a><\/li>\n<\/ul>\n<div><a class=\"gl_button_grey\" href=\"https:\/\/www.enaikoon.com\/fileadmin\/enaikoon\/Dateien\/pdf\/Datenblatt\/locate-15\/spanisch\/ENAiKOON_locate-15_hojas_de_datos.pdf\" target=\"_blank\" rel=\"nofollow\" noreferrer\">Descargar PDF<\/a><\/div>\n<div><a class=\"gl_button_blue\" href=\"https:\/\/www.enaikoon.com\/es\/contacto\/contacto\/\">cont\u00e1ctenos<\/a><\/div>\n<\/div>\n<div class=\"gl_row_space\"><\/div>\n<\/div>\n<\/div>","protected":false},"excerpt":{"rendered":"<p> [&hellip;]<\/p>\n","protected":false},"author":7,"featured_media":0,"parent":6260,"menu_order":0,"comment_status":"closed","ping_status":"closed","template":"","meta":{"footnotes":""},"acf":[],"_links":{"self":[{"href":"https:\/\/www.enaikoon.com\/es\/wp-json\/wp\/v2\/pages\/6268"}],"collection":[{"href":"https:\/\/www.enaikoon.com\/es\/wp-json\/wp\/v2\/pages"}],"about":[{"href":"https:\/\/www.enaikoon.com\/es\/wp-json\/wp\/v2\/types\/page"}],"author":[{"embeddable":true,"href":"https:\/\/www.enaikoon.com\/es\/wp-json\/wp\/v2\/users\/7"}],"replies":[{"embeddable":true,"href":"https:\/\/www.enaikoon.com\/es\/wp-json\/wp\/v2\/comments?post=6268"}],"version-history":[{"count":10,"href":"https:\/\/www.enaikoon.com\/es\/wp-json\/wp\/v2\/pages\/6268\/revisions"}],"predecessor-version":[{"id":19006,"href":"https:\/\/www.enaikoon.com\/es\/wp-json\/wp\/v2\/pages\/6268\/revisions\/19006"}],"up":[{"embeddable":true,"href":"https:\/\/www.enaikoon.com\/es\/wp-json\/wp\/v2\/pages\/6260"}],"wp:attachment":[{"href":"https:\/\/www.enaikoon.com\/es\/wp-json\/wp\/v2\/media?parent=6268"}],"curies":[{"name":"wp","href":"https:\/\/api.w.org\/{rel}","templated":true}]}}