{"id":6266,"date":"2016-08-01T08:03:03","date_gmt":"2016-08-01T08:03:03","guid":{"rendered":"https:\/\/www.enaikoon.com\/?page_id=6266"},"modified":"2023-11-26T12:17:22","modified_gmt":"2023-11-26T12:17:22","slug":"locate-06","status":"publish","type":"page","link":"https:\/\/www.enaikoon.com\/es\/dispositivos\/gama-locate\/locate-06\/","title":{"rendered":"Locate 06"},"content":{"rendered":"<div class=\"gl_slide_scroll_box\">\n<div class=\"gl_scroll_box\">\n<ul>\n \t<li><a class=\"gl_scroll_link_title\" title=\"locate-04\" href=\"https:\/\/www.enaikoon.com\/es\/dispositivos\/gama-locate\/locate-04\/\">locate-04<\/a><a title=\"locate-04\" href=\"https:\/\/www.enaikoon.com\/es\/dispositivos\/gama-locate\/locate-04\/\"><img decoding=\"async\" class=\"gl_scroll_link_img\" src=\"https:\/\/www.enaikoon.com\/wp-content\/uploads\/2016\/07\/locate4.png\" border=\"0\" \/><\/a><\/li>\n \t<li><a class=\"gl_scroll_link_title\" title=\"locate-06\" href=\"https:\/\/www.enaikoon.com\/es\/dispositivos\/gama-locate\/locate-06\/\">locate-06<\/a><a title=\"locate-06\" href=\"https:\/\/www.enaikoon.com\/es\/dispositivos\/gama-locate\/locate-06\/\"><img decoding=\"async\" class=\"gl_scroll_link_img_active\" src=\"https:\/\/www.enaikoon.com\/wp-content\/uploads\/2016\/07\/locate6.png\" border=\"0\" \/><\/a><\/li>\n \t<li><a class=\"gl_scroll_link_title\" title=\"locate-15\" href=\"https:\/\/www.enaikoon.com\/es\/dispositivos\/gama-locate\/locate-15\/\">locate-15<\/a><a title=\"locate-15\" href=\"https:\/\/www.enaikoon.com\/es\/dispositivos\/gama-locate\/locate-15\/\"><img decoding=\"async\" class=\"gl_scroll_link_img\" src=\"https:\/\/www.enaikoon.com\/wp-content\/uploads\/2016\/07\/locate15.png\" border=\"0\" \/><\/a><\/li>\n \t<li><a class=\"gl_scroll_link_title\" title=\"locate-17\" href=\"https:\/\/www.enaikoon.com\/es\/dispositivos\/gama-locate\/locate-17\/\">locate-17<\/a><a title=\"locate-17\" href=\"https:\/\/www.enaikoon.com\/es\/dispositivos\/gama-locate\/locate-17\/\"><img decoding=\"async\" class=\"gl_scroll_link_img\" src=\"https:\/\/www.enaikoon.com\/wp-content\/uploads\/2016\/07\/locate17.png\" border=\"0\" \/><\/a><\/li>\n \t<li><a class=\"gl_scroll_link_title\" title=\"locate-19\" href=\"https:\/\/www.enaikoon.com\/es\/dispositivos\/gama-locate\/locate-19\/\">locate-19<\/a>\n<a title=\"locate-19\" href=\"https:\/\/www.enaikoon.com\/es\/dispositivos\/gama-locate\/locate-19\/\"><img decoding=\"async\" class=\"gl_scroll_link_img\" src=\"https:\/\/www.enaikoon.com\/wp-content\/uploads\/2016\/07\/locate19.png\" border=\"0\" \/><\/a><\/li>\n \t<li><a class=\"gl_scroll_link_title\" title=\"locate-20\" href=\"https:\/\/www.enaikoon.com\/es\/dispositivos\/gama-locate\/locate-20\/\">locate-20<\/a>\n<a title=\"locate-20\" href=\"https:\/\/www.enaikoon.com\/es\/dispositivos\/gama-locate\/locate-20\/\"><img decoding=\"async\" class=\"gl_scroll_link_img\" src=\"https:\/\/www.enaikoon.com\/wp-content\/uploads\/2021\/06\/l-20.jpg\" border=\"0\" \/><\/a><\/li>\n<\/ul>\n<\/div>\n<\/div>\n<div class=\"row\">\n<div class=\"gl_border-page\">\n\n<div class=\"col-md-4\">\n<div class=\"gl_h2big\">ENAiKOON\nlocate-06<\/div>\n<div class=\"clearfix\"><a title=\"ENAiKOON locate-06\" rel=\"nofollow\" href=\"https:\/\/www.enaikoon.com\/wp-content\/uploads\/2016\/07\/Locate_L6_inactive_368x300_04.png\"><img decoding=\"async\" class=\"gl_space_bottom10\" src=\"https:\/\/www.enaikoon.com\/wp-content\/uploads\/2016\/07\/9ff7421a37.png\" alt=\"ENAiKOON locate-06 es un dispositivo de rastreo GPS para registrar y transmitir datos de objetos m\u00f3viles\" align=\"left\" border=\"0\" \/><\/a><\/div>\n<div class=\"gl_h5-italic\"><strong>ENAiKOON locate-06<\/strong> es un receptor GPS y emisor GPRS \/ SMS. Este dispositivo permite la localizaci\u00f3n global y la comunicaci\u00f3n entre la central de control y los activos m\u00f3viles, como camiones, coches y barcos. Estas funciones proporcionan un control total de sus objetos m\u00f3viles, un aumento de la eficiencia y una disminuci\u00f3n de costes.<\/div>\n<div>&nbsp;<\/div>\n<div class=\"gl_h4big\">Aplicaciones<\/div>\n<div>Generalmente usado por empresas de reparto y mercanc\u00edas en el sector del transporte y de la log\u00edstica, as\u00ed como en veh\u00edculos de emergencia como ambulancias y camiones de bomberos. Tambi\u00e9n se emplea en la industria de la construcci\u00f3n y agricultura en la maquinaria de construcci\u00f3n y agr\u00edcola.<\/div>\n<div>&nbsp;<\/div>\n<div class=\"gl_h4big\">Versi\u00f3n del producto mejorada<\/div>\n<div class=\"gl_space_top10\"><a title=\"ENAiKOON locate-06 with CAN-bus interface\" rel=\"nofollow\" href=\"https:\/\/www.enaikoon.com\/wp-content\/uploads\/2016\/07\/Locate_L6_inactive_368x300_03.png\"><img decoding=\"async\" class=\"gl_space_right10\" src=\"https:\/\/www.enaikoon.com\/wp-content\/uploads\/2016\/07\/d898c4f4ab.png\" alt=\"ENAiKOON locate-06 with CAN-bus interface\" align=\"left\" border=\"0\" \/><\/a><\/div>\n<div><strong>ENAiKOON locate-06<\/strong>\ncon interfaz CAN-bus<\/div>\n<\/div>\n\n<div class=\"col-md-4\">\n<div class=\"gl_h4big\">Caracter\u00edsticas principales<\/div>\n<div class=\"gl_ul_style2\">\n<ul>\n \t<li style=\"list-style-type: none;\">\n<ul>\n \t<li>Transmite posiciones GPS, datos de direcciones y velocidad<\/li>\n \t<li>Registro de horas de trabajo del personal y asignaci\u00f3n autom\u00e1tica a clientes o lugares de construcci\u00f3n<\/li>\n \t<li>Env\u00edo de mensajes y destinos mediante el dispositivo de navegaci\u00f3n<\/li>\n \t<li>Optimizaci\u00f3n de la gesti\u00f3n de flotas: las m\u00faltiples funciones y la inspecci\u00f3n exhaustiva de los trackables ofrecen un alto potencial de ahorro de costes<\/li>\n<\/ul>\n<\/li>\n<\/ul>\n<\/div>\n<div>&nbsp;<\/div>\n<div class=\"gl_h4big\">Detalles t\u00e9cnicos<\/div>\n<div class=\"gl_ul_style3\">\n<ul>\n \t<li style=\"list-style-type: none;\">\n<ul>\n \t<li>Tama\u00f1o: 80 x 67 x 20 mm<\/li>\n \t<li>Peso: 145 g<\/li>\n \t<li>4 entradas digitales (datos de ignici\u00f3n, horas trabajadas, etc.)<\/li>\n \t<li>4 salidas digitales (con 160 mA)<\/li>\n \t<li>Sensor de vibraci\u00f3n para el ahorro de energ\u00eda<\/li>\n \t<li>1 cable de conexi\u00f3n driver-id y ENAiKOON temp-sensor<\/li>\n \t<li>Conector para ENAiKOON display<\/li>\n \t<li>Conector para ENAiKOON camera<\/li>\n \t<li>Conector para ENAiKOON fuel-tracker<\/li>\n \t<li>3 puertos de serie<\/li>\n \t<li>Receptor de 65 canales GPS<\/li>\n \t<li>Modelo quad-band GSM<\/li>\n \t<li>Bater\u00eda de emergencia 1100 mA\/h<\/li>\n \t<li>Aprobado por E-4<\/li>\n \t<li>Entrada de corriente adaptable, de 8 V a 32 V DC<\/li>\n \t<li>Hecho en Alemania<\/li>\n<\/ul>\n<\/li>\n<\/ul>\n<\/div>\n<\/div>\n\n<div class=\"col-md-4\">\n<div class=\"gl_h4big\">Combinaci\u00f3n de dispositivos<\/div>\n<div>ENAiKOON locate-06 + <a title=\"ENAiKOON driver-id\" href=\"https:\/\/www.enaikoon.com\/es\/dispositivos\/accesorios\/driver-id\/\">ENAiKOON driver-id<\/a> + <a title=\"ENAiKOON buzzer\" href=\"https:\/\/www.enaikoon.com\/es\/dispositivos\/accesorios\/buzzer\/\">ENAiKOON buzzer<\/a> + <a title=\"ENAiKOON staff-tracker\" href=\"https:\/\/www.enaikoon.com\/es\/software-es\/plugins\/staff-tracker\/\">ENAiKOON staff-tracker<\/a> + <a title=\"inViu pro\" href=\"https:\/\/www.enaikoon.com\/es\/software-es\/inviu-pro\/\">inViu pro<\/a> = la identificaci\u00f3n de personas y los informes sobre las pausas ayudan a ahorrar tiempo y dinero con el procesamiento de datos.<\/div>\n<div>&nbsp;<\/div>\n<div>ENAiKOON locate-06 + <a title=\"ENAiKOON display\" href=\"https:\/\/www.enaikoon.com\/es\/dispositivos\/accesorios\/display\/\">ENAiKOON display<\/a> + <a title=\"ENAiKOON messenger\" href=\"https:\/\/www.enaikoon.com\/es\/software-es\/plugins\/messenger\/\">ENAiKOON messenger<\/a> + <a title=\"inViu pro\" href=\"https:\/\/www.enaikoon.com\/es\/software-es\/inviu-pro\/\">inViu pro<\/a> = optimizaci\u00f3n de la comunicaci\u00f3n y del env\u00edo de tareas para aumentar la productividad y ahorrar costes.<\/div>\n<div>&nbsp;<\/div>\n<div>ENAiKOON locate-06 + <a title=\"ENAiKOON fuel-tracker\" href=\"https:\/\/www.enaikoon.com\/es\/software-es\/plugins\/fuel-tracker\/\">ENAiKOON fuel-tracker<\/a> + <a title=\"inViu pro\" href=\"https:\/\/www.enaikoon.com\/es\/software-es\/inviu-pro\/\">inViu pro<\/a> = control en tiempo real de los niveles de combustible en veh\u00edculos y maquinaria de construcci\u00f3n para la protecci\u00f3n contra el robo de gasoil.<\/div>\n<div>&nbsp;<\/div>\n<div>ENAiKOON locate-06 + <a title=\"ENAiKOON can-66\" href=\"https:\/\/www.enaikoon.com\/es\/software-es\/plugins\/can-66\/\">ENAiKOON can-66<\/a> + <a href=\"https:\/\/www.enaikoon.com\/es\/software-es\/inviu-pro\/\">inViu pro<\/a> = la mejor opci\u00f3n para ahorrar costes de combustible con aprox. un 10% menos de visitas no programadas al taller y con formaci\u00f3n espec\u00edfica dirigida a los empleados para una conducci\u00f3n eficiente que ahorre combustible<\/div>\n<div>&nbsp;<\/div>\n<div class=\"gl_h4big\">Accesorios opcionales<\/div>\n<ul class=\"gl_space_ul2\" type=\"square\">\n \t<li style=\"list-style-type: none;\">\n<ul class=\"gl_space_ul2\" type=\"square\">\n \t<li class=\"gl_space_li\"><a href=\"https:\/\/www.enaikoon.com\/es\/software-es\/plugins\/fuel-tracker\/\">ENAiKOON fuel-tracker cable<\/a><\/li>\n<\/ul>\n<\/li>\n<\/ul>\n<ul class=\"gl_space_ul2\" type=\"square\">\n \t<li style=\"list-style-type: none;\">\n<ul class=\"gl_space_ul2\" type=\"square\">\n \t<li class=\"gl_space_li\"><a href=\"https:\/\/www.enaikoon.com\/es\/dispositivos\/accesorios\/driver-id\/\">ENAiKOON driver-id<\/a><\/li>\n<\/ul>\n<\/li>\n<\/ul>\n<ul class=\"gl_space_ul2\" type=\"square\">\n \t<li style=\"list-style-type: none;\">\n<ul class=\"gl_space_ul2\" type=\"square\">\n \t<li class=\"gl_space_li\"><a href=\"https:\/\/www.enaikoon.com\/es\/dispositivos\/accesorios\/buzzer\/\">ENAiKOON buzzer<\/a><\/li>\n<\/ul>\n<\/li>\n<\/ul>\n<ul class=\"gl_space_ul2\" type=\"square\">\n \t<li style=\"list-style-type: none;\">\n<ul class=\"gl_space_ul2\" type=\"square\">\n \t<li class=\"gl_space_li\"><a href=\"https:\/\/www.enaikoon.com\/es\/dispositivos\/accesorios\/display\/\">ENAiKOON display<\/a><\/li>\n<\/ul>\n<\/li>\n<\/ul>\n<ul class=\"gl_space_ul2\" type=\"square\">\n \t<li style=\"list-style-type: none;\">\n<ul class=\"gl_space_ul2\" type=\"square\">\n \t<li class=\"gl_space_li\"><a href=\"https:\/\/www.enaikoon.com\/es\/dispositivos\/accesorios\/temp-sensor\/\">ENAiKOON temp-sensor<\/a><\/li>\n<\/ul>\n<\/li>\n<\/ul>\n<ul class=\"gl_space_ul2\" type=\"square\">\n \t<li style=\"list-style-type: none;\">\n<ul class=\"gl_space_ul2\" type=\"square\">\n \t<li class=\"gl_space_li\"><a href=\"https:\/\/www.enaikoon.com\/es\/dispositivos\/accesorios\/antenna\/\">ENAiKOON antenna<\/a><\/li>\n<\/ul>\n<\/li>\n<\/ul>\n<ul class=\"gl_space_ul2\" type=\"square\">\n \t<li style=\"list-style-type: none;\">\n<ul class=\"gl_space_ul2\" type=\"square\">\n \t<li class=\"gl_space_li\"><a href=\"https:\/\/www.enaikoon.com\/es\/dispositivos\/accesorios\/camera\/\">ENAiKOON camera<\/a><\/li>\n<\/ul>\n<\/li>\n<\/ul>\n<div>&nbsp;<\/div>\n<div class=\"gl_h4big\">Software tel\u00e9fono m\u00f3vil<\/div>\n<ul class=\"gl_space_ul2\" type=\"square\">\n \t<li style=\"list-style-type: none;\">\n<ul class=\"gl_space_ul2\" type=\"square\">\n \t<li class=\"gl_space_li\"><a href=\"https:\/\/www.enaikoon.com\/es\/movil\/plugins\/routes\/\">inViu routes<\/a>\nMuestra todos los trackables en un m\u00f3vil Android y transmite la posici\u00f3n actual del tel\u00e9fono a <a href=\"https:\/\/www.enaikoon.com\/es\/software-es\/inviu-web\/\">inViu web<\/a> o <a href=\"https:\/\/www.enaikoon.com\/es\/software-es\/inviu-pro\/\">inViu pro<\/a><\/li>\n<\/ul>\n<\/li>\n<\/ul>\n<ul class=\"gl_space_ul2\" type=\"square\">\n \t<li style=\"list-style-type: none;\">\n<ul class=\"gl_space_ul2\" type=\"square\">\n \t<li class=\"gl_space_li\"><a href=\"https:\/\/www.enaikoon.com\/es\/movil\/plugins\/nfc-tracker\/\">inViu NFC-tracker<\/a>\nIndica las horas trabajadas mediante un m\u00f3vil Android y ENAiKOON staff-tracker<\/li>\n<\/ul>\n<\/li>\n<\/ul>\n<div><a class=\"gl_button_grey\" href=\"https:\/\/www.enaikoon.com\/fileadmin\/enaikoon\/Dateien\/pdf\/Datenblatt\/locate-06\/spanisch\/ENAiKOON_locate-06_hojas_de_datos.pdf\" target=\"_blank\" rel=\"nofollow\" noreferrer\">Descargar PDF<\/a><\/div>\n<div><a class=\"gl_button_blue\" href=\"https:\/\/www.enaikoon.com\/es\/contacto\/contacto\/\">cont\u00e1ctenos<\/a><\/div>\n<\/div>\n<div class=\"gl_row_space\"><\/div>\n<\/div>\n<\/div>","protected":false},"excerpt":{"rendered":"<p> [&hellip;]<\/p>\n","protected":false},"author":7,"featured_media":0,"parent":6260,"menu_order":0,"comment_status":"closed","ping_status":"closed","template":"","meta":{"footnotes":""},"acf":[],"_links":{"self":[{"href":"https:\/\/www.enaikoon.com\/es\/wp-json\/wp\/v2\/pages\/6266"}],"collection":[{"href":"https:\/\/www.enaikoon.com\/es\/wp-json\/wp\/v2\/pages"}],"about":[{"href":"https:\/\/www.enaikoon.com\/es\/wp-json\/wp\/v2\/types\/page"}],"author":[{"embeddable":true,"href":"https:\/\/www.enaikoon.com\/es\/wp-json\/wp\/v2\/users\/7"}],"replies":[{"embeddable":true,"href":"https:\/\/www.enaikoon.com\/es\/wp-json\/wp\/v2\/comments?post=6266"}],"version-history":[{"count":12,"href":"https:\/\/www.enaikoon.com\/es\/wp-json\/wp\/v2\/pages\/6266\/revisions"}],"predecessor-version":[{"id":19004,"href":"https:\/\/www.enaikoon.com\/es\/wp-json\/wp\/v2\/pages\/6266\/revisions\/19004"}],"up":[{"embeddable":true,"href":"https:\/\/www.enaikoon.com\/es\/wp-json\/wp\/v2\/pages\/6260"}],"wp:attachment":[{"href":"https:\/\/www.enaikoon.com\/es\/wp-json\/wp\/v2\/media?parent=6266"}],"curies":[{"name":"wp","href":"https:\/\/api.w.org\/{rel}","templated":true}]}}