{"id":6260,"date":"2016-08-01T08:01:07","date_gmt":"2016-08-01T08:01:07","guid":{"rendered":"https:\/\/www.enaikoon.com\/?page_id=6260"},"modified":"2023-11-26T12:15:41","modified_gmt":"2023-11-26T12:15:41","slug":"gama-locate","status":"publish","type":"page","link":"https:\/\/www.enaikoon.com\/es\/dispositivos\/gama-locate\/","title":{"rendered":"gama locate"},"content":{"rendered":"<div class=\"gl_slide_scroll_box\">\n<div class=\"gl_scroll_box\">\n<ul>\n \t<li><a class=\"gl_scroll_link_title\" title=\"locate-04\" href=\"https:\/\/www.enaikoon.com\/es\/dispositivos\/gama-locate\/locate-04\/\">locate-04<\/a><a title=\"locate-04\" href=\"https:\/\/www.enaikoon.com\/es\/dispositivos\/gama-locate\/locate-04\/\"><img decoding=\"async\" class=\"gl_scroll_link_img_active\" src=\"https:\/\/www.enaikoon.com\/wp-content\/uploads\/2016\/07\/locate4.png\" alt=\"\" border=\"0\" \/><\/a><\/li>\n \t<li><a class=\"gl_scroll_link_title\" title=\"locate-06\" href=\"https:\/\/www.enaikoon.com\/es\/dispositivos\/gama-locate\/locate-06\/\">locate-06<\/a><a title=\"locate-06\" href=\"https:\/\/www.enaikoon.com\/es\/dispositivos\/gama-locate\/locate-06\/\"><img decoding=\"async\" class=\"gl_scroll_link_img\" src=\"https:\/\/www.enaikoon.com\/wp-content\/uploads\/2016\/07\/locate6.png\" alt=\"\" border=\"0\" \/><\/a><\/li>\n \t<li><a class=\"gl_scroll_link_title\" title=\"locate-15\" href=\"https:\/\/www.enaikoon.com\/es\/dispositivos\/gama-locate\/locate-15\/\">locate-15<\/a><a title=\"locate-15\" href=\"https:\/\/www.enaikoon.com\/es\/dispositivos\/gama-locate\/locate-15\/\"><img decoding=\"async\" class=\"gl_scroll_link_img\" src=\"https:\/\/www.enaikoon.com\/wp-content\/uploads\/2016\/07\/locate15.png\" alt=\"\" border=\"0\" \/><\/a><\/li>\n \t<li><a class=\"gl_scroll_link_title\" title=\"locate-17\" href=\"https:\/\/www.enaikoon.com\/es\/dispositivos\/gama-locate\/locate-17\/\">locate-17<\/a><a title=\"locate-17\" href=\"https:\/\/www.enaikoon.com\/es\/dispositivos\/gama-locate\/locate-17\/\"><img decoding=\"async\" class=\"gl_scroll_link_img\" src=\"https:\/\/www.enaikoon.com\/wp-content\/uploads\/2016\/07\/locate17.png\" alt=\"\" border=\"0\" \/><\/a><\/li>\n \t<li><a class=\"gl_scroll_link_title\" title=\"locate-19\" href=\"https:\/\/www.enaikoon.com\/es\/dispositivos\/gama-locate\/locate-19\/\">locate-19<\/a>\n<a title=\"locate-19\" href=\"https:\/\/www.enaikoon.com\/es\/dispositivos\/gama-locate\/locate-19\/\"><img decoding=\"async\" class=\"gl_scroll_link_img\" src=\"https:\/\/www.enaikoon.com\/wp-content\/uploads\/2016\/07\/locate19.png\" alt=\"\" border=\"0\" \/><\/a><\/li>\n \t<li><a class=\"gl_scroll_link_title\" title=\"locate-20\" href=\"https:\/\/www.enaikoon.com\/es\/dispositivos\/gama-locate\/locate-20\/\">locate-20<\/a>\n<a title=\"locate-20\" href=\"https:\/\/www.enaikoon.com\/es\/dispositivos\/gama-locate\/locate-20\/\"><img decoding=\"async\" class=\"gl_scroll_link_img\" src=\"https:\/\/www.enaikoon.com\/wp-content\/uploads\/2021\/06\/l-20.jpg\" alt=\"\" border=\"0\" \/><\/a><\/li>\n<\/ul>\n<\/div>\n<\/div>\n<div class=\"row\">\n<div class=\"gl_border-page\">\n\n<div class=\"col-md-4\">\n<div class=\"gl_h2big\">ENAiKOON\nlocate-04<\/div>\n<div class=\"clearfix\"><a title=\"ENAiKOON locate-04\" rel=\"nofollow\" href=\"https:\/\/www.enaikoon.com\/wp-content\/uploads\/2016\/07\/ENAiKOON_locate-04_368x300_inactive.png\"><img decoding=\"async\" class=\"gl_space_bottom10\" src=\"https:\/\/www.enaikoon.com\/wp-content\/uploads\/2016\/07\/f9f4007ca4.png\" alt=\"ENAiKOON locate-04 es un dispositivo de rastreo usado para registrar y transmitir datos de objetos m\u00f3viles\" align=\"left\" border=\"0\" \/><\/a><\/div>\n<div class=\"gl_h5-italic\">Con localizaci\u00f3n precisa, control remoto y monitorizaci\u00f3n continua, <strong>ENAiKOON locate-04<\/strong> es el dispositivo localizador GPS preferido por nuestros clientes. Ofrece una soluci\u00f3n econ\u00f3mica y efectiva para las necesidades de rastreo con la funcionalidad a\u00f1adida de registro y procesamiento de datos. Informaci\u00f3n relevante para el control y monitoreo de la flota, tal como el comportamiento del conductor, la velocidad o alguna variaci\u00f3n de la ruta puede ser transmitida y registrada desde cualquier elemento m\u00f3vil.<\/div>\n<div>&nbsp;<\/div>\n<div class=\"gl_h4big\">Aplicaciones<\/div>\n<div>Generalmente usado por empresas de mensajer\u00eda y transporte en la industria de la log\u00edstica. Adem\u00e1s, se usa habitualmente en empresas de servicios p\u00fablicos y constructoras para rastrear la flota de veh\u00edculos y equipos.<\/div>\n<div>&nbsp;<\/div>\n<div class=\"gl_h4big\">Versi\u00f3n impermeable<\/div>\n<div class=\"gl_space_top10\"><a title=\"ENAiKOON locate-04 con carcasa impermeable\" rel=\"nofollow\" href=\"https:\/\/www.enaikoon.com\/wp-content\/uploads\/2016\/07\/Locate_L04waterproof_368x300_inactive_01.png\"><img decoding=\"async\" src=\"https:\/\/www.enaikoon.com\/wp-content\/uploads\/2016\/07\/c734c19e0a.png\" alt=\"ENAiKOON locate-04 con carcasa impermeable\" align=\"left\" border=\"0\" \/><\/a><\/div>\n<div>\u00a0 <strong>ENAiKOON locate-04<\/strong>\ncon carcasa impermeable<\/div>\n<\/div>\n\n<div class=\"col-md-4\">\n<div class=\"gl_h4big\">Caracter\u00edsticas principales<\/div>\n<ul class=\"gl_ul_style2\" type=\"square\">\n \t<li class=\"gl_space_li\">Transmisi\u00f3n de posiciones GPS, direcci\u00f3n y velocidad<\/li>\n \t<li class=\"gl_space_li\">Registro individual de datos como horas de trabajo y asignaci\u00f3n autom\u00e1tica a clientes \/ obras<\/li>\n \t<li class=\"gl_space_li\">Gesti\u00f3n de flota optimizada: las m\u00faltiples funciones y el control exhaustivo de los trackables ofrecen un gran potencial de ahorro de costes<\/li>\n<\/ul>\n<div>&nbsp;<\/div>\n<div class=\"gl_h4big\">Detalles t\u00e9cnicos<\/div>\n<div class=\"gl_ul_style3\">\n<ul>\n \t<li>Tama\u00f1o: 80 x 67 x 20 mm<\/li>\n \t<li>Peso: 145 g<\/li>\n \t<li>2 entradas digitales (datos ignici\u00f3n, horas de trabajo, etc.)<\/li>\n \t<li>1 salida digital (con 200 mA\/h)<\/li>\n \t<li>Sensor de vibraci\u00f3n por aceler\u00f3metro<\/li>\n \t<li>1 cable de conexi\u00f3n para el driver-id<\/li>\n \t<li>Interfaz de serie<\/li>\n \t<li>Receptor de 65 canales GPS<\/li>\n \t<li>Modelo GSM quad-band<\/li>\n \t<li>Bater\u00eda de emergencia 560 mA\/h<\/li>\n \t<li>Aprobado por E-4<\/li>\n \t<li>Entrada de corriente adaptable, de 8 V a 32 V DC<\/li>\n \t<li>Hecho en Alemania<\/li>\n<\/ul>\n<\/div>\n<\/div>\n\n<div class=\"col-md-4\">\n<div class=\"gl_h4big\">Combinaci\u00f3n de dispositivos<\/div>\n<div>ENAiKOON locate-04 + <a title=\"inViu web\" href=\"https:\/\/www.enaikoon.com\/es\/software-es\/inviu-web\/\">inViu web<\/a> = ubicaci\u00f3n GPS precisa, prevenci\u00f3n de robos y seguridad.<\/div>\n<div>ENAiKOON locate-04 + ENAiKOON driver-id + <a title=\"ENAiKOON staff-tracker\" href=\"https:\/\/www.enaikoon.com\/es\/software-es\/plugins\/staff-tracker\/\">ENAiKOON staff-tracker<\/a> + <a title=\"inViu pro\" href=\"https:\/\/www.enaikoon.com\/es\/software-es\/inviu-pro\/\">inViu pro<\/a> = localizaci\u00f3n precisa GPS, con informes que muestran el tiempo de trabajo y pausas, as\u00ed como muestra en el mapa de las actividades de los veh\u00edculos y empleados, ahorrando as\u00ed tiempo y dinero.<\/div>\n<div>&nbsp;<\/div>\n<div class=\"gl_h4big\">Accesorios opcionales<\/div>\n<ul class=\"gl_ul_style2\" type=\"square\">\n \t<li class=\"gl_space_li\">ENAiKOON driver-id<\/li>\n \t<li class=\"gl_space_li\">ENAiKOON antenna<\/li>\n<\/ul>\n<div>&nbsp;<\/div>\n<div class=\"gl_h4big\">Software tel\u00e9fono m\u00f3vil<\/div>\n<ul class=\"gl_ul_style2\" type=\"square\">\n \t<li class=\"gl_space_li\"><a href=\"https:\/\/www.enaikoon.com\/es\/movil\/plugins\/routes\/\">inViu routes<\/a>\nMuestra de todos los trackables en un m\u00f3vil Android y transmisi\u00f3n de la posici\u00f3n actual del tel\u00e9fono en <a href=\"https:\/\/www.enaikoon.com\/es\/software-es\/inviu-web\/\">inViu web<\/a> o <a href=\"https:\/\/www.enaikoon.com\/es\/software-es\/inviu-pro\/\">inViu pro<\/a><\/li>\n \t<li style=\"margin-top: 10px;\"><a href=\"https:\/\/www.enaikoon.com\/es\/movil\/plugins\/nfc-tracker\/\">inViu NFC-tracker<\/a>\nIndicaci\u00f3n de horas de trabajo mediante m\u00f3vil Android y ENAiKOON staff-tracker<\/li>\n<\/ul>\n<div><a class=\"gl_button_grey\" href=\"https:\/\/www.enaikoon.com\/fileadmin\/enaikoon\/Dateien\/pdf\/Datenblatt\/locate-04\/spanisch\/ENAiKOON_locate-04_hojas_de_datos.pdf\" target=\"_blank\" rel=\"nofollow\" noreferrer\">Descargar PDF<\/a><\/div>\n<div><a class=\"gl_button_blue\" href=\"https:\/\/www.enaikoon.com\/es\/contacto\/contacto\/\">cont\u00e1ctenos<\/a><\/div>\n<div><a class=\"gl_button_grey\" href=\"https:\/\/www.enaikoon.com\/fileadmin\/enaikoon\/Dateien\/pdf\/Einbauanleitung\/locate-04\/spanisch\/Instalacion_ENAiKOON_locate-04_a_VCC.pdf\" target=\"_blank\" rel=\"nofollow\" noreferrer\">locate-04 VCC<\/a><\/div>\n<\/div>\n<div class=\"gl_row_space\"><\/div>\n<\/div>\n<\/div>","protected":false},"excerpt":{"rendered":"<p> [&hellip;]<\/p>\n","protected":false},"author":7,"featured_media":0,"parent":6258,"menu_order":0,"comment_status":"closed","ping_status":"closed","template":"","meta":{"footnotes":""},"acf":[],"_links":{"self":[{"href":"https:\/\/www.enaikoon.com\/es\/wp-json\/wp\/v2\/pages\/6260"}],"collection":[{"href":"https:\/\/www.enaikoon.com\/es\/wp-json\/wp\/v2\/pages"}],"about":[{"href":"https:\/\/www.enaikoon.com\/es\/wp-json\/wp\/v2\/types\/page"}],"author":[{"embeddable":true,"href":"https:\/\/www.enaikoon.com\/es\/wp-json\/wp\/v2\/users\/7"}],"replies":[{"embeddable":true,"href":"https:\/\/www.enaikoon.com\/es\/wp-json\/wp\/v2\/comments?post=6260"}],"version-history":[{"count":6,"href":"https:\/\/www.enaikoon.com\/es\/wp-json\/wp\/v2\/pages\/6260\/revisions"}],"predecessor-version":[{"id":19002,"href":"https:\/\/www.enaikoon.com\/es\/wp-json\/wp\/v2\/pages\/6260\/revisions\/19002"}],"up":[{"embeddable":true,"href":"https:\/\/www.enaikoon.com\/es\/wp-json\/wp\/v2\/pages\/6258"}],"wp:attachment":[{"href":"https:\/\/www.enaikoon.com\/es\/wp-json\/wp\/v2\/media?parent=6260"}],"curies":[{"name":"wp","href":"https:\/\/api.w.org\/{rel}","templated":true}]}}