{"id":6258,"date":"2016-08-01T08:00:20","date_gmt":"2016-08-01T08:00:20","guid":{"rendered":"https:\/\/www.enaikoon.com\/?page_id=6258"},"modified":"2023-11-26T08:26:42","modified_gmt":"2023-11-26T08:26:42","slug":"dispositivos","status":"publish","type":"page","link":"https:\/\/www.enaikoon.com\/es\/dispositivos\/","title":{"rendered":"dispositivos"},"content":{"rendered":"<div class=\"row row-slider\">\n\t\t\t<!-- START devices_es REVOLUTION SLIDER 6.6.16 --><p class=\"rs-p-wp-fix\"><\/p>\n\t\t\t<rs-module-wrap id=\"rev_slider_52_1_wrapper\" data-source=\"gallery\" style=\"visibility:hidden;background:transparent;padding:0;margin:0px auto;margin-top:0;margin-bottom:0;\">\n\t\t\t\t<rs-module id=\"rev_slider_52_1\" style=\"\" data-version=\"6.6.16\">\n\t\t\t\t\t<rs-slides style=\"overflow: hidden; position: absolute;\">\n\t\t\t\t\t\t<rs-slide style=\"position: absolute;\" data-key=\"rs-74\" data-title=\"device1\" data-thumb=\"\/\/www.enaikoon.com\/wp-content\/uploads\/2016\/07\/2fec6fb0ea.jpg\" data-link=\"\/es\/dispositivos\/gama-locate\/locate-03\/\" data-tag=\"l\" data-target=\"_self\" data-seoz=\"front\" data-anim=\"adpr:false;\">\n\t\t\t\t\t\t\t<img src=\"\/\/www.enaikoon.com\/wp-content\/plugins\/revslider\/public\/assets\/assets\/dummy.png\" alt=\"\" title=\"dispositivos\" class=\"rev-slidebg tp-rs-img rs-lazyload\" data-lazyload=\"\/\/www.enaikoon.com\/wp-content\/uploads\/2016\/07\/2fec6fb0ea.jpg\" data-no-retina>\n<!--\n\t\t\t\t\t\t\t--><rs-layer\n\t\t\t\t\t\t\t\tid=\"slider-52-slide-74-layer-1\" \n\t\t\t\t\t\t\t\tdata-type=\"image\"\n\t\t\t\t\t\t\t\tdata-rsp_ch=\"on\"\n\t\t\t\t\t\t\t\tdata-text=\"l:22;\"\n\t\t\t\t\t\t\t\tdata-dim=\"w:998px;h:300px;\"\n\t\t\t\t\t\t\t\tdata-frame_0=\"tp:600;\"\n\t\t\t\t\t\t\t\tdata-frame_1=\"tp:600;e:power2.inOut;st:500;\"\n\t\t\t\t\t\t\t\tdata-frame_999=\"o:0;tp:600;e:nothing;st:w;\"\n\t\t\t\t\t\t\t\tstyle=\"z-index:5;\"\n\t\t\t\t\t\t\t><img src=\"\/\/www.enaikoon.com\/wp-content\/plugins\/revslider\/public\/assets\/assets\/dummy.png\" alt=\"\" class=\"tp-rs-img rs-lazyload\" data-lazyload=\"\/wp-content\/uploads\/2016\/07\/2fec6fb0ea.jpg\" data-no-retina> \n\t\t\t\t\t\t\t<\/rs-layer><!--\n\n\t\t\t\t\t\t\t--><rs-layer\n\t\t\t\t\t\t\t\tid=\"slider-52-slide-74-layer-2\" \n\t\t\t\t\t\t\t\tclass=\"big-white-text\"\n\t\t\t\t\t\t\t\tdata-type=\"text\"\n\t\t\t\t\t\t\t\tdata-color=\"rgba(255,255,255,1)\"\n\t\t\t\t\t\t\t\tdata-rsp_ch=\"on\"\n\t\t\t\t\t\t\t\tdata-xy=\"x:585px;y:110px;\"\n\t\t\t\t\t\t\t\tdata-text=\"s:32;l:36;fw:700;\"\n\t\t\t\t\t\t\t\tdata-frame_0=\"y:50px;tp:600;\"\n\t\t\t\t\t\t\t\tdata-frame_1=\"tp:600;e:power2.inOut;st:800;sp:500;\"\n\t\t\t\t\t\t\t\tdata-frame_999=\"o:1;tp:600;e:nothing;st:w;\"\n\t\t\t\t\t\t\t\tstyle=\"z-index:6;font-family:'Myriad Pro';\"\n\t\t\t\t\t\t\t>Un dispositivo GPS <br>para cada situaci\u00f3n \n\t\t\t\t\t\t\t<\/rs-layer><!--\n\n\t\t\t\t\t\t\t--><rs-layer\n\t\t\t\t\t\t\t\tid=\"slider-52-slide-74-layer-3\" \n\t\t\t\t\t\t\t\tclass=\"small-brown-text2\"\n\t\t\t\t\t\t\t\tdata-type=\"text\"\n\t\t\t\t\t\t\t\tdata-color=\"rgba(102,102,102,1)\"\n\t\t\t\t\t\t\t\tdata-rsp_ch=\"on\"\n\t\t\t\t\t\t\t\tdata-xy=\"x:586px;y:194px;\"\n\t\t\t\t\t\t\t\tdata-text=\"s:16;l:20;\"\n\t\t\t\t\t\t\t\tdata-frame_0=\"y:50px;tp:600;\"\n\t\t\t\t\t\t\t\tdata-frame_1=\"tp:600;e:power2.inOut;st:800;sp:500;\"\n\t\t\t\t\t\t\t\tdata-frame_999=\"o:1;tp:600;e:nothing;st:w;\"\n\t\t\t\t\t\t\t\tstyle=\"z-index:7;font-family:'Myriad Pro';letter-spacing:0 !important;\"\n\t\t\t\t\t\t\t>La serie locate incluye dispositivos para cualquier<br>tipo de trackable, ofreciendo soluciones flexibles para <br>sus necesidades de rastreo \n\t\t\t\t\t\t\t<\/rs-layer><!--\n-->\t\t\t\t\t\t<\/rs-slide>\n\t\t\t\t\t\t<rs-slide style=\"position: absolute;\" data-key=\"rs-75\" data-title=\"device2\" data-thumb=\"\/\/www.enaikoon.com\/wp-content\/uploads\/2016\/07\/0d9320313c.jpg\" data-link=\"\/es\/dispositivos\/gama-rfid\/rfid-tag\/\" data-tag=\"l\" data-target=\"_self\" data-seoz=\"front\" data-anim=\"adpr:false;\">\n\t\t\t\t\t\t\t<img src=\"\/\/www.enaikoon.com\/wp-content\/plugins\/revslider\/public\/assets\/assets\/dummy.png\" alt=\"\" title=\"dispositivos\" class=\"rev-slidebg tp-rs-img rs-lazyload\" data-lazyload=\"\/\/www.enaikoon.com\/wp-content\/uploads\/2016\/07\/0d9320313c.jpg\" data-no-retina>\n<!--\n\t\t\t\t\t\t\t--><rs-layer\n\t\t\t\t\t\t\t\tid=\"slider-52-slide-75-layer-1\" \n\t\t\t\t\t\t\t\tdata-type=\"image\"\n\t\t\t\t\t\t\t\tdata-rsp_ch=\"on\"\n\t\t\t\t\t\t\t\tdata-text=\"l:22;\"\n\t\t\t\t\t\t\t\tdata-dim=\"w:998px;h:300px;\"\n\t\t\t\t\t\t\t\tdata-frame_0=\"tp:600;\"\n\t\t\t\t\t\t\t\tdata-frame_1=\"tp:600;e:power2.inOut;st:500;\"\n\t\t\t\t\t\t\t\tdata-frame_999=\"o:0;tp:600;e:nothing;st:w;\"\n\t\t\t\t\t\t\t\tstyle=\"z-index:5;\"\n\t\t\t\t\t\t\t><img src=\"\/\/www.enaikoon.com\/wp-content\/plugins\/revslider\/public\/assets\/assets\/dummy.png\" alt=\"\" class=\"tp-rs-img rs-lazyload\" data-lazyload=\"\/wp-content\/uploads\/2016\/07\/0d9320313c.jpg\" data-no-retina> \n\t\t\t\t\t\t\t<\/rs-layer><!--\n\n\t\t\t\t\t\t\t--><rs-layer\n\t\t\t\t\t\t\t\tid=\"slider-52-slide-75-layer-2\" \n\t\t\t\t\t\t\t\tclass=\"big-white-text\"\n\t\t\t\t\t\t\t\tdata-type=\"text\"\n\t\t\t\t\t\t\t\tdata-color=\"rgba(255,255,255,1)\"\n\t\t\t\t\t\t\t\tdata-rsp_ch=\"on\"\n\t\t\t\t\t\t\t\tdata-xy=\"x:586px;y:113px;\"\n\t\t\t\t\t\t\t\tdata-text=\"s:32;l:36;fw:700;\"\n\t\t\t\t\t\t\t\tdata-frame_0=\"y:50px;tp:600;\"\n\t\t\t\t\t\t\t\tdata-frame_1=\"tp:600;e:power2.inOut;st:800;sp:500;\"\n\t\t\t\t\t\t\t\tdata-frame_999=\"o:1;tp:600;e:nothing;st:w;\"\n\t\t\t\t\t\t\t\tstyle=\"z-index:6;font-family:'Myriad Pro';\"\n\t\t\t\t\t\t\t>Etiquete, monitorice y <br\/>transmita \n\t\t\t\t\t\t\t<\/rs-layer><!--\n\n\t\t\t\t\t\t\t--><rs-layer\n\t\t\t\t\t\t\t\tid=\"slider-52-slide-75-layer-3\" \n\t\t\t\t\t\t\t\tclass=\"small-brown-text2\"\n\t\t\t\t\t\t\t\tdata-type=\"text\"\n\t\t\t\t\t\t\t\tdata-color=\"rgba(102,102,102,1)\"\n\t\t\t\t\t\t\t\tdata-rsp_ch=\"on\"\n\t\t\t\t\t\t\t\tdata-xy=\"x:586px;y:194px;\"\n\t\t\t\t\t\t\t\tdata-text=\"s:16;l:20;\"\n\t\t\t\t\t\t\t\tdata-frame_0=\"y:50px;tp:600;\"\n\t\t\t\t\t\t\t\tdata-frame_1=\"tp:600;e:power2.inOut;st:800;sp:500;\"\n\t\t\t\t\t\t\t\tdata-frame_999=\"o:1;tp:600;e:nothing;st:w;\"\n\t\t\t\t\t\t\t\tstyle=\"z-index:7;font-family:'Myriad Pro';letter-spacing:0 !important;\"\n\t\t\t\t\t\t\t>A\u00f1ada RFID (Radio Frequency Identification) en<br>sus trackables para monitorizar la productividad y <br>controlar el acceso \n\t\t\t\t\t\t\t<\/rs-layer><!--\n-->\t\t\t\t\t\t<\/rs-slide>\n\t\t\t\t\t\t<rs-slide style=\"position: absolute;\" data-key=\"rs-76\" data-title=\"device3\" data-thumb=\"\/\/www.enaikoon.com\/wp-content\/uploads\/2016\/07\/8f918eaa67.jpg\" data-link=\"\/es\/dispositivos\/gama-inmarsat\/inmarsat-600\/\" data-tag=\"l\" data-target=\"_self\" data-seoz=\"front\" data-anim=\"adpr:false;\">\n\t\t\t\t\t\t\t<img src=\"\/\/www.enaikoon.com\/wp-content\/plugins\/revslider\/public\/assets\/assets\/dummy.png\" alt=\"\" title=\"dispositivos\" class=\"rev-slidebg tp-rs-img rs-lazyload\" data-lazyload=\"\/\/www.enaikoon.com\/wp-content\/uploads\/2016\/07\/8f918eaa67.jpg\" data-no-retina>\n<!--\n\t\t\t\t\t\t\t--><rs-layer\n\t\t\t\t\t\t\t\tid=\"slider-52-slide-76-layer-1\" \n\t\t\t\t\t\t\t\tdata-type=\"image\"\n\t\t\t\t\t\t\t\tdata-rsp_ch=\"on\"\n\t\t\t\t\t\t\t\tdata-text=\"l:22;\"\n\t\t\t\t\t\t\t\tdata-dim=\"w:998px;h:300px;\"\n\t\t\t\t\t\t\t\tdata-frame_0=\"tp:600;\"\n\t\t\t\t\t\t\t\tdata-frame_1=\"tp:600;e:power2.inOut;st:500;\"\n\t\t\t\t\t\t\t\tdata-frame_999=\"o:0;tp:600;e:nothing;st:w;\"\n\t\t\t\t\t\t\t\tstyle=\"z-index:5;\"\n\t\t\t\t\t\t\t><img src=\"\/\/www.enaikoon.com\/wp-content\/plugins\/revslider\/public\/assets\/assets\/dummy.png\" alt=\"\" class=\"tp-rs-img rs-lazyload\" data-lazyload=\"\/wp-content\/uploads\/2016\/07\/8f918eaa67.jpg\" data-no-retina> \n\t\t\t\t\t\t\t<\/rs-layer><!--\n\n\t\t\t\t\t\t\t--><rs-layer\n\t\t\t\t\t\t\t\tid=\"slider-52-slide-76-layer-2\" \n\t\t\t\t\t\t\t\tclass=\"big-white-text\"\n\t\t\t\t\t\t\t\tdata-type=\"text\"\n\t\t\t\t\t\t\t\tdata-color=\"rgba(255,255,255,1)\"\n\t\t\t\t\t\t\t\tdata-rsp_ch=\"on\"\n\t\t\t\t\t\t\t\tdata-xy=\"x:585px;y:110px;\"\n\t\t\t\t\t\t\t\tdata-text=\"s:32;l:36;fw:700;\"\n\t\t\t\t\t\t\t\tdata-frame_0=\"y:50px;tp:600;\"\n\t\t\t\t\t\t\t\tdata-frame_1=\"tp:600;e:power2.inOut;st:800;sp:500;\"\n\t\t\t\t\t\t\t\tdata-frame_999=\"o:1;tp:600;e:nothing;st:w;\"\n\t\t\t\t\t\t\t\tstyle=\"z-index:6;font-family:'Myriad Pro';\"\n\t\t\t\t\t\t\t>Monitorice en cualquier<br>lugar del mundo \n\t\t\t\t\t\t\t<\/rs-layer><!--\n\n\t\t\t\t\t\t\t--><rs-layer\n\t\t\t\t\t\t\t\tid=\"slider-52-slide-76-layer-3\" \n\t\t\t\t\t\t\t\tclass=\"small-brown-text2\"\n\t\t\t\t\t\t\t\tdata-type=\"text\"\n\t\t\t\t\t\t\t\tdata-color=\"rgba(102,102,102,1)\"\n\t\t\t\t\t\t\t\tdata-rsp_ch=\"on\"\n\t\t\t\t\t\t\t\tdata-xy=\"x:586px;y:194px;\"\n\t\t\t\t\t\t\t\tdata-text=\"s:16;l:20;\"\n\t\t\t\t\t\t\t\tdata-frame_0=\"y:50px;tp:600;\"\n\t\t\t\t\t\t\t\tdata-frame_1=\"tp:600;e:power2.inOut;st:800;sp:500;\"\n\t\t\t\t\t\t\t\tdata-frame_999=\"o:1;tp:600;e:nothing;st:w;\"\n\t\t\t\t\t\t\t\tstyle=\"z-index:7;font-family:'Myriad Pro';letter-spacing:0 !important;\"\n\t\t\t\t\t\t\t>Cuando no puede confiar en las redes terrestres, <br\/>conf\u00ede en los dispositivos Inmmarsat que se <br\/>comunican usando una flota de 11 sat\u00e9lites \n\t\t\t\t\t\t\t<\/rs-layer><!--\n-->\t\t\t\t\t\t<\/rs-slide>\n\t\t\t\t\t<\/rs-slides>\n\t\t\t\t<\/rs-module>\n\t\t\t\t<script>\n\t\t\t\t\tsetREVStartSize({c: 'rev_slider_52_1',rl:[1240,1024,778,480],el:[],gw:[998],gh:[300],type:'standard',justify:'',layout:'fullwidth',mh:\"0\"});if (window.RS_MODULES!==undefined && window.RS_MODULES.modules!==undefined && window.RS_MODULES.modules[\"revslider521\"]!==undefined) {window.RS_MODULES.modules[\"revslider521\"].once = false;window.revapi52 = undefined;if (window.RS_MODULES.checkMinimal!==undefined) window.RS_MODULES.checkMinimal()}\n\t\t\t\t<\/script>\n\t\t\t<\/rs-module-wrap>\n\t\t\t<!-- END REVOLUTION SLIDER -->\n<\/div>\n<div class=\"row\">\n<div class=\"gl_space_page\">\n\n<div class=\"col-md-4\">\n<div class=\"gl_h4big\"><a href=\"https:\/\/www.enaikoon.com\/es\/dispositivos\/gama-locate\/locate-04\/\">Gama locate<\/a><\/div>\n<div><a title=\"ENAiKOON gama locate\" href=\"https:\/\/www.enaikoon.com\/es\/dispositivos\/gama-locate\/locate-04\/\"><img decoding=\"async\" src=\"https:\/\/www.enaikoon.com\/wp-content\/uploads\/2016\/07\/3547849ec3.png\" alt=\"ENAiKOON gama locate\" border=\"0\" \/><\/a><\/div>\n<div class=\"gl_space_top10 gl_space_right10\">La gama ENAiKOON locate se fabrica en Alemania, usa posicionamiento GPS y red m\u00f3vil de comunicaci\u00f3n de datos para informar del estado y la posici\u00f3n de sus veh\u00edculos y activos m\u00f3viles al portal inViu a trav\u00e9s de nuestros seguros servidores. <a title=\"gama locate\" href=\"https:\/\/www.enaikoon.com\/es\/dispositivos\/gama-locate\/locate-04\/\">Descubra c\u00f3mo los dispositivos locate pueden ayudarle a rastrear sus activos<\/a>.<\/div>\n<\/div>\n\n<div class=\"col-md-4\">\n<div class=\"gl_h4big\"><a href=\"https:\/\/www.enaikoon.com\/es\/dispositivos\/gama-rfid\/rfid-tag\/\">Gama RFID<\/a><\/div>\n<div><a title=\"ENAiKOON gama RFID\" href=\"https:\/\/www.enaikoon.com\/es\/dispositivos\/gama-rfid\/rfid-tag\/\"><img decoding=\"async\" src=\"https:\/\/www.enaikoon.com\/wp-content\/uploads\/2016\/07\/ba51fb33a2.png\" alt=\"ENAiKOON gama RFID\" border=\"0\" \/><\/a><\/div>\n<div class=\"gl_space_top10 gl_space_right10\">Usando la tecnolog\u00eda de identificaci\u00f3n por radio-frecuencia (RFID), los dispositivos ENAiKOON RFID transmiten y reciben datos desde TAGs electr\u00f3nicas adjuntos a objetos m\u00f3viles a inViu mediante radio-frecuencia. Identifique y localice a sus trabajadores, bienes y equipos con facilidad. <a title=\"gama RFID\" href=\"https:\/\/www.enaikoon.com\/es\/dispositivos\/gama-rfid\/rfid-tag\/\">Etiquete sus bienes y comun\u00edquelos con inViu mediante los dispositivos ENAiKOON RFID<\/a>.<\/div>\n<\/div>\n\n<div class=\"col-md-4\">\n<div class=\"gl_h4big\"><a href=\"https:\/\/www.enaikoon.com\/es\/dispositivos\/gama-inmarsat\/inmarsat-600\/\">Gama Inmarsat<\/a><\/div>\n<div><a title=\"ENAiKOON gama Inmarsat\" href=\"https:\/\/www.enaikoon.com\/es\/dispositivos\/gama-inmarsat\/inmarsat-600\/\"><img decoding=\"async\" src=\"https:\/\/www.enaikoon.com\/wp-content\/uploads\/2016\/07\/dbc687bdd4.png\" alt=\"ENAiKOON gama Inmarsat\" border=\"0\" \/><\/a><\/div>\n<div class=\"gl_space_top10 gl_space_right10\">Los diferentes productos de la gama ENAiKOON Inmarsat son dispositivos capaces de recopilar datos por todo el planeta, hasta cuando no hay red GSM disponible. <a title=\"Vea la gama Inmarsat\" href=\"https:\/\/www.enaikoon.com\/es\/dispositivos\/gama-inmarsat\/inmarsat-600\/\">Descubra m\u00e1s sobre la gama Inmarsat<\/a>.<\/div>\n<\/div>\n<div class=\"gl_row_space\"><\/div>\n<div class=\"gl_line\"><\/div>\n<div class=\"col-md-12\">\n<div class=\"gl_device_text\"><a href=\"https:\/\/www.enaikoon.com\/es\/dispositivos\/accesorios\/sim-card\/\">Accesorios ENAiKOON<\/a><\/div>\n<div class=\"gl_space_top10\"><a title=\"Mejore su dispositivo ENAiKOON\" href=\"https:\/\/www.enaikoon.com\/es\/dispositivos\/accesorios\/sim-card\/\"><img decoding=\"async\" class=\"gl_space_bottom10\" src=\"https:\/\/www.enaikoon.com\/wp-content\/uploads\/2016\/07\/Accessories-banner-v2.jpg\" alt=\"Mejore su dispositivo ENAiKOON\" align=\"left\" border=\"0\" \/><\/a><\/div>\n<div>Mejore su dispositivo ENAiKOON. Integre una pantalla para mensajes instant\u00e1neos, sistema de identificaci\u00f3n driver-id para una f\u00e1cil facturaci\u00f3n, o un sensor de temperatura o de movimiento para monitorizar el rendimiento de su maquinaria y equipos. <a title=\"Accesorios ENAiKOON\" href=\"https:\/\/www.enaikoon.com\/es\/dispositivos\/accesorios\/sim-card\/\">Vea nuestra completa gama de accesorios para optimizar su soluci\u00f3n ENAiKOON<\/a>.<\/div>\n<\/div>\n\n<\/div>\n<div class=\"gl_space_pagebot\"><\/div>\n<\/div>","protected":false},"excerpt":{"rendered":"","protected":false},"author":7,"featured_media":0,"parent":0,"menu_order":0,"comment_status":"closed","ping_status":"closed","template":"","meta":{"footnotes":""},"acf":[],"_links":{"self":[{"href":"https:\/\/www.enaikoon.com\/es\/wp-json\/wp\/v2\/pages\/6258"}],"collection":[{"href":"https:\/\/www.enaikoon.com\/es\/wp-json\/wp\/v2\/pages"}],"about":[{"href":"https:\/\/www.enaikoon.com\/es\/wp-json\/wp\/v2\/types\/page"}],"author":[{"embeddable":true,"href":"https:\/\/www.enaikoon.com\/es\/wp-json\/wp\/v2\/users\/7"}],"replies":[{"embeddable":true,"href":"https:\/\/www.enaikoon.com\/es\/wp-json\/wp\/v2\/comments?post=6258"}],"version-history":[{"count":6,"href":"https:\/\/www.enaikoon.com\/es\/wp-json\/wp\/v2\/pages\/6258\/revisions"}],"predecessor-version":[{"id":18980,"href":"https:\/\/www.enaikoon.com\/es\/wp-json\/wp\/v2\/pages\/6258\/revisions\/18980"}],"wp:attachment":[{"href":"https:\/\/www.enaikoon.com\/es\/wp-json\/wp\/v2\/media?parent=6258"}],"curies":[{"name":"wp","href":"https:\/\/api.w.org\/{rel}","templated":true}]}}