{"id":6250,"date":"2016-08-01T07:57:22","date_gmt":"2016-08-01T07:57:22","guid":{"rendered":"https:\/\/www.enaikoon.com\/?page_id=6250"},"modified":"2016-12-02T09:26:11","modified_gmt":"2016-12-02T09:26:11","slug":"messenger","status":"publish","type":"page","link":"https:\/\/www.enaikoon.com\/es\/software-es\/plugins\/messenger\/","title":{"rendered":"Messenger"},"content":{"rendered":"<div class=\"gl_slide_scroll_box\">\r\n\t<div class=\"gl_scroll_box\">\r\n <noindex><\/noindex>        <ul>\r\n            <li><a class=\"gl_scroll_link_title\" href=\"https:\/\/www.enaikoon.com\/es\/software-es\/plugins\/staff-tracker\/\" title=\"staff-tracker\" >staff-tracker<\/a><br\/>\r\n            \r\n            <a href=\"https:\/\/www.enaikoon.com\/es\/software-es\/plugins\/staff-tracker\/\" title=\"staff-tracker\" ><img decoding=\"async\" class=\"gl_scroll_link_img\" src=\"https:\/\/www.enaikoon.com\/wp-content\/uploads\/2016\/07\/staff-tracker.png\" border=\"0\" alt=\"\"><\/a><\/li>\r\n            \r\n           <li><a class=\"gl_scroll_link_title\" href=\"https:\/\/www.enaikoon.com\/es\/software-es\/plugins\/fuel-tracker\/\" title=\"fuel-tracker\">fuel-tracker<\/a><br\/>\r\n           \r\n            <a href=\"https:\/\/www.enaikoon.com\/es\/software-es\/plugins\/fuel-tracker\/\" title=\"fuel-tracker\"><img decoding=\"async\" class=\"gl_scroll_link_img\" src=\"https:\/\/www.enaikoon.com\/wp-content\/uploads\/2016\/07\/fuel-tracker.png\" border=\"0\" alt=\"\"><\/a><\/li>\r\n            \r\n            <li><a class=\"gl_scroll_link_title\" href=\"https:\/\/www.enaikoon.com\/es\/software-es\/plugins\/can-66\/\" title=\"can-66\">can-66<\/a><br\/>\r\n            \r\n            <a href=\"https:\/\/www.enaikoon.com\/es\/software-es\/plugins\/can-66\/\" title=\"can-66\"><img decoding=\"async\" class=\"gl_scroll_link_img\" src=\"https:\/\/www.enaikoon.com\/wp-content\/uploads\/2016\/07\/can-66.png\" border=\"0\" alt=\"\"><\/a><\/li>\r\n            \r\n            <li><a class=\"gl_scroll_link_title\" href=\"https:\/\/www.enaikoon.com\/es\/software-es\/plugins\/limit-checker\/\" title=\"limit-checker\">limit-checker<\/a><br\/>\r\n            \r\n            <a href=\"https:\/\/www.enaikoon.com\/es\/software-es\/plugins\/limit-checker\/\" title=\"limit-checker\"><img decoding=\"async\" class=\"gl_scroll_link_img\" src=\"https:\/\/www.enaikoon.com\/wp-content\/uploads\/2016\/07\/limit-checker.png\" border=\"0\" alt=\"\"><\/a><\/li>\r\n            \r\n            <li><a class=\"gl_scroll_link_title\" href=\"https:\/\/www.enaikoon.com\/es\/software-es\/plugins\/messenger\/\" title=\"messenger\">messenger<\/a><br\/>\r\n            \r\n            <a href=\"https:\/\/www.enaikoon.com\/es\/software-es\/plugins\/messenger\/\" title=\"messenger\"><img decoding=\"async\" class=\"gl_scroll_link_img_active\" src=\"https:\/\/www.enaikoon.com\/wp-content\/uploads\/2016\/07\/messenger.png\" border=\"0\" alt=\"\"><\/a><\/li>\r\n            \r\n            <li><a class=\"gl_scroll_link_title\" href=\"https:\/\/www.enaikoon.com\/es\/software-es\/plugins\/temp-checker\/\" title=\"temp-checker\">temp-checker<\/a><br\/>\r\n            \r\n            <a href=\"https:\/\/www.enaikoon.com\/es\/software-es\/plugins\/temp-checker\/\"  title=\"temp-checker\"><img decoding=\"async\" class=\"gl_scroll_link_img\" src=\"https:\/\/www.enaikoon.com\/wp-content\/uploads\/2016\/07\/temp-checker.png\" border=\"0\" alt=\"\"><\/a><\/li>\r\n            \r\n            <li><a class=\"gl_scroll_link_title\" href=\"https:\/\/www.enaikoon.com\/es\/software-es\/plugins\/tour-checker\/\"  title=\"tour-checker\">tour-checker<\/a><br\/>\r\n            <a href=\"https:\/\/www.enaikoon.com\/es\/software-es\/plugins\/tour-checker\/\"  title=\"tour-checker\"><img decoding=\"async\" class=\"gl_scroll_link_img\" src=\"https:\/\/www.enaikoon.com\/wp-content\/uploads\/2016\/07\/tour-checker.png\" border=\"0\" alt=\"\"><\/a><\/li>\r\n            \r\n          \r\n          <\/ul>\r\n\r\n    <\/div>\r\n<\/div>\r\n\r\n<div class=\"row\">\r\n\r\n<div class=\"gl_border-page\">\r\n\t\t\r\n\t\t<div class=\"col-md-4\">\r\n\t\r\n\t\t<div><img decoding=\"async\" src=\"https:\/\/www.enaikoon.com\/wp-content\/uploads\/2016\/07\/50ee34a87d.png\" border=\"0\" align=\"left\" alt=\"ENAiKOON messenger provee un sistema de comunicaci\u00f3n econ\u00f3mico entre el centro de control y los conductores\" title=\"ENAiKOON messenger\"\/><\/div>\r\n\t\t<h2>&nbsp;ENAiKOON<br>&nbsp;messenger<\/h2>\r\n\t\t\t\r\n\t\t<\/div>\r\n\t\t\r\n\t\t<div class=\"col-md-4\">\r\n\t\t\r\n\t\t<div>&nbsp;<\/div>\r\n\t\t\r\n\t\t<\/div>\r\n\t\t\r\n\t\t<div class=\"col-md-4\">\r\n\t\t\r\n\t\t<div>&nbsp;<\/div>\r\n\t\t\r\n\t\t<\/div>\r\n\t\t\r\n\t\t<div class=\"gl_row_space\"><\/div>\r\n\t\t\r\n\t\t<div class=\"col-md-4\">\r\n\t\r\n\t\t<div class=\"gl_h5-italic\"><strong>ENAiKOON messenger<\/strong> es el plugin dise\u00f1ado para ayudarle a optimizar la gesti\u00f3n y la supervisi\u00f3n de su flota con un sistema de comunicaci\u00f3n realmente econ\u00f3mico.<\/div>\r\n\t\t<div>&nbsp;<\/div>\r\n\t\t<div class=\"gl_h4big\">Aplicaciones<\/div>\r\n\t\t<div>Cualquier industria que requiera la correcta gesti\u00f3n de su flota: transporte y log\u00edstica, empresas de taxis, de reparto o de mercanc\u00edas, industria de la construcci\u00f3n, servicios p\u00fablicos, como polic\u00eda o bomberos, etc.<\/div>\r\n\t\t\t\r\n\t\t<\/div>\r\n\t\t\r\n\t\t<div class=\"col-md-4\">\r\n\t\t\r\n\t\t<div class=\"gl_h4big\">Caracter\u00edsticas principales<\/div>\r\n\t\t<ul type=\"square\" class=\"gl_space_ul\">\r\n\t\t\t<li class=\"gl_space_li\">Simplifique y mejore la comunicaci\u00f3n con sus conductores<\/li>\r\n\t\t\t<li class=\"gl_space_li\">Mande mensajes de texto y \u00f3rdenes o informaciones \u00fatiles de forma segura y sin malentendidos<\/li>\r\n\t\t\t<li class=\"gl_space_li\">Est\u00e9 siempre informado sobre el estado de cualquier encargo, posici\u00f3n de veh\u00edculos o la hora de llegada a su destino<\/li>\r\n\t\t\t<li class=\"gl_space_li\">Ponga orden en la log\u00edstica para beneficiar a todos: supervisores, conductores y clientes<\/li>\r\n    \t<\/ul>\t\t\r\n\t\t\r\n\t\t<\/div>\r\n\t\t\r\n\t\t<div class=\"col-md-4\">\r\n\t\t\r\n\t\t<div class=\"gl_h4big\">Combinaci\u00f3n de dispositivos<\/div>\r\n\t\t<div>ENAiKOON messenger + i<a href=\"https:\/\/www.enaikoon.com\/es\/software-es\/inviu-pro\/\" title=\"inViu pro\">nViu pro<\/a> + <a href=\"https:\/\/www.enaikoon.com\/es\/dispositivos\/gama-locate\/locate-06\/\" title=\"ENAiKOON locate-06\">ENAiKOON locate-06<\/a> + <a href=\"https:\/\/www.enaikoon.com\/es\/dispositivos\/accesorios\/display\/\" title=\"ENAiKOON display\">ENAiKOON display<\/a> p.ej. Garmin\u00ae n\u00fcvi\u00ae = optimizaci\u00f3n de la agenda de trabajo y la supervisi\u00f3n de su flota, que se traduce en un aumento de la productividad y de los beneficios de su empresa.<\/div>\r\n\t\t<div><a class=\"gl_button_grey\" rel=\"nofollow\" href=\"https:\/\/www.enaikoon.com\/fileadmin\/enaikoon\/Dateien\/pdf\/Datenblatt\/messenger\/spanisch\/ENAiKOON_messenger_hojas_de_datos.pdf\" target=\"_blank\">Descargar PDF<\/a><\/div>\r\n\t\t<div><a class=\"gl_button_yellow\" href=\"https:\/\/www.enaikoon.com\/es\/contacto\/prueba-gratuita\/\">Pida un kit de prueba<\/a><\/div>\r\n\t\t<div><a class=\"gl_button_blue\" href=\"https:\/\/www.enaikoon.com\/es\/contacto\/contacto\/\">cont\u00e1ctenos<\/a><\/div>\r\n\t\t\r\n\t\t<\/div>\r\n\t\t\r\n\t\t<div class=\"gl_row_space\"><\/div>\r\n<\/div>\r\n\r\n<\/div>","protected":false},"excerpt":{"rendered":"<p> [&hellip;]<\/p>\n","protected":false},"author":7,"featured_media":0,"parent":6239,"menu_order":0,"comment_status":"closed","ping_status":"closed","template":"","meta":{"footnotes":""},"acf":[],"_links":{"self":[{"href":"https:\/\/www.enaikoon.com\/es\/wp-json\/wp\/v2\/pages\/6250"}],"collection":[{"href":"https:\/\/www.enaikoon.com\/es\/wp-json\/wp\/v2\/pages"}],"about":[{"href":"https:\/\/www.enaikoon.com\/es\/wp-json\/wp\/v2\/types\/page"}],"author":[{"embeddable":true,"href":"https:\/\/www.enaikoon.com\/es\/wp-json\/wp\/v2\/users\/7"}],"replies":[{"embeddable":true,"href":"https:\/\/www.enaikoon.com\/es\/wp-json\/wp\/v2\/comments?post=6250"}],"version-history":[{"count":5,"href":"https:\/\/www.enaikoon.com\/es\/wp-json\/wp\/v2\/pages\/6250\/revisions"}],"predecessor-version":[{"id":11194,"href":"https:\/\/www.enaikoon.com\/es\/wp-json\/wp\/v2\/pages\/6250\/revisions\/11194"}],"up":[{"embeddable":true,"href":"https:\/\/www.enaikoon.com\/es\/wp-json\/wp\/v2\/pages\/6239"}],"wp:attachment":[{"href":"https:\/\/www.enaikoon.com\/es\/wp-json\/wp\/v2\/media?parent=6250"}],"curies":[{"name":"wp","href":"https:\/\/api.w.org\/{rel}","templated":true}]}}